{"id":8528,"date":"2022-04-01T16:16:42","date_gmt":"2022-04-01T19:16:42","guid":{"rendered":"http:\/\/www.todoriego.com.ar\/site\/?page_id=8528"},"modified":"2024-11-28T16:27:44","modified_gmt":"2024-11-28T19:27:44","slug":"industria","status":"publish","type":"page","link":"https:\/\/www.todoriego.com.ar\/site\/industria\/","title":{"rendered":"INDUSTRIA"},"content":{"rendered":"<section class=\"l-section wpb_row height_custom\"><div class=\"l-section-h i-cf\"><div class=\"g-cols vc_row via_grid cols_1 laptops-cols_inherit tablets-cols_inherit mobiles-cols_1 valign_top type_default stacking_default\"><div class=\"wpb_column vc_column_container\"><div class=\"vc_column-inner\"><h1 class=\"w-post-elm post_title us_custom_6df4bc3a has_text_color align_center entry-title color_link_inherit\">INDUSTRIA<\/h1><\/div><\/div><\/div><\/div><\/section><!-- Row Backgrounds --><div class=\"upb_bg_img\" data-ultimate-bg=\"url(https:\/\/www.todoriego.com.ar\/site\/wp-content\/uploads\/2022\/04\/encabezado_industria.jpg)\" data-image-id=\"id^8527|url^https:\/\/www.todoriego.com.ar\/site\/wp-content\/uploads\/2022\/04\/encabezado_industria.jpg|caption^null|alt^industria valvulas|title^encabezado_industria|description^null\" data-ultimate-bg-style=\"vcpb-default\" data-bg-img-repeat=\"repeat\" data-bg-img-size=\"cover\" data-bg-img-position=\"\" data-parallx_sense=\"30\" data-bg-override=\"0\" data-bg_img_attach=\"scroll\" data-upb-overlay-color=\"\" data-upb-bg-animation=\"\" data-fadeout=\"\" data-bg-animation=\"left-animation\" data-bg-animation-type=\"h\" data-animation-repeat=\"repeat\" data-fadeout-percentage=\"30\" data-parallax-content=\"\" data-parallax-content-sense=\"30\" data-row-effect-mobile-disable=\"true\" data-img-parallax-mobile-disable=\"true\" data-rtl=\"false\"  data-custom-vc-row=\"\"  data-vc=\"8.7.2\"  data-is_old_vc=\"\"  data-theme-support=\"\"   data-overlay=\"false\" data-overlay-color=\"\" data-overlay-pattern=\"\" data-overlay-pattern-opacity=\"\" data-overlay-pattern-size=\"\"    ><\/div><section class=\"l-section wpb_row height_small\"><div class=\"l-section-h i-cf\"><div class=\"g-cols vc_row via_grid cols_2-1 laptops-cols_inherit tablets-cols_inherit mobiles-cols_1 valign_top type_default stacking_default\"><div class=\"wpb_column vc_column_container\"><div class=\"vc_column-inner\"><div class=\"wpb_text_column\"><div class=\"wpb_wrapper\"><p>TODOVALVULAS es la Divisi\u00f3n Industrial de TODORIEGO y cuenta con personal comercial y t\u00e9cnico especializado en tem\u00e1ticas de v\u00e1lvulas para control de fluidos en instalaciones de Agua y Saneamiento, Miner\u00eda e Industria en General.<\/p>\n<p>Nuestro compromiso es aportar experiencia y tecnolog\u00eda para que las obras hidr\u00e1ulicas optimicen a lo largo del tiempo su vida \u00fatil\u00a0con seguridad, permitiendo un desarrollo sustentable y sostenible del segmento y poniendo \u00e9nfasis en la conservaci\u00f3n del recurso h\u00eddrico.<\/p>\n<\/div><\/div><div class=\"w-separator size_small\"><\/div><div class=\"w-image align_none\"><div class=\"w-image-h\"><img decoding=\"async\" width=\"1024\" height=\"768\" src=\"https:\/\/www.todoriego.com.ar\/site\/wp-content\/uploads\/2022\/04\/DSC03252-1024x768.jpg\" class=\"attachment-large size-large\" alt=\"industria\" loading=\"lazy\" srcset=\"https:\/\/www.todoriego.com.ar\/site\/wp-content\/uploads\/2022\/04\/DSC03252-1024x768.jpg 1024w, https:\/\/www.todoriego.com.ar\/site\/wp-content\/uploads\/2022\/04\/DSC03252-600x450.jpg 600w, https:\/\/www.todoriego.com.ar\/site\/wp-content\/uploads\/2022\/04\/DSC03252-300x225.jpg 300w, https:\/\/www.todoriego.com.ar\/site\/wp-content\/uploads\/2022\/04\/DSC03252.jpg 1280w\" sizes=\"auto, (max-width: 1024px) 100vw, 1024px\" \/><\/div><\/div><div class=\"wpb_text_column\"><div class=\"wpb_wrapper\"><h3>Asesoramiento<\/h3>\n<\/div><\/div><div class=\"wpb_text_column\"><div class=\"wpb_wrapper\"><p>Para ello ofrecemos a nuestros clientes la m\u00e1s amplia variedad de productos de calidad superior, con el mejor asesoramiento t\u00e9cnico y comercial. Nuestra labor abarca\u00a0el c\u00e1lculo y dimensionamiento de dispositivos, las recomendaciones de instalaci\u00f3n\u00a0y el start up y servicio post-venta, hasta lograr un funcionamiento eficaz de las aplicaciones a lo largo del tiempo.<\/p>\n<\/div><\/div><\/div><\/div><div class=\"wpb_column vc_column_container\"><div class=\"vc_column-inner\"><div class=\"w-image align_center\"><div class=\"w-image-h\"><img decoding=\"async\" width=\"322\" height=\"247\" src=\"https:\/\/www.todoriego.com.ar\/site\/wp-content\/uploads\/2022\/04\/todoValvulas.jpg\" class=\"attachment-large size-large\" alt=\"todovalvulas\" loading=\"lazy\" srcset=\"https:\/\/www.todoriego.com.ar\/site\/wp-content\/uploads\/2022\/04\/todoValvulas.jpg 322w, https:\/\/www.todoriego.com.ar\/site\/wp-content\/uploads\/2022\/04\/todoValvulas-300x230.jpg 300w\" sizes=\"auto, (max-width: 322px) 100vw, 322px\" \/><\/div><\/div><div class=\"w-btn-wrapper align_center\"><a class=\"w-btn us-btn-style_2\" target=\"_blank\" rel=\"nofollow\" href=\"http:\/\/www.todovalvulas.com.ar\"><span class=\"w-btn-label\">visitar todovalvulas.com.ar<\/span><\/a><\/div><div class=\"w-separator size_small\"><\/div><div class=\"w-image align_none\"><div class=\"w-image-h\"><img decoding=\"async\" width=\"640\" height=\"480\" src=\"https:\/\/www.todoriego.com.ar\/site\/wp-content\/uploads\/2024\/11\/imagenLateral.jpg\" class=\"attachment-large size-large\" alt=\"\" loading=\"lazy\" srcset=\"https:\/\/www.todoriego.com.ar\/site\/wp-content\/uploads\/2024\/11\/imagenLateral.jpg 640w, https:\/\/www.todoriego.com.ar\/site\/wp-content\/uploads\/2024\/11\/imagenLateral-300x225.jpg 300w, https:\/\/www.todoriego.com.ar\/site\/wp-content\/uploads\/2024\/11\/imagenLateral-600x450.jpg 600w\" sizes=\"auto, (max-width: 640px) 100vw, 640px\" \/><\/div><\/div><div class=\"w-separator size_small\"><\/div><div class=\"w-iconbox iconpos_right style_default color_custom align_left no_text\"><div class=\"w-iconbox-meta\"><h4 class=\"w-iconbox-title\">Ver productos<\/h4><\/div><div class=\"w-iconbox-icon\" style=\"font-size:1rem;--icon-color:#7d7b7d;\"><i class=\"fas fa-angle-double-down\"><\/i><\/div><\/div><div class=\"w-separator size_small\"><\/div><nav class=\"w-menu layout_ver style_blocks us_menu_1\" style=\"--main-gap:0.5rem;--main-ver-indent:0.5em;--main-hor-indent:0.5em;--main-bg-color:rgba(0,0,0,0.1);--main-color:inherit;--main-hover-bg-color:#999999;\"><ul id=\"menu-productos-industria\" class=\"menu\"><li id=\"menu-item-8621\" class=\"menu-item menu-item-type-taxonomy menu-item-object-product_cat menu-item-8621\"><a href=\"https:\/\/www.todoriego.com.ar\/site\/categoria-producto\/industrial\/\">Industrial<\/a><\/li><\/ul><style>@media ( max-width:600px ){.us_menu_1 .menu{display:block!important}.us_menu_1 .menu>li{margin:0 0 var(--main-gap,0.5rem)!important}}<\/style><\/nav><\/div><\/div><\/div><\/div><\/section><section class=\"l-section wpb_row height_small\"><div class=\"l-section-overlay\" style=\"background:#e8e8e8\"><\/div><div class=\"l-section-h i-cf\"><div class=\"g-cols vc_row via_grid cols_4-1 laptops-cols_inherit tablets-cols_inherit mobiles-cols_1 valign_top type_default stacking_default\"><div class=\"wpb_column vc_column_container\"><div class=\"vc_column-inner\"><div class=\"w-iconbox iconpos_left style_default color_primary align_right no_text\"><div class=\"w-iconbox-icon\" style=\"font-size:3rem;\"><i class=\"fas fa-user-tie\"><\/i><\/div><div class=\"w-iconbox-meta\"><h4 class=\"w-iconbox-title\">\u00bfQuer\u00e9s conocer m\u00e1s de nuestros productos? \u00bfNecesitas nuestra ayuda?<\/h4><\/div><\/div><\/div><\/div><div class=\"wpb_column vc_column_container\"><div class=\"vc_column-inner\"><div class=\"w-btn-wrapper align_none\"><a class=\"w-btn us-btn-style_1\" title=\"Contacto\" href=\"http:\/\/www.todoriego.com.ar\/site\/contacto\/\"><span class=\"w-btn-label\">CONTACTANOS<\/span><\/a><\/div><\/div><\/div><\/div><\/div><\/section><section class=\"l-section wpb_row height_small\"><div class=\"l-section-h i-cf\"><div class=\"g-cols vc_row via_grid cols_1 laptops-cols_inherit tablets-cols_inherit mobiles-cols_1 valign_top type_default stacking_default\"><div class=\"wpb_column vc_column_container\"><div class=\"vc_column-inner\"><div class=\"wpb_text_column\"><div class=\"wpb_wrapper\"><style id=\"sp_lcp_dynamic_css8072\">div#logo-carousel-free-8072.logo-carousel-free .sp-lc-logo{border: 0px solid #dddddd;border-radius: 0px;overflow: hidden;}div#logo-carousel-free-8072.logo-carousel-free .sp-lc-logo:hover{border-color: #16a08b;}@media only screen and (max-width: 576px) {#logo-carousel-free-8072.sp-lc-container .sp-lc-button-prev,#logo-carousel-free-8072.sp-lc-container .sp-lc-button-next {display: none;}#logo-carousel-free-8072.sp-lc-container .sp-lc-pagination .swiper-pagination-bullet {display: none;}} .logo-carousel-free-area#logo-carousel-free-8072{position: relative;}#lcp-preloader-8072{position: absolute;left: 0;top: 0;height: 100%;width: 100%;text-align: center;display: flex;align-items: center;justify-content: center;background: #fff;z-index: 9999;} .logo-carousel-free-area#logo-carousel-free-8072 .sp-logo-carousel-section-title{margin-bottom: 30px;}#logo-carousel-free-8072 .sp-lc-grid-container { justify-content: left; align-items: center; } #logo-carousel-free-8072 .swiper-wrapper .swiper-slide { align-self: center; }#logo-carousel-free-8072 .sp-lc-grid-container {margin-left: -6px;margin-right: -6px;width: calc( 100% + 12px);}#logo-carousel-free-8072 .sp-lc-grid-container [class*=\"lc-col\"] {padding-left: 6px;padding-right: 6px;padding-bottom: 12px;}@media screen and (min-width: 1200px ){.logo-carousel-free-area#logo-carousel-free-8072 .sp-logo-carousel:not([class*=\"-initialized\"]) > .swiper-wrapper {display: flex;width: calc( 100% + 12px );}.logo-carousel-free-area#logo-carousel-free-8072 .sp-logo-carousel:not([class*=\"-initialized\"]) > .swiper-wrapper > .swiper-slide {width: 20%;padding-right: 12px;}}<\/style>\n<div id='logo-carousel-free-8072' class=\"logo-carousel-free logo-carousel-free-area sp-lc-container\">\n\t\t\t<div id=\"lcp-preloader-8072\" class=\"sp-logo-carousel-preloader\"><img decoding=\"async\" src=\"https:\/\/www.todoriego.com.ar\/site\/wp-content\/plugins\/logo-carousel-free\/admin\/assets\/images\/spinner.svg\" class=\"skip-lazy\" alt=\"Loader Image\"\/><\/div>\n\t\t\t<div id=\"sp-logo-carousel-id-8072\" class=\"swiper-container sp-logo-carousel  lcp-preloader\" dir=\"ltr\" data-carousel='{ \"speed\":600,\"spaceBetween\": 12, \"autoplay\": true, \"infinite\":true, \"autoplay_speed\": 3000, \"stop_onHover\": true, \"pagination\": false, \"navigation\": false, \"MobileNav\": false, \"MobilePagi\": false, \"simulateTouch\": true,\"freeMode\": false,\"swipeToSlide\": false, \"carousel_accessibility\": true,\"adaptiveHeight\": false,\"allowTouchMove\": true, \"slidesPerView\": { \"lg_desktop\": 5, \"desktop\": 4, \"tablet\": 3, \"mobile\": 1, \"mobile_landscape\": 2 } }' data-carousel-starts-onscreen=\"false\">\n\t\t<div class=\"swiper-wrapper\">\n\t\t\t\t<div class=\"swiper-slide\"><div class=\"sp-lc-logo\"><img loading=\"lazy\" decoding=\"async\" src=\"https:\/\/www.todoriego.com.ar\/site\/wp-content\/uploads\/2022\/03\/logo_rainbird.png\" title=\"\" alt=\"Rain Bird\" width=\"165\" height=\"80\" class=\"sp-lc-image\"><\/div><\/div>\n\t\t<div class=\"swiper-slide\"><div class=\"sp-lc-logo\"><img loading=\"lazy\" decoding=\"async\" src=\"https:\/\/www.todoriego.com.ar\/site\/wp-content\/uploads\/2022\/03\/logo_odis.png\" title=\"\" alt=\"Odis\" width=\"165\" height=\"80\" class=\"sp-lc-image\"><\/div><\/div>\n\t\t<div class=\"swiper-slide\"><div class=\"sp-lc-logo\"><img loading=\"lazy\" decoding=\"async\" src=\"https:\/\/www.todoriego.com.ar\/site\/wp-content\/uploads\/2022\/03\/logo_bermad.png\" title=\"\" alt=\"Bermad\" width=\"165\" height=\"80\" class=\"sp-lc-image\"><\/div><\/div>\n\t\t<div class=\"swiper-slide\"><div class=\"sp-lc-logo\"><img loading=\"lazy\" decoding=\"async\" src=\"https:\/\/www.todoriego.com.ar\/site\/wp-content\/uploads\/2022\/03\/logo_sime.png\" title=\"\" alt=\"Sime\" width=\"165\" height=\"80\" class=\"sp-lc-image\"><\/div><\/div>\n\t\t<div class=\"swiper-slide\"><div class=\"sp-lc-logo\"><img loading=\"lazy\" decoding=\"async\" src=\"https:\/\/www.todoriego.com.ar\/site\/wp-content\/uploads\/2022\/03\/logo_vyrsa.png\" title=\"\" alt=\"Vyrsa\" width=\"165\" height=\"80\" class=\"sp-lc-image\"><\/div><\/div>\n\t\t<div class=\"swiper-slide\"><div class=\"sp-lc-logo\"><img loading=\"lazy\" decoding=\"async\" src=\"https:\/\/www.todoriego.com.ar\/site\/wp-content\/uploads\/2022\/03\/logo_codital-france.png\" title=\"\" alt=\"Codital France\" width=\"165\" height=\"80\" class=\"sp-lc-image\"><\/div><\/div>\n\t\t<div class=\"swiper-slide\"><div class=\"sp-lc-logo\"><img loading=\"lazy\" decoding=\"async\" src=\"https:\/\/www.todoriego.com.ar\/site\/wp-content\/uploads\/2022\/03\/logo_hidroten.png\" title=\"\" alt=\"Hidroten\" width=\"165\" height=\"80\" class=\"sp-lc-image\"><\/div><\/div>\n\t\t<div class=\"swiper-slide\"><div class=\"sp-lc-logo\"><img loading=\"lazy\" decoding=\"async\" src=\"https:\/\/www.todoriego.com.ar\/site\/wp-content\/uploads\/2022\/03\/logo_irritec.png\" title=\"\" alt=\"Irritec\" width=\"165\" height=\"80\" class=\"sp-lc-image\"><\/div><\/div>\n\t\t<div class=\"swiper-slide\"><div class=\"sp-lc-logo\"><img loading=\"lazy\" decoding=\"async\" src=\"https:\/\/www.todoriego.com.ar\/site\/wp-content\/uploads\/2022\/03\/logo_amiad.png\" title=\"\" alt=\"Amiad\" width=\"165\" height=\"80\" class=\"sp-lc-image\"><\/div><\/div>\n\t\t<div class=\"swiper-slide\"><div class=\"sp-lc-logo\"><img loading=\"lazy\" decoding=\"async\" src=\"https:\/\/www.todoriego.com.ar\/site\/wp-content\/uploads\/2022\/03\/logo_era.png\" title=\"\" alt=\"Era\" width=\"165\" height=\"80\" class=\"sp-lc-image\"><\/div><\/div>\n\t\t<div class=\"swiper-slide\"><div class=\"sp-lc-logo\"><img loading=\"lazy\" decoding=\"async\" src=\"https:\/\/www.todoriego.com.ar\/site\/wp-content\/uploads\/2022\/03\/logo_arkal.png\" title=\"\" alt=\"Arkal\" width=\"165\" height=\"80\" class=\"sp-lc-image\"><\/div><\/div>\n\t\t<div class=\"swiper-slide\"><div class=\"sp-lc-logo\"><img loading=\"lazy\" decoding=\"async\" src=\"https:\/\/www.todoriego.com.ar\/site\/wp-content\/uploads\/2022\/03\/logo_tefen.png\" title=\"\" alt=\"Tefen\" width=\"165\" height=\"80\" class=\"sp-lc-image\"><\/div><\/div>\n\t\t<div class=\"swiper-slide\"><div class=\"sp-lc-logo\"><img loading=\"lazy\" decoding=\"async\" src=\"https:\/\/www.todoriego.com.ar\/site\/wp-content\/uploads\/2022\/10\/logo_krebs.png\" title=\"\" alt=\"Krebs\" width=\"165\" height=\"80\" class=\"sp-lc-image\"><\/div><\/div>\n\t\t<div class=\"swiper-slide\"><div class=\"sp-lc-logo\"><img loading=\"lazy\" decoding=\"async\" src=\"https:\/\/www.todoriego.com.ar\/site\/wp-content\/uploads\/2025\/05\/logo_pmGroup.png\" title=\"\" alt=\"PM Group\" width=\"165\" height=\"80\" class=\"sp-lc-image\"><\/div><\/div>\n\t\t\t<\/div>\n\n\t\t\t<\/div>\n<\/div>\n\n<\/div><\/div><\/div><\/div><\/div><\/div><\/section>\n","protected":false},"excerpt":{"rendered":"","protected":false},"author":2,"featured_media":0,"parent":0,"menu_order":0,"comment_status":"closed","ping_status":"closed","template":"","meta":{"_acf_changed":false,"footnotes":""},"class_list":["post-8528","page","type-page","status-publish","hentry"],"acf":[],"yoast_head":"<!-- This site is optimized with the Yoast SEO plugin v27.4 - https:\/\/yoast.com\/product\/yoast-seo-wordpress\/ -->\n<title>INDUSTRIA - Todoriego Insumos SRL<\/title>\n<meta name=\"description\" content=\"La Divisi\u00f3n Industrial cuenta con personal especializado en v\u00e1lvulas para control de flu\u00eddos en instalaciones de Agua y Saneamiento, Miner\u00eda e Industria.\" \/>\n<meta name=\"robots\" content=\"index, follow, max-snippet:-1, max-image-preview:large, max-video-preview:-1\" \/>\n<link rel=\"canonical\" href=\"https:\/\/www.todoriego.com.ar\/site\/industria\/\" \/>\n<meta property=\"og:locale\" content=\"es_ES\" \/>\n<meta property=\"og:type\" content=\"article\" \/>\n<meta property=\"og:title\" content=\"INDUSTRIA - Todoriego Insumos SRL\" \/>\n<meta property=\"og:description\" content=\"La Divisi\u00f3n Industrial cuenta con personal especializado en v\u00e1lvulas para control de flu\u00eddos en instalaciones de Agua y Saneamiento, Miner\u00eda e Industria.\" \/>\n<meta property=\"og:url\" content=\"https:\/\/www.todoriego.com.ar\/site\/industria\/\" \/>\n<meta property=\"og:site_name\" content=\"Todoriego Insumos SRL\" \/>\n<meta property=\"article:publisher\" content=\"https:\/\/www.facebook.com\/todoriegoinsumos\/\" \/>\n<meta property=\"article:modified_time\" content=\"2024-11-28T19:27:44+00:00\" \/>\n<meta name=\"twitter:card\" content=\"summary_large_image\" \/>\n<meta name=\"twitter:label1\" content=\"Tiempo de lectura\" \/>\n\t<meta name=\"twitter:data1\" content=\"1 minuto\" \/>\n<script type=\"application\/ld+json\" class=\"yoast-schema-graph\">{\"@context\":\"https:\\\/\\\/schema.org\",\"@graph\":[{\"@type\":\"WebPage\",\"@id\":\"https:\\\/\\\/www.todoriego.com.ar\\\/site\\\/industria\\\/\",\"url\":\"https:\\\/\\\/www.todoriego.com.ar\\\/site\\\/industria\\\/\",\"name\":\"INDUSTRIA - Todoriego Insumos SRL\",\"isPartOf\":{\"@id\":\"https:\\\/\\\/www.todoriego.com.ar\\\/site\\\/#website\"},\"datePublished\":\"2022-04-01T19:16:42+00:00\",\"dateModified\":\"2024-11-28T19:27:44+00:00\",\"description\":\"La Divisi\u00f3n Industrial cuenta con personal especializado en v\u00e1lvulas para control de flu\u00eddos en instalaciones de Agua y Saneamiento, Miner\u00eda e Industria.\",\"breadcrumb\":{\"@id\":\"https:\\\/\\\/www.todoriego.com.ar\\\/site\\\/industria\\\/#breadcrumb\"},\"inLanguage\":\"es-AR\",\"potentialAction\":[{\"@type\":\"ReadAction\",\"target\":[\"https:\\\/\\\/www.todoriego.com.ar\\\/site\\\/industria\\\/\"]}]},{\"@type\":\"BreadcrumbList\",\"@id\":\"https:\\\/\\\/www.todoriego.com.ar\\\/site\\\/industria\\\/#breadcrumb\",\"itemListElement\":[{\"@type\":\"ListItem\",\"position\":1,\"name\":\"Inicio\",\"item\":\"https:\\\/\\\/www.todoriego.com.ar\\\/site\\\/\"},{\"@type\":\"ListItem\",\"position\":2,\"name\":\"INDUSTRIA\"}]},{\"@type\":\"WebSite\",\"@id\":\"https:\\\/\\\/www.todoriego.com.ar\\\/site\\\/#website\",\"url\":\"https:\\\/\\\/www.todoriego.com.ar\\\/site\\\/\",\"name\":\"Todoriego Insumos SRL\",\"description\":\"Sabemos hacer riego\",\"publisher\":{\"@id\":\"https:\\\/\\\/www.todoriego.com.ar\\\/site\\\/#organization\"},\"potentialAction\":[{\"@type\":\"SearchAction\",\"target\":{\"@type\":\"EntryPoint\",\"urlTemplate\":\"https:\\\/\\\/www.todoriego.com.ar\\\/site\\\/?s={search_term_string}\"},\"query-input\":{\"@type\":\"PropertyValueSpecification\",\"valueRequired\":true,\"valueName\":\"search_term_string\"}}],\"inLanguage\":\"es-AR\"},{\"@type\":\"Organization\",\"@id\":\"https:\\\/\\\/www.todoriego.com.ar\\\/site\\\/#organization\",\"name\":\"Todoriego Insumos s.r.l.\",\"url\":\"https:\\\/\\\/www.todoriego.com.ar\\\/site\\\/\",\"logo\":{\"@type\":\"ImageObject\",\"inLanguage\":\"es-AR\",\"@id\":\"https:\\\/\\\/www.todoriego.com.ar\\\/site\\\/#\\\/schema\\\/logo\\\/image\\\/\",\"url\":\"http:\\\/\\\/www.todoriego.com.ar\\\/site\\\/wp-content\\\/uploads\\\/2022\\\/07\\\/todoriego_marca.jpg\",\"contentUrl\":\"http:\\\/\\\/www.todoriego.com.ar\\\/site\\\/wp-content\\\/uploads\\\/2022\\\/07\\\/todoriego_marca.jpg\",\"width\":731,\"height\":731,\"caption\":\"Todoriego Insumos s.r.l.\"},\"image\":{\"@id\":\"https:\\\/\\\/www.todoriego.com.ar\\\/site\\\/#\\\/schema\\\/logo\\\/image\\\/\"},\"sameAs\":[\"https:\\\/\\\/www.facebook.com\\\/todoriegoinsumos\\\/\",\"https:\\\/\\\/www.instagram.com\\\/todoriegoinsumos\\\/\"]}]}<\/script>\n<!-- \/ Yoast SEO plugin. -->","yoast_head_json":{"title":"INDUSTRIA - Todoriego Insumos SRL","description":"La Divisi\u00f3n Industrial cuenta con personal especializado en v\u00e1lvulas para control de flu\u00eddos en instalaciones de Agua y Saneamiento, Miner\u00eda e Industria.","robots":{"index":"index","follow":"follow","max-snippet":"max-snippet:-1","max-image-preview":"max-image-preview:large","max-video-preview":"max-video-preview:-1"},"canonical":"https:\/\/www.todoriego.com.ar\/site\/industria\/","og_locale":"es_ES","og_type":"article","og_title":"INDUSTRIA - Todoriego Insumos SRL","og_description":"La Divisi\u00f3n Industrial cuenta con personal especializado en v\u00e1lvulas para control de flu\u00eddos en instalaciones de Agua y Saneamiento, Miner\u00eda e Industria.","og_url":"https:\/\/www.todoriego.com.ar\/site\/industria\/","og_site_name":"Todoriego Insumos SRL","article_publisher":"https:\/\/www.facebook.com\/todoriegoinsumos\/","article_modified_time":"2024-11-28T19:27:44+00:00","twitter_card":"summary_large_image","twitter_misc":{"Tiempo de lectura":"1 minuto"},"schema":{"@context":"https:\/\/schema.org","@graph":[{"@type":"WebPage","@id":"https:\/\/www.todoriego.com.ar\/site\/industria\/","url":"https:\/\/www.todoriego.com.ar\/site\/industria\/","name":"INDUSTRIA - Todoriego Insumos SRL","isPartOf":{"@id":"https:\/\/www.todoriego.com.ar\/site\/#website"},"datePublished":"2022-04-01T19:16:42+00:00","dateModified":"2024-11-28T19:27:44+00:00","description":"La Divisi\u00f3n Industrial cuenta con personal especializado en v\u00e1lvulas para control de flu\u00eddos en instalaciones de Agua y Saneamiento, Miner\u00eda e Industria.","breadcrumb":{"@id":"https:\/\/www.todoriego.com.ar\/site\/industria\/#breadcrumb"},"inLanguage":"es-AR","potentialAction":[{"@type":"ReadAction","target":["https:\/\/www.todoriego.com.ar\/site\/industria\/"]}]},{"@type":"BreadcrumbList","@id":"https:\/\/www.todoriego.com.ar\/site\/industria\/#breadcrumb","itemListElement":[{"@type":"ListItem","position":1,"name":"Inicio","item":"https:\/\/www.todoriego.com.ar\/site\/"},{"@type":"ListItem","position":2,"name":"INDUSTRIA"}]},{"@type":"WebSite","@id":"https:\/\/www.todoriego.com.ar\/site\/#website","url":"https:\/\/www.todoriego.com.ar\/site\/","name":"Todoriego Insumos SRL","description":"Sabemos hacer riego","publisher":{"@id":"https:\/\/www.todoriego.com.ar\/site\/#organization"},"potentialAction":[{"@type":"SearchAction","target":{"@type":"EntryPoint","urlTemplate":"https:\/\/www.todoriego.com.ar\/site\/?s={search_term_string}"},"query-input":{"@type":"PropertyValueSpecification","valueRequired":true,"valueName":"search_term_string"}}],"inLanguage":"es-AR"},{"@type":"Organization","@id":"https:\/\/www.todoriego.com.ar\/site\/#organization","name":"Todoriego Insumos s.r.l.","url":"https:\/\/www.todoriego.com.ar\/site\/","logo":{"@type":"ImageObject","inLanguage":"es-AR","@id":"https:\/\/www.todoriego.com.ar\/site\/#\/schema\/logo\/image\/","url":"http:\/\/www.todoriego.com.ar\/site\/wp-content\/uploads\/2022\/07\/todoriego_marca.jpg","contentUrl":"http:\/\/www.todoriego.com.ar\/site\/wp-content\/uploads\/2022\/07\/todoriego_marca.jpg","width":731,"height":731,"caption":"Todoriego Insumos s.r.l."},"image":{"@id":"https:\/\/www.todoriego.com.ar\/site\/#\/schema\/logo\/image\/"},"sameAs":["https:\/\/www.facebook.com\/todoriegoinsumos\/","https:\/\/www.instagram.com\/todoriegoinsumos\/"]}]}},"_links":{"self":[{"href":"https:\/\/www.todoriego.com.ar\/site\/wp-json\/wp\/v2\/pages\/8528","targetHints":{"allow":["GET"]}}],"collection":[{"href":"https:\/\/www.todoriego.com.ar\/site\/wp-json\/wp\/v2\/pages"}],"about":[{"href":"https:\/\/www.todoriego.com.ar\/site\/wp-json\/wp\/v2\/types\/page"}],"author":[{"embeddable":true,"href":"https:\/\/www.todoriego.com.ar\/site\/wp-json\/wp\/v2\/users\/2"}],"replies":[{"embeddable":true,"href":"https:\/\/www.todoriego.com.ar\/site\/wp-json\/wp\/v2\/comments?post=8528"}],"version-history":[{"count":11,"href":"https:\/\/www.todoriego.com.ar\/site\/wp-json\/wp\/v2\/pages\/8528\/revisions"}],"predecessor-version":[{"id":10236,"href":"https:\/\/www.todoriego.com.ar\/site\/wp-json\/wp\/v2\/pages\/8528\/revisions\/10236"}],"wp:attachment":[{"href":"https:\/\/www.todoriego.com.ar\/site\/wp-json\/wp\/v2\/media?parent=8528"}],"curies":[{"name":"wp","href":"https:\/\/api.w.org\/{rel}","templated":true}]}}