{"id":10047,"date":"2024-05-22T12:30:55","date_gmt":"2024-05-22T15:30:55","guid":{"rendered":"https:\/\/www.todoriego.com.ar\/site\/?post_type=product&#038;p=10047"},"modified":"2024-05-28T15:53:28","modified_gmt":"2024-05-28T18:53:28","slug":"controlador-inteligente-rc2","status":"publish","type":"product","link":"https:\/\/www.todoriego.com.ar\/site\/producto\/controlador-inteligente-rc2\/","title":{"rendered":"Controlador Inteligente RC2"},"content":{"rendered":"<section class=\"l-section wpb_row height_custom\"><div class=\"l-section-h i-cf\"><div class=\"g-cols vc_row via_grid cols_1 laptops-cols_inherit tablets-cols_inherit mobiles-cols_1 valign_top type_default stacking_default\"><div class=\"wpb_column vc_column_container\"><div class=\"vc_column-inner\"><div class=\"wpb_text_column\"><div class=\"wpb_wrapper\"><p>NUEVA tecnolog\u00eda <strong>Quick Pair<\/strong> para una configuraci\u00f3n m\u00e1s sencilla.<br \/>\nAcceso wifi para alertas en tiempo real y ajustes meteorol\u00f3gicos autom\u00e1ticos capaces de ahorrar agua y dinero.<br \/>\nAcceso al programador a trav\u00e9s de la aplicaci\u00f3n m\u00f3vil de Rain Bird con o sin wifi.<\/p>\n<p><strong>Caracter\u00edsticas<\/strong><\/p>\n<p>Instalaci\u00f3n del sistema sin preocupaciones<br \/>\n\u2022 Plantillas de programaci\u00f3n para una configuraci\u00f3n m\u00e1s sencilla<br \/>\n\u2022 Tecnolog\u00eda Quick Pair<br \/>\n\u2022 Punto de acceso inal\u00e1mbrico para un acceso completo al sistema sin wifi<br \/>\n\u2022 Multiling\u00fce para poder configurarlo en la lengua materna<\/p>\n<p><strong>Gesti\u00f3n y control remotos sin fisuras<\/strong><br \/>\n\u2022 Conectado por wifi para la gesti\u00f3n remota de sitios.<br \/>\n\u2022 Con nuestra aplicaci\u00f3n profesional gratuita puede utilizar su tel\u00e9fono como un mando a distancia para regar una sola zona, todas las zonas o establecer un programa personalizado.<br \/>\n\u2022 Gestione y supervise todos los eventos y avisos de riego en tiempo real.<\/p>\n<p><strong>Inteligente y responsable<\/strong><br \/>\n\u2022 <em>Meteorolog\u00eda<\/em>: los datos de las fuentes meteorol\u00f3gicas locales ajustan autom\u00e1ticamente los tiempos de funcionamiento del sistema diariamente. Su jard\u00edn recibe solo el agua que necesita mientras se ahorra hasta un 50 % de agua.<br \/>\n\u2022 Con certificaci\u00f3n <em>WaterSense<\/em> de capacidad de programaci\u00f3n superior dise\u00f1ada para ajustarse a las restricciones de agua m\u00e1s estrictas.<\/p>\n<\/div><\/div><\/div><\/div><\/div><\/div><\/section>\n","protected":false},"excerpt":{"rendered":"<p><img loading=\"lazy\" decoding=\"async\" class=\"alignnone size-full wp-image-8741\" src=\"https:\/\/www.todoriego.com.ar\/site\/wp-content\/uploads\/2022\/07\/rainbird.png\" alt=\"\" width=\"103\" height=\"50\" \/><br \/>\nLa soluci\u00f3n completa de control inteligente. NUEVA tecnolog\u00eda <strong>Quick Pair<\/strong> para una configuraci\u00f3n m\u00e1s sencilla.<br \/>\nCon la NUEVA soluci\u00f3n de <strong>control de riego inteligente RC2<\/strong> de <em>Rain Bird<\/em> podr\u00e1 gestionar su sistema con confianza desde cualquier lugar.<\/p>\n","protected":false},"featured_media":10048,"template":"","meta":{"_acf_changed":false},"product_brand":[],"product_cat":[39,110],"product_tag":[],"class_list":{"0":"post-10047","1":"product","2":"type-product","3":"status-publish","4":"has-post-thumbnail","6":"product_cat-espacios-verdes","7":"product_cat-controladores","9":"first","10":"instock","11":"featured","12":"shipping-taxable","13":"product-type-simple"},"acf":[],"yoast_head":"<!-- This site is optimized with the Yoast SEO plugin v27.4 - https:\/\/yoast.com\/product\/yoast-seo-wordpress\/ -->\n<title>Controlador Inteligente RC2 - Todoriego Insumos SRL<\/title>\n<meta name=\"description\" content=\"La soluci\u00f3n completa de control inteligente. NUEVA tecnolog\u00eda Quick Pair para una configuraci\u00f3n m\u00e1s sencilla. Con la NUEVA soluci\u00f3n de control de riego inteligente RC2 de Rain Bird podr\u00e1 gestionar su sistema con confianza desde cualquier lugar.\" \/>\n<meta name=\"robots\" content=\"index, follow, max-snippet:-1, max-image-preview:large, max-video-preview:-1\" \/>\n<link rel=\"canonical\" href=\"https:\/\/www.todoriego.com.ar\/site\/producto\/controlador-inteligente-rc2\/\" \/>\n<meta property=\"og:locale\" content=\"es_ES\" \/>\n<meta property=\"og:type\" content=\"article\" \/>\n<meta property=\"og:title\" content=\"Controlador Inteligente RC2 - Todoriego Insumos SRL\" \/>\n<meta property=\"og:description\" content=\"La soluci\u00f3n completa de control inteligente. NUEVA tecnolog\u00eda Quick Pair para una configuraci\u00f3n m\u00e1s sencilla. Con la NUEVA soluci\u00f3n de control de riego inteligente RC2 de Rain Bird podr\u00e1 gestionar su sistema con confianza desde cualquier lugar.\" \/>\n<meta property=\"og:url\" content=\"https:\/\/www.todoriego.com.ar\/site\/producto\/controlador-inteligente-rc2\/\" \/>\n<meta property=\"og:site_name\" content=\"Todoriego Insumos SRL\" \/>\n<meta property=\"article:publisher\" content=\"https:\/\/www.facebook.com\/todoriegoinsumos\/\" \/>\n<meta property=\"article:modified_time\" content=\"2024-05-28T18:53:28+00:00\" \/>\n<meta property=\"og:image\" content=\"https:\/\/www.todoriego.com.ar\/site\/wp-content\/uploads\/2024\/05\/RainBird_controlador_RC2.jpg\" \/>\n\t<meta property=\"og:image:width\" content=\"600\" \/>\n\t<meta property=\"og:image:height\" content=\"600\" \/>\n\t<meta property=\"og:image:type\" content=\"image\/jpeg\" \/>\n<meta name=\"twitter:card\" content=\"summary_large_image\" \/>\n<meta name=\"twitter:label1\" content=\"Tiempo de lectura\" \/>\n\t<meta name=\"twitter:data1\" content=\"2 minutos\" \/>\n<script type=\"application\/ld+json\" class=\"yoast-schema-graph\">{\"@context\":\"https:\\\/\\\/schema.org\",\"@graph\":[{\"@type\":\"WebPage\",\"@id\":\"https:\\\/\\\/www.todoriego.com.ar\\\/site\\\/producto\\\/controlador-inteligente-rc2\\\/\",\"url\":\"https:\\\/\\\/www.todoriego.com.ar\\\/site\\\/producto\\\/controlador-inteligente-rc2\\\/\",\"name\":\"Controlador Inteligente RC2 - Todoriego Insumos SRL\",\"isPartOf\":{\"@id\":\"https:\\\/\\\/www.todoriego.com.ar\\\/site\\\/#website\"},\"primaryImageOfPage\":{\"@id\":\"https:\\\/\\\/www.todoriego.com.ar\\\/site\\\/producto\\\/controlador-inteligente-rc2\\\/#primaryimage\"},\"image\":{\"@id\":\"https:\\\/\\\/www.todoriego.com.ar\\\/site\\\/producto\\\/controlador-inteligente-rc2\\\/#primaryimage\"},\"thumbnailUrl\":\"https:\\\/\\\/www.todoriego.com.ar\\\/site\\\/wp-content\\\/uploads\\\/2024\\\/05\\\/RainBird_controlador_RC2.jpg\",\"datePublished\":\"2024-05-22T15:30:55+00:00\",\"dateModified\":\"2024-05-28T18:53:28+00:00\",\"description\":\"La soluci\u00f3n completa de control inteligente. NUEVA tecnolog\u00eda Quick Pair para una configuraci\u00f3n m\u00e1s sencilla. Con la NUEVA soluci\u00f3n de control de riego inteligente RC2 de Rain Bird podr\u00e1 gestionar su sistema con confianza desde cualquier lugar.\",\"breadcrumb\":{\"@id\":\"https:\\\/\\\/www.todoriego.com.ar\\\/site\\\/producto\\\/controlador-inteligente-rc2\\\/#breadcrumb\"},\"inLanguage\":\"es-AR\",\"potentialAction\":[{\"@type\":\"ReadAction\",\"target\":[\"https:\\\/\\\/www.todoriego.com.ar\\\/site\\\/producto\\\/controlador-inteligente-rc2\\\/\"]}]},{\"@type\":\"ImageObject\",\"inLanguage\":\"es-AR\",\"@id\":\"https:\\\/\\\/www.todoriego.com.ar\\\/site\\\/producto\\\/controlador-inteligente-rc2\\\/#primaryimage\",\"url\":\"https:\\\/\\\/www.todoriego.com.ar\\\/site\\\/wp-content\\\/uploads\\\/2024\\\/05\\\/RainBird_controlador_RC2.jpg\",\"contentUrl\":\"https:\\\/\\\/www.todoriego.com.ar\\\/site\\\/wp-content\\\/uploads\\\/2024\\\/05\\\/RainBird_controlador_RC2.jpg\",\"width\":600,\"height\":600},{\"@type\":\"BreadcrumbList\",\"@id\":\"https:\\\/\\\/www.todoriego.com.ar\\\/site\\\/producto\\\/controlador-inteligente-rc2\\\/#breadcrumb\",\"itemListElement\":[{\"@type\":\"ListItem\",\"position\":1,\"name\":\"Inicio\",\"item\":\"https:\\\/\\\/www.todoriego.com.ar\\\/site\\\/\"},{\"@type\":\"ListItem\",\"position\":2,\"name\":\"Tienda\",\"item\":\"https:\\\/\\\/www.todoriego.com.ar\\\/site\\\/tienda\\\/\"},{\"@type\":\"ListItem\",\"position\":3,\"name\":\"Controlador Inteligente RC2\"}]},{\"@type\":\"WebSite\",\"@id\":\"https:\\\/\\\/www.todoriego.com.ar\\\/site\\\/#website\",\"url\":\"https:\\\/\\\/www.todoriego.com.ar\\\/site\\\/\",\"name\":\"Todoriego Insumos SRL\",\"description\":\"Sabemos hacer riego\",\"publisher\":{\"@id\":\"https:\\\/\\\/www.todoriego.com.ar\\\/site\\\/#organization\"},\"potentialAction\":[{\"@type\":\"SearchAction\",\"target\":{\"@type\":\"EntryPoint\",\"urlTemplate\":\"https:\\\/\\\/www.todoriego.com.ar\\\/site\\\/?s={search_term_string}\"},\"query-input\":{\"@type\":\"PropertyValueSpecification\",\"valueRequired\":true,\"valueName\":\"search_term_string\"}}],\"inLanguage\":\"es-AR\"},{\"@type\":\"Organization\",\"@id\":\"https:\\\/\\\/www.todoriego.com.ar\\\/site\\\/#organization\",\"name\":\"Todoriego Insumos s.r.l.\",\"url\":\"https:\\\/\\\/www.todoriego.com.ar\\\/site\\\/\",\"logo\":{\"@type\":\"ImageObject\",\"inLanguage\":\"es-AR\",\"@id\":\"https:\\\/\\\/www.todoriego.com.ar\\\/site\\\/#\\\/schema\\\/logo\\\/image\\\/\",\"url\":\"http:\\\/\\\/www.todoriego.com.ar\\\/site\\\/wp-content\\\/uploads\\\/2022\\\/07\\\/todoriego_marca.jpg\",\"contentUrl\":\"http:\\\/\\\/www.todoriego.com.ar\\\/site\\\/wp-content\\\/uploads\\\/2022\\\/07\\\/todoriego_marca.jpg\",\"width\":731,\"height\":731,\"caption\":\"Todoriego Insumos s.r.l.\"},\"image\":{\"@id\":\"https:\\\/\\\/www.todoriego.com.ar\\\/site\\\/#\\\/schema\\\/logo\\\/image\\\/\"},\"sameAs\":[\"https:\\\/\\\/www.facebook.com\\\/todoriegoinsumos\\\/\",\"https:\\\/\\\/www.instagram.com\\\/todoriegoinsumos\\\/\"]}]}<\/script>\n<!-- \/ Yoast SEO plugin. -->","yoast_head_json":{"title":"Controlador Inteligente RC2 - Todoriego Insumos SRL","description":"La soluci\u00f3n completa de control inteligente. NUEVA tecnolog\u00eda Quick Pair para una configuraci\u00f3n m\u00e1s sencilla. Con la NUEVA soluci\u00f3n de control de riego inteligente RC2 de Rain Bird podr\u00e1 gestionar su sistema con confianza desde cualquier lugar.","robots":{"index":"index","follow":"follow","max-snippet":"max-snippet:-1","max-image-preview":"max-image-preview:large","max-video-preview":"max-video-preview:-1"},"canonical":"https:\/\/www.todoriego.com.ar\/site\/producto\/controlador-inteligente-rc2\/","og_locale":"es_ES","og_type":"article","og_title":"Controlador Inteligente RC2 - Todoriego Insumos SRL","og_description":"La soluci\u00f3n completa de control inteligente. NUEVA tecnolog\u00eda Quick Pair para una configuraci\u00f3n m\u00e1s sencilla. Con la NUEVA soluci\u00f3n de control de riego inteligente RC2 de Rain Bird podr\u00e1 gestionar su sistema con confianza desde cualquier lugar.","og_url":"https:\/\/www.todoriego.com.ar\/site\/producto\/controlador-inteligente-rc2\/","og_site_name":"Todoriego Insumos SRL","article_publisher":"https:\/\/www.facebook.com\/todoriegoinsumos\/","article_modified_time":"2024-05-28T18:53:28+00:00","og_image":[{"width":600,"height":600,"url":"https:\/\/www.todoriego.com.ar\/site\/wp-content\/uploads\/2024\/05\/RainBird_controlador_RC2.jpg","type":"image\/jpeg"}],"twitter_card":"summary_large_image","twitter_misc":{"Tiempo de lectura":"2 minutos"},"schema":{"@context":"https:\/\/schema.org","@graph":[{"@type":"WebPage","@id":"https:\/\/www.todoriego.com.ar\/site\/producto\/controlador-inteligente-rc2\/","url":"https:\/\/www.todoriego.com.ar\/site\/producto\/controlador-inteligente-rc2\/","name":"Controlador Inteligente RC2 - Todoriego Insumos SRL","isPartOf":{"@id":"https:\/\/www.todoriego.com.ar\/site\/#website"},"primaryImageOfPage":{"@id":"https:\/\/www.todoriego.com.ar\/site\/producto\/controlador-inteligente-rc2\/#primaryimage"},"image":{"@id":"https:\/\/www.todoriego.com.ar\/site\/producto\/controlador-inteligente-rc2\/#primaryimage"},"thumbnailUrl":"https:\/\/www.todoriego.com.ar\/site\/wp-content\/uploads\/2024\/05\/RainBird_controlador_RC2.jpg","datePublished":"2024-05-22T15:30:55+00:00","dateModified":"2024-05-28T18:53:28+00:00","description":"La soluci\u00f3n completa de control inteligente. NUEVA tecnolog\u00eda Quick Pair para una configuraci\u00f3n m\u00e1s sencilla. Con la NUEVA soluci\u00f3n de control de riego inteligente RC2 de Rain Bird podr\u00e1 gestionar su sistema con confianza desde cualquier lugar.","breadcrumb":{"@id":"https:\/\/www.todoriego.com.ar\/site\/producto\/controlador-inteligente-rc2\/#breadcrumb"},"inLanguage":"es-AR","potentialAction":[{"@type":"ReadAction","target":["https:\/\/www.todoriego.com.ar\/site\/producto\/controlador-inteligente-rc2\/"]}]},{"@type":"ImageObject","inLanguage":"es-AR","@id":"https:\/\/www.todoriego.com.ar\/site\/producto\/controlador-inteligente-rc2\/#primaryimage","url":"https:\/\/www.todoriego.com.ar\/site\/wp-content\/uploads\/2024\/05\/RainBird_controlador_RC2.jpg","contentUrl":"https:\/\/www.todoriego.com.ar\/site\/wp-content\/uploads\/2024\/05\/RainBird_controlador_RC2.jpg","width":600,"height":600},{"@type":"BreadcrumbList","@id":"https:\/\/www.todoriego.com.ar\/site\/producto\/controlador-inteligente-rc2\/#breadcrumb","itemListElement":[{"@type":"ListItem","position":1,"name":"Inicio","item":"https:\/\/www.todoriego.com.ar\/site\/"},{"@type":"ListItem","position":2,"name":"Tienda","item":"https:\/\/www.todoriego.com.ar\/site\/tienda\/"},{"@type":"ListItem","position":3,"name":"Controlador Inteligente RC2"}]},{"@type":"WebSite","@id":"https:\/\/www.todoriego.com.ar\/site\/#website","url":"https:\/\/www.todoriego.com.ar\/site\/","name":"Todoriego Insumos SRL","description":"Sabemos hacer riego","publisher":{"@id":"https:\/\/www.todoriego.com.ar\/site\/#organization"},"potentialAction":[{"@type":"SearchAction","target":{"@type":"EntryPoint","urlTemplate":"https:\/\/www.todoriego.com.ar\/site\/?s={search_term_string}"},"query-input":{"@type":"PropertyValueSpecification","valueRequired":true,"valueName":"search_term_string"}}],"inLanguage":"es-AR"},{"@type":"Organization","@id":"https:\/\/www.todoriego.com.ar\/site\/#organization","name":"Todoriego Insumos s.r.l.","url":"https:\/\/www.todoriego.com.ar\/site\/","logo":{"@type":"ImageObject","inLanguage":"es-AR","@id":"https:\/\/www.todoriego.com.ar\/site\/#\/schema\/logo\/image\/","url":"http:\/\/www.todoriego.com.ar\/site\/wp-content\/uploads\/2022\/07\/todoriego_marca.jpg","contentUrl":"http:\/\/www.todoriego.com.ar\/site\/wp-content\/uploads\/2022\/07\/todoriego_marca.jpg","width":731,"height":731,"caption":"Todoriego Insumos s.r.l."},"image":{"@id":"https:\/\/www.todoriego.com.ar\/site\/#\/schema\/logo\/image\/"},"sameAs":["https:\/\/www.facebook.com\/todoriegoinsumos\/","https:\/\/www.instagram.com\/todoriegoinsumos\/"]}]}},"_links":{"self":[{"href":"https:\/\/www.todoriego.com.ar\/site\/wp-json\/wp\/v2\/product\/10047","targetHints":{"allow":["GET"]}}],"collection":[{"href":"https:\/\/www.todoriego.com.ar\/site\/wp-json\/wp\/v2\/product"}],"about":[{"href":"https:\/\/www.todoriego.com.ar\/site\/wp-json\/wp\/v2\/types\/product"}],"wp:featuredmedia":[{"embeddable":true,"href":"https:\/\/www.todoriego.com.ar\/site\/wp-json\/wp\/v2\/media\/10048"}],"wp:attachment":[{"href":"https:\/\/www.todoriego.com.ar\/site\/wp-json\/wp\/v2\/media?parent=10047"}],"wp:term":[{"taxonomy":"product_brand","embeddable":true,"href":"https:\/\/www.todoriego.com.ar\/site\/wp-json\/wp\/v2\/product_brand?post=10047"},{"taxonomy":"product_cat","embeddable":true,"href":"https:\/\/www.todoriego.com.ar\/site\/wp-json\/wp\/v2\/product_cat?post=10047"},{"taxonomy":"product_tag","embeddable":true,"href":"https:\/\/www.todoriego.com.ar\/site\/wp-json\/wp\/v2\/product_tag?post=10047"}],"curies":[{"name":"wp","href":"https:\/\/api.w.org\/{rel}","templated":true}]}}