{"id":10050,"date":"2024-05-22T14:19:41","date_gmt":"2024-05-22T17:19:41","guid":{"rendered":"https:\/\/www.todoriego.com.ar\/site\/?post_type=product&#038;p=10050"},"modified":"2024-05-28T15:53:24","modified_gmt":"2024-05-28T18:53:24","slug":"controlador-a-bateria-esp-9v","status":"publish","type":"product","link":"https:\/\/www.todoriego.com.ar\/site\/producto\/controlador-a-bateria-esp-9v\/","title":{"rendered":"Controlador a Bater\u00eda ESP-9V"},"content":{"rendered":"<section class=\"l-section wpb_row height_custom\"><div class=\"l-section-h i-cf\"><div class=\"g-cols vc_row via_grid cols_1 laptops-cols_inherit tablets-cols_inherit mobiles-cols_1 valign_top type_default stacking_default\"><div class=\"wpb_column vc_column_container\"><div class=\"vc_column-inner\"><div class=\"wpb_text_column\"><div class=\"wpb_wrapper\"><p>El programador <strong>ESP-9V<\/strong> de <em>Rain Bird\u00ae<\/em> se programa de manera sencilla y su dise\u00f1o resistente puede soportar las condiciones m\u00e1s h\u00famedas, sucias y polvorientas, lo que lo convierte en la mejor opci\u00f3n para sus necesidades de control de riego sin importar d\u00f3nde se encuentre.<\/p>\n<p>\u2022 Dise\u00f1o resistente a la intemperie: protecci\u00f3n superior contra la suciedad, el polvo y el agua para que su programador de riego con bater\u00eda pueda instalarse realmente en cualquier lugar<br \/>\n\u2022 Bater\u00eda de m\u00e1s de 2 a\u00f1os de duraci\u00f3n: duraci\u00f3n de la bater\u00eda l\u00edder en el sector, incluso en condiciones duras y de humedad<br \/>\n\u2022 Programaci\u00f3n intuitiva: los contratistas, los administradores de propiedades y los propietarios pueden agilizar f\u00e1cilmente los flujos de trabajo y regar con precisi\u00f3n<\/p>\n<p><strong>Caracter\u00edsticas<\/strong><\/p>\n<p><strong>Caracter\u00edsticas del programador de riego<\/strong><br \/>\n\u2022 La carcasa herm\u00e9tica asegura una larga vida \u00fatil incluso cuando se instala en una arqueta.<br \/>\n\u2022 Las caracter\u00edsticas de programaci\u00f3n comunes se encuentran en una sola pantalla, lo que facilita y agiliza la labor de programaci\u00f3n<br \/>\n\u2022 Funciona durante al menos dos a\u00f1os enteros con dos pilas alcalinas de 9 voltios o un m\u00ednimo de un a\u00f1o con una pila alcalina de 9 voltios<br \/>\n\u2022 Pantalla LCD de gran tama\u00f1o con interfaz de usuario f\u00e1cil de manejar<br \/>\n\u2022 Entrada de sensor con anulaci\u00f3n de omisi\u00f3n.<br \/>\n\u2022 Circuito de v\u00e1lvula maestra\/arranque de bomba (solo unidades multizona)<br \/>\n\u2022 La memoria de programa no vol\u00e1til (100 a\u00f1os) mantiene su programa seguro incluso cuando las bater\u00edas se agotan o se cambian<br \/>\n\u2022 Homologaci\u00f3n IP68 para ofrecer protecci\u00f3n contra el polvo y la entrada de agua<br \/>\n\u2022 Caja del programador de pl\u00e1stico con excelente resistencia al clima y al envejecimiento<br \/>\n\u2022 El compartimento de la bater\u00eda con doble sellado mantiene fuera el polvo, la suciedad y el agua<\/p>\n<p><strong>Programaci\u00f3n de horarios<\/strong><br \/>\n\u2022 Bot\u00f3n espec\u00edfico de un solo toque para riego manual que simplifica el funcionamiento<br \/>\n\u2022 El apilado en v\u00e1lvulas autom\u00e1tico asegura que solo haya una v\u00e1lvula regando cada vez. ESP-9V riega autom\u00e1ticamente la zona con el n\u00famero m\u00e1s bajo primero si se ha programado el riego de varias zonas al mismo tiempo<br \/>\n\u2022 <em>Contractor Rapid Programming\u2122<\/em> copia autom\u00e1ticamente las horas de inicio y los d\u00edas de riego de la v\u00e1lvula 1 a las dem\u00e1s v\u00e1lvulas durante la programaci\u00f3n inicial<br \/>\n\u2022 Las rutinas programadas pueden crearse en tres sencillos pasos<br \/>\n\u2022 Se pueden asignar tiempos de funcionamiento, horas de inicio y d\u00edas de riego espec\u00edficos para cada zona<br \/>\n\u2022 6 horas de inicio por v\u00e1lvula<br \/>\n\u2022 4 opciones de d\u00edas de riego por v\u00e1lvula: d\u00edas de la semana personalizados, fechas c\u00edclicas y d\u00edas IMPARES o PARES<br \/>\n\u2022 Retraso del riego (de 1 a 9 d\u00edas)<\/p>\n<\/div><\/div><\/div><\/div><\/div><\/div><\/section>\n","protected":false},"excerpt":{"rendered":"<p><img loading=\"lazy\" decoding=\"async\" class=\"alignnone size-full wp-image-8741\" src=\"https:\/\/www.todoriego.com.ar\/site\/wp-content\/uploads\/2022\/07\/rainbird.png\" alt=\"\" width=\"103\" height=\"50\" \/><br \/>\nEl programador <strong>ESP-9V<\/strong> de <em>Rain Bird\u00ae<\/em> se programa de manera sencilla y su dise\u00f1o resistente puede soportar las condiciones m\u00e1s h\u00famedas, sucias y polvorientas, lo que lo convierte en la mejor opci\u00f3n para sus necesidades de control de riego sin importar d\u00f3nde se encuentre.<\/p>\n","protected":false},"featured_media":10051,"template":"","meta":{"_acf_changed":false},"product_brand":[],"product_cat":[39,110],"product_tag":[],"class_list":{"0":"post-10050","1":"product","2":"type-product","3":"status-publish","4":"has-post-thumbnail","6":"product_cat-espacios-verdes","7":"product_cat-controladores","9":"first","10":"instock","11":"featured","12":"shipping-taxable","13":"product-type-simple"},"acf":[],"yoast_head":"<!-- This site is optimized with the Yoast SEO plugin v27.5 - https:\/\/yoast.com\/product\/yoast-seo-wordpress\/ -->\n<title>Controlador a Bater\u00eda ESP-9V - Todoriego Insumos SRL<\/title>\n<meta name=\"description\" content=\"El programador ESP-9V de Rain Bird\u00ae se programa de manera sencilla y su dise\u00f1o resistente puede soportar las condiciones m\u00e1s h\u00famedas, sucias y polvorientas, lo que lo convierte en la mejor opci\u00f3n para sus necesidades de control de riego sin importar d\u00f3nde se encuentre.\" \/>\n<meta name=\"robots\" content=\"index, follow, max-snippet:-1, max-image-preview:large, max-video-preview:-1\" \/>\n<link rel=\"canonical\" href=\"https:\/\/www.todoriego.com.ar\/site\/producto\/controlador-a-bateria-esp-9v\/\" \/>\n<meta property=\"og:locale\" content=\"es_ES\" \/>\n<meta property=\"og:type\" content=\"article\" \/>\n<meta property=\"og:title\" content=\"Controlador a Bater\u00eda ESP-9V - Todoriego Insumos SRL\" \/>\n<meta property=\"og:description\" content=\"El programador ESP-9V de Rain Bird\u00ae se programa de manera sencilla y su dise\u00f1o resistente puede soportar las condiciones m\u00e1s h\u00famedas, sucias y polvorientas, lo que lo convierte en la mejor opci\u00f3n para sus necesidades de control de riego sin importar d\u00f3nde se encuentre.\" \/>\n<meta property=\"og:url\" content=\"https:\/\/www.todoriego.com.ar\/site\/producto\/controlador-a-bateria-esp-9v\/\" \/>\n<meta property=\"og:site_name\" content=\"Todoriego Insumos SRL\" \/>\n<meta property=\"article:publisher\" content=\"https:\/\/www.facebook.com\/todoriegoinsumos\/\" \/>\n<meta property=\"article:modified_time\" content=\"2024-05-28T18:53:24+00:00\" \/>\n<meta property=\"og:image\" content=\"https:\/\/www.todoriego.com.ar\/site\/wp-content\/uploads\/2024\/05\/RainBird_controlador_ESP-9V.jpg\" \/>\n\t<meta property=\"og:image:width\" content=\"600\" \/>\n\t<meta property=\"og:image:height\" content=\"600\" \/>\n\t<meta property=\"og:image:type\" content=\"image\/jpeg\" \/>\n<meta name=\"twitter:card\" content=\"summary_large_image\" \/>\n<meta name=\"twitter:label1\" content=\"Tiempo de lectura\" \/>\n\t<meta name=\"twitter:data1\" content=\"3 minutos\" \/>\n<script type=\"application\/ld+json\" class=\"yoast-schema-graph\">{\"@context\":\"https:\\\/\\\/schema.org\",\"@graph\":[{\"@type\":\"WebPage\",\"@id\":\"https:\\\/\\\/www.todoriego.com.ar\\\/site\\\/producto\\\/controlador-a-bateria-esp-9v\\\/\",\"url\":\"https:\\\/\\\/www.todoriego.com.ar\\\/site\\\/producto\\\/controlador-a-bateria-esp-9v\\\/\",\"name\":\"Controlador a Bater\u00eda ESP-9V - Todoriego Insumos SRL\",\"isPartOf\":{\"@id\":\"https:\\\/\\\/www.todoriego.com.ar\\\/site\\\/#website\"},\"primaryImageOfPage\":{\"@id\":\"https:\\\/\\\/www.todoriego.com.ar\\\/site\\\/producto\\\/controlador-a-bateria-esp-9v\\\/#primaryimage\"},\"image\":{\"@id\":\"https:\\\/\\\/www.todoriego.com.ar\\\/site\\\/producto\\\/controlador-a-bateria-esp-9v\\\/#primaryimage\"},\"thumbnailUrl\":\"https:\\\/\\\/www.todoriego.com.ar\\\/site\\\/wp-content\\\/uploads\\\/2024\\\/05\\\/RainBird_controlador_ESP-9V.jpg\",\"datePublished\":\"2024-05-22T17:19:41+00:00\",\"dateModified\":\"2024-05-28T18:53:24+00:00\",\"description\":\"El programador ESP-9V de Rain Bird\u00ae se programa de manera sencilla y su dise\u00f1o resistente puede soportar las condiciones m\u00e1s h\u00famedas, sucias y polvorientas, lo que lo convierte en la mejor opci\u00f3n para sus necesidades de control de riego sin importar d\u00f3nde se encuentre.\",\"breadcrumb\":{\"@id\":\"https:\\\/\\\/www.todoriego.com.ar\\\/site\\\/producto\\\/controlador-a-bateria-esp-9v\\\/#breadcrumb\"},\"inLanguage\":\"es-AR\",\"potentialAction\":[{\"@type\":\"ReadAction\",\"target\":[\"https:\\\/\\\/www.todoriego.com.ar\\\/site\\\/producto\\\/controlador-a-bateria-esp-9v\\\/\"]}]},{\"@type\":\"ImageObject\",\"inLanguage\":\"es-AR\",\"@id\":\"https:\\\/\\\/www.todoriego.com.ar\\\/site\\\/producto\\\/controlador-a-bateria-esp-9v\\\/#primaryimage\",\"url\":\"https:\\\/\\\/www.todoriego.com.ar\\\/site\\\/wp-content\\\/uploads\\\/2024\\\/05\\\/RainBird_controlador_ESP-9V.jpg\",\"contentUrl\":\"https:\\\/\\\/www.todoriego.com.ar\\\/site\\\/wp-content\\\/uploads\\\/2024\\\/05\\\/RainBird_controlador_ESP-9V.jpg\",\"width\":600,\"height\":600},{\"@type\":\"BreadcrumbList\",\"@id\":\"https:\\\/\\\/www.todoriego.com.ar\\\/site\\\/producto\\\/controlador-a-bateria-esp-9v\\\/#breadcrumb\",\"itemListElement\":[{\"@type\":\"ListItem\",\"position\":1,\"name\":\"Inicio\",\"item\":\"https:\\\/\\\/www.todoriego.com.ar\\\/site\\\/\"},{\"@type\":\"ListItem\",\"position\":2,\"name\":\"Tienda\",\"item\":\"https:\\\/\\\/www.todoriego.com.ar\\\/site\\\/tienda\\\/\"},{\"@type\":\"ListItem\",\"position\":3,\"name\":\"Controlador a Bater\u00eda ESP-9V\"}]},{\"@type\":\"WebSite\",\"@id\":\"https:\\\/\\\/www.todoriego.com.ar\\\/site\\\/#website\",\"url\":\"https:\\\/\\\/www.todoriego.com.ar\\\/site\\\/\",\"name\":\"Todoriego Insumos SRL\",\"description\":\"Sabemos hacer riego\",\"publisher\":{\"@id\":\"https:\\\/\\\/www.todoriego.com.ar\\\/site\\\/#organization\"},\"potentialAction\":[{\"@type\":\"SearchAction\",\"target\":{\"@type\":\"EntryPoint\",\"urlTemplate\":\"https:\\\/\\\/www.todoriego.com.ar\\\/site\\\/?s={search_term_string}\"},\"query-input\":{\"@type\":\"PropertyValueSpecification\",\"valueRequired\":true,\"valueName\":\"search_term_string\"}}],\"inLanguage\":\"es-AR\"},{\"@type\":\"Organization\",\"@id\":\"https:\\\/\\\/www.todoriego.com.ar\\\/site\\\/#organization\",\"name\":\"Todoriego Insumos s.r.l.\",\"url\":\"https:\\\/\\\/www.todoriego.com.ar\\\/site\\\/\",\"logo\":{\"@type\":\"ImageObject\",\"inLanguage\":\"es-AR\",\"@id\":\"https:\\\/\\\/www.todoriego.com.ar\\\/site\\\/#\\\/schema\\\/logo\\\/image\\\/\",\"url\":\"http:\\\/\\\/www.todoriego.com.ar\\\/site\\\/wp-content\\\/uploads\\\/2022\\\/07\\\/todoriego_marca.jpg\",\"contentUrl\":\"http:\\\/\\\/www.todoriego.com.ar\\\/site\\\/wp-content\\\/uploads\\\/2022\\\/07\\\/todoriego_marca.jpg\",\"width\":731,\"height\":731,\"caption\":\"Todoriego Insumos s.r.l.\"},\"image\":{\"@id\":\"https:\\\/\\\/www.todoriego.com.ar\\\/site\\\/#\\\/schema\\\/logo\\\/image\\\/\"},\"sameAs\":[\"https:\\\/\\\/www.facebook.com\\\/todoriegoinsumos\\\/\",\"https:\\\/\\\/www.instagram.com\\\/todoriegoinsumos\\\/\"]}]}<\/script>\n<!-- \/ Yoast SEO plugin. -->","yoast_head_json":{"title":"Controlador a Bater\u00eda ESP-9V - Todoriego Insumos SRL","description":"El programador ESP-9V de Rain Bird\u00ae se programa de manera sencilla y su dise\u00f1o resistente puede soportar las condiciones m\u00e1s h\u00famedas, sucias y polvorientas, lo que lo convierte en la mejor opci\u00f3n para sus necesidades de control de riego sin importar d\u00f3nde se encuentre.","robots":{"index":"index","follow":"follow","max-snippet":"max-snippet:-1","max-image-preview":"max-image-preview:large","max-video-preview":"max-video-preview:-1"},"canonical":"https:\/\/www.todoriego.com.ar\/site\/producto\/controlador-a-bateria-esp-9v\/","og_locale":"es_ES","og_type":"article","og_title":"Controlador a Bater\u00eda ESP-9V - Todoriego Insumos SRL","og_description":"El programador ESP-9V de Rain Bird\u00ae se programa de manera sencilla y su dise\u00f1o resistente puede soportar las condiciones m\u00e1s h\u00famedas, sucias y polvorientas, lo que lo convierte en la mejor opci\u00f3n para sus necesidades de control de riego sin importar d\u00f3nde se encuentre.","og_url":"https:\/\/www.todoriego.com.ar\/site\/producto\/controlador-a-bateria-esp-9v\/","og_site_name":"Todoriego Insumos SRL","article_publisher":"https:\/\/www.facebook.com\/todoriegoinsumos\/","article_modified_time":"2024-05-28T18:53:24+00:00","og_image":[{"width":600,"height":600,"url":"https:\/\/www.todoriego.com.ar\/site\/wp-content\/uploads\/2024\/05\/RainBird_controlador_ESP-9V.jpg","type":"image\/jpeg"}],"twitter_card":"summary_large_image","twitter_misc":{"Tiempo de lectura":"3 minutos"},"schema":{"@context":"https:\/\/schema.org","@graph":[{"@type":"WebPage","@id":"https:\/\/www.todoriego.com.ar\/site\/producto\/controlador-a-bateria-esp-9v\/","url":"https:\/\/www.todoriego.com.ar\/site\/producto\/controlador-a-bateria-esp-9v\/","name":"Controlador a Bater\u00eda ESP-9V - Todoriego Insumos SRL","isPartOf":{"@id":"https:\/\/www.todoriego.com.ar\/site\/#website"},"primaryImageOfPage":{"@id":"https:\/\/www.todoriego.com.ar\/site\/producto\/controlador-a-bateria-esp-9v\/#primaryimage"},"image":{"@id":"https:\/\/www.todoriego.com.ar\/site\/producto\/controlador-a-bateria-esp-9v\/#primaryimage"},"thumbnailUrl":"https:\/\/www.todoriego.com.ar\/site\/wp-content\/uploads\/2024\/05\/RainBird_controlador_ESP-9V.jpg","datePublished":"2024-05-22T17:19:41+00:00","dateModified":"2024-05-28T18:53:24+00:00","description":"El programador ESP-9V de Rain Bird\u00ae se programa de manera sencilla y su dise\u00f1o resistente puede soportar las condiciones m\u00e1s h\u00famedas, sucias y polvorientas, lo que lo convierte en la mejor opci\u00f3n para sus necesidades de control de riego sin importar d\u00f3nde se encuentre.","breadcrumb":{"@id":"https:\/\/www.todoriego.com.ar\/site\/producto\/controlador-a-bateria-esp-9v\/#breadcrumb"},"inLanguage":"es-AR","potentialAction":[{"@type":"ReadAction","target":["https:\/\/www.todoriego.com.ar\/site\/producto\/controlador-a-bateria-esp-9v\/"]}]},{"@type":"ImageObject","inLanguage":"es-AR","@id":"https:\/\/www.todoriego.com.ar\/site\/producto\/controlador-a-bateria-esp-9v\/#primaryimage","url":"https:\/\/www.todoriego.com.ar\/site\/wp-content\/uploads\/2024\/05\/RainBird_controlador_ESP-9V.jpg","contentUrl":"https:\/\/www.todoriego.com.ar\/site\/wp-content\/uploads\/2024\/05\/RainBird_controlador_ESP-9V.jpg","width":600,"height":600},{"@type":"BreadcrumbList","@id":"https:\/\/www.todoriego.com.ar\/site\/producto\/controlador-a-bateria-esp-9v\/#breadcrumb","itemListElement":[{"@type":"ListItem","position":1,"name":"Inicio","item":"https:\/\/www.todoriego.com.ar\/site\/"},{"@type":"ListItem","position":2,"name":"Tienda","item":"https:\/\/www.todoriego.com.ar\/site\/tienda\/"},{"@type":"ListItem","position":3,"name":"Controlador a Bater\u00eda ESP-9V"}]},{"@type":"WebSite","@id":"https:\/\/www.todoriego.com.ar\/site\/#website","url":"https:\/\/www.todoriego.com.ar\/site\/","name":"Todoriego Insumos SRL","description":"Sabemos hacer riego","publisher":{"@id":"https:\/\/www.todoriego.com.ar\/site\/#organization"},"potentialAction":[{"@type":"SearchAction","target":{"@type":"EntryPoint","urlTemplate":"https:\/\/www.todoriego.com.ar\/site\/?s={search_term_string}"},"query-input":{"@type":"PropertyValueSpecification","valueRequired":true,"valueName":"search_term_string"}}],"inLanguage":"es-AR"},{"@type":"Organization","@id":"https:\/\/www.todoriego.com.ar\/site\/#organization","name":"Todoriego Insumos s.r.l.","url":"https:\/\/www.todoriego.com.ar\/site\/","logo":{"@type":"ImageObject","inLanguage":"es-AR","@id":"https:\/\/www.todoriego.com.ar\/site\/#\/schema\/logo\/image\/","url":"http:\/\/www.todoriego.com.ar\/site\/wp-content\/uploads\/2022\/07\/todoriego_marca.jpg","contentUrl":"http:\/\/www.todoriego.com.ar\/site\/wp-content\/uploads\/2022\/07\/todoriego_marca.jpg","width":731,"height":731,"caption":"Todoriego Insumos s.r.l."},"image":{"@id":"https:\/\/www.todoriego.com.ar\/site\/#\/schema\/logo\/image\/"},"sameAs":["https:\/\/www.facebook.com\/todoriegoinsumos\/","https:\/\/www.instagram.com\/todoriegoinsumos\/"]}]}},"_links":{"self":[{"href":"https:\/\/www.todoriego.com.ar\/site\/wp-json\/wp\/v2\/product\/10050","targetHints":{"allow":["GET"]}}],"collection":[{"href":"https:\/\/www.todoriego.com.ar\/site\/wp-json\/wp\/v2\/product"}],"about":[{"href":"https:\/\/www.todoriego.com.ar\/site\/wp-json\/wp\/v2\/types\/product"}],"wp:featuredmedia":[{"embeddable":true,"href":"https:\/\/www.todoriego.com.ar\/site\/wp-json\/wp\/v2\/media\/10051"}],"wp:attachment":[{"href":"https:\/\/www.todoriego.com.ar\/site\/wp-json\/wp\/v2\/media?parent=10050"}],"wp:term":[{"taxonomy":"product_brand","embeddable":true,"href":"https:\/\/www.todoriego.com.ar\/site\/wp-json\/wp\/v2\/product_brand?post=10050"},{"taxonomy":"product_cat","embeddable":true,"href":"https:\/\/www.todoriego.com.ar\/site\/wp-json\/wp\/v2\/product_cat?post=10050"},{"taxonomy":"product_tag","embeddable":true,"href":"https:\/\/www.todoriego.com.ar\/site\/wp-json\/wp\/v2\/product_tag?post=10050"}],"curies":[{"name":"wp","href":"https:\/\/api.w.org\/{rel}","templated":true}]}}