{"id":8090,"date":"2022-03-17T17:00:22","date_gmt":"2022-03-17T20:00:22","guid":{"rendered":"http:\/\/www.todoriego.com.ar\/site\/?post_type=product&#038;p=8090"},"modified":"2022-03-17T17:06:21","modified_gmt":"2022-03-17T20:06:21","slug":"rainbird-aspersor-2045-pj","status":"publish","type":"product","link":"https:\/\/www.todoriego.com.ar\/site\/producto\/rainbird-aspersor-2045-pj\/","title":{"rendered":"Aspersor 2045 PJ"},"content":{"rendered":"<p><strong>Caracter\u00edsticas:<\/strong><\/p>\n<p><strong>Caracter\u00edsticas<\/strong><br \/>\n\u2022 Mecanismo de impacto demostrado con caudal directo para un rendimiento superior con agua sucia.<br \/>\n\u2022 Brazo de doble contrapeso para una rotaci\u00f3n m\u00e1s lenta y una mayor distancia de alcance.<br \/>\n\u2022 Resorte de brazo ajustable para una operaci\u00f3n de baja presi\u00f3n y poco consumo.<br \/>\n\u2022 El tubo de chorro de precisi\u00f3n (PJ\u2122) minimiza las salpicaduras laterales.<br \/>\n\u2022 5 toberas de pluviometr\u00eda proporcional (MPR) y 2 toberas de \u00e1ngulo bajo (LA).<br \/>\n\u2022 Toberas montadas en bayoneta intercambiables y codificadas por colores.<br \/>\n\u2022 No se necesitan herramientas para cambiar las toberas.<br \/>\n\u2022 El recorrido FP permite el funcionamiento en c\u00edrculo completo (360\u00b0) o en c\u00edrculo parcial (20\u00b0 a 340\u00b0).<br \/>\n\u2022 Poderosa acci\u00f3n inversa.<\/p>\n<p><strong>Especificaciones<\/strong><br \/>\n\u2022 Pluviometr\u00eda: 0,28 a 1,21 pulgadas por hora (7 a 31 mm\/h).<br \/>\n\u2022 Radio: 22 a 45 pies (6,7 a 13,7 m)<br \/>\n\u2022 Radio con tornillo de reducci\u00f3n de radio: 18 pies (5,4 m)<br \/>\n\u2022 Presi\u00f3n: 25 a 60 psi (1,7 a 4,1 bar).<br \/>\n\u2022 Caudal: 1,5 a 8,4 GPM (0,34 a 1,91 m3\/h; 0,09 a 0,53 l\/s)<br \/>\n\u2022 Entrada roscada macho de \u00bd\u201d (15\/21)<br \/>\n\u2022 Toberas de \u00e1ngulo de trayectoria est\u00e1ndar: 06-rojo; 07-negro; 08-azul; 10-amarillo; 12-beige<br \/>\n\u2022 La trayectoria de salida de la tobera es de 23\u00b0 para las toberas 06, 07, 08, 10 y 12.<br \/>\n\u2022 Toberas de \u00e1ngulo bajo (LA): 07 LA-negro; 10 LA-amarillo<br \/>\n\u2022 La trayectoria de salida de la tobera LA es de 11\u00b0.<\/p>\n","protected":false},"excerpt":{"rendered":"<p>Dise\u00f1ado para una variedad de usos en los que los aspersores de c\u00edrculo completo no deben lanzar agua en \u00e1reas restringidas. El cuerpo, el brazo, la manga del rodamiento y la boquilla est\u00e1n hechos de pl\u00e1stico duradero Delrin\u2122.<\/p>\n","protected":false},"featured_media":8092,"template":"","meta":{"_acf_changed":false},"product_brand":[],"product_cat":[32,50],"product_tag":[],"class_list":{"0":"post-8090","1":"product","2":"type-product","3":"status-publish","4":"has-post-thumbnail","6":"product_cat-riego-por-aspersion","7":"product_cat-linea-rain-bird","9":"first","10":"instock","11":"shipping-taxable","12":"product-type-simple"},"acf":[],"yoast_head":"<!-- This site is optimized with the Yoast SEO plugin v27.5 - https:\/\/yoast.com\/product\/yoast-seo-wordpress\/ -->\n<title>Aspersor 2045 PJ - Todoriego Insumos SRL<\/title>\n<meta name=\"robots\" content=\"index, follow, max-snippet:-1, max-image-preview:large, max-video-preview:-1\" \/>\n<link rel=\"canonical\" href=\"https:\/\/www.todoriego.com.ar\/site\/producto\/rainbird-aspersor-2045-pj\/\" \/>\n<meta property=\"og:locale\" content=\"es_ES\" \/>\n<meta property=\"og:type\" content=\"article\" \/>\n<meta property=\"og:title\" content=\"Aspersor 2045 PJ - Todoriego Insumos SRL\" \/>\n<meta property=\"og:description\" content=\"Dise\u00f1ado para una variedad de usos en los que los aspersores de c\u00edrculo completo no deben lanzar agua en \u00e1reas restringidas. El cuerpo, el brazo, la manga del rodamiento y la boquilla est\u00e1n hechos de pl\u00e1stico duradero Delrin\u2122.\" \/>\n<meta property=\"og:url\" content=\"https:\/\/www.todoriego.com.ar\/site\/producto\/rainbird-aspersor-2045-pj\/\" \/>\n<meta property=\"og:site_name\" content=\"Todoriego Insumos SRL\" \/>\n<meta property=\"article:publisher\" content=\"https:\/\/www.facebook.com\/todoriegoinsumos\/\" \/>\n<meta property=\"article:modified_time\" content=\"2022-03-17T20:06:21+00:00\" \/>\n<meta property=\"og:image\" content=\"https:\/\/www.todoriego.com.ar\/site\/wp-content\/uploads\/2022\/03\/aspersor_RB_2045PJ.png\" \/>\n\t<meta property=\"og:image:width\" content=\"600\" \/>\n\t<meta property=\"og:image:height\" content=\"600\" \/>\n\t<meta property=\"og:image:type\" content=\"image\/png\" \/>\n<meta name=\"twitter:card\" content=\"summary_large_image\" \/>\n<meta name=\"twitter:label1\" content=\"Tiempo de lectura\" \/>\n\t<meta name=\"twitter:data1\" content=\"1 minuto\" \/>\n<script type=\"application\/ld+json\" class=\"yoast-schema-graph\">{\"@context\":\"https:\\\/\\\/schema.org\",\"@graph\":[{\"@type\":\"WebPage\",\"@id\":\"https:\\\/\\\/www.todoriego.com.ar\\\/site\\\/producto\\\/rainbird-aspersor-2045-pj\\\/\",\"url\":\"https:\\\/\\\/www.todoriego.com.ar\\\/site\\\/producto\\\/rainbird-aspersor-2045-pj\\\/\",\"name\":\"Aspersor 2045 PJ - Todoriego Insumos SRL\",\"isPartOf\":{\"@id\":\"https:\\\/\\\/www.todoriego.com.ar\\\/site\\\/#website\"},\"primaryImageOfPage\":{\"@id\":\"https:\\\/\\\/www.todoriego.com.ar\\\/site\\\/producto\\\/rainbird-aspersor-2045-pj\\\/#primaryimage\"},\"image\":{\"@id\":\"https:\\\/\\\/www.todoriego.com.ar\\\/site\\\/producto\\\/rainbird-aspersor-2045-pj\\\/#primaryimage\"},\"thumbnailUrl\":\"https:\\\/\\\/www.todoriego.com.ar\\\/site\\\/wp-content\\\/uploads\\\/2022\\\/03\\\/aspersor_RB_2045PJ.png\",\"datePublished\":\"2022-03-17T20:00:22+00:00\",\"dateModified\":\"2022-03-17T20:06:21+00:00\",\"breadcrumb\":{\"@id\":\"https:\\\/\\\/www.todoriego.com.ar\\\/site\\\/producto\\\/rainbird-aspersor-2045-pj\\\/#breadcrumb\"},\"inLanguage\":\"es-AR\",\"potentialAction\":[{\"@type\":\"ReadAction\",\"target\":[\"https:\\\/\\\/www.todoriego.com.ar\\\/site\\\/producto\\\/rainbird-aspersor-2045-pj\\\/\"]}]},{\"@type\":\"ImageObject\",\"inLanguage\":\"es-AR\",\"@id\":\"https:\\\/\\\/www.todoriego.com.ar\\\/site\\\/producto\\\/rainbird-aspersor-2045-pj\\\/#primaryimage\",\"url\":\"https:\\\/\\\/www.todoriego.com.ar\\\/site\\\/wp-content\\\/uploads\\\/2022\\\/03\\\/aspersor_RB_2045PJ.png\",\"contentUrl\":\"https:\\\/\\\/www.todoriego.com.ar\\\/site\\\/wp-content\\\/uploads\\\/2022\\\/03\\\/aspersor_RB_2045PJ.png\",\"width\":600,\"height\":600},{\"@type\":\"BreadcrumbList\",\"@id\":\"https:\\\/\\\/www.todoriego.com.ar\\\/site\\\/producto\\\/rainbird-aspersor-2045-pj\\\/#breadcrumb\",\"itemListElement\":[{\"@type\":\"ListItem\",\"position\":1,\"name\":\"Inicio\",\"item\":\"https:\\\/\\\/www.todoriego.com.ar\\\/site\\\/\"},{\"@type\":\"ListItem\",\"position\":2,\"name\":\"Tienda\",\"item\":\"https:\\\/\\\/www.todoriego.com.ar\\\/site\\\/tienda\\\/\"},{\"@type\":\"ListItem\",\"position\":3,\"name\":\"Aspersor 2045 PJ\"}]},{\"@type\":\"WebSite\",\"@id\":\"https:\\\/\\\/www.todoriego.com.ar\\\/site\\\/#website\",\"url\":\"https:\\\/\\\/www.todoriego.com.ar\\\/site\\\/\",\"name\":\"Todoriego Insumos SRL\",\"description\":\"Sabemos hacer riego\",\"publisher\":{\"@id\":\"https:\\\/\\\/www.todoriego.com.ar\\\/site\\\/#organization\"},\"potentialAction\":[{\"@type\":\"SearchAction\",\"target\":{\"@type\":\"EntryPoint\",\"urlTemplate\":\"https:\\\/\\\/www.todoriego.com.ar\\\/site\\\/?s={search_term_string}\"},\"query-input\":{\"@type\":\"PropertyValueSpecification\",\"valueRequired\":true,\"valueName\":\"search_term_string\"}}],\"inLanguage\":\"es-AR\"},{\"@type\":\"Organization\",\"@id\":\"https:\\\/\\\/www.todoriego.com.ar\\\/site\\\/#organization\",\"name\":\"Todoriego Insumos s.r.l.\",\"url\":\"https:\\\/\\\/www.todoriego.com.ar\\\/site\\\/\",\"logo\":{\"@type\":\"ImageObject\",\"inLanguage\":\"es-AR\",\"@id\":\"https:\\\/\\\/www.todoriego.com.ar\\\/site\\\/#\\\/schema\\\/logo\\\/image\\\/\",\"url\":\"http:\\\/\\\/www.todoriego.com.ar\\\/site\\\/wp-content\\\/uploads\\\/2022\\\/07\\\/todoriego_marca.jpg\",\"contentUrl\":\"http:\\\/\\\/www.todoriego.com.ar\\\/site\\\/wp-content\\\/uploads\\\/2022\\\/07\\\/todoriego_marca.jpg\",\"width\":731,\"height\":731,\"caption\":\"Todoriego Insumos s.r.l.\"},\"image\":{\"@id\":\"https:\\\/\\\/www.todoriego.com.ar\\\/site\\\/#\\\/schema\\\/logo\\\/image\\\/\"},\"sameAs\":[\"https:\\\/\\\/www.facebook.com\\\/todoriegoinsumos\\\/\",\"https:\\\/\\\/www.instagram.com\\\/todoriegoinsumos\\\/\"]}]}<\/script>\n<!-- \/ Yoast SEO plugin. -->","yoast_head_json":{"title":"Aspersor 2045 PJ - Todoriego Insumos SRL","robots":{"index":"index","follow":"follow","max-snippet":"max-snippet:-1","max-image-preview":"max-image-preview:large","max-video-preview":"max-video-preview:-1"},"canonical":"https:\/\/www.todoriego.com.ar\/site\/producto\/rainbird-aspersor-2045-pj\/","og_locale":"es_ES","og_type":"article","og_title":"Aspersor 2045 PJ - Todoriego Insumos SRL","og_description":"Dise\u00f1ado para una variedad de usos en los que los aspersores de c\u00edrculo completo no deben lanzar agua en \u00e1reas restringidas. El cuerpo, el brazo, la manga del rodamiento y la boquilla est\u00e1n hechos de pl\u00e1stico duradero Delrin\u2122.","og_url":"https:\/\/www.todoriego.com.ar\/site\/producto\/rainbird-aspersor-2045-pj\/","og_site_name":"Todoriego Insumos SRL","article_publisher":"https:\/\/www.facebook.com\/todoriegoinsumos\/","article_modified_time":"2022-03-17T20:06:21+00:00","og_image":[{"width":600,"height":600,"url":"https:\/\/www.todoriego.com.ar\/site\/wp-content\/uploads\/2022\/03\/aspersor_RB_2045PJ.png","type":"image\/png"}],"twitter_card":"summary_large_image","twitter_misc":{"Tiempo de lectura":"1 minuto"},"schema":{"@context":"https:\/\/schema.org","@graph":[{"@type":"WebPage","@id":"https:\/\/www.todoriego.com.ar\/site\/producto\/rainbird-aspersor-2045-pj\/","url":"https:\/\/www.todoriego.com.ar\/site\/producto\/rainbird-aspersor-2045-pj\/","name":"Aspersor 2045 PJ - Todoriego Insumos SRL","isPartOf":{"@id":"https:\/\/www.todoriego.com.ar\/site\/#website"},"primaryImageOfPage":{"@id":"https:\/\/www.todoriego.com.ar\/site\/producto\/rainbird-aspersor-2045-pj\/#primaryimage"},"image":{"@id":"https:\/\/www.todoriego.com.ar\/site\/producto\/rainbird-aspersor-2045-pj\/#primaryimage"},"thumbnailUrl":"https:\/\/www.todoriego.com.ar\/site\/wp-content\/uploads\/2022\/03\/aspersor_RB_2045PJ.png","datePublished":"2022-03-17T20:00:22+00:00","dateModified":"2022-03-17T20:06:21+00:00","breadcrumb":{"@id":"https:\/\/www.todoriego.com.ar\/site\/producto\/rainbird-aspersor-2045-pj\/#breadcrumb"},"inLanguage":"es-AR","potentialAction":[{"@type":"ReadAction","target":["https:\/\/www.todoriego.com.ar\/site\/producto\/rainbird-aspersor-2045-pj\/"]}]},{"@type":"ImageObject","inLanguage":"es-AR","@id":"https:\/\/www.todoriego.com.ar\/site\/producto\/rainbird-aspersor-2045-pj\/#primaryimage","url":"https:\/\/www.todoriego.com.ar\/site\/wp-content\/uploads\/2022\/03\/aspersor_RB_2045PJ.png","contentUrl":"https:\/\/www.todoriego.com.ar\/site\/wp-content\/uploads\/2022\/03\/aspersor_RB_2045PJ.png","width":600,"height":600},{"@type":"BreadcrumbList","@id":"https:\/\/www.todoriego.com.ar\/site\/producto\/rainbird-aspersor-2045-pj\/#breadcrumb","itemListElement":[{"@type":"ListItem","position":1,"name":"Inicio","item":"https:\/\/www.todoriego.com.ar\/site\/"},{"@type":"ListItem","position":2,"name":"Tienda","item":"https:\/\/www.todoriego.com.ar\/site\/tienda\/"},{"@type":"ListItem","position":3,"name":"Aspersor 2045 PJ"}]},{"@type":"WebSite","@id":"https:\/\/www.todoriego.com.ar\/site\/#website","url":"https:\/\/www.todoriego.com.ar\/site\/","name":"Todoriego Insumos SRL","description":"Sabemos hacer riego","publisher":{"@id":"https:\/\/www.todoriego.com.ar\/site\/#organization"},"potentialAction":[{"@type":"SearchAction","target":{"@type":"EntryPoint","urlTemplate":"https:\/\/www.todoriego.com.ar\/site\/?s={search_term_string}"},"query-input":{"@type":"PropertyValueSpecification","valueRequired":true,"valueName":"search_term_string"}}],"inLanguage":"es-AR"},{"@type":"Organization","@id":"https:\/\/www.todoriego.com.ar\/site\/#organization","name":"Todoriego Insumos s.r.l.","url":"https:\/\/www.todoriego.com.ar\/site\/","logo":{"@type":"ImageObject","inLanguage":"es-AR","@id":"https:\/\/www.todoriego.com.ar\/site\/#\/schema\/logo\/image\/","url":"http:\/\/www.todoriego.com.ar\/site\/wp-content\/uploads\/2022\/07\/todoriego_marca.jpg","contentUrl":"http:\/\/www.todoriego.com.ar\/site\/wp-content\/uploads\/2022\/07\/todoriego_marca.jpg","width":731,"height":731,"caption":"Todoriego Insumos s.r.l."},"image":{"@id":"https:\/\/www.todoriego.com.ar\/site\/#\/schema\/logo\/image\/"},"sameAs":["https:\/\/www.facebook.com\/todoriegoinsumos\/","https:\/\/www.instagram.com\/todoriegoinsumos\/"]}]}},"_links":{"self":[{"href":"https:\/\/www.todoriego.com.ar\/site\/wp-json\/wp\/v2\/product\/8090","targetHints":{"allow":["GET"]}}],"collection":[{"href":"https:\/\/www.todoriego.com.ar\/site\/wp-json\/wp\/v2\/product"}],"about":[{"href":"https:\/\/www.todoriego.com.ar\/site\/wp-json\/wp\/v2\/types\/product"}],"wp:featuredmedia":[{"embeddable":true,"href":"https:\/\/www.todoriego.com.ar\/site\/wp-json\/wp\/v2\/media\/8092"}],"wp:attachment":[{"href":"https:\/\/www.todoriego.com.ar\/site\/wp-json\/wp\/v2\/media?parent=8090"}],"wp:term":[{"taxonomy":"product_brand","embeddable":true,"href":"https:\/\/www.todoriego.com.ar\/site\/wp-json\/wp\/v2\/product_brand?post=8090"},{"taxonomy":"product_cat","embeddable":true,"href":"https:\/\/www.todoriego.com.ar\/site\/wp-json\/wp\/v2\/product_cat?post=8090"},{"taxonomy":"product_tag","embeddable":true,"href":"https:\/\/www.todoriego.com.ar\/site\/wp-json\/wp\/v2\/product_tag?post=8090"}],"curies":[{"name":"wp","href":"https:\/\/api.w.org\/{rel}","templated":true}]}}