{"id":8095,"date":"2022-03-17T17:24:40","date_gmt":"2022-03-17T20:24:40","guid":{"rendered":"http:\/\/www.todoriego.com.ar\/site\/?post_type=product&#038;p=8095"},"modified":"2022-03-17T17:36:02","modified_gmt":"2022-03-17T20:36:02","slug":"rainbird_aspersor-30h","status":"publish","type":"product","link":"https:\/\/www.todoriego.com.ar\/site\/producto\/rainbird_aspersor-30h\/","title":{"rendered":"Aspersor 30H"},"content":{"rendered":"<p><strong>Caracter\u00edsticas<\/strong><br \/>\n\u2022\u00a0 Rodamiento de entrada macho NPT de 3\/4&#8243; (19 mm), de lat\u00f3n<br \/>\n\u2022\u00a0 Operaci\u00f3n de c\u00edrculo completo<br \/>\n\u2022\u00a0 Puerto de doble tobera para riego de proximidad y a distancia o protecci\u00f3n contra heladas<br \/>\n\u2022\u00a0 Construcci\u00f3n de lat\u00f3n de alta resistencia<br \/>\n\u2022\u00a0 Muelles y pasador del eje de acero inoxidable<br \/>\n\u2022\u00a0 Arandelas de PTFE resistentes a los productos qu\u00edmicos, permiten tiempos de rotaci\u00f3n m\u00e1s r\u00e1pidos con una tobera m\u00e1s peque\u00f1a a menor presi\u00f3n, ideal para la protecci\u00f3n contra las heladas<br \/>\n\u2022\u00a0 Respaldo de la pol\u00edtica de satisfacci\u00f3n del cliente de cinco a\u00f1os<br \/>\n\u2022\u00a0 Para usar con la tobera con manguito c\u00f3nico de fijaci\u00f3n SBN-3 de Rain Bird; el puerto de la tobera del dispersor usa el Rain Bird LAN-1-20, o el tap\u00f3n de lat\u00f3n; todas las toberas se venden por separado<br \/>\n\u2022\u00a0 El modelo FH se env\u00eda sin tobera y sin tobera del dispersor, el modelo FWH se env\u00eda sin tobera con la tobera del dispersor tapada<\/p>\n<p><strong>Especificaciones<\/strong><br \/>\n\u2022 Rodamiento: macho NPT (19 mm) de 3\/4&#8243;, lat\u00f3n<br \/>\n\u2022\u00a0 \u00c1ngulo de trayectoria: 27 grados<br \/>\n\u2022\u00a0 Rango de funcionamiento: 25 a 80 psi (1,7 a 5,5 bar)<br \/>\n\u2022\u00a0 Caudal: 2,26 a 6,47 gpm (0,51 a 1,47 m3\/h)<br \/>\n\u2022\u00a0 Radio: 39 a 43 pies (11,90 a 13,27 m)<br \/>\n\u2022\u00a0 Puerto de la tobera: hembra NPT de 1\/4&#8243;<br \/>\n\u2022\u00a0 Puerto de la tobera del dispersor: hembra NPT de 1\/8&#8243;<\/p>\n","protected":false},"excerpt":{"rendered":"<p>Para uso general en el campo, que considera la aplicaci\u00f3n generalizada en los sistemas de cultivo en hileras, tanto en los sistemas fijos (Solid Set) de cultivo como en los port\u00e1tiles manuales. La construcci\u00f3n robusta asegura un rendimiento fiable, incluso con un uso tosco.<\/p>\n","protected":false},"featured_media":8096,"template":"","meta":{"_acf_changed":false},"product_brand":[],"product_cat":[50,32],"product_tag":[],"class_list":{"0":"post-8095","1":"product","2":"type-product","3":"status-publish","4":"has-post-thumbnail","6":"product_cat-linea-rain-bird","7":"product_cat-riego-por-aspersion","9":"first","10":"instock","11":"shipping-taxable","12":"product-type-simple"},"acf":[],"yoast_head":"<!-- This site is optimized with the Yoast SEO plugin v27.6 - https:\/\/yoast.com\/product\/yoast-seo-wordpress\/ -->\n<title>Aspersor 30H - Todoriego Insumos SRL<\/title>\n<meta name=\"robots\" content=\"index, follow, max-snippet:-1, max-image-preview:large, max-video-preview:-1\" \/>\n<link rel=\"canonical\" href=\"https:\/\/www.todoriego.com.ar\/site\/producto\/rainbird_aspersor-30h\/\" \/>\n<meta property=\"og:locale\" content=\"es_ES\" \/>\n<meta property=\"og:type\" content=\"article\" \/>\n<meta property=\"og:title\" content=\"Aspersor 30H - Todoriego Insumos SRL\" \/>\n<meta property=\"og:description\" content=\"Para uso general en el campo, que considera la aplicaci\u00f3n generalizada en los sistemas de cultivo en hileras, tanto en los sistemas fijos (Solid Set) de cultivo como en los port\u00e1tiles manuales. La construcci\u00f3n robusta asegura un rendimiento fiable, incluso con un uso tosco.\" \/>\n<meta property=\"og:url\" content=\"https:\/\/www.todoriego.com.ar\/site\/producto\/rainbird_aspersor-30h\/\" \/>\n<meta property=\"og:site_name\" content=\"Todoriego Insumos SRL\" \/>\n<meta property=\"article:publisher\" content=\"https:\/\/www.facebook.com\/todoriegoinsumos\/\" \/>\n<meta property=\"article:modified_time\" content=\"2022-03-17T20:36:02+00:00\" \/>\n<meta property=\"og:image\" content=\"https:\/\/www.todoriego.com.ar\/site\/wp-content\/uploads\/2022\/03\/aspersor_RB_30H.png\" \/>\n\t<meta property=\"og:image:width\" content=\"600\" \/>\n\t<meta property=\"og:image:height\" content=\"600\" \/>\n\t<meta property=\"og:image:type\" content=\"image\/png\" \/>\n<meta name=\"twitter:card\" content=\"summary_large_image\" \/>\n<meta name=\"twitter:label1\" content=\"Tiempo de lectura\" \/>\n\t<meta name=\"twitter:data1\" content=\"1 minuto\" \/>\n<script type=\"application\/ld+json\" class=\"yoast-schema-graph\">{\"@context\":\"https:\\\/\\\/schema.org\",\"@graph\":[{\"@type\":\"WebPage\",\"@id\":\"https:\\\/\\\/www.todoriego.com.ar\\\/site\\\/producto\\\/rainbird_aspersor-30h\\\/\",\"url\":\"https:\\\/\\\/www.todoriego.com.ar\\\/site\\\/producto\\\/rainbird_aspersor-30h\\\/\",\"name\":\"Aspersor 30H - Todoriego Insumos SRL\",\"isPartOf\":{\"@id\":\"https:\\\/\\\/www.todoriego.com.ar\\\/site\\\/#website\"},\"primaryImageOfPage\":{\"@id\":\"https:\\\/\\\/www.todoriego.com.ar\\\/site\\\/producto\\\/rainbird_aspersor-30h\\\/#primaryimage\"},\"image\":{\"@id\":\"https:\\\/\\\/www.todoriego.com.ar\\\/site\\\/producto\\\/rainbird_aspersor-30h\\\/#primaryimage\"},\"thumbnailUrl\":\"https:\\\/\\\/www.todoriego.com.ar\\\/site\\\/wp-content\\\/uploads\\\/2022\\\/03\\\/aspersor_RB_30H.png\",\"datePublished\":\"2022-03-17T20:24:40+00:00\",\"dateModified\":\"2022-03-17T20:36:02+00:00\",\"breadcrumb\":{\"@id\":\"https:\\\/\\\/www.todoriego.com.ar\\\/site\\\/producto\\\/rainbird_aspersor-30h\\\/#breadcrumb\"},\"inLanguage\":\"es-AR\",\"potentialAction\":[{\"@type\":\"ReadAction\",\"target\":[\"https:\\\/\\\/www.todoriego.com.ar\\\/site\\\/producto\\\/rainbird_aspersor-30h\\\/\"]}]},{\"@type\":\"ImageObject\",\"inLanguage\":\"es-AR\",\"@id\":\"https:\\\/\\\/www.todoriego.com.ar\\\/site\\\/producto\\\/rainbird_aspersor-30h\\\/#primaryimage\",\"url\":\"https:\\\/\\\/www.todoriego.com.ar\\\/site\\\/wp-content\\\/uploads\\\/2022\\\/03\\\/aspersor_RB_30H.png\",\"contentUrl\":\"https:\\\/\\\/www.todoriego.com.ar\\\/site\\\/wp-content\\\/uploads\\\/2022\\\/03\\\/aspersor_RB_30H.png\",\"width\":600,\"height\":600},{\"@type\":\"BreadcrumbList\",\"@id\":\"https:\\\/\\\/www.todoriego.com.ar\\\/site\\\/producto\\\/rainbird_aspersor-30h\\\/#breadcrumb\",\"itemListElement\":[{\"@type\":\"ListItem\",\"position\":1,\"name\":\"Inicio\",\"item\":\"https:\\\/\\\/www.todoriego.com.ar\\\/site\\\/\"},{\"@type\":\"ListItem\",\"position\":2,\"name\":\"Tienda\",\"item\":\"https:\\\/\\\/www.todoriego.com.ar\\\/site\\\/tienda\\\/\"},{\"@type\":\"ListItem\",\"position\":3,\"name\":\"Aspersor 30H\"}]},{\"@type\":\"WebSite\",\"@id\":\"https:\\\/\\\/www.todoriego.com.ar\\\/site\\\/#website\",\"url\":\"https:\\\/\\\/www.todoriego.com.ar\\\/site\\\/\",\"name\":\"Todoriego Insumos SRL\",\"description\":\"Sabemos hacer riego\",\"publisher\":{\"@id\":\"https:\\\/\\\/www.todoriego.com.ar\\\/site\\\/#organization\"},\"potentialAction\":[{\"@type\":\"SearchAction\",\"target\":{\"@type\":\"EntryPoint\",\"urlTemplate\":\"https:\\\/\\\/www.todoriego.com.ar\\\/site\\\/?s={search_term_string}\"},\"query-input\":{\"@type\":\"PropertyValueSpecification\",\"valueRequired\":true,\"valueName\":\"search_term_string\"}}],\"inLanguage\":\"es-AR\"},{\"@type\":\"Organization\",\"@id\":\"https:\\\/\\\/www.todoriego.com.ar\\\/site\\\/#organization\",\"name\":\"Todoriego Insumos s.r.l.\",\"url\":\"https:\\\/\\\/www.todoriego.com.ar\\\/site\\\/\",\"logo\":{\"@type\":\"ImageObject\",\"inLanguage\":\"es-AR\",\"@id\":\"https:\\\/\\\/www.todoriego.com.ar\\\/site\\\/#\\\/schema\\\/logo\\\/image\\\/\",\"url\":\"http:\\\/\\\/www.todoriego.com.ar\\\/site\\\/wp-content\\\/uploads\\\/2022\\\/07\\\/todoriego_marca.jpg\",\"contentUrl\":\"http:\\\/\\\/www.todoriego.com.ar\\\/site\\\/wp-content\\\/uploads\\\/2022\\\/07\\\/todoriego_marca.jpg\",\"width\":731,\"height\":731,\"caption\":\"Todoriego Insumos s.r.l.\"},\"image\":{\"@id\":\"https:\\\/\\\/www.todoriego.com.ar\\\/site\\\/#\\\/schema\\\/logo\\\/image\\\/\"},\"sameAs\":[\"https:\\\/\\\/www.facebook.com\\\/todoriegoinsumos\\\/\",\"https:\\\/\\\/www.instagram.com\\\/todoriegoinsumos\\\/\"]}]}<\/script>\n<!-- \/ Yoast SEO plugin. -->","yoast_head_json":{"title":"Aspersor 30H - Todoriego Insumos SRL","robots":{"index":"index","follow":"follow","max-snippet":"max-snippet:-1","max-image-preview":"max-image-preview:large","max-video-preview":"max-video-preview:-1"},"canonical":"https:\/\/www.todoriego.com.ar\/site\/producto\/rainbird_aspersor-30h\/","og_locale":"es_ES","og_type":"article","og_title":"Aspersor 30H - Todoriego Insumos SRL","og_description":"Para uso general en el campo, que considera la aplicaci\u00f3n generalizada en los sistemas de cultivo en hileras, tanto en los sistemas fijos (Solid Set) de cultivo como en los port\u00e1tiles manuales. La construcci\u00f3n robusta asegura un rendimiento fiable, incluso con un uso tosco.","og_url":"https:\/\/www.todoriego.com.ar\/site\/producto\/rainbird_aspersor-30h\/","og_site_name":"Todoriego Insumos SRL","article_publisher":"https:\/\/www.facebook.com\/todoriegoinsumos\/","article_modified_time":"2022-03-17T20:36:02+00:00","og_image":[{"width":600,"height":600,"url":"https:\/\/www.todoriego.com.ar\/site\/wp-content\/uploads\/2022\/03\/aspersor_RB_30H.png","type":"image\/png"}],"twitter_card":"summary_large_image","twitter_misc":{"Tiempo de lectura":"1 minuto"},"schema":{"@context":"https:\/\/schema.org","@graph":[{"@type":"WebPage","@id":"https:\/\/www.todoriego.com.ar\/site\/producto\/rainbird_aspersor-30h\/","url":"https:\/\/www.todoriego.com.ar\/site\/producto\/rainbird_aspersor-30h\/","name":"Aspersor 30H - Todoriego Insumos SRL","isPartOf":{"@id":"https:\/\/www.todoriego.com.ar\/site\/#website"},"primaryImageOfPage":{"@id":"https:\/\/www.todoriego.com.ar\/site\/producto\/rainbird_aspersor-30h\/#primaryimage"},"image":{"@id":"https:\/\/www.todoriego.com.ar\/site\/producto\/rainbird_aspersor-30h\/#primaryimage"},"thumbnailUrl":"https:\/\/www.todoriego.com.ar\/site\/wp-content\/uploads\/2022\/03\/aspersor_RB_30H.png","datePublished":"2022-03-17T20:24:40+00:00","dateModified":"2022-03-17T20:36:02+00:00","breadcrumb":{"@id":"https:\/\/www.todoriego.com.ar\/site\/producto\/rainbird_aspersor-30h\/#breadcrumb"},"inLanguage":"es-AR","potentialAction":[{"@type":"ReadAction","target":["https:\/\/www.todoriego.com.ar\/site\/producto\/rainbird_aspersor-30h\/"]}]},{"@type":"ImageObject","inLanguage":"es-AR","@id":"https:\/\/www.todoriego.com.ar\/site\/producto\/rainbird_aspersor-30h\/#primaryimage","url":"https:\/\/www.todoriego.com.ar\/site\/wp-content\/uploads\/2022\/03\/aspersor_RB_30H.png","contentUrl":"https:\/\/www.todoriego.com.ar\/site\/wp-content\/uploads\/2022\/03\/aspersor_RB_30H.png","width":600,"height":600},{"@type":"BreadcrumbList","@id":"https:\/\/www.todoriego.com.ar\/site\/producto\/rainbird_aspersor-30h\/#breadcrumb","itemListElement":[{"@type":"ListItem","position":1,"name":"Inicio","item":"https:\/\/www.todoriego.com.ar\/site\/"},{"@type":"ListItem","position":2,"name":"Tienda","item":"https:\/\/www.todoriego.com.ar\/site\/tienda\/"},{"@type":"ListItem","position":3,"name":"Aspersor 30H"}]},{"@type":"WebSite","@id":"https:\/\/www.todoriego.com.ar\/site\/#website","url":"https:\/\/www.todoriego.com.ar\/site\/","name":"Todoriego Insumos SRL","description":"Sabemos hacer riego","publisher":{"@id":"https:\/\/www.todoriego.com.ar\/site\/#organization"},"potentialAction":[{"@type":"SearchAction","target":{"@type":"EntryPoint","urlTemplate":"https:\/\/www.todoriego.com.ar\/site\/?s={search_term_string}"},"query-input":{"@type":"PropertyValueSpecification","valueRequired":true,"valueName":"search_term_string"}}],"inLanguage":"es-AR"},{"@type":"Organization","@id":"https:\/\/www.todoriego.com.ar\/site\/#organization","name":"Todoriego Insumos s.r.l.","url":"https:\/\/www.todoriego.com.ar\/site\/","logo":{"@type":"ImageObject","inLanguage":"es-AR","@id":"https:\/\/www.todoriego.com.ar\/site\/#\/schema\/logo\/image\/","url":"http:\/\/www.todoriego.com.ar\/site\/wp-content\/uploads\/2022\/07\/todoriego_marca.jpg","contentUrl":"http:\/\/www.todoriego.com.ar\/site\/wp-content\/uploads\/2022\/07\/todoriego_marca.jpg","width":731,"height":731,"caption":"Todoriego Insumos s.r.l."},"image":{"@id":"https:\/\/www.todoriego.com.ar\/site\/#\/schema\/logo\/image\/"},"sameAs":["https:\/\/www.facebook.com\/todoriegoinsumos\/","https:\/\/www.instagram.com\/todoriegoinsumos\/"]}]}},"_links":{"self":[{"href":"https:\/\/www.todoriego.com.ar\/site\/wp-json\/wp\/v2\/product\/8095","targetHints":{"allow":["GET"]}}],"collection":[{"href":"https:\/\/www.todoriego.com.ar\/site\/wp-json\/wp\/v2\/product"}],"about":[{"href":"https:\/\/www.todoriego.com.ar\/site\/wp-json\/wp\/v2\/types\/product"}],"wp:featuredmedia":[{"embeddable":true,"href":"https:\/\/www.todoriego.com.ar\/site\/wp-json\/wp\/v2\/media\/8096"}],"wp:attachment":[{"href":"https:\/\/www.todoriego.com.ar\/site\/wp-json\/wp\/v2\/media?parent=8095"}],"wp:term":[{"taxonomy":"product_brand","embeddable":true,"href":"https:\/\/www.todoriego.com.ar\/site\/wp-json\/wp\/v2\/product_brand?post=8095"},{"taxonomy":"product_cat","embeddable":true,"href":"https:\/\/www.todoriego.com.ar\/site\/wp-json\/wp\/v2\/product_cat?post=8095"},{"taxonomy":"product_tag","embeddable":true,"href":"https:\/\/www.todoriego.com.ar\/site\/wp-json\/wp\/v2\/product_tag?post=8095"}],"curies":[{"name":"wp","href":"https:\/\/api.w.org\/{rel}","templated":true}]}}