{"id":8097,"date":"2022-03-17T17:33:13","date_gmt":"2022-03-17T20:33:13","guid":{"rendered":"http:\/\/www.todoriego.com.ar\/site\/?post_type=product&#038;p=8097"},"modified":"2022-03-17T17:35:30","modified_gmt":"2022-03-17T20:35:30","slug":"rainbird_aspersor-85-ehd","status":"publish","type":"product","link":"https:\/\/www.todoriego.com.ar\/site\/producto\/rainbird_aspersor-85-ehd\/","title":{"rendered":"Aspersor 85 EHD"},"content":{"rendered":"<p><strong>Caracter\u00edsticas<\/strong><br \/>\n\u2022 Rodamiento de entrada macho NPT de 1-1\/4&#8243; (32 mm), de lat\u00f3n<br \/>\n\u2022 Operaci\u00f3n de c\u00edrculo completo o parcial<br \/>\n\u2022 La paleta de enderezamiento interna aumenta el alcance<br \/>\n\u2022 Muelles y pasador del eje de acero inoxidable<br \/>\n\u2022 Puerto de doble tobera para riego de proximidad y a distancia<br \/>\n\u2022 Respaldo de la pol\u00edtica de satisfacci\u00f3n del cliente de cinco a\u00f1os<br \/>\n\u2022 Para usar con la tobera con manguito c\u00f3nico de fijaci\u00f3n SBN-5 de Rain Bird; el puerto de la tobera del dispersor usa el Rain Bird LAN-1-20 o el tap\u00f3n de lat\u00f3n; todas las toberas se venden por separado<\/p>\n<p><strong>Especificaciones<\/strong><br \/>\n\u2022 Rodamiento: una entrada macho NTP de 1-1\/4&#8243;, lat\u00f3n<br \/>\n\u2022 \u00c1ngulo de trayectoria: 23 grados<br \/>\n\u2022 Rango de funcionamiento: 25 a 100 psi (1,7-6,9 bar)<br \/>\n\u2022 Caudal: 17,1 a 127,7 gpm (3,88 a 28,99 m3\/h)<br \/>\n\u2022 Radio: 61 a 116 pies (18,6 a 35,4 m)<br \/>\n\u2022 Puerto de la tobera: hembra NPT de 3\/4&#8243;<br \/>\n\u2022 Puerto de la tobera del dispersor: hembra NPT de 1\/8&#8243;<\/p>\n","protected":false},"excerpt":{"rendered":"<p>El aspersor de impacto 8EHD Tough Bird\u00ae tiene una amplia gama de usos, pero se utilizan sobre todo como ca\u00f1ones en m\u00e1quinas de pivote central. Todos los modelos tienen un rodamiento mejorado con caracter\u00edsticas similares al cojinete superior &#8220;H&#8221; de Rain Bird.<\/p>\n<p>Las aplicaciones comunes incluyen cultivos de campo, cultivos en hileras, hortalizas, pivotes y lineales; sistemas permanentes, sistemas fijos (Solid Set) y sistemas port\u00e1tiles.<\/p>\n","protected":false},"featured_media":8098,"template":"","meta":{"_acf_changed":false},"product_brand":[],"product_cat":[50,32],"product_tag":[],"class_list":{"0":"post-8097","1":"product","2":"type-product","3":"status-publish","4":"has-post-thumbnail","6":"product_cat-linea-rain-bird","7":"product_cat-riego-por-aspersion","9":"first","10":"instock","11":"shipping-taxable","12":"product-type-simple"},"acf":[],"yoast_head":"<!-- This site is optimized with the Yoast SEO plugin v27.6 - https:\/\/yoast.com\/product\/yoast-seo-wordpress\/ -->\n<title>Aspersor 85 EHD - Todoriego Insumos SRL<\/title>\n<meta name=\"robots\" content=\"index, follow, max-snippet:-1, max-image-preview:large, max-video-preview:-1\" \/>\n<link rel=\"canonical\" href=\"https:\/\/www.todoriego.com.ar\/site\/producto\/rainbird_aspersor-85-ehd\/\" \/>\n<meta property=\"og:locale\" content=\"es_ES\" \/>\n<meta property=\"og:type\" content=\"article\" \/>\n<meta property=\"og:title\" content=\"Aspersor 85 EHD - Todoriego Insumos SRL\" \/>\n<meta property=\"og:description\" content=\"El aspersor de impacto 8EHD Tough Bird\u00ae tiene una amplia gama de usos, pero se utilizan sobre todo como ca\u00f1ones en m\u00e1quinas de pivote central. Todos los modelos tienen un rodamiento mejorado con caracter\u00edsticas similares al cojinete superior &quot;H&quot; de Rain Bird.  Las aplicaciones comunes incluyen cultivos de campo, cultivos en hileras, hortalizas, pivotes y lineales; sistemas permanentes, sistemas fijos (Solid Set) y sistemas port\u00e1tiles.\" \/>\n<meta property=\"og:url\" content=\"https:\/\/www.todoriego.com.ar\/site\/producto\/rainbird_aspersor-85-ehd\/\" \/>\n<meta property=\"og:site_name\" content=\"Todoriego Insumos SRL\" \/>\n<meta property=\"article:publisher\" content=\"https:\/\/www.facebook.com\/todoriegoinsumos\/\" \/>\n<meta property=\"article:modified_time\" content=\"2022-03-17T20:35:30+00:00\" \/>\n<meta property=\"og:image\" content=\"https:\/\/www.todoriego.com.ar\/site\/wp-content\/uploads\/2022\/03\/aspersor_RB_85EHD.png\" \/>\n\t<meta property=\"og:image:width\" content=\"600\" \/>\n\t<meta property=\"og:image:height\" content=\"600\" \/>\n\t<meta property=\"og:image:type\" content=\"image\/png\" \/>\n<meta name=\"twitter:card\" content=\"summary_large_image\" \/>\n<meta name=\"twitter:label1\" content=\"Tiempo de lectura\" \/>\n\t<meta name=\"twitter:data1\" content=\"1 minuto\" \/>\n<script type=\"application\/ld+json\" class=\"yoast-schema-graph\">{\"@context\":\"https:\\\/\\\/schema.org\",\"@graph\":[{\"@type\":\"WebPage\",\"@id\":\"https:\\\/\\\/www.todoriego.com.ar\\\/site\\\/producto\\\/rainbird_aspersor-85-ehd\\\/\",\"url\":\"https:\\\/\\\/www.todoriego.com.ar\\\/site\\\/producto\\\/rainbird_aspersor-85-ehd\\\/\",\"name\":\"Aspersor 85 EHD - Todoriego Insumos SRL\",\"isPartOf\":{\"@id\":\"https:\\\/\\\/www.todoriego.com.ar\\\/site\\\/#website\"},\"primaryImageOfPage\":{\"@id\":\"https:\\\/\\\/www.todoriego.com.ar\\\/site\\\/producto\\\/rainbird_aspersor-85-ehd\\\/#primaryimage\"},\"image\":{\"@id\":\"https:\\\/\\\/www.todoriego.com.ar\\\/site\\\/producto\\\/rainbird_aspersor-85-ehd\\\/#primaryimage\"},\"thumbnailUrl\":\"https:\\\/\\\/www.todoriego.com.ar\\\/site\\\/wp-content\\\/uploads\\\/2022\\\/03\\\/aspersor_RB_85EHD.png\",\"datePublished\":\"2022-03-17T20:33:13+00:00\",\"dateModified\":\"2022-03-17T20:35:30+00:00\",\"breadcrumb\":{\"@id\":\"https:\\\/\\\/www.todoriego.com.ar\\\/site\\\/producto\\\/rainbird_aspersor-85-ehd\\\/#breadcrumb\"},\"inLanguage\":\"es-AR\",\"potentialAction\":[{\"@type\":\"ReadAction\",\"target\":[\"https:\\\/\\\/www.todoriego.com.ar\\\/site\\\/producto\\\/rainbird_aspersor-85-ehd\\\/\"]}]},{\"@type\":\"ImageObject\",\"inLanguage\":\"es-AR\",\"@id\":\"https:\\\/\\\/www.todoriego.com.ar\\\/site\\\/producto\\\/rainbird_aspersor-85-ehd\\\/#primaryimage\",\"url\":\"https:\\\/\\\/www.todoriego.com.ar\\\/site\\\/wp-content\\\/uploads\\\/2022\\\/03\\\/aspersor_RB_85EHD.png\",\"contentUrl\":\"https:\\\/\\\/www.todoriego.com.ar\\\/site\\\/wp-content\\\/uploads\\\/2022\\\/03\\\/aspersor_RB_85EHD.png\",\"width\":600,\"height\":600},{\"@type\":\"BreadcrumbList\",\"@id\":\"https:\\\/\\\/www.todoriego.com.ar\\\/site\\\/producto\\\/rainbird_aspersor-85-ehd\\\/#breadcrumb\",\"itemListElement\":[{\"@type\":\"ListItem\",\"position\":1,\"name\":\"Inicio\",\"item\":\"https:\\\/\\\/www.todoriego.com.ar\\\/site\\\/\"},{\"@type\":\"ListItem\",\"position\":2,\"name\":\"Tienda\",\"item\":\"https:\\\/\\\/www.todoriego.com.ar\\\/site\\\/tienda\\\/\"},{\"@type\":\"ListItem\",\"position\":3,\"name\":\"Aspersor 85 EHD\"}]},{\"@type\":\"WebSite\",\"@id\":\"https:\\\/\\\/www.todoriego.com.ar\\\/site\\\/#website\",\"url\":\"https:\\\/\\\/www.todoriego.com.ar\\\/site\\\/\",\"name\":\"Todoriego Insumos SRL\",\"description\":\"Sabemos hacer riego\",\"publisher\":{\"@id\":\"https:\\\/\\\/www.todoriego.com.ar\\\/site\\\/#organization\"},\"potentialAction\":[{\"@type\":\"SearchAction\",\"target\":{\"@type\":\"EntryPoint\",\"urlTemplate\":\"https:\\\/\\\/www.todoriego.com.ar\\\/site\\\/?s={search_term_string}\"},\"query-input\":{\"@type\":\"PropertyValueSpecification\",\"valueRequired\":true,\"valueName\":\"search_term_string\"}}],\"inLanguage\":\"es-AR\"},{\"@type\":\"Organization\",\"@id\":\"https:\\\/\\\/www.todoriego.com.ar\\\/site\\\/#organization\",\"name\":\"Todoriego Insumos s.r.l.\",\"url\":\"https:\\\/\\\/www.todoriego.com.ar\\\/site\\\/\",\"logo\":{\"@type\":\"ImageObject\",\"inLanguage\":\"es-AR\",\"@id\":\"https:\\\/\\\/www.todoriego.com.ar\\\/site\\\/#\\\/schema\\\/logo\\\/image\\\/\",\"url\":\"http:\\\/\\\/www.todoriego.com.ar\\\/site\\\/wp-content\\\/uploads\\\/2022\\\/07\\\/todoriego_marca.jpg\",\"contentUrl\":\"http:\\\/\\\/www.todoriego.com.ar\\\/site\\\/wp-content\\\/uploads\\\/2022\\\/07\\\/todoriego_marca.jpg\",\"width\":731,\"height\":731,\"caption\":\"Todoriego Insumos s.r.l.\"},\"image\":{\"@id\":\"https:\\\/\\\/www.todoriego.com.ar\\\/site\\\/#\\\/schema\\\/logo\\\/image\\\/\"},\"sameAs\":[\"https:\\\/\\\/www.facebook.com\\\/todoriegoinsumos\\\/\",\"https:\\\/\\\/www.instagram.com\\\/todoriegoinsumos\\\/\"]}]}<\/script>\n<!-- \/ Yoast SEO plugin. -->","yoast_head_json":{"title":"Aspersor 85 EHD - Todoriego Insumos SRL","robots":{"index":"index","follow":"follow","max-snippet":"max-snippet:-1","max-image-preview":"max-image-preview:large","max-video-preview":"max-video-preview:-1"},"canonical":"https:\/\/www.todoriego.com.ar\/site\/producto\/rainbird_aspersor-85-ehd\/","og_locale":"es_ES","og_type":"article","og_title":"Aspersor 85 EHD - Todoriego Insumos SRL","og_description":"El aspersor de impacto 8EHD Tough Bird\u00ae tiene una amplia gama de usos, pero se utilizan sobre todo como ca\u00f1ones en m\u00e1quinas de pivote central. Todos los modelos tienen un rodamiento mejorado con caracter\u00edsticas similares al cojinete superior \"H\" de Rain Bird.  Las aplicaciones comunes incluyen cultivos de campo, cultivos en hileras, hortalizas, pivotes y lineales; sistemas permanentes, sistemas fijos (Solid Set) y sistemas port\u00e1tiles.","og_url":"https:\/\/www.todoriego.com.ar\/site\/producto\/rainbird_aspersor-85-ehd\/","og_site_name":"Todoriego Insumos SRL","article_publisher":"https:\/\/www.facebook.com\/todoriegoinsumos\/","article_modified_time":"2022-03-17T20:35:30+00:00","og_image":[{"width":600,"height":600,"url":"https:\/\/www.todoriego.com.ar\/site\/wp-content\/uploads\/2022\/03\/aspersor_RB_85EHD.png","type":"image\/png"}],"twitter_card":"summary_large_image","twitter_misc":{"Tiempo de lectura":"1 minuto"},"schema":{"@context":"https:\/\/schema.org","@graph":[{"@type":"WebPage","@id":"https:\/\/www.todoriego.com.ar\/site\/producto\/rainbird_aspersor-85-ehd\/","url":"https:\/\/www.todoriego.com.ar\/site\/producto\/rainbird_aspersor-85-ehd\/","name":"Aspersor 85 EHD - Todoriego Insumos SRL","isPartOf":{"@id":"https:\/\/www.todoriego.com.ar\/site\/#website"},"primaryImageOfPage":{"@id":"https:\/\/www.todoriego.com.ar\/site\/producto\/rainbird_aspersor-85-ehd\/#primaryimage"},"image":{"@id":"https:\/\/www.todoriego.com.ar\/site\/producto\/rainbird_aspersor-85-ehd\/#primaryimage"},"thumbnailUrl":"https:\/\/www.todoriego.com.ar\/site\/wp-content\/uploads\/2022\/03\/aspersor_RB_85EHD.png","datePublished":"2022-03-17T20:33:13+00:00","dateModified":"2022-03-17T20:35:30+00:00","breadcrumb":{"@id":"https:\/\/www.todoriego.com.ar\/site\/producto\/rainbird_aspersor-85-ehd\/#breadcrumb"},"inLanguage":"es-AR","potentialAction":[{"@type":"ReadAction","target":["https:\/\/www.todoriego.com.ar\/site\/producto\/rainbird_aspersor-85-ehd\/"]}]},{"@type":"ImageObject","inLanguage":"es-AR","@id":"https:\/\/www.todoriego.com.ar\/site\/producto\/rainbird_aspersor-85-ehd\/#primaryimage","url":"https:\/\/www.todoriego.com.ar\/site\/wp-content\/uploads\/2022\/03\/aspersor_RB_85EHD.png","contentUrl":"https:\/\/www.todoriego.com.ar\/site\/wp-content\/uploads\/2022\/03\/aspersor_RB_85EHD.png","width":600,"height":600},{"@type":"BreadcrumbList","@id":"https:\/\/www.todoriego.com.ar\/site\/producto\/rainbird_aspersor-85-ehd\/#breadcrumb","itemListElement":[{"@type":"ListItem","position":1,"name":"Inicio","item":"https:\/\/www.todoriego.com.ar\/site\/"},{"@type":"ListItem","position":2,"name":"Tienda","item":"https:\/\/www.todoriego.com.ar\/site\/tienda\/"},{"@type":"ListItem","position":3,"name":"Aspersor 85 EHD"}]},{"@type":"WebSite","@id":"https:\/\/www.todoriego.com.ar\/site\/#website","url":"https:\/\/www.todoriego.com.ar\/site\/","name":"Todoriego Insumos SRL","description":"Sabemos hacer riego","publisher":{"@id":"https:\/\/www.todoriego.com.ar\/site\/#organization"},"potentialAction":[{"@type":"SearchAction","target":{"@type":"EntryPoint","urlTemplate":"https:\/\/www.todoriego.com.ar\/site\/?s={search_term_string}"},"query-input":{"@type":"PropertyValueSpecification","valueRequired":true,"valueName":"search_term_string"}}],"inLanguage":"es-AR"},{"@type":"Organization","@id":"https:\/\/www.todoriego.com.ar\/site\/#organization","name":"Todoriego Insumos s.r.l.","url":"https:\/\/www.todoriego.com.ar\/site\/","logo":{"@type":"ImageObject","inLanguage":"es-AR","@id":"https:\/\/www.todoriego.com.ar\/site\/#\/schema\/logo\/image\/","url":"http:\/\/www.todoriego.com.ar\/site\/wp-content\/uploads\/2022\/07\/todoriego_marca.jpg","contentUrl":"http:\/\/www.todoriego.com.ar\/site\/wp-content\/uploads\/2022\/07\/todoriego_marca.jpg","width":731,"height":731,"caption":"Todoriego Insumos s.r.l."},"image":{"@id":"https:\/\/www.todoriego.com.ar\/site\/#\/schema\/logo\/image\/"},"sameAs":["https:\/\/www.facebook.com\/todoriegoinsumos\/","https:\/\/www.instagram.com\/todoriegoinsumos\/"]}]}},"_links":{"self":[{"href":"https:\/\/www.todoriego.com.ar\/site\/wp-json\/wp\/v2\/product\/8097","targetHints":{"allow":["GET"]}}],"collection":[{"href":"https:\/\/www.todoriego.com.ar\/site\/wp-json\/wp\/v2\/product"}],"about":[{"href":"https:\/\/www.todoriego.com.ar\/site\/wp-json\/wp\/v2\/types\/product"}],"wp:featuredmedia":[{"embeddable":true,"href":"https:\/\/www.todoriego.com.ar\/site\/wp-json\/wp\/v2\/media\/8098"}],"wp:attachment":[{"href":"https:\/\/www.todoriego.com.ar\/site\/wp-json\/wp\/v2\/media?parent=8097"}],"wp:term":[{"taxonomy":"product_brand","embeddable":true,"href":"https:\/\/www.todoriego.com.ar\/site\/wp-json\/wp\/v2\/product_brand?post=8097"},{"taxonomy":"product_cat","embeddable":true,"href":"https:\/\/www.todoriego.com.ar\/site\/wp-json\/wp\/v2\/product_cat?post=8097"},{"taxonomy":"product_tag","embeddable":true,"href":"https:\/\/www.todoriego.com.ar\/site\/wp-json\/wp\/v2\/product_tag?post=8097"}],"curies":[{"name":"wp","href":"https:\/\/api.w.org\/{rel}","templated":true}]}}