{"id":8099,"date":"2022-03-17T17:48:51","date_gmt":"2022-03-17T20:48:51","guid":{"rendered":"http:\/\/www.todoriego.com.ar\/site\/?post_type=product&#038;p=8099"},"modified":"2022-03-17T17:52:39","modified_gmt":"2022-03-17T20:52:39","slug":"rainbird-aspersor-xlr","status":"publish","type":"product","link":"https:\/\/www.todoriego.com.ar\/site\/producto\/rainbird-aspersor-xlr\/","title":{"rendered":"Ca\u00f1on Aspersor Serie XLR"},"content":{"rendered":"<p><strong>Caracter\u00edsticas<\/strong><br \/>\n\u2022 El rotor de largo alcance m\u00e1s avanzado del mundo<br \/>\n\u2022 Velocidad constante independiente de la presi\u00f3n y caudal de funcionamiento.<br \/>\n\u2022 El deflector de agua distribuye el agua de manera uniforme en toda la distancia de alcance.<br \/>\n\u2022 Dise\u00f1o de bid\u00f3n y tobera optimizado para maximizar el alcance<br \/>\n\u2022 La tobera es un 54% m\u00e1s grande que los tama\u00f1os de la competencia<br \/>\n\u2022 La selecci\u00f3n de materiales innovadores maximiza la eficiencia del movimiento<br \/>\n\u2022 C\u00edrculo completo y parcial (de 20 a 340\u00b0) en una sola unidad<br \/>\n\u2022 El modelo de trayectoria ajustable proporciona lo m\u00e1ximo en adaptabilidad.<br \/>\n\u2022 Disyuntor de chorro opcional que mejora la uniformidad de la distribuci\u00f3n.<br \/>\n\u2022 9 opciones de toberas (se venden por separado).<br \/>\n\u2022 Solo 2 componentes reparables en el campo; fabricados para garantizar su durabilidad.<\/p>\n<p><strong>Especificaciones<\/strong><br \/>\n\u2022 Radio: de 81 a 177 pies (de 25,6 a 57,3 m)<br \/>\n\u2022 Presi\u00f3n: de 30 a 120 psi (de 2,1 a 8,3 bares)<br \/>\n\u2022 Caudal: 35 a 379 gpm (7,9 a 86,1 m3\/h).<br \/>\n\u2022 Entrada: 2&#8243; NPT, 2&#8243; BSP o brida de 2&#8243;<br \/>\n\u2022 Trayectoria de la tobera: 24\u00b0 fija, 44\u00b0 fija o ajustable (15\u00b0 a 45\u00b0)<\/p>\n","protected":false},"excerpt":{"rendered":"<p><strong>El rotor de largo alcance m\u00e1s avanzado del mundo<\/strong><br \/>\nEn numerosas aplicaciones, la capacidad de regar extensas superficies con rapidez y eficacia mediante un peque\u00f1o grupo de aspersores de largo alcance marca una diferencia clave. Ahorro de agua, tiempo y dinero: es lo que ofrece la serie XLR de Rain Bird\u00ae. Dise\u00f1ados con los est\u00e1ndares de calidad m\u00e1s elevados y dotados de innovaciones l\u00edderes en su sector de ahorro de agua y dinero, los ca\u00f1ones de riego de la serie XLR de Rain Bird superan el rendimiento y la duraci\u00f3n de los rotores de impacto de largo alcance de la competencia.<\/p>\n","protected":false},"featured_media":8100,"template":"","meta":{"_acf_changed":false},"product_brand":[],"product_cat":[32,50],"product_tag":[],"class_list":{"0":"post-8099","1":"product","2":"type-product","3":"status-publish","4":"has-post-thumbnail","6":"product_cat-riego-por-aspersion","7":"product_cat-linea-rain-bird","9":"first","10":"instock","11":"shipping-taxable","12":"product-type-simple"},"acf":[],"yoast_head":"<!-- This site is optimized with the Yoast SEO plugin v27.5 - https:\/\/yoast.com\/product\/yoast-seo-wordpress\/ -->\n<title>Ca\u00f1on Aspersor Serie XLR - Todoriego Insumos SRL<\/title>\n<meta name=\"robots\" content=\"index, follow, max-snippet:-1, max-image-preview:large, max-video-preview:-1\" \/>\n<link rel=\"canonical\" href=\"https:\/\/www.todoriego.com.ar\/site\/producto\/rainbird-aspersor-xlr\/\" \/>\n<meta property=\"og:locale\" content=\"es_ES\" \/>\n<meta property=\"og:type\" content=\"article\" \/>\n<meta property=\"og:title\" content=\"Ca\u00f1on Aspersor Serie XLR - Todoriego Insumos SRL\" \/>\n<meta property=\"og:description\" content=\"El rotor de largo alcance m\u00e1s avanzado del mundo En numerosas aplicaciones, la capacidad de regar extensas superficies con rapidez y eficacia mediante un peque\u00f1o grupo de aspersores de largo alcance marca una diferencia clave. Ahorro de agua, tiempo y dinero: es lo que ofrece la serie XLR de Rain Bird\u00ae. Dise\u00f1ados con los est\u00e1ndares de calidad m\u00e1s elevados y dotados de innovaciones l\u00edderes en su sector de ahorro de agua y dinero, los ca\u00f1ones de riego de la serie XLR de Rain Bird superan el rendimiento y la duraci\u00f3n de los rotores de impacto de largo alcance de la competencia.\" \/>\n<meta property=\"og:url\" content=\"https:\/\/www.todoriego.com.ar\/site\/producto\/rainbird-aspersor-xlr\/\" \/>\n<meta property=\"og:site_name\" content=\"Todoriego Insumos SRL\" \/>\n<meta property=\"article:publisher\" content=\"https:\/\/www.facebook.com\/todoriegoinsumos\/\" \/>\n<meta property=\"article:modified_time\" content=\"2022-03-17T20:52:39+00:00\" \/>\n<meta property=\"og:image\" content=\"https:\/\/www.todoriego.com.ar\/site\/wp-content\/uploads\/2022\/03\/aspersor_RB_XLR.png\" \/>\n\t<meta property=\"og:image:width\" content=\"600\" \/>\n\t<meta property=\"og:image:height\" content=\"600\" \/>\n\t<meta property=\"og:image:type\" content=\"image\/png\" \/>\n<meta name=\"twitter:card\" content=\"summary_large_image\" \/>\n<meta name=\"twitter:label1\" content=\"Tiempo de lectura\" \/>\n\t<meta name=\"twitter:data1\" content=\"1 minuto\" \/>\n<script type=\"application\/ld+json\" class=\"yoast-schema-graph\">{\"@context\":\"https:\\\/\\\/schema.org\",\"@graph\":[{\"@type\":\"WebPage\",\"@id\":\"https:\\\/\\\/www.todoriego.com.ar\\\/site\\\/producto\\\/rainbird-aspersor-xlr\\\/\",\"url\":\"https:\\\/\\\/www.todoriego.com.ar\\\/site\\\/producto\\\/rainbird-aspersor-xlr\\\/\",\"name\":\"Ca\u00f1on Aspersor Serie XLR - Todoriego Insumos SRL\",\"isPartOf\":{\"@id\":\"https:\\\/\\\/www.todoriego.com.ar\\\/site\\\/#website\"},\"primaryImageOfPage\":{\"@id\":\"https:\\\/\\\/www.todoriego.com.ar\\\/site\\\/producto\\\/rainbird-aspersor-xlr\\\/#primaryimage\"},\"image\":{\"@id\":\"https:\\\/\\\/www.todoriego.com.ar\\\/site\\\/producto\\\/rainbird-aspersor-xlr\\\/#primaryimage\"},\"thumbnailUrl\":\"https:\\\/\\\/www.todoriego.com.ar\\\/site\\\/wp-content\\\/uploads\\\/2022\\\/03\\\/aspersor_RB_XLR.png\",\"datePublished\":\"2022-03-17T20:48:51+00:00\",\"dateModified\":\"2022-03-17T20:52:39+00:00\",\"breadcrumb\":{\"@id\":\"https:\\\/\\\/www.todoriego.com.ar\\\/site\\\/producto\\\/rainbird-aspersor-xlr\\\/#breadcrumb\"},\"inLanguage\":\"es-AR\",\"potentialAction\":[{\"@type\":\"ReadAction\",\"target\":[\"https:\\\/\\\/www.todoriego.com.ar\\\/site\\\/producto\\\/rainbird-aspersor-xlr\\\/\"]}]},{\"@type\":\"ImageObject\",\"inLanguage\":\"es-AR\",\"@id\":\"https:\\\/\\\/www.todoriego.com.ar\\\/site\\\/producto\\\/rainbird-aspersor-xlr\\\/#primaryimage\",\"url\":\"https:\\\/\\\/www.todoriego.com.ar\\\/site\\\/wp-content\\\/uploads\\\/2022\\\/03\\\/aspersor_RB_XLR.png\",\"contentUrl\":\"https:\\\/\\\/www.todoriego.com.ar\\\/site\\\/wp-content\\\/uploads\\\/2022\\\/03\\\/aspersor_RB_XLR.png\",\"width\":600,\"height\":600},{\"@type\":\"BreadcrumbList\",\"@id\":\"https:\\\/\\\/www.todoriego.com.ar\\\/site\\\/producto\\\/rainbird-aspersor-xlr\\\/#breadcrumb\",\"itemListElement\":[{\"@type\":\"ListItem\",\"position\":1,\"name\":\"Inicio\",\"item\":\"https:\\\/\\\/www.todoriego.com.ar\\\/site\\\/\"},{\"@type\":\"ListItem\",\"position\":2,\"name\":\"Tienda\",\"item\":\"https:\\\/\\\/www.todoriego.com.ar\\\/site\\\/tienda\\\/\"},{\"@type\":\"ListItem\",\"position\":3,\"name\":\"Ca\u00f1on Aspersor Serie XLR\"}]},{\"@type\":\"WebSite\",\"@id\":\"https:\\\/\\\/www.todoriego.com.ar\\\/site\\\/#website\",\"url\":\"https:\\\/\\\/www.todoriego.com.ar\\\/site\\\/\",\"name\":\"Todoriego Insumos SRL\",\"description\":\"Sabemos hacer riego\",\"publisher\":{\"@id\":\"https:\\\/\\\/www.todoriego.com.ar\\\/site\\\/#organization\"},\"potentialAction\":[{\"@type\":\"SearchAction\",\"target\":{\"@type\":\"EntryPoint\",\"urlTemplate\":\"https:\\\/\\\/www.todoriego.com.ar\\\/site\\\/?s={search_term_string}\"},\"query-input\":{\"@type\":\"PropertyValueSpecification\",\"valueRequired\":true,\"valueName\":\"search_term_string\"}}],\"inLanguage\":\"es-AR\"},{\"@type\":\"Organization\",\"@id\":\"https:\\\/\\\/www.todoriego.com.ar\\\/site\\\/#organization\",\"name\":\"Todoriego Insumos s.r.l.\",\"url\":\"https:\\\/\\\/www.todoriego.com.ar\\\/site\\\/\",\"logo\":{\"@type\":\"ImageObject\",\"inLanguage\":\"es-AR\",\"@id\":\"https:\\\/\\\/www.todoriego.com.ar\\\/site\\\/#\\\/schema\\\/logo\\\/image\\\/\",\"url\":\"http:\\\/\\\/www.todoriego.com.ar\\\/site\\\/wp-content\\\/uploads\\\/2022\\\/07\\\/todoriego_marca.jpg\",\"contentUrl\":\"http:\\\/\\\/www.todoriego.com.ar\\\/site\\\/wp-content\\\/uploads\\\/2022\\\/07\\\/todoriego_marca.jpg\",\"width\":731,\"height\":731,\"caption\":\"Todoriego Insumos s.r.l.\"},\"image\":{\"@id\":\"https:\\\/\\\/www.todoriego.com.ar\\\/site\\\/#\\\/schema\\\/logo\\\/image\\\/\"},\"sameAs\":[\"https:\\\/\\\/www.facebook.com\\\/todoriegoinsumos\\\/\",\"https:\\\/\\\/www.instagram.com\\\/todoriegoinsumos\\\/\"]}]}<\/script>\n<!-- \/ Yoast SEO plugin. -->","yoast_head_json":{"title":"Ca\u00f1on Aspersor Serie XLR - Todoriego Insumos SRL","robots":{"index":"index","follow":"follow","max-snippet":"max-snippet:-1","max-image-preview":"max-image-preview:large","max-video-preview":"max-video-preview:-1"},"canonical":"https:\/\/www.todoriego.com.ar\/site\/producto\/rainbird-aspersor-xlr\/","og_locale":"es_ES","og_type":"article","og_title":"Ca\u00f1on Aspersor Serie XLR - Todoriego Insumos SRL","og_description":"El rotor de largo alcance m\u00e1s avanzado del mundo En numerosas aplicaciones, la capacidad de regar extensas superficies con rapidez y eficacia mediante un peque\u00f1o grupo de aspersores de largo alcance marca una diferencia clave. Ahorro de agua, tiempo y dinero: es lo que ofrece la serie XLR de Rain Bird\u00ae. Dise\u00f1ados con los est\u00e1ndares de calidad m\u00e1s elevados y dotados de innovaciones l\u00edderes en su sector de ahorro de agua y dinero, los ca\u00f1ones de riego de la serie XLR de Rain Bird superan el rendimiento y la duraci\u00f3n de los rotores de impacto de largo alcance de la competencia.","og_url":"https:\/\/www.todoriego.com.ar\/site\/producto\/rainbird-aspersor-xlr\/","og_site_name":"Todoriego Insumos SRL","article_publisher":"https:\/\/www.facebook.com\/todoriegoinsumos\/","article_modified_time":"2022-03-17T20:52:39+00:00","og_image":[{"width":600,"height":600,"url":"https:\/\/www.todoriego.com.ar\/site\/wp-content\/uploads\/2022\/03\/aspersor_RB_XLR.png","type":"image\/png"}],"twitter_card":"summary_large_image","twitter_misc":{"Tiempo de lectura":"1 minuto"},"schema":{"@context":"https:\/\/schema.org","@graph":[{"@type":"WebPage","@id":"https:\/\/www.todoriego.com.ar\/site\/producto\/rainbird-aspersor-xlr\/","url":"https:\/\/www.todoriego.com.ar\/site\/producto\/rainbird-aspersor-xlr\/","name":"Ca\u00f1on Aspersor Serie XLR - Todoriego Insumos SRL","isPartOf":{"@id":"https:\/\/www.todoriego.com.ar\/site\/#website"},"primaryImageOfPage":{"@id":"https:\/\/www.todoriego.com.ar\/site\/producto\/rainbird-aspersor-xlr\/#primaryimage"},"image":{"@id":"https:\/\/www.todoriego.com.ar\/site\/producto\/rainbird-aspersor-xlr\/#primaryimage"},"thumbnailUrl":"https:\/\/www.todoriego.com.ar\/site\/wp-content\/uploads\/2022\/03\/aspersor_RB_XLR.png","datePublished":"2022-03-17T20:48:51+00:00","dateModified":"2022-03-17T20:52:39+00:00","breadcrumb":{"@id":"https:\/\/www.todoriego.com.ar\/site\/producto\/rainbird-aspersor-xlr\/#breadcrumb"},"inLanguage":"es-AR","potentialAction":[{"@type":"ReadAction","target":["https:\/\/www.todoriego.com.ar\/site\/producto\/rainbird-aspersor-xlr\/"]}]},{"@type":"ImageObject","inLanguage":"es-AR","@id":"https:\/\/www.todoriego.com.ar\/site\/producto\/rainbird-aspersor-xlr\/#primaryimage","url":"https:\/\/www.todoriego.com.ar\/site\/wp-content\/uploads\/2022\/03\/aspersor_RB_XLR.png","contentUrl":"https:\/\/www.todoriego.com.ar\/site\/wp-content\/uploads\/2022\/03\/aspersor_RB_XLR.png","width":600,"height":600},{"@type":"BreadcrumbList","@id":"https:\/\/www.todoriego.com.ar\/site\/producto\/rainbird-aspersor-xlr\/#breadcrumb","itemListElement":[{"@type":"ListItem","position":1,"name":"Inicio","item":"https:\/\/www.todoriego.com.ar\/site\/"},{"@type":"ListItem","position":2,"name":"Tienda","item":"https:\/\/www.todoriego.com.ar\/site\/tienda\/"},{"@type":"ListItem","position":3,"name":"Ca\u00f1on Aspersor Serie XLR"}]},{"@type":"WebSite","@id":"https:\/\/www.todoriego.com.ar\/site\/#website","url":"https:\/\/www.todoriego.com.ar\/site\/","name":"Todoriego Insumos SRL","description":"Sabemos hacer riego","publisher":{"@id":"https:\/\/www.todoriego.com.ar\/site\/#organization"},"potentialAction":[{"@type":"SearchAction","target":{"@type":"EntryPoint","urlTemplate":"https:\/\/www.todoriego.com.ar\/site\/?s={search_term_string}"},"query-input":{"@type":"PropertyValueSpecification","valueRequired":true,"valueName":"search_term_string"}}],"inLanguage":"es-AR"},{"@type":"Organization","@id":"https:\/\/www.todoriego.com.ar\/site\/#organization","name":"Todoriego Insumos s.r.l.","url":"https:\/\/www.todoriego.com.ar\/site\/","logo":{"@type":"ImageObject","inLanguage":"es-AR","@id":"https:\/\/www.todoriego.com.ar\/site\/#\/schema\/logo\/image\/","url":"http:\/\/www.todoriego.com.ar\/site\/wp-content\/uploads\/2022\/07\/todoriego_marca.jpg","contentUrl":"http:\/\/www.todoriego.com.ar\/site\/wp-content\/uploads\/2022\/07\/todoriego_marca.jpg","width":731,"height":731,"caption":"Todoriego Insumos s.r.l."},"image":{"@id":"https:\/\/www.todoriego.com.ar\/site\/#\/schema\/logo\/image\/"},"sameAs":["https:\/\/www.facebook.com\/todoriegoinsumos\/","https:\/\/www.instagram.com\/todoriegoinsumos\/"]}]}},"_links":{"self":[{"href":"https:\/\/www.todoriego.com.ar\/site\/wp-json\/wp\/v2\/product\/8099","targetHints":{"allow":["GET"]}}],"collection":[{"href":"https:\/\/www.todoriego.com.ar\/site\/wp-json\/wp\/v2\/product"}],"about":[{"href":"https:\/\/www.todoriego.com.ar\/site\/wp-json\/wp\/v2\/types\/product"}],"wp:featuredmedia":[{"embeddable":true,"href":"https:\/\/www.todoriego.com.ar\/site\/wp-json\/wp\/v2\/media\/8100"}],"wp:attachment":[{"href":"https:\/\/www.todoriego.com.ar\/site\/wp-json\/wp\/v2\/media?parent=8099"}],"wp:term":[{"taxonomy":"product_brand","embeddable":true,"href":"https:\/\/www.todoriego.com.ar\/site\/wp-json\/wp\/v2\/product_brand?post=8099"},{"taxonomy":"product_cat","embeddable":true,"href":"https:\/\/www.todoriego.com.ar\/site\/wp-json\/wp\/v2\/product_cat?post=8099"},{"taxonomy":"product_tag","embeddable":true,"href":"https:\/\/www.todoriego.com.ar\/site\/wp-json\/wp\/v2\/product_tag?post=8099"}],"curies":[{"name":"wp","href":"https:\/\/api.w.org\/{rel}","templated":true}]}}