{"id":8258,"date":"2022-03-22T14:34:03","date_gmt":"2022-03-22T17:34:03","guid":{"rendered":"http:\/\/www.todoriego.com.ar\/site\/?post_type=product&#038;p=8258"},"modified":"2022-03-22T14:41:55","modified_gmt":"2022-03-22T17:41:55","slug":"aspersor-vyrsa-802","status":"publish","type":"product","link":"https:\/\/www.todoriego.com.ar\/site\/producto\/aspersor-vyrsa-802\/","title":{"rendered":"Aspersor VYR 802"},"content":{"rendered":"<p><strong>Caracter\u00edsticas<\/strong><br \/>\nAspersor de impacto a\u00e9reo de la &#8220;Serie AQUA-PRO&#8221; para jardiner\u00eda y agricultura hort\u00edcola, floricultura e invernaderos.<br \/>\nConexi\u00f3n macho de 1\/2&#8243;.<br \/>\nFabricado en pl\u00e1stico y acero inox.<br \/>\nJuntas de rotaci\u00f3n de alta resistencia.<br \/>\nPala con dise\u00f1o anti-salpicadura.<br \/>\nSistema de regulaci\u00f3n de tensi\u00f3n del muelle.<br \/>\n&#8220;Clip&#8221; superior para su colocaci\u00f3n dentro de una carcasa pop-up (VYR-962 AQUA-PRO).<br \/>\nSistema del sector de riego mediante la regulaci\u00f3n de omegas giratorias.<br \/>\nTornillo difusor rompe chorro regulable.<br \/>\nSu gran versatilidad y adaptaci\u00f3n a todo tipo de cultivos hacen de este modelo uno de los m\u00e1s comunes dentro del riego de bajo caudal.<\/p>\n<p><strong>Especificaciones<\/strong><br \/>\nAlcance: 10-13 m.<br \/>\nCaudal: 460 &#8211; 1,180 l\/h.<br \/>\nPresi\u00f3n de trabajo: 1,5 &#8211; 4 BAR.<br \/>\nSector: Circular o sectorial.<br \/>\nBoquillas: Una boquilla de bayoneta (colores).<br \/>\n\u00c1ngulos de trayectoria: 25\u00ba.<br \/>\nAltura m\u00e1xima de chorro: 2,5 m.<br \/>\nTiempo de rotaci\u00f3n: Dependiendo de la presi\u00f3n y boquillas es uniforme y continuo (ajustable).<br \/>\nCoeficiente de Uniformidad superior al 90% en marcos de 10x10R, 12x12T, 12x13T.<\/p>\n<p><strong>Aplicaciones<\/strong><br \/>\nJardines p\u00fablicos y privados.<br \/>\nPlantaciones hort\u00edcolas, floricultura y frutales.<\/p>\n","protected":false},"excerpt":{"rendered":"<p>Aspersor de impacto a\u00e9reo de la &#8220;Serie AQUA-PRO&#8221; para jardiner\u00eda y agricultura hort\u00edcola, floricultura e invernaderos.<br \/>\nFabricado en pl\u00e1stico delrin con rosca 1\/2&#8243; macho y pala con dise\u00f1o antisalpicadura.<br \/>\nSu gran versatilidad y adaptaci\u00f3n a todo tipo de cultivos hacen de este modelo uno de los m\u00e1s comunes dentro del riego de bajo caudal.<\/p>\n","protected":false},"featured_media":8259,"template":"","meta":{"_acf_changed":false},"product_brand":[],"product_cat":[32,52],"product_tag":[],"class_list":{"0":"post-8258","1":"product","2":"type-product","3":"status-publish","4":"has-post-thumbnail","6":"product_cat-riego-por-aspersion","7":"product_cat-linea-vyrsa","9":"first","10":"instock","11":"shipping-taxable","12":"product-type-simple"},"acf":[],"yoast_head":"<!-- This site is optimized with the Yoast SEO plugin v27.5 - https:\/\/yoast.com\/product\/yoast-seo-wordpress\/ -->\n<title>Aspersor VYR 802 - Todoriego Insumos SRL<\/title>\n<meta name=\"robots\" content=\"index, follow, max-snippet:-1, max-image-preview:large, max-video-preview:-1\" \/>\n<link rel=\"canonical\" href=\"https:\/\/www.todoriego.com.ar\/site\/producto\/aspersor-vyrsa-802\/\" \/>\n<meta property=\"og:locale\" content=\"es_ES\" \/>\n<meta property=\"og:type\" content=\"article\" \/>\n<meta property=\"og:title\" content=\"Aspersor VYR 802 - Todoriego Insumos SRL\" \/>\n<meta property=\"og:description\" content=\"Aspersor de impacto a\u00e9reo de la &quot;Serie AQUA-PRO&quot; para jardiner\u00eda y agricultura hort\u00edcola, floricultura e invernaderos. Fabricado en pl\u00e1stico delrin con rosca 1\/2&quot; macho y pala con dise\u00f1o antisalpicadura. Su gran versatilidad y adaptaci\u00f3n a todo tipo de cultivos hacen de este modelo uno de los m\u00e1s comunes dentro del riego de bajo caudal.\" \/>\n<meta property=\"og:url\" content=\"https:\/\/www.todoriego.com.ar\/site\/producto\/aspersor-vyrsa-802\/\" \/>\n<meta property=\"og:site_name\" content=\"Todoriego Insumos SRL\" \/>\n<meta property=\"article:publisher\" content=\"https:\/\/www.facebook.com\/todoriegoinsumos\/\" \/>\n<meta property=\"article:modified_time\" content=\"2022-03-22T17:41:55+00:00\" \/>\n<meta property=\"og:image\" content=\"https:\/\/www.todoriego.com.ar\/site\/wp-content\/uploads\/2022\/03\/aspersor_Vyrsa_802.png\" \/>\n\t<meta property=\"og:image:width\" content=\"600\" \/>\n\t<meta property=\"og:image:height\" content=\"600\" \/>\n\t<meta property=\"og:image:type\" content=\"image\/png\" \/>\n<meta name=\"twitter:card\" content=\"summary_large_image\" \/>\n<meta name=\"twitter:label1\" content=\"Tiempo de lectura\" \/>\n\t<meta name=\"twitter:data1\" content=\"1 minuto\" \/>\n<script type=\"application\/ld+json\" class=\"yoast-schema-graph\">{\"@context\":\"https:\\\/\\\/schema.org\",\"@graph\":[{\"@type\":\"WebPage\",\"@id\":\"https:\\\/\\\/www.todoriego.com.ar\\\/site\\\/producto\\\/aspersor-vyrsa-802\\\/\",\"url\":\"https:\\\/\\\/www.todoriego.com.ar\\\/site\\\/producto\\\/aspersor-vyrsa-802\\\/\",\"name\":\"Aspersor VYR 802 - Todoriego Insumos SRL\",\"isPartOf\":{\"@id\":\"https:\\\/\\\/www.todoriego.com.ar\\\/site\\\/#website\"},\"primaryImageOfPage\":{\"@id\":\"https:\\\/\\\/www.todoriego.com.ar\\\/site\\\/producto\\\/aspersor-vyrsa-802\\\/#primaryimage\"},\"image\":{\"@id\":\"https:\\\/\\\/www.todoriego.com.ar\\\/site\\\/producto\\\/aspersor-vyrsa-802\\\/#primaryimage\"},\"thumbnailUrl\":\"https:\\\/\\\/www.todoriego.com.ar\\\/site\\\/wp-content\\\/uploads\\\/2022\\\/03\\\/aspersor_Vyrsa_802.png\",\"datePublished\":\"2022-03-22T17:34:03+00:00\",\"dateModified\":\"2022-03-22T17:41:55+00:00\",\"breadcrumb\":{\"@id\":\"https:\\\/\\\/www.todoriego.com.ar\\\/site\\\/producto\\\/aspersor-vyrsa-802\\\/#breadcrumb\"},\"inLanguage\":\"es-AR\",\"potentialAction\":[{\"@type\":\"ReadAction\",\"target\":[\"https:\\\/\\\/www.todoriego.com.ar\\\/site\\\/producto\\\/aspersor-vyrsa-802\\\/\"]}]},{\"@type\":\"ImageObject\",\"inLanguage\":\"es-AR\",\"@id\":\"https:\\\/\\\/www.todoriego.com.ar\\\/site\\\/producto\\\/aspersor-vyrsa-802\\\/#primaryimage\",\"url\":\"https:\\\/\\\/www.todoriego.com.ar\\\/site\\\/wp-content\\\/uploads\\\/2022\\\/03\\\/aspersor_Vyrsa_802.png\",\"contentUrl\":\"https:\\\/\\\/www.todoriego.com.ar\\\/site\\\/wp-content\\\/uploads\\\/2022\\\/03\\\/aspersor_Vyrsa_802.png\",\"width\":600,\"height\":600},{\"@type\":\"BreadcrumbList\",\"@id\":\"https:\\\/\\\/www.todoriego.com.ar\\\/site\\\/producto\\\/aspersor-vyrsa-802\\\/#breadcrumb\",\"itemListElement\":[{\"@type\":\"ListItem\",\"position\":1,\"name\":\"Inicio\",\"item\":\"https:\\\/\\\/www.todoriego.com.ar\\\/site\\\/\"},{\"@type\":\"ListItem\",\"position\":2,\"name\":\"Tienda\",\"item\":\"https:\\\/\\\/www.todoriego.com.ar\\\/site\\\/tienda\\\/\"},{\"@type\":\"ListItem\",\"position\":3,\"name\":\"Aspersor VYR 802\"}]},{\"@type\":\"WebSite\",\"@id\":\"https:\\\/\\\/www.todoriego.com.ar\\\/site\\\/#website\",\"url\":\"https:\\\/\\\/www.todoriego.com.ar\\\/site\\\/\",\"name\":\"Todoriego Insumos SRL\",\"description\":\"Sabemos hacer riego\",\"publisher\":{\"@id\":\"https:\\\/\\\/www.todoriego.com.ar\\\/site\\\/#organization\"},\"potentialAction\":[{\"@type\":\"SearchAction\",\"target\":{\"@type\":\"EntryPoint\",\"urlTemplate\":\"https:\\\/\\\/www.todoriego.com.ar\\\/site\\\/?s={search_term_string}\"},\"query-input\":{\"@type\":\"PropertyValueSpecification\",\"valueRequired\":true,\"valueName\":\"search_term_string\"}}],\"inLanguage\":\"es-AR\"},{\"@type\":\"Organization\",\"@id\":\"https:\\\/\\\/www.todoriego.com.ar\\\/site\\\/#organization\",\"name\":\"Todoriego Insumos s.r.l.\",\"url\":\"https:\\\/\\\/www.todoriego.com.ar\\\/site\\\/\",\"logo\":{\"@type\":\"ImageObject\",\"inLanguage\":\"es-AR\",\"@id\":\"https:\\\/\\\/www.todoriego.com.ar\\\/site\\\/#\\\/schema\\\/logo\\\/image\\\/\",\"url\":\"http:\\\/\\\/www.todoriego.com.ar\\\/site\\\/wp-content\\\/uploads\\\/2022\\\/07\\\/todoriego_marca.jpg\",\"contentUrl\":\"http:\\\/\\\/www.todoriego.com.ar\\\/site\\\/wp-content\\\/uploads\\\/2022\\\/07\\\/todoriego_marca.jpg\",\"width\":731,\"height\":731,\"caption\":\"Todoriego Insumos s.r.l.\"},\"image\":{\"@id\":\"https:\\\/\\\/www.todoriego.com.ar\\\/site\\\/#\\\/schema\\\/logo\\\/image\\\/\"},\"sameAs\":[\"https:\\\/\\\/www.facebook.com\\\/todoriegoinsumos\\\/\",\"https:\\\/\\\/www.instagram.com\\\/todoriegoinsumos\\\/\"]}]}<\/script>\n<!-- \/ Yoast SEO plugin. -->","yoast_head_json":{"title":"Aspersor VYR 802 - Todoriego Insumos SRL","robots":{"index":"index","follow":"follow","max-snippet":"max-snippet:-1","max-image-preview":"max-image-preview:large","max-video-preview":"max-video-preview:-1"},"canonical":"https:\/\/www.todoriego.com.ar\/site\/producto\/aspersor-vyrsa-802\/","og_locale":"es_ES","og_type":"article","og_title":"Aspersor VYR 802 - Todoriego Insumos SRL","og_description":"Aspersor de impacto a\u00e9reo de la \"Serie AQUA-PRO\" para jardiner\u00eda y agricultura hort\u00edcola, floricultura e invernaderos. Fabricado en pl\u00e1stico delrin con rosca 1\/2\" macho y pala con dise\u00f1o antisalpicadura. Su gran versatilidad y adaptaci\u00f3n a todo tipo de cultivos hacen de este modelo uno de los m\u00e1s comunes dentro del riego de bajo caudal.","og_url":"https:\/\/www.todoriego.com.ar\/site\/producto\/aspersor-vyrsa-802\/","og_site_name":"Todoriego Insumos SRL","article_publisher":"https:\/\/www.facebook.com\/todoriegoinsumos\/","article_modified_time":"2022-03-22T17:41:55+00:00","og_image":[{"width":600,"height":600,"url":"https:\/\/www.todoriego.com.ar\/site\/wp-content\/uploads\/2022\/03\/aspersor_Vyrsa_802.png","type":"image\/png"}],"twitter_card":"summary_large_image","twitter_misc":{"Tiempo de lectura":"1 minuto"},"schema":{"@context":"https:\/\/schema.org","@graph":[{"@type":"WebPage","@id":"https:\/\/www.todoriego.com.ar\/site\/producto\/aspersor-vyrsa-802\/","url":"https:\/\/www.todoriego.com.ar\/site\/producto\/aspersor-vyrsa-802\/","name":"Aspersor VYR 802 - Todoriego Insumos SRL","isPartOf":{"@id":"https:\/\/www.todoriego.com.ar\/site\/#website"},"primaryImageOfPage":{"@id":"https:\/\/www.todoriego.com.ar\/site\/producto\/aspersor-vyrsa-802\/#primaryimage"},"image":{"@id":"https:\/\/www.todoriego.com.ar\/site\/producto\/aspersor-vyrsa-802\/#primaryimage"},"thumbnailUrl":"https:\/\/www.todoriego.com.ar\/site\/wp-content\/uploads\/2022\/03\/aspersor_Vyrsa_802.png","datePublished":"2022-03-22T17:34:03+00:00","dateModified":"2022-03-22T17:41:55+00:00","breadcrumb":{"@id":"https:\/\/www.todoriego.com.ar\/site\/producto\/aspersor-vyrsa-802\/#breadcrumb"},"inLanguage":"es-AR","potentialAction":[{"@type":"ReadAction","target":["https:\/\/www.todoriego.com.ar\/site\/producto\/aspersor-vyrsa-802\/"]}]},{"@type":"ImageObject","inLanguage":"es-AR","@id":"https:\/\/www.todoriego.com.ar\/site\/producto\/aspersor-vyrsa-802\/#primaryimage","url":"https:\/\/www.todoriego.com.ar\/site\/wp-content\/uploads\/2022\/03\/aspersor_Vyrsa_802.png","contentUrl":"https:\/\/www.todoriego.com.ar\/site\/wp-content\/uploads\/2022\/03\/aspersor_Vyrsa_802.png","width":600,"height":600},{"@type":"BreadcrumbList","@id":"https:\/\/www.todoriego.com.ar\/site\/producto\/aspersor-vyrsa-802\/#breadcrumb","itemListElement":[{"@type":"ListItem","position":1,"name":"Inicio","item":"https:\/\/www.todoriego.com.ar\/site\/"},{"@type":"ListItem","position":2,"name":"Tienda","item":"https:\/\/www.todoriego.com.ar\/site\/tienda\/"},{"@type":"ListItem","position":3,"name":"Aspersor VYR 802"}]},{"@type":"WebSite","@id":"https:\/\/www.todoriego.com.ar\/site\/#website","url":"https:\/\/www.todoriego.com.ar\/site\/","name":"Todoriego Insumos SRL","description":"Sabemos hacer riego","publisher":{"@id":"https:\/\/www.todoriego.com.ar\/site\/#organization"},"potentialAction":[{"@type":"SearchAction","target":{"@type":"EntryPoint","urlTemplate":"https:\/\/www.todoriego.com.ar\/site\/?s={search_term_string}"},"query-input":{"@type":"PropertyValueSpecification","valueRequired":true,"valueName":"search_term_string"}}],"inLanguage":"es-AR"},{"@type":"Organization","@id":"https:\/\/www.todoriego.com.ar\/site\/#organization","name":"Todoriego Insumos s.r.l.","url":"https:\/\/www.todoriego.com.ar\/site\/","logo":{"@type":"ImageObject","inLanguage":"es-AR","@id":"https:\/\/www.todoriego.com.ar\/site\/#\/schema\/logo\/image\/","url":"http:\/\/www.todoriego.com.ar\/site\/wp-content\/uploads\/2022\/07\/todoriego_marca.jpg","contentUrl":"http:\/\/www.todoriego.com.ar\/site\/wp-content\/uploads\/2022\/07\/todoriego_marca.jpg","width":731,"height":731,"caption":"Todoriego Insumos s.r.l."},"image":{"@id":"https:\/\/www.todoriego.com.ar\/site\/#\/schema\/logo\/image\/"},"sameAs":["https:\/\/www.facebook.com\/todoriegoinsumos\/","https:\/\/www.instagram.com\/todoriegoinsumos\/"]}]}},"_links":{"self":[{"href":"https:\/\/www.todoriego.com.ar\/site\/wp-json\/wp\/v2\/product\/8258","targetHints":{"allow":["GET"]}}],"collection":[{"href":"https:\/\/www.todoriego.com.ar\/site\/wp-json\/wp\/v2\/product"}],"about":[{"href":"https:\/\/www.todoriego.com.ar\/site\/wp-json\/wp\/v2\/types\/product"}],"wp:featuredmedia":[{"embeddable":true,"href":"https:\/\/www.todoriego.com.ar\/site\/wp-json\/wp\/v2\/media\/8259"}],"wp:attachment":[{"href":"https:\/\/www.todoriego.com.ar\/site\/wp-json\/wp\/v2\/media?parent=8258"}],"wp:term":[{"taxonomy":"product_brand","embeddable":true,"href":"https:\/\/www.todoriego.com.ar\/site\/wp-json\/wp\/v2\/product_brand?post=8258"},{"taxonomy":"product_cat","embeddable":true,"href":"https:\/\/www.todoriego.com.ar\/site\/wp-json\/wp\/v2\/product_cat?post=8258"},{"taxonomy":"product_tag","embeddable":true,"href":"https:\/\/www.todoriego.com.ar\/site\/wp-json\/wp\/v2\/product_tag?post=8258"}],"curies":[{"name":"wp","href":"https:\/\/api.w.org\/{rel}","templated":true}]}}