{"id":8260,"date":"2022-03-22T14:42:03","date_gmt":"2022-03-22T17:42:03","guid":{"rendered":"http:\/\/www.todoriego.com.ar\/site\/?post_type=product&#038;p=8260"},"modified":"2022-03-22T14:52:47","modified_gmt":"2022-03-22T17:52:47","slug":"aspersor-vyr-26","status":"publish","type":"product","link":"https:\/\/www.todoriego.com.ar\/site\/producto\/aspersor-vyr-26\/","title":{"rendered":"Aspersor VYR 26"},"content":{"rendered":"<p><strong>Caracter\u00edsticas<\/strong><br \/>\nEste aspersor est\u00e1 fabricado en pl\u00e1stico y es considerado como un modelo de bajo caudal con conexi\u00f3n macho de 1\/2&#8243;.<br \/>\nEl VYR-26 cuenta con dos boquillas con 26\u00ba y 18\u00ba aunque puede funcionar solo con la boquilla de ataque (boquilla que impulsa la pala) colocando un tap\u00f3n en la boquilla secundaria o de cola.<br \/>\nSu eje y muelles est\u00e1n fabricados en acero inoxidable, y sus juntas t\u00f3ricas y arandelas en acero inoxidable, tefl\u00f3n y policarbonatos son especiales para resistir al contacto con los fertilizantes m\u00e1s agresivos del mercado.<br \/>\nLa amplia gama de boquillas de pl\u00e1stico de diferentes colores para su f\u00e1cil diferenciaci\u00f3n ofrecen un gran n\u00famero de combinaciones posibles. Este aspersor est\u00e1 dise\u00f1ado para trabajar bajo unos rangos de caudal entre 168 y 1450 l\/h, a una presi\u00f3n nominal entre 1 y 3,5 BAR, con un alcance de cobertura entre los 21 y 24 metros de di\u00e1metro.<br \/>\nEl aspersor VYR-26 puede trabajar con una o dos boquillas; la boquilla principal tiene 26\u00ba de inclinaci\u00f3n respecto al plano horizontal y la secundaria 8\u00ba. Su tiempo medio de rotaci\u00f3n viene a ser de aproximadamente unos 40 seg. \/360 (2 BAR, 4,40&#215;2, 40mm).<br \/>\nEs muy utilizado en marcos de riego de 10&#215;10 sobre el sistema AGRO-STAND para el riego de todo tipo de hortalizas.<\/p>\n<p><strong>Especificaciones<\/strong><br \/>\nAlcance: 8-12 m.<br \/>\nCaudal: 168 &#8211; 1450 l\/h.<br \/>\nPresi\u00f3n de trabajo: 1,5 &#8211; 3,5 BAR.<br \/>\nSector: Circular.<br \/>\nBoquillas: Dos boquillas, una de largo alcance y otra de corto alcance (2,4 x 2,5 mm est\u00e1ndar).<br \/>\n\u00c1ngulos de trayectoria: 26\u00ba y 18\u00ba.<br \/>\nAltura m\u00e1xima de chorro: 3 m.<br \/>\nTiempo de rotaci\u00f3n: Dependiendo de la presi\u00f3n y boquillas es uniforme y continuo (ajustable).<br \/>\nCoeficiente de Uniformidad superior al 90% en marcos de 10x10R, 12x10T.<\/p>\n<p><strong>Aplicaciones<\/strong><br \/>\nRiegos de bajo caudal como algod\u00f3n, plantas hort\u00edcolas, floricultura, fresa y similares.<\/p>\n","protected":false},"excerpt":{"rendered":"<p>Aspersor de bajo caudal.<br \/>\nConexi\u00f3n macho de 1\/2&#8243;. Fabricado en pl\u00e1stico y acero inox.<br \/>\nJuntas de rotaci\u00f3n de alta resistencia. Boquillas de bayoneta &#8220;clik&#8221; con c\u00f3digo de colores para su f\u00e1cil diferenciaci\u00f3n. Modelos para GERMINACI\u00d3N con giro m\u00e1s r\u00e1pido.<\/p>\n","protected":false},"featured_media":8261,"template":"","meta":{"_acf_changed":false},"product_brand":[],"product_cat":[32,52],"product_tag":[],"class_list":{"0":"post-8260","1":"product","2":"type-product","3":"status-publish","4":"has-post-thumbnail","6":"product_cat-riego-por-aspersion","7":"product_cat-linea-vyrsa","9":"first","10":"instock","11":"shipping-taxable","12":"product-type-simple"},"acf":[],"yoast_head":"<!-- This site is optimized with the Yoast SEO plugin v27.5 - https:\/\/yoast.com\/product\/yoast-seo-wordpress\/ -->\n<title>Aspersor VYR 26 - Todoriego Insumos SRL<\/title>\n<meta name=\"robots\" content=\"index, follow, max-snippet:-1, max-image-preview:large, max-video-preview:-1\" \/>\n<link rel=\"canonical\" href=\"https:\/\/www.todoriego.com.ar\/site\/producto\/aspersor-vyr-26\/\" \/>\n<meta property=\"og:locale\" content=\"es_ES\" \/>\n<meta property=\"og:type\" content=\"article\" \/>\n<meta property=\"og:title\" content=\"Aspersor VYR 26 - Todoriego Insumos SRL\" \/>\n<meta property=\"og:description\" content=\"Aspersor de bajo caudal. Conexi\u00f3n macho de 1\/2&quot;. Fabricado en pl\u00e1stico y acero inox. Juntas de rotaci\u00f3n de alta resistencia. Boquillas de bayoneta &quot;clik&quot; con c\u00f3digo de colores para su f\u00e1cil diferenciaci\u00f3n. Modelos para GERMINACI\u00d3N con giro m\u00e1s r\u00e1pido.\" \/>\n<meta property=\"og:url\" content=\"https:\/\/www.todoriego.com.ar\/site\/producto\/aspersor-vyr-26\/\" \/>\n<meta property=\"og:site_name\" content=\"Todoriego Insumos SRL\" \/>\n<meta property=\"article:publisher\" content=\"https:\/\/www.facebook.com\/todoriegoinsumos\/\" \/>\n<meta property=\"article:modified_time\" content=\"2022-03-22T17:52:47+00:00\" \/>\n<meta property=\"og:image\" content=\"https:\/\/www.todoriego.com.ar\/site\/wp-content\/uploads\/2022\/03\/aspersor_Vyrsa_26.png\" \/>\n\t<meta property=\"og:image:width\" content=\"600\" \/>\n\t<meta property=\"og:image:height\" content=\"600\" \/>\n\t<meta property=\"og:image:type\" content=\"image\/png\" \/>\n<meta name=\"twitter:card\" content=\"summary_large_image\" \/>\n<meta name=\"twitter:label1\" content=\"Tiempo de lectura\" \/>\n\t<meta name=\"twitter:data1\" content=\"2 minutos\" \/>\n<script type=\"application\/ld+json\" class=\"yoast-schema-graph\">{\"@context\":\"https:\\\/\\\/schema.org\",\"@graph\":[{\"@type\":\"WebPage\",\"@id\":\"https:\\\/\\\/www.todoriego.com.ar\\\/site\\\/producto\\\/aspersor-vyr-26\\\/\",\"url\":\"https:\\\/\\\/www.todoriego.com.ar\\\/site\\\/producto\\\/aspersor-vyr-26\\\/\",\"name\":\"Aspersor VYR 26 - Todoriego Insumos SRL\",\"isPartOf\":{\"@id\":\"https:\\\/\\\/www.todoriego.com.ar\\\/site\\\/#website\"},\"primaryImageOfPage\":{\"@id\":\"https:\\\/\\\/www.todoriego.com.ar\\\/site\\\/producto\\\/aspersor-vyr-26\\\/#primaryimage\"},\"image\":{\"@id\":\"https:\\\/\\\/www.todoriego.com.ar\\\/site\\\/producto\\\/aspersor-vyr-26\\\/#primaryimage\"},\"thumbnailUrl\":\"https:\\\/\\\/www.todoriego.com.ar\\\/site\\\/wp-content\\\/uploads\\\/2022\\\/03\\\/aspersor_Vyrsa_26.png\",\"datePublished\":\"2022-03-22T17:42:03+00:00\",\"dateModified\":\"2022-03-22T17:52:47+00:00\",\"breadcrumb\":{\"@id\":\"https:\\\/\\\/www.todoriego.com.ar\\\/site\\\/producto\\\/aspersor-vyr-26\\\/#breadcrumb\"},\"inLanguage\":\"es-AR\",\"potentialAction\":[{\"@type\":\"ReadAction\",\"target\":[\"https:\\\/\\\/www.todoriego.com.ar\\\/site\\\/producto\\\/aspersor-vyr-26\\\/\"]}]},{\"@type\":\"ImageObject\",\"inLanguage\":\"es-AR\",\"@id\":\"https:\\\/\\\/www.todoriego.com.ar\\\/site\\\/producto\\\/aspersor-vyr-26\\\/#primaryimage\",\"url\":\"https:\\\/\\\/www.todoriego.com.ar\\\/site\\\/wp-content\\\/uploads\\\/2022\\\/03\\\/aspersor_Vyrsa_26.png\",\"contentUrl\":\"https:\\\/\\\/www.todoriego.com.ar\\\/site\\\/wp-content\\\/uploads\\\/2022\\\/03\\\/aspersor_Vyrsa_26.png\",\"width\":600,\"height\":600},{\"@type\":\"BreadcrumbList\",\"@id\":\"https:\\\/\\\/www.todoriego.com.ar\\\/site\\\/producto\\\/aspersor-vyr-26\\\/#breadcrumb\",\"itemListElement\":[{\"@type\":\"ListItem\",\"position\":1,\"name\":\"Inicio\",\"item\":\"https:\\\/\\\/www.todoriego.com.ar\\\/site\\\/\"},{\"@type\":\"ListItem\",\"position\":2,\"name\":\"Tienda\",\"item\":\"https:\\\/\\\/www.todoriego.com.ar\\\/site\\\/tienda\\\/\"},{\"@type\":\"ListItem\",\"position\":3,\"name\":\"Aspersor VYR 26\"}]},{\"@type\":\"WebSite\",\"@id\":\"https:\\\/\\\/www.todoriego.com.ar\\\/site\\\/#website\",\"url\":\"https:\\\/\\\/www.todoriego.com.ar\\\/site\\\/\",\"name\":\"Todoriego Insumos SRL\",\"description\":\"Sabemos hacer riego\",\"publisher\":{\"@id\":\"https:\\\/\\\/www.todoriego.com.ar\\\/site\\\/#organization\"},\"potentialAction\":[{\"@type\":\"SearchAction\",\"target\":{\"@type\":\"EntryPoint\",\"urlTemplate\":\"https:\\\/\\\/www.todoriego.com.ar\\\/site\\\/?s={search_term_string}\"},\"query-input\":{\"@type\":\"PropertyValueSpecification\",\"valueRequired\":true,\"valueName\":\"search_term_string\"}}],\"inLanguage\":\"es-AR\"},{\"@type\":\"Organization\",\"@id\":\"https:\\\/\\\/www.todoriego.com.ar\\\/site\\\/#organization\",\"name\":\"Todoriego Insumos s.r.l.\",\"url\":\"https:\\\/\\\/www.todoriego.com.ar\\\/site\\\/\",\"logo\":{\"@type\":\"ImageObject\",\"inLanguage\":\"es-AR\",\"@id\":\"https:\\\/\\\/www.todoriego.com.ar\\\/site\\\/#\\\/schema\\\/logo\\\/image\\\/\",\"url\":\"http:\\\/\\\/www.todoriego.com.ar\\\/site\\\/wp-content\\\/uploads\\\/2022\\\/07\\\/todoriego_marca.jpg\",\"contentUrl\":\"http:\\\/\\\/www.todoriego.com.ar\\\/site\\\/wp-content\\\/uploads\\\/2022\\\/07\\\/todoriego_marca.jpg\",\"width\":731,\"height\":731,\"caption\":\"Todoriego Insumos s.r.l.\"},\"image\":{\"@id\":\"https:\\\/\\\/www.todoriego.com.ar\\\/site\\\/#\\\/schema\\\/logo\\\/image\\\/\"},\"sameAs\":[\"https:\\\/\\\/www.facebook.com\\\/todoriegoinsumos\\\/\",\"https:\\\/\\\/www.instagram.com\\\/todoriegoinsumos\\\/\"]}]}<\/script>\n<!-- \/ Yoast SEO plugin. -->","yoast_head_json":{"title":"Aspersor VYR 26 - Todoriego Insumos SRL","robots":{"index":"index","follow":"follow","max-snippet":"max-snippet:-1","max-image-preview":"max-image-preview:large","max-video-preview":"max-video-preview:-1"},"canonical":"https:\/\/www.todoriego.com.ar\/site\/producto\/aspersor-vyr-26\/","og_locale":"es_ES","og_type":"article","og_title":"Aspersor VYR 26 - Todoriego Insumos SRL","og_description":"Aspersor de bajo caudal. Conexi\u00f3n macho de 1\/2\". Fabricado en pl\u00e1stico y acero inox. Juntas de rotaci\u00f3n de alta resistencia. Boquillas de bayoneta \"clik\" con c\u00f3digo de colores para su f\u00e1cil diferenciaci\u00f3n. Modelos para GERMINACI\u00d3N con giro m\u00e1s r\u00e1pido.","og_url":"https:\/\/www.todoriego.com.ar\/site\/producto\/aspersor-vyr-26\/","og_site_name":"Todoriego Insumos SRL","article_publisher":"https:\/\/www.facebook.com\/todoriegoinsumos\/","article_modified_time":"2022-03-22T17:52:47+00:00","og_image":[{"width":600,"height":600,"url":"https:\/\/www.todoriego.com.ar\/site\/wp-content\/uploads\/2022\/03\/aspersor_Vyrsa_26.png","type":"image\/png"}],"twitter_card":"summary_large_image","twitter_misc":{"Tiempo de lectura":"2 minutos"},"schema":{"@context":"https:\/\/schema.org","@graph":[{"@type":"WebPage","@id":"https:\/\/www.todoriego.com.ar\/site\/producto\/aspersor-vyr-26\/","url":"https:\/\/www.todoriego.com.ar\/site\/producto\/aspersor-vyr-26\/","name":"Aspersor VYR 26 - Todoriego Insumos SRL","isPartOf":{"@id":"https:\/\/www.todoriego.com.ar\/site\/#website"},"primaryImageOfPage":{"@id":"https:\/\/www.todoriego.com.ar\/site\/producto\/aspersor-vyr-26\/#primaryimage"},"image":{"@id":"https:\/\/www.todoriego.com.ar\/site\/producto\/aspersor-vyr-26\/#primaryimage"},"thumbnailUrl":"https:\/\/www.todoriego.com.ar\/site\/wp-content\/uploads\/2022\/03\/aspersor_Vyrsa_26.png","datePublished":"2022-03-22T17:42:03+00:00","dateModified":"2022-03-22T17:52:47+00:00","breadcrumb":{"@id":"https:\/\/www.todoriego.com.ar\/site\/producto\/aspersor-vyr-26\/#breadcrumb"},"inLanguage":"es-AR","potentialAction":[{"@type":"ReadAction","target":["https:\/\/www.todoriego.com.ar\/site\/producto\/aspersor-vyr-26\/"]}]},{"@type":"ImageObject","inLanguage":"es-AR","@id":"https:\/\/www.todoriego.com.ar\/site\/producto\/aspersor-vyr-26\/#primaryimage","url":"https:\/\/www.todoriego.com.ar\/site\/wp-content\/uploads\/2022\/03\/aspersor_Vyrsa_26.png","contentUrl":"https:\/\/www.todoriego.com.ar\/site\/wp-content\/uploads\/2022\/03\/aspersor_Vyrsa_26.png","width":600,"height":600},{"@type":"BreadcrumbList","@id":"https:\/\/www.todoriego.com.ar\/site\/producto\/aspersor-vyr-26\/#breadcrumb","itemListElement":[{"@type":"ListItem","position":1,"name":"Inicio","item":"https:\/\/www.todoriego.com.ar\/site\/"},{"@type":"ListItem","position":2,"name":"Tienda","item":"https:\/\/www.todoriego.com.ar\/site\/tienda\/"},{"@type":"ListItem","position":3,"name":"Aspersor VYR 26"}]},{"@type":"WebSite","@id":"https:\/\/www.todoriego.com.ar\/site\/#website","url":"https:\/\/www.todoriego.com.ar\/site\/","name":"Todoriego Insumos SRL","description":"Sabemos hacer riego","publisher":{"@id":"https:\/\/www.todoriego.com.ar\/site\/#organization"},"potentialAction":[{"@type":"SearchAction","target":{"@type":"EntryPoint","urlTemplate":"https:\/\/www.todoriego.com.ar\/site\/?s={search_term_string}"},"query-input":{"@type":"PropertyValueSpecification","valueRequired":true,"valueName":"search_term_string"}}],"inLanguage":"es-AR"},{"@type":"Organization","@id":"https:\/\/www.todoriego.com.ar\/site\/#organization","name":"Todoriego Insumos s.r.l.","url":"https:\/\/www.todoriego.com.ar\/site\/","logo":{"@type":"ImageObject","inLanguage":"es-AR","@id":"https:\/\/www.todoriego.com.ar\/site\/#\/schema\/logo\/image\/","url":"http:\/\/www.todoriego.com.ar\/site\/wp-content\/uploads\/2022\/07\/todoriego_marca.jpg","contentUrl":"http:\/\/www.todoriego.com.ar\/site\/wp-content\/uploads\/2022\/07\/todoriego_marca.jpg","width":731,"height":731,"caption":"Todoriego Insumos s.r.l."},"image":{"@id":"https:\/\/www.todoriego.com.ar\/site\/#\/schema\/logo\/image\/"},"sameAs":["https:\/\/www.facebook.com\/todoriegoinsumos\/","https:\/\/www.instagram.com\/todoriegoinsumos\/"]}]}},"_links":{"self":[{"href":"https:\/\/www.todoriego.com.ar\/site\/wp-json\/wp\/v2\/product\/8260","targetHints":{"allow":["GET"]}}],"collection":[{"href":"https:\/\/www.todoriego.com.ar\/site\/wp-json\/wp\/v2\/product"}],"about":[{"href":"https:\/\/www.todoriego.com.ar\/site\/wp-json\/wp\/v2\/types\/product"}],"wp:featuredmedia":[{"embeddable":true,"href":"https:\/\/www.todoriego.com.ar\/site\/wp-json\/wp\/v2\/media\/8261"}],"wp:attachment":[{"href":"https:\/\/www.todoriego.com.ar\/site\/wp-json\/wp\/v2\/media?parent=8260"}],"wp:term":[{"taxonomy":"product_brand","embeddable":true,"href":"https:\/\/www.todoriego.com.ar\/site\/wp-json\/wp\/v2\/product_brand?post=8260"},{"taxonomy":"product_cat","embeddable":true,"href":"https:\/\/www.todoriego.com.ar\/site\/wp-json\/wp\/v2\/product_cat?post=8260"},{"taxonomy":"product_tag","embeddable":true,"href":"https:\/\/www.todoriego.com.ar\/site\/wp-json\/wp\/v2\/product_tag?post=8260"}],"curies":[{"name":"wp","href":"https:\/\/api.w.org\/{rel}","templated":true}]}}