{"id":8268,"date":"2022-03-22T15:14:08","date_gmt":"2022-03-22T18:14:08","guid":{"rendered":"http:\/\/www.todoriego.com.ar\/site\/?post_type=product&#038;p=8268"},"modified":"2022-03-22T15:16:01","modified_gmt":"2022-03-22T18:16:01","slug":"aspersor-vyrsa-166","status":"publish","type":"product","link":"https:\/\/www.todoriego.com.ar\/site\/producto\/aspersor-vyrsa-166\/","title":{"rendered":"Aspersor VYR 166"},"content":{"rendered":"<p><strong>Caracter\u00edsticas<\/strong><br \/>\nEl VYR-166 es un aspersor de impacto agr\u00edcola sectorial de medio-alto caudal. La conexi\u00f3n es hembra de 1&#8243; y est\u00e1 fabricado en pl\u00e1stico y acero inox con juntas de rotaci\u00f3n de alta resistencia.<br \/>\nLos \u00e1ngulos de la boquillas son de 28\u00ba para la ca\u00f1onera principal (radio largo) y de 14\u00ba para la ca\u00f1onera secundaria (radio corto). El sistema mec\u00e1nico sectorial mediante omegas es muy f\u00e1cil y r\u00e1pido de ajustar.<br \/>\nEl VYR-65 es utilizado en riegos de cobertura con caudales medio-alto para cubrir los marcos de cobertura de los laterales y esquinas.<br \/>\nSu gran dise\u00f1o mec\u00e1nico e hidr\u00e1ulico proporciona un ahorro energ\u00e9tico muy importante y un \u00f3ptimo coeficiente de cobertura en su reparto<\/p>\n<p><strong>Especificaciones<\/strong><br \/>\nAlcance: 16-24 m.<br \/>\nCaudal: 2240 &#8211; 7,840 l\/h.<br \/>\nPresi\u00f3n de trabajo: 3,5 &#8211; 6 BAR.<br \/>\nSector: Sectorial o circular.<br \/>\nBoquillas: Una principal de largo alcance y otra secundaria deflectora de corto alcance.<br \/>\nAngulos de trayectoria: 28\u00ba y 14\u00ba.<br \/>\nAltura m\u00e1xima de chorro: 5,5 m.<br \/>\nTiempo de rotaci\u00f3n: Dependiendo de la presi\u00f3n y boquillas es uniforme y continuo.<br \/>\nCoeficiente de Uniformidad superior al 90% en marcos de 24x24R, 25x25T, 25x26T.<\/p>\n<p><strong>Aplicaciones<\/strong><br \/>\nPlantaciones hort\u00edcolas, cereales, tuberculosas, leguminosas, y frutales.<\/p>\n","protected":false},"excerpt":{"rendered":"<p>Aspersor de impacto sectorial agr\u00edcola de medio-alto caudal.<br \/>\nConexi\u00f3n hembra de 1&#8243;. Fabricado en pl\u00e1stico y acero inoxidable.<br \/>\nJuntas de rotaci\u00f3n de alta resistencia. \u00c1ngulos de las boquillas de 28\u00ba y 14\u00ba.<br \/>\nSistema mec\u00e1nico sectorial mediante omegas muy f\u00e1cil y r\u00e1pido de ajustar.<br \/>\nUtilizado en riegos de cobertura con caudales medio-alto para cubrir los marcos de cobertura de los laterales y esquinas.<br \/>\nGran dise\u00f1o mec\u00e1nico e hidr\u00e1ulico que nos proporciona un ahorro energ\u00e9tico muy importante y un \u00f3ptimo coeficiente de cobertura en su reparto.<\/p>\n","protected":false},"featured_media":8269,"template":"","meta":{"_acf_changed":false},"product_brand":[],"product_cat":[52,32],"product_tag":[],"class_list":{"0":"post-8268","1":"product","2":"type-product","3":"status-publish","4":"has-post-thumbnail","6":"product_cat-linea-vyrsa","7":"product_cat-riego-por-aspersion","9":"first","10":"instock","11":"shipping-taxable","12":"product-type-simple"},"acf":[],"yoast_head":"<!-- This site is optimized with the Yoast SEO plugin v27.6 - https:\/\/yoast.com\/product\/yoast-seo-wordpress\/ -->\n<title>Aspersor VYR 166 - Todoriego Insumos SRL<\/title>\n<meta name=\"robots\" content=\"index, follow, max-snippet:-1, max-image-preview:large, max-video-preview:-1\" \/>\n<link rel=\"canonical\" href=\"https:\/\/www.todoriego.com.ar\/site\/producto\/aspersor-vyrsa-166\/\" \/>\n<meta property=\"og:locale\" content=\"es_ES\" \/>\n<meta property=\"og:type\" content=\"article\" \/>\n<meta property=\"og:title\" content=\"Aspersor VYR 166 - Todoriego Insumos SRL\" \/>\n<meta property=\"og:description\" content=\"Aspersor de impacto sectorial agr\u00edcola de medio-alto caudal. Conexi\u00f3n hembra de 1&quot;. Fabricado en pl\u00e1stico y acero inoxidable. Juntas de rotaci\u00f3n de alta resistencia. \u00c1ngulos de las boquillas de 28\u00ba y 14\u00ba. Sistema mec\u00e1nico sectorial mediante omegas muy f\u00e1cil y r\u00e1pido de ajustar. Utilizado en riegos de cobertura con caudales medio-alto para cubrir los marcos de cobertura de los laterales y esquinas. Gran dise\u00f1o mec\u00e1nico e hidr\u00e1ulico que nos proporciona un ahorro energ\u00e9tico muy importante y un \u00f3ptimo coeficiente de cobertura en su reparto.\" \/>\n<meta property=\"og:url\" content=\"https:\/\/www.todoriego.com.ar\/site\/producto\/aspersor-vyrsa-166\/\" \/>\n<meta property=\"og:site_name\" content=\"Todoriego Insumos SRL\" \/>\n<meta property=\"article:publisher\" content=\"https:\/\/www.facebook.com\/todoriegoinsumos\/\" \/>\n<meta property=\"article:modified_time\" content=\"2022-03-22T18:16:01+00:00\" \/>\n<meta property=\"og:image\" content=\"https:\/\/www.todoriego.com.ar\/site\/wp-content\/uploads\/2022\/03\/aspersor_Vyrsa_166.png\" \/>\n\t<meta property=\"og:image:width\" content=\"600\" \/>\n\t<meta property=\"og:image:height\" content=\"600\" \/>\n\t<meta property=\"og:image:type\" content=\"image\/png\" \/>\n<meta name=\"twitter:card\" content=\"summary_large_image\" \/>\n<meta name=\"twitter:label1\" content=\"Tiempo de lectura\" \/>\n\t<meta name=\"twitter:data1\" content=\"1 minuto\" \/>\n<script type=\"application\/ld+json\" class=\"yoast-schema-graph\">{\"@context\":\"https:\\\/\\\/schema.org\",\"@graph\":[{\"@type\":\"WebPage\",\"@id\":\"https:\\\/\\\/www.todoriego.com.ar\\\/site\\\/producto\\\/aspersor-vyrsa-166\\\/\",\"url\":\"https:\\\/\\\/www.todoriego.com.ar\\\/site\\\/producto\\\/aspersor-vyrsa-166\\\/\",\"name\":\"Aspersor VYR 166 - Todoriego Insumos SRL\",\"isPartOf\":{\"@id\":\"https:\\\/\\\/www.todoriego.com.ar\\\/site\\\/#website\"},\"primaryImageOfPage\":{\"@id\":\"https:\\\/\\\/www.todoriego.com.ar\\\/site\\\/producto\\\/aspersor-vyrsa-166\\\/#primaryimage\"},\"image\":{\"@id\":\"https:\\\/\\\/www.todoriego.com.ar\\\/site\\\/producto\\\/aspersor-vyrsa-166\\\/#primaryimage\"},\"thumbnailUrl\":\"https:\\\/\\\/www.todoriego.com.ar\\\/site\\\/wp-content\\\/uploads\\\/2022\\\/03\\\/aspersor_Vyrsa_166.png\",\"datePublished\":\"2022-03-22T18:14:08+00:00\",\"dateModified\":\"2022-03-22T18:16:01+00:00\",\"breadcrumb\":{\"@id\":\"https:\\\/\\\/www.todoriego.com.ar\\\/site\\\/producto\\\/aspersor-vyrsa-166\\\/#breadcrumb\"},\"inLanguage\":\"es-AR\",\"potentialAction\":[{\"@type\":\"ReadAction\",\"target\":[\"https:\\\/\\\/www.todoriego.com.ar\\\/site\\\/producto\\\/aspersor-vyrsa-166\\\/\"]}]},{\"@type\":\"ImageObject\",\"inLanguage\":\"es-AR\",\"@id\":\"https:\\\/\\\/www.todoriego.com.ar\\\/site\\\/producto\\\/aspersor-vyrsa-166\\\/#primaryimage\",\"url\":\"https:\\\/\\\/www.todoriego.com.ar\\\/site\\\/wp-content\\\/uploads\\\/2022\\\/03\\\/aspersor_Vyrsa_166.png\",\"contentUrl\":\"https:\\\/\\\/www.todoriego.com.ar\\\/site\\\/wp-content\\\/uploads\\\/2022\\\/03\\\/aspersor_Vyrsa_166.png\",\"width\":600,\"height\":600},{\"@type\":\"BreadcrumbList\",\"@id\":\"https:\\\/\\\/www.todoriego.com.ar\\\/site\\\/producto\\\/aspersor-vyrsa-166\\\/#breadcrumb\",\"itemListElement\":[{\"@type\":\"ListItem\",\"position\":1,\"name\":\"Inicio\",\"item\":\"https:\\\/\\\/www.todoriego.com.ar\\\/site\\\/\"},{\"@type\":\"ListItem\",\"position\":2,\"name\":\"Tienda\",\"item\":\"https:\\\/\\\/www.todoriego.com.ar\\\/site\\\/tienda\\\/\"},{\"@type\":\"ListItem\",\"position\":3,\"name\":\"Aspersor VYR 166\"}]},{\"@type\":\"WebSite\",\"@id\":\"https:\\\/\\\/www.todoriego.com.ar\\\/site\\\/#website\",\"url\":\"https:\\\/\\\/www.todoriego.com.ar\\\/site\\\/\",\"name\":\"Todoriego Insumos SRL\",\"description\":\"Sabemos hacer riego\",\"publisher\":{\"@id\":\"https:\\\/\\\/www.todoriego.com.ar\\\/site\\\/#organization\"},\"potentialAction\":[{\"@type\":\"SearchAction\",\"target\":{\"@type\":\"EntryPoint\",\"urlTemplate\":\"https:\\\/\\\/www.todoriego.com.ar\\\/site\\\/?s={search_term_string}\"},\"query-input\":{\"@type\":\"PropertyValueSpecification\",\"valueRequired\":true,\"valueName\":\"search_term_string\"}}],\"inLanguage\":\"es-AR\"},{\"@type\":\"Organization\",\"@id\":\"https:\\\/\\\/www.todoriego.com.ar\\\/site\\\/#organization\",\"name\":\"Todoriego Insumos s.r.l.\",\"url\":\"https:\\\/\\\/www.todoriego.com.ar\\\/site\\\/\",\"logo\":{\"@type\":\"ImageObject\",\"inLanguage\":\"es-AR\",\"@id\":\"https:\\\/\\\/www.todoriego.com.ar\\\/site\\\/#\\\/schema\\\/logo\\\/image\\\/\",\"url\":\"http:\\\/\\\/www.todoriego.com.ar\\\/site\\\/wp-content\\\/uploads\\\/2022\\\/07\\\/todoriego_marca.jpg\",\"contentUrl\":\"http:\\\/\\\/www.todoriego.com.ar\\\/site\\\/wp-content\\\/uploads\\\/2022\\\/07\\\/todoriego_marca.jpg\",\"width\":731,\"height\":731,\"caption\":\"Todoriego Insumos s.r.l.\"},\"image\":{\"@id\":\"https:\\\/\\\/www.todoriego.com.ar\\\/site\\\/#\\\/schema\\\/logo\\\/image\\\/\"},\"sameAs\":[\"https:\\\/\\\/www.facebook.com\\\/todoriegoinsumos\\\/\",\"https:\\\/\\\/www.instagram.com\\\/todoriegoinsumos\\\/\"]}]}<\/script>\n<!-- \/ Yoast SEO plugin. -->","yoast_head_json":{"title":"Aspersor VYR 166 - Todoriego Insumos SRL","robots":{"index":"index","follow":"follow","max-snippet":"max-snippet:-1","max-image-preview":"max-image-preview:large","max-video-preview":"max-video-preview:-1"},"canonical":"https:\/\/www.todoriego.com.ar\/site\/producto\/aspersor-vyrsa-166\/","og_locale":"es_ES","og_type":"article","og_title":"Aspersor VYR 166 - Todoriego Insumos SRL","og_description":"Aspersor de impacto sectorial agr\u00edcola de medio-alto caudal. Conexi\u00f3n hembra de 1\". Fabricado en pl\u00e1stico y acero inoxidable. Juntas de rotaci\u00f3n de alta resistencia. \u00c1ngulos de las boquillas de 28\u00ba y 14\u00ba. Sistema mec\u00e1nico sectorial mediante omegas muy f\u00e1cil y r\u00e1pido de ajustar. Utilizado en riegos de cobertura con caudales medio-alto para cubrir los marcos de cobertura de los laterales y esquinas. Gran dise\u00f1o mec\u00e1nico e hidr\u00e1ulico que nos proporciona un ahorro energ\u00e9tico muy importante y un \u00f3ptimo coeficiente de cobertura en su reparto.","og_url":"https:\/\/www.todoriego.com.ar\/site\/producto\/aspersor-vyrsa-166\/","og_site_name":"Todoriego Insumos SRL","article_publisher":"https:\/\/www.facebook.com\/todoriegoinsumos\/","article_modified_time":"2022-03-22T18:16:01+00:00","og_image":[{"width":600,"height":600,"url":"https:\/\/www.todoriego.com.ar\/site\/wp-content\/uploads\/2022\/03\/aspersor_Vyrsa_166.png","type":"image\/png"}],"twitter_card":"summary_large_image","twitter_misc":{"Tiempo de lectura":"1 minuto"},"schema":{"@context":"https:\/\/schema.org","@graph":[{"@type":"WebPage","@id":"https:\/\/www.todoriego.com.ar\/site\/producto\/aspersor-vyrsa-166\/","url":"https:\/\/www.todoriego.com.ar\/site\/producto\/aspersor-vyrsa-166\/","name":"Aspersor VYR 166 - Todoriego Insumos SRL","isPartOf":{"@id":"https:\/\/www.todoriego.com.ar\/site\/#website"},"primaryImageOfPage":{"@id":"https:\/\/www.todoriego.com.ar\/site\/producto\/aspersor-vyrsa-166\/#primaryimage"},"image":{"@id":"https:\/\/www.todoriego.com.ar\/site\/producto\/aspersor-vyrsa-166\/#primaryimage"},"thumbnailUrl":"https:\/\/www.todoriego.com.ar\/site\/wp-content\/uploads\/2022\/03\/aspersor_Vyrsa_166.png","datePublished":"2022-03-22T18:14:08+00:00","dateModified":"2022-03-22T18:16:01+00:00","breadcrumb":{"@id":"https:\/\/www.todoriego.com.ar\/site\/producto\/aspersor-vyrsa-166\/#breadcrumb"},"inLanguage":"es-AR","potentialAction":[{"@type":"ReadAction","target":["https:\/\/www.todoriego.com.ar\/site\/producto\/aspersor-vyrsa-166\/"]}]},{"@type":"ImageObject","inLanguage":"es-AR","@id":"https:\/\/www.todoriego.com.ar\/site\/producto\/aspersor-vyrsa-166\/#primaryimage","url":"https:\/\/www.todoriego.com.ar\/site\/wp-content\/uploads\/2022\/03\/aspersor_Vyrsa_166.png","contentUrl":"https:\/\/www.todoriego.com.ar\/site\/wp-content\/uploads\/2022\/03\/aspersor_Vyrsa_166.png","width":600,"height":600},{"@type":"BreadcrumbList","@id":"https:\/\/www.todoriego.com.ar\/site\/producto\/aspersor-vyrsa-166\/#breadcrumb","itemListElement":[{"@type":"ListItem","position":1,"name":"Inicio","item":"https:\/\/www.todoriego.com.ar\/site\/"},{"@type":"ListItem","position":2,"name":"Tienda","item":"https:\/\/www.todoriego.com.ar\/site\/tienda\/"},{"@type":"ListItem","position":3,"name":"Aspersor VYR 166"}]},{"@type":"WebSite","@id":"https:\/\/www.todoriego.com.ar\/site\/#website","url":"https:\/\/www.todoriego.com.ar\/site\/","name":"Todoriego Insumos SRL","description":"Sabemos hacer riego","publisher":{"@id":"https:\/\/www.todoriego.com.ar\/site\/#organization"},"potentialAction":[{"@type":"SearchAction","target":{"@type":"EntryPoint","urlTemplate":"https:\/\/www.todoriego.com.ar\/site\/?s={search_term_string}"},"query-input":{"@type":"PropertyValueSpecification","valueRequired":true,"valueName":"search_term_string"}}],"inLanguage":"es-AR"},{"@type":"Organization","@id":"https:\/\/www.todoriego.com.ar\/site\/#organization","name":"Todoriego Insumos s.r.l.","url":"https:\/\/www.todoriego.com.ar\/site\/","logo":{"@type":"ImageObject","inLanguage":"es-AR","@id":"https:\/\/www.todoriego.com.ar\/site\/#\/schema\/logo\/image\/","url":"http:\/\/www.todoriego.com.ar\/site\/wp-content\/uploads\/2022\/07\/todoriego_marca.jpg","contentUrl":"http:\/\/www.todoriego.com.ar\/site\/wp-content\/uploads\/2022\/07\/todoriego_marca.jpg","width":731,"height":731,"caption":"Todoriego Insumos s.r.l."},"image":{"@id":"https:\/\/www.todoriego.com.ar\/site\/#\/schema\/logo\/image\/"},"sameAs":["https:\/\/www.facebook.com\/todoriegoinsumos\/","https:\/\/www.instagram.com\/todoriegoinsumos\/"]}]}},"_links":{"self":[{"href":"https:\/\/www.todoriego.com.ar\/site\/wp-json\/wp\/v2\/product\/8268","targetHints":{"allow":["GET"]}}],"collection":[{"href":"https:\/\/www.todoriego.com.ar\/site\/wp-json\/wp\/v2\/product"}],"about":[{"href":"https:\/\/www.todoriego.com.ar\/site\/wp-json\/wp\/v2\/types\/product"}],"wp:featuredmedia":[{"embeddable":true,"href":"https:\/\/www.todoriego.com.ar\/site\/wp-json\/wp\/v2\/media\/8269"}],"wp:attachment":[{"href":"https:\/\/www.todoriego.com.ar\/site\/wp-json\/wp\/v2\/media?parent=8268"}],"wp:term":[{"taxonomy":"product_brand","embeddable":true,"href":"https:\/\/www.todoriego.com.ar\/site\/wp-json\/wp\/v2\/product_brand?post=8268"},{"taxonomy":"product_cat","embeddable":true,"href":"https:\/\/www.todoriego.com.ar\/site\/wp-json\/wp\/v2\/product_cat?post=8268"},{"taxonomy":"product_tag","embeddable":true,"href":"https:\/\/www.todoriego.com.ar\/site\/wp-json\/wp\/v2\/product_tag?post=8268"}],"curies":[{"name":"wp","href":"https:\/\/api.w.org\/{rel}","templated":true}]}}