{"id":8276,"date":"2022-03-22T15:51:07","date_gmt":"2022-03-22T18:51:07","guid":{"rendered":"http:\/\/www.todoriego.com.ar\/site\/?post_type=product&#038;p=8276"},"modified":"2022-03-22T15:52:51","modified_gmt":"2022-03-22T18:52:51","slug":"aspersor-vyrsa-70-v","status":"publish","type":"product","link":"https:\/\/www.todoriego.com.ar\/site\/producto\/aspersor-vyrsa-70-v\/","title":{"rendered":"Aspersor VYR 70V"},"content":{"rendered":"<p><strong>Caracter\u00edsticas<\/strong><br \/>\nEl aspersor de impacto VYR-70 VL es un modelo agr\u00edcola circular con conexi\u00f3n a 1&#8243; macho o hembra. Est\u00e1 fabricado en lat\u00f3n y acero inox y sus juntas t\u00f3ricas y arandelas son de poliuretano de alta calidad. Este modelo &#8220;VL&#8221; cuenta con una pala larga con ataque sobre la boquilla principal (radio largo). Los \u00e1ngulos de las boquillas son de 26\u00ba para la ca\u00f1onera principal (radio largo) y de 26\u00ba para la ca\u00f1onera secundaria (radio corto).<br \/>\nEl VYR-70 VL se utiliza en riegos de cobertura con caudales medio-alto para cubrir los marcos de cobertura de los laterales y esquinas. Su gran dise\u00f1o mec\u00e1nico e hidr\u00e1ulico proporciona un ahorro energ\u00e9tico muy importante y un \u00f3ptimo coeficiente de cobertura en su reparto.<\/p>\n<p><strong>Especificaciones<\/strong><br \/>\nAlcance: 13,5-27 m.<br \/>\nCaudal: 2000- 9400 l\/h.<br \/>\nPresi\u00f3n de trabajo: 2,75 &#8211; 6 BAR.<br \/>\nSector: Circular.<br \/>\nBoquillas: Dos boquillas, una principal y otra secundaria.<br \/>\n\u00c1ngulos de trayectoria: 26\u00ba y 26\u00ba.<br \/>\nAltura m\u00e1xima de chorro: 5 m.<br \/>\nTiempo de rotaci\u00f3n: Dependiendo de la presi\u00f3n y boquillas es uniforme y continuo.<br \/>\nCoeficiente de Uniformidad superior al 90% en marcos de 20x20R, 22x22T, 22x24T.<\/p>\n<p><strong>Aplicaciones<\/strong><br \/>\nUtilizado en todo tipo de riego agr\u00edcola en general con caudales medio-altos. Plantaciones hort\u00edcolas, cereales, tuberculosas, leguminosas, y frutales.<\/p>\n","protected":false},"excerpt":{"rendered":"<p>Aspersor de impacto agr\u00edcola de medio-alto caudal.<br \/>\nConexi\u00f3n macho o hembra de 1&#8243;. Fabricado en lat\u00f3n y acero inoxidable.<br \/>\nJuntas de rotaci\u00f3n de alta resistencia. \u00c1ngulos de las boquillas de 26\u00ba y 26\u00ba.<br \/>\nDise\u00f1o especial para largo alcance.<br \/>\nUtilizado en riegos de cobertura con caudales medio &#8211; altos.<\/p>\n","protected":false},"featured_media":8277,"template":"","meta":{"_acf_changed":false},"product_brand":[],"product_cat":[52,32],"product_tag":[],"class_list":{"0":"post-8276","1":"product","2":"type-product","3":"status-publish","4":"has-post-thumbnail","6":"product_cat-linea-vyrsa","7":"product_cat-riego-por-aspersion","9":"first","10":"instock","11":"shipping-taxable","12":"product-type-simple"},"acf":[],"yoast_head":"<!-- This site is optimized with the Yoast SEO plugin v27.6 - https:\/\/yoast.com\/product\/yoast-seo-wordpress\/ -->\n<title>Aspersor VYR 70V - Todoriego Insumos SRL<\/title>\n<meta name=\"robots\" content=\"index, follow, max-snippet:-1, max-image-preview:large, max-video-preview:-1\" \/>\n<link rel=\"canonical\" href=\"https:\/\/www.todoriego.com.ar\/site\/producto\/aspersor-vyrsa-70-v\/\" \/>\n<meta property=\"og:locale\" content=\"es_ES\" \/>\n<meta property=\"og:type\" content=\"article\" \/>\n<meta property=\"og:title\" content=\"Aspersor VYR 70V - Todoriego Insumos SRL\" \/>\n<meta property=\"og:description\" content=\"Aspersor de impacto agr\u00edcola de medio-alto caudal. Conexi\u00f3n macho o hembra de 1&quot;. Fabricado en lat\u00f3n y acero inoxidable. Juntas de rotaci\u00f3n de alta resistencia. \u00c1ngulos de las boquillas de 26\u00ba y 26\u00ba. Dise\u00f1o especial para largo alcance. Utilizado en riegos de cobertura con caudales medio - altos.\" \/>\n<meta property=\"og:url\" content=\"https:\/\/www.todoriego.com.ar\/site\/producto\/aspersor-vyrsa-70-v\/\" \/>\n<meta property=\"og:site_name\" content=\"Todoriego Insumos SRL\" \/>\n<meta property=\"article:publisher\" content=\"https:\/\/www.facebook.com\/todoriegoinsumos\/\" \/>\n<meta property=\"article:modified_time\" content=\"2022-03-22T18:52:51+00:00\" \/>\n<meta property=\"og:image\" content=\"https:\/\/www.todoriego.com.ar\/site\/wp-content\/uploads\/2022\/03\/aspersor_Vyrsa_70V.png\" \/>\n\t<meta property=\"og:image:width\" content=\"600\" \/>\n\t<meta property=\"og:image:height\" content=\"600\" \/>\n\t<meta property=\"og:image:type\" content=\"image\/png\" \/>\n<meta name=\"twitter:card\" content=\"summary_large_image\" \/>\n<meta name=\"twitter:label1\" content=\"Tiempo de lectura\" \/>\n\t<meta name=\"twitter:data1\" content=\"1 minuto\" \/>\n<script type=\"application\/ld+json\" class=\"yoast-schema-graph\">{\"@context\":\"https:\\\/\\\/schema.org\",\"@graph\":[{\"@type\":\"WebPage\",\"@id\":\"https:\\\/\\\/www.todoriego.com.ar\\\/site\\\/producto\\\/aspersor-vyrsa-70-v\\\/\",\"url\":\"https:\\\/\\\/www.todoriego.com.ar\\\/site\\\/producto\\\/aspersor-vyrsa-70-v\\\/\",\"name\":\"Aspersor VYR 70V - Todoriego Insumos SRL\",\"isPartOf\":{\"@id\":\"https:\\\/\\\/www.todoriego.com.ar\\\/site\\\/#website\"},\"primaryImageOfPage\":{\"@id\":\"https:\\\/\\\/www.todoriego.com.ar\\\/site\\\/producto\\\/aspersor-vyrsa-70-v\\\/#primaryimage\"},\"image\":{\"@id\":\"https:\\\/\\\/www.todoriego.com.ar\\\/site\\\/producto\\\/aspersor-vyrsa-70-v\\\/#primaryimage\"},\"thumbnailUrl\":\"https:\\\/\\\/www.todoriego.com.ar\\\/site\\\/wp-content\\\/uploads\\\/2022\\\/03\\\/aspersor_Vyrsa_70V.png\",\"datePublished\":\"2022-03-22T18:51:07+00:00\",\"dateModified\":\"2022-03-22T18:52:51+00:00\",\"breadcrumb\":{\"@id\":\"https:\\\/\\\/www.todoriego.com.ar\\\/site\\\/producto\\\/aspersor-vyrsa-70-v\\\/#breadcrumb\"},\"inLanguage\":\"es-AR\",\"potentialAction\":[{\"@type\":\"ReadAction\",\"target\":[\"https:\\\/\\\/www.todoriego.com.ar\\\/site\\\/producto\\\/aspersor-vyrsa-70-v\\\/\"]}]},{\"@type\":\"ImageObject\",\"inLanguage\":\"es-AR\",\"@id\":\"https:\\\/\\\/www.todoriego.com.ar\\\/site\\\/producto\\\/aspersor-vyrsa-70-v\\\/#primaryimage\",\"url\":\"https:\\\/\\\/www.todoriego.com.ar\\\/site\\\/wp-content\\\/uploads\\\/2022\\\/03\\\/aspersor_Vyrsa_70V.png\",\"contentUrl\":\"https:\\\/\\\/www.todoriego.com.ar\\\/site\\\/wp-content\\\/uploads\\\/2022\\\/03\\\/aspersor_Vyrsa_70V.png\",\"width\":600,\"height\":600},{\"@type\":\"BreadcrumbList\",\"@id\":\"https:\\\/\\\/www.todoriego.com.ar\\\/site\\\/producto\\\/aspersor-vyrsa-70-v\\\/#breadcrumb\",\"itemListElement\":[{\"@type\":\"ListItem\",\"position\":1,\"name\":\"Inicio\",\"item\":\"https:\\\/\\\/www.todoriego.com.ar\\\/site\\\/\"},{\"@type\":\"ListItem\",\"position\":2,\"name\":\"Tienda\",\"item\":\"https:\\\/\\\/www.todoriego.com.ar\\\/site\\\/tienda\\\/\"},{\"@type\":\"ListItem\",\"position\":3,\"name\":\"Aspersor VYR 70V\"}]},{\"@type\":\"WebSite\",\"@id\":\"https:\\\/\\\/www.todoriego.com.ar\\\/site\\\/#website\",\"url\":\"https:\\\/\\\/www.todoriego.com.ar\\\/site\\\/\",\"name\":\"Todoriego Insumos SRL\",\"description\":\"Sabemos hacer riego\",\"publisher\":{\"@id\":\"https:\\\/\\\/www.todoriego.com.ar\\\/site\\\/#organization\"},\"potentialAction\":[{\"@type\":\"SearchAction\",\"target\":{\"@type\":\"EntryPoint\",\"urlTemplate\":\"https:\\\/\\\/www.todoriego.com.ar\\\/site\\\/?s={search_term_string}\"},\"query-input\":{\"@type\":\"PropertyValueSpecification\",\"valueRequired\":true,\"valueName\":\"search_term_string\"}}],\"inLanguage\":\"es-AR\"},{\"@type\":\"Organization\",\"@id\":\"https:\\\/\\\/www.todoriego.com.ar\\\/site\\\/#organization\",\"name\":\"Todoriego Insumos s.r.l.\",\"url\":\"https:\\\/\\\/www.todoriego.com.ar\\\/site\\\/\",\"logo\":{\"@type\":\"ImageObject\",\"inLanguage\":\"es-AR\",\"@id\":\"https:\\\/\\\/www.todoriego.com.ar\\\/site\\\/#\\\/schema\\\/logo\\\/image\\\/\",\"url\":\"http:\\\/\\\/www.todoriego.com.ar\\\/site\\\/wp-content\\\/uploads\\\/2022\\\/07\\\/todoriego_marca.jpg\",\"contentUrl\":\"http:\\\/\\\/www.todoriego.com.ar\\\/site\\\/wp-content\\\/uploads\\\/2022\\\/07\\\/todoriego_marca.jpg\",\"width\":731,\"height\":731,\"caption\":\"Todoriego Insumos s.r.l.\"},\"image\":{\"@id\":\"https:\\\/\\\/www.todoriego.com.ar\\\/site\\\/#\\\/schema\\\/logo\\\/image\\\/\"},\"sameAs\":[\"https:\\\/\\\/www.facebook.com\\\/todoriegoinsumos\\\/\",\"https:\\\/\\\/www.instagram.com\\\/todoriegoinsumos\\\/\"]}]}<\/script>\n<!-- \/ Yoast SEO plugin. -->","yoast_head_json":{"title":"Aspersor VYR 70V - Todoriego Insumos SRL","robots":{"index":"index","follow":"follow","max-snippet":"max-snippet:-1","max-image-preview":"max-image-preview:large","max-video-preview":"max-video-preview:-1"},"canonical":"https:\/\/www.todoriego.com.ar\/site\/producto\/aspersor-vyrsa-70-v\/","og_locale":"es_ES","og_type":"article","og_title":"Aspersor VYR 70V - Todoriego Insumos SRL","og_description":"Aspersor de impacto agr\u00edcola de medio-alto caudal. Conexi\u00f3n macho o hembra de 1\". Fabricado en lat\u00f3n y acero inoxidable. Juntas de rotaci\u00f3n de alta resistencia. \u00c1ngulos de las boquillas de 26\u00ba y 26\u00ba. Dise\u00f1o especial para largo alcance. Utilizado en riegos de cobertura con caudales medio - altos.","og_url":"https:\/\/www.todoriego.com.ar\/site\/producto\/aspersor-vyrsa-70-v\/","og_site_name":"Todoriego Insumos SRL","article_publisher":"https:\/\/www.facebook.com\/todoriegoinsumos\/","article_modified_time":"2022-03-22T18:52:51+00:00","og_image":[{"width":600,"height":600,"url":"https:\/\/www.todoriego.com.ar\/site\/wp-content\/uploads\/2022\/03\/aspersor_Vyrsa_70V.png","type":"image\/png"}],"twitter_card":"summary_large_image","twitter_misc":{"Tiempo de lectura":"1 minuto"},"schema":{"@context":"https:\/\/schema.org","@graph":[{"@type":"WebPage","@id":"https:\/\/www.todoriego.com.ar\/site\/producto\/aspersor-vyrsa-70-v\/","url":"https:\/\/www.todoriego.com.ar\/site\/producto\/aspersor-vyrsa-70-v\/","name":"Aspersor VYR 70V - Todoriego Insumos SRL","isPartOf":{"@id":"https:\/\/www.todoriego.com.ar\/site\/#website"},"primaryImageOfPage":{"@id":"https:\/\/www.todoriego.com.ar\/site\/producto\/aspersor-vyrsa-70-v\/#primaryimage"},"image":{"@id":"https:\/\/www.todoriego.com.ar\/site\/producto\/aspersor-vyrsa-70-v\/#primaryimage"},"thumbnailUrl":"https:\/\/www.todoriego.com.ar\/site\/wp-content\/uploads\/2022\/03\/aspersor_Vyrsa_70V.png","datePublished":"2022-03-22T18:51:07+00:00","dateModified":"2022-03-22T18:52:51+00:00","breadcrumb":{"@id":"https:\/\/www.todoriego.com.ar\/site\/producto\/aspersor-vyrsa-70-v\/#breadcrumb"},"inLanguage":"es-AR","potentialAction":[{"@type":"ReadAction","target":["https:\/\/www.todoriego.com.ar\/site\/producto\/aspersor-vyrsa-70-v\/"]}]},{"@type":"ImageObject","inLanguage":"es-AR","@id":"https:\/\/www.todoriego.com.ar\/site\/producto\/aspersor-vyrsa-70-v\/#primaryimage","url":"https:\/\/www.todoriego.com.ar\/site\/wp-content\/uploads\/2022\/03\/aspersor_Vyrsa_70V.png","contentUrl":"https:\/\/www.todoriego.com.ar\/site\/wp-content\/uploads\/2022\/03\/aspersor_Vyrsa_70V.png","width":600,"height":600},{"@type":"BreadcrumbList","@id":"https:\/\/www.todoriego.com.ar\/site\/producto\/aspersor-vyrsa-70-v\/#breadcrumb","itemListElement":[{"@type":"ListItem","position":1,"name":"Inicio","item":"https:\/\/www.todoriego.com.ar\/site\/"},{"@type":"ListItem","position":2,"name":"Tienda","item":"https:\/\/www.todoriego.com.ar\/site\/tienda\/"},{"@type":"ListItem","position":3,"name":"Aspersor VYR 70V"}]},{"@type":"WebSite","@id":"https:\/\/www.todoriego.com.ar\/site\/#website","url":"https:\/\/www.todoriego.com.ar\/site\/","name":"Todoriego Insumos SRL","description":"Sabemos hacer riego","publisher":{"@id":"https:\/\/www.todoriego.com.ar\/site\/#organization"},"potentialAction":[{"@type":"SearchAction","target":{"@type":"EntryPoint","urlTemplate":"https:\/\/www.todoriego.com.ar\/site\/?s={search_term_string}"},"query-input":{"@type":"PropertyValueSpecification","valueRequired":true,"valueName":"search_term_string"}}],"inLanguage":"es-AR"},{"@type":"Organization","@id":"https:\/\/www.todoriego.com.ar\/site\/#organization","name":"Todoriego Insumos s.r.l.","url":"https:\/\/www.todoriego.com.ar\/site\/","logo":{"@type":"ImageObject","inLanguage":"es-AR","@id":"https:\/\/www.todoriego.com.ar\/site\/#\/schema\/logo\/image\/","url":"http:\/\/www.todoriego.com.ar\/site\/wp-content\/uploads\/2022\/07\/todoriego_marca.jpg","contentUrl":"http:\/\/www.todoriego.com.ar\/site\/wp-content\/uploads\/2022\/07\/todoriego_marca.jpg","width":731,"height":731,"caption":"Todoriego Insumos s.r.l."},"image":{"@id":"https:\/\/www.todoriego.com.ar\/site\/#\/schema\/logo\/image\/"},"sameAs":["https:\/\/www.facebook.com\/todoriegoinsumos\/","https:\/\/www.instagram.com\/todoriegoinsumos\/"]}]}},"_links":{"self":[{"href":"https:\/\/www.todoriego.com.ar\/site\/wp-json\/wp\/v2\/product\/8276","targetHints":{"allow":["GET"]}}],"collection":[{"href":"https:\/\/www.todoriego.com.ar\/site\/wp-json\/wp\/v2\/product"}],"about":[{"href":"https:\/\/www.todoriego.com.ar\/site\/wp-json\/wp\/v2\/types\/product"}],"wp:featuredmedia":[{"embeddable":true,"href":"https:\/\/www.todoriego.com.ar\/site\/wp-json\/wp\/v2\/media\/8277"}],"wp:attachment":[{"href":"https:\/\/www.todoriego.com.ar\/site\/wp-json\/wp\/v2\/media?parent=8276"}],"wp:term":[{"taxonomy":"product_brand","embeddable":true,"href":"https:\/\/www.todoriego.com.ar\/site\/wp-json\/wp\/v2\/product_brand?post=8276"},{"taxonomy":"product_cat","embeddable":true,"href":"https:\/\/www.todoriego.com.ar\/site\/wp-json\/wp\/v2\/product_cat?post=8276"},{"taxonomy":"product_tag","embeddable":true,"href":"https:\/\/www.todoriego.com.ar\/site\/wp-json\/wp\/v2\/product_tag?post=8276"}],"curies":[{"name":"wp","href":"https:\/\/api.w.org\/{rel}","templated":true}]}}