{"id":8280,"date":"2022-03-22T16:05:45","date_gmt":"2022-03-22T19:05:45","guid":{"rendered":"http:\/\/www.todoriego.com.ar\/site\/?post_type=product&#038;p=8280"},"modified":"2022-03-22T16:07:23","modified_gmt":"2022-03-22T19:07:23","slug":"aspersor-vyrsa-23-antihelada","status":"publish","type":"product","link":"https:\/\/www.todoriego.com.ar\/site\/producto\/aspersor-vyrsa-23-antihelada\/","title":{"rendered":"Aspersor VYR 23 Anti Helada"},"content":{"rendered":"<p><strong>Caracter\u00edsticas<\/strong><br \/>\nEl aspersor VYR-23 es un modelo ANTI-HELADA agr\u00edcola circular de \u00e1ngulo bajo, fabricado en lat\u00f3n y que cuenta con cuatro referencias en su fabricaci\u00f3n de conexi\u00f3n 3\/4&#8243; dependiendo que sea macho o hembra y con pala corta o pala larga. Su eje y muelles est\u00e1n fabricados en acero inoxidable, y sus juntas t\u00f3ricas y arandelas en acero inoxidable y policarbonatos especiales para resistir al contacto con los fertilizantes m\u00e1s agresivos del mercado. Con caperuza protectora de muelle, garantizando que el aspersor nunca se pare durante la \u00e9poca de heladas.<br \/>\nEste aspersor est\u00e1 dise\u00f1ado para trabajar bajo unos rangos de caudal entre 660 y 3270 l\/h, a una presi\u00f3n nominal entre 1,7 y 4,5 BAR y con un alcance de cobertura entre los 10 y 13,50 metros de distancia. El aspersor VYR-23 puede trabajar con una o dos boquillas; la boquilla principal y secundaria tienen 7 grados de inclinaci\u00f3n respecto al plano horizontal. Su tiempo medio de rotaci\u00f3n viene a ser de aproximadamente unos 40 seg. \/360 (3 BAR, 4,40&#215;2,40mm).<\/p>\n<p><strong>Especificaciones<\/strong><br \/>\nAlcance: 10-13,50 m.<br \/>\nCaudal: 660 &#8211; 3270 l\/h.<br \/>\nPresi\u00f3n de trabajo: 1,7 &#8211; 4,5 BAR.<br \/>\nSector: Circular.<br \/>\nBoquillas: Dos boquillas.<br \/>\nAngulos de trayectoria: 7\u00ba y 7\u00ba.<br \/>\nAltura m\u00e1xima de chorro: 1,2 m.<br \/>\nTiempo de rotaci\u00f3n: Dependiendo de la presi\u00f3n y boquillas es uniforme y continuo.<br \/>\nCoeficiente de Uniformidad superior al 90% en marcos de 17x17R, 18x18T, 19x17T.<\/p>\n<p><strong>Aplicaciones<\/strong><br \/>\nPlantaciones hort\u00edcolas, cereales, tuberculosas, leguminosas, y frutales. Dise\u00f1ado par trabajar en \u00e1ngulo bajo sobre Pivots, en zonas con fuertes vientos y en condiciones <strong>ANTI-HELADA.<\/strong><\/p>\n","protected":false},"excerpt":{"rendered":"<p>Aspersor de impacto agr\u00edcola de medio caudal y \u00e1ngulo bajo.<br \/>\nCaperuza de protecci\u00f3n ANTI-HELADA con tratamiento UV.<br \/>\nConexi\u00f3n macho o hembra de 3\/4&#8243;. Fabricado en lat\u00f3n y acero inoxidable.<br \/>\nJuntas de rotaci\u00f3n de alta resistencia. \u00c1ngulos de las boquillas de 7\u00ba y 7\u00ba.<br \/>\nDise\u00f1o especial para conseguir el mayor alcance en Pivots y zonas de fuertes vientos.<\/p>\n","protected":false},"featured_media":8281,"template":"","meta":{"_acf_changed":false},"product_brand":[],"product_cat":[52,32],"product_tag":[],"class_list":{"0":"post-8280","1":"product","2":"type-product","3":"status-publish","4":"has-post-thumbnail","6":"product_cat-linea-vyrsa","7":"product_cat-riego-por-aspersion","9":"first","10":"instock","11":"shipping-taxable","12":"product-type-simple"},"acf":[],"yoast_head":"<!-- This site is optimized with the Yoast SEO plugin v27.6 - https:\/\/yoast.com\/product\/yoast-seo-wordpress\/ -->\n<title>Aspersor VYR 23 Anti Helada - Todoriego Insumos SRL<\/title>\n<meta name=\"robots\" content=\"index, follow, max-snippet:-1, max-image-preview:large, max-video-preview:-1\" \/>\n<link rel=\"canonical\" href=\"https:\/\/www.todoriego.com.ar\/site\/producto\/aspersor-vyrsa-23-antihelada\/\" \/>\n<meta property=\"og:locale\" content=\"es_ES\" \/>\n<meta property=\"og:type\" content=\"article\" \/>\n<meta property=\"og:title\" content=\"Aspersor VYR 23 Anti Helada - Todoriego Insumos SRL\" \/>\n<meta property=\"og:description\" content=\"Aspersor de impacto agr\u00edcola de medio caudal y \u00e1ngulo bajo. Caperuza de protecci\u00f3n ANTI-HELADA con tratamiento UV. Conexi\u00f3n macho o hembra de 3\/4&quot;. Fabricado en lat\u00f3n y acero inoxidable. Juntas de rotaci\u00f3n de alta resistencia. \u00c1ngulos de las boquillas de 7\u00ba y 7\u00ba. Dise\u00f1o especial para conseguir el mayor alcance en Pivots y zonas de fuertes vientos.\" \/>\n<meta property=\"og:url\" content=\"https:\/\/www.todoriego.com.ar\/site\/producto\/aspersor-vyrsa-23-antihelada\/\" \/>\n<meta property=\"og:site_name\" content=\"Todoriego Insumos SRL\" \/>\n<meta property=\"article:publisher\" content=\"https:\/\/www.facebook.com\/todoriegoinsumos\/\" \/>\n<meta property=\"article:modified_time\" content=\"2022-03-22T19:07:23+00:00\" \/>\n<meta property=\"og:image\" content=\"https:\/\/www.todoriego.com.ar\/site\/wp-content\/uploads\/2022\/03\/aspersor_Vyrsa_23.png\" \/>\n\t<meta property=\"og:image:width\" content=\"600\" \/>\n\t<meta property=\"og:image:height\" content=\"600\" \/>\n\t<meta property=\"og:image:type\" content=\"image\/png\" \/>\n<meta name=\"twitter:card\" content=\"summary_large_image\" \/>\n<meta name=\"twitter:label1\" content=\"Tiempo de lectura\" \/>\n\t<meta name=\"twitter:data1\" content=\"1 minuto\" \/>\n<script type=\"application\/ld+json\" class=\"yoast-schema-graph\">{\"@context\":\"https:\\\/\\\/schema.org\",\"@graph\":[{\"@type\":\"WebPage\",\"@id\":\"https:\\\/\\\/www.todoriego.com.ar\\\/site\\\/producto\\\/aspersor-vyrsa-23-antihelada\\\/\",\"url\":\"https:\\\/\\\/www.todoriego.com.ar\\\/site\\\/producto\\\/aspersor-vyrsa-23-antihelada\\\/\",\"name\":\"Aspersor VYR 23 Anti Helada - Todoriego Insumos SRL\",\"isPartOf\":{\"@id\":\"https:\\\/\\\/www.todoriego.com.ar\\\/site\\\/#website\"},\"primaryImageOfPage\":{\"@id\":\"https:\\\/\\\/www.todoriego.com.ar\\\/site\\\/producto\\\/aspersor-vyrsa-23-antihelada\\\/#primaryimage\"},\"image\":{\"@id\":\"https:\\\/\\\/www.todoriego.com.ar\\\/site\\\/producto\\\/aspersor-vyrsa-23-antihelada\\\/#primaryimage\"},\"thumbnailUrl\":\"https:\\\/\\\/www.todoriego.com.ar\\\/site\\\/wp-content\\\/uploads\\\/2022\\\/03\\\/aspersor_Vyrsa_23.png\",\"datePublished\":\"2022-03-22T19:05:45+00:00\",\"dateModified\":\"2022-03-22T19:07:23+00:00\",\"breadcrumb\":{\"@id\":\"https:\\\/\\\/www.todoriego.com.ar\\\/site\\\/producto\\\/aspersor-vyrsa-23-antihelada\\\/#breadcrumb\"},\"inLanguage\":\"es-AR\",\"potentialAction\":[{\"@type\":\"ReadAction\",\"target\":[\"https:\\\/\\\/www.todoriego.com.ar\\\/site\\\/producto\\\/aspersor-vyrsa-23-antihelada\\\/\"]}]},{\"@type\":\"ImageObject\",\"inLanguage\":\"es-AR\",\"@id\":\"https:\\\/\\\/www.todoriego.com.ar\\\/site\\\/producto\\\/aspersor-vyrsa-23-antihelada\\\/#primaryimage\",\"url\":\"https:\\\/\\\/www.todoriego.com.ar\\\/site\\\/wp-content\\\/uploads\\\/2022\\\/03\\\/aspersor_Vyrsa_23.png\",\"contentUrl\":\"https:\\\/\\\/www.todoriego.com.ar\\\/site\\\/wp-content\\\/uploads\\\/2022\\\/03\\\/aspersor_Vyrsa_23.png\",\"width\":600,\"height\":600},{\"@type\":\"BreadcrumbList\",\"@id\":\"https:\\\/\\\/www.todoriego.com.ar\\\/site\\\/producto\\\/aspersor-vyrsa-23-antihelada\\\/#breadcrumb\",\"itemListElement\":[{\"@type\":\"ListItem\",\"position\":1,\"name\":\"Inicio\",\"item\":\"https:\\\/\\\/www.todoriego.com.ar\\\/site\\\/\"},{\"@type\":\"ListItem\",\"position\":2,\"name\":\"Tienda\",\"item\":\"https:\\\/\\\/www.todoriego.com.ar\\\/site\\\/tienda\\\/\"},{\"@type\":\"ListItem\",\"position\":3,\"name\":\"Aspersor VYR 23 Anti Helada\"}]},{\"@type\":\"WebSite\",\"@id\":\"https:\\\/\\\/www.todoriego.com.ar\\\/site\\\/#website\",\"url\":\"https:\\\/\\\/www.todoriego.com.ar\\\/site\\\/\",\"name\":\"Todoriego Insumos SRL\",\"description\":\"Sabemos hacer riego\",\"publisher\":{\"@id\":\"https:\\\/\\\/www.todoriego.com.ar\\\/site\\\/#organization\"},\"potentialAction\":[{\"@type\":\"SearchAction\",\"target\":{\"@type\":\"EntryPoint\",\"urlTemplate\":\"https:\\\/\\\/www.todoriego.com.ar\\\/site\\\/?s={search_term_string}\"},\"query-input\":{\"@type\":\"PropertyValueSpecification\",\"valueRequired\":true,\"valueName\":\"search_term_string\"}}],\"inLanguage\":\"es-AR\"},{\"@type\":\"Organization\",\"@id\":\"https:\\\/\\\/www.todoriego.com.ar\\\/site\\\/#organization\",\"name\":\"Todoriego Insumos s.r.l.\",\"url\":\"https:\\\/\\\/www.todoriego.com.ar\\\/site\\\/\",\"logo\":{\"@type\":\"ImageObject\",\"inLanguage\":\"es-AR\",\"@id\":\"https:\\\/\\\/www.todoriego.com.ar\\\/site\\\/#\\\/schema\\\/logo\\\/image\\\/\",\"url\":\"http:\\\/\\\/www.todoriego.com.ar\\\/site\\\/wp-content\\\/uploads\\\/2022\\\/07\\\/todoriego_marca.jpg\",\"contentUrl\":\"http:\\\/\\\/www.todoriego.com.ar\\\/site\\\/wp-content\\\/uploads\\\/2022\\\/07\\\/todoriego_marca.jpg\",\"width\":731,\"height\":731,\"caption\":\"Todoriego Insumos s.r.l.\"},\"image\":{\"@id\":\"https:\\\/\\\/www.todoriego.com.ar\\\/site\\\/#\\\/schema\\\/logo\\\/image\\\/\"},\"sameAs\":[\"https:\\\/\\\/www.facebook.com\\\/todoriegoinsumos\\\/\",\"https:\\\/\\\/www.instagram.com\\\/todoriegoinsumos\\\/\"]}]}<\/script>\n<!-- \/ Yoast SEO plugin. -->","yoast_head_json":{"title":"Aspersor VYR 23 Anti Helada - Todoriego Insumos SRL","robots":{"index":"index","follow":"follow","max-snippet":"max-snippet:-1","max-image-preview":"max-image-preview:large","max-video-preview":"max-video-preview:-1"},"canonical":"https:\/\/www.todoriego.com.ar\/site\/producto\/aspersor-vyrsa-23-antihelada\/","og_locale":"es_ES","og_type":"article","og_title":"Aspersor VYR 23 Anti Helada - Todoriego Insumos SRL","og_description":"Aspersor de impacto agr\u00edcola de medio caudal y \u00e1ngulo bajo. Caperuza de protecci\u00f3n ANTI-HELADA con tratamiento UV. Conexi\u00f3n macho o hembra de 3\/4\". Fabricado en lat\u00f3n y acero inoxidable. Juntas de rotaci\u00f3n de alta resistencia. \u00c1ngulos de las boquillas de 7\u00ba y 7\u00ba. Dise\u00f1o especial para conseguir el mayor alcance en Pivots y zonas de fuertes vientos.","og_url":"https:\/\/www.todoriego.com.ar\/site\/producto\/aspersor-vyrsa-23-antihelada\/","og_site_name":"Todoriego Insumos SRL","article_publisher":"https:\/\/www.facebook.com\/todoriegoinsumos\/","article_modified_time":"2022-03-22T19:07:23+00:00","og_image":[{"width":600,"height":600,"url":"https:\/\/www.todoriego.com.ar\/site\/wp-content\/uploads\/2022\/03\/aspersor_Vyrsa_23.png","type":"image\/png"}],"twitter_card":"summary_large_image","twitter_misc":{"Tiempo de lectura":"1 minuto"},"schema":{"@context":"https:\/\/schema.org","@graph":[{"@type":"WebPage","@id":"https:\/\/www.todoriego.com.ar\/site\/producto\/aspersor-vyrsa-23-antihelada\/","url":"https:\/\/www.todoriego.com.ar\/site\/producto\/aspersor-vyrsa-23-antihelada\/","name":"Aspersor VYR 23 Anti Helada - Todoriego Insumos SRL","isPartOf":{"@id":"https:\/\/www.todoriego.com.ar\/site\/#website"},"primaryImageOfPage":{"@id":"https:\/\/www.todoriego.com.ar\/site\/producto\/aspersor-vyrsa-23-antihelada\/#primaryimage"},"image":{"@id":"https:\/\/www.todoriego.com.ar\/site\/producto\/aspersor-vyrsa-23-antihelada\/#primaryimage"},"thumbnailUrl":"https:\/\/www.todoriego.com.ar\/site\/wp-content\/uploads\/2022\/03\/aspersor_Vyrsa_23.png","datePublished":"2022-03-22T19:05:45+00:00","dateModified":"2022-03-22T19:07:23+00:00","breadcrumb":{"@id":"https:\/\/www.todoriego.com.ar\/site\/producto\/aspersor-vyrsa-23-antihelada\/#breadcrumb"},"inLanguage":"es-AR","potentialAction":[{"@type":"ReadAction","target":["https:\/\/www.todoriego.com.ar\/site\/producto\/aspersor-vyrsa-23-antihelada\/"]}]},{"@type":"ImageObject","inLanguage":"es-AR","@id":"https:\/\/www.todoriego.com.ar\/site\/producto\/aspersor-vyrsa-23-antihelada\/#primaryimage","url":"https:\/\/www.todoriego.com.ar\/site\/wp-content\/uploads\/2022\/03\/aspersor_Vyrsa_23.png","contentUrl":"https:\/\/www.todoriego.com.ar\/site\/wp-content\/uploads\/2022\/03\/aspersor_Vyrsa_23.png","width":600,"height":600},{"@type":"BreadcrumbList","@id":"https:\/\/www.todoriego.com.ar\/site\/producto\/aspersor-vyrsa-23-antihelada\/#breadcrumb","itemListElement":[{"@type":"ListItem","position":1,"name":"Inicio","item":"https:\/\/www.todoriego.com.ar\/site\/"},{"@type":"ListItem","position":2,"name":"Tienda","item":"https:\/\/www.todoriego.com.ar\/site\/tienda\/"},{"@type":"ListItem","position":3,"name":"Aspersor VYR 23 Anti Helada"}]},{"@type":"WebSite","@id":"https:\/\/www.todoriego.com.ar\/site\/#website","url":"https:\/\/www.todoriego.com.ar\/site\/","name":"Todoriego Insumos SRL","description":"Sabemos hacer riego","publisher":{"@id":"https:\/\/www.todoriego.com.ar\/site\/#organization"},"potentialAction":[{"@type":"SearchAction","target":{"@type":"EntryPoint","urlTemplate":"https:\/\/www.todoriego.com.ar\/site\/?s={search_term_string}"},"query-input":{"@type":"PropertyValueSpecification","valueRequired":true,"valueName":"search_term_string"}}],"inLanguage":"es-AR"},{"@type":"Organization","@id":"https:\/\/www.todoriego.com.ar\/site\/#organization","name":"Todoriego Insumos s.r.l.","url":"https:\/\/www.todoriego.com.ar\/site\/","logo":{"@type":"ImageObject","inLanguage":"es-AR","@id":"https:\/\/www.todoriego.com.ar\/site\/#\/schema\/logo\/image\/","url":"http:\/\/www.todoriego.com.ar\/site\/wp-content\/uploads\/2022\/07\/todoriego_marca.jpg","contentUrl":"http:\/\/www.todoriego.com.ar\/site\/wp-content\/uploads\/2022\/07\/todoriego_marca.jpg","width":731,"height":731,"caption":"Todoriego Insumos s.r.l."},"image":{"@id":"https:\/\/www.todoriego.com.ar\/site\/#\/schema\/logo\/image\/"},"sameAs":["https:\/\/www.facebook.com\/todoriegoinsumos\/","https:\/\/www.instagram.com\/todoriegoinsumos\/"]}]}},"_links":{"self":[{"href":"https:\/\/www.todoriego.com.ar\/site\/wp-json\/wp\/v2\/product\/8280","targetHints":{"allow":["GET"]}}],"collection":[{"href":"https:\/\/www.todoriego.com.ar\/site\/wp-json\/wp\/v2\/product"}],"about":[{"href":"https:\/\/www.todoriego.com.ar\/site\/wp-json\/wp\/v2\/types\/product"}],"wp:featuredmedia":[{"embeddable":true,"href":"https:\/\/www.todoriego.com.ar\/site\/wp-json\/wp\/v2\/media\/8281"}],"wp:attachment":[{"href":"https:\/\/www.todoriego.com.ar\/site\/wp-json\/wp\/v2\/media?parent=8280"}],"wp:term":[{"taxonomy":"product_brand","embeddable":true,"href":"https:\/\/www.todoriego.com.ar\/site\/wp-json\/wp\/v2\/product_brand?post=8280"},{"taxonomy":"product_cat","embeddable":true,"href":"https:\/\/www.todoriego.com.ar\/site\/wp-json\/wp\/v2\/product_cat?post=8280"},{"taxonomy":"product_tag","embeddable":true,"href":"https:\/\/www.todoriego.com.ar\/site\/wp-json\/wp\/v2\/product_tag?post=8280"}],"curies":[{"name":"wp","href":"https:\/\/api.w.org\/{rel}","templated":true}]}}