{"id":8286,"date":"2022-03-22T16:19:54","date_gmt":"2022-03-22T19:19:54","guid":{"rendered":"http:\/\/www.todoriego.com.ar\/site\/?post_type=product&#038;p=8286"},"modified":"2022-03-22T16:30:59","modified_gmt":"2022-03-22T19:30:59","slug":"canon-aspersor-grillo-vyrsa-100","status":"publish","type":"product","link":"https:\/\/www.todoriego.com.ar\/site\/producto\/canon-aspersor-grillo-vyrsa-100\/","title":{"rendered":"Ca\u00f1on Aspersor Grillo VYR 100 2&#8243;"},"content":{"rendered":"<p><strong>Caracter\u00edsticas<\/strong><br \/>\nEl aspersor VYR-100 &#8220;GRILLO&#8221; es un modelo agr\u00edcola sectorial que destaca por su gran versatilidad y un largo periodo de funcionamiento con un mantenimiento m\u00ednimo, incluso bajo las condiciones de trabajo m\u00e1s extremas.<br \/>\nFabricado en aluminio, pl\u00e1stico y lat\u00f3n cuenta con una sola referencia de conexi\u00f3n 2&#8243; hembra. Su sofisticado sistema de engranajes est\u00e1 fabricado en acero inoxidable, pl\u00e1sticos con fibra de vidrio y juntas t\u00f3ricas y arandelas de alta estanqueidad de acero, tefl\u00f3n y cauchos especiales para resistir al contacto con los fertilizantes m\u00e1s agresivos del mercado.<br \/>\nEste aspersor incluye 4 boquillas de pl\u00e1stico de 10, 12, 14 y 16 mm. El VYR-100 GRILLO est\u00e1 dise\u00f1ado para trabajar bajo unos rangos de caudal entre 8500 y 27000 l\/h, a una presi\u00f3n nominal de tan solo entre 2 y 4 BAR y con un alcance de cobertura entre los 25 y 38 metros de radio. El aspersor VYR-100 GRILLO tiene una \u00fanica boquilla don doble salida; la salida principal tiene 28 grados de inclinaci\u00f3n respecto al plano horizontal y la secundaria 26 grados. Su tiempo medio de rotaci\u00f3n viene a ser de aproximadamente unos 40 seg. \/360 (3 BAR, 4,40&#215;2, 40mm).<br \/>\nPara un \u00f3ptimo Coeficiente de Uniformidad, nuestros t\u00e9cnicos recomiendan el uso de este aspersor con un espaciamiento entre cabezales y l\u00edneas de 35&#215;35 metros, hasta 52&#215;52 metros para marcos rectangulares, y de 43&#215;37 metros hasta 64&#215;56 metros para marcos triangulares.<br \/>\nEl uso mas com\u00fan dado a este aspersor agr\u00edcola es el riego de cereales como trigo, cebada o ma\u00edz, alfalfa, remolacha, hortalizas de hoja robusta, legumbres y tub\u00e9rculos.<\/p>\n<p><strong>Especificaciones<\/strong><br \/>\nAlcance: 25-38 m.<br \/>\nCaudal: 8,500- 27,200 l\/h.<br \/>\nPresi\u00f3n de trabajo: 2,5 &#8211; 4,5 BAR.<br \/>\nSector: Sectorial o circular.<br \/>\nBoquillas: Una principal multi chorro con tornillo deflector incorporado.<br \/>\n\u00c1ngulos de trayectoria: 28\u00ba.<br \/>\nAltura m\u00e1xima de chorro: 5,8 m.<br \/>\nTiempo de rotaci\u00f3n: Dependiendo de la presi\u00f3n y boquillas es uniforme y continuo.<br \/>\nCoeficiente de Uniformidad superior al 83% en marcos de 48x48R, 50x50T, 50x62T.<\/p>\n<p><strong>Aplicaciones<\/strong><br \/>\nRiegos para campos deportivos.<br \/>\nRiego en m\u00e1quinas enrolladoras de avance.<br \/>\nPlantaciones h\u00f3rticolas, cereales, tuberculosas, leguminosas, y frutales.<\/p>\n","protected":false},"excerpt":{"rendered":"<p>Aspersor-ca\u00f1\u00f3n de riego de turbina agr\u00edcola de alto caudal.<br \/>\nConexi\u00f3n hembra de 2&#8243;.<br \/>\nFabricado en aluminio, lat\u00f3n, pl\u00e1stico y acero inoxidable. Juntas de rotaci\u00f3n de alta resistencia.<br \/>\n\u00c1ngulo de la boquilla de 28\u00ba. Dise\u00f1o especial para largo alcance.<br \/>\nUtilizado en riegos de cobertura con caudales muy altos.<\/p>\n","protected":false},"featured_media":8287,"template":"","meta":{"_acf_changed":false},"product_brand":[],"product_cat":[32,52],"product_tag":[],"class_list":{"0":"post-8286","1":"product","2":"type-product","3":"status-publish","4":"has-post-thumbnail","6":"product_cat-riego-por-aspersion","7":"product_cat-linea-vyrsa","9":"first","10":"instock","11":"shipping-taxable","12":"product-type-simple"},"acf":[],"yoast_head":"<!-- This site is optimized with the Yoast SEO plugin v27.5 - https:\/\/yoast.com\/product\/yoast-seo-wordpress\/ -->\n<title>Ca\u00f1on Aspersor Grillo VYR 100 2&quot; - Todoriego Insumos SRL<\/title>\n<meta name=\"robots\" content=\"index, follow, max-snippet:-1, max-image-preview:large, max-video-preview:-1\" \/>\n<link rel=\"canonical\" href=\"https:\/\/www.todoriego.com.ar\/site\/producto\/canon-aspersor-grillo-vyrsa-100\/\" \/>\n<meta property=\"og:locale\" content=\"es_ES\" \/>\n<meta property=\"og:type\" content=\"article\" \/>\n<meta property=\"og:title\" content=\"Ca\u00f1on Aspersor Grillo VYR 100 2&quot; - Todoriego Insumos SRL\" \/>\n<meta property=\"og:description\" content=\"Aspersor-ca\u00f1\u00f3n de riego de turbina agr\u00edcola de alto caudal. Conexi\u00f3n hembra de 2&quot;. Fabricado en aluminio, lat\u00f3n, pl\u00e1stico y acero inoxidable. Juntas de rotaci\u00f3n de alta resistencia. \u00c1ngulo de la boquilla de 28\u00ba. Dise\u00f1o especial para largo alcance. Utilizado en riegos de cobertura con caudales muy altos.\" \/>\n<meta property=\"og:url\" content=\"https:\/\/www.todoriego.com.ar\/site\/producto\/canon-aspersor-grillo-vyrsa-100\/\" \/>\n<meta property=\"og:site_name\" content=\"Todoriego Insumos SRL\" \/>\n<meta property=\"article:publisher\" content=\"https:\/\/www.facebook.com\/todoriegoinsumos\/\" \/>\n<meta property=\"article:modified_time\" content=\"2022-03-22T19:30:59+00:00\" \/>\n<meta property=\"og:image\" content=\"https:\/\/www.todoriego.com.ar\/site\/wp-content\/uploads\/2022\/03\/canon_aspersor_Vyrsa_100.png\" \/>\n\t<meta property=\"og:image:width\" content=\"600\" \/>\n\t<meta property=\"og:image:height\" content=\"600\" \/>\n\t<meta property=\"og:image:type\" content=\"image\/png\" \/>\n<meta name=\"twitter:card\" content=\"summary_large_image\" \/>\n<meta name=\"twitter:label1\" content=\"Tiempo de lectura\" \/>\n\t<meta name=\"twitter:data1\" content=\"2 minutos\" \/>\n<script type=\"application\/ld+json\" class=\"yoast-schema-graph\">{\"@context\":\"https:\\\/\\\/schema.org\",\"@graph\":[{\"@type\":\"WebPage\",\"@id\":\"https:\\\/\\\/www.todoriego.com.ar\\\/site\\\/producto\\\/canon-aspersor-grillo-vyrsa-100\\\/\",\"url\":\"https:\\\/\\\/www.todoriego.com.ar\\\/site\\\/producto\\\/canon-aspersor-grillo-vyrsa-100\\\/\",\"name\":\"Ca\u00f1on Aspersor Grillo VYR 100 2\\\" - Todoriego Insumos SRL\",\"isPartOf\":{\"@id\":\"https:\\\/\\\/www.todoriego.com.ar\\\/site\\\/#website\"},\"primaryImageOfPage\":{\"@id\":\"https:\\\/\\\/www.todoriego.com.ar\\\/site\\\/producto\\\/canon-aspersor-grillo-vyrsa-100\\\/#primaryimage\"},\"image\":{\"@id\":\"https:\\\/\\\/www.todoriego.com.ar\\\/site\\\/producto\\\/canon-aspersor-grillo-vyrsa-100\\\/#primaryimage\"},\"thumbnailUrl\":\"https:\\\/\\\/www.todoriego.com.ar\\\/site\\\/wp-content\\\/uploads\\\/2022\\\/03\\\/canon_aspersor_Vyrsa_100.png\",\"datePublished\":\"2022-03-22T19:19:54+00:00\",\"dateModified\":\"2022-03-22T19:30:59+00:00\",\"breadcrumb\":{\"@id\":\"https:\\\/\\\/www.todoriego.com.ar\\\/site\\\/producto\\\/canon-aspersor-grillo-vyrsa-100\\\/#breadcrumb\"},\"inLanguage\":\"es-AR\",\"potentialAction\":[{\"@type\":\"ReadAction\",\"target\":[\"https:\\\/\\\/www.todoriego.com.ar\\\/site\\\/producto\\\/canon-aspersor-grillo-vyrsa-100\\\/\"]}]},{\"@type\":\"ImageObject\",\"inLanguage\":\"es-AR\",\"@id\":\"https:\\\/\\\/www.todoriego.com.ar\\\/site\\\/producto\\\/canon-aspersor-grillo-vyrsa-100\\\/#primaryimage\",\"url\":\"https:\\\/\\\/www.todoriego.com.ar\\\/site\\\/wp-content\\\/uploads\\\/2022\\\/03\\\/canon_aspersor_Vyrsa_100.png\",\"contentUrl\":\"https:\\\/\\\/www.todoriego.com.ar\\\/site\\\/wp-content\\\/uploads\\\/2022\\\/03\\\/canon_aspersor_Vyrsa_100.png\",\"width\":600,\"height\":600},{\"@type\":\"BreadcrumbList\",\"@id\":\"https:\\\/\\\/www.todoriego.com.ar\\\/site\\\/producto\\\/canon-aspersor-grillo-vyrsa-100\\\/#breadcrumb\",\"itemListElement\":[{\"@type\":\"ListItem\",\"position\":1,\"name\":\"Inicio\",\"item\":\"https:\\\/\\\/www.todoriego.com.ar\\\/site\\\/\"},{\"@type\":\"ListItem\",\"position\":2,\"name\":\"Tienda\",\"item\":\"https:\\\/\\\/www.todoriego.com.ar\\\/site\\\/tienda\\\/\"},{\"@type\":\"ListItem\",\"position\":3,\"name\":\"Ca\u00f1on Aspersor Grillo VYR 100 2&#8243;\"}]},{\"@type\":\"WebSite\",\"@id\":\"https:\\\/\\\/www.todoriego.com.ar\\\/site\\\/#website\",\"url\":\"https:\\\/\\\/www.todoriego.com.ar\\\/site\\\/\",\"name\":\"Todoriego Insumos SRL\",\"description\":\"Sabemos hacer riego\",\"publisher\":{\"@id\":\"https:\\\/\\\/www.todoriego.com.ar\\\/site\\\/#organization\"},\"potentialAction\":[{\"@type\":\"SearchAction\",\"target\":{\"@type\":\"EntryPoint\",\"urlTemplate\":\"https:\\\/\\\/www.todoriego.com.ar\\\/site\\\/?s={search_term_string}\"},\"query-input\":{\"@type\":\"PropertyValueSpecification\",\"valueRequired\":true,\"valueName\":\"search_term_string\"}}],\"inLanguage\":\"es-AR\"},{\"@type\":\"Organization\",\"@id\":\"https:\\\/\\\/www.todoriego.com.ar\\\/site\\\/#organization\",\"name\":\"Todoriego Insumos s.r.l.\",\"url\":\"https:\\\/\\\/www.todoriego.com.ar\\\/site\\\/\",\"logo\":{\"@type\":\"ImageObject\",\"inLanguage\":\"es-AR\",\"@id\":\"https:\\\/\\\/www.todoriego.com.ar\\\/site\\\/#\\\/schema\\\/logo\\\/image\\\/\",\"url\":\"http:\\\/\\\/www.todoriego.com.ar\\\/site\\\/wp-content\\\/uploads\\\/2022\\\/07\\\/todoriego_marca.jpg\",\"contentUrl\":\"http:\\\/\\\/www.todoriego.com.ar\\\/site\\\/wp-content\\\/uploads\\\/2022\\\/07\\\/todoriego_marca.jpg\",\"width\":731,\"height\":731,\"caption\":\"Todoriego Insumos s.r.l.\"},\"image\":{\"@id\":\"https:\\\/\\\/www.todoriego.com.ar\\\/site\\\/#\\\/schema\\\/logo\\\/image\\\/\"},\"sameAs\":[\"https:\\\/\\\/www.facebook.com\\\/todoriegoinsumos\\\/\",\"https:\\\/\\\/www.instagram.com\\\/todoriegoinsumos\\\/\"]}]}<\/script>\n<!-- \/ Yoast SEO plugin. -->","yoast_head_json":{"title":"Ca\u00f1on Aspersor Grillo VYR 100 2\" - Todoriego Insumos SRL","robots":{"index":"index","follow":"follow","max-snippet":"max-snippet:-1","max-image-preview":"max-image-preview:large","max-video-preview":"max-video-preview:-1"},"canonical":"https:\/\/www.todoriego.com.ar\/site\/producto\/canon-aspersor-grillo-vyrsa-100\/","og_locale":"es_ES","og_type":"article","og_title":"Ca\u00f1on Aspersor Grillo VYR 100 2\" - Todoriego Insumos SRL","og_description":"Aspersor-ca\u00f1\u00f3n de riego de turbina agr\u00edcola de alto caudal. Conexi\u00f3n hembra de 2\". Fabricado en aluminio, lat\u00f3n, pl\u00e1stico y acero inoxidable. Juntas de rotaci\u00f3n de alta resistencia. \u00c1ngulo de la boquilla de 28\u00ba. Dise\u00f1o especial para largo alcance. Utilizado en riegos de cobertura con caudales muy altos.","og_url":"https:\/\/www.todoriego.com.ar\/site\/producto\/canon-aspersor-grillo-vyrsa-100\/","og_site_name":"Todoriego Insumos SRL","article_publisher":"https:\/\/www.facebook.com\/todoriegoinsumos\/","article_modified_time":"2022-03-22T19:30:59+00:00","og_image":[{"width":600,"height":600,"url":"https:\/\/www.todoriego.com.ar\/site\/wp-content\/uploads\/2022\/03\/canon_aspersor_Vyrsa_100.png","type":"image\/png"}],"twitter_card":"summary_large_image","twitter_misc":{"Tiempo de lectura":"2 minutos"},"schema":{"@context":"https:\/\/schema.org","@graph":[{"@type":"WebPage","@id":"https:\/\/www.todoriego.com.ar\/site\/producto\/canon-aspersor-grillo-vyrsa-100\/","url":"https:\/\/www.todoriego.com.ar\/site\/producto\/canon-aspersor-grillo-vyrsa-100\/","name":"Ca\u00f1on Aspersor Grillo VYR 100 2\" - Todoriego Insumos SRL","isPartOf":{"@id":"https:\/\/www.todoriego.com.ar\/site\/#website"},"primaryImageOfPage":{"@id":"https:\/\/www.todoriego.com.ar\/site\/producto\/canon-aspersor-grillo-vyrsa-100\/#primaryimage"},"image":{"@id":"https:\/\/www.todoriego.com.ar\/site\/producto\/canon-aspersor-grillo-vyrsa-100\/#primaryimage"},"thumbnailUrl":"https:\/\/www.todoriego.com.ar\/site\/wp-content\/uploads\/2022\/03\/canon_aspersor_Vyrsa_100.png","datePublished":"2022-03-22T19:19:54+00:00","dateModified":"2022-03-22T19:30:59+00:00","breadcrumb":{"@id":"https:\/\/www.todoriego.com.ar\/site\/producto\/canon-aspersor-grillo-vyrsa-100\/#breadcrumb"},"inLanguage":"es-AR","potentialAction":[{"@type":"ReadAction","target":["https:\/\/www.todoriego.com.ar\/site\/producto\/canon-aspersor-grillo-vyrsa-100\/"]}]},{"@type":"ImageObject","inLanguage":"es-AR","@id":"https:\/\/www.todoriego.com.ar\/site\/producto\/canon-aspersor-grillo-vyrsa-100\/#primaryimage","url":"https:\/\/www.todoriego.com.ar\/site\/wp-content\/uploads\/2022\/03\/canon_aspersor_Vyrsa_100.png","contentUrl":"https:\/\/www.todoriego.com.ar\/site\/wp-content\/uploads\/2022\/03\/canon_aspersor_Vyrsa_100.png","width":600,"height":600},{"@type":"BreadcrumbList","@id":"https:\/\/www.todoriego.com.ar\/site\/producto\/canon-aspersor-grillo-vyrsa-100\/#breadcrumb","itemListElement":[{"@type":"ListItem","position":1,"name":"Inicio","item":"https:\/\/www.todoriego.com.ar\/site\/"},{"@type":"ListItem","position":2,"name":"Tienda","item":"https:\/\/www.todoriego.com.ar\/site\/tienda\/"},{"@type":"ListItem","position":3,"name":"Ca\u00f1on Aspersor Grillo VYR 100 2&#8243;"}]},{"@type":"WebSite","@id":"https:\/\/www.todoriego.com.ar\/site\/#website","url":"https:\/\/www.todoriego.com.ar\/site\/","name":"Todoriego Insumos SRL","description":"Sabemos hacer riego","publisher":{"@id":"https:\/\/www.todoriego.com.ar\/site\/#organization"},"potentialAction":[{"@type":"SearchAction","target":{"@type":"EntryPoint","urlTemplate":"https:\/\/www.todoriego.com.ar\/site\/?s={search_term_string}"},"query-input":{"@type":"PropertyValueSpecification","valueRequired":true,"valueName":"search_term_string"}}],"inLanguage":"es-AR"},{"@type":"Organization","@id":"https:\/\/www.todoriego.com.ar\/site\/#organization","name":"Todoriego Insumos s.r.l.","url":"https:\/\/www.todoriego.com.ar\/site\/","logo":{"@type":"ImageObject","inLanguage":"es-AR","@id":"https:\/\/www.todoriego.com.ar\/site\/#\/schema\/logo\/image\/","url":"http:\/\/www.todoriego.com.ar\/site\/wp-content\/uploads\/2022\/07\/todoriego_marca.jpg","contentUrl":"http:\/\/www.todoriego.com.ar\/site\/wp-content\/uploads\/2022\/07\/todoriego_marca.jpg","width":731,"height":731,"caption":"Todoriego Insumos s.r.l."},"image":{"@id":"https:\/\/www.todoriego.com.ar\/site\/#\/schema\/logo\/image\/"},"sameAs":["https:\/\/www.facebook.com\/todoriegoinsumos\/","https:\/\/www.instagram.com\/todoriegoinsumos\/"]}]}},"_links":{"self":[{"href":"https:\/\/www.todoriego.com.ar\/site\/wp-json\/wp\/v2\/product\/8286","targetHints":{"allow":["GET"]}}],"collection":[{"href":"https:\/\/www.todoriego.com.ar\/site\/wp-json\/wp\/v2\/product"}],"about":[{"href":"https:\/\/www.todoriego.com.ar\/site\/wp-json\/wp\/v2\/types\/product"}],"wp:featuredmedia":[{"embeddable":true,"href":"https:\/\/www.todoriego.com.ar\/site\/wp-json\/wp\/v2\/media\/8287"}],"wp:attachment":[{"href":"https:\/\/www.todoriego.com.ar\/site\/wp-json\/wp\/v2\/media?parent=8286"}],"wp:term":[{"taxonomy":"product_brand","embeddable":true,"href":"https:\/\/www.todoriego.com.ar\/site\/wp-json\/wp\/v2\/product_brand?post=8286"},{"taxonomy":"product_cat","embeddable":true,"href":"https:\/\/www.todoriego.com.ar\/site\/wp-json\/wp\/v2\/product_cat?post=8286"},{"taxonomy":"product_tag","embeddable":true,"href":"https:\/\/www.todoriego.com.ar\/site\/wp-json\/wp\/v2\/product_tag?post=8286"}],"curies":[{"name":"wp","href":"https:\/\/api.w.org\/{rel}","templated":true}]}}