{"id":8712,"date":"2022-07-26T12:46:17","date_gmt":"2022-07-26T15:46:17","guid":{"rendered":"http:\/\/www.todoriego.com.ar\/site\/?post_type=product&#038;p=8712"},"modified":"2022-07-26T14:42:19","modified_gmt":"2022-07-26T17:42:19","slug":"cinta-irritec-itape","status":"publish","type":"product","link":"https:\/\/www.todoriego.com.ar\/site\/producto\/cinta-irritec-itape\/","title":{"rendered":"Cinta Irritec iTape"},"content":{"rendered":"<p><strong>Caracter\u00edsticas<\/strong><br \/>\n\u2022 Elevada resistencia al uso<br \/>\n\u2022 Resultado alcanzado con tecnolog\u00edas innovadoras y materias primas de \u00faltima generaci\u00f3n.<br \/>\n\u2022 El particular dise\u00f1o del laberinto de flujo turbulento, reduce al m\u00ednimo las sedimentaciones y permite alcanzar largas l\u00edneas con \u00f3ptima uniformidad de emisi\u00f3n.<br \/>\n\u2022 El filtro de entrada del gotero protege el laberinto de eventuales obturaciones.<br \/>\n\u2022 La doble raya verde de reconocimiento, indica el lado alto de los agujeros de salida.<br \/>\n\u2022 El agujero de salida inciso con tecnolog\u00eda a l\u00e1ser reduce la sensibilidad a la obstrucci\u00f3n y a la intrusi\u00f3n de las ra\u00edces.<\/p>\n<p><strong>Ventajas<\/strong><br \/>\n\u2022 Distribuci\u00f3n del agua y sustancias nutritivas en posici\u00f3n \u00f3ptima con respecto al sistema radicular.<br \/>\n\u2022 Mantenimiento seco de la entrel\u00ednea con reducci\u00f3n de las p\u00e9rdidas por evaporaci\u00f3n y del desarrollo de la maleza.<br \/>\n\u2022 Reducci\u00f3n de los problemas fitopatol\u00f3gicos, gracias al mantenimiento seco del aparato foliar.<br \/>\n\u2022 Tr\u00e1nsito de las m\u00e1quinas operadoras durante o inmediatamente despu\u00e9s del riego.<br \/>\n\u2022 Uniformidad \u00f3ptima del ba\u00f1o con anulaci\u00f3n del efecto negativo del viento.<br \/>\n\u2022 Mantenimiento en el tiempo del justo grado de humedad del terreno.<br \/>\n\u2022 Microlixiviaci\u00f3n de las sales, hacia los bordes de la zona h\u00fameda: impidiendo a las sales alcanzar niveles da\u00f1inos en proximidad de las ra\u00edces.<br \/>\n\u2022 Posibilidad de utilizar fuentes h\u00eddricas de modesto caudal. Facilidad de penetraci\u00f3n del agua incluso en los terrenos m\u00e1s impermeables.<br \/>\n\u2022 Gracias a la baja presi\u00f3n de ejercicio, se consigue un gran ahorro de costes de bombeo.<\/p>\n","protected":false},"excerpt":{"rendered":"<p><img loading=\"lazy\" decoding=\"async\" class=\"alignnone size-full wp-image-8737\" src=\"https:\/\/www.todoriego.com.ar\/site\/wp-content\/uploads\/2022\/07\/irritec.png\" alt=\"irritec\" width=\"103\" height=\"50\" \/><\/p>\n<p>Ideal para los terrenos permeables generalmente destinados a los cultivos hort\u00edcolas y a la floricultura, tanto extensivos como intensivos, en invernaderos, de tomate, sand\u00eda, mel\u00f3n, pimiento, berenjena, esp\u00e1rrago, papa, pepino, cebolla, rosa, claveles, etc.<\/p>\n","protected":false},"featured_media":8713,"template":"","meta":{"_acf_changed":false},"product_brand":[],"product_cat":[42],"product_tag":[],"class_list":{"0":"post-8712","1":"product","2":"type-product","3":"status-publish","4":"has-post-thumbnail","6":"product_cat-cintas-de-goteo","8":"first","9":"instock","10":"shipping-taxable","11":"product-type-simple"},"acf":[],"yoast_head":"<!-- This site is optimized with the Yoast SEO plugin v27.4 - https:\/\/yoast.com\/product\/yoast-seo-wordpress\/ -->\n<title>Cinta Irritec iTape - Todoriego Insumos SRL<\/title>\n<meta name=\"description\" content=\"Esta cinta de goteo es ideal para los terrenos permeables generalmente destinados a los cultivos hort\u00edcolas y a la floricultura, tambi\u00e9n en invernaderos.\" \/>\n<meta name=\"robots\" content=\"index, follow, max-snippet:-1, max-image-preview:large, max-video-preview:-1\" \/>\n<link rel=\"canonical\" href=\"https:\/\/www.todoriego.com.ar\/site\/producto\/cinta-irritec-itape\/\" \/>\n<meta property=\"og:locale\" content=\"es_ES\" \/>\n<meta property=\"og:type\" content=\"article\" \/>\n<meta property=\"og:title\" content=\"Cinta Irritec iTape - Todoriego Insumos SRL\" \/>\n<meta property=\"og:description\" content=\"Esta cinta de goteo es ideal para los terrenos permeables generalmente destinados a los cultivos hort\u00edcolas y a la floricultura, tambi\u00e9n en invernaderos.\" \/>\n<meta property=\"og:url\" content=\"https:\/\/www.todoriego.com.ar\/site\/producto\/cinta-irritec-itape\/\" \/>\n<meta property=\"og:site_name\" content=\"Todoriego Insumos SRL\" \/>\n<meta property=\"article:publisher\" content=\"https:\/\/www.facebook.com\/todoriegoinsumos\/\" \/>\n<meta property=\"article:modified_time\" content=\"2022-07-26T17:42:19+00:00\" \/>\n<meta property=\"og:image\" content=\"https:\/\/www.todoriego.com.ar\/site\/wp-content\/uploads\/2022\/07\/cintaGoteo_irritec_itape.png\" \/>\n\t<meta property=\"og:image:width\" content=\"600\" \/>\n\t<meta property=\"og:image:height\" content=\"600\" \/>\n\t<meta property=\"og:image:type\" content=\"image\/png\" \/>\n<meta name=\"twitter:card\" content=\"summary_large_image\" \/>\n<meta name=\"twitter:label1\" content=\"Tiempo de lectura\" \/>\n\t<meta name=\"twitter:data1\" content=\"2 minutos\" \/>\n<script type=\"application\/ld+json\" class=\"yoast-schema-graph\">{\"@context\":\"https:\\\/\\\/schema.org\",\"@graph\":[{\"@type\":\"WebPage\",\"@id\":\"https:\\\/\\\/www.todoriego.com.ar\\\/site\\\/producto\\\/cinta-irritec-itape\\\/\",\"url\":\"https:\\\/\\\/www.todoriego.com.ar\\\/site\\\/producto\\\/cinta-irritec-itape\\\/\",\"name\":\"Cinta Irritec iTape - Todoriego Insumos SRL\",\"isPartOf\":{\"@id\":\"https:\\\/\\\/www.todoriego.com.ar\\\/site\\\/#website\"},\"primaryImageOfPage\":{\"@id\":\"https:\\\/\\\/www.todoriego.com.ar\\\/site\\\/producto\\\/cinta-irritec-itape\\\/#primaryimage\"},\"image\":{\"@id\":\"https:\\\/\\\/www.todoriego.com.ar\\\/site\\\/producto\\\/cinta-irritec-itape\\\/#primaryimage\"},\"thumbnailUrl\":\"https:\\\/\\\/www.todoriego.com.ar\\\/site\\\/wp-content\\\/uploads\\\/2022\\\/07\\\/cintaGoteo_irritec_itape.png\",\"datePublished\":\"2022-07-26T15:46:17+00:00\",\"dateModified\":\"2022-07-26T17:42:19+00:00\",\"description\":\"Esta cinta de goteo es ideal para los terrenos permeables generalmente destinados a los cultivos hort\u00edcolas y a la floricultura, tambi\u00e9n en invernaderos.\",\"breadcrumb\":{\"@id\":\"https:\\\/\\\/www.todoriego.com.ar\\\/site\\\/producto\\\/cinta-irritec-itape\\\/#breadcrumb\"},\"inLanguage\":\"es-AR\",\"potentialAction\":[{\"@type\":\"ReadAction\",\"target\":[\"https:\\\/\\\/www.todoriego.com.ar\\\/site\\\/producto\\\/cinta-irritec-itape\\\/\"]}]},{\"@type\":\"ImageObject\",\"inLanguage\":\"es-AR\",\"@id\":\"https:\\\/\\\/www.todoriego.com.ar\\\/site\\\/producto\\\/cinta-irritec-itape\\\/#primaryimage\",\"url\":\"https:\\\/\\\/www.todoriego.com.ar\\\/site\\\/wp-content\\\/uploads\\\/2022\\\/07\\\/cintaGoteo_irritec_itape.png\",\"contentUrl\":\"https:\\\/\\\/www.todoriego.com.ar\\\/site\\\/wp-content\\\/uploads\\\/2022\\\/07\\\/cintaGoteo_irritec_itape.png\",\"width\":600,\"height\":600,\"caption\":\"Cinta de goteo cont\u00ednua importada Irritec iTape\"},{\"@type\":\"BreadcrumbList\",\"@id\":\"https:\\\/\\\/www.todoriego.com.ar\\\/site\\\/producto\\\/cinta-irritec-itape\\\/#breadcrumb\",\"itemListElement\":[{\"@type\":\"ListItem\",\"position\":1,\"name\":\"Inicio\",\"item\":\"https:\\\/\\\/www.todoriego.com.ar\\\/site\\\/\"},{\"@type\":\"ListItem\",\"position\":2,\"name\":\"Tienda\",\"item\":\"https:\\\/\\\/www.todoriego.com.ar\\\/site\\\/tienda\\\/\"},{\"@type\":\"ListItem\",\"position\":3,\"name\":\"Cinta Irritec iTape\"}]},{\"@type\":\"WebSite\",\"@id\":\"https:\\\/\\\/www.todoriego.com.ar\\\/site\\\/#website\",\"url\":\"https:\\\/\\\/www.todoriego.com.ar\\\/site\\\/\",\"name\":\"Todoriego Insumos SRL\",\"description\":\"Sabemos hacer riego\",\"publisher\":{\"@id\":\"https:\\\/\\\/www.todoriego.com.ar\\\/site\\\/#organization\"},\"potentialAction\":[{\"@type\":\"SearchAction\",\"target\":{\"@type\":\"EntryPoint\",\"urlTemplate\":\"https:\\\/\\\/www.todoriego.com.ar\\\/site\\\/?s={search_term_string}\"},\"query-input\":{\"@type\":\"PropertyValueSpecification\",\"valueRequired\":true,\"valueName\":\"search_term_string\"}}],\"inLanguage\":\"es-AR\"},{\"@type\":\"Organization\",\"@id\":\"https:\\\/\\\/www.todoriego.com.ar\\\/site\\\/#organization\",\"name\":\"Todoriego Insumos s.r.l.\",\"url\":\"https:\\\/\\\/www.todoriego.com.ar\\\/site\\\/\",\"logo\":{\"@type\":\"ImageObject\",\"inLanguage\":\"es-AR\",\"@id\":\"https:\\\/\\\/www.todoriego.com.ar\\\/site\\\/#\\\/schema\\\/logo\\\/image\\\/\",\"url\":\"http:\\\/\\\/www.todoriego.com.ar\\\/site\\\/wp-content\\\/uploads\\\/2022\\\/07\\\/todoriego_marca.jpg\",\"contentUrl\":\"http:\\\/\\\/www.todoriego.com.ar\\\/site\\\/wp-content\\\/uploads\\\/2022\\\/07\\\/todoriego_marca.jpg\",\"width\":731,\"height\":731,\"caption\":\"Todoriego Insumos s.r.l.\"},\"image\":{\"@id\":\"https:\\\/\\\/www.todoriego.com.ar\\\/site\\\/#\\\/schema\\\/logo\\\/image\\\/\"},\"sameAs\":[\"https:\\\/\\\/www.facebook.com\\\/todoriegoinsumos\\\/\",\"https:\\\/\\\/www.instagram.com\\\/todoriegoinsumos\\\/\"]}]}<\/script>\n<!-- \/ Yoast SEO plugin. -->","yoast_head_json":{"title":"Cinta Irritec iTape - Todoriego Insumos SRL","description":"Esta cinta de goteo es ideal para los terrenos permeables generalmente destinados a los cultivos hort\u00edcolas y a la floricultura, tambi\u00e9n en invernaderos.","robots":{"index":"index","follow":"follow","max-snippet":"max-snippet:-1","max-image-preview":"max-image-preview:large","max-video-preview":"max-video-preview:-1"},"canonical":"https:\/\/www.todoriego.com.ar\/site\/producto\/cinta-irritec-itape\/","og_locale":"es_ES","og_type":"article","og_title":"Cinta Irritec iTape - Todoriego Insumos SRL","og_description":"Esta cinta de goteo es ideal para los terrenos permeables generalmente destinados a los cultivos hort\u00edcolas y a la floricultura, tambi\u00e9n en invernaderos.","og_url":"https:\/\/www.todoriego.com.ar\/site\/producto\/cinta-irritec-itape\/","og_site_name":"Todoriego Insumos SRL","article_publisher":"https:\/\/www.facebook.com\/todoriegoinsumos\/","article_modified_time":"2022-07-26T17:42:19+00:00","og_image":[{"width":600,"height":600,"url":"https:\/\/www.todoriego.com.ar\/site\/wp-content\/uploads\/2022\/07\/cintaGoteo_irritec_itape.png","type":"image\/png"}],"twitter_card":"summary_large_image","twitter_misc":{"Tiempo de lectura":"2 minutos"},"schema":{"@context":"https:\/\/schema.org","@graph":[{"@type":"WebPage","@id":"https:\/\/www.todoriego.com.ar\/site\/producto\/cinta-irritec-itape\/","url":"https:\/\/www.todoriego.com.ar\/site\/producto\/cinta-irritec-itape\/","name":"Cinta Irritec iTape - Todoriego Insumos SRL","isPartOf":{"@id":"https:\/\/www.todoriego.com.ar\/site\/#website"},"primaryImageOfPage":{"@id":"https:\/\/www.todoriego.com.ar\/site\/producto\/cinta-irritec-itape\/#primaryimage"},"image":{"@id":"https:\/\/www.todoriego.com.ar\/site\/producto\/cinta-irritec-itape\/#primaryimage"},"thumbnailUrl":"https:\/\/www.todoriego.com.ar\/site\/wp-content\/uploads\/2022\/07\/cintaGoteo_irritec_itape.png","datePublished":"2022-07-26T15:46:17+00:00","dateModified":"2022-07-26T17:42:19+00:00","description":"Esta cinta de goteo es ideal para los terrenos permeables generalmente destinados a los cultivos hort\u00edcolas y a la floricultura, tambi\u00e9n en invernaderos.","breadcrumb":{"@id":"https:\/\/www.todoriego.com.ar\/site\/producto\/cinta-irritec-itape\/#breadcrumb"},"inLanguage":"es-AR","potentialAction":[{"@type":"ReadAction","target":["https:\/\/www.todoriego.com.ar\/site\/producto\/cinta-irritec-itape\/"]}]},{"@type":"ImageObject","inLanguage":"es-AR","@id":"https:\/\/www.todoriego.com.ar\/site\/producto\/cinta-irritec-itape\/#primaryimage","url":"https:\/\/www.todoriego.com.ar\/site\/wp-content\/uploads\/2022\/07\/cintaGoteo_irritec_itape.png","contentUrl":"https:\/\/www.todoriego.com.ar\/site\/wp-content\/uploads\/2022\/07\/cintaGoteo_irritec_itape.png","width":600,"height":600,"caption":"Cinta de goteo cont\u00ednua importada Irritec iTape"},{"@type":"BreadcrumbList","@id":"https:\/\/www.todoriego.com.ar\/site\/producto\/cinta-irritec-itape\/#breadcrumb","itemListElement":[{"@type":"ListItem","position":1,"name":"Inicio","item":"https:\/\/www.todoriego.com.ar\/site\/"},{"@type":"ListItem","position":2,"name":"Tienda","item":"https:\/\/www.todoriego.com.ar\/site\/tienda\/"},{"@type":"ListItem","position":3,"name":"Cinta Irritec iTape"}]},{"@type":"WebSite","@id":"https:\/\/www.todoriego.com.ar\/site\/#website","url":"https:\/\/www.todoriego.com.ar\/site\/","name":"Todoriego Insumos SRL","description":"Sabemos hacer riego","publisher":{"@id":"https:\/\/www.todoriego.com.ar\/site\/#organization"},"potentialAction":[{"@type":"SearchAction","target":{"@type":"EntryPoint","urlTemplate":"https:\/\/www.todoriego.com.ar\/site\/?s={search_term_string}"},"query-input":{"@type":"PropertyValueSpecification","valueRequired":true,"valueName":"search_term_string"}}],"inLanguage":"es-AR"},{"@type":"Organization","@id":"https:\/\/www.todoriego.com.ar\/site\/#organization","name":"Todoriego Insumos s.r.l.","url":"https:\/\/www.todoriego.com.ar\/site\/","logo":{"@type":"ImageObject","inLanguage":"es-AR","@id":"https:\/\/www.todoriego.com.ar\/site\/#\/schema\/logo\/image\/","url":"http:\/\/www.todoriego.com.ar\/site\/wp-content\/uploads\/2022\/07\/todoriego_marca.jpg","contentUrl":"http:\/\/www.todoriego.com.ar\/site\/wp-content\/uploads\/2022\/07\/todoriego_marca.jpg","width":731,"height":731,"caption":"Todoriego Insumos s.r.l."},"image":{"@id":"https:\/\/www.todoriego.com.ar\/site\/#\/schema\/logo\/image\/"},"sameAs":["https:\/\/www.facebook.com\/todoriegoinsumos\/","https:\/\/www.instagram.com\/todoriegoinsumos\/"]}]}},"_links":{"self":[{"href":"https:\/\/www.todoriego.com.ar\/site\/wp-json\/wp\/v2\/product\/8712","targetHints":{"allow":["GET"]}}],"collection":[{"href":"https:\/\/www.todoriego.com.ar\/site\/wp-json\/wp\/v2\/product"}],"about":[{"href":"https:\/\/www.todoriego.com.ar\/site\/wp-json\/wp\/v2\/types\/product"}],"wp:featuredmedia":[{"embeddable":true,"href":"https:\/\/www.todoriego.com.ar\/site\/wp-json\/wp\/v2\/media\/8713"}],"wp:attachment":[{"href":"https:\/\/www.todoriego.com.ar\/site\/wp-json\/wp\/v2\/media?parent=8712"}],"wp:term":[{"taxonomy":"product_brand","embeddable":true,"href":"https:\/\/www.todoriego.com.ar\/site\/wp-json\/wp\/v2\/product_brand?post=8712"},{"taxonomy":"product_cat","embeddable":true,"href":"https:\/\/www.todoriego.com.ar\/site\/wp-json\/wp\/v2\/product_cat?post=8712"},{"taxonomy":"product_tag","embeddable":true,"href":"https:\/\/www.todoriego.com.ar\/site\/wp-json\/wp\/v2\/product_tag?post=8712"}],"curies":[{"name":"wp","href":"https:\/\/api.w.org\/{rel}","templated":true}]}}