{"id":8762,"date":"2022-07-26T15:08:47","date_gmt":"2022-07-26T18:08:47","guid":{"rendered":"http:\/\/www.todoriego.com.ar\/site\/?post_type=product&#038;p=8762"},"modified":"2025-11-14T16:44:02","modified_gmt":"2025-11-14T19:44:02","slug":"cinta-irritec-plano-largo-p1","status":"publish","type":"product","link":"https:\/\/www.todoriego.com.ar\/site\/producto\/cinta-irritec-plano-largo-p1\/","title":{"rendered":"Cinta Irritec plano largo P1"},"content":{"rendered":"<p><strong>Caracter\u00edsticas y Ventajas<\/strong><\/p>\n<p>\u2022 Es la soluci\u00f3n ideal para espacios entre emisores superiores a 20 cm.<br \/>\n\u2022 La amplia gama de espesores y caudales disponibles permiten el uso estacional y multiestacional.<br \/>\n\u2022 Cuenta con un amplio rango de calibres que se adaptan a cualquier tipo de suelo incluso con presencia de rocas e insectos.<br \/>\n\u2022 El dise\u00f1o particular del gotero de pastilla, reduce la sensibilidad a la presi\u00f3n y aumenta el efecto de autolimpieza gracias a su alto nivel de turbulencia.<br \/>\n\u2022 El gotero plano garantiza p\u00e9rdidas de carga localizadas extremadamente bajas, obteniendo una excelente uniformidad en el suministro de agua en toda la longitud de la l\u00ednea regante.<br \/>\n\u2022 La excelente uniformidad, posibilidad de bajos caudales y uso grandes di\u00e1metros, permite instalar l\u00edneas regantes muy largas.<br \/>\n\u2022 Cuenta con un filtro integrado en el gotero que se localiza en una posici\u00f3n central, el cual previene el taponamiento del producto al mantenerse lejos de las \u00e1reas de sedimentaci\u00f3n.<br \/>\n\u2022 La presencia del particular sistema Flap, insertado en su interior, permite su uso de riego subterr\u00e1neo.<\/p>\n","protected":false},"excerpt":{"rendered":"<p><img loading=\"lazy\" decoding=\"async\" class=\"alignnone size-full wp-image-8737\" src=\"https:\/\/www.todoriego.com.ar\/site\/wp-content\/uploads\/2022\/07\/irritec.png\" alt=\"irritec\" width=\"103\" height=\"50\" \/><\/p>\n<p>La cinta de goteo plano P1\u00ae es un producto que se caracteriza por su confiabilidad y excelente rendimiento, se adapta a los diferentes cultivos en campo abierto e invernadero gracias a la amplia gama de calibres, espaciamientos y caudales disponibles.<\/p>\n","protected":false},"featured_media":8715,"template":"","meta":{"_acf_changed":false},"product_brand":[],"product_cat":[42],"product_tag":[],"class_list":{"0":"post-8762","1":"product","2":"type-product","3":"status-publish","4":"has-post-thumbnail","6":"product_cat-cintas-de-goteo","8":"first","9":"instock","10":"shipping-taxable","11":"product-type-simple"},"acf":[],"yoast_head":"<!-- This site is optimized with the Yoast SEO plugin v27.6 - https:\/\/yoast.com\/product\/yoast-seo-wordpress\/ -->\n<title>Cinta Irritec plano largo P1 - Todoriego Insumos SRL<\/title>\n<meta name=\"description\" content=\"La cinta de goteo plano P1\u00ae es un producto que se caracteriza por su confiabilidad y excelente rendimiento para cultivos en campo abierto e invernadero.\" \/>\n<meta name=\"robots\" content=\"index, follow, max-snippet:-1, max-image-preview:large, max-video-preview:-1\" \/>\n<link rel=\"canonical\" href=\"https:\/\/www.todoriego.com.ar\/site\/producto\/cinta-irritec-plano-largo-p1\/\" \/>\n<meta property=\"og:locale\" content=\"es_ES\" \/>\n<meta property=\"og:type\" content=\"article\" \/>\n<meta property=\"og:title\" content=\"Cinta Irritec plano largo P1 - Todoriego Insumos SRL\" \/>\n<meta property=\"og:description\" content=\"La cinta de goteo plano P1\u00ae es un producto que se caracteriza por su confiabilidad y excelente rendimiento para cultivos en campo abierto e invernadero.\" \/>\n<meta property=\"og:url\" content=\"https:\/\/www.todoriego.com.ar\/site\/producto\/cinta-irritec-plano-largo-p1\/\" \/>\n<meta property=\"og:site_name\" content=\"Todoriego Insumos SRL\" \/>\n<meta property=\"article:publisher\" content=\"https:\/\/www.facebook.com\/todoriegoinsumos\/\" \/>\n<meta property=\"article:modified_time\" content=\"2025-11-14T19:44:02+00:00\" \/>\n<meta property=\"og:image\" content=\"https:\/\/www.todoriego.com.ar\/site\/wp-content\/uploads\/2022\/07\/cintaGoteo_irritec_P1.png\" \/>\n\t<meta property=\"og:image:width\" content=\"600\" \/>\n\t<meta property=\"og:image:height\" content=\"600\" \/>\n\t<meta property=\"og:image:type\" content=\"image\/png\" \/>\n<meta name=\"twitter:card\" content=\"summary_large_image\" \/>\n<meta name=\"twitter:label1\" content=\"Tiempo de lectura\" \/>\n\t<meta name=\"twitter:data1\" content=\"1 minuto\" \/>\n<script type=\"application\/ld+json\" class=\"yoast-schema-graph\">{\"@context\":\"https:\\\/\\\/schema.org\",\"@graph\":[{\"@type\":\"WebPage\",\"@id\":\"https:\\\/\\\/www.todoriego.com.ar\\\/site\\\/producto\\\/cinta-irritec-plano-largo-p1\\\/\",\"url\":\"https:\\\/\\\/www.todoriego.com.ar\\\/site\\\/producto\\\/cinta-irritec-plano-largo-p1\\\/\",\"name\":\"Cinta Irritec plano largo P1 - Todoriego Insumos SRL\",\"isPartOf\":{\"@id\":\"https:\\\/\\\/www.todoriego.com.ar\\\/site\\\/#website\"},\"primaryImageOfPage\":{\"@id\":\"https:\\\/\\\/www.todoriego.com.ar\\\/site\\\/producto\\\/cinta-irritec-plano-largo-p1\\\/#primaryimage\"},\"image\":{\"@id\":\"https:\\\/\\\/www.todoriego.com.ar\\\/site\\\/producto\\\/cinta-irritec-plano-largo-p1\\\/#primaryimage\"},\"thumbnailUrl\":\"https:\\\/\\\/www.todoriego.com.ar\\\/site\\\/wp-content\\\/uploads\\\/2022\\\/07\\\/cintaGoteo_irritec_P1.png\",\"datePublished\":\"2022-07-26T18:08:47+00:00\",\"dateModified\":\"2025-11-14T19:44:02+00:00\",\"description\":\"La cinta de goteo plano P1\u00ae es un producto que se caracteriza por su confiabilidad y excelente rendimiento para cultivos en campo abierto e invernadero.\",\"breadcrumb\":{\"@id\":\"https:\\\/\\\/www.todoriego.com.ar\\\/site\\\/producto\\\/cinta-irritec-plano-largo-p1\\\/#breadcrumb\"},\"inLanguage\":\"es-AR\",\"potentialAction\":[{\"@type\":\"ReadAction\",\"target\":[\"https:\\\/\\\/www.todoriego.com.ar\\\/site\\\/producto\\\/cinta-irritec-plano-largo-p1\\\/\"]}]},{\"@type\":\"ImageObject\",\"inLanguage\":\"es-AR\",\"@id\":\"https:\\\/\\\/www.todoriego.com.ar\\\/site\\\/producto\\\/cinta-irritec-plano-largo-p1\\\/#primaryimage\",\"url\":\"https:\\\/\\\/www.todoriego.com.ar\\\/site\\\/wp-content\\\/uploads\\\/2022\\\/07\\\/cintaGoteo_irritec_P1.png\",\"contentUrl\":\"https:\\\/\\\/www.todoriego.com.ar\\\/site\\\/wp-content\\\/uploads\\\/2022\\\/07\\\/cintaGoteo_irritec_P1.png\",\"width\":600,\"height\":600},{\"@type\":\"BreadcrumbList\",\"@id\":\"https:\\\/\\\/www.todoriego.com.ar\\\/site\\\/producto\\\/cinta-irritec-plano-largo-p1\\\/#breadcrumb\",\"itemListElement\":[{\"@type\":\"ListItem\",\"position\":1,\"name\":\"Inicio\",\"item\":\"https:\\\/\\\/www.todoriego.com.ar\\\/site\\\/\"},{\"@type\":\"ListItem\",\"position\":2,\"name\":\"Tienda\",\"item\":\"https:\\\/\\\/www.todoriego.com.ar\\\/site\\\/tienda\\\/\"},{\"@type\":\"ListItem\",\"position\":3,\"name\":\"Cinta Irritec plano largo P1\"}]},{\"@type\":\"WebSite\",\"@id\":\"https:\\\/\\\/www.todoriego.com.ar\\\/site\\\/#website\",\"url\":\"https:\\\/\\\/www.todoriego.com.ar\\\/site\\\/\",\"name\":\"Todoriego Insumos SRL\",\"description\":\"Sabemos hacer riego\",\"publisher\":{\"@id\":\"https:\\\/\\\/www.todoriego.com.ar\\\/site\\\/#organization\"},\"potentialAction\":[{\"@type\":\"SearchAction\",\"target\":{\"@type\":\"EntryPoint\",\"urlTemplate\":\"https:\\\/\\\/www.todoriego.com.ar\\\/site\\\/?s={search_term_string}\"},\"query-input\":{\"@type\":\"PropertyValueSpecification\",\"valueRequired\":true,\"valueName\":\"search_term_string\"}}],\"inLanguage\":\"es-AR\"},{\"@type\":\"Organization\",\"@id\":\"https:\\\/\\\/www.todoriego.com.ar\\\/site\\\/#organization\",\"name\":\"Todoriego Insumos s.r.l.\",\"url\":\"https:\\\/\\\/www.todoriego.com.ar\\\/site\\\/\",\"logo\":{\"@type\":\"ImageObject\",\"inLanguage\":\"es-AR\",\"@id\":\"https:\\\/\\\/www.todoriego.com.ar\\\/site\\\/#\\\/schema\\\/logo\\\/image\\\/\",\"url\":\"http:\\\/\\\/www.todoriego.com.ar\\\/site\\\/wp-content\\\/uploads\\\/2022\\\/07\\\/todoriego_marca.jpg\",\"contentUrl\":\"http:\\\/\\\/www.todoriego.com.ar\\\/site\\\/wp-content\\\/uploads\\\/2022\\\/07\\\/todoriego_marca.jpg\",\"width\":731,\"height\":731,\"caption\":\"Todoriego Insumos s.r.l.\"},\"image\":{\"@id\":\"https:\\\/\\\/www.todoriego.com.ar\\\/site\\\/#\\\/schema\\\/logo\\\/image\\\/\"},\"sameAs\":[\"https:\\\/\\\/www.facebook.com\\\/todoriegoinsumos\\\/\",\"https:\\\/\\\/www.instagram.com\\\/todoriegoinsumos\\\/\"]}]}<\/script>\n<!-- \/ Yoast SEO plugin. -->","yoast_head_json":{"title":"Cinta Irritec plano largo P1 - Todoriego Insumos SRL","description":"La cinta de goteo plano P1\u00ae es un producto que se caracteriza por su confiabilidad y excelente rendimiento para cultivos en campo abierto e invernadero.","robots":{"index":"index","follow":"follow","max-snippet":"max-snippet:-1","max-image-preview":"max-image-preview:large","max-video-preview":"max-video-preview:-1"},"canonical":"https:\/\/www.todoriego.com.ar\/site\/producto\/cinta-irritec-plano-largo-p1\/","og_locale":"es_ES","og_type":"article","og_title":"Cinta Irritec plano largo P1 - Todoriego Insumos SRL","og_description":"La cinta de goteo plano P1\u00ae es un producto que se caracteriza por su confiabilidad y excelente rendimiento para cultivos en campo abierto e invernadero.","og_url":"https:\/\/www.todoriego.com.ar\/site\/producto\/cinta-irritec-plano-largo-p1\/","og_site_name":"Todoriego Insumos SRL","article_publisher":"https:\/\/www.facebook.com\/todoriegoinsumos\/","article_modified_time":"2025-11-14T19:44:02+00:00","og_image":[{"width":600,"height":600,"url":"https:\/\/www.todoriego.com.ar\/site\/wp-content\/uploads\/2022\/07\/cintaGoteo_irritec_P1.png","type":"image\/png"}],"twitter_card":"summary_large_image","twitter_misc":{"Tiempo de lectura":"1 minuto"},"schema":{"@context":"https:\/\/schema.org","@graph":[{"@type":"WebPage","@id":"https:\/\/www.todoriego.com.ar\/site\/producto\/cinta-irritec-plano-largo-p1\/","url":"https:\/\/www.todoriego.com.ar\/site\/producto\/cinta-irritec-plano-largo-p1\/","name":"Cinta Irritec plano largo P1 - Todoriego Insumos SRL","isPartOf":{"@id":"https:\/\/www.todoriego.com.ar\/site\/#website"},"primaryImageOfPage":{"@id":"https:\/\/www.todoriego.com.ar\/site\/producto\/cinta-irritec-plano-largo-p1\/#primaryimage"},"image":{"@id":"https:\/\/www.todoriego.com.ar\/site\/producto\/cinta-irritec-plano-largo-p1\/#primaryimage"},"thumbnailUrl":"https:\/\/www.todoriego.com.ar\/site\/wp-content\/uploads\/2022\/07\/cintaGoteo_irritec_P1.png","datePublished":"2022-07-26T18:08:47+00:00","dateModified":"2025-11-14T19:44:02+00:00","description":"La cinta de goteo plano P1\u00ae es un producto que se caracteriza por su confiabilidad y excelente rendimiento para cultivos en campo abierto e invernadero.","breadcrumb":{"@id":"https:\/\/www.todoriego.com.ar\/site\/producto\/cinta-irritec-plano-largo-p1\/#breadcrumb"},"inLanguage":"es-AR","potentialAction":[{"@type":"ReadAction","target":["https:\/\/www.todoriego.com.ar\/site\/producto\/cinta-irritec-plano-largo-p1\/"]}]},{"@type":"ImageObject","inLanguage":"es-AR","@id":"https:\/\/www.todoriego.com.ar\/site\/producto\/cinta-irritec-plano-largo-p1\/#primaryimage","url":"https:\/\/www.todoriego.com.ar\/site\/wp-content\/uploads\/2022\/07\/cintaGoteo_irritec_P1.png","contentUrl":"https:\/\/www.todoriego.com.ar\/site\/wp-content\/uploads\/2022\/07\/cintaGoteo_irritec_P1.png","width":600,"height":600},{"@type":"BreadcrumbList","@id":"https:\/\/www.todoriego.com.ar\/site\/producto\/cinta-irritec-plano-largo-p1\/#breadcrumb","itemListElement":[{"@type":"ListItem","position":1,"name":"Inicio","item":"https:\/\/www.todoriego.com.ar\/site\/"},{"@type":"ListItem","position":2,"name":"Tienda","item":"https:\/\/www.todoriego.com.ar\/site\/tienda\/"},{"@type":"ListItem","position":3,"name":"Cinta Irritec plano largo P1"}]},{"@type":"WebSite","@id":"https:\/\/www.todoriego.com.ar\/site\/#website","url":"https:\/\/www.todoriego.com.ar\/site\/","name":"Todoriego Insumos SRL","description":"Sabemos hacer riego","publisher":{"@id":"https:\/\/www.todoriego.com.ar\/site\/#organization"},"potentialAction":[{"@type":"SearchAction","target":{"@type":"EntryPoint","urlTemplate":"https:\/\/www.todoriego.com.ar\/site\/?s={search_term_string}"},"query-input":{"@type":"PropertyValueSpecification","valueRequired":true,"valueName":"search_term_string"}}],"inLanguage":"es-AR"},{"@type":"Organization","@id":"https:\/\/www.todoriego.com.ar\/site\/#organization","name":"Todoriego Insumos s.r.l.","url":"https:\/\/www.todoriego.com.ar\/site\/","logo":{"@type":"ImageObject","inLanguage":"es-AR","@id":"https:\/\/www.todoriego.com.ar\/site\/#\/schema\/logo\/image\/","url":"http:\/\/www.todoriego.com.ar\/site\/wp-content\/uploads\/2022\/07\/todoriego_marca.jpg","contentUrl":"http:\/\/www.todoriego.com.ar\/site\/wp-content\/uploads\/2022\/07\/todoriego_marca.jpg","width":731,"height":731,"caption":"Todoriego Insumos s.r.l."},"image":{"@id":"https:\/\/www.todoriego.com.ar\/site\/#\/schema\/logo\/image\/"},"sameAs":["https:\/\/www.facebook.com\/todoriegoinsumos\/","https:\/\/www.instagram.com\/todoriegoinsumos\/"]}]}},"_links":{"self":[{"href":"https:\/\/www.todoriego.com.ar\/site\/wp-json\/wp\/v2\/product\/8762","targetHints":{"allow":["GET"]}}],"collection":[{"href":"https:\/\/www.todoriego.com.ar\/site\/wp-json\/wp\/v2\/product"}],"about":[{"href":"https:\/\/www.todoriego.com.ar\/site\/wp-json\/wp\/v2\/types\/product"}],"wp:featuredmedia":[{"embeddable":true,"href":"https:\/\/www.todoriego.com.ar\/site\/wp-json\/wp\/v2\/media\/8715"}],"wp:attachment":[{"href":"https:\/\/www.todoriego.com.ar\/site\/wp-json\/wp\/v2\/media?parent=8762"}],"wp:term":[{"taxonomy":"product_brand","embeddable":true,"href":"https:\/\/www.todoriego.com.ar\/site\/wp-json\/wp\/v2\/product_brand?post=8762"},{"taxonomy":"product_cat","embeddable":true,"href":"https:\/\/www.todoriego.com.ar\/site\/wp-json\/wp\/v2\/product_cat?post=8762"},{"taxonomy":"product_tag","embeddable":true,"href":"https:\/\/www.todoriego.com.ar\/site\/wp-json\/wp\/v2\/product_tag?post=8762"}],"curies":[{"name":"wp","href":"https:\/\/api.w.org\/{rel}","templated":true}]}}