{"id":8781,"date":"2022-07-26T15:56:32","date_gmt":"2022-07-26T18:56:32","guid":{"rendered":"http:\/\/www.todoriego.com.ar\/site\/?post_type=product&#038;p=8781"},"modified":"2022-07-26T16:17:39","modified_gmt":"2022-07-26T19:17:39","slug":"lateral-de-goteo-irritec-multibar-c","status":"publish","type":"product","link":"https:\/\/www.todoriego.com.ar\/site\/producto\/lateral-de-goteo-irritec-multibar-c\/","title":{"rendered":"Lateral de goteo Irritec Multibar C"},"content":{"rendered":"<p><strong>Caracter\u00edsticas y Ventajas<\/strong><\/p>\n<p>\u2022 El sistema de autocompensaci\u00f3n del gotero est\u00e1 garantizado por una membrana de silicona que al variar la presi\u00f3n de ejercicio mantiene el caudal constante.<br \/>\n\u2022 Apta para terrenos inclinados y topograf\u00edas irregulares.<br \/>\n\u2022 El particular dise\u00f1o del gotero permite una compensaci\u00f3n eficiente dentro de un amplio rango de presi\u00f3n.<br \/>\n\u2022 Perfecta dosi\ufb01caci\u00f3n de los fertilizantes en cualquier parte de la instalaci\u00f3n.<br \/>\n\u2022 Realizaci\u00f3n de longitudes de las l\u00edneas superiores a 800 metros.<br \/>\n\u2022 La versi\u00f3n Drop Stop \u2013 antisucci\u00f3n se distingue por el particular dise\u00f1o del gotero que interrumpe el flujo al final del ciclo de riego, haci\u00e9ndola particularmente apta para cultivos que requieran ciclos de riego breves y evita la intrusi\u00f3n de impurezas.<br \/>\n\u2022 Fabricado bajo la norma <strong>ISO 9261.<\/strong><\/p>\n","protected":false},"excerpt":{"rendered":"<p><img loading=\"lazy\" decoding=\"async\" class=\"alignnone size-full wp-image-8737\" src=\"https:\/\/www.todoriego.com.ar\/site\/wp-content\/uploads\/2022\/07\/irritec.png\" alt=\"irritec\" width=\"103\" height=\"50\" \/><\/p>\n<p>Tuber\u00eda de goteo cl\u00e1sica con gotero cil\u00edndrico autocompensante<br \/>\nLa tuber\u00eda de goteo cl\u00e1sica con gotero cil\u00edndrico autocompensante es la soluci\u00f3n ideal para regar cultivos multiestacionales y es apta para terrenos inclinados y topograf\u00edas irregulares. El particular dise\u00f1o del gotero permite la compensaci\u00f3n en el interior y mantiene el caudal constante.<\/p>\n","protected":false},"featured_media":8776,"template":"","meta":{"_acf_changed":false},"product_brand":[],"product_cat":[43],"product_tag":[],"class_list":{"0":"post-8781","1":"product","2":"type-product","3":"status-publish","4":"has-post-thumbnail","6":"product_cat-lateral-de-goteo","8":"first","9":"instock","10":"shipping-taxable","11":"product-type-simple"},"acf":[],"yoast_head":"<!-- This site is optimized with the Yoast SEO plugin v27.6 - https:\/\/yoast.com\/product\/yoast-seo-wordpress\/ -->\n<title>Lateral de goteo Irritec Multibar C - Todoriego Insumos SRL<\/title>\n<meta name=\"description\" content=\"La tuber\u00eda de goteo cl\u00e1sica con gotero cil\u00edndrico autocompensante es la soluci\u00f3n ideal para regar terrenos inclinados y topograf\u00edas irregulares.\" \/>\n<meta name=\"robots\" content=\"index, follow, max-snippet:-1, max-image-preview:large, max-video-preview:-1\" \/>\n<link rel=\"canonical\" href=\"https:\/\/www.todoriego.com.ar\/site\/producto\/lateral-de-goteo-irritec-multibar-c\/\" \/>\n<meta property=\"og:locale\" content=\"es_ES\" \/>\n<meta property=\"og:type\" content=\"article\" \/>\n<meta property=\"og:title\" content=\"Lateral de goteo Irritec Multibar C - Todoriego Insumos SRL\" \/>\n<meta property=\"og:description\" content=\"La tuber\u00eda de goteo cl\u00e1sica con gotero cil\u00edndrico autocompensante es la soluci\u00f3n ideal para regar terrenos inclinados y topograf\u00edas irregulares.\" \/>\n<meta property=\"og:url\" content=\"https:\/\/www.todoriego.com.ar\/site\/producto\/lateral-de-goteo-irritec-multibar-c\/\" \/>\n<meta property=\"og:site_name\" content=\"Todoriego Insumos SRL\" \/>\n<meta property=\"article:publisher\" content=\"https:\/\/www.facebook.com\/todoriegoinsumos\/\" \/>\n<meta property=\"article:modified_time\" content=\"2022-07-26T19:17:39+00:00\" \/>\n<meta property=\"og:image\" content=\"https:\/\/www.todoriego.com.ar\/site\/wp-content\/uploads\/2022\/07\/lateralGoteo_irritec_Multibar-C.jpg\" \/>\n\t<meta property=\"og:image:width\" content=\"600\" \/>\n\t<meta property=\"og:image:height\" content=\"600\" \/>\n\t<meta property=\"og:image:type\" content=\"image\/jpeg\" \/>\n<meta name=\"twitter:card\" content=\"summary_large_image\" \/>\n<meta name=\"twitter:label1\" content=\"Tiempo de lectura\" \/>\n\t<meta name=\"twitter:data1\" content=\"1 minuto\" \/>\n<script type=\"application\/ld+json\" class=\"yoast-schema-graph\">{\"@context\":\"https:\\\/\\\/schema.org\",\"@graph\":[{\"@type\":\"WebPage\",\"@id\":\"https:\\\/\\\/www.todoriego.com.ar\\\/site\\\/producto\\\/lateral-de-goteo-irritec-multibar-c\\\/\",\"url\":\"https:\\\/\\\/www.todoriego.com.ar\\\/site\\\/producto\\\/lateral-de-goteo-irritec-multibar-c\\\/\",\"name\":\"Lateral de goteo Irritec Multibar C - Todoriego Insumos SRL\",\"isPartOf\":{\"@id\":\"https:\\\/\\\/www.todoriego.com.ar\\\/site\\\/#website\"},\"primaryImageOfPage\":{\"@id\":\"https:\\\/\\\/www.todoriego.com.ar\\\/site\\\/producto\\\/lateral-de-goteo-irritec-multibar-c\\\/#primaryimage\"},\"image\":{\"@id\":\"https:\\\/\\\/www.todoriego.com.ar\\\/site\\\/producto\\\/lateral-de-goteo-irritec-multibar-c\\\/#primaryimage\"},\"thumbnailUrl\":\"https:\\\/\\\/www.todoriego.com.ar\\\/site\\\/wp-content\\\/uploads\\\/2022\\\/07\\\/lateralGoteo_irritec_Multibar-C.jpg\",\"datePublished\":\"2022-07-26T18:56:32+00:00\",\"dateModified\":\"2022-07-26T19:17:39+00:00\",\"description\":\"La tuber\u00eda de goteo cl\u00e1sica con gotero cil\u00edndrico autocompensante es la soluci\u00f3n ideal para regar terrenos inclinados y topograf\u00edas irregulares.\",\"breadcrumb\":{\"@id\":\"https:\\\/\\\/www.todoriego.com.ar\\\/site\\\/producto\\\/lateral-de-goteo-irritec-multibar-c\\\/#breadcrumb\"},\"inLanguage\":\"es-AR\",\"potentialAction\":[{\"@type\":\"ReadAction\",\"target\":[\"https:\\\/\\\/www.todoriego.com.ar\\\/site\\\/producto\\\/lateral-de-goteo-irritec-multibar-c\\\/\"]}]},{\"@type\":\"ImageObject\",\"inLanguage\":\"es-AR\",\"@id\":\"https:\\\/\\\/www.todoriego.com.ar\\\/site\\\/producto\\\/lateral-de-goteo-irritec-multibar-c\\\/#primaryimage\",\"url\":\"https:\\\/\\\/www.todoriego.com.ar\\\/site\\\/wp-content\\\/uploads\\\/2022\\\/07\\\/lateralGoteo_irritec_Multibar-C.jpg\",\"contentUrl\":\"https:\\\/\\\/www.todoriego.com.ar\\\/site\\\/wp-content\\\/uploads\\\/2022\\\/07\\\/lateralGoteo_irritec_Multibar-C.jpg\",\"width\":600,\"height\":600},{\"@type\":\"BreadcrumbList\",\"@id\":\"https:\\\/\\\/www.todoriego.com.ar\\\/site\\\/producto\\\/lateral-de-goteo-irritec-multibar-c\\\/#breadcrumb\",\"itemListElement\":[{\"@type\":\"ListItem\",\"position\":1,\"name\":\"Inicio\",\"item\":\"https:\\\/\\\/www.todoriego.com.ar\\\/site\\\/\"},{\"@type\":\"ListItem\",\"position\":2,\"name\":\"Tienda\",\"item\":\"https:\\\/\\\/www.todoriego.com.ar\\\/site\\\/tienda\\\/\"},{\"@type\":\"ListItem\",\"position\":3,\"name\":\"Lateral de goteo Irritec Multibar C\"}]},{\"@type\":\"WebSite\",\"@id\":\"https:\\\/\\\/www.todoriego.com.ar\\\/site\\\/#website\",\"url\":\"https:\\\/\\\/www.todoriego.com.ar\\\/site\\\/\",\"name\":\"Todoriego Insumos SRL\",\"description\":\"Sabemos hacer riego\",\"publisher\":{\"@id\":\"https:\\\/\\\/www.todoriego.com.ar\\\/site\\\/#organization\"},\"potentialAction\":[{\"@type\":\"SearchAction\",\"target\":{\"@type\":\"EntryPoint\",\"urlTemplate\":\"https:\\\/\\\/www.todoriego.com.ar\\\/site\\\/?s={search_term_string}\"},\"query-input\":{\"@type\":\"PropertyValueSpecification\",\"valueRequired\":true,\"valueName\":\"search_term_string\"}}],\"inLanguage\":\"es-AR\"},{\"@type\":\"Organization\",\"@id\":\"https:\\\/\\\/www.todoriego.com.ar\\\/site\\\/#organization\",\"name\":\"Todoriego Insumos s.r.l.\",\"url\":\"https:\\\/\\\/www.todoriego.com.ar\\\/site\\\/\",\"logo\":{\"@type\":\"ImageObject\",\"inLanguage\":\"es-AR\",\"@id\":\"https:\\\/\\\/www.todoriego.com.ar\\\/site\\\/#\\\/schema\\\/logo\\\/image\\\/\",\"url\":\"http:\\\/\\\/www.todoriego.com.ar\\\/site\\\/wp-content\\\/uploads\\\/2022\\\/07\\\/todoriego_marca.jpg\",\"contentUrl\":\"http:\\\/\\\/www.todoriego.com.ar\\\/site\\\/wp-content\\\/uploads\\\/2022\\\/07\\\/todoriego_marca.jpg\",\"width\":731,\"height\":731,\"caption\":\"Todoriego Insumos s.r.l.\"},\"image\":{\"@id\":\"https:\\\/\\\/www.todoriego.com.ar\\\/site\\\/#\\\/schema\\\/logo\\\/image\\\/\"},\"sameAs\":[\"https:\\\/\\\/www.facebook.com\\\/todoriegoinsumos\\\/\",\"https:\\\/\\\/www.instagram.com\\\/todoriegoinsumos\\\/\"]}]}<\/script>\n<!-- \/ Yoast SEO plugin. -->","yoast_head_json":{"title":"Lateral de goteo Irritec Multibar C - Todoriego Insumos SRL","description":"La tuber\u00eda de goteo cl\u00e1sica con gotero cil\u00edndrico autocompensante es la soluci\u00f3n ideal para regar terrenos inclinados y topograf\u00edas irregulares.","robots":{"index":"index","follow":"follow","max-snippet":"max-snippet:-1","max-image-preview":"max-image-preview:large","max-video-preview":"max-video-preview:-1"},"canonical":"https:\/\/www.todoriego.com.ar\/site\/producto\/lateral-de-goteo-irritec-multibar-c\/","og_locale":"es_ES","og_type":"article","og_title":"Lateral de goteo Irritec Multibar C - Todoriego Insumos SRL","og_description":"La tuber\u00eda de goteo cl\u00e1sica con gotero cil\u00edndrico autocompensante es la soluci\u00f3n ideal para regar terrenos inclinados y topograf\u00edas irregulares.","og_url":"https:\/\/www.todoriego.com.ar\/site\/producto\/lateral-de-goteo-irritec-multibar-c\/","og_site_name":"Todoriego Insumos SRL","article_publisher":"https:\/\/www.facebook.com\/todoriegoinsumos\/","article_modified_time":"2022-07-26T19:17:39+00:00","og_image":[{"width":600,"height":600,"url":"https:\/\/www.todoriego.com.ar\/site\/wp-content\/uploads\/2022\/07\/lateralGoteo_irritec_Multibar-C.jpg","type":"image\/jpeg"}],"twitter_card":"summary_large_image","twitter_misc":{"Tiempo de lectura":"1 minuto"},"schema":{"@context":"https:\/\/schema.org","@graph":[{"@type":"WebPage","@id":"https:\/\/www.todoriego.com.ar\/site\/producto\/lateral-de-goteo-irritec-multibar-c\/","url":"https:\/\/www.todoriego.com.ar\/site\/producto\/lateral-de-goteo-irritec-multibar-c\/","name":"Lateral de goteo Irritec Multibar C - Todoriego Insumos SRL","isPartOf":{"@id":"https:\/\/www.todoriego.com.ar\/site\/#website"},"primaryImageOfPage":{"@id":"https:\/\/www.todoriego.com.ar\/site\/producto\/lateral-de-goteo-irritec-multibar-c\/#primaryimage"},"image":{"@id":"https:\/\/www.todoriego.com.ar\/site\/producto\/lateral-de-goteo-irritec-multibar-c\/#primaryimage"},"thumbnailUrl":"https:\/\/www.todoriego.com.ar\/site\/wp-content\/uploads\/2022\/07\/lateralGoteo_irritec_Multibar-C.jpg","datePublished":"2022-07-26T18:56:32+00:00","dateModified":"2022-07-26T19:17:39+00:00","description":"La tuber\u00eda de goteo cl\u00e1sica con gotero cil\u00edndrico autocompensante es la soluci\u00f3n ideal para regar terrenos inclinados y topograf\u00edas irregulares.","breadcrumb":{"@id":"https:\/\/www.todoriego.com.ar\/site\/producto\/lateral-de-goteo-irritec-multibar-c\/#breadcrumb"},"inLanguage":"es-AR","potentialAction":[{"@type":"ReadAction","target":["https:\/\/www.todoriego.com.ar\/site\/producto\/lateral-de-goteo-irritec-multibar-c\/"]}]},{"@type":"ImageObject","inLanguage":"es-AR","@id":"https:\/\/www.todoriego.com.ar\/site\/producto\/lateral-de-goteo-irritec-multibar-c\/#primaryimage","url":"https:\/\/www.todoriego.com.ar\/site\/wp-content\/uploads\/2022\/07\/lateralGoteo_irritec_Multibar-C.jpg","contentUrl":"https:\/\/www.todoriego.com.ar\/site\/wp-content\/uploads\/2022\/07\/lateralGoteo_irritec_Multibar-C.jpg","width":600,"height":600},{"@type":"BreadcrumbList","@id":"https:\/\/www.todoriego.com.ar\/site\/producto\/lateral-de-goteo-irritec-multibar-c\/#breadcrumb","itemListElement":[{"@type":"ListItem","position":1,"name":"Inicio","item":"https:\/\/www.todoriego.com.ar\/site\/"},{"@type":"ListItem","position":2,"name":"Tienda","item":"https:\/\/www.todoriego.com.ar\/site\/tienda\/"},{"@type":"ListItem","position":3,"name":"Lateral de goteo Irritec Multibar C"}]},{"@type":"WebSite","@id":"https:\/\/www.todoriego.com.ar\/site\/#website","url":"https:\/\/www.todoriego.com.ar\/site\/","name":"Todoriego Insumos SRL","description":"Sabemos hacer riego","publisher":{"@id":"https:\/\/www.todoriego.com.ar\/site\/#organization"},"potentialAction":[{"@type":"SearchAction","target":{"@type":"EntryPoint","urlTemplate":"https:\/\/www.todoriego.com.ar\/site\/?s={search_term_string}"},"query-input":{"@type":"PropertyValueSpecification","valueRequired":true,"valueName":"search_term_string"}}],"inLanguage":"es-AR"},{"@type":"Organization","@id":"https:\/\/www.todoriego.com.ar\/site\/#organization","name":"Todoriego Insumos s.r.l.","url":"https:\/\/www.todoriego.com.ar\/site\/","logo":{"@type":"ImageObject","inLanguage":"es-AR","@id":"https:\/\/www.todoriego.com.ar\/site\/#\/schema\/logo\/image\/","url":"http:\/\/www.todoriego.com.ar\/site\/wp-content\/uploads\/2022\/07\/todoriego_marca.jpg","contentUrl":"http:\/\/www.todoriego.com.ar\/site\/wp-content\/uploads\/2022\/07\/todoriego_marca.jpg","width":731,"height":731,"caption":"Todoriego Insumos s.r.l."},"image":{"@id":"https:\/\/www.todoriego.com.ar\/site\/#\/schema\/logo\/image\/"},"sameAs":["https:\/\/www.facebook.com\/todoriegoinsumos\/","https:\/\/www.instagram.com\/todoriegoinsumos\/"]}]}},"_links":{"self":[{"href":"https:\/\/www.todoriego.com.ar\/site\/wp-json\/wp\/v2\/product\/8781","targetHints":{"allow":["GET"]}}],"collection":[{"href":"https:\/\/www.todoriego.com.ar\/site\/wp-json\/wp\/v2\/product"}],"about":[{"href":"https:\/\/www.todoriego.com.ar\/site\/wp-json\/wp\/v2\/types\/product"}],"wp:featuredmedia":[{"embeddable":true,"href":"https:\/\/www.todoriego.com.ar\/site\/wp-json\/wp\/v2\/media\/8776"}],"wp:attachment":[{"href":"https:\/\/www.todoriego.com.ar\/site\/wp-json\/wp\/v2\/media?parent=8781"}],"wp:term":[{"taxonomy":"product_brand","embeddable":true,"href":"https:\/\/www.todoriego.com.ar\/site\/wp-json\/wp\/v2\/product_brand?post=8781"},{"taxonomy":"product_cat","embeddable":true,"href":"https:\/\/www.todoriego.com.ar\/site\/wp-json\/wp\/v2\/product_cat?post=8781"},{"taxonomy":"product_tag","embeddable":true,"href":"https:\/\/www.todoriego.com.ar\/site\/wp-json\/wp\/v2\/product_tag?post=8781"}],"curies":[{"name":"wp","href":"https:\/\/api.w.org\/{rel}","templated":true}]}}