{"id":8783,"date":"2022-07-26T16:01:04","date_gmt":"2022-07-26T19:01:04","guid":{"rendered":"http:\/\/www.todoriego.com.ar\/site\/?post_type=product&#038;p=8783"},"modified":"2025-11-14T16:23:43","modified_gmt":"2025-11-14T19:23:43","slug":"lateral-de-goteo-irritec-multibar-f","status":"publish","type":"product","link":"https:\/\/www.todoriego.com.ar\/site\/producto\/lateral-de-goteo-irritec-multibar-f\/","title":{"rendered":"Lateral de goteo Irritec Multibar F"},"content":{"rendered":"<p><strong>Caracter\u00edsticas y Ventajas<\/strong><\/p>\n<p>\u2022 Gotero con cubierta: La tuber\u00eda no est\u00e1 en contacto con el laberinto del gotero lo que asegura un caudal uniforme independientemente de la tuber\u00eda en la que se inserte y de las variaciones ante condiciones extrema de temperatura.<br \/>\n\u2022 Filtro: Su particular posicionamiento dirigido hacia el centro de la tuber\u00eda permite la entrada del agua en el laberinto lejos de las zonas de decantaci\u00f3n de sedimentos.<br \/>\n\u2022 Membrana rectangular actuando sobre todo el laberinto: mejora la autocompensaci\u00f3n y la autolimpieza al permitir la liberaci\u00f3n del laberinto en las aperturas y cierres.<br \/>\n\u2022 Gotero tama\u00f1o medio: Multibar F tiene un tama\u00f1o medio que garantiza el \u00f3ptimo equilibrio entre resistencia a obstrucci\u00f3n y p\u00e9rdidas de carga.<br \/>\n\u2022 Tres versiones: Normal (PC), Antisucci\u00f3n (AS) y Antisucci\u00f3n-Antidrenante (AS-DS). La versi\u00f3n AS evita la intrusi\u00f3n de impurezas debidas al efecto succi\u00f3n. La versi\u00f3n DS evita que la tuber\u00eda se vac\u00ede al final del riego, lo que la hace ideal para cultivos con riegos c\u00edclicos.<br \/>\n\u2022 Amplia gama: de di\u00e1metros, caudales y espesores.<br \/>\n\u2022 Fabricado bajo la norma <strong>ISO 9261.<\/strong><\/p>\n","protected":false},"excerpt":{"rendered":"<p><img loading=\"lazy\" decoding=\"async\" class=\"alignnone size-full wp-image-8737\" src=\"https:\/\/www.todoriego.com.ar\/site\/wp-content\/uploads\/2022\/07\/irritec.png\" alt=\"irritec\" width=\"103\" height=\"50\" \/><\/p>\n<p>La tuber\u00eda con gotero plano autocompensante garantiza gracias a su avanzado dise\u00f1o unas prestaciones constantes en cualquier situaci\u00f3n topogr\u00e1fica. El particular posicionamiento del gotero, permite el ingreso central del agua lejos de las zonas de estancamiento.<\/p>\n","protected":false},"featured_media":8777,"template":"","meta":{"_acf_changed":false},"product_brand":[],"product_cat":[43],"product_tag":[],"class_list":{"0":"post-8783","1":"product","2":"type-product","3":"status-publish","4":"has-post-thumbnail","6":"product_cat-lateral-de-goteo","8":"first","9":"instock","10":"shipping-taxable","11":"product-type-simple"},"acf":[],"yoast_head":"<!-- This site is optimized with the Yoast SEO plugin v27.4 - https:\/\/yoast.com\/product\/yoast-seo-wordpress\/ -->\n<title>Lateral de goteo Irritec Multibar F - Todoriego Insumos SRL<\/title>\n<meta name=\"description\" content=\"La tuber\u00eda con gotero plano autocompensante garantiza gracias a su avanzado dise\u00f1o unas prestaciones constantes en cualquier situaci\u00f3n topogr\u00e1fica.\" \/>\n<meta name=\"robots\" content=\"index, follow, max-snippet:-1, max-image-preview:large, max-video-preview:-1\" \/>\n<link rel=\"canonical\" href=\"https:\/\/www.todoriego.com.ar\/site\/producto\/lateral-de-goteo-irritec-multibar-f\/\" \/>\n<meta property=\"og:locale\" content=\"es_ES\" \/>\n<meta property=\"og:type\" content=\"article\" \/>\n<meta property=\"og:title\" content=\"Lateral de goteo Irritec Multibar F - Todoriego Insumos SRL\" \/>\n<meta property=\"og:description\" content=\"La tuber\u00eda con gotero plano autocompensante garantiza gracias a su avanzado dise\u00f1o unas prestaciones constantes en cualquier situaci\u00f3n topogr\u00e1fica.\" \/>\n<meta property=\"og:url\" content=\"https:\/\/www.todoriego.com.ar\/site\/producto\/lateral-de-goteo-irritec-multibar-f\/\" \/>\n<meta property=\"og:site_name\" content=\"Todoriego Insumos SRL\" \/>\n<meta property=\"article:publisher\" content=\"https:\/\/www.facebook.com\/todoriegoinsumos\/\" \/>\n<meta property=\"article:modified_time\" content=\"2025-11-14T19:23:43+00:00\" \/>\n<meta property=\"og:image\" content=\"https:\/\/www.todoriego.com.ar\/site\/wp-content\/uploads\/2022\/07\/lateralGoteo_irritec_Multibar-F.jpg\" \/>\n\t<meta property=\"og:image:width\" content=\"600\" \/>\n\t<meta property=\"og:image:height\" content=\"600\" \/>\n\t<meta property=\"og:image:type\" content=\"image\/jpeg\" \/>\n<meta name=\"twitter:card\" content=\"summary_large_image\" \/>\n<meta name=\"twitter:label1\" content=\"Tiempo de lectura\" \/>\n\t<meta name=\"twitter:data1\" content=\"1 minuto\" \/>\n<script type=\"application\/ld+json\" class=\"yoast-schema-graph\">{\"@context\":\"https:\\\/\\\/schema.org\",\"@graph\":[{\"@type\":\"WebPage\",\"@id\":\"https:\\\/\\\/www.todoriego.com.ar\\\/site\\\/producto\\\/lateral-de-goteo-irritec-multibar-f\\\/\",\"url\":\"https:\\\/\\\/www.todoriego.com.ar\\\/site\\\/producto\\\/lateral-de-goteo-irritec-multibar-f\\\/\",\"name\":\"Lateral de goteo Irritec Multibar F - Todoriego Insumos SRL\",\"isPartOf\":{\"@id\":\"https:\\\/\\\/www.todoriego.com.ar\\\/site\\\/#website\"},\"primaryImageOfPage\":{\"@id\":\"https:\\\/\\\/www.todoriego.com.ar\\\/site\\\/producto\\\/lateral-de-goteo-irritec-multibar-f\\\/#primaryimage\"},\"image\":{\"@id\":\"https:\\\/\\\/www.todoriego.com.ar\\\/site\\\/producto\\\/lateral-de-goteo-irritec-multibar-f\\\/#primaryimage\"},\"thumbnailUrl\":\"https:\\\/\\\/www.todoriego.com.ar\\\/site\\\/wp-content\\\/uploads\\\/2022\\\/07\\\/lateralGoteo_irritec_Multibar-F.jpg\",\"datePublished\":\"2022-07-26T19:01:04+00:00\",\"dateModified\":\"2025-11-14T19:23:43+00:00\",\"description\":\"La tuber\u00eda con gotero plano autocompensante garantiza gracias a su avanzado dise\u00f1o unas prestaciones constantes en cualquier situaci\u00f3n topogr\u00e1fica.\",\"breadcrumb\":{\"@id\":\"https:\\\/\\\/www.todoriego.com.ar\\\/site\\\/producto\\\/lateral-de-goteo-irritec-multibar-f\\\/#breadcrumb\"},\"inLanguage\":\"es-AR\",\"potentialAction\":[{\"@type\":\"ReadAction\",\"target\":[\"https:\\\/\\\/www.todoriego.com.ar\\\/site\\\/producto\\\/lateral-de-goteo-irritec-multibar-f\\\/\"]}]},{\"@type\":\"ImageObject\",\"inLanguage\":\"es-AR\",\"@id\":\"https:\\\/\\\/www.todoriego.com.ar\\\/site\\\/producto\\\/lateral-de-goteo-irritec-multibar-f\\\/#primaryimage\",\"url\":\"https:\\\/\\\/www.todoriego.com.ar\\\/site\\\/wp-content\\\/uploads\\\/2022\\\/07\\\/lateralGoteo_irritec_Multibar-F.jpg\",\"contentUrl\":\"https:\\\/\\\/www.todoriego.com.ar\\\/site\\\/wp-content\\\/uploads\\\/2022\\\/07\\\/lateralGoteo_irritec_Multibar-F.jpg\",\"width\":600,\"height\":600},{\"@type\":\"BreadcrumbList\",\"@id\":\"https:\\\/\\\/www.todoriego.com.ar\\\/site\\\/producto\\\/lateral-de-goteo-irritec-multibar-f\\\/#breadcrumb\",\"itemListElement\":[{\"@type\":\"ListItem\",\"position\":1,\"name\":\"Inicio\",\"item\":\"https:\\\/\\\/www.todoriego.com.ar\\\/site\\\/\"},{\"@type\":\"ListItem\",\"position\":2,\"name\":\"Tienda\",\"item\":\"https:\\\/\\\/www.todoriego.com.ar\\\/site\\\/tienda\\\/\"},{\"@type\":\"ListItem\",\"position\":3,\"name\":\"Lateral de goteo Irritec Multibar F\"}]},{\"@type\":\"WebSite\",\"@id\":\"https:\\\/\\\/www.todoriego.com.ar\\\/site\\\/#website\",\"url\":\"https:\\\/\\\/www.todoriego.com.ar\\\/site\\\/\",\"name\":\"Todoriego Insumos SRL\",\"description\":\"Sabemos hacer riego\",\"publisher\":{\"@id\":\"https:\\\/\\\/www.todoriego.com.ar\\\/site\\\/#organization\"},\"potentialAction\":[{\"@type\":\"SearchAction\",\"target\":{\"@type\":\"EntryPoint\",\"urlTemplate\":\"https:\\\/\\\/www.todoriego.com.ar\\\/site\\\/?s={search_term_string}\"},\"query-input\":{\"@type\":\"PropertyValueSpecification\",\"valueRequired\":true,\"valueName\":\"search_term_string\"}}],\"inLanguage\":\"es-AR\"},{\"@type\":\"Organization\",\"@id\":\"https:\\\/\\\/www.todoriego.com.ar\\\/site\\\/#organization\",\"name\":\"Todoriego Insumos s.r.l.\",\"url\":\"https:\\\/\\\/www.todoriego.com.ar\\\/site\\\/\",\"logo\":{\"@type\":\"ImageObject\",\"inLanguage\":\"es-AR\",\"@id\":\"https:\\\/\\\/www.todoriego.com.ar\\\/site\\\/#\\\/schema\\\/logo\\\/image\\\/\",\"url\":\"http:\\\/\\\/www.todoriego.com.ar\\\/site\\\/wp-content\\\/uploads\\\/2022\\\/07\\\/todoriego_marca.jpg\",\"contentUrl\":\"http:\\\/\\\/www.todoriego.com.ar\\\/site\\\/wp-content\\\/uploads\\\/2022\\\/07\\\/todoriego_marca.jpg\",\"width\":731,\"height\":731,\"caption\":\"Todoriego Insumos s.r.l.\"},\"image\":{\"@id\":\"https:\\\/\\\/www.todoriego.com.ar\\\/site\\\/#\\\/schema\\\/logo\\\/image\\\/\"},\"sameAs\":[\"https:\\\/\\\/www.facebook.com\\\/todoriegoinsumos\\\/\",\"https:\\\/\\\/www.instagram.com\\\/todoriegoinsumos\\\/\"]}]}<\/script>\n<!-- \/ Yoast SEO plugin. -->","yoast_head_json":{"title":"Lateral de goteo Irritec Multibar F - Todoriego Insumos SRL","description":"La tuber\u00eda con gotero plano autocompensante garantiza gracias a su avanzado dise\u00f1o unas prestaciones constantes en cualquier situaci\u00f3n topogr\u00e1fica.","robots":{"index":"index","follow":"follow","max-snippet":"max-snippet:-1","max-image-preview":"max-image-preview:large","max-video-preview":"max-video-preview:-1"},"canonical":"https:\/\/www.todoriego.com.ar\/site\/producto\/lateral-de-goteo-irritec-multibar-f\/","og_locale":"es_ES","og_type":"article","og_title":"Lateral de goteo Irritec Multibar F - Todoriego Insumos SRL","og_description":"La tuber\u00eda con gotero plano autocompensante garantiza gracias a su avanzado dise\u00f1o unas prestaciones constantes en cualquier situaci\u00f3n topogr\u00e1fica.","og_url":"https:\/\/www.todoriego.com.ar\/site\/producto\/lateral-de-goteo-irritec-multibar-f\/","og_site_name":"Todoriego Insumos SRL","article_publisher":"https:\/\/www.facebook.com\/todoriegoinsumos\/","article_modified_time":"2025-11-14T19:23:43+00:00","og_image":[{"width":600,"height":600,"url":"https:\/\/www.todoriego.com.ar\/site\/wp-content\/uploads\/2022\/07\/lateralGoteo_irritec_Multibar-F.jpg","type":"image\/jpeg"}],"twitter_card":"summary_large_image","twitter_misc":{"Tiempo de lectura":"1 minuto"},"schema":{"@context":"https:\/\/schema.org","@graph":[{"@type":"WebPage","@id":"https:\/\/www.todoriego.com.ar\/site\/producto\/lateral-de-goteo-irritec-multibar-f\/","url":"https:\/\/www.todoriego.com.ar\/site\/producto\/lateral-de-goteo-irritec-multibar-f\/","name":"Lateral de goteo Irritec Multibar F - Todoriego Insumos SRL","isPartOf":{"@id":"https:\/\/www.todoriego.com.ar\/site\/#website"},"primaryImageOfPage":{"@id":"https:\/\/www.todoriego.com.ar\/site\/producto\/lateral-de-goteo-irritec-multibar-f\/#primaryimage"},"image":{"@id":"https:\/\/www.todoriego.com.ar\/site\/producto\/lateral-de-goteo-irritec-multibar-f\/#primaryimage"},"thumbnailUrl":"https:\/\/www.todoriego.com.ar\/site\/wp-content\/uploads\/2022\/07\/lateralGoteo_irritec_Multibar-F.jpg","datePublished":"2022-07-26T19:01:04+00:00","dateModified":"2025-11-14T19:23:43+00:00","description":"La tuber\u00eda con gotero plano autocompensante garantiza gracias a su avanzado dise\u00f1o unas prestaciones constantes en cualquier situaci\u00f3n topogr\u00e1fica.","breadcrumb":{"@id":"https:\/\/www.todoriego.com.ar\/site\/producto\/lateral-de-goteo-irritec-multibar-f\/#breadcrumb"},"inLanguage":"es-AR","potentialAction":[{"@type":"ReadAction","target":["https:\/\/www.todoriego.com.ar\/site\/producto\/lateral-de-goteo-irritec-multibar-f\/"]}]},{"@type":"ImageObject","inLanguage":"es-AR","@id":"https:\/\/www.todoriego.com.ar\/site\/producto\/lateral-de-goteo-irritec-multibar-f\/#primaryimage","url":"https:\/\/www.todoriego.com.ar\/site\/wp-content\/uploads\/2022\/07\/lateralGoteo_irritec_Multibar-F.jpg","contentUrl":"https:\/\/www.todoriego.com.ar\/site\/wp-content\/uploads\/2022\/07\/lateralGoteo_irritec_Multibar-F.jpg","width":600,"height":600},{"@type":"BreadcrumbList","@id":"https:\/\/www.todoriego.com.ar\/site\/producto\/lateral-de-goteo-irritec-multibar-f\/#breadcrumb","itemListElement":[{"@type":"ListItem","position":1,"name":"Inicio","item":"https:\/\/www.todoriego.com.ar\/site\/"},{"@type":"ListItem","position":2,"name":"Tienda","item":"https:\/\/www.todoriego.com.ar\/site\/tienda\/"},{"@type":"ListItem","position":3,"name":"Lateral de goteo Irritec Multibar F"}]},{"@type":"WebSite","@id":"https:\/\/www.todoriego.com.ar\/site\/#website","url":"https:\/\/www.todoriego.com.ar\/site\/","name":"Todoriego Insumos SRL","description":"Sabemos hacer riego","publisher":{"@id":"https:\/\/www.todoriego.com.ar\/site\/#organization"},"potentialAction":[{"@type":"SearchAction","target":{"@type":"EntryPoint","urlTemplate":"https:\/\/www.todoriego.com.ar\/site\/?s={search_term_string}"},"query-input":{"@type":"PropertyValueSpecification","valueRequired":true,"valueName":"search_term_string"}}],"inLanguage":"es-AR"},{"@type":"Organization","@id":"https:\/\/www.todoriego.com.ar\/site\/#organization","name":"Todoriego Insumos s.r.l.","url":"https:\/\/www.todoriego.com.ar\/site\/","logo":{"@type":"ImageObject","inLanguage":"es-AR","@id":"https:\/\/www.todoriego.com.ar\/site\/#\/schema\/logo\/image\/","url":"http:\/\/www.todoriego.com.ar\/site\/wp-content\/uploads\/2022\/07\/todoriego_marca.jpg","contentUrl":"http:\/\/www.todoriego.com.ar\/site\/wp-content\/uploads\/2022\/07\/todoriego_marca.jpg","width":731,"height":731,"caption":"Todoriego Insumos s.r.l."},"image":{"@id":"https:\/\/www.todoriego.com.ar\/site\/#\/schema\/logo\/image\/"},"sameAs":["https:\/\/www.facebook.com\/todoriegoinsumos\/","https:\/\/www.instagram.com\/todoriegoinsumos\/"]}]}},"_links":{"self":[{"href":"https:\/\/www.todoriego.com.ar\/site\/wp-json\/wp\/v2\/product\/8783","targetHints":{"allow":["GET"]}}],"collection":[{"href":"https:\/\/www.todoriego.com.ar\/site\/wp-json\/wp\/v2\/product"}],"about":[{"href":"https:\/\/www.todoriego.com.ar\/site\/wp-json\/wp\/v2\/types\/product"}],"wp:featuredmedia":[{"embeddable":true,"href":"https:\/\/www.todoriego.com.ar\/site\/wp-json\/wp\/v2\/media\/8777"}],"wp:attachment":[{"href":"https:\/\/www.todoriego.com.ar\/site\/wp-json\/wp\/v2\/media?parent=8783"}],"wp:term":[{"taxonomy":"product_brand","embeddable":true,"href":"https:\/\/www.todoriego.com.ar\/site\/wp-json\/wp\/v2\/product_brand?post=8783"},{"taxonomy":"product_cat","embeddable":true,"href":"https:\/\/www.todoriego.com.ar\/site\/wp-json\/wp\/v2\/product_cat?post=8783"},{"taxonomy":"product_tag","embeddable":true,"href":"https:\/\/www.todoriego.com.ar\/site\/wp-json\/wp\/v2\/product_tag?post=8783"}],"curies":[{"name":"wp","href":"https:\/\/api.w.org\/{rel}","templated":true}]}}