{"id":8820,"date":"2022-08-12T12:47:24","date_gmt":"2022-08-12T15:47:24","guid":{"rendered":"http:\/\/www.todoriego.com.ar\/site\/?post_type=product&#038;p=8820"},"modified":"2022-08-12T14:11:45","modified_gmt":"2022-08-12T17:11:45","slug":"filtro-plastico-linea-serie-f","status":"publish","type":"product","link":"https:\/\/www.todoriego.com.ar\/site\/producto\/filtro-plastico-linea-serie-f\/","title":{"rendered":"Filtro Pl\u00e1stico Linea Serie F"},"content":{"rendered":"<p>Cuerpo de material termopl\u00e1stico muy resistente a la presi\u00f3n y al estr\u00e9s atmosf\u00e9rico.<br \/>\nElemento filtrante robusto y flexible con discos y red.<br \/>\nCartucho filtrante de Polipropileno con red de acero inoxidable o de poli\u00e9ster.<br \/>\nCierre mediante abrazadera o faja inoxidable.<br \/>\nDisponible tambi\u00e9n con cartuchos de discos.<br \/>\nVasta gama de caudales y di\u00e1metros desde \u00be hasta 3 pulgadas.<br \/>\nDisponible desde 30 hasta 200 mesh.<\/p>\n<p><strong>CARACTERISTICAS<br \/>\n<\/strong>Filtro de polipropileno<br \/>\nElemento filtrante: discos, acero inoxidable, malla pl\u00e1stica<br \/>\nM\u00e1xima presi\u00f3n operativa: 10 bar a 20\u00baC<br \/>\nConexiones disponibles: BSP, NPT<br \/>\nDescarga: tap\u00f3n roscado \u00be\u201d<\/p>\n","protected":false},"excerpt":{"rendered":"<p><img loading=\"lazy\" decoding=\"async\" class=\"alignnone size-full wp-image-8737\" src=\"https:\/\/www.todoriego.com.ar\/site\/wp-content\/uploads\/2022\/07\/irritec.png\" alt=\"irritec\" width=\"103\" height=\"50\" \/><br \/>\nLos filtros Irritec brindan la mejor filtraci\u00f3n para los sistemas de riego. Su estructura sencilla y segura, fruto de una tecnolog\u00eda avanzada, minimiza la necesidad de mantenimiento.<\/p>\n","protected":false},"featured_media":8821,"template":"","meta":{"_acf_changed":false},"product_brand":[],"product_cat":[61],"product_tag":[],"class_list":{"0":"post-8820","1":"product","2":"type-product","3":"status-publish","4":"has-post-thumbnail","6":"product_cat-linea-irritec","8":"first","9":"instock","10":"shipping-taxable","11":"product-type-simple"},"acf":[],"yoast_head":"<!-- This site is optimized with the Yoast SEO plugin v27.4 - https:\/\/yoast.com\/product\/yoast-seo-wordpress\/ -->\n<title>Filtro Pl\u00e1stico Linea Serie F - Todoriego Insumos SRL<\/title>\n<meta name=\"description\" content=\"Los filtros Irritec brindan la mejor filtraci\u00f3n para los sistemas de riego. Su estructura sencilla y segura, fruto de una tecnolog\u00eda avanzada, minimiza la necesidad de mantenimiento.\" \/>\n<meta name=\"robots\" content=\"index, follow, max-snippet:-1, max-image-preview:large, max-video-preview:-1\" \/>\n<link rel=\"canonical\" href=\"https:\/\/www.todoriego.com.ar\/site\/producto\/filtro-plastico-linea-serie-f\/\" \/>\n<meta property=\"og:locale\" content=\"es_ES\" \/>\n<meta property=\"og:type\" content=\"article\" \/>\n<meta property=\"og:title\" content=\"Filtro Pl\u00e1stico Linea Serie F - Todoriego Insumos SRL\" \/>\n<meta property=\"og:description\" content=\"Los filtros Irritec brindan la mejor filtraci\u00f3n para los sistemas de riego. Su estructura sencilla y segura, fruto de una tecnolog\u00eda avanzada, minimiza la necesidad de mantenimiento.\" \/>\n<meta property=\"og:url\" content=\"https:\/\/www.todoriego.com.ar\/site\/producto\/filtro-plastico-linea-serie-f\/\" \/>\n<meta property=\"og:site_name\" content=\"Todoriego Insumos SRL\" \/>\n<meta property=\"article:publisher\" content=\"https:\/\/www.facebook.com\/todoriegoinsumos\/\" \/>\n<meta property=\"article:modified_time\" content=\"2022-08-12T17:11:45+00:00\" \/>\n<meta property=\"og:image\" content=\"https:\/\/www.todoriego.com.ar\/site\/wp-content\/uploads\/2022\/08\/productos-agricultura_filtracion_serieF.jpg\" \/>\n\t<meta property=\"og:image:width\" content=\"600\" \/>\n\t<meta property=\"og:image:height\" content=\"600\" \/>\n\t<meta property=\"og:image:type\" content=\"image\/jpeg\" \/>\n<meta name=\"twitter:card\" content=\"summary_large_image\" \/>\n<meta name=\"twitter:label1\" content=\"Tiempo de lectura\" \/>\n\t<meta name=\"twitter:data1\" content=\"1 minuto\" \/>\n<script type=\"application\/ld+json\" class=\"yoast-schema-graph\">{\"@context\":\"https:\\\/\\\/schema.org\",\"@graph\":[{\"@type\":\"WebPage\",\"@id\":\"https:\\\/\\\/www.todoriego.com.ar\\\/site\\\/producto\\\/filtro-plastico-linea-serie-f\\\/\",\"url\":\"https:\\\/\\\/www.todoriego.com.ar\\\/site\\\/producto\\\/filtro-plastico-linea-serie-f\\\/\",\"name\":\"Filtro Pl\u00e1stico Linea Serie F - Todoriego Insumos SRL\",\"isPartOf\":{\"@id\":\"https:\\\/\\\/www.todoriego.com.ar\\\/site\\\/#website\"},\"primaryImageOfPage\":{\"@id\":\"https:\\\/\\\/www.todoriego.com.ar\\\/site\\\/producto\\\/filtro-plastico-linea-serie-f\\\/#primaryimage\"},\"image\":{\"@id\":\"https:\\\/\\\/www.todoriego.com.ar\\\/site\\\/producto\\\/filtro-plastico-linea-serie-f\\\/#primaryimage\"},\"thumbnailUrl\":\"https:\\\/\\\/www.todoriego.com.ar\\\/site\\\/wp-content\\\/uploads\\\/2022\\\/08\\\/productos-agricultura_filtracion_serieF.jpg\",\"datePublished\":\"2022-08-12T15:47:24+00:00\",\"dateModified\":\"2022-08-12T17:11:45+00:00\",\"description\":\"Los filtros Irritec brindan la mejor filtraci\u00f3n para los sistemas de riego. Su estructura sencilla y segura, fruto de una tecnolog\u00eda avanzada, minimiza la necesidad de mantenimiento.\",\"breadcrumb\":{\"@id\":\"https:\\\/\\\/www.todoriego.com.ar\\\/site\\\/producto\\\/filtro-plastico-linea-serie-f\\\/#breadcrumb\"},\"inLanguage\":\"es-AR\",\"potentialAction\":[{\"@type\":\"ReadAction\",\"target\":[\"https:\\\/\\\/www.todoriego.com.ar\\\/site\\\/producto\\\/filtro-plastico-linea-serie-f\\\/\"]}]},{\"@type\":\"ImageObject\",\"inLanguage\":\"es-AR\",\"@id\":\"https:\\\/\\\/www.todoriego.com.ar\\\/site\\\/producto\\\/filtro-plastico-linea-serie-f\\\/#primaryimage\",\"url\":\"https:\\\/\\\/www.todoriego.com.ar\\\/site\\\/wp-content\\\/uploads\\\/2022\\\/08\\\/productos-agricultura_filtracion_serieF.jpg\",\"contentUrl\":\"https:\\\/\\\/www.todoriego.com.ar\\\/site\\\/wp-content\\\/uploads\\\/2022\\\/08\\\/productos-agricultura_filtracion_serieF.jpg\",\"width\":600,\"height\":600,\"caption\":\"filtro serie F\"},{\"@type\":\"BreadcrumbList\",\"@id\":\"https:\\\/\\\/www.todoriego.com.ar\\\/site\\\/producto\\\/filtro-plastico-linea-serie-f\\\/#breadcrumb\",\"itemListElement\":[{\"@type\":\"ListItem\",\"position\":1,\"name\":\"Inicio\",\"item\":\"https:\\\/\\\/www.todoriego.com.ar\\\/site\\\/\"},{\"@type\":\"ListItem\",\"position\":2,\"name\":\"Tienda\",\"item\":\"https:\\\/\\\/www.todoriego.com.ar\\\/site\\\/tienda\\\/\"},{\"@type\":\"ListItem\",\"position\":3,\"name\":\"Filtro Pl\u00e1stico Linea Serie F\"}]},{\"@type\":\"WebSite\",\"@id\":\"https:\\\/\\\/www.todoriego.com.ar\\\/site\\\/#website\",\"url\":\"https:\\\/\\\/www.todoriego.com.ar\\\/site\\\/\",\"name\":\"Todoriego Insumos SRL\",\"description\":\"Sabemos hacer riego\",\"publisher\":{\"@id\":\"https:\\\/\\\/www.todoriego.com.ar\\\/site\\\/#organization\"},\"potentialAction\":[{\"@type\":\"SearchAction\",\"target\":{\"@type\":\"EntryPoint\",\"urlTemplate\":\"https:\\\/\\\/www.todoriego.com.ar\\\/site\\\/?s={search_term_string}\"},\"query-input\":{\"@type\":\"PropertyValueSpecification\",\"valueRequired\":true,\"valueName\":\"search_term_string\"}}],\"inLanguage\":\"es-AR\"},{\"@type\":\"Organization\",\"@id\":\"https:\\\/\\\/www.todoriego.com.ar\\\/site\\\/#organization\",\"name\":\"Todoriego Insumos s.r.l.\",\"url\":\"https:\\\/\\\/www.todoriego.com.ar\\\/site\\\/\",\"logo\":{\"@type\":\"ImageObject\",\"inLanguage\":\"es-AR\",\"@id\":\"https:\\\/\\\/www.todoriego.com.ar\\\/site\\\/#\\\/schema\\\/logo\\\/image\\\/\",\"url\":\"http:\\\/\\\/www.todoriego.com.ar\\\/site\\\/wp-content\\\/uploads\\\/2022\\\/07\\\/todoriego_marca.jpg\",\"contentUrl\":\"http:\\\/\\\/www.todoriego.com.ar\\\/site\\\/wp-content\\\/uploads\\\/2022\\\/07\\\/todoriego_marca.jpg\",\"width\":731,\"height\":731,\"caption\":\"Todoriego Insumos s.r.l.\"},\"image\":{\"@id\":\"https:\\\/\\\/www.todoriego.com.ar\\\/site\\\/#\\\/schema\\\/logo\\\/image\\\/\"},\"sameAs\":[\"https:\\\/\\\/www.facebook.com\\\/todoriegoinsumos\\\/\",\"https:\\\/\\\/www.instagram.com\\\/todoriegoinsumos\\\/\"]}]}<\/script>\n<!-- \/ Yoast SEO plugin. -->","yoast_head_json":{"title":"Filtro Pl\u00e1stico Linea Serie F - Todoriego Insumos SRL","description":"Los filtros Irritec brindan la mejor filtraci\u00f3n para los sistemas de riego. Su estructura sencilla y segura, fruto de una tecnolog\u00eda avanzada, minimiza la necesidad de mantenimiento.","robots":{"index":"index","follow":"follow","max-snippet":"max-snippet:-1","max-image-preview":"max-image-preview:large","max-video-preview":"max-video-preview:-1"},"canonical":"https:\/\/www.todoriego.com.ar\/site\/producto\/filtro-plastico-linea-serie-f\/","og_locale":"es_ES","og_type":"article","og_title":"Filtro Pl\u00e1stico Linea Serie F - Todoriego Insumos SRL","og_description":"Los filtros Irritec brindan la mejor filtraci\u00f3n para los sistemas de riego. Su estructura sencilla y segura, fruto de una tecnolog\u00eda avanzada, minimiza la necesidad de mantenimiento.","og_url":"https:\/\/www.todoriego.com.ar\/site\/producto\/filtro-plastico-linea-serie-f\/","og_site_name":"Todoriego Insumos SRL","article_publisher":"https:\/\/www.facebook.com\/todoriegoinsumos\/","article_modified_time":"2022-08-12T17:11:45+00:00","og_image":[{"width":600,"height":600,"url":"https:\/\/www.todoriego.com.ar\/site\/wp-content\/uploads\/2022\/08\/productos-agricultura_filtracion_serieF.jpg","type":"image\/jpeg"}],"twitter_card":"summary_large_image","twitter_misc":{"Tiempo de lectura":"1 minuto"},"schema":{"@context":"https:\/\/schema.org","@graph":[{"@type":"WebPage","@id":"https:\/\/www.todoriego.com.ar\/site\/producto\/filtro-plastico-linea-serie-f\/","url":"https:\/\/www.todoriego.com.ar\/site\/producto\/filtro-plastico-linea-serie-f\/","name":"Filtro Pl\u00e1stico Linea Serie F - Todoriego Insumos SRL","isPartOf":{"@id":"https:\/\/www.todoriego.com.ar\/site\/#website"},"primaryImageOfPage":{"@id":"https:\/\/www.todoriego.com.ar\/site\/producto\/filtro-plastico-linea-serie-f\/#primaryimage"},"image":{"@id":"https:\/\/www.todoriego.com.ar\/site\/producto\/filtro-plastico-linea-serie-f\/#primaryimage"},"thumbnailUrl":"https:\/\/www.todoriego.com.ar\/site\/wp-content\/uploads\/2022\/08\/productos-agricultura_filtracion_serieF.jpg","datePublished":"2022-08-12T15:47:24+00:00","dateModified":"2022-08-12T17:11:45+00:00","description":"Los filtros Irritec brindan la mejor filtraci\u00f3n para los sistemas de riego. Su estructura sencilla y segura, fruto de una tecnolog\u00eda avanzada, minimiza la necesidad de mantenimiento.","breadcrumb":{"@id":"https:\/\/www.todoriego.com.ar\/site\/producto\/filtro-plastico-linea-serie-f\/#breadcrumb"},"inLanguage":"es-AR","potentialAction":[{"@type":"ReadAction","target":["https:\/\/www.todoriego.com.ar\/site\/producto\/filtro-plastico-linea-serie-f\/"]}]},{"@type":"ImageObject","inLanguage":"es-AR","@id":"https:\/\/www.todoriego.com.ar\/site\/producto\/filtro-plastico-linea-serie-f\/#primaryimage","url":"https:\/\/www.todoriego.com.ar\/site\/wp-content\/uploads\/2022\/08\/productos-agricultura_filtracion_serieF.jpg","contentUrl":"https:\/\/www.todoriego.com.ar\/site\/wp-content\/uploads\/2022\/08\/productos-agricultura_filtracion_serieF.jpg","width":600,"height":600,"caption":"filtro serie F"},{"@type":"BreadcrumbList","@id":"https:\/\/www.todoriego.com.ar\/site\/producto\/filtro-plastico-linea-serie-f\/#breadcrumb","itemListElement":[{"@type":"ListItem","position":1,"name":"Inicio","item":"https:\/\/www.todoriego.com.ar\/site\/"},{"@type":"ListItem","position":2,"name":"Tienda","item":"https:\/\/www.todoriego.com.ar\/site\/tienda\/"},{"@type":"ListItem","position":3,"name":"Filtro Pl\u00e1stico Linea Serie F"}]},{"@type":"WebSite","@id":"https:\/\/www.todoriego.com.ar\/site\/#website","url":"https:\/\/www.todoriego.com.ar\/site\/","name":"Todoriego Insumos SRL","description":"Sabemos hacer riego","publisher":{"@id":"https:\/\/www.todoriego.com.ar\/site\/#organization"},"potentialAction":[{"@type":"SearchAction","target":{"@type":"EntryPoint","urlTemplate":"https:\/\/www.todoriego.com.ar\/site\/?s={search_term_string}"},"query-input":{"@type":"PropertyValueSpecification","valueRequired":true,"valueName":"search_term_string"}}],"inLanguage":"es-AR"},{"@type":"Organization","@id":"https:\/\/www.todoriego.com.ar\/site\/#organization","name":"Todoriego Insumos s.r.l.","url":"https:\/\/www.todoriego.com.ar\/site\/","logo":{"@type":"ImageObject","inLanguage":"es-AR","@id":"https:\/\/www.todoriego.com.ar\/site\/#\/schema\/logo\/image\/","url":"http:\/\/www.todoriego.com.ar\/site\/wp-content\/uploads\/2022\/07\/todoriego_marca.jpg","contentUrl":"http:\/\/www.todoriego.com.ar\/site\/wp-content\/uploads\/2022\/07\/todoriego_marca.jpg","width":731,"height":731,"caption":"Todoriego Insumos s.r.l."},"image":{"@id":"https:\/\/www.todoriego.com.ar\/site\/#\/schema\/logo\/image\/"},"sameAs":["https:\/\/www.facebook.com\/todoriegoinsumos\/","https:\/\/www.instagram.com\/todoriegoinsumos\/"]}]}},"_links":{"self":[{"href":"https:\/\/www.todoriego.com.ar\/site\/wp-json\/wp\/v2\/product\/8820","targetHints":{"allow":["GET"]}}],"collection":[{"href":"https:\/\/www.todoriego.com.ar\/site\/wp-json\/wp\/v2\/product"}],"about":[{"href":"https:\/\/www.todoriego.com.ar\/site\/wp-json\/wp\/v2\/types\/product"}],"wp:featuredmedia":[{"embeddable":true,"href":"https:\/\/www.todoriego.com.ar\/site\/wp-json\/wp\/v2\/media\/8821"}],"wp:attachment":[{"href":"https:\/\/www.todoriego.com.ar\/site\/wp-json\/wp\/v2\/media?parent=8820"}],"wp:term":[{"taxonomy":"product_brand","embeddable":true,"href":"https:\/\/www.todoriego.com.ar\/site\/wp-json\/wp\/v2\/product_brand?post=8820"},{"taxonomy":"product_cat","embeddable":true,"href":"https:\/\/www.todoriego.com.ar\/site\/wp-json\/wp\/v2\/product_cat?post=8820"},{"taxonomy":"product_tag","embeddable":true,"href":"https:\/\/www.todoriego.com.ar\/site\/wp-json\/wp\/v2\/product_tag?post=8820"}],"curies":[{"name":"wp","href":"https:\/\/api.w.org\/{rel}","templated":true}]}}