{"id":8845,"date":"2022-08-19T15:05:18","date_gmt":"2022-08-19T18:05:18","guid":{"rendered":"http:\/\/www.todoriego.com.ar\/site\/?post_type=product&#038;p=8845"},"modified":"2022-08-19T15:08:31","modified_gmt":"2022-08-19T18:08:31","slug":"hidrociclon-eiv","status":"publish","type":"product","link":"https:\/\/www.todoriego.com.ar\/site\/producto\/hidrociclon-eiv\/","title":{"rendered":"Filtro Hidrocicl\u00f3nico EIV"},"content":{"rendered":"<div class=\"wpb_text_column wpb_content_element vc_custom_1602080890087\">\n<div class=\"wpb_wrapper\">\n<div class=\"wpb_text_column wpb_content_element  vc_custom_1602081027596\">\n<div class=\"wpb_wrapper\">\n<p><strong>Materiales<br \/>\n<\/strong>Cuerpo:\u00a0met\u00e1lico tratado con fosfato de cinc y posterior aplicaci\u00f3n. electrost\u00e1tica de una capa de pintura de epoxi-poli\u00e9ster de espesor m\u00ednimo. 160 micras, con funci\u00f3n protectora y anticorrosiva.<br \/>\nJuntas:\u00a0EPDM.<\/p>\n<\/div>\n<\/div>\n<div class=\"wpb_text_column wpb_content_element  vc_custom_1603178584858\">\n<div class=\"wpb_wrapper\">\n<p><strong>Caracter\u00edsticas y ventajas<br \/>\n<\/strong>Presi\u00f3n m\u00e1xima de trabajo:\u00a08 bar.<br \/>\nTipos de conexi\u00f3n:\u00a0roscado hembra, con brida, victaulic.<\/p>\n<p>El filtro se entrega con v\u00e1lvulas de descarga.<\/p>\n<\/div>\n<\/div>\n<\/div>\n<\/div>\n","protected":false},"excerpt":{"rendered":"<p><img loading=\"lazy\" decoding=\"async\" class=\"alignnone size-full wp-image-8737\" src=\"https:\/\/www.todoriego.com.ar\/site\/wp-content\/uploads\/2022\/07\/irritec.png\" alt=\"irritec\" width=\"103\" height=\"50\" \/><br \/>\nEl filtro hidrocicl\u00f3n EIV se utiliza para las aguas de riego provenientes de pozos, r\u00edos y lagos con gran cantidad de arena en suspensi\u00f3n. La entrada tangencial del agua genera un movimiento centr\u00edfugo que permite la separaci\u00f3n entre el agua y las part\u00edculas pesadas. Por la diferencia de densidad el agua saldr\u00e1 por la salida superior mientras que la arena, m\u00e1s pesada, precipitar\u00e1 al centro del v\u00f3rtice acumul\u00e1ndose en el dep\u00f3sito de debajo. En la base del cono se ha colocado una reducci\u00f3n que protege el filtro del desgaste debido a la acci\u00f3n abrasiva de la arena. La reducci\u00f3n es f\u00e1cilmente sustituible durante las labores de mantenimiento. Estos filtros se pueden equipar con un dep\u00f3sito de acumulaci\u00f3n que permite acumular la arena y descargarla gracias a la apertura de una v\u00e1lvula (manual o el\u00e9ctrica) con frecuencia constante.<\/p>\n","protected":false},"featured_media":8846,"template":"","meta":{"_acf_changed":false},"product_brand":[],"product_cat":[61],"product_tag":[],"class_list":{"0":"post-8845","1":"product","2":"type-product","3":"status-publish","4":"has-post-thumbnail","6":"product_cat-linea-irritec","8":"first","9":"instock","10":"shipping-taxable","11":"product-type-simple"},"acf":[],"yoast_head":"<!-- This site is optimized with the Yoast SEO plugin v27.4 - https:\/\/yoast.com\/product\/yoast-seo-wordpress\/ -->\n<title>Filtro Hidrocicl\u00f3nico EIV - Todoriego Insumos SRL<\/title>\n<meta name=\"description\" content=\"El filtro hidrocicl\u00f3n EIV se utiliza para las aguas de riego provenientes de pozos, r\u00edos y lagos con gran cantidad de arena en suspensi\u00f3n.\" \/>\n<meta name=\"robots\" content=\"index, follow, max-snippet:-1, max-image-preview:large, max-video-preview:-1\" \/>\n<link rel=\"canonical\" href=\"https:\/\/www.todoriego.com.ar\/site\/producto\/hidrociclon-eiv\/\" \/>\n<meta property=\"og:locale\" content=\"es_ES\" \/>\n<meta property=\"og:type\" content=\"article\" \/>\n<meta property=\"og:title\" content=\"Filtro Hidrocicl\u00f3nico EIV - Todoriego Insumos SRL\" \/>\n<meta property=\"og:description\" content=\"El filtro hidrocicl\u00f3n EIV se utiliza para las aguas de riego provenientes de pozos, r\u00edos y lagos con gran cantidad de arena en suspensi\u00f3n.\" \/>\n<meta property=\"og:url\" content=\"https:\/\/www.todoriego.com.ar\/site\/producto\/hidrociclon-eiv\/\" \/>\n<meta property=\"og:site_name\" content=\"Todoriego Insumos SRL\" \/>\n<meta property=\"article:publisher\" content=\"https:\/\/www.facebook.com\/todoriegoinsumos\/\" \/>\n<meta property=\"article:modified_time\" content=\"2022-08-19T18:08:31+00:00\" \/>\n<meta property=\"og:image\" content=\"https:\/\/www.todoriego.com.ar\/site\/wp-content\/uploads\/2022\/08\/productos-agricultura_filtracion_hidroEIV.jpg\" \/>\n\t<meta property=\"og:image:width\" content=\"600\" \/>\n\t<meta property=\"og:image:height\" content=\"600\" \/>\n\t<meta property=\"og:image:type\" content=\"image\/jpeg\" \/>\n<meta name=\"twitter:card\" content=\"summary_large_image\" \/>\n<meta name=\"twitter:label1\" content=\"Tiempo de lectura\" \/>\n\t<meta name=\"twitter:data1\" content=\"1 minuto\" \/>\n<script type=\"application\/ld+json\" class=\"yoast-schema-graph\">{\"@context\":\"https:\\\/\\\/schema.org\",\"@graph\":[{\"@type\":\"WebPage\",\"@id\":\"https:\\\/\\\/www.todoriego.com.ar\\\/site\\\/producto\\\/hidrociclon-eiv\\\/\",\"url\":\"https:\\\/\\\/www.todoriego.com.ar\\\/site\\\/producto\\\/hidrociclon-eiv\\\/\",\"name\":\"Filtro Hidrocicl\u00f3nico EIV - Todoriego Insumos SRL\",\"isPartOf\":{\"@id\":\"https:\\\/\\\/www.todoriego.com.ar\\\/site\\\/#website\"},\"primaryImageOfPage\":{\"@id\":\"https:\\\/\\\/www.todoriego.com.ar\\\/site\\\/producto\\\/hidrociclon-eiv\\\/#primaryimage\"},\"image\":{\"@id\":\"https:\\\/\\\/www.todoriego.com.ar\\\/site\\\/producto\\\/hidrociclon-eiv\\\/#primaryimage\"},\"thumbnailUrl\":\"https:\\\/\\\/www.todoriego.com.ar\\\/site\\\/wp-content\\\/uploads\\\/2022\\\/08\\\/productos-agricultura_filtracion_hidroEIV.jpg\",\"datePublished\":\"2022-08-19T18:05:18+00:00\",\"dateModified\":\"2022-08-19T18:08:31+00:00\",\"description\":\"El filtro hidrocicl\u00f3n EIV se utiliza para las aguas de riego provenientes de pozos, r\u00edos y lagos con gran cantidad de arena en suspensi\u00f3n.\",\"breadcrumb\":{\"@id\":\"https:\\\/\\\/www.todoriego.com.ar\\\/site\\\/producto\\\/hidrociclon-eiv\\\/#breadcrumb\"},\"inLanguage\":\"es-AR\",\"potentialAction\":[{\"@type\":\"ReadAction\",\"target\":[\"https:\\\/\\\/www.todoriego.com.ar\\\/site\\\/producto\\\/hidrociclon-eiv\\\/\"]}]},{\"@type\":\"ImageObject\",\"inLanguage\":\"es-AR\",\"@id\":\"https:\\\/\\\/www.todoriego.com.ar\\\/site\\\/producto\\\/hidrociclon-eiv\\\/#primaryimage\",\"url\":\"https:\\\/\\\/www.todoriego.com.ar\\\/site\\\/wp-content\\\/uploads\\\/2022\\\/08\\\/productos-agricultura_filtracion_hidroEIV.jpg\",\"contentUrl\":\"https:\\\/\\\/www.todoriego.com.ar\\\/site\\\/wp-content\\\/uploads\\\/2022\\\/08\\\/productos-agricultura_filtracion_hidroEIV.jpg\",\"width\":600,\"height\":600,\"caption\":\"hidrociclon eiv\"},{\"@type\":\"BreadcrumbList\",\"@id\":\"https:\\\/\\\/www.todoriego.com.ar\\\/site\\\/producto\\\/hidrociclon-eiv\\\/#breadcrumb\",\"itemListElement\":[{\"@type\":\"ListItem\",\"position\":1,\"name\":\"Inicio\",\"item\":\"https:\\\/\\\/www.todoriego.com.ar\\\/site\\\/\"},{\"@type\":\"ListItem\",\"position\":2,\"name\":\"Tienda\",\"item\":\"https:\\\/\\\/www.todoriego.com.ar\\\/site\\\/tienda\\\/\"},{\"@type\":\"ListItem\",\"position\":3,\"name\":\"Filtro Hidrocicl\u00f3nico EIV\"}]},{\"@type\":\"WebSite\",\"@id\":\"https:\\\/\\\/www.todoriego.com.ar\\\/site\\\/#website\",\"url\":\"https:\\\/\\\/www.todoriego.com.ar\\\/site\\\/\",\"name\":\"Todoriego Insumos SRL\",\"description\":\"Sabemos hacer riego\",\"publisher\":{\"@id\":\"https:\\\/\\\/www.todoriego.com.ar\\\/site\\\/#organization\"},\"potentialAction\":[{\"@type\":\"SearchAction\",\"target\":{\"@type\":\"EntryPoint\",\"urlTemplate\":\"https:\\\/\\\/www.todoriego.com.ar\\\/site\\\/?s={search_term_string}\"},\"query-input\":{\"@type\":\"PropertyValueSpecification\",\"valueRequired\":true,\"valueName\":\"search_term_string\"}}],\"inLanguage\":\"es-AR\"},{\"@type\":\"Organization\",\"@id\":\"https:\\\/\\\/www.todoriego.com.ar\\\/site\\\/#organization\",\"name\":\"Todoriego Insumos s.r.l.\",\"url\":\"https:\\\/\\\/www.todoriego.com.ar\\\/site\\\/\",\"logo\":{\"@type\":\"ImageObject\",\"inLanguage\":\"es-AR\",\"@id\":\"https:\\\/\\\/www.todoriego.com.ar\\\/site\\\/#\\\/schema\\\/logo\\\/image\\\/\",\"url\":\"http:\\\/\\\/www.todoriego.com.ar\\\/site\\\/wp-content\\\/uploads\\\/2022\\\/07\\\/todoriego_marca.jpg\",\"contentUrl\":\"http:\\\/\\\/www.todoriego.com.ar\\\/site\\\/wp-content\\\/uploads\\\/2022\\\/07\\\/todoriego_marca.jpg\",\"width\":731,\"height\":731,\"caption\":\"Todoriego Insumos s.r.l.\"},\"image\":{\"@id\":\"https:\\\/\\\/www.todoriego.com.ar\\\/site\\\/#\\\/schema\\\/logo\\\/image\\\/\"},\"sameAs\":[\"https:\\\/\\\/www.facebook.com\\\/todoriegoinsumos\\\/\",\"https:\\\/\\\/www.instagram.com\\\/todoriegoinsumos\\\/\"]}]}<\/script>\n<!-- \/ Yoast SEO plugin. -->","yoast_head_json":{"title":"Filtro Hidrocicl\u00f3nico EIV - Todoriego Insumos SRL","description":"El filtro hidrocicl\u00f3n EIV se utiliza para las aguas de riego provenientes de pozos, r\u00edos y lagos con gran cantidad de arena en suspensi\u00f3n.","robots":{"index":"index","follow":"follow","max-snippet":"max-snippet:-1","max-image-preview":"max-image-preview:large","max-video-preview":"max-video-preview:-1"},"canonical":"https:\/\/www.todoriego.com.ar\/site\/producto\/hidrociclon-eiv\/","og_locale":"es_ES","og_type":"article","og_title":"Filtro Hidrocicl\u00f3nico EIV - Todoriego Insumos SRL","og_description":"El filtro hidrocicl\u00f3n EIV se utiliza para las aguas de riego provenientes de pozos, r\u00edos y lagos con gran cantidad de arena en suspensi\u00f3n.","og_url":"https:\/\/www.todoriego.com.ar\/site\/producto\/hidrociclon-eiv\/","og_site_name":"Todoriego Insumos SRL","article_publisher":"https:\/\/www.facebook.com\/todoriegoinsumos\/","article_modified_time":"2022-08-19T18:08:31+00:00","og_image":[{"width":600,"height":600,"url":"https:\/\/www.todoriego.com.ar\/site\/wp-content\/uploads\/2022\/08\/productos-agricultura_filtracion_hidroEIV.jpg","type":"image\/jpeg"}],"twitter_card":"summary_large_image","twitter_misc":{"Tiempo de lectura":"1 minuto"},"schema":{"@context":"https:\/\/schema.org","@graph":[{"@type":"WebPage","@id":"https:\/\/www.todoriego.com.ar\/site\/producto\/hidrociclon-eiv\/","url":"https:\/\/www.todoriego.com.ar\/site\/producto\/hidrociclon-eiv\/","name":"Filtro Hidrocicl\u00f3nico EIV - Todoriego Insumos SRL","isPartOf":{"@id":"https:\/\/www.todoriego.com.ar\/site\/#website"},"primaryImageOfPage":{"@id":"https:\/\/www.todoriego.com.ar\/site\/producto\/hidrociclon-eiv\/#primaryimage"},"image":{"@id":"https:\/\/www.todoriego.com.ar\/site\/producto\/hidrociclon-eiv\/#primaryimage"},"thumbnailUrl":"https:\/\/www.todoriego.com.ar\/site\/wp-content\/uploads\/2022\/08\/productos-agricultura_filtracion_hidroEIV.jpg","datePublished":"2022-08-19T18:05:18+00:00","dateModified":"2022-08-19T18:08:31+00:00","description":"El filtro hidrocicl\u00f3n EIV se utiliza para las aguas de riego provenientes de pozos, r\u00edos y lagos con gran cantidad de arena en suspensi\u00f3n.","breadcrumb":{"@id":"https:\/\/www.todoriego.com.ar\/site\/producto\/hidrociclon-eiv\/#breadcrumb"},"inLanguage":"es-AR","potentialAction":[{"@type":"ReadAction","target":["https:\/\/www.todoriego.com.ar\/site\/producto\/hidrociclon-eiv\/"]}]},{"@type":"ImageObject","inLanguage":"es-AR","@id":"https:\/\/www.todoriego.com.ar\/site\/producto\/hidrociclon-eiv\/#primaryimage","url":"https:\/\/www.todoriego.com.ar\/site\/wp-content\/uploads\/2022\/08\/productos-agricultura_filtracion_hidroEIV.jpg","contentUrl":"https:\/\/www.todoriego.com.ar\/site\/wp-content\/uploads\/2022\/08\/productos-agricultura_filtracion_hidroEIV.jpg","width":600,"height":600,"caption":"hidrociclon eiv"},{"@type":"BreadcrumbList","@id":"https:\/\/www.todoriego.com.ar\/site\/producto\/hidrociclon-eiv\/#breadcrumb","itemListElement":[{"@type":"ListItem","position":1,"name":"Inicio","item":"https:\/\/www.todoriego.com.ar\/site\/"},{"@type":"ListItem","position":2,"name":"Tienda","item":"https:\/\/www.todoriego.com.ar\/site\/tienda\/"},{"@type":"ListItem","position":3,"name":"Filtro Hidrocicl\u00f3nico EIV"}]},{"@type":"WebSite","@id":"https:\/\/www.todoriego.com.ar\/site\/#website","url":"https:\/\/www.todoriego.com.ar\/site\/","name":"Todoriego Insumos SRL","description":"Sabemos hacer riego","publisher":{"@id":"https:\/\/www.todoriego.com.ar\/site\/#organization"},"potentialAction":[{"@type":"SearchAction","target":{"@type":"EntryPoint","urlTemplate":"https:\/\/www.todoriego.com.ar\/site\/?s={search_term_string}"},"query-input":{"@type":"PropertyValueSpecification","valueRequired":true,"valueName":"search_term_string"}}],"inLanguage":"es-AR"},{"@type":"Organization","@id":"https:\/\/www.todoriego.com.ar\/site\/#organization","name":"Todoriego Insumos s.r.l.","url":"https:\/\/www.todoriego.com.ar\/site\/","logo":{"@type":"ImageObject","inLanguage":"es-AR","@id":"https:\/\/www.todoriego.com.ar\/site\/#\/schema\/logo\/image\/","url":"http:\/\/www.todoriego.com.ar\/site\/wp-content\/uploads\/2022\/07\/todoriego_marca.jpg","contentUrl":"http:\/\/www.todoriego.com.ar\/site\/wp-content\/uploads\/2022\/07\/todoriego_marca.jpg","width":731,"height":731,"caption":"Todoriego Insumos s.r.l."},"image":{"@id":"https:\/\/www.todoriego.com.ar\/site\/#\/schema\/logo\/image\/"},"sameAs":["https:\/\/www.facebook.com\/todoriegoinsumos\/","https:\/\/www.instagram.com\/todoriegoinsumos\/"]}]}},"_links":{"self":[{"href":"https:\/\/www.todoriego.com.ar\/site\/wp-json\/wp\/v2\/product\/8845","targetHints":{"allow":["GET"]}}],"collection":[{"href":"https:\/\/www.todoriego.com.ar\/site\/wp-json\/wp\/v2\/product"}],"about":[{"href":"https:\/\/www.todoriego.com.ar\/site\/wp-json\/wp\/v2\/types\/product"}],"wp:featuredmedia":[{"embeddable":true,"href":"https:\/\/www.todoriego.com.ar\/site\/wp-json\/wp\/v2\/media\/8846"}],"wp:attachment":[{"href":"https:\/\/www.todoriego.com.ar\/site\/wp-json\/wp\/v2\/media?parent=8845"}],"wp:term":[{"taxonomy":"product_brand","embeddable":true,"href":"https:\/\/www.todoriego.com.ar\/site\/wp-json\/wp\/v2\/product_brand?post=8845"},{"taxonomy":"product_cat","embeddable":true,"href":"https:\/\/www.todoriego.com.ar\/site\/wp-json\/wp\/v2\/product_cat?post=8845"},{"taxonomy":"product_tag","embeddable":true,"href":"https:\/\/www.todoriego.com.ar\/site\/wp-json\/wp\/v2\/product_tag?post=8845"}],"curies":[{"name":"wp","href":"https:\/\/api.w.org\/{rel}","templated":true}]}}