{"id":8849,"date":"2022-08-19T15:20:48","date_gmt":"2022-08-19T18:20:48","guid":{"rendered":"http:\/\/www.todoriego.com.ar\/site\/?post_type=product&#038;p=8849"},"modified":"2026-02-02T14:59:38","modified_gmt":"2026-02-02T17:59:38","slug":"filtro-er3v","status":"publish","type":"product","link":"https:\/\/www.todoriego.com.ar\/site\/producto\/filtro-er3v\/","title":{"rendered":"Filtro de Grava Serie ER3V"},"content":{"rendered":"<p><strong>USO IDEAL PARA:<\/strong><\/p>\n<p>Los filtros de metal Irritec son fabricados con m\u00e1quinas y materiales de vanguardia, soldaduras, cortes y agujeros de alta precisi\u00f3n y fiabilidad. La protecci\u00f3n a trav\u00e9s de polvos epox\u00eddicos hace adem\u00e1s el filtro duradero en el tiempo.<br \/>\nResistente a los agentes atmosf\u00e9ricos adversos y al consiguiente e inevitable desgaste.<br \/>\nLos materiales de filtrado en el interior tambi\u00e9n son fabricados y calibrados seg\u00fan escrupulosos procedimientos de elaboraci\u00f3n estampada.<br \/>\nAptos para todo tipo de agua y perfectamente automatizables, los filtros de metal Irritec aseguran el filtrado profesional en instalaciones de riego de calidad.<\/p>\n<p>El filtro de arena de cuarcita es particularmente indicado para el filtrado de aguas con alta cantidad de sustancias org\u00e1nicas: \u00a0algas, lodo y part\u00edculas limosas de matriz org\u00e1nica. Es aconsejable el empleo en aguas procedentes de r\u00edos, lagos o presas artificiales. Las especiales toberas difusoras, distribuidas sabiamente, alojadas en el interior de una l\u00e1mina horizontal, impiden que la cuarcita se compacte disminuyendo adem\u00e1s las p\u00e9rdidas de carga de todo el sistema. El Filtro de arena de cuarcita puede ser instalado separadamente, en la versi\u00f3n individual EGV y EGH o doble c\u00e1mara ERV y ER3V, o bien en bater\u00eda de dos o m\u00e1s filtros. En ambos casos el contralavado puede ser manual o autom\u00e1tico.<\/p>\n","protected":false},"excerpt":{"rendered":"<p><img loading=\"lazy\" decoding=\"async\" class=\"alignnone size-full wp-image-8737\" src=\"https:\/\/www.todoriego.com.ar\/site\/wp-content\/uploads\/2022\/07\/irritec.png\" alt=\"irritec\" width=\"103\" height=\"50\" \/><br \/>\nEl filtro de doble c\u00e1mara de arena ER3V es particularmente apto para el filtrado de aguas con alta cantidad de sustancias org\u00e1nicas: algas, cieno y part\u00edculas limosas de matriz org\u00e1nica. Se aconseja su uso para aguas provenientes de r\u00edos, lagos o embalses artificiales. Los brazos colectores de crepina alojados en el interior, en una placa horizontal, impiden que la arena se compacte disminuyendo as\u00ed las p\u00e9rdidas de carga de todo el sistema.<\/p>\n","protected":false},"featured_media":8850,"template":"","meta":{"_acf_changed":false},"product_brand":[],"product_cat":[61],"product_tag":[],"class_list":{"0":"post-8849","1":"product","2":"type-product","3":"status-publish","4":"has-post-thumbnail","6":"product_cat-linea-irritec","8":"first","9":"instock","10":"shipping-taxable","11":"product-type-simple"},"acf":[],"yoast_head":"<!-- This site is optimized with the Yoast SEO plugin v27.4 - https:\/\/yoast.com\/product\/yoast-seo-wordpress\/ -->\n<title>Filtro de Grava Serie ER3V - Todoriego Insumos SRL<\/title>\n<meta name=\"description\" content=\"El filtro de doble c\u00e1mara de arena ER3V es particularmente apto para el filtrado de aguas con alta cantidad de sustancias org\u00e1nicas: algas, cieno y part\u00edculas limosas de matriz org\u00e1nica. Se aconseja su uso para aguas provenientes de r\u00edos, lagos o embalses artificiales.\" \/>\n<meta name=\"robots\" content=\"index, follow, max-snippet:-1, max-image-preview:large, max-video-preview:-1\" \/>\n<link rel=\"canonical\" href=\"https:\/\/www.todoriego.com.ar\/site\/producto\/filtro-er3v\/\" \/>\n<meta property=\"og:locale\" content=\"es_ES\" \/>\n<meta property=\"og:type\" content=\"article\" \/>\n<meta property=\"og:title\" content=\"Filtro de Grava Serie ER3V - Todoriego Insumos SRL\" \/>\n<meta property=\"og:description\" content=\"El filtro de doble c\u00e1mara de arena ER3V es particularmente apto para el filtrado de aguas con alta cantidad de sustancias org\u00e1nicas: algas, cieno y part\u00edculas limosas de matriz org\u00e1nica. Se aconseja su uso para aguas provenientes de r\u00edos, lagos o embalses artificiales.\" \/>\n<meta property=\"og:url\" content=\"https:\/\/www.todoriego.com.ar\/site\/producto\/filtro-er3v\/\" \/>\n<meta property=\"og:site_name\" content=\"Todoriego Insumos SRL\" \/>\n<meta property=\"article:publisher\" content=\"https:\/\/www.facebook.com\/todoriegoinsumos\/\" \/>\n<meta property=\"article:modified_time\" content=\"2026-02-02T17:59:38+00:00\" \/>\n<meta property=\"og:image\" content=\"https:\/\/www.todoriego.com.ar\/site\/wp-content\/uploads\/2022\/08\/productos-agricultura_filtracion_ER3V.jpg\" \/>\n\t<meta property=\"og:image:width\" content=\"600\" \/>\n\t<meta property=\"og:image:height\" content=\"600\" \/>\n\t<meta property=\"og:image:type\" content=\"image\/jpeg\" \/>\n<meta name=\"twitter:card\" content=\"summary_large_image\" \/>\n<meta name=\"twitter:label1\" content=\"Tiempo de lectura\" \/>\n\t<meta name=\"twitter:data1\" content=\"2 minutos\" \/>\n<script type=\"application\/ld+json\" class=\"yoast-schema-graph\">{\"@context\":\"https:\\\/\\\/schema.org\",\"@graph\":[{\"@type\":\"WebPage\",\"@id\":\"https:\\\/\\\/www.todoriego.com.ar\\\/site\\\/producto\\\/filtro-er3v\\\/\",\"url\":\"https:\\\/\\\/www.todoriego.com.ar\\\/site\\\/producto\\\/filtro-er3v\\\/\",\"name\":\"Filtro de Grava Serie ER3V - Todoriego Insumos SRL\",\"isPartOf\":{\"@id\":\"https:\\\/\\\/www.todoriego.com.ar\\\/site\\\/#website\"},\"primaryImageOfPage\":{\"@id\":\"https:\\\/\\\/www.todoriego.com.ar\\\/site\\\/producto\\\/filtro-er3v\\\/#primaryimage\"},\"image\":{\"@id\":\"https:\\\/\\\/www.todoriego.com.ar\\\/site\\\/producto\\\/filtro-er3v\\\/#primaryimage\"},\"thumbnailUrl\":\"https:\\\/\\\/www.todoriego.com.ar\\\/site\\\/wp-content\\\/uploads\\\/2022\\\/08\\\/productos-agricultura_filtracion_ER3V.jpg\",\"datePublished\":\"2022-08-19T18:20:48+00:00\",\"dateModified\":\"2026-02-02T17:59:38+00:00\",\"description\":\"El filtro de doble c\u00e1mara de arena ER3V es particularmente apto para el filtrado de aguas con alta cantidad de sustancias org\u00e1nicas: algas, cieno y part\u00edculas limosas de matriz org\u00e1nica. Se aconseja su uso para aguas provenientes de r\u00edos, lagos o embalses artificiales.\",\"breadcrumb\":{\"@id\":\"https:\\\/\\\/www.todoriego.com.ar\\\/site\\\/producto\\\/filtro-er3v\\\/#breadcrumb\"},\"inLanguage\":\"es-AR\",\"potentialAction\":[{\"@type\":\"ReadAction\",\"target\":[\"https:\\\/\\\/www.todoriego.com.ar\\\/site\\\/producto\\\/filtro-er3v\\\/\"]}]},{\"@type\":\"ImageObject\",\"inLanguage\":\"es-AR\",\"@id\":\"https:\\\/\\\/www.todoriego.com.ar\\\/site\\\/producto\\\/filtro-er3v\\\/#primaryimage\",\"url\":\"https:\\\/\\\/www.todoriego.com.ar\\\/site\\\/wp-content\\\/uploads\\\/2022\\\/08\\\/productos-agricultura_filtracion_ER3V.jpg\",\"contentUrl\":\"https:\\\/\\\/www.todoriego.com.ar\\\/site\\\/wp-content\\\/uploads\\\/2022\\\/08\\\/productos-agricultura_filtracion_ER3V.jpg\",\"width\":600,\"height\":600,\"caption\":\"FILTRO ER3V\"},{\"@type\":\"BreadcrumbList\",\"@id\":\"https:\\\/\\\/www.todoriego.com.ar\\\/site\\\/producto\\\/filtro-er3v\\\/#breadcrumb\",\"itemListElement\":[{\"@type\":\"ListItem\",\"position\":1,\"name\":\"Inicio\",\"item\":\"https:\\\/\\\/www.todoriego.com.ar\\\/site\\\/\"},{\"@type\":\"ListItem\",\"position\":2,\"name\":\"Tienda\",\"item\":\"https:\\\/\\\/www.todoriego.com.ar\\\/site\\\/tienda\\\/\"},{\"@type\":\"ListItem\",\"position\":3,\"name\":\"Filtro de Grava Serie ER3V\"}]},{\"@type\":\"WebSite\",\"@id\":\"https:\\\/\\\/www.todoriego.com.ar\\\/site\\\/#website\",\"url\":\"https:\\\/\\\/www.todoriego.com.ar\\\/site\\\/\",\"name\":\"Todoriego Insumos SRL\",\"description\":\"Sabemos hacer riego\",\"publisher\":{\"@id\":\"https:\\\/\\\/www.todoriego.com.ar\\\/site\\\/#organization\"},\"potentialAction\":[{\"@type\":\"SearchAction\",\"target\":{\"@type\":\"EntryPoint\",\"urlTemplate\":\"https:\\\/\\\/www.todoriego.com.ar\\\/site\\\/?s={search_term_string}\"},\"query-input\":{\"@type\":\"PropertyValueSpecification\",\"valueRequired\":true,\"valueName\":\"search_term_string\"}}],\"inLanguage\":\"es-AR\"},{\"@type\":\"Organization\",\"@id\":\"https:\\\/\\\/www.todoriego.com.ar\\\/site\\\/#organization\",\"name\":\"Todoriego Insumos s.r.l.\",\"url\":\"https:\\\/\\\/www.todoriego.com.ar\\\/site\\\/\",\"logo\":{\"@type\":\"ImageObject\",\"inLanguage\":\"es-AR\",\"@id\":\"https:\\\/\\\/www.todoriego.com.ar\\\/site\\\/#\\\/schema\\\/logo\\\/image\\\/\",\"url\":\"http:\\\/\\\/www.todoriego.com.ar\\\/site\\\/wp-content\\\/uploads\\\/2022\\\/07\\\/todoriego_marca.jpg\",\"contentUrl\":\"http:\\\/\\\/www.todoriego.com.ar\\\/site\\\/wp-content\\\/uploads\\\/2022\\\/07\\\/todoriego_marca.jpg\",\"width\":731,\"height\":731,\"caption\":\"Todoriego Insumos s.r.l.\"},\"image\":{\"@id\":\"https:\\\/\\\/www.todoriego.com.ar\\\/site\\\/#\\\/schema\\\/logo\\\/image\\\/\"},\"sameAs\":[\"https:\\\/\\\/www.facebook.com\\\/todoriegoinsumos\\\/\",\"https:\\\/\\\/www.instagram.com\\\/todoriegoinsumos\\\/\"]}]}<\/script>\n<!-- \/ Yoast SEO plugin. -->","yoast_head_json":{"title":"Filtro de Grava Serie ER3V - Todoriego Insumos SRL","description":"El filtro de doble c\u00e1mara de arena ER3V es particularmente apto para el filtrado de aguas con alta cantidad de sustancias org\u00e1nicas: algas, cieno y part\u00edculas limosas de matriz org\u00e1nica. Se aconseja su uso para aguas provenientes de r\u00edos, lagos o embalses artificiales.","robots":{"index":"index","follow":"follow","max-snippet":"max-snippet:-1","max-image-preview":"max-image-preview:large","max-video-preview":"max-video-preview:-1"},"canonical":"https:\/\/www.todoriego.com.ar\/site\/producto\/filtro-er3v\/","og_locale":"es_ES","og_type":"article","og_title":"Filtro de Grava Serie ER3V - Todoriego Insumos SRL","og_description":"El filtro de doble c\u00e1mara de arena ER3V es particularmente apto para el filtrado de aguas con alta cantidad de sustancias org\u00e1nicas: algas, cieno y part\u00edculas limosas de matriz org\u00e1nica. Se aconseja su uso para aguas provenientes de r\u00edos, lagos o embalses artificiales.","og_url":"https:\/\/www.todoriego.com.ar\/site\/producto\/filtro-er3v\/","og_site_name":"Todoriego Insumos SRL","article_publisher":"https:\/\/www.facebook.com\/todoriegoinsumos\/","article_modified_time":"2026-02-02T17:59:38+00:00","og_image":[{"width":600,"height":600,"url":"https:\/\/www.todoriego.com.ar\/site\/wp-content\/uploads\/2022\/08\/productos-agricultura_filtracion_ER3V.jpg","type":"image\/jpeg"}],"twitter_card":"summary_large_image","twitter_misc":{"Tiempo de lectura":"2 minutos"},"schema":{"@context":"https:\/\/schema.org","@graph":[{"@type":"WebPage","@id":"https:\/\/www.todoriego.com.ar\/site\/producto\/filtro-er3v\/","url":"https:\/\/www.todoriego.com.ar\/site\/producto\/filtro-er3v\/","name":"Filtro de Grava Serie ER3V - Todoriego Insumos SRL","isPartOf":{"@id":"https:\/\/www.todoriego.com.ar\/site\/#website"},"primaryImageOfPage":{"@id":"https:\/\/www.todoriego.com.ar\/site\/producto\/filtro-er3v\/#primaryimage"},"image":{"@id":"https:\/\/www.todoriego.com.ar\/site\/producto\/filtro-er3v\/#primaryimage"},"thumbnailUrl":"https:\/\/www.todoriego.com.ar\/site\/wp-content\/uploads\/2022\/08\/productos-agricultura_filtracion_ER3V.jpg","datePublished":"2022-08-19T18:20:48+00:00","dateModified":"2026-02-02T17:59:38+00:00","description":"El filtro de doble c\u00e1mara de arena ER3V es particularmente apto para el filtrado de aguas con alta cantidad de sustancias org\u00e1nicas: algas, cieno y part\u00edculas limosas de matriz org\u00e1nica. Se aconseja su uso para aguas provenientes de r\u00edos, lagos o embalses artificiales.","breadcrumb":{"@id":"https:\/\/www.todoriego.com.ar\/site\/producto\/filtro-er3v\/#breadcrumb"},"inLanguage":"es-AR","potentialAction":[{"@type":"ReadAction","target":["https:\/\/www.todoriego.com.ar\/site\/producto\/filtro-er3v\/"]}]},{"@type":"ImageObject","inLanguage":"es-AR","@id":"https:\/\/www.todoriego.com.ar\/site\/producto\/filtro-er3v\/#primaryimage","url":"https:\/\/www.todoriego.com.ar\/site\/wp-content\/uploads\/2022\/08\/productos-agricultura_filtracion_ER3V.jpg","contentUrl":"https:\/\/www.todoriego.com.ar\/site\/wp-content\/uploads\/2022\/08\/productos-agricultura_filtracion_ER3V.jpg","width":600,"height":600,"caption":"FILTRO ER3V"},{"@type":"BreadcrumbList","@id":"https:\/\/www.todoriego.com.ar\/site\/producto\/filtro-er3v\/#breadcrumb","itemListElement":[{"@type":"ListItem","position":1,"name":"Inicio","item":"https:\/\/www.todoriego.com.ar\/site\/"},{"@type":"ListItem","position":2,"name":"Tienda","item":"https:\/\/www.todoriego.com.ar\/site\/tienda\/"},{"@type":"ListItem","position":3,"name":"Filtro de Grava Serie ER3V"}]},{"@type":"WebSite","@id":"https:\/\/www.todoriego.com.ar\/site\/#website","url":"https:\/\/www.todoriego.com.ar\/site\/","name":"Todoriego Insumos SRL","description":"Sabemos hacer riego","publisher":{"@id":"https:\/\/www.todoriego.com.ar\/site\/#organization"},"potentialAction":[{"@type":"SearchAction","target":{"@type":"EntryPoint","urlTemplate":"https:\/\/www.todoriego.com.ar\/site\/?s={search_term_string}"},"query-input":{"@type":"PropertyValueSpecification","valueRequired":true,"valueName":"search_term_string"}}],"inLanguage":"es-AR"},{"@type":"Organization","@id":"https:\/\/www.todoriego.com.ar\/site\/#organization","name":"Todoriego Insumos s.r.l.","url":"https:\/\/www.todoriego.com.ar\/site\/","logo":{"@type":"ImageObject","inLanguage":"es-AR","@id":"https:\/\/www.todoriego.com.ar\/site\/#\/schema\/logo\/image\/","url":"http:\/\/www.todoriego.com.ar\/site\/wp-content\/uploads\/2022\/07\/todoriego_marca.jpg","contentUrl":"http:\/\/www.todoriego.com.ar\/site\/wp-content\/uploads\/2022\/07\/todoriego_marca.jpg","width":731,"height":731,"caption":"Todoriego Insumos s.r.l."},"image":{"@id":"https:\/\/www.todoriego.com.ar\/site\/#\/schema\/logo\/image\/"},"sameAs":["https:\/\/www.facebook.com\/todoriegoinsumos\/","https:\/\/www.instagram.com\/todoriegoinsumos\/"]}]}},"_links":{"self":[{"href":"https:\/\/www.todoriego.com.ar\/site\/wp-json\/wp\/v2\/product\/8849","targetHints":{"allow":["GET"]}}],"collection":[{"href":"https:\/\/www.todoriego.com.ar\/site\/wp-json\/wp\/v2\/product"}],"about":[{"href":"https:\/\/www.todoriego.com.ar\/site\/wp-json\/wp\/v2\/types\/product"}],"wp:featuredmedia":[{"embeddable":true,"href":"https:\/\/www.todoriego.com.ar\/site\/wp-json\/wp\/v2\/media\/8850"}],"wp:attachment":[{"href":"https:\/\/www.todoriego.com.ar\/site\/wp-json\/wp\/v2\/media?parent=8849"}],"wp:term":[{"taxonomy":"product_brand","embeddable":true,"href":"https:\/\/www.todoriego.com.ar\/site\/wp-json\/wp\/v2\/product_brand?post=8849"},{"taxonomy":"product_cat","embeddable":true,"href":"https:\/\/www.todoriego.com.ar\/site\/wp-json\/wp\/v2\/product_cat?post=8849"},{"taxonomy":"product_tag","embeddable":true,"href":"https:\/\/www.todoriego.com.ar\/site\/wp-json\/wp\/v2\/product_tag?post=8849"}],"curies":[{"name":"wp","href":"https:\/\/api.w.org\/{rel}","templated":true}]}}