{"id":8918,"date":"2022-08-19T17:15:50","date_gmt":"2022-08-19T20:15:50","guid":{"rendered":"http:\/\/www.todoriego.com.ar\/site\/?post_type=product&#038;p=8918"},"modified":"2023-05-03T17:06:37","modified_gmt":"2023-05-03T20:06:37","slug":"sistema-filtrado-automatico-anillas-adir-tvd","status":"publish","type":"product","link":"https:\/\/www.todoriego.com.ar\/site\/producto\/sistema-filtrado-automatico-anillas-adir-tvd\/","title":{"rendered":"Sistema de filtrado autom\u00e1tico de anillas ADIR\/TVD"},"content":{"rendered":"<p>La <strong>l\u00ednea TAVLIT<\/strong> de filtros de disco autom\u00e1ticos modelo TVD combina una filtraci\u00f3n profunda de alta calidad con un lavado eficiente del elemento de disco.<\/p>\n<p>\u2022 Este exclusivo filtro de disco autom\u00e1tico (patentado) permite el lavado a una presi\u00f3n muy baja de 1,5 bar en comparaci\u00f3n con los 3 bares que normalmente requieren estos sistemas. La innovadora tecnolog\u00eda del filtro utiliza dispositivos <strong>venturi<\/strong> insertados en las entradas de la columna que introducen aire durante el proceso de lavado para mejorarlo. La mezcla de aire y agua permite un lavado m\u00e1s eficaz, utiliza cantidades m\u00e1s peque\u00f1as de agua para el lavado y acorta el tiempo de lavado.<br \/>\n\u2022 Tambi\u00e9n permite un lavado adecuado a baja presi\u00f3n.<br \/>\n\u2022 El uso de aire tambi\u00e9n amortigua los discos, lo que reduce la fricci\u00f3n y prolonga la vida \u00fatil del elemento del disco. Los dispositivos venturi insertan aire de la atm\u00f3sfera y no se requiere alimentaci\u00f3n externa ni aire comprimido.<br \/>\n\u2022 Los dispositivos <strong>venturi<\/strong> est\u00e1n abiertos solo durante el lavado y no funcionan durante la filtraci\u00f3n. El elemento filtrante est\u00e1 compuesto por discos ranurados de alta precisi\u00f3n fabricados con materiales pl\u00e1sticos de excelente calidad. Los discos ranurados se comprimen entre s\u00ed para formar el elemento de filtraci\u00f3n. Las intersecciones entre las ranuras y la superficie exterior del elemento ofrecen una gran superficie de filtraci\u00f3n efectiva con un \u00e1rea profunda utilizada para detener los desechos, lo que es especialmente efectivo en la filtraci\u00f3n de materia org\u00e1nica.<\/p>\n","protected":false},"excerpt":{"rendered":"<p><img loading=\"lazy\" decoding=\"async\" class=\"alignnone size-full wp-image-8921\" src=\"https:\/\/www.todoriego.com.ar\/site\/wp-content\/uploads\/2022\/08\/tavlit.png\" alt=\"\" width=\"103\" height=\"50\" \/><\/p>\n<p>La <strong>l\u00ednea TAVLIT<\/strong> de filtros de disco autom\u00e1ticos modelo TVD combina una filtraci\u00f3n profunda de alta calidad con un lavado eficiente del elemento de disco.<\/p>\n","protected":false},"featured_media":8925,"template":"","meta":{"_acf_changed":false},"product_brand":[],"product_cat":[145],"product_tag":[],"class_list":{"0":"post-8918","1":"product","2":"type-product","3":"status-publish","4":"has-post-thumbnail","6":"product_cat-linea-tavlit","8":"first","9":"instock","10":"shipping-taxable","11":"product-type-simple"},"acf":[],"yoast_head":"<!-- This site is optimized with the Yoast SEO plugin v27.6 - https:\/\/yoast.com\/product\/yoast-seo-wordpress\/ -->\n<title>Sistema de filtrado autom\u00e1tico de anillas ADIR\/TVD - Todoriego Insumos SRL<\/title>\n<meta name=\"description\" content=\"La l\u00ednea TAVLIT de filtros de disco autom\u00e1ticos modelo TVD combina una filtraci\u00f3n profunda de alta calidad con un lavado eficiente del elemento de disco.\" \/>\n<meta name=\"robots\" content=\"index, follow, max-snippet:-1, max-image-preview:large, max-video-preview:-1\" \/>\n<link rel=\"canonical\" href=\"https:\/\/www.todoriego.com.ar\/site\/producto\/sistema-filtrado-automatico-anillas-adir-tvd\/\" \/>\n<meta property=\"og:locale\" content=\"es_ES\" \/>\n<meta property=\"og:type\" content=\"article\" \/>\n<meta property=\"og:title\" content=\"Sistema de filtrado autom\u00e1tico de anillas ADIR\/TVD - Todoriego Insumos SRL\" \/>\n<meta property=\"og:description\" content=\"La l\u00ednea TAVLIT de filtros de disco autom\u00e1ticos modelo TVD combina una filtraci\u00f3n profunda de alta calidad con un lavado eficiente del elemento de disco.\" \/>\n<meta property=\"og:url\" content=\"https:\/\/www.todoriego.com.ar\/site\/producto\/sistema-filtrado-automatico-anillas-adir-tvd\/\" \/>\n<meta property=\"og:site_name\" content=\"Todoriego Insumos SRL\" \/>\n<meta property=\"article:publisher\" content=\"https:\/\/www.facebook.com\/todoriegoinsumos\/\" \/>\n<meta property=\"article:modified_time\" content=\"2023-05-03T20:06:37+00:00\" \/>\n<meta property=\"og:image\" content=\"https:\/\/www.todoriego.com.ar\/site\/wp-content\/uploads\/2022\/08\/productos-agricultura_filtracion_tavlit.jpg\" \/>\n\t<meta property=\"og:image:width\" content=\"600\" \/>\n\t<meta property=\"og:image:height\" content=\"600\" \/>\n\t<meta property=\"og:image:type\" content=\"image\/jpeg\" \/>\n<meta name=\"twitter:card\" content=\"summary_large_image\" \/>\n<meta name=\"twitter:label1\" content=\"Tiempo de lectura\" \/>\n\t<meta name=\"twitter:data1\" content=\"2 minutos\" \/>\n<script type=\"application\/ld+json\" class=\"yoast-schema-graph\">{\"@context\":\"https:\\\/\\\/schema.org\",\"@graph\":[{\"@type\":\"WebPage\",\"@id\":\"https:\\\/\\\/www.todoriego.com.ar\\\/site\\\/producto\\\/sistema-filtrado-automatico-anillas-adir-tvd\\\/\",\"url\":\"https:\\\/\\\/www.todoriego.com.ar\\\/site\\\/producto\\\/sistema-filtrado-automatico-anillas-adir-tvd\\\/\",\"name\":\"Sistema de filtrado autom\u00e1tico de anillas ADIR\\\/TVD - Todoriego Insumos SRL\",\"isPartOf\":{\"@id\":\"https:\\\/\\\/www.todoriego.com.ar\\\/site\\\/#website\"},\"primaryImageOfPage\":{\"@id\":\"https:\\\/\\\/www.todoriego.com.ar\\\/site\\\/producto\\\/sistema-filtrado-automatico-anillas-adir-tvd\\\/#primaryimage\"},\"image\":{\"@id\":\"https:\\\/\\\/www.todoriego.com.ar\\\/site\\\/producto\\\/sistema-filtrado-automatico-anillas-adir-tvd\\\/#primaryimage\"},\"thumbnailUrl\":\"https:\\\/\\\/www.todoriego.com.ar\\\/site\\\/wp-content\\\/uploads\\\/2022\\\/08\\\/productos-agricultura_filtracion_tavlit.jpg\",\"datePublished\":\"2022-08-19T20:15:50+00:00\",\"dateModified\":\"2023-05-03T20:06:37+00:00\",\"description\":\"La l\u00ednea TAVLIT de filtros de disco autom\u00e1ticos modelo TVD combina una filtraci\u00f3n profunda de alta calidad con un lavado eficiente del elemento de disco.\",\"breadcrumb\":{\"@id\":\"https:\\\/\\\/www.todoriego.com.ar\\\/site\\\/producto\\\/sistema-filtrado-automatico-anillas-adir-tvd\\\/#breadcrumb\"},\"inLanguage\":\"es-AR\",\"potentialAction\":[{\"@type\":\"ReadAction\",\"target\":[\"https:\\\/\\\/www.todoriego.com.ar\\\/site\\\/producto\\\/sistema-filtrado-automatico-anillas-adir-tvd\\\/\"]}]},{\"@type\":\"ImageObject\",\"inLanguage\":\"es-AR\",\"@id\":\"https:\\\/\\\/www.todoriego.com.ar\\\/site\\\/producto\\\/sistema-filtrado-automatico-anillas-adir-tvd\\\/#primaryimage\",\"url\":\"https:\\\/\\\/www.todoriego.com.ar\\\/site\\\/wp-content\\\/uploads\\\/2022\\\/08\\\/productos-agricultura_filtracion_tavlit.jpg\",\"contentUrl\":\"https:\\\/\\\/www.todoriego.com.ar\\\/site\\\/wp-content\\\/uploads\\\/2022\\\/08\\\/productos-agricultura_filtracion_tavlit.jpg\",\"width\":600,\"height\":600,\"caption\":\"tavlit\"},{\"@type\":\"BreadcrumbList\",\"@id\":\"https:\\\/\\\/www.todoriego.com.ar\\\/site\\\/producto\\\/sistema-filtrado-automatico-anillas-adir-tvd\\\/#breadcrumb\",\"itemListElement\":[{\"@type\":\"ListItem\",\"position\":1,\"name\":\"Inicio\",\"item\":\"https:\\\/\\\/www.todoriego.com.ar\\\/site\\\/\"},{\"@type\":\"ListItem\",\"position\":2,\"name\":\"Tienda\",\"item\":\"https:\\\/\\\/www.todoriego.com.ar\\\/site\\\/tienda\\\/\"},{\"@type\":\"ListItem\",\"position\":3,\"name\":\"Sistema de filtrado autom\u00e1tico de anillas ADIR\\\/TVD\"}]},{\"@type\":\"WebSite\",\"@id\":\"https:\\\/\\\/www.todoriego.com.ar\\\/site\\\/#website\",\"url\":\"https:\\\/\\\/www.todoriego.com.ar\\\/site\\\/\",\"name\":\"Todoriego Insumos SRL\",\"description\":\"Sabemos hacer riego\",\"publisher\":{\"@id\":\"https:\\\/\\\/www.todoriego.com.ar\\\/site\\\/#organization\"},\"potentialAction\":[{\"@type\":\"SearchAction\",\"target\":{\"@type\":\"EntryPoint\",\"urlTemplate\":\"https:\\\/\\\/www.todoriego.com.ar\\\/site\\\/?s={search_term_string}\"},\"query-input\":{\"@type\":\"PropertyValueSpecification\",\"valueRequired\":true,\"valueName\":\"search_term_string\"}}],\"inLanguage\":\"es-AR\"},{\"@type\":\"Organization\",\"@id\":\"https:\\\/\\\/www.todoriego.com.ar\\\/site\\\/#organization\",\"name\":\"Todoriego Insumos s.r.l.\",\"url\":\"https:\\\/\\\/www.todoriego.com.ar\\\/site\\\/\",\"logo\":{\"@type\":\"ImageObject\",\"inLanguage\":\"es-AR\",\"@id\":\"https:\\\/\\\/www.todoriego.com.ar\\\/site\\\/#\\\/schema\\\/logo\\\/image\\\/\",\"url\":\"http:\\\/\\\/www.todoriego.com.ar\\\/site\\\/wp-content\\\/uploads\\\/2022\\\/07\\\/todoriego_marca.jpg\",\"contentUrl\":\"http:\\\/\\\/www.todoriego.com.ar\\\/site\\\/wp-content\\\/uploads\\\/2022\\\/07\\\/todoriego_marca.jpg\",\"width\":731,\"height\":731,\"caption\":\"Todoriego Insumos s.r.l.\"},\"image\":{\"@id\":\"https:\\\/\\\/www.todoriego.com.ar\\\/site\\\/#\\\/schema\\\/logo\\\/image\\\/\"},\"sameAs\":[\"https:\\\/\\\/www.facebook.com\\\/todoriegoinsumos\\\/\",\"https:\\\/\\\/www.instagram.com\\\/todoriegoinsumos\\\/\"]}]}<\/script>\n<!-- \/ Yoast SEO plugin. -->","yoast_head_json":{"title":"Sistema de filtrado autom\u00e1tico de anillas ADIR\/TVD - Todoriego Insumos SRL","description":"La l\u00ednea TAVLIT de filtros de disco autom\u00e1ticos modelo TVD combina una filtraci\u00f3n profunda de alta calidad con un lavado eficiente del elemento de disco.","robots":{"index":"index","follow":"follow","max-snippet":"max-snippet:-1","max-image-preview":"max-image-preview:large","max-video-preview":"max-video-preview:-1"},"canonical":"https:\/\/www.todoriego.com.ar\/site\/producto\/sistema-filtrado-automatico-anillas-adir-tvd\/","og_locale":"es_ES","og_type":"article","og_title":"Sistema de filtrado autom\u00e1tico de anillas ADIR\/TVD - Todoriego Insumos SRL","og_description":"La l\u00ednea TAVLIT de filtros de disco autom\u00e1ticos modelo TVD combina una filtraci\u00f3n profunda de alta calidad con un lavado eficiente del elemento de disco.","og_url":"https:\/\/www.todoriego.com.ar\/site\/producto\/sistema-filtrado-automatico-anillas-adir-tvd\/","og_site_name":"Todoriego Insumos SRL","article_publisher":"https:\/\/www.facebook.com\/todoriegoinsumos\/","article_modified_time":"2023-05-03T20:06:37+00:00","og_image":[{"width":600,"height":600,"url":"https:\/\/www.todoriego.com.ar\/site\/wp-content\/uploads\/2022\/08\/productos-agricultura_filtracion_tavlit.jpg","type":"image\/jpeg"}],"twitter_card":"summary_large_image","twitter_misc":{"Tiempo de lectura":"2 minutos"},"schema":{"@context":"https:\/\/schema.org","@graph":[{"@type":"WebPage","@id":"https:\/\/www.todoriego.com.ar\/site\/producto\/sistema-filtrado-automatico-anillas-adir-tvd\/","url":"https:\/\/www.todoriego.com.ar\/site\/producto\/sistema-filtrado-automatico-anillas-adir-tvd\/","name":"Sistema de filtrado autom\u00e1tico de anillas ADIR\/TVD - Todoriego Insumos SRL","isPartOf":{"@id":"https:\/\/www.todoriego.com.ar\/site\/#website"},"primaryImageOfPage":{"@id":"https:\/\/www.todoriego.com.ar\/site\/producto\/sistema-filtrado-automatico-anillas-adir-tvd\/#primaryimage"},"image":{"@id":"https:\/\/www.todoriego.com.ar\/site\/producto\/sistema-filtrado-automatico-anillas-adir-tvd\/#primaryimage"},"thumbnailUrl":"https:\/\/www.todoriego.com.ar\/site\/wp-content\/uploads\/2022\/08\/productos-agricultura_filtracion_tavlit.jpg","datePublished":"2022-08-19T20:15:50+00:00","dateModified":"2023-05-03T20:06:37+00:00","description":"La l\u00ednea TAVLIT de filtros de disco autom\u00e1ticos modelo TVD combina una filtraci\u00f3n profunda de alta calidad con un lavado eficiente del elemento de disco.","breadcrumb":{"@id":"https:\/\/www.todoriego.com.ar\/site\/producto\/sistema-filtrado-automatico-anillas-adir-tvd\/#breadcrumb"},"inLanguage":"es-AR","potentialAction":[{"@type":"ReadAction","target":["https:\/\/www.todoriego.com.ar\/site\/producto\/sistema-filtrado-automatico-anillas-adir-tvd\/"]}]},{"@type":"ImageObject","inLanguage":"es-AR","@id":"https:\/\/www.todoriego.com.ar\/site\/producto\/sistema-filtrado-automatico-anillas-adir-tvd\/#primaryimage","url":"https:\/\/www.todoriego.com.ar\/site\/wp-content\/uploads\/2022\/08\/productos-agricultura_filtracion_tavlit.jpg","contentUrl":"https:\/\/www.todoriego.com.ar\/site\/wp-content\/uploads\/2022\/08\/productos-agricultura_filtracion_tavlit.jpg","width":600,"height":600,"caption":"tavlit"},{"@type":"BreadcrumbList","@id":"https:\/\/www.todoriego.com.ar\/site\/producto\/sistema-filtrado-automatico-anillas-adir-tvd\/#breadcrumb","itemListElement":[{"@type":"ListItem","position":1,"name":"Inicio","item":"https:\/\/www.todoriego.com.ar\/site\/"},{"@type":"ListItem","position":2,"name":"Tienda","item":"https:\/\/www.todoriego.com.ar\/site\/tienda\/"},{"@type":"ListItem","position":3,"name":"Sistema de filtrado autom\u00e1tico de anillas ADIR\/TVD"}]},{"@type":"WebSite","@id":"https:\/\/www.todoriego.com.ar\/site\/#website","url":"https:\/\/www.todoriego.com.ar\/site\/","name":"Todoriego Insumos SRL","description":"Sabemos hacer riego","publisher":{"@id":"https:\/\/www.todoriego.com.ar\/site\/#organization"},"potentialAction":[{"@type":"SearchAction","target":{"@type":"EntryPoint","urlTemplate":"https:\/\/www.todoriego.com.ar\/site\/?s={search_term_string}"},"query-input":{"@type":"PropertyValueSpecification","valueRequired":true,"valueName":"search_term_string"}}],"inLanguage":"es-AR"},{"@type":"Organization","@id":"https:\/\/www.todoriego.com.ar\/site\/#organization","name":"Todoriego Insumos s.r.l.","url":"https:\/\/www.todoriego.com.ar\/site\/","logo":{"@type":"ImageObject","inLanguage":"es-AR","@id":"https:\/\/www.todoriego.com.ar\/site\/#\/schema\/logo\/image\/","url":"http:\/\/www.todoriego.com.ar\/site\/wp-content\/uploads\/2022\/07\/todoriego_marca.jpg","contentUrl":"http:\/\/www.todoriego.com.ar\/site\/wp-content\/uploads\/2022\/07\/todoriego_marca.jpg","width":731,"height":731,"caption":"Todoriego Insumos s.r.l."},"image":{"@id":"https:\/\/www.todoriego.com.ar\/site\/#\/schema\/logo\/image\/"},"sameAs":["https:\/\/www.facebook.com\/todoriegoinsumos\/","https:\/\/www.instagram.com\/todoriegoinsumos\/"]}]}},"_links":{"self":[{"href":"https:\/\/www.todoriego.com.ar\/site\/wp-json\/wp\/v2\/product\/8918","targetHints":{"allow":["GET"]}}],"collection":[{"href":"https:\/\/www.todoriego.com.ar\/site\/wp-json\/wp\/v2\/product"}],"about":[{"href":"https:\/\/www.todoriego.com.ar\/site\/wp-json\/wp\/v2\/types\/product"}],"wp:featuredmedia":[{"embeddable":true,"href":"https:\/\/www.todoriego.com.ar\/site\/wp-json\/wp\/v2\/media\/8925"}],"wp:attachment":[{"href":"https:\/\/www.todoriego.com.ar\/site\/wp-json\/wp\/v2\/media?parent=8918"}],"wp:term":[{"taxonomy":"product_brand","embeddable":true,"href":"https:\/\/www.todoriego.com.ar\/site\/wp-json\/wp\/v2\/product_brand?post=8918"},{"taxonomy":"product_cat","embeddable":true,"href":"https:\/\/www.todoriego.com.ar\/site\/wp-json\/wp\/v2\/product_cat?post=8918"},{"taxonomy":"product_tag","embeddable":true,"href":"https:\/\/www.todoriego.com.ar\/site\/wp-json\/wp\/v2\/product_tag?post=8918"}],"curies":[{"name":"wp","href":"https:\/\/api.w.org\/{rel}","templated":true}]}}