{"id":8967,"date":"2022-08-23T15:48:44","date_gmt":"2022-08-23T18:48:44","guid":{"rendered":"http:\/\/www.todoriego.com.ar\/site\/?post_type=product&#038;p=8967"},"modified":"2022-08-23T15:56:39","modified_gmt":"2022-08-23T18:56:39","slug":"foggy-industry","status":"publish","type":"product","link":"https:\/\/www.todoriego.com.ar\/site\/producto\/foggy-industry\/","title":{"rendered":"Foggy Industry"},"content":{"rendered":"<p><strong>Caracter\u00edsticas<\/strong><\/p>\n<p>Sistema nebulizador profesional de f\u00e1cil instalaci\u00f3n para la climatizaci\u00f3n de exteriores de hasta 600 m2 . Una refrigeraci\u00f3n natural con muy poco nivel de ruido, que es capaz de hacer descender 12 \u00ba la temperatura ambiente.<br \/>\nDispone de bomba de alta presi\u00f3n (60 bar), con pistones cer\u00e1micos en ba\u00f1o de aceite, mayor durabilidad y m\u00e1s alto rendimiento al estar mejor refrigerada, lo que garantiza m\u00e1s horas de funcionamiento.<br \/>\nCon dise\u00f1o compacto, incluye todas las funciones y dispone de programaci\u00f3n digital adaptable las necesidades de instalaci\u00f3n. Infinidad de usos alternativos, relacionados con la climatizaci\u00f3n y el control de la humedad. Dispone de v\u00e1lvula de descompresi\u00f3n, que alivia la presi\u00f3n interior del circuito al apagarse el sistema, lo que evita que los difusores goteen.<br \/>\nCon 90 difusores de acero inoxidable mecanizado, con cierre cer\u00e1mico y filtro de de malla individual, lo que facilita su mantenimiento y limpieza, aumentando la durabilidad, y garantizan el tama\u00f1o de la gota durante mucho m\u00e1s tiempo. Es conveniente instalarlos con un m\u00ednimo de 75 cm entre ellos y a una altura m\u00e1xima de 2,20 m, para que la climatizaci\u00f3n sea del todo efectiva.<\/p>\n<p><strong>Caracter\u00edsticas T\u00e9cnicas:<br \/>\n<\/strong><br \/>\n\u2022 Motor el\u00e9ctrico<br \/>\n\u2022 Voltaje 230 V Frec. 50 Hz<br \/>\n\u2022 Potencia 1,8 kW<br \/>\n\u2022 Presi\u00f3n m\u00e1x. 60 bar<br \/>\n\u2022 Caudal m\u00e1x. 420 l\/h<br \/>\n\u2022 V\u00e1lvula de descompresi\u00f3n<br \/>\n\u2022 Bomba de lat\u00f3n<br \/>\n\u2022 600 m2 superficie climatizada<br \/>\n\u2022 90 difusores + 89 conectores+ tap\u00f3n final + herramientas para instalaci\u00f3n<br \/>\n\u2022 Programaci\u00f3n digital<\/p>\n","protected":false},"excerpt":{"rendered":"<p><img loading=\"lazy\" decoding=\"async\" class=\"alignnone size-full wp-image-8733\" src=\"https:\/\/www.todoriego.com.ar\/site\/wp-content\/uploads\/2022\/07\/garland.png\" alt=\"\" width=\"103\" height=\"50\" \/><br \/>\nSistema nebulizador de f\u00e1cil instalaci\u00f3n para la climatizaci\u00f3n de exteriores de hasta 75 m2. Una refrigeraci\u00f3n natural con muy poco nivel de ruido, que es capaz de hacer descender hasta 12\u00ba la temperatura ambiente.<\/p>\n","protected":false},"featured_media":8964,"template":"","meta":{"_acf_changed":false},"product_brand":[],"product_cat":[34,146],"product_tag":[],"class_list":{"0":"post-8967","1":"product","2":"type-product","3":"status-publish","4":"has-post-thumbnail","6":"product_cat-riego-por-microaspersion","7":"product_cat-sistemas-nebulizadores","9":"first","10":"instock","11":"shipping-taxable","12":"product-type-simple"},"acf":[],"yoast_head":"<!-- This site is optimized with the Yoast SEO plugin v27.4 - https:\/\/yoast.com\/product\/yoast-seo-wordpress\/ -->\n<title>Foggy Industry - Todoriego Insumos SRL<\/title>\n<meta name=\"description\" content=\"Sistema nebulizador profesional de f\u00e1cil instalaci\u00f3n para la climatizaci\u00f3n de exteriores de hasta 600 m2. Una refrigeraci\u00f3n natural con muy poco nivel de ruido.\" \/>\n<meta name=\"robots\" content=\"index, follow, max-snippet:-1, max-image-preview:large, max-video-preview:-1\" \/>\n<link rel=\"canonical\" href=\"https:\/\/www.todoriego.com.ar\/site\/producto\/foggy-industry\/\" \/>\n<meta property=\"og:locale\" content=\"es_ES\" \/>\n<meta property=\"og:type\" content=\"article\" \/>\n<meta property=\"og:title\" content=\"Foggy Industry - Todoriego Insumos SRL\" \/>\n<meta property=\"og:description\" content=\"Sistema nebulizador profesional de f\u00e1cil instalaci\u00f3n para la climatizaci\u00f3n de exteriores de hasta 600 m2. Una refrigeraci\u00f3n natural con muy poco nivel de ruido.\" \/>\n<meta property=\"og:url\" content=\"https:\/\/www.todoriego.com.ar\/site\/producto\/foggy-industry\/\" \/>\n<meta property=\"og:site_name\" content=\"Todoriego Insumos SRL\" \/>\n<meta property=\"article:publisher\" content=\"https:\/\/www.facebook.com\/todoriegoinsumos\/\" \/>\n<meta property=\"article:modified_time\" content=\"2022-08-23T18:56:39+00:00\" \/>\n<meta property=\"og:image\" content=\"https:\/\/www.todoriego.com.ar\/site\/wp-content\/uploads\/2022\/08\/sistema-nebulizador_Foggy-Industry.jpg\" \/>\n\t<meta property=\"og:image:width\" content=\"600\" \/>\n\t<meta property=\"og:image:height\" content=\"600\" \/>\n\t<meta property=\"og:image:type\" content=\"image\/jpeg\" \/>\n<meta name=\"twitter:card\" content=\"summary_large_image\" \/>\n<meta name=\"twitter:label1\" content=\"Tiempo de lectura\" \/>\n\t<meta name=\"twitter:data1\" content=\"2 minutos\" \/>\n<script type=\"application\/ld+json\" class=\"yoast-schema-graph\">{\"@context\":\"https:\\\/\\\/schema.org\",\"@graph\":[{\"@type\":\"WebPage\",\"@id\":\"https:\\\/\\\/www.todoriego.com.ar\\\/site\\\/producto\\\/foggy-industry\\\/\",\"url\":\"https:\\\/\\\/www.todoriego.com.ar\\\/site\\\/producto\\\/foggy-industry\\\/\",\"name\":\"Foggy Industry - Todoriego Insumos SRL\",\"isPartOf\":{\"@id\":\"https:\\\/\\\/www.todoriego.com.ar\\\/site\\\/#website\"},\"primaryImageOfPage\":{\"@id\":\"https:\\\/\\\/www.todoriego.com.ar\\\/site\\\/producto\\\/foggy-industry\\\/#primaryimage\"},\"image\":{\"@id\":\"https:\\\/\\\/www.todoriego.com.ar\\\/site\\\/producto\\\/foggy-industry\\\/#primaryimage\"},\"thumbnailUrl\":\"https:\\\/\\\/www.todoriego.com.ar\\\/site\\\/wp-content\\\/uploads\\\/2022\\\/08\\\/sistema-nebulizador_Foggy-Industry.jpg\",\"datePublished\":\"2022-08-23T18:48:44+00:00\",\"dateModified\":\"2022-08-23T18:56:39+00:00\",\"description\":\"Sistema nebulizador profesional de f\u00e1cil instalaci\u00f3n para la climatizaci\u00f3n de exteriores de hasta 600 m2. Una refrigeraci\u00f3n natural con muy poco nivel de ruido.\",\"breadcrumb\":{\"@id\":\"https:\\\/\\\/www.todoriego.com.ar\\\/site\\\/producto\\\/foggy-industry\\\/#breadcrumb\"},\"inLanguage\":\"es-AR\",\"potentialAction\":[{\"@type\":\"ReadAction\",\"target\":[\"https:\\\/\\\/www.todoriego.com.ar\\\/site\\\/producto\\\/foggy-industry\\\/\"]}]},{\"@type\":\"ImageObject\",\"inLanguage\":\"es-AR\",\"@id\":\"https:\\\/\\\/www.todoriego.com.ar\\\/site\\\/producto\\\/foggy-industry\\\/#primaryimage\",\"url\":\"https:\\\/\\\/www.todoriego.com.ar\\\/site\\\/wp-content\\\/uploads\\\/2022\\\/08\\\/sistema-nebulizador_Foggy-Industry.jpg\",\"contentUrl\":\"https:\\\/\\\/www.todoriego.com.ar\\\/site\\\/wp-content\\\/uploads\\\/2022\\\/08\\\/sistema-nebulizador_Foggy-Industry.jpg\",\"width\":600,\"height\":600},{\"@type\":\"BreadcrumbList\",\"@id\":\"https:\\\/\\\/www.todoriego.com.ar\\\/site\\\/producto\\\/foggy-industry\\\/#breadcrumb\",\"itemListElement\":[{\"@type\":\"ListItem\",\"position\":1,\"name\":\"Inicio\",\"item\":\"https:\\\/\\\/www.todoriego.com.ar\\\/site\\\/\"},{\"@type\":\"ListItem\",\"position\":2,\"name\":\"Tienda\",\"item\":\"https:\\\/\\\/www.todoriego.com.ar\\\/site\\\/tienda\\\/\"},{\"@type\":\"ListItem\",\"position\":3,\"name\":\"Foggy Industry\"}]},{\"@type\":\"WebSite\",\"@id\":\"https:\\\/\\\/www.todoriego.com.ar\\\/site\\\/#website\",\"url\":\"https:\\\/\\\/www.todoriego.com.ar\\\/site\\\/\",\"name\":\"Todoriego Insumos SRL\",\"description\":\"Sabemos hacer riego\",\"publisher\":{\"@id\":\"https:\\\/\\\/www.todoriego.com.ar\\\/site\\\/#organization\"},\"potentialAction\":[{\"@type\":\"SearchAction\",\"target\":{\"@type\":\"EntryPoint\",\"urlTemplate\":\"https:\\\/\\\/www.todoriego.com.ar\\\/site\\\/?s={search_term_string}\"},\"query-input\":{\"@type\":\"PropertyValueSpecification\",\"valueRequired\":true,\"valueName\":\"search_term_string\"}}],\"inLanguage\":\"es-AR\"},{\"@type\":\"Organization\",\"@id\":\"https:\\\/\\\/www.todoriego.com.ar\\\/site\\\/#organization\",\"name\":\"Todoriego Insumos s.r.l.\",\"url\":\"https:\\\/\\\/www.todoriego.com.ar\\\/site\\\/\",\"logo\":{\"@type\":\"ImageObject\",\"inLanguage\":\"es-AR\",\"@id\":\"https:\\\/\\\/www.todoriego.com.ar\\\/site\\\/#\\\/schema\\\/logo\\\/image\\\/\",\"url\":\"http:\\\/\\\/www.todoriego.com.ar\\\/site\\\/wp-content\\\/uploads\\\/2022\\\/07\\\/todoriego_marca.jpg\",\"contentUrl\":\"http:\\\/\\\/www.todoriego.com.ar\\\/site\\\/wp-content\\\/uploads\\\/2022\\\/07\\\/todoriego_marca.jpg\",\"width\":731,\"height\":731,\"caption\":\"Todoriego Insumos s.r.l.\"},\"image\":{\"@id\":\"https:\\\/\\\/www.todoriego.com.ar\\\/site\\\/#\\\/schema\\\/logo\\\/image\\\/\"},\"sameAs\":[\"https:\\\/\\\/www.facebook.com\\\/todoriegoinsumos\\\/\",\"https:\\\/\\\/www.instagram.com\\\/todoriegoinsumos\\\/\"]}]}<\/script>\n<!-- \/ Yoast SEO plugin. -->","yoast_head_json":{"title":"Foggy Industry - Todoriego Insumos SRL","description":"Sistema nebulizador profesional de f\u00e1cil instalaci\u00f3n para la climatizaci\u00f3n de exteriores de hasta 600 m2. Una refrigeraci\u00f3n natural con muy poco nivel de ruido.","robots":{"index":"index","follow":"follow","max-snippet":"max-snippet:-1","max-image-preview":"max-image-preview:large","max-video-preview":"max-video-preview:-1"},"canonical":"https:\/\/www.todoriego.com.ar\/site\/producto\/foggy-industry\/","og_locale":"es_ES","og_type":"article","og_title":"Foggy Industry - Todoriego Insumos SRL","og_description":"Sistema nebulizador profesional de f\u00e1cil instalaci\u00f3n para la climatizaci\u00f3n de exteriores de hasta 600 m2. Una refrigeraci\u00f3n natural con muy poco nivel de ruido.","og_url":"https:\/\/www.todoriego.com.ar\/site\/producto\/foggy-industry\/","og_site_name":"Todoriego Insumos SRL","article_publisher":"https:\/\/www.facebook.com\/todoriegoinsumos\/","article_modified_time":"2022-08-23T18:56:39+00:00","og_image":[{"width":600,"height":600,"url":"https:\/\/www.todoriego.com.ar\/site\/wp-content\/uploads\/2022\/08\/sistema-nebulizador_Foggy-Industry.jpg","type":"image\/jpeg"}],"twitter_card":"summary_large_image","twitter_misc":{"Tiempo de lectura":"2 minutos"},"schema":{"@context":"https:\/\/schema.org","@graph":[{"@type":"WebPage","@id":"https:\/\/www.todoriego.com.ar\/site\/producto\/foggy-industry\/","url":"https:\/\/www.todoriego.com.ar\/site\/producto\/foggy-industry\/","name":"Foggy Industry - Todoriego Insumos SRL","isPartOf":{"@id":"https:\/\/www.todoriego.com.ar\/site\/#website"},"primaryImageOfPage":{"@id":"https:\/\/www.todoriego.com.ar\/site\/producto\/foggy-industry\/#primaryimage"},"image":{"@id":"https:\/\/www.todoriego.com.ar\/site\/producto\/foggy-industry\/#primaryimage"},"thumbnailUrl":"https:\/\/www.todoriego.com.ar\/site\/wp-content\/uploads\/2022\/08\/sistema-nebulizador_Foggy-Industry.jpg","datePublished":"2022-08-23T18:48:44+00:00","dateModified":"2022-08-23T18:56:39+00:00","description":"Sistema nebulizador profesional de f\u00e1cil instalaci\u00f3n para la climatizaci\u00f3n de exteriores de hasta 600 m2. Una refrigeraci\u00f3n natural con muy poco nivel de ruido.","breadcrumb":{"@id":"https:\/\/www.todoriego.com.ar\/site\/producto\/foggy-industry\/#breadcrumb"},"inLanguage":"es-AR","potentialAction":[{"@type":"ReadAction","target":["https:\/\/www.todoriego.com.ar\/site\/producto\/foggy-industry\/"]}]},{"@type":"ImageObject","inLanguage":"es-AR","@id":"https:\/\/www.todoriego.com.ar\/site\/producto\/foggy-industry\/#primaryimage","url":"https:\/\/www.todoriego.com.ar\/site\/wp-content\/uploads\/2022\/08\/sistema-nebulizador_Foggy-Industry.jpg","contentUrl":"https:\/\/www.todoriego.com.ar\/site\/wp-content\/uploads\/2022\/08\/sistema-nebulizador_Foggy-Industry.jpg","width":600,"height":600},{"@type":"BreadcrumbList","@id":"https:\/\/www.todoriego.com.ar\/site\/producto\/foggy-industry\/#breadcrumb","itemListElement":[{"@type":"ListItem","position":1,"name":"Inicio","item":"https:\/\/www.todoriego.com.ar\/site\/"},{"@type":"ListItem","position":2,"name":"Tienda","item":"https:\/\/www.todoriego.com.ar\/site\/tienda\/"},{"@type":"ListItem","position":3,"name":"Foggy Industry"}]},{"@type":"WebSite","@id":"https:\/\/www.todoriego.com.ar\/site\/#website","url":"https:\/\/www.todoriego.com.ar\/site\/","name":"Todoriego Insumos SRL","description":"Sabemos hacer riego","publisher":{"@id":"https:\/\/www.todoriego.com.ar\/site\/#organization"},"potentialAction":[{"@type":"SearchAction","target":{"@type":"EntryPoint","urlTemplate":"https:\/\/www.todoriego.com.ar\/site\/?s={search_term_string}"},"query-input":{"@type":"PropertyValueSpecification","valueRequired":true,"valueName":"search_term_string"}}],"inLanguage":"es-AR"},{"@type":"Organization","@id":"https:\/\/www.todoriego.com.ar\/site\/#organization","name":"Todoriego Insumos s.r.l.","url":"https:\/\/www.todoriego.com.ar\/site\/","logo":{"@type":"ImageObject","inLanguage":"es-AR","@id":"https:\/\/www.todoriego.com.ar\/site\/#\/schema\/logo\/image\/","url":"http:\/\/www.todoriego.com.ar\/site\/wp-content\/uploads\/2022\/07\/todoriego_marca.jpg","contentUrl":"http:\/\/www.todoriego.com.ar\/site\/wp-content\/uploads\/2022\/07\/todoriego_marca.jpg","width":731,"height":731,"caption":"Todoriego Insumos s.r.l."},"image":{"@id":"https:\/\/www.todoriego.com.ar\/site\/#\/schema\/logo\/image\/"},"sameAs":["https:\/\/www.facebook.com\/todoriegoinsumos\/","https:\/\/www.instagram.com\/todoriegoinsumos\/"]}]}},"_links":{"self":[{"href":"https:\/\/www.todoriego.com.ar\/site\/wp-json\/wp\/v2\/product\/8967","targetHints":{"allow":["GET"]}}],"collection":[{"href":"https:\/\/www.todoriego.com.ar\/site\/wp-json\/wp\/v2\/product"}],"about":[{"href":"https:\/\/www.todoriego.com.ar\/site\/wp-json\/wp\/v2\/types\/product"}],"wp:featuredmedia":[{"embeddable":true,"href":"https:\/\/www.todoriego.com.ar\/site\/wp-json\/wp\/v2\/media\/8964"}],"wp:attachment":[{"href":"https:\/\/www.todoriego.com.ar\/site\/wp-json\/wp\/v2\/media?parent=8967"}],"wp:term":[{"taxonomy":"product_brand","embeddable":true,"href":"https:\/\/www.todoriego.com.ar\/site\/wp-json\/wp\/v2\/product_brand?post=8967"},{"taxonomy":"product_cat","embeddable":true,"href":"https:\/\/www.todoriego.com.ar\/site\/wp-json\/wp\/v2\/product_cat?post=8967"},{"taxonomy":"product_tag","embeddable":true,"href":"https:\/\/www.todoriego.com.ar\/site\/wp-json\/wp\/v2\/product_tag?post=8967"}],"curies":[{"name":"wp","href":"https:\/\/api.w.org\/{rel}","templated":true}]}}