{"id":8968,"date":"2022-08-23T17:15:49","date_gmt":"2022-08-23T20:15:49","guid":{"rendered":"http:\/\/www.todoriego.com.ar\/site\/?post_type=product&#038;p=8968"},"modified":"2022-08-23T17:15:50","modified_gmt":"2022-08-23T20:15:50","slug":"ir-105","status":"publish","type":"product","link":"https:\/\/www.todoriego.com.ar\/site\/producto\/ir-105\/","title":{"rendered":"IR-105"},"content":{"rendered":"<p>La BERMAD IR-100 hYflow es una v\u00e1lvula de control con un dise\u00f1o de vanguardia, que carece de las limitaciones t\u00edpicas asociadas con las v\u00e1lvulas de control est\u00e1ndar. Un diafragma flexible unificado con s\u00faper recorrido y el conector guiado ofrecen un paso transparente que resulta en una regulaci\u00f3n precisa y estable y una capacidad de caudal ultra alta. El dise\u00f1o exclusivo del cuerpo de la hYflow permite adaptaci\u00f3n in situ a una amplia gama de tipos y tama\u00f1os de conexiones. Sus conexiones de borde articuladas a\u00edslan la v\u00e1lvula de los codos de la tuber\u00eda y de las tensiones de presi\u00f3n<\/p>\n<p><strong>Caracter\u00edsticas<\/strong><br \/>\n\u2022 V\u00e1lvula de control hidr\u00e1ulica<br \/>\n&#8211; Alimentada por la presi\u00f3n de la l\u00ednea<br \/>\n&#8211; Activaci\u00f3n\/desactivaci\u00f3n controlada hidr\u00e1ulicamente<br \/>\n\u2022 V\u00e1lvula de material compuesto con dise\u00f1o de grado industrial<br \/>\n&#8211; Adaptable in situ a una amplia gama de tama\u00f1os y tipos de conexiones<br \/>\n&#8211; Las conexiones de borde articuladas eliminan las tensiones mec\u00e1nicas e hidr\u00e1ulicas<br \/>\n&#8211; Altamente duradera, resistente a los productos qu\u00edmicos y a la cavitaci\u00f3n<br \/>\n\u2022 Cuerpo de v\u00e1lvula hYflow \u00abY\u00bb con dise\u00f1o transparente<br \/>\n&#8211; Capacidad de caudal ultra alto \u2013 Baja p\u00e9rdida de presi\u00f3n<br \/>\n\u2022 Diafragma de recorrido s\u00faper flexible unificado y conector guiado<br \/>\n&#8211; Cierre suave<br \/>\n&#8211; Requiere una presi\u00f3n de accionamiento baja<br \/>\n&#8211; Evita la erosi\u00f3n y distorsi\u00f3n del diafragma<br \/>\n\u2022 Dise\u00f1o sencillo<br \/>\n&#8211; Inspecci\u00f3n y mantenimiento sencillos en la l\u00ednea<\/p>\n<p><strong>Aplicaciones<\/strong><br \/>\n\u2022 Cabecera de control de riego<br \/>\n\u2022 Cabecera de control en campo<br \/>\n\u2022 LPS \u2013 Sistemas de presi\u00f3n baja<br \/>\n\u2022 Sistemas de riego con ahorro de energ\u00eda<br \/>\n\u2022 Sistemas de riego computerizados<\/p>\n","protected":false},"excerpt":{"rendered":"<p><img loading=\"lazy\" decoding=\"async\" class=\"alignnone size-full wp-image-8730\" src=\"https:\/\/www.todoriego.com.ar\/site\/wp-content\/uploads\/2022\/07\/bermad.png\" alt=\"bermad\" width=\"103\" height=\"50\" \/><br \/>\nV\u00e1lvula hidr\u00e1ulica con un dise\u00f1o exclusivo del cuerpo de la hYflow permite adaptaci\u00f3n in situ a una amplia gama de tipos y tama\u00f1os de conexiones. Sus conexiones de borde articuladas a\u00edslan la v\u00e1lvula de los codos de la tuber\u00eda y de las tensiones de presi\u00f3n<\/p>\n","protected":false},"featured_media":8969,"template":"","meta":{"_acf_changed":false},"product_brand":[],"product_cat":[64,36],"product_tag":[],"class_list":{"0":"post-8968","1":"product","2":"type-product","3":"status-publish","4":"has-post-thumbnail","6":"product_cat-valvulas-hidraulicas","7":"product_cat-valvulas-y-accesorios-de-medicion","9":"first","10":"instock","11":"shipping-taxable","12":"product-type-simple"},"acf":[],"yoast_head":"<!-- This site is optimized with the Yoast SEO plugin v27.6 - https:\/\/yoast.com\/product\/yoast-seo-wordpress\/ -->\n<title>IR-105 - Todoriego Insumos SRL<\/title>\n<meta name=\"description\" content=\"V\u00e1lvula hidr\u00e1ulica con un dise\u00f1o exclusivo del cuerpo de la hYflow permite adaptaci\u00f3n in situ a una amplia gama de tipos y tama\u00f1os de conexiones.\" \/>\n<meta name=\"robots\" content=\"index, follow, max-snippet:-1, max-image-preview:large, max-video-preview:-1\" \/>\n<link rel=\"canonical\" href=\"https:\/\/www.todoriego.com.ar\/site\/producto\/ir-105\/\" \/>\n<meta property=\"og:locale\" content=\"es_ES\" \/>\n<meta property=\"og:type\" content=\"article\" \/>\n<meta property=\"og:title\" content=\"IR-105 - Todoriego Insumos SRL\" \/>\n<meta property=\"og:description\" content=\"V\u00e1lvula hidr\u00e1ulica con un dise\u00f1o exclusivo del cuerpo de la hYflow permite adaptaci\u00f3n in situ a una amplia gama de tipos y tama\u00f1os de conexiones.\" \/>\n<meta property=\"og:url\" content=\"https:\/\/www.todoriego.com.ar\/site\/producto\/ir-105\/\" \/>\n<meta property=\"og:site_name\" content=\"Todoriego Insumos SRL\" \/>\n<meta property=\"article:publisher\" content=\"https:\/\/www.facebook.com\/todoriegoinsumos\/\" \/>\n<meta property=\"article:modified_time\" content=\"2022-08-23T20:15:50+00:00\" \/>\n<meta property=\"og:image\" content=\"https:\/\/www.todoriego.com.ar\/site\/wp-content\/uploads\/2022\/08\/Bermad_valvula_IR-105.jpg\" \/>\n\t<meta property=\"og:image:width\" content=\"600\" \/>\n\t<meta property=\"og:image:height\" content=\"600\" \/>\n\t<meta property=\"og:image:type\" content=\"image\/jpeg\" \/>\n<meta name=\"twitter:card\" content=\"summary_large_image\" \/>\n<meta name=\"twitter:label1\" content=\"Tiempo de lectura\" \/>\n\t<meta name=\"twitter:data1\" content=\"2 minutos\" \/>\n<script type=\"application\/ld+json\" class=\"yoast-schema-graph\">{\"@context\":\"https:\\\/\\\/schema.org\",\"@graph\":[{\"@type\":\"WebPage\",\"@id\":\"https:\\\/\\\/www.todoriego.com.ar\\\/site\\\/producto\\\/ir-105\\\/\",\"url\":\"https:\\\/\\\/www.todoriego.com.ar\\\/site\\\/producto\\\/ir-105\\\/\",\"name\":\"IR-105 - Todoriego Insumos SRL\",\"isPartOf\":{\"@id\":\"https:\\\/\\\/www.todoriego.com.ar\\\/site\\\/#website\"},\"primaryImageOfPage\":{\"@id\":\"https:\\\/\\\/www.todoriego.com.ar\\\/site\\\/producto\\\/ir-105\\\/#primaryimage\"},\"image\":{\"@id\":\"https:\\\/\\\/www.todoriego.com.ar\\\/site\\\/producto\\\/ir-105\\\/#primaryimage\"},\"thumbnailUrl\":\"https:\\\/\\\/www.todoriego.com.ar\\\/site\\\/wp-content\\\/uploads\\\/2022\\\/08\\\/Bermad_valvula_IR-105.jpg\",\"datePublished\":\"2022-08-23T20:15:49+00:00\",\"dateModified\":\"2022-08-23T20:15:50+00:00\",\"description\":\"V\u00e1lvula hidr\u00e1ulica con un dise\u00f1o exclusivo del cuerpo de la hYflow permite adaptaci\u00f3n in situ a una amplia gama de tipos y tama\u00f1os de conexiones.\",\"breadcrumb\":{\"@id\":\"https:\\\/\\\/www.todoriego.com.ar\\\/site\\\/producto\\\/ir-105\\\/#breadcrumb\"},\"inLanguage\":\"es-AR\",\"potentialAction\":[{\"@type\":\"ReadAction\",\"target\":[\"https:\\\/\\\/www.todoriego.com.ar\\\/site\\\/producto\\\/ir-105\\\/\"]}]},{\"@type\":\"ImageObject\",\"inLanguage\":\"es-AR\",\"@id\":\"https:\\\/\\\/www.todoriego.com.ar\\\/site\\\/producto\\\/ir-105\\\/#primaryimage\",\"url\":\"https:\\\/\\\/www.todoriego.com.ar\\\/site\\\/wp-content\\\/uploads\\\/2022\\\/08\\\/Bermad_valvula_IR-105.jpg\",\"contentUrl\":\"https:\\\/\\\/www.todoriego.com.ar\\\/site\\\/wp-content\\\/uploads\\\/2022\\\/08\\\/Bermad_valvula_IR-105.jpg\",\"width\":600,\"height\":600},{\"@type\":\"BreadcrumbList\",\"@id\":\"https:\\\/\\\/www.todoriego.com.ar\\\/site\\\/producto\\\/ir-105\\\/#breadcrumb\",\"itemListElement\":[{\"@type\":\"ListItem\",\"position\":1,\"name\":\"Inicio\",\"item\":\"https:\\\/\\\/www.todoriego.com.ar\\\/site\\\/\"},{\"@type\":\"ListItem\",\"position\":2,\"name\":\"Tienda\",\"item\":\"https:\\\/\\\/www.todoriego.com.ar\\\/site\\\/tienda\\\/\"},{\"@type\":\"ListItem\",\"position\":3,\"name\":\"IR-105\"}]},{\"@type\":\"WebSite\",\"@id\":\"https:\\\/\\\/www.todoriego.com.ar\\\/site\\\/#website\",\"url\":\"https:\\\/\\\/www.todoriego.com.ar\\\/site\\\/\",\"name\":\"Todoriego Insumos SRL\",\"description\":\"Sabemos hacer riego\",\"publisher\":{\"@id\":\"https:\\\/\\\/www.todoriego.com.ar\\\/site\\\/#organization\"},\"potentialAction\":[{\"@type\":\"SearchAction\",\"target\":{\"@type\":\"EntryPoint\",\"urlTemplate\":\"https:\\\/\\\/www.todoriego.com.ar\\\/site\\\/?s={search_term_string}\"},\"query-input\":{\"@type\":\"PropertyValueSpecification\",\"valueRequired\":true,\"valueName\":\"search_term_string\"}}],\"inLanguage\":\"es-AR\"},{\"@type\":\"Organization\",\"@id\":\"https:\\\/\\\/www.todoriego.com.ar\\\/site\\\/#organization\",\"name\":\"Todoriego Insumos s.r.l.\",\"url\":\"https:\\\/\\\/www.todoriego.com.ar\\\/site\\\/\",\"logo\":{\"@type\":\"ImageObject\",\"inLanguage\":\"es-AR\",\"@id\":\"https:\\\/\\\/www.todoriego.com.ar\\\/site\\\/#\\\/schema\\\/logo\\\/image\\\/\",\"url\":\"http:\\\/\\\/www.todoriego.com.ar\\\/site\\\/wp-content\\\/uploads\\\/2022\\\/07\\\/todoriego_marca.jpg\",\"contentUrl\":\"http:\\\/\\\/www.todoriego.com.ar\\\/site\\\/wp-content\\\/uploads\\\/2022\\\/07\\\/todoriego_marca.jpg\",\"width\":731,\"height\":731,\"caption\":\"Todoriego Insumos s.r.l.\"},\"image\":{\"@id\":\"https:\\\/\\\/www.todoriego.com.ar\\\/site\\\/#\\\/schema\\\/logo\\\/image\\\/\"},\"sameAs\":[\"https:\\\/\\\/www.facebook.com\\\/todoriegoinsumos\\\/\",\"https:\\\/\\\/www.instagram.com\\\/todoriegoinsumos\\\/\"]}]}<\/script>\n<!-- \/ Yoast SEO plugin. -->","yoast_head_json":{"title":"IR-105 - Todoriego Insumos SRL","description":"V\u00e1lvula hidr\u00e1ulica con un dise\u00f1o exclusivo del cuerpo de la hYflow permite adaptaci\u00f3n in situ a una amplia gama de tipos y tama\u00f1os de conexiones.","robots":{"index":"index","follow":"follow","max-snippet":"max-snippet:-1","max-image-preview":"max-image-preview:large","max-video-preview":"max-video-preview:-1"},"canonical":"https:\/\/www.todoriego.com.ar\/site\/producto\/ir-105\/","og_locale":"es_ES","og_type":"article","og_title":"IR-105 - Todoriego Insumos SRL","og_description":"V\u00e1lvula hidr\u00e1ulica con un dise\u00f1o exclusivo del cuerpo de la hYflow permite adaptaci\u00f3n in situ a una amplia gama de tipos y tama\u00f1os de conexiones.","og_url":"https:\/\/www.todoriego.com.ar\/site\/producto\/ir-105\/","og_site_name":"Todoriego Insumos SRL","article_publisher":"https:\/\/www.facebook.com\/todoriegoinsumos\/","article_modified_time":"2022-08-23T20:15:50+00:00","og_image":[{"width":600,"height":600,"url":"https:\/\/www.todoriego.com.ar\/site\/wp-content\/uploads\/2022\/08\/Bermad_valvula_IR-105.jpg","type":"image\/jpeg"}],"twitter_card":"summary_large_image","twitter_misc":{"Tiempo de lectura":"2 minutos"},"schema":{"@context":"https:\/\/schema.org","@graph":[{"@type":"WebPage","@id":"https:\/\/www.todoriego.com.ar\/site\/producto\/ir-105\/","url":"https:\/\/www.todoriego.com.ar\/site\/producto\/ir-105\/","name":"IR-105 - Todoriego Insumos SRL","isPartOf":{"@id":"https:\/\/www.todoriego.com.ar\/site\/#website"},"primaryImageOfPage":{"@id":"https:\/\/www.todoriego.com.ar\/site\/producto\/ir-105\/#primaryimage"},"image":{"@id":"https:\/\/www.todoriego.com.ar\/site\/producto\/ir-105\/#primaryimage"},"thumbnailUrl":"https:\/\/www.todoriego.com.ar\/site\/wp-content\/uploads\/2022\/08\/Bermad_valvula_IR-105.jpg","datePublished":"2022-08-23T20:15:49+00:00","dateModified":"2022-08-23T20:15:50+00:00","description":"V\u00e1lvula hidr\u00e1ulica con un dise\u00f1o exclusivo del cuerpo de la hYflow permite adaptaci\u00f3n in situ a una amplia gama de tipos y tama\u00f1os de conexiones.","breadcrumb":{"@id":"https:\/\/www.todoriego.com.ar\/site\/producto\/ir-105\/#breadcrumb"},"inLanguage":"es-AR","potentialAction":[{"@type":"ReadAction","target":["https:\/\/www.todoriego.com.ar\/site\/producto\/ir-105\/"]}]},{"@type":"ImageObject","inLanguage":"es-AR","@id":"https:\/\/www.todoriego.com.ar\/site\/producto\/ir-105\/#primaryimage","url":"https:\/\/www.todoriego.com.ar\/site\/wp-content\/uploads\/2022\/08\/Bermad_valvula_IR-105.jpg","contentUrl":"https:\/\/www.todoriego.com.ar\/site\/wp-content\/uploads\/2022\/08\/Bermad_valvula_IR-105.jpg","width":600,"height":600},{"@type":"BreadcrumbList","@id":"https:\/\/www.todoriego.com.ar\/site\/producto\/ir-105\/#breadcrumb","itemListElement":[{"@type":"ListItem","position":1,"name":"Inicio","item":"https:\/\/www.todoriego.com.ar\/site\/"},{"@type":"ListItem","position":2,"name":"Tienda","item":"https:\/\/www.todoriego.com.ar\/site\/tienda\/"},{"@type":"ListItem","position":3,"name":"IR-105"}]},{"@type":"WebSite","@id":"https:\/\/www.todoriego.com.ar\/site\/#website","url":"https:\/\/www.todoriego.com.ar\/site\/","name":"Todoriego Insumos SRL","description":"Sabemos hacer riego","publisher":{"@id":"https:\/\/www.todoriego.com.ar\/site\/#organization"},"potentialAction":[{"@type":"SearchAction","target":{"@type":"EntryPoint","urlTemplate":"https:\/\/www.todoriego.com.ar\/site\/?s={search_term_string}"},"query-input":{"@type":"PropertyValueSpecification","valueRequired":true,"valueName":"search_term_string"}}],"inLanguage":"es-AR"},{"@type":"Organization","@id":"https:\/\/www.todoriego.com.ar\/site\/#organization","name":"Todoriego Insumos s.r.l.","url":"https:\/\/www.todoriego.com.ar\/site\/","logo":{"@type":"ImageObject","inLanguage":"es-AR","@id":"https:\/\/www.todoriego.com.ar\/site\/#\/schema\/logo\/image\/","url":"http:\/\/www.todoriego.com.ar\/site\/wp-content\/uploads\/2022\/07\/todoriego_marca.jpg","contentUrl":"http:\/\/www.todoriego.com.ar\/site\/wp-content\/uploads\/2022\/07\/todoriego_marca.jpg","width":731,"height":731,"caption":"Todoriego Insumos s.r.l."},"image":{"@id":"https:\/\/www.todoriego.com.ar\/site\/#\/schema\/logo\/image\/"},"sameAs":["https:\/\/www.facebook.com\/todoriegoinsumos\/","https:\/\/www.instagram.com\/todoriegoinsumos\/"]}]}},"_links":{"self":[{"href":"https:\/\/www.todoriego.com.ar\/site\/wp-json\/wp\/v2\/product\/8968","targetHints":{"allow":["GET"]}}],"collection":[{"href":"https:\/\/www.todoriego.com.ar\/site\/wp-json\/wp\/v2\/product"}],"about":[{"href":"https:\/\/www.todoriego.com.ar\/site\/wp-json\/wp\/v2\/types\/product"}],"wp:featuredmedia":[{"embeddable":true,"href":"https:\/\/www.todoriego.com.ar\/site\/wp-json\/wp\/v2\/media\/8969"}],"wp:attachment":[{"href":"https:\/\/www.todoriego.com.ar\/site\/wp-json\/wp\/v2\/media?parent=8968"}],"wp:term":[{"taxonomy":"product_brand","embeddable":true,"href":"https:\/\/www.todoriego.com.ar\/site\/wp-json\/wp\/v2\/product_brand?post=8968"},{"taxonomy":"product_cat","embeddable":true,"href":"https:\/\/www.todoriego.com.ar\/site\/wp-json\/wp\/v2\/product_cat?post=8968"},{"taxonomy":"product_tag","embeddable":true,"href":"https:\/\/www.todoriego.com.ar\/site\/wp-json\/wp\/v2\/product_tag?post=8968"}],"curies":[{"name":"wp","href":"https:\/\/api.w.org\/{rel}","templated":true}]}}