{"id":8979,"date":"2022-08-23T17:20:51","date_gmt":"2022-08-23T20:20:51","guid":{"rendered":"http:\/\/www.todoriego.com.ar\/site\/?post_type=product&#038;p=8979"},"modified":"2022-08-23T17:24:33","modified_gmt":"2022-08-23T20:24:33","slug":"ir-120-xz","status":"publish","type":"product","link":"https:\/\/www.todoriego.com.ar\/site\/producto\/ir-120-xz\/","title":{"rendered":"IR-120-XZ"},"content":{"rendered":"<p>La v\u00e1lvula reductora de presi\u00f3n de BERMAD es una v\u00e1lvula de control de operaci\u00f3n hidr\u00e1ulica accionada por diafragma, que reduce la presi\u00f3n alta aguas arriba a una presi\u00f3n menor y constante aguas abajo, y se abre completamente en caso de ca\u00eddas de presi\u00f3n en la l\u00ednea.<\/p>\n<p><strong>Caracter\u00edsticas<\/strong><br \/>\n\u2022 Operaci\u00f3n hidr\u00e1ulica, accionada por la presi\u00f3n en la l\u00ednea<br \/>\n-Protege a las instalaciones de aguas abajo<br \/>\n-Se abre completamente en caso de ca\u00edda de la presi\u00f3n en la l\u00ednea<br \/>\n\u2022 V\u00e1lvula de pl\u00e1stico con dise\u00f1o de grado industrial<br \/>\n-Altamente duradera y resistente a las sustancias qu\u00edmicas y a la cavitaci\u00f3n<br \/>\n-Sin tuercas ni tornillos internos<br \/>\n\u2022 Cuerpo hYflow en forma de \u2018Y\u2019 con pasaje sin interferencias (Look Through)<br \/>\n-Capacidad de flujo ultra-elevada \u2013 Baja p\u00e9rdida de carga<br \/>\n\u2022 Diafragma de tipo Flexible Super Travel (FST) con cierre positivo guiado<br \/>\n-Regulaci\u00f3n precisa y estable con cierre suave<br \/>\n-Requiere bajas presiones de apertura y accionamiento<br \/>\n-Previene la erosi\u00f3n y distorsi\u00f3n del diafragma<br \/>\n\u2022 Inspecci\u00f3n y mantenimiento en l\u00ednea con facilidad<\/p>\n<p><strong>Aplicaciones t\u00edpicas<\/strong><br \/>\n\u2022 Estaciones de reducci\u00f3n de presi\u00f3n<br \/>\n\u2022 Sistemas sujetos a fluctuaciones en la presi\u00f3n de suministro<br \/>\n\u2022 Sistemas de riego que ahorran energ\u00eda<\/p>\n","protected":false},"excerpt":{"rendered":"<p><img loading=\"lazy\" decoding=\"async\" class=\"alignnone size-full wp-image-8730\" src=\"https:\/\/www.todoriego.com.ar\/site\/wp-content\/uploads\/2022\/07\/bermad.png\" alt=\"bermad\" width=\"103\" height=\"50\" \/><br \/>\nLa v\u00e1lvula reductora de presi\u00f3n de BERMAD es una v\u00e1lvula de control de operaci\u00f3n hidr\u00e1ulica accionada por diafragma, que reduce la presi\u00f3n alta aguas arriba a una presi\u00f3n menor y constante aguas abajo, y se abre completamente en caso de ca\u00eddas de presi\u00f3n en la l\u00ednea.<\/p>\n","protected":false},"featured_media":8974,"template":"","meta":{"_acf_changed":false},"product_brand":[],"product_cat":[36,64],"product_tag":[],"class_list":{"0":"post-8979","1":"product","2":"type-product","3":"status-publish","4":"has-post-thumbnail","6":"product_cat-valvulas-y-accesorios-de-medicion","7":"product_cat-valvulas-hidraulicas","9":"first","10":"instock","11":"shipping-taxable","12":"product-type-simple"},"acf":[],"yoast_head":"<!-- This site is optimized with the Yoast SEO plugin v27.4 - https:\/\/yoast.com\/product\/yoast-seo-wordpress\/ -->\n<title>IR-120-XZ - Todoriego Insumos SRL<\/title>\n<meta name=\"description\" content=\"Es una v\u00e1lvula de control de BERMAD de operaci\u00f3n hidr\u00e1ulica que reduce la presi\u00f3n alta aguas arriba a una presi\u00f3n menor y constante aguas abajo.\" \/>\n<meta name=\"robots\" content=\"index, follow, max-snippet:-1, max-image-preview:large, max-video-preview:-1\" \/>\n<link rel=\"canonical\" href=\"https:\/\/www.todoriego.com.ar\/site\/producto\/ir-120-xz\/\" \/>\n<meta property=\"og:locale\" content=\"es_ES\" \/>\n<meta property=\"og:type\" content=\"article\" \/>\n<meta property=\"og:title\" content=\"IR-120-XZ - Todoriego Insumos SRL\" \/>\n<meta property=\"og:description\" content=\"Es una v\u00e1lvula de control de BERMAD de operaci\u00f3n hidr\u00e1ulica que reduce la presi\u00f3n alta aguas arriba a una presi\u00f3n menor y constante aguas abajo.\" \/>\n<meta property=\"og:url\" content=\"https:\/\/www.todoriego.com.ar\/site\/producto\/ir-120-xz\/\" \/>\n<meta property=\"og:site_name\" content=\"Todoriego Insumos SRL\" \/>\n<meta property=\"article:publisher\" content=\"https:\/\/www.facebook.com\/todoriegoinsumos\/\" \/>\n<meta property=\"article:modified_time\" content=\"2022-08-23T20:24:33+00:00\" \/>\n<meta property=\"og:image\" content=\"https:\/\/www.todoriego.com.ar\/site\/wp-content\/uploads\/2022\/08\/Bermad_valvula_IR-120XZ.jpg\" \/>\n\t<meta property=\"og:image:width\" content=\"600\" \/>\n\t<meta property=\"og:image:height\" content=\"600\" \/>\n\t<meta property=\"og:image:type\" content=\"image\/jpeg\" \/>\n<meta name=\"twitter:card\" content=\"summary_large_image\" \/>\n<meta name=\"twitter:label1\" content=\"Tiempo de lectura\" \/>\n\t<meta name=\"twitter:data1\" content=\"1 minuto\" \/>\n<script type=\"application\/ld+json\" class=\"yoast-schema-graph\">{\"@context\":\"https:\\\/\\\/schema.org\",\"@graph\":[{\"@type\":\"WebPage\",\"@id\":\"https:\\\/\\\/www.todoriego.com.ar\\\/site\\\/producto\\\/ir-120-xz\\\/\",\"url\":\"https:\\\/\\\/www.todoriego.com.ar\\\/site\\\/producto\\\/ir-120-xz\\\/\",\"name\":\"IR-120-XZ - Todoriego Insumos SRL\",\"isPartOf\":{\"@id\":\"https:\\\/\\\/www.todoriego.com.ar\\\/site\\\/#website\"},\"primaryImageOfPage\":{\"@id\":\"https:\\\/\\\/www.todoriego.com.ar\\\/site\\\/producto\\\/ir-120-xz\\\/#primaryimage\"},\"image\":{\"@id\":\"https:\\\/\\\/www.todoriego.com.ar\\\/site\\\/producto\\\/ir-120-xz\\\/#primaryimage\"},\"thumbnailUrl\":\"https:\\\/\\\/www.todoriego.com.ar\\\/site\\\/wp-content\\\/uploads\\\/2022\\\/08\\\/Bermad_valvula_IR-120XZ.jpg\",\"datePublished\":\"2022-08-23T20:20:51+00:00\",\"dateModified\":\"2022-08-23T20:24:33+00:00\",\"description\":\"Es una v\u00e1lvula de control de BERMAD de operaci\u00f3n hidr\u00e1ulica que reduce la presi\u00f3n alta aguas arriba a una presi\u00f3n menor y constante aguas abajo.\",\"breadcrumb\":{\"@id\":\"https:\\\/\\\/www.todoriego.com.ar\\\/site\\\/producto\\\/ir-120-xz\\\/#breadcrumb\"},\"inLanguage\":\"es-AR\",\"potentialAction\":[{\"@type\":\"ReadAction\",\"target\":[\"https:\\\/\\\/www.todoriego.com.ar\\\/site\\\/producto\\\/ir-120-xz\\\/\"]}]},{\"@type\":\"ImageObject\",\"inLanguage\":\"es-AR\",\"@id\":\"https:\\\/\\\/www.todoriego.com.ar\\\/site\\\/producto\\\/ir-120-xz\\\/#primaryimage\",\"url\":\"https:\\\/\\\/www.todoriego.com.ar\\\/site\\\/wp-content\\\/uploads\\\/2022\\\/08\\\/Bermad_valvula_IR-120XZ.jpg\",\"contentUrl\":\"https:\\\/\\\/www.todoriego.com.ar\\\/site\\\/wp-content\\\/uploads\\\/2022\\\/08\\\/Bermad_valvula_IR-120XZ.jpg\",\"width\":600,\"height\":600},{\"@type\":\"BreadcrumbList\",\"@id\":\"https:\\\/\\\/www.todoriego.com.ar\\\/site\\\/producto\\\/ir-120-xz\\\/#breadcrumb\",\"itemListElement\":[{\"@type\":\"ListItem\",\"position\":1,\"name\":\"Inicio\",\"item\":\"https:\\\/\\\/www.todoriego.com.ar\\\/site\\\/\"},{\"@type\":\"ListItem\",\"position\":2,\"name\":\"Tienda\",\"item\":\"https:\\\/\\\/www.todoriego.com.ar\\\/site\\\/tienda\\\/\"},{\"@type\":\"ListItem\",\"position\":3,\"name\":\"IR-120-XZ\"}]},{\"@type\":\"WebSite\",\"@id\":\"https:\\\/\\\/www.todoriego.com.ar\\\/site\\\/#website\",\"url\":\"https:\\\/\\\/www.todoriego.com.ar\\\/site\\\/\",\"name\":\"Todoriego Insumos SRL\",\"description\":\"Sabemos hacer riego\",\"publisher\":{\"@id\":\"https:\\\/\\\/www.todoriego.com.ar\\\/site\\\/#organization\"},\"potentialAction\":[{\"@type\":\"SearchAction\",\"target\":{\"@type\":\"EntryPoint\",\"urlTemplate\":\"https:\\\/\\\/www.todoriego.com.ar\\\/site\\\/?s={search_term_string}\"},\"query-input\":{\"@type\":\"PropertyValueSpecification\",\"valueRequired\":true,\"valueName\":\"search_term_string\"}}],\"inLanguage\":\"es-AR\"},{\"@type\":\"Organization\",\"@id\":\"https:\\\/\\\/www.todoriego.com.ar\\\/site\\\/#organization\",\"name\":\"Todoriego Insumos s.r.l.\",\"url\":\"https:\\\/\\\/www.todoriego.com.ar\\\/site\\\/\",\"logo\":{\"@type\":\"ImageObject\",\"inLanguage\":\"es-AR\",\"@id\":\"https:\\\/\\\/www.todoriego.com.ar\\\/site\\\/#\\\/schema\\\/logo\\\/image\\\/\",\"url\":\"http:\\\/\\\/www.todoriego.com.ar\\\/site\\\/wp-content\\\/uploads\\\/2022\\\/07\\\/todoriego_marca.jpg\",\"contentUrl\":\"http:\\\/\\\/www.todoriego.com.ar\\\/site\\\/wp-content\\\/uploads\\\/2022\\\/07\\\/todoriego_marca.jpg\",\"width\":731,\"height\":731,\"caption\":\"Todoriego Insumos s.r.l.\"},\"image\":{\"@id\":\"https:\\\/\\\/www.todoriego.com.ar\\\/site\\\/#\\\/schema\\\/logo\\\/image\\\/\"},\"sameAs\":[\"https:\\\/\\\/www.facebook.com\\\/todoriegoinsumos\\\/\",\"https:\\\/\\\/www.instagram.com\\\/todoriegoinsumos\\\/\"]}]}<\/script>\n<!-- \/ Yoast SEO plugin. -->","yoast_head_json":{"title":"IR-120-XZ - Todoriego Insumos SRL","description":"Es una v\u00e1lvula de control de BERMAD de operaci\u00f3n hidr\u00e1ulica que reduce la presi\u00f3n alta aguas arriba a una presi\u00f3n menor y constante aguas abajo.","robots":{"index":"index","follow":"follow","max-snippet":"max-snippet:-1","max-image-preview":"max-image-preview:large","max-video-preview":"max-video-preview:-1"},"canonical":"https:\/\/www.todoriego.com.ar\/site\/producto\/ir-120-xz\/","og_locale":"es_ES","og_type":"article","og_title":"IR-120-XZ - Todoriego Insumos SRL","og_description":"Es una v\u00e1lvula de control de BERMAD de operaci\u00f3n hidr\u00e1ulica que reduce la presi\u00f3n alta aguas arriba a una presi\u00f3n menor y constante aguas abajo.","og_url":"https:\/\/www.todoriego.com.ar\/site\/producto\/ir-120-xz\/","og_site_name":"Todoriego Insumos SRL","article_publisher":"https:\/\/www.facebook.com\/todoriegoinsumos\/","article_modified_time":"2022-08-23T20:24:33+00:00","og_image":[{"width":600,"height":600,"url":"https:\/\/www.todoriego.com.ar\/site\/wp-content\/uploads\/2022\/08\/Bermad_valvula_IR-120XZ.jpg","type":"image\/jpeg"}],"twitter_card":"summary_large_image","twitter_misc":{"Tiempo de lectura":"1 minuto"},"schema":{"@context":"https:\/\/schema.org","@graph":[{"@type":"WebPage","@id":"https:\/\/www.todoriego.com.ar\/site\/producto\/ir-120-xz\/","url":"https:\/\/www.todoriego.com.ar\/site\/producto\/ir-120-xz\/","name":"IR-120-XZ - Todoriego Insumos SRL","isPartOf":{"@id":"https:\/\/www.todoriego.com.ar\/site\/#website"},"primaryImageOfPage":{"@id":"https:\/\/www.todoriego.com.ar\/site\/producto\/ir-120-xz\/#primaryimage"},"image":{"@id":"https:\/\/www.todoriego.com.ar\/site\/producto\/ir-120-xz\/#primaryimage"},"thumbnailUrl":"https:\/\/www.todoriego.com.ar\/site\/wp-content\/uploads\/2022\/08\/Bermad_valvula_IR-120XZ.jpg","datePublished":"2022-08-23T20:20:51+00:00","dateModified":"2022-08-23T20:24:33+00:00","description":"Es una v\u00e1lvula de control de BERMAD de operaci\u00f3n hidr\u00e1ulica que reduce la presi\u00f3n alta aguas arriba a una presi\u00f3n menor y constante aguas abajo.","breadcrumb":{"@id":"https:\/\/www.todoriego.com.ar\/site\/producto\/ir-120-xz\/#breadcrumb"},"inLanguage":"es-AR","potentialAction":[{"@type":"ReadAction","target":["https:\/\/www.todoriego.com.ar\/site\/producto\/ir-120-xz\/"]}]},{"@type":"ImageObject","inLanguage":"es-AR","@id":"https:\/\/www.todoriego.com.ar\/site\/producto\/ir-120-xz\/#primaryimage","url":"https:\/\/www.todoriego.com.ar\/site\/wp-content\/uploads\/2022\/08\/Bermad_valvula_IR-120XZ.jpg","contentUrl":"https:\/\/www.todoriego.com.ar\/site\/wp-content\/uploads\/2022\/08\/Bermad_valvula_IR-120XZ.jpg","width":600,"height":600},{"@type":"BreadcrumbList","@id":"https:\/\/www.todoriego.com.ar\/site\/producto\/ir-120-xz\/#breadcrumb","itemListElement":[{"@type":"ListItem","position":1,"name":"Inicio","item":"https:\/\/www.todoriego.com.ar\/site\/"},{"@type":"ListItem","position":2,"name":"Tienda","item":"https:\/\/www.todoriego.com.ar\/site\/tienda\/"},{"@type":"ListItem","position":3,"name":"IR-120-XZ"}]},{"@type":"WebSite","@id":"https:\/\/www.todoriego.com.ar\/site\/#website","url":"https:\/\/www.todoriego.com.ar\/site\/","name":"Todoriego Insumos SRL","description":"Sabemos hacer riego","publisher":{"@id":"https:\/\/www.todoriego.com.ar\/site\/#organization"},"potentialAction":[{"@type":"SearchAction","target":{"@type":"EntryPoint","urlTemplate":"https:\/\/www.todoriego.com.ar\/site\/?s={search_term_string}"},"query-input":{"@type":"PropertyValueSpecification","valueRequired":true,"valueName":"search_term_string"}}],"inLanguage":"es-AR"},{"@type":"Organization","@id":"https:\/\/www.todoriego.com.ar\/site\/#organization","name":"Todoriego Insumos s.r.l.","url":"https:\/\/www.todoriego.com.ar\/site\/","logo":{"@type":"ImageObject","inLanguage":"es-AR","@id":"https:\/\/www.todoriego.com.ar\/site\/#\/schema\/logo\/image\/","url":"http:\/\/www.todoriego.com.ar\/site\/wp-content\/uploads\/2022\/07\/todoriego_marca.jpg","contentUrl":"http:\/\/www.todoriego.com.ar\/site\/wp-content\/uploads\/2022\/07\/todoriego_marca.jpg","width":731,"height":731,"caption":"Todoriego Insumos s.r.l."},"image":{"@id":"https:\/\/www.todoriego.com.ar\/site\/#\/schema\/logo\/image\/"},"sameAs":["https:\/\/www.facebook.com\/todoriegoinsumos\/","https:\/\/www.instagram.com\/todoriegoinsumos\/"]}]}},"_links":{"self":[{"href":"https:\/\/www.todoriego.com.ar\/site\/wp-json\/wp\/v2\/product\/8979","targetHints":{"allow":["GET"]}}],"collection":[{"href":"https:\/\/www.todoriego.com.ar\/site\/wp-json\/wp\/v2\/product"}],"about":[{"href":"https:\/\/www.todoriego.com.ar\/site\/wp-json\/wp\/v2\/types\/product"}],"wp:featuredmedia":[{"embeddable":true,"href":"https:\/\/www.todoriego.com.ar\/site\/wp-json\/wp\/v2\/media\/8974"}],"wp:attachment":[{"href":"https:\/\/www.todoriego.com.ar\/site\/wp-json\/wp\/v2\/media?parent=8979"}],"wp:term":[{"taxonomy":"product_brand","embeddable":true,"href":"https:\/\/www.todoriego.com.ar\/site\/wp-json\/wp\/v2\/product_brand?post=8979"},{"taxonomy":"product_cat","embeddable":true,"href":"https:\/\/www.todoriego.com.ar\/site\/wp-json\/wp\/v2\/product_cat?post=8979"},{"taxonomy":"product_tag","embeddable":true,"href":"https:\/\/www.todoriego.com.ar\/site\/wp-json\/wp\/v2\/product_tag?post=8979"}],"curies":[{"name":"wp","href":"https:\/\/api.w.org\/{rel}","templated":true}]}}