{"id":8983,"date":"2022-08-23T17:40:26","date_gmt":"2022-08-23T20:40:26","guid":{"rendered":"http:\/\/www.todoriego.com.ar\/site\/?post_type=product&#038;p=8983"},"modified":"2022-08-23T17:44:14","modified_gmt":"2022-08-23T20:44:14","slug":"ir-13q","status":"publish","type":"product","link":"https:\/\/www.todoriego.com.ar\/site\/producto\/ir-13q\/","title":{"rendered":"IR-13Q"},"content":{"rendered":"<p>V\u00e1lvula de alivio r\u00e1pido de presi\u00f3n<br \/>\nIR-13Q<br \/>\nLa v\u00e1lvula de alivio r\u00e1pido de presi\u00f3n de BERMAD es una v\u00e1lvula de control operada hidr\u00e1ulicamente, accionada por diafragma, hidr\u00e1ulica que alivia la presi\u00f3n excesiva en la l\u00ednea cuando sube por encima del m\u00e1ximo prestablecido. Responde a las subidas en la presi\u00f3n del sistema de inmediato, de forma precisa y con alta repetibilidad, abri\u00e9ndose completamente. La BERMAD Modelo IR-13Q ofrece un cierre impecable y herm\u00e9tico.<\/p>\n<p><strong>Caracter\u00edsticas<br \/>\n<\/strong>\u2022 Control hidr\u00e1ulico de presi\u00f3n<br \/>\n&#8211; Alimentada por la presi\u00f3n de la l\u00ednea<br \/>\n&#8211; Tiempo de respuesta corto<br \/>\n&#8211; Hermeticidad excelente a largo plazo<br \/>\n&#8211; V\u00e1lvula de pl\u00e1stico con dise\u00f1o de grado industrial<br \/>\n\u2022 Adaptable in situ a una amplia gama de tama\u00f1os y tipos de conexiones<br \/>\n&#8211; Altamente duradera, resistente a los productos qu\u00edmicos y a la cavitaci\u00f3n<br \/>\n&#8211; Cuerpo de v\u00e1lvula hYflow \u00abY\u00bb con dise\u00f1o transparente<br \/>\n\u2022 Capacidad de caudal ultra alto \u2013 Baja p\u00e9rdida de presi\u00f3n<br \/>\n&#8211; Diafragma de recorrido s\u00faper flexible unificado (FST) y conector guiado<br \/>\n\u2022 Regulaci\u00f3n precisa y estable con cierre suave<br \/>\n&#8211; Requiere baja presi\u00f3n de apertura y accionamiento<br \/>\n&#8211; Evita la erosi\u00f3n y distorsi\u00f3n del diafragma<br \/>\n&#8211; Inspecci\u00f3n y mantenimiento sencillos en la l\u00ednea<\/p>\n<p><strong>Aplicaciones<\/strong><br \/>\n\u2022 Protecci\u00f3n contra estallido del sistema<br \/>\n\u2022 Sistema de eliminaci\u00f3n de pico de presi\u00f3n moment\u00e1neo<br \/>\n\u2022 Indicaci\u00f3n visual de fallos<br \/>\n\u2022 Protecci\u00f3n de estallido del filtro<\/p>\n","protected":false},"excerpt":{"rendered":"<p><img loading=\"lazy\" decoding=\"async\" class=\"alignnone size-full wp-image-8730\" src=\"https:\/\/www.todoriego.com.ar\/site\/wp-content\/uploads\/2022\/07\/bermad.png\" alt=\"bermad\" width=\"103\" height=\"50\" \/><br \/>\nLa v\u00e1lvula de alivio r\u00e1pido de presi\u00f3n de BERMAD es una v\u00e1lvula de control operada hidr\u00e1ulicamente, accionada por diafragma, hidr\u00e1ulica que alivia la presi\u00f3n excesiva en la l\u00ednea cuando sube por encima del m\u00e1ximo prestablecido.<\/p>\n","protected":false},"featured_media":8976,"template":"","meta":{"_acf_changed":false},"product_brand":[],"product_cat":[36,64],"product_tag":[],"class_list":{"0":"post-8983","1":"product","2":"type-product","3":"status-publish","4":"has-post-thumbnail","6":"product_cat-valvulas-y-accesorios-de-medicion","7":"product_cat-valvulas-hidraulicas","9":"first","10":"instock","11":"shipping-taxable","12":"product-type-simple"},"acf":[],"yoast_head":"<!-- This site is optimized with the Yoast SEO plugin v27.4 - https:\/\/yoast.com\/product\/yoast-seo-wordpress\/ -->\n<title>IR-13Q - Todoriego Insumos SRL<\/title>\n<meta name=\"description\" content=\"La v\u00e1lvula de alivio r\u00e1pido de presi\u00f3n de BERMAD es una v\u00e1lvula de control operada hidr\u00e1ulicamente, accionada por diafragma.\" \/>\n<meta name=\"robots\" content=\"index, follow, max-snippet:-1, max-image-preview:large, max-video-preview:-1\" \/>\n<link rel=\"canonical\" href=\"https:\/\/www.todoriego.com.ar\/site\/producto\/ir-13q\/\" \/>\n<meta property=\"og:locale\" content=\"es_ES\" \/>\n<meta property=\"og:type\" content=\"article\" \/>\n<meta property=\"og:title\" content=\"IR-13Q - Todoriego Insumos SRL\" \/>\n<meta property=\"og:description\" content=\"La v\u00e1lvula de alivio r\u00e1pido de presi\u00f3n de BERMAD es una v\u00e1lvula de control operada hidr\u00e1ulicamente, accionada por diafragma.\" \/>\n<meta property=\"og:url\" content=\"https:\/\/www.todoriego.com.ar\/site\/producto\/ir-13q\/\" \/>\n<meta property=\"og:site_name\" content=\"Todoriego Insumos SRL\" \/>\n<meta property=\"article:publisher\" content=\"https:\/\/www.facebook.com\/todoriegoinsumos\/\" \/>\n<meta property=\"article:modified_time\" content=\"2022-08-23T20:44:14+00:00\" \/>\n<meta property=\"og:image\" content=\"https:\/\/www.todoriego.com.ar\/site\/wp-content\/uploads\/2022\/08\/Bermad_valvula_IR-13Q.jpg\" \/>\n\t<meta property=\"og:image:width\" content=\"600\" \/>\n\t<meta property=\"og:image:height\" content=\"600\" \/>\n\t<meta property=\"og:image:type\" content=\"image\/jpeg\" \/>\n<meta name=\"twitter:card\" content=\"summary_large_image\" \/>\n<meta name=\"twitter:label1\" content=\"Tiempo de lectura\" \/>\n\t<meta name=\"twitter:data1\" content=\"1 minuto\" \/>\n<script type=\"application\/ld+json\" class=\"yoast-schema-graph\">{\"@context\":\"https:\\\/\\\/schema.org\",\"@graph\":[{\"@type\":\"WebPage\",\"@id\":\"https:\\\/\\\/www.todoriego.com.ar\\\/site\\\/producto\\\/ir-13q\\\/\",\"url\":\"https:\\\/\\\/www.todoriego.com.ar\\\/site\\\/producto\\\/ir-13q\\\/\",\"name\":\"IR-13Q - Todoriego Insumos SRL\",\"isPartOf\":{\"@id\":\"https:\\\/\\\/www.todoriego.com.ar\\\/site\\\/#website\"},\"primaryImageOfPage\":{\"@id\":\"https:\\\/\\\/www.todoriego.com.ar\\\/site\\\/producto\\\/ir-13q\\\/#primaryimage\"},\"image\":{\"@id\":\"https:\\\/\\\/www.todoriego.com.ar\\\/site\\\/producto\\\/ir-13q\\\/#primaryimage\"},\"thumbnailUrl\":\"https:\\\/\\\/www.todoriego.com.ar\\\/site\\\/wp-content\\\/uploads\\\/2022\\\/08\\\/Bermad_valvula_IR-13Q.jpg\",\"datePublished\":\"2022-08-23T20:40:26+00:00\",\"dateModified\":\"2022-08-23T20:44:14+00:00\",\"description\":\"La v\u00e1lvula de alivio r\u00e1pido de presi\u00f3n de BERMAD es una v\u00e1lvula de control operada hidr\u00e1ulicamente, accionada por diafragma.\",\"breadcrumb\":{\"@id\":\"https:\\\/\\\/www.todoriego.com.ar\\\/site\\\/producto\\\/ir-13q\\\/#breadcrumb\"},\"inLanguage\":\"es-AR\",\"potentialAction\":[{\"@type\":\"ReadAction\",\"target\":[\"https:\\\/\\\/www.todoriego.com.ar\\\/site\\\/producto\\\/ir-13q\\\/\"]}]},{\"@type\":\"ImageObject\",\"inLanguage\":\"es-AR\",\"@id\":\"https:\\\/\\\/www.todoriego.com.ar\\\/site\\\/producto\\\/ir-13q\\\/#primaryimage\",\"url\":\"https:\\\/\\\/www.todoriego.com.ar\\\/site\\\/wp-content\\\/uploads\\\/2022\\\/08\\\/Bermad_valvula_IR-13Q.jpg\",\"contentUrl\":\"https:\\\/\\\/www.todoriego.com.ar\\\/site\\\/wp-content\\\/uploads\\\/2022\\\/08\\\/Bermad_valvula_IR-13Q.jpg\",\"width\":600,\"height\":600},{\"@type\":\"BreadcrumbList\",\"@id\":\"https:\\\/\\\/www.todoriego.com.ar\\\/site\\\/producto\\\/ir-13q\\\/#breadcrumb\",\"itemListElement\":[{\"@type\":\"ListItem\",\"position\":1,\"name\":\"Inicio\",\"item\":\"https:\\\/\\\/www.todoriego.com.ar\\\/site\\\/\"},{\"@type\":\"ListItem\",\"position\":2,\"name\":\"Tienda\",\"item\":\"https:\\\/\\\/www.todoriego.com.ar\\\/site\\\/tienda\\\/\"},{\"@type\":\"ListItem\",\"position\":3,\"name\":\"IR-13Q\"}]},{\"@type\":\"WebSite\",\"@id\":\"https:\\\/\\\/www.todoriego.com.ar\\\/site\\\/#website\",\"url\":\"https:\\\/\\\/www.todoriego.com.ar\\\/site\\\/\",\"name\":\"Todoriego Insumos SRL\",\"description\":\"Sabemos hacer riego\",\"publisher\":{\"@id\":\"https:\\\/\\\/www.todoriego.com.ar\\\/site\\\/#organization\"},\"potentialAction\":[{\"@type\":\"SearchAction\",\"target\":{\"@type\":\"EntryPoint\",\"urlTemplate\":\"https:\\\/\\\/www.todoriego.com.ar\\\/site\\\/?s={search_term_string}\"},\"query-input\":{\"@type\":\"PropertyValueSpecification\",\"valueRequired\":true,\"valueName\":\"search_term_string\"}}],\"inLanguage\":\"es-AR\"},{\"@type\":\"Organization\",\"@id\":\"https:\\\/\\\/www.todoriego.com.ar\\\/site\\\/#organization\",\"name\":\"Todoriego Insumos s.r.l.\",\"url\":\"https:\\\/\\\/www.todoriego.com.ar\\\/site\\\/\",\"logo\":{\"@type\":\"ImageObject\",\"inLanguage\":\"es-AR\",\"@id\":\"https:\\\/\\\/www.todoriego.com.ar\\\/site\\\/#\\\/schema\\\/logo\\\/image\\\/\",\"url\":\"http:\\\/\\\/www.todoriego.com.ar\\\/site\\\/wp-content\\\/uploads\\\/2022\\\/07\\\/todoriego_marca.jpg\",\"contentUrl\":\"http:\\\/\\\/www.todoriego.com.ar\\\/site\\\/wp-content\\\/uploads\\\/2022\\\/07\\\/todoriego_marca.jpg\",\"width\":731,\"height\":731,\"caption\":\"Todoriego Insumos s.r.l.\"},\"image\":{\"@id\":\"https:\\\/\\\/www.todoriego.com.ar\\\/site\\\/#\\\/schema\\\/logo\\\/image\\\/\"},\"sameAs\":[\"https:\\\/\\\/www.facebook.com\\\/todoriegoinsumos\\\/\",\"https:\\\/\\\/www.instagram.com\\\/todoriegoinsumos\\\/\"]}]}<\/script>\n<!-- \/ Yoast SEO plugin. -->","yoast_head_json":{"title":"IR-13Q - Todoriego Insumos SRL","description":"La v\u00e1lvula de alivio r\u00e1pido de presi\u00f3n de BERMAD es una v\u00e1lvula de control operada hidr\u00e1ulicamente, accionada por diafragma.","robots":{"index":"index","follow":"follow","max-snippet":"max-snippet:-1","max-image-preview":"max-image-preview:large","max-video-preview":"max-video-preview:-1"},"canonical":"https:\/\/www.todoriego.com.ar\/site\/producto\/ir-13q\/","og_locale":"es_ES","og_type":"article","og_title":"IR-13Q - Todoriego Insumos SRL","og_description":"La v\u00e1lvula de alivio r\u00e1pido de presi\u00f3n de BERMAD es una v\u00e1lvula de control operada hidr\u00e1ulicamente, accionada por diafragma.","og_url":"https:\/\/www.todoriego.com.ar\/site\/producto\/ir-13q\/","og_site_name":"Todoriego Insumos SRL","article_publisher":"https:\/\/www.facebook.com\/todoriegoinsumos\/","article_modified_time":"2022-08-23T20:44:14+00:00","og_image":[{"width":600,"height":600,"url":"https:\/\/www.todoriego.com.ar\/site\/wp-content\/uploads\/2022\/08\/Bermad_valvula_IR-13Q.jpg","type":"image\/jpeg"}],"twitter_card":"summary_large_image","twitter_misc":{"Tiempo de lectura":"1 minuto"},"schema":{"@context":"https:\/\/schema.org","@graph":[{"@type":"WebPage","@id":"https:\/\/www.todoriego.com.ar\/site\/producto\/ir-13q\/","url":"https:\/\/www.todoriego.com.ar\/site\/producto\/ir-13q\/","name":"IR-13Q - Todoriego Insumos SRL","isPartOf":{"@id":"https:\/\/www.todoriego.com.ar\/site\/#website"},"primaryImageOfPage":{"@id":"https:\/\/www.todoriego.com.ar\/site\/producto\/ir-13q\/#primaryimage"},"image":{"@id":"https:\/\/www.todoriego.com.ar\/site\/producto\/ir-13q\/#primaryimage"},"thumbnailUrl":"https:\/\/www.todoriego.com.ar\/site\/wp-content\/uploads\/2022\/08\/Bermad_valvula_IR-13Q.jpg","datePublished":"2022-08-23T20:40:26+00:00","dateModified":"2022-08-23T20:44:14+00:00","description":"La v\u00e1lvula de alivio r\u00e1pido de presi\u00f3n de BERMAD es una v\u00e1lvula de control operada hidr\u00e1ulicamente, accionada por diafragma.","breadcrumb":{"@id":"https:\/\/www.todoriego.com.ar\/site\/producto\/ir-13q\/#breadcrumb"},"inLanguage":"es-AR","potentialAction":[{"@type":"ReadAction","target":["https:\/\/www.todoriego.com.ar\/site\/producto\/ir-13q\/"]}]},{"@type":"ImageObject","inLanguage":"es-AR","@id":"https:\/\/www.todoriego.com.ar\/site\/producto\/ir-13q\/#primaryimage","url":"https:\/\/www.todoriego.com.ar\/site\/wp-content\/uploads\/2022\/08\/Bermad_valvula_IR-13Q.jpg","contentUrl":"https:\/\/www.todoriego.com.ar\/site\/wp-content\/uploads\/2022\/08\/Bermad_valvula_IR-13Q.jpg","width":600,"height":600},{"@type":"BreadcrumbList","@id":"https:\/\/www.todoriego.com.ar\/site\/producto\/ir-13q\/#breadcrumb","itemListElement":[{"@type":"ListItem","position":1,"name":"Inicio","item":"https:\/\/www.todoriego.com.ar\/site\/"},{"@type":"ListItem","position":2,"name":"Tienda","item":"https:\/\/www.todoriego.com.ar\/site\/tienda\/"},{"@type":"ListItem","position":3,"name":"IR-13Q"}]},{"@type":"WebSite","@id":"https:\/\/www.todoriego.com.ar\/site\/#website","url":"https:\/\/www.todoriego.com.ar\/site\/","name":"Todoriego Insumos SRL","description":"Sabemos hacer riego","publisher":{"@id":"https:\/\/www.todoriego.com.ar\/site\/#organization"},"potentialAction":[{"@type":"SearchAction","target":{"@type":"EntryPoint","urlTemplate":"https:\/\/www.todoriego.com.ar\/site\/?s={search_term_string}"},"query-input":{"@type":"PropertyValueSpecification","valueRequired":true,"valueName":"search_term_string"}}],"inLanguage":"es-AR"},{"@type":"Organization","@id":"https:\/\/www.todoriego.com.ar\/site\/#organization","name":"Todoriego Insumos s.r.l.","url":"https:\/\/www.todoriego.com.ar\/site\/","logo":{"@type":"ImageObject","inLanguage":"es-AR","@id":"https:\/\/www.todoriego.com.ar\/site\/#\/schema\/logo\/image\/","url":"http:\/\/www.todoriego.com.ar\/site\/wp-content\/uploads\/2022\/07\/todoriego_marca.jpg","contentUrl":"http:\/\/www.todoriego.com.ar\/site\/wp-content\/uploads\/2022\/07\/todoriego_marca.jpg","width":731,"height":731,"caption":"Todoriego Insumos s.r.l."},"image":{"@id":"https:\/\/www.todoriego.com.ar\/site\/#\/schema\/logo\/image\/"},"sameAs":["https:\/\/www.facebook.com\/todoriegoinsumos\/","https:\/\/www.instagram.com\/todoriegoinsumos\/"]}]}},"_links":{"self":[{"href":"https:\/\/www.todoriego.com.ar\/site\/wp-json\/wp\/v2\/product\/8983","targetHints":{"allow":["GET"]}}],"collection":[{"href":"https:\/\/www.todoriego.com.ar\/site\/wp-json\/wp\/v2\/product"}],"about":[{"href":"https:\/\/www.todoriego.com.ar\/site\/wp-json\/wp\/v2\/types\/product"}],"wp:featuredmedia":[{"embeddable":true,"href":"https:\/\/www.todoriego.com.ar\/site\/wp-json\/wp\/v2\/media\/8976"}],"wp:attachment":[{"href":"https:\/\/www.todoriego.com.ar\/site\/wp-json\/wp\/v2\/media?parent=8983"}],"wp:term":[{"taxonomy":"product_brand","embeddable":true,"href":"https:\/\/www.todoriego.com.ar\/site\/wp-json\/wp\/v2\/product_brand?post=8983"},{"taxonomy":"product_cat","embeddable":true,"href":"https:\/\/www.todoriego.com.ar\/site\/wp-json\/wp\/v2\/product_cat?post=8983"},{"taxonomy":"product_tag","embeddable":true,"href":"https:\/\/www.todoriego.com.ar\/site\/wp-json\/wp\/v2\/product_tag?post=8983"}],"curies":[{"name":"wp","href":"https:\/\/api.w.org\/{rel}","templated":true}]}}