{"id":8996,"date":"2022-08-24T14:03:06","date_gmt":"2022-08-24T17:03:06","guid":{"rendered":"http:\/\/www.todoriego.com.ar\/site\/?post_type=product&#038;p=8996"},"modified":"2022-08-24T14:33:50","modified_gmt":"2022-08-24T17:33:50","slug":"ir-220-0-xz","status":"publish","type":"product","link":"https:\/\/www.todoriego.com.ar\/site\/producto\/ir-220-0-xz\/","title":{"rendered":"IR-220-M-XZ"},"content":{"rendered":"<p>La v\u00e1lvula de control de reducci\u00f3n de presi\u00f3n BERMAD con control hidr\u00e1ulico es una v\u00e1lvula de control operada hidr\u00e1ulicamente y accionada por diafragma que reduce la presi\u00f3n corriente arriba m\u00e1s alta a una presi\u00f3n corriente abajo constante m\u00e1s baja y se abre completamente tras una ca\u00edda de presi\u00f3n en la l\u00ednea. Se abre o se cierra en respuesta a un comando de presi\u00f3n remoto.<\/p>\n<p><strong>Caracter\u00edsticas<\/strong><br \/>\n\u2022 Alimentada por la presi\u00f3n de la l\u00ednea, controlada hidr\u00e1ulicamente<br \/>\n&#8211; Protege los sistemas corriente abajo<br \/>\n&#8211; Se abre completamente tras una ca\u00edda en la presi\u00f3n de la l\u00ednea<br \/>\n&#8211; Apertura y cierre suaves de la v\u00e1lvula<br \/>\n\u2022 Regulaci\u00f3n precisa y estable<br \/>\n&#8211; Bajos requisitos de presi\u00f3n operativa<br \/>\n&#8211; V\u00e1lvula hidro eficiente con globo de pl\u00e1stico<br \/>\n\u2022 Paso de caudal sin obstrucciones<br \/>\n&#8211; Pieza m\u00f3vil \u00fanica<br \/>\n&#8211; Alta capacidad de caudal<br \/>\n&#8211; Altamente duradera, resistente a los productos qu\u00edmicos y a la cavitaci\u00f3n<br \/>\n&#8211; Diafragma flexible unificado y conector guiado<br \/>\n\u2022 Excelente rendimiento en la regulaci\u00f3n de caudal bajo<br \/>\n&#8211; Evita la erosi\u00f3n y distorsi\u00f3n del diafragma<br \/>\n&#8211; Diafragma completamente fijado y equilibrado<br \/>\n\u2022 Requiere una presi\u00f3n de accionamiento baja<br \/>\n&#8211; Dise\u00f1o sencillo<\/p>\n<p><strong>Aplicaciones<\/strong><br \/>\n\u2022 Sistemas de riego computarizados<br \/>\n\u2022 Sistemas de goteo<br \/>\n\u2022 Estaciones de reducci\u00f3n de presi\u00f3n<br \/>\n\u2022 Riego de invernaderos<br \/>\n\u2022 Sistemas sujetos a variaci\u00f3n de la presi\u00f3n de suministro<br \/>\n\u2022 Jardiner\u00eda<br \/>\n\u2022 Sistemas de riego con ahorro de energ\u00eda<br \/>\n\u2022 Inspecci\u00f3n y mantenimiento sencillos en la l\u00ednea<\/p>\n","protected":false},"excerpt":{"rendered":"<p><img loading=\"lazy\" decoding=\"async\" class=\"alignnone size-full wp-image-8730\" src=\"https:\/\/www.todoriego.com.ar\/site\/wp-content\/uploads\/2022\/07\/bermad.png\" alt=\"bermad\" width=\"103\" height=\"50\" \/><br \/>\nLa v\u00e1lvula de control de reducci\u00f3n de presi\u00f3n BERMAD con control hidr\u00e1ulico es una v\u00e1lvula de control operada hidr\u00e1ulicamente y accionada por diafragma que reduce la presi\u00f3n corriente arriba m\u00e1s alta a una presi\u00f3n corriente abajo constante m\u00e1s baja y se abre completamente tras una ca\u00edda de presi\u00f3n en la l\u00ednea. Se abre o se cierra en respuesta a un comando de presi\u00f3n remoto.<\/p>\n","protected":false},"featured_media":8993,"template":"","meta":{"_acf_changed":false},"product_brand":[],"product_cat":[36,64],"product_tag":[],"class_list":{"0":"post-8996","1":"product","2":"type-product","3":"status-publish","4":"has-post-thumbnail","6":"product_cat-valvulas-y-accesorios-de-medicion","7":"product_cat-valvulas-hidraulicas","9":"first","10":"instock","11":"shipping-taxable","12":"product-type-simple"},"acf":[],"yoast_head":"<!-- This site is optimized with the Yoast SEO plugin v27.4 - https:\/\/yoast.com\/product\/yoast-seo-wordpress\/ -->\n<title>IR-220-M-XZ - Todoriego Insumos SRL<\/title>\n<meta name=\"description\" content=\"Reduce la presi\u00f3n corriente arriba m\u00e1s alta a una presi\u00f3n corriente abajo constante m\u00e1s baja y se abre completamente tras una ca\u00edda de presi\u00f3n en la l\u00ednea.\" \/>\n<meta name=\"robots\" content=\"index, follow, max-snippet:-1, max-image-preview:large, max-video-preview:-1\" \/>\n<link rel=\"canonical\" href=\"https:\/\/www.todoriego.com.ar\/site\/producto\/ir-220-0-xz\/\" \/>\n<meta property=\"og:locale\" content=\"es_ES\" \/>\n<meta property=\"og:type\" content=\"article\" \/>\n<meta property=\"og:title\" content=\"IR-220-M-XZ - Todoriego Insumos SRL\" \/>\n<meta property=\"og:description\" content=\"Reduce la presi\u00f3n corriente arriba m\u00e1s alta a una presi\u00f3n corriente abajo constante m\u00e1s baja y se abre completamente tras una ca\u00edda de presi\u00f3n en la l\u00ednea.\" \/>\n<meta property=\"og:url\" content=\"https:\/\/www.todoriego.com.ar\/site\/producto\/ir-220-0-xz\/\" \/>\n<meta property=\"og:site_name\" content=\"Todoriego Insumos SRL\" \/>\n<meta property=\"article:publisher\" content=\"https:\/\/www.facebook.com\/todoriegoinsumos\/\" \/>\n<meta property=\"article:modified_time\" content=\"2022-08-24T17:33:50+00:00\" \/>\n<meta property=\"og:image\" content=\"https:\/\/www.todoriego.com.ar\/site\/wp-content\/uploads\/2022\/08\/Bermad_valvula_IR-220-M-XZ.jpg\" \/>\n\t<meta property=\"og:image:width\" content=\"600\" \/>\n\t<meta property=\"og:image:height\" content=\"600\" \/>\n\t<meta property=\"og:image:type\" content=\"image\/jpeg\" \/>\n<meta name=\"twitter:card\" content=\"summary_large_image\" \/>\n<meta name=\"twitter:label1\" content=\"Tiempo de lectura\" \/>\n\t<meta name=\"twitter:data1\" content=\"2 minutos\" \/>\n<script type=\"application\/ld+json\" class=\"yoast-schema-graph\">{\"@context\":\"https:\\\/\\\/schema.org\",\"@graph\":[{\"@type\":\"WebPage\",\"@id\":\"https:\\\/\\\/www.todoriego.com.ar\\\/site\\\/producto\\\/ir-220-0-xz\\\/\",\"url\":\"https:\\\/\\\/www.todoriego.com.ar\\\/site\\\/producto\\\/ir-220-0-xz\\\/\",\"name\":\"IR-220-M-XZ - Todoriego Insumos SRL\",\"isPartOf\":{\"@id\":\"https:\\\/\\\/www.todoriego.com.ar\\\/site\\\/#website\"},\"primaryImageOfPage\":{\"@id\":\"https:\\\/\\\/www.todoriego.com.ar\\\/site\\\/producto\\\/ir-220-0-xz\\\/#primaryimage\"},\"image\":{\"@id\":\"https:\\\/\\\/www.todoriego.com.ar\\\/site\\\/producto\\\/ir-220-0-xz\\\/#primaryimage\"},\"thumbnailUrl\":\"https:\\\/\\\/www.todoriego.com.ar\\\/site\\\/wp-content\\\/uploads\\\/2022\\\/08\\\/Bermad_valvula_IR-220-M-XZ.jpg\",\"datePublished\":\"2022-08-24T17:03:06+00:00\",\"dateModified\":\"2022-08-24T17:33:50+00:00\",\"description\":\"Reduce la presi\u00f3n corriente arriba m\u00e1s alta a una presi\u00f3n corriente abajo constante m\u00e1s baja y se abre completamente tras una ca\u00edda de presi\u00f3n en la l\u00ednea.\",\"breadcrumb\":{\"@id\":\"https:\\\/\\\/www.todoriego.com.ar\\\/site\\\/producto\\\/ir-220-0-xz\\\/#breadcrumb\"},\"inLanguage\":\"es-AR\",\"potentialAction\":[{\"@type\":\"ReadAction\",\"target\":[\"https:\\\/\\\/www.todoriego.com.ar\\\/site\\\/producto\\\/ir-220-0-xz\\\/\"]}]},{\"@type\":\"ImageObject\",\"inLanguage\":\"es-AR\",\"@id\":\"https:\\\/\\\/www.todoriego.com.ar\\\/site\\\/producto\\\/ir-220-0-xz\\\/#primaryimage\",\"url\":\"https:\\\/\\\/www.todoriego.com.ar\\\/site\\\/wp-content\\\/uploads\\\/2022\\\/08\\\/Bermad_valvula_IR-220-M-XZ.jpg\",\"contentUrl\":\"https:\\\/\\\/www.todoriego.com.ar\\\/site\\\/wp-content\\\/uploads\\\/2022\\\/08\\\/Bermad_valvula_IR-220-M-XZ.jpg\",\"width\":600,\"height\":600},{\"@type\":\"BreadcrumbList\",\"@id\":\"https:\\\/\\\/www.todoriego.com.ar\\\/site\\\/producto\\\/ir-220-0-xz\\\/#breadcrumb\",\"itemListElement\":[{\"@type\":\"ListItem\",\"position\":1,\"name\":\"Inicio\",\"item\":\"https:\\\/\\\/www.todoriego.com.ar\\\/site\\\/\"},{\"@type\":\"ListItem\",\"position\":2,\"name\":\"Tienda\",\"item\":\"https:\\\/\\\/www.todoriego.com.ar\\\/site\\\/tienda\\\/\"},{\"@type\":\"ListItem\",\"position\":3,\"name\":\"IR-220-M-XZ\"}]},{\"@type\":\"WebSite\",\"@id\":\"https:\\\/\\\/www.todoriego.com.ar\\\/site\\\/#website\",\"url\":\"https:\\\/\\\/www.todoriego.com.ar\\\/site\\\/\",\"name\":\"Todoriego Insumos SRL\",\"description\":\"Sabemos hacer riego\",\"publisher\":{\"@id\":\"https:\\\/\\\/www.todoriego.com.ar\\\/site\\\/#organization\"},\"potentialAction\":[{\"@type\":\"SearchAction\",\"target\":{\"@type\":\"EntryPoint\",\"urlTemplate\":\"https:\\\/\\\/www.todoriego.com.ar\\\/site\\\/?s={search_term_string}\"},\"query-input\":{\"@type\":\"PropertyValueSpecification\",\"valueRequired\":true,\"valueName\":\"search_term_string\"}}],\"inLanguage\":\"es-AR\"},{\"@type\":\"Organization\",\"@id\":\"https:\\\/\\\/www.todoriego.com.ar\\\/site\\\/#organization\",\"name\":\"Todoriego Insumos s.r.l.\",\"url\":\"https:\\\/\\\/www.todoriego.com.ar\\\/site\\\/\",\"logo\":{\"@type\":\"ImageObject\",\"inLanguage\":\"es-AR\",\"@id\":\"https:\\\/\\\/www.todoriego.com.ar\\\/site\\\/#\\\/schema\\\/logo\\\/image\\\/\",\"url\":\"http:\\\/\\\/www.todoriego.com.ar\\\/site\\\/wp-content\\\/uploads\\\/2022\\\/07\\\/todoriego_marca.jpg\",\"contentUrl\":\"http:\\\/\\\/www.todoriego.com.ar\\\/site\\\/wp-content\\\/uploads\\\/2022\\\/07\\\/todoriego_marca.jpg\",\"width\":731,\"height\":731,\"caption\":\"Todoriego Insumos s.r.l.\"},\"image\":{\"@id\":\"https:\\\/\\\/www.todoriego.com.ar\\\/site\\\/#\\\/schema\\\/logo\\\/image\\\/\"},\"sameAs\":[\"https:\\\/\\\/www.facebook.com\\\/todoriegoinsumos\\\/\",\"https:\\\/\\\/www.instagram.com\\\/todoriegoinsumos\\\/\"]}]}<\/script>\n<!-- \/ Yoast SEO plugin. -->","yoast_head_json":{"title":"IR-220-M-XZ - Todoriego Insumos SRL","description":"Reduce la presi\u00f3n corriente arriba m\u00e1s alta a una presi\u00f3n corriente abajo constante m\u00e1s baja y se abre completamente tras una ca\u00edda de presi\u00f3n en la l\u00ednea.","robots":{"index":"index","follow":"follow","max-snippet":"max-snippet:-1","max-image-preview":"max-image-preview:large","max-video-preview":"max-video-preview:-1"},"canonical":"https:\/\/www.todoriego.com.ar\/site\/producto\/ir-220-0-xz\/","og_locale":"es_ES","og_type":"article","og_title":"IR-220-M-XZ - Todoriego Insumos SRL","og_description":"Reduce la presi\u00f3n corriente arriba m\u00e1s alta a una presi\u00f3n corriente abajo constante m\u00e1s baja y se abre completamente tras una ca\u00edda de presi\u00f3n en la l\u00ednea.","og_url":"https:\/\/www.todoriego.com.ar\/site\/producto\/ir-220-0-xz\/","og_site_name":"Todoriego Insumos SRL","article_publisher":"https:\/\/www.facebook.com\/todoriegoinsumos\/","article_modified_time":"2022-08-24T17:33:50+00:00","og_image":[{"width":600,"height":600,"url":"https:\/\/www.todoriego.com.ar\/site\/wp-content\/uploads\/2022\/08\/Bermad_valvula_IR-220-M-XZ.jpg","type":"image\/jpeg"}],"twitter_card":"summary_large_image","twitter_misc":{"Tiempo de lectura":"2 minutos"},"schema":{"@context":"https:\/\/schema.org","@graph":[{"@type":"WebPage","@id":"https:\/\/www.todoriego.com.ar\/site\/producto\/ir-220-0-xz\/","url":"https:\/\/www.todoriego.com.ar\/site\/producto\/ir-220-0-xz\/","name":"IR-220-M-XZ - Todoriego Insumos SRL","isPartOf":{"@id":"https:\/\/www.todoriego.com.ar\/site\/#website"},"primaryImageOfPage":{"@id":"https:\/\/www.todoriego.com.ar\/site\/producto\/ir-220-0-xz\/#primaryimage"},"image":{"@id":"https:\/\/www.todoriego.com.ar\/site\/producto\/ir-220-0-xz\/#primaryimage"},"thumbnailUrl":"https:\/\/www.todoriego.com.ar\/site\/wp-content\/uploads\/2022\/08\/Bermad_valvula_IR-220-M-XZ.jpg","datePublished":"2022-08-24T17:03:06+00:00","dateModified":"2022-08-24T17:33:50+00:00","description":"Reduce la presi\u00f3n corriente arriba m\u00e1s alta a una presi\u00f3n corriente abajo constante m\u00e1s baja y se abre completamente tras una ca\u00edda de presi\u00f3n en la l\u00ednea.","breadcrumb":{"@id":"https:\/\/www.todoriego.com.ar\/site\/producto\/ir-220-0-xz\/#breadcrumb"},"inLanguage":"es-AR","potentialAction":[{"@type":"ReadAction","target":["https:\/\/www.todoriego.com.ar\/site\/producto\/ir-220-0-xz\/"]}]},{"@type":"ImageObject","inLanguage":"es-AR","@id":"https:\/\/www.todoriego.com.ar\/site\/producto\/ir-220-0-xz\/#primaryimage","url":"https:\/\/www.todoriego.com.ar\/site\/wp-content\/uploads\/2022\/08\/Bermad_valvula_IR-220-M-XZ.jpg","contentUrl":"https:\/\/www.todoriego.com.ar\/site\/wp-content\/uploads\/2022\/08\/Bermad_valvula_IR-220-M-XZ.jpg","width":600,"height":600},{"@type":"BreadcrumbList","@id":"https:\/\/www.todoriego.com.ar\/site\/producto\/ir-220-0-xz\/#breadcrumb","itemListElement":[{"@type":"ListItem","position":1,"name":"Inicio","item":"https:\/\/www.todoriego.com.ar\/site\/"},{"@type":"ListItem","position":2,"name":"Tienda","item":"https:\/\/www.todoriego.com.ar\/site\/tienda\/"},{"@type":"ListItem","position":3,"name":"IR-220-M-XZ"}]},{"@type":"WebSite","@id":"https:\/\/www.todoriego.com.ar\/site\/#website","url":"https:\/\/www.todoriego.com.ar\/site\/","name":"Todoriego Insumos SRL","description":"Sabemos hacer riego","publisher":{"@id":"https:\/\/www.todoriego.com.ar\/site\/#organization"},"potentialAction":[{"@type":"SearchAction","target":{"@type":"EntryPoint","urlTemplate":"https:\/\/www.todoriego.com.ar\/site\/?s={search_term_string}"},"query-input":{"@type":"PropertyValueSpecification","valueRequired":true,"valueName":"search_term_string"}}],"inLanguage":"es-AR"},{"@type":"Organization","@id":"https:\/\/www.todoriego.com.ar\/site\/#organization","name":"Todoriego Insumos s.r.l.","url":"https:\/\/www.todoriego.com.ar\/site\/","logo":{"@type":"ImageObject","inLanguage":"es-AR","@id":"https:\/\/www.todoriego.com.ar\/site\/#\/schema\/logo\/image\/","url":"http:\/\/www.todoriego.com.ar\/site\/wp-content\/uploads\/2022\/07\/todoriego_marca.jpg","contentUrl":"http:\/\/www.todoriego.com.ar\/site\/wp-content\/uploads\/2022\/07\/todoriego_marca.jpg","width":731,"height":731,"caption":"Todoriego Insumos s.r.l."},"image":{"@id":"https:\/\/www.todoriego.com.ar\/site\/#\/schema\/logo\/image\/"},"sameAs":["https:\/\/www.facebook.com\/todoriegoinsumos\/","https:\/\/www.instagram.com\/todoriegoinsumos\/"]}]}},"_links":{"self":[{"href":"https:\/\/www.todoriego.com.ar\/site\/wp-json\/wp\/v2\/product\/8996","targetHints":{"allow":["GET"]}}],"collection":[{"href":"https:\/\/www.todoriego.com.ar\/site\/wp-json\/wp\/v2\/product"}],"about":[{"href":"https:\/\/www.todoriego.com.ar\/site\/wp-json\/wp\/v2\/types\/product"}],"wp:featuredmedia":[{"embeddable":true,"href":"https:\/\/www.todoriego.com.ar\/site\/wp-json\/wp\/v2\/media\/8993"}],"wp:attachment":[{"href":"https:\/\/www.todoriego.com.ar\/site\/wp-json\/wp\/v2\/media?parent=8996"}],"wp:term":[{"taxonomy":"product_brand","embeddable":true,"href":"https:\/\/www.todoriego.com.ar\/site\/wp-json\/wp\/v2\/product_brand?post=8996"},{"taxonomy":"product_cat","embeddable":true,"href":"https:\/\/www.todoriego.com.ar\/site\/wp-json\/wp\/v2\/product_cat?post=8996"},{"taxonomy":"product_tag","embeddable":true,"href":"https:\/\/www.todoriego.com.ar\/site\/wp-json\/wp\/v2\/product_tag?post=8996"}],"curies":[{"name":"wp","href":"https:\/\/api.w.org\/{rel}","templated":true}]}}