{"id":9009,"date":"2022-08-24T15:16:27","date_gmt":"2022-08-24T18:16:27","guid":{"rendered":"http:\/\/www.todoriego.com.ar\/site\/?post_type=product&#038;p=9009"},"modified":"2022-08-24T15:31:23","modified_gmt":"2022-08-24T18:31:23","slug":"ir-405","status":"publish","type":"product","link":"https:\/\/www.todoriego.com.ar\/site\/producto\/ir-405\/","title":{"rendered":"IR-405"},"content":{"rendered":"<p>Las v\u00e1lvulas de la serie IR-400 pr\u00e1cticamente no tienen las limitaciones t\u00edpicas asociadas con otras v\u00e1lvulas con c\u00e1mara de diafragma individual. El dise\u00f1o del cuerpo incluye un asiento de di\u00e1metro completo con un paso de caudal sin obstrucciones. El dise\u00f1o interno utiliza materiales avanzados basados en caucho para conseguir un montaje s\u00f3lido, elastom\u00e9rico de una pieza incluyendo un diafragma flexible, vulcanizado con un disco de sellado radial resistente. El diafragma se equilibra cuidadosamente y est\u00e1 soportado perif\u00e9ricamente para evitar distorsiones y proteger el elast\u00f3mero, lo que resulta en una larga vida \u00fatil y un accionamiento controlado, incluso bajo condiciones dif\u00edciles. Un diafragma y resorte se adaptan completamente a los requisitos de rango de presi\u00f3n operativa de la v\u00e1lvula. Las v\u00e1lvulas de la Serie IR-400 est\u00e1n disponibles en di\u00e1metros desde 1&#8243;-16&#8243;; DN25 &#8211; DN400<\/p>\n<p><strong>Caracter\u00edsticas<\/strong><br \/>\n\u2022 V\u00e1lvula de control hidr\u00e1ulica<br \/>\n\u2022 Alimentada por la presi\u00f3n de la l\u00ednea<br \/>\n&#8211; Activaci\u00f3n\/desactivaci\u00f3n controlada hidr\u00e1ulicamente<br \/>\n&#8211; Dise\u00f1o hidro eficiente de globo avanzado<br \/>\n&#8211; Paso de caudal sin obstrucciones<br \/>\n&#8211; Pieza m\u00f3vil \u00fanica<br \/>\n\u2022 Alta capacidad de caudal<br \/>\n&#8211; Diafragma completamente fijado y equilibrado<br \/>\n&#8211; Requiere baja presi\u00f3n de apertura y accionamiento<br \/>\n&#8211; Restringe progresivamente el cierre de la v\u00e1lvula<br \/>\n&#8211; Evita la distorsi\u00f3n del diafragma<br \/>\n\u2022 Dise\u00f1o sencillo<br \/>\n&#8211; Inspecci\u00f3n sencilla en la l\u00ednea<br \/>\n&#8211; F\u00e1cil adici\u00f3n de funciones de control<\/p>\n<p><strong>Aplicaciones<\/strong><br \/>\n\u2022 Sistemas de riego computarizados<br \/>\n\u2022 Centros de distribuci\u00f3n<br \/>\n\u2022 LPS \u2013 Sistemas de presi\u00f3n baja<br \/>\n\u2022 V\u00e1lvula de control de nivel<br \/>\n\u2022 Estaciones de filtrado<\/p>\n","protected":false},"excerpt":{"rendered":"<p><img loading=\"lazy\" decoding=\"async\" class=\"alignnone size-full wp-image-8730\" src=\"https:\/\/www.todoriego.com.ar\/site\/wp-content\/uploads\/2022\/07\/bermad.png\" alt=\"bermad\" width=\"103\" height=\"50\" \/><br \/>\nLas v\u00e1lvulas de la serie IR-400 pr\u00e1cticamente no tienen las limitaciones t\u00edpicas asociadas con otras v\u00e1lvulas con c\u00e1mara de diafragma individual. El dise\u00f1o del cuerpo incluye un asiento de di\u00e1metro completo con un paso de caudal sin obstrucciones.<\/p>\n","protected":false},"featured_media":9007,"template":"","meta":{"_acf_changed":false},"product_brand":[],"product_cat":[64,36],"product_tag":[],"class_list":{"0":"post-9009","1":"product","2":"type-product","3":"status-publish","4":"has-post-thumbnail","6":"product_cat-valvulas-hidraulicas","7":"product_cat-valvulas-y-accesorios-de-medicion","9":"first","10":"instock","11":"shipping-taxable","12":"product-type-simple"},"acf":[],"yoast_head":"<!-- This site is optimized with the Yoast SEO plugin v27.6 - https:\/\/yoast.com\/product\/yoast-seo-wordpress\/ -->\n<title>IR-405 - Todoriego Insumos SRL<\/title>\n<meta name=\"description\" content=\"Las v\u00e1lvulas de la serie IR-400 pr\u00e1cticamente no tienen las limitaciones t\u00edpicas asociadas con otras v\u00e1lvulas con c\u00e1mara de diafragma individual.\" \/>\n<meta name=\"robots\" content=\"index, follow, max-snippet:-1, max-image-preview:large, max-video-preview:-1\" \/>\n<link rel=\"canonical\" href=\"https:\/\/www.todoriego.com.ar\/site\/producto\/ir-405\/\" \/>\n<meta property=\"og:locale\" content=\"es_ES\" \/>\n<meta property=\"og:type\" content=\"article\" \/>\n<meta property=\"og:title\" content=\"IR-405 - Todoriego Insumos SRL\" \/>\n<meta property=\"og:description\" content=\"Las v\u00e1lvulas de la serie IR-400 pr\u00e1cticamente no tienen las limitaciones t\u00edpicas asociadas con otras v\u00e1lvulas con c\u00e1mara de diafragma individual.\" \/>\n<meta property=\"og:url\" content=\"https:\/\/www.todoriego.com.ar\/site\/producto\/ir-405\/\" \/>\n<meta property=\"og:site_name\" content=\"Todoriego Insumos SRL\" \/>\n<meta property=\"article:publisher\" content=\"https:\/\/www.facebook.com\/todoriegoinsumos\/\" \/>\n<meta property=\"article:modified_time\" content=\"2022-08-24T18:31:23+00:00\" \/>\n<meta property=\"og:image\" content=\"https:\/\/www.todoriego.com.ar\/site\/wp-content\/uploads\/2022\/08\/Bermad_valvula_IR-405.jpg\" \/>\n\t<meta property=\"og:image:width\" content=\"600\" \/>\n\t<meta property=\"og:image:height\" content=\"600\" \/>\n\t<meta property=\"og:image:type\" content=\"image\/jpeg\" \/>\n<meta name=\"twitter:card\" content=\"summary_large_image\" \/>\n<meta name=\"twitter:label1\" content=\"Tiempo de lectura\" \/>\n\t<meta name=\"twitter:data1\" content=\"2 minutos\" \/>\n<script type=\"application\/ld+json\" class=\"yoast-schema-graph\">{\"@context\":\"https:\\\/\\\/schema.org\",\"@graph\":[{\"@type\":\"WebPage\",\"@id\":\"https:\\\/\\\/www.todoriego.com.ar\\\/site\\\/producto\\\/ir-405\\\/\",\"url\":\"https:\\\/\\\/www.todoriego.com.ar\\\/site\\\/producto\\\/ir-405\\\/\",\"name\":\"IR-405 - Todoriego Insumos SRL\",\"isPartOf\":{\"@id\":\"https:\\\/\\\/www.todoriego.com.ar\\\/site\\\/#website\"},\"primaryImageOfPage\":{\"@id\":\"https:\\\/\\\/www.todoriego.com.ar\\\/site\\\/producto\\\/ir-405\\\/#primaryimage\"},\"image\":{\"@id\":\"https:\\\/\\\/www.todoriego.com.ar\\\/site\\\/producto\\\/ir-405\\\/#primaryimage\"},\"thumbnailUrl\":\"https:\\\/\\\/www.todoriego.com.ar\\\/site\\\/wp-content\\\/uploads\\\/2022\\\/08\\\/Bermad_valvula_IR-405.jpg\",\"datePublished\":\"2022-08-24T18:16:27+00:00\",\"dateModified\":\"2022-08-24T18:31:23+00:00\",\"description\":\"Las v\u00e1lvulas de la serie IR-400 pr\u00e1cticamente no tienen las limitaciones t\u00edpicas asociadas con otras v\u00e1lvulas con c\u00e1mara de diafragma individual.\",\"breadcrumb\":{\"@id\":\"https:\\\/\\\/www.todoriego.com.ar\\\/site\\\/producto\\\/ir-405\\\/#breadcrumb\"},\"inLanguage\":\"es-AR\",\"potentialAction\":[{\"@type\":\"ReadAction\",\"target\":[\"https:\\\/\\\/www.todoriego.com.ar\\\/site\\\/producto\\\/ir-405\\\/\"]}]},{\"@type\":\"ImageObject\",\"inLanguage\":\"es-AR\",\"@id\":\"https:\\\/\\\/www.todoriego.com.ar\\\/site\\\/producto\\\/ir-405\\\/#primaryimage\",\"url\":\"https:\\\/\\\/www.todoriego.com.ar\\\/site\\\/wp-content\\\/uploads\\\/2022\\\/08\\\/Bermad_valvula_IR-405.jpg\",\"contentUrl\":\"https:\\\/\\\/www.todoriego.com.ar\\\/site\\\/wp-content\\\/uploads\\\/2022\\\/08\\\/Bermad_valvula_IR-405.jpg\",\"width\":600,\"height\":600},{\"@type\":\"BreadcrumbList\",\"@id\":\"https:\\\/\\\/www.todoriego.com.ar\\\/site\\\/producto\\\/ir-405\\\/#breadcrumb\",\"itemListElement\":[{\"@type\":\"ListItem\",\"position\":1,\"name\":\"Inicio\",\"item\":\"https:\\\/\\\/www.todoriego.com.ar\\\/site\\\/\"},{\"@type\":\"ListItem\",\"position\":2,\"name\":\"Tienda\",\"item\":\"https:\\\/\\\/www.todoriego.com.ar\\\/site\\\/tienda\\\/\"},{\"@type\":\"ListItem\",\"position\":3,\"name\":\"IR-405\"}]},{\"@type\":\"WebSite\",\"@id\":\"https:\\\/\\\/www.todoriego.com.ar\\\/site\\\/#website\",\"url\":\"https:\\\/\\\/www.todoriego.com.ar\\\/site\\\/\",\"name\":\"Todoriego Insumos SRL\",\"description\":\"Sabemos hacer riego\",\"publisher\":{\"@id\":\"https:\\\/\\\/www.todoriego.com.ar\\\/site\\\/#organization\"},\"potentialAction\":[{\"@type\":\"SearchAction\",\"target\":{\"@type\":\"EntryPoint\",\"urlTemplate\":\"https:\\\/\\\/www.todoriego.com.ar\\\/site\\\/?s={search_term_string}\"},\"query-input\":{\"@type\":\"PropertyValueSpecification\",\"valueRequired\":true,\"valueName\":\"search_term_string\"}}],\"inLanguage\":\"es-AR\"},{\"@type\":\"Organization\",\"@id\":\"https:\\\/\\\/www.todoriego.com.ar\\\/site\\\/#organization\",\"name\":\"Todoriego Insumos s.r.l.\",\"url\":\"https:\\\/\\\/www.todoriego.com.ar\\\/site\\\/\",\"logo\":{\"@type\":\"ImageObject\",\"inLanguage\":\"es-AR\",\"@id\":\"https:\\\/\\\/www.todoriego.com.ar\\\/site\\\/#\\\/schema\\\/logo\\\/image\\\/\",\"url\":\"http:\\\/\\\/www.todoriego.com.ar\\\/site\\\/wp-content\\\/uploads\\\/2022\\\/07\\\/todoriego_marca.jpg\",\"contentUrl\":\"http:\\\/\\\/www.todoriego.com.ar\\\/site\\\/wp-content\\\/uploads\\\/2022\\\/07\\\/todoriego_marca.jpg\",\"width\":731,\"height\":731,\"caption\":\"Todoriego Insumos s.r.l.\"},\"image\":{\"@id\":\"https:\\\/\\\/www.todoriego.com.ar\\\/site\\\/#\\\/schema\\\/logo\\\/image\\\/\"},\"sameAs\":[\"https:\\\/\\\/www.facebook.com\\\/todoriegoinsumos\\\/\",\"https:\\\/\\\/www.instagram.com\\\/todoriegoinsumos\\\/\"]}]}<\/script>\n<!-- \/ Yoast SEO plugin. -->","yoast_head_json":{"title":"IR-405 - Todoriego Insumos SRL","description":"Las v\u00e1lvulas de la serie IR-400 pr\u00e1cticamente no tienen las limitaciones t\u00edpicas asociadas con otras v\u00e1lvulas con c\u00e1mara de diafragma individual.","robots":{"index":"index","follow":"follow","max-snippet":"max-snippet:-1","max-image-preview":"max-image-preview:large","max-video-preview":"max-video-preview:-1"},"canonical":"https:\/\/www.todoriego.com.ar\/site\/producto\/ir-405\/","og_locale":"es_ES","og_type":"article","og_title":"IR-405 - Todoriego Insumos SRL","og_description":"Las v\u00e1lvulas de la serie IR-400 pr\u00e1cticamente no tienen las limitaciones t\u00edpicas asociadas con otras v\u00e1lvulas con c\u00e1mara de diafragma individual.","og_url":"https:\/\/www.todoriego.com.ar\/site\/producto\/ir-405\/","og_site_name":"Todoriego Insumos SRL","article_publisher":"https:\/\/www.facebook.com\/todoriegoinsumos\/","article_modified_time":"2022-08-24T18:31:23+00:00","og_image":[{"width":600,"height":600,"url":"https:\/\/www.todoriego.com.ar\/site\/wp-content\/uploads\/2022\/08\/Bermad_valvula_IR-405.jpg","type":"image\/jpeg"}],"twitter_card":"summary_large_image","twitter_misc":{"Tiempo de lectura":"2 minutos"},"schema":{"@context":"https:\/\/schema.org","@graph":[{"@type":"WebPage","@id":"https:\/\/www.todoriego.com.ar\/site\/producto\/ir-405\/","url":"https:\/\/www.todoriego.com.ar\/site\/producto\/ir-405\/","name":"IR-405 - Todoriego Insumos SRL","isPartOf":{"@id":"https:\/\/www.todoriego.com.ar\/site\/#website"},"primaryImageOfPage":{"@id":"https:\/\/www.todoriego.com.ar\/site\/producto\/ir-405\/#primaryimage"},"image":{"@id":"https:\/\/www.todoriego.com.ar\/site\/producto\/ir-405\/#primaryimage"},"thumbnailUrl":"https:\/\/www.todoriego.com.ar\/site\/wp-content\/uploads\/2022\/08\/Bermad_valvula_IR-405.jpg","datePublished":"2022-08-24T18:16:27+00:00","dateModified":"2022-08-24T18:31:23+00:00","description":"Las v\u00e1lvulas de la serie IR-400 pr\u00e1cticamente no tienen las limitaciones t\u00edpicas asociadas con otras v\u00e1lvulas con c\u00e1mara de diafragma individual.","breadcrumb":{"@id":"https:\/\/www.todoriego.com.ar\/site\/producto\/ir-405\/#breadcrumb"},"inLanguage":"es-AR","potentialAction":[{"@type":"ReadAction","target":["https:\/\/www.todoriego.com.ar\/site\/producto\/ir-405\/"]}]},{"@type":"ImageObject","inLanguage":"es-AR","@id":"https:\/\/www.todoriego.com.ar\/site\/producto\/ir-405\/#primaryimage","url":"https:\/\/www.todoriego.com.ar\/site\/wp-content\/uploads\/2022\/08\/Bermad_valvula_IR-405.jpg","contentUrl":"https:\/\/www.todoriego.com.ar\/site\/wp-content\/uploads\/2022\/08\/Bermad_valvula_IR-405.jpg","width":600,"height":600},{"@type":"BreadcrumbList","@id":"https:\/\/www.todoriego.com.ar\/site\/producto\/ir-405\/#breadcrumb","itemListElement":[{"@type":"ListItem","position":1,"name":"Inicio","item":"https:\/\/www.todoriego.com.ar\/site\/"},{"@type":"ListItem","position":2,"name":"Tienda","item":"https:\/\/www.todoriego.com.ar\/site\/tienda\/"},{"@type":"ListItem","position":3,"name":"IR-405"}]},{"@type":"WebSite","@id":"https:\/\/www.todoriego.com.ar\/site\/#website","url":"https:\/\/www.todoriego.com.ar\/site\/","name":"Todoriego Insumos SRL","description":"Sabemos hacer riego","publisher":{"@id":"https:\/\/www.todoriego.com.ar\/site\/#organization"},"potentialAction":[{"@type":"SearchAction","target":{"@type":"EntryPoint","urlTemplate":"https:\/\/www.todoriego.com.ar\/site\/?s={search_term_string}"},"query-input":{"@type":"PropertyValueSpecification","valueRequired":true,"valueName":"search_term_string"}}],"inLanguage":"es-AR"},{"@type":"Organization","@id":"https:\/\/www.todoriego.com.ar\/site\/#organization","name":"Todoriego Insumos s.r.l.","url":"https:\/\/www.todoriego.com.ar\/site\/","logo":{"@type":"ImageObject","inLanguage":"es-AR","@id":"https:\/\/www.todoriego.com.ar\/site\/#\/schema\/logo\/image\/","url":"http:\/\/www.todoriego.com.ar\/site\/wp-content\/uploads\/2022\/07\/todoriego_marca.jpg","contentUrl":"http:\/\/www.todoriego.com.ar\/site\/wp-content\/uploads\/2022\/07\/todoriego_marca.jpg","width":731,"height":731,"caption":"Todoriego Insumos s.r.l."},"image":{"@id":"https:\/\/www.todoriego.com.ar\/site\/#\/schema\/logo\/image\/"},"sameAs":["https:\/\/www.facebook.com\/todoriegoinsumos\/","https:\/\/www.instagram.com\/todoriegoinsumos\/"]}]}},"_links":{"self":[{"href":"https:\/\/www.todoriego.com.ar\/site\/wp-json\/wp\/v2\/product\/9009","targetHints":{"allow":["GET"]}}],"collection":[{"href":"https:\/\/www.todoriego.com.ar\/site\/wp-json\/wp\/v2\/product"}],"about":[{"href":"https:\/\/www.todoriego.com.ar\/site\/wp-json\/wp\/v2\/types\/product"}],"wp:featuredmedia":[{"embeddable":true,"href":"https:\/\/www.todoriego.com.ar\/site\/wp-json\/wp\/v2\/media\/9007"}],"wp:attachment":[{"href":"https:\/\/www.todoriego.com.ar\/site\/wp-json\/wp\/v2\/media?parent=9009"}],"wp:term":[{"taxonomy":"product_brand","embeddable":true,"href":"https:\/\/www.todoriego.com.ar\/site\/wp-json\/wp\/v2\/product_brand?post=9009"},{"taxonomy":"product_cat","embeddable":true,"href":"https:\/\/www.todoriego.com.ar\/site\/wp-json\/wp\/v2\/product_cat?post=9009"},{"taxonomy":"product_tag","embeddable":true,"href":"https:\/\/www.todoriego.com.ar\/site\/wp-json\/wp\/v2\/product_tag?post=9009"}],"curies":[{"name":"wp","href":"https:\/\/api.w.org\/{rel}","templated":true}]}}