{"id":9023,"date":"2022-08-26T15:56:31","date_gmt":"2022-08-26T18:56:31","guid":{"rendered":"http:\/\/www.todoriego.com.ar\/site\/?post_type=product&#038;p=9023"},"modified":"2022-08-26T16:10:52","modified_gmt":"2022-08-26T19:10:52","slug":"toberas-uni-spray","status":"publish","type":"product","link":"https:\/\/www.todoriego.com.ar\/site\/producto\/toberas-uni-spray\/","title":{"rendered":"Toberas Uni Spray"},"content":{"rendered":"<p>Cabezales Difusor fiables y compactos para cualquier aplicaci\u00f3n<br \/>\nEl dispositivo UNI-Spray\u2122 acepta todas las toberas Rain Bird, incluyendo las series MPR, VAN y U, lo que lo convierte en una excelente opci\u00f3n para regar zonas de c\u00e9sped y arbustos de forma est\u00e1ndar e irregular.<\/p>\n<p>Para mayor comodidad, estos fiables y compactos cabezales Difusor se pueden enviar con o sin toberas de arco variable (VAN) preinstaladas o toberas de arco variable de alta eficiencia (HE-VAN), que se pueden ajustar desde 0\u00b0 hasta el funcionamiento de c\u00edrculo 360\u00b0 completo, ahorrando horas de tiempo de instalaci\u00f3n, esfuerzo y dinero.<\/p>\n<p><strong>Caracter\u00edsticas<\/strong><br \/>\n\u2022 Toberas regulables de tipo VAN premontadas en el difusor<br \/>\n\u2022 Posibilidad de montar todas las toberas MPR (caudal proporcional a la superficie a regar) y las toberas Serie U para macizos de flores y arrietes<br \/>\n\u2022 2 alturas de emergencia<br \/>\n\u2022 Ajuste perfecto del sector a regar mediante un sistema de trinquete<br \/>\n\u2022 Junta de estanqueidad activada por presi\u00f3n<br \/>\n\u2022 Muelle muy potente en acero inoxidable<br \/>\n\u2022 Tornillo de ajuste del caudal y del alcance<br \/>\n\u2022 Filtro situado en la misma tobera<br \/>\n\u2022 Kit opcional de v\u00e1lvula antidrenaje SAM que retiene hasta 1,5 m. de diferencias de elevaci\u00f3n, instalable en difusores ya instalados<\/p>\n<p><strong>Especificaciones<\/strong><br \/>\n\u2022 Presi\u00f3n: 15 a 70 psi (1,0 a 4,8 bar)<br \/>\n\u2022 Presi\u00f3n \u00f3ptima: 30 psi (2,1 bares)*<br \/>\n\u2022 Rango de arco de la tobera ajustable: 0\u00b0 &#8211; 360\u00b0.<br \/>\n\u2022 P\u00e9rdida de agua: 0 a 10 psi (0,75 bar) o superior; de lo contrario 0,20 gpm (0,04 m\u00b3\/h; 0,60 l\/s).<\/p>\n<p><strong>Dimensiones<\/strong><br \/>\n\u2022 Entrada roscada: 1\/2&#8243;<br \/>\n\u2022 Di\u00e1metro expuesto: 3,2 cm<br \/>\n\u2022 Altura del cuerpo:<br \/>\n&#8211; US-200: 9,6 cm<br \/>\n&#8211; US-400: 15,0 cm<br \/>\n\u2022 Altura de emergencia:<br \/>\n&#8211; US-200: 5,1 cm<br \/>\n&#8211; US-400: 10,2 cm<\/p>\n","protected":false},"excerpt":{"rendered":"<p><img loading=\"lazy\" decoding=\"async\" class=\"alignnone size-full wp-image-8741\" src=\"https:\/\/www.todoriego.com.ar\/site\/wp-content\/uploads\/2022\/07\/rainbird.png\" alt=\"\" width=\"103\" height=\"50\" \/><br \/>\nEl dispositivo UNI-Spray\u2122 acepta todas las toberas Rain Bird, incluyendo las series MPR, VAN y U, lo que lo convierte en una excelente opci\u00f3n para regar zonas de c\u00e9sped y arbustos de forma est\u00e1ndar e irregular.<\/p>\n","protected":false},"featured_media":9030,"template":"","meta":{"_acf_changed":false},"product_brand":[],"product_cat":[39,104],"product_tag":[],"class_list":{"0":"post-9023","1":"product","2":"type-product","3":"status-publish","4":"has-post-thumbnail","6":"product_cat-espacios-verdes","7":"product_cat-toberas","9":"first","10":"instock","11":"shipping-taxable","12":"product-type-simple"},"acf":[],"yoast_head":"<!-- This site is optimized with the Yoast SEO plugin v27.5 - https:\/\/yoast.com\/product\/yoast-seo-wordpress\/ -->\n<title>Toberas Uni Spray - Todoriego Insumos SRL<\/title>\n<meta name=\"description\" content=\"El dispositivo UNI-Spray\u2122 acepta todas las toberas Rain Bird, es una excelente opci\u00f3n para regar zonas de c\u00e9sped y arbustos de forma est\u00e1ndar e irregular.\" \/>\n<meta name=\"robots\" content=\"index, follow, max-snippet:-1, max-image-preview:large, max-video-preview:-1\" \/>\n<link rel=\"canonical\" href=\"https:\/\/www.todoriego.com.ar\/site\/producto\/toberas-uni-spray\/\" \/>\n<meta property=\"og:locale\" content=\"es_ES\" \/>\n<meta property=\"og:type\" content=\"article\" \/>\n<meta property=\"og:title\" content=\"Toberas Uni Spray - Todoriego Insumos SRL\" \/>\n<meta property=\"og:description\" content=\"El dispositivo UNI-Spray\u2122 acepta todas las toberas Rain Bird, es una excelente opci\u00f3n para regar zonas de c\u00e9sped y arbustos de forma est\u00e1ndar e irregular.\" \/>\n<meta property=\"og:url\" content=\"https:\/\/www.todoriego.com.ar\/site\/producto\/toberas-uni-spray\/\" \/>\n<meta property=\"og:site_name\" content=\"Todoriego Insumos SRL\" \/>\n<meta property=\"article:publisher\" content=\"https:\/\/www.facebook.com\/todoriegoinsumos\/\" \/>\n<meta property=\"article:modified_time\" content=\"2022-08-26T19:10:52+00:00\" \/>\n<meta property=\"og:image\" content=\"https:\/\/www.todoriego.com.ar\/site\/wp-content\/uploads\/2022\/08\/RainBird_tobera-uniSpray.jpg\" \/>\n\t<meta property=\"og:image:width\" content=\"600\" \/>\n\t<meta property=\"og:image:height\" content=\"600\" \/>\n\t<meta property=\"og:image:type\" content=\"image\/jpeg\" \/>\n<meta name=\"twitter:card\" content=\"summary_large_image\" \/>\n<meta name=\"twitter:label1\" content=\"Tiempo de lectura\" \/>\n\t<meta name=\"twitter:data1\" content=\"2 minutos\" \/>\n<script type=\"application\/ld+json\" class=\"yoast-schema-graph\">{\"@context\":\"https:\\\/\\\/schema.org\",\"@graph\":[{\"@type\":\"WebPage\",\"@id\":\"https:\\\/\\\/www.todoriego.com.ar\\\/site\\\/producto\\\/toberas-uni-spray\\\/\",\"url\":\"https:\\\/\\\/www.todoriego.com.ar\\\/site\\\/producto\\\/toberas-uni-spray\\\/\",\"name\":\"Toberas Uni Spray - Todoriego Insumos SRL\",\"isPartOf\":{\"@id\":\"https:\\\/\\\/www.todoriego.com.ar\\\/site\\\/#website\"},\"primaryImageOfPage\":{\"@id\":\"https:\\\/\\\/www.todoriego.com.ar\\\/site\\\/producto\\\/toberas-uni-spray\\\/#primaryimage\"},\"image\":{\"@id\":\"https:\\\/\\\/www.todoriego.com.ar\\\/site\\\/producto\\\/toberas-uni-spray\\\/#primaryimage\"},\"thumbnailUrl\":\"https:\\\/\\\/www.todoriego.com.ar\\\/site\\\/wp-content\\\/uploads\\\/2022\\\/08\\\/RainBird_tobera-uniSpray.jpg\",\"datePublished\":\"2022-08-26T18:56:31+00:00\",\"dateModified\":\"2022-08-26T19:10:52+00:00\",\"description\":\"El dispositivo UNI-Spray\u2122 acepta todas las toberas Rain Bird, es una excelente opci\u00f3n para regar zonas de c\u00e9sped y arbustos de forma est\u00e1ndar e irregular.\",\"breadcrumb\":{\"@id\":\"https:\\\/\\\/www.todoriego.com.ar\\\/site\\\/producto\\\/toberas-uni-spray\\\/#breadcrumb\"},\"inLanguage\":\"es-AR\",\"potentialAction\":[{\"@type\":\"ReadAction\",\"target\":[\"https:\\\/\\\/www.todoriego.com.ar\\\/site\\\/producto\\\/toberas-uni-spray\\\/\"]}]},{\"@type\":\"ImageObject\",\"inLanguage\":\"es-AR\",\"@id\":\"https:\\\/\\\/www.todoriego.com.ar\\\/site\\\/producto\\\/toberas-uni-spray\\\/#primaryimage\",\"url\":\"https:\\\/\\\/www.todoriego.com.ar\\\/site\\\/wp-content\\\/uploads\\\/2022\\\/08\\\/RainBird_tobera-uniSpray.jpg\",\"contentUrl\":\"https:\\\/\\\/www.todoriego.com.ar\\\/site\\\/wp-content\\\/uploads\\\/2022\\\/08\\\/RainBird_tobera-uniSpray.jpg\",\"width\":600,\"height\":600},{\"@type\":\"BreadcrumbList\",\"@id\":\"https:\\\/\\\/www.todoriego.com.ar\\\/site\\\/producto\\\/toberas-uni-spray\\\/#breadcrumb\",\"itemListElement\":[{\"@type\":\"ListItem\",\"position\":1,\"name\":\"Inicio\",\"item\":\"https:\\\/\\\/www.todoriego.com.ar\\\/site\\\/\"},{\"@type\":\"ListItem\",\"position\":2,\"name\":\"Tienda\",\"item\":\"https:\\\/\\\/www.todoriego.com.ar\\\/site\\\/tienda\\\/\"},{\"@type\":\"ListItem\",\"position\":3,\"name\":\"Toberas Uni Spray\"}]},{\"@type\":\"WebSite\",\"@id\":\"https:\\\/\\\/www.todoriego.com.ar\\\/site\\\/#website\",\"url\":\"https:\\\/\\\/www.todoriego.com.ar\\\/site\\\/\",\"name\":\"Todoriego Insumos SRL\",\"description\":\"Sabemos hacer riego\",\"publisher\":{\"@id\":\"https:\\\/\\\/www.todoriego.com.ar\\\/site\\\/#organization\"},\"potentialAction\":[{\"@type\":\"SearchAction\",\"target\":{\"@type\":\"EntryPoint\",\"urlTemplate\":\"https:\\\/\\\/www.todoriego.com.ar\\\/site\\\/?s={search_term_string}\"},\"query-input\":{\"@type\":\"PropertyValueSpecification\",\"valueRequired\":true,\"valueName\":\"search_term_string\"}}],\"inLanguage\":\"es-AR\"},{\"@type\":\"Organization\",\"@id\":\"https:\\\/\\\/www.todoriego.com.ar\\\/site\\\/#organization\",\"name\":\"Todoriego Insumos s.r.l.\",\"url\":\"https:\\\/\\\/www.todoriego.com.ar\\\/site\\\/\",\"logo\":{\"@type\":\"ImageObject\",\"inLanguage\":\"es-AR\",\"@id\":\"https:\\\/\\\/www.todoriego.com.ar\\\/site\\\/#\\\/schema\\\/logo\\\/image\\\/\",\"url\":\"http:\\\/\\\/www.todoriego.com.ar\\\/site\\\/wp-content\\\/uploads\\\/2022\\\/07\\\/todoriego_marca.jpg\",\"contentUrl\":\"http:\\\/\\\/www.todoriego.com.ar\\\/site\\\/wp-content\\\/uploads\\\/2022\\\/07\\\/todoriego_marca.jpg\",\"width\":731,\"height\":731,\"caption\":\"Todoriego Insumos s.r.l.\"},\"image\":{\"@id\":\"https:\\\/\\\/www.todoriego.com.ar\\\/site\\\/#\\\/schema\\\/logo\\\/image\\\/\"},\"sameAs\":[\"https:\\\/\\\/www.facebook.com\\\/todoriegoinsumos\\\/\",\"https:\\\/\\\/www.instagram.com\\\/todoriegoinsumos\\\/\"]}]}<\/script>\n<!-- \/ Yoast SEO plugin. -->","yoast_head_json":{"title":"Toberas Uni Spray - Todoriego Insumos SRL","description":"El dispositivo UNI-Spray\u2122 acepta todas las toberas Rain Bird, es una excelente opci\u00f3n para regar zonas de c\u00e9sped y arbustos de forma est\u00e1ndar e irregular.","robots":{"index":"index","follow":"follow","max-snippet":"max-snippet:-1","max-image-preview":"max-image-preview:large","max-video-preview":"max-video-preview:-1"},"canonical":"https:\/\/www.todoriego.com.ar\/site\/producto\/toberas-uni-spray\/","og_locale":"es_ES","og_type":"article","og_title":"Toberas Uni Spray - Todoriego Insumos SRL","og_description":"El dispositivo UNI-Spray\u2122 acepta todas las toberas Rain Bird, es una excelente opci\u00f3n para regar zonas de c\u00e9sped y arbustos de forma est\u00e1ndar e irregular.","og_url":"https:\/\/www.todoriego.com.ar\/site\/producto\/toberas-uni-spray\/","og_site_name":"Todoriego Insumos SRL","article_publisher":"https:\/\/www.facebook.com\/todoriegoinsumos\/","article_modified_time":"2022-08-26T19:10:52+00:00","og_image":[{"width":600,"height":600,"url":"https:\/\/www.todoriego.com.ar\/site\/wp-content\/uploads\/2022\/08\/RainBird_tobera-uniSpray.jpg","type":"image\/jpeg"}],"twitter_card":"summary_large_image","twitter_misc":{"Tiempo de lectura":"2 minutos"},"schema":{"@context":"https:\/\/schema.org","@graph":[{"@type":"WebPage","@id":"https:\/\/www.todoriego.com.ar\/site\/producto\/toberas-uni-spray\/","url":"https:\/\/www.todoriego.com.ar\/site\/producto\/toberas-uni-spray\/","name":"Toberas Uni Spray - Todoriego Insumos SRL","isPartOf":{"@id":"https:\/\/www.todoriego.com.ar\/site\/#website"},"primaryImageOfPage":{"@id":"https:\/\/www.todoriego.com.ar\/site\/producto\/toberas-uni-spray\/#primaryimage"},"image":{"@id":"https:\/\/www.todoriego.com.ar\/site\/producto\/toberas-uni-spray\/#primaryimage"},"thumbnailUrl":"https:\/\/www.todoriego.com.ar\/site\/wp-content\/uploads\/2022\/08\/RainBird_tobera-uniSpray.jpg","datePublished":"2022-08-26T18:56:31+00:00","dateModified":"2022-08-26T19:10:52+00:00","description":"El dispositivo UNI-Spray\u2122 acepta todas las toberas Rain Bird, es una excelente opci\u00f3n para regar zonas de c\u00e9sped y arbustos de forma est\u00e1ndar e irregular.","breadcrumb":{"@id":"https:\/\/www.todoriego.com.ar\/site\/producto\/toberas-uni-spray\/#breadcrumb"},"inLanguage":"es-AR","potentialAction":[{"@type":"ReadAction","target":["https:\/\/www.todoriego.com.ar\/site\/producto\/toberas-uni-spray\/"]}]},{"@type":"ImageObject","inLanguage":"es-AR","@id":"https:\/\/www.todoriego.com.ar\/site\/producto\/toberas-uni-spray\/#primaryimage","url":"https:\/\/www.todoriego.com.ar\/site\/wp-content\/uploads\/2022\/08\/RainBird_tobera-uniSpray.jpg","contentUrl":"https:\/\/www.todoriego.com.ar\/site\/wp-content\/uploads\/2022\/08\/RainBird_tobera-uniSpray.jpg","width":600,"height":600},{"@type":"BreadcrumbList","@id":"https:\/\/www.todoriego.com.ar\/site\/producto\/toberas-uni-spray\/#breadcrumb","itemListElement":[{"@type":"ListItem","position":1,"name":"Inicio","item":"https:\/\/www.todoriego.com.ar\/site\/"},{"@type":"ListItem","position":2,"name":"Tienda","item":"https:\/\/www.todoriego.com.ar\/site\/tienda\/"},{"@type":"ListItem","position":3,"name":"Toberas Uni Spray"}]},{"@type":"WebSite","@id":"https:\/\/www.todoriego.com.ar\/site\/#website","url":"https:\/\/www.todoriego.com.ar\/site\/","name":"Todoriego Insumos SRL","description":"Sabemos hacer riego","publisher":{"@id":"https:\/\/www.todoriego.com.ar\/site\/#organization"},"potentialAction":[{"@type":"SearchAction","target":{"@type":"EntryPoint","urlTemplate":"https:\/\/www.todoriego.com.ar\/site\/?s={search_term_string}"},"query-input":{"@type":"PropertyValueSpecification","valueRequired":true,"valueName":"search_term_string"}}],"inLanguage":"es-AR"},{"@type":"Organization","@id":"https:\/\/www.todoriego.com.ar\/site\/#organization","name":"Todoriego Insumos s.r.l.","url":"https:\/\/www.todoriego.com.ar\/site\/","logo":{"@type":"ImageObject","inLanguage":"es-AR","@id":"https:\/\/www.todoriego.com.ar\/site\/#\/schema\/logo\/image\/","url":"http:\/\/www.todoriego.com.ar\/site\/wp-content\/uploads\/2022\/07\/todoriego_marca.jpg","contentUrl":"http:\/\/www.todoriego.com.ar\/site\/wp-content\/uploads\/2022\/07\/todoriego_marca.jpg","width":731,"height":731,"caption":"Todoriego Insumos s.r.l."},"image":{"@id":"https:\/\/www.todoriego.com.ar\/site\/#\/schema\/logo\/image\/"},"sameAs":["https:\/\/www.facebook.com\/todoriegoinsumos\/","https:\/\/www.instagram.com\/todoriegoinsumos\/"]}]}},"_links":{"self":[{"href":"https:\/\/www.todoriego.com.ar\/site\/wp-json\/wp\/v2\/product\/9023","targetHints":{"allow":["GET"]}}],"collection":[{"href":"https:\/\/www.todoriego.com.ar\/site\/wp-json\/wp\/v2\/product"}],"about":[{"href":"https:\/\/www.todoriego.com.ar\/site\/wp-json\/wp\/v2\/types\/product"}],"wp:featuredmedia":[{"embeddable":true,"href":"https:\/\/www.todoriego.com.ar\/site\/wp-json\/wp\/v2\/media\/9030"}],"wp:attachment":[{"href":"https:\/\/www.todoriego.com.ar\/site\/wp-json\/wp\/v2\/media?parent=9023"}],"wp:term":[{"taxonomy":"product_brand","embeddable":true,"href":"https:\/\/www.todoriego.com.ar\/site\/wp-json\/wp\/v2\/product_brand?post=9023"},{"taxonomy":"product_cat","embeddable":true,"href":"https:\/\/www.todoriego.com.ar\/site\/wp-json\/wp\/v2\/product_cat?post=9023"},{"taxonomy":"product_tag","embeddable":true,"href":"https:\/\/www.todoriego.com.ar\/site\/wp-json\/wp\/v2\/product_tag?post=9023"}],"curies":[{"name":"wp","href":"https:\/\/api.w.org\/{rel}","templated":true}]}}