{"id":9033,"date":"2022-08-26T16:14:58","date_gmt":"2022-08-26T19:14:58","guid":{"rendered":"http:\/\/www.todoriego.com.ar\/site\/?post_type=product&#038;p=9033"},"modified":"2022-08-26T16:17:51","modified_gmt":"2022-08-26T19:17:51","slug":"boquillas-serie-he-van","status":"publish","type":"product","link":"https:\/\/www.todoriego.com.ar\/site\/producto\/boquillas-serie-he-van\/","title":{"rendered":"Boquillas Serie HE VAN"},"content":{"rendered":"<p>La primera boquilla de arco variable del mundo de alta eficacia.<\/p>\n<p><strong>Caracter\u00edsticas<\/strong><br \/>\n\u2022 F\u00e1cil ajuste del sector de 0\u00b0 a 360\u00b0 con un simple giro del anillo central para aumentar o reducir el ajuste del sector.<br \/>\n\u2022 Exactedge\u2122 realiza el ajuste fuera de sector. Seg\u00fan gira la tobera al ajuste deseado, sentir\u00e1 que se fija en su conseguir\u00e1 ajustes muy preciso con bordes bien posici\u00f3n, de esta forma delimitados.<br \/>\n\u2022 La tecnolog\u00eda de control de caudal, con patente solicitada, proporciona un riego superior en el corto alcance y una cobertura uniforme en todo el terreno a regar.<br \/>\n\u2022 Chorros m\u00e1s gruesos y gotas m\u00e1s grandes para una mayor resistencia al viento.<br \/>\n\u2022 Pluviometr\u00edas proporcionales a la superficie con las toberas Rain Bird\u00ae MPR y Serie U.<br \/>\n\u2022 Un resistente deflector superior minimiza los da\u00f1os a la tobera debidos al desgaste y minimiza tambi\u00e9n los riesgos de rotura.<br \/>\n\u2022 Tornillo de ajuste de acero inoxidable para el ajuste del caudal y el sector. Reducci\u00f3n del alcance hasta un 25%<br \/>\n\u2022 Compatible con todos los difusores Rain Bird\u00ae serie 1800\u00ae, difusores de la serie UNI-Spray\u2122 y adaptadores para toberas de difusores Rain Bird<\/p>\n<p><strong>Especificaciones<\/strong><br \/>\n\u2022 Presi\u00f3n: 1 a 4,8 bar Calificaciones de eficiencia de Rain Bird\u00ae HE-VAN<br \/>\n\u2022 Las toberas Rain Bird\u00ae HE-VAN proporcionan una DULQ (uniformidad de distribuci\u00f3n) media del 70%, una mejora superior al 40% en comparaci\u00f3n con otras toberas tipo de sector variable.<br \/>\n\u2022 Las toberas Rain Bird\u00ae HE-VAN suministran un SC \u2264 1,6, es decir, un 35% inferior a las toberas tipo de sector variable.<\/p>\n","protected":false},"excerpt":{"rendered":"<p><img loading=\"lazy\" decoding=\"async\" class=\"alignnone size-full wp-image-8741\" src=\"https:\/\/www.todoriego.com.ar\/site\/wp-content\/uploads\/2022\/07\/rainbird.png\" alt=\"\" width=\"103\" height=\"50\" \/><\/p>\n<p>La primera boquilla de arco variable del mundo de alta eficacia. F\u00e1cil ajuste del sector de 0\u00b0 a 360\u00b0<\/p>\n","protected":false},"featured_media":9027,"template":"","meta":{"_acf_changed":false},"product_brand":[],"product_cat":[39,105],"product_tag":[],"class_list":{"0":"post-9033","1":"product","2":"type-product","3":"status-publish","4":"has-post-thumbnail","6":"product_cat-espacios-verdes","7":"product_cat-boquillas","9":"first","10":"instock","11":"shipping-taxable","12":"product-type-simple"},"acf":[],"yoast_head":"<!-- This site is optimized with the Yoast SEO plugin v27.5 - https:\/\/yoast.com\/product\/yoast-seo-wordpress\/ -->\n<title>Boquillas Serie HE VAN - Todoriego Insumos SRL<\/title>\n<meta name=\"description\" content=\"La primera boquilla de arco variable del mundo de alta eficacia. F\u00e1cil ajuste del sector de 0\u00b0 a 360\u00b0\" \/>\n<meta name=\"robots\" content=\"index, follow, max-snippet:-1, max-image-preview:large, max-video-preview:-1\" \/>\n<link rel=\"canonical\" href=\"https:\/\/www.todoriego.com.ar\/site\/producto\/boquillas-serie-he-van\/\" \/>\n<meta property=\"og:locale\" content=\"es_ES\" \/>\n<meta property=\"og:type\" content=\"article\" \/>\n<meta property=\"og:title\" content=\"Boquillas Serie HE VAN - Todoriego Insumos SRL\" \/>\n<meta property=\"og:description\" content=\"La primera boquilla de arco variable del mundo de alta eficacia. F\u00e1cil ajuste del sector de 0\u00b0 a 360\u00b0\" \/>\n<meta property=\"og:url\" content=\"https:\/\/www.todoriego.com.ar\/site\/producto\/boquillas-serie-he-van\/\" \/>\n<meta property=\"og:site_name\" content=\"Todoriego Insumos SRL\" \/>\n<meta property=\"article:publisher\" content=\"https:\/\/www.facebook.com\/todoriegoinsumos\/\" \/>\n<meta property=\"article:modified_time\" content=\"2022-08-26T19:17:51+00:00\" \/>\n<meta property=\"og:image\" content=\"https:\/\/www.todoriego.com.ar\/site\/wp-content\/uploads\/2022\/08\/RainBird_boquillas_serie-HE-VAN.jpg\" \/>\n\t<meta property=\"og:image:width\" content=\"600\" \/>\n\t<meta property=\"og:image:height\" content=\"600\" \/>\n\t<meta property=\"og:image:type\" content=\"image\/jpeg\" \/>\n<meta name=\"twitter:card\" content=\"summary_large_image\" \/>\n<meta name=\"twitter:label1\" content=\"Tiempo de lectura\" \/>\n\t<meta name=\"twitter:data1\" content=\"2 minutos\" \/>\n<script type=\"application\/ld+json\" class=\"yoast-schema-graph\">{\"@context\":\"https:\\\/\\\/schema.org\",\"@graph\":[{\"@type\":\"WebPage\",\"@id\":\"https:\\\/\\\/www.todoriego.com.ar\\\/site\\\/producto\\\/boquillas-serie-he-van\\\/\",\"url\":\"https:\\\/\\\/www.todoriego.com.ar\\\/site\\\/producto\\\/boquillas-serie-he-van\\\/\",\"name\":\"Boquillas Serie HE VAN - Todoriego Insumos SRL\",\"isPartOf\":{\"@id\":\"https:\\\/\\\/www.todoriego.com.ar\\\/site\\\/#website\"},\"primaryImageOfPage\":{\"@id\":\"https:\\\/\\\/www.todoriego.com.ar\\\/site\\\/producto\\\/boquillas-serie-he-van\\\/#primaryimage\"},\"image\":{\"@id\":\"https:\\\/\\\/www.todoriego.com.ar\\\/site\\\/producto\\\/boquillas-serie-he-van\\\/#primaryimage\"},\"thumbnailUrl\":\"https:\\\/\\\/www.todoriego.com.ar\\\/site\\\/wp-content\\\/uploads\\\/2022\\\/08\\\/RainBird_boquillas_serie-HE-VAN.jpg\",\"datePublished\":\"2022-08-26T19:14:58+00:00\",\"dateModified\":\"2022-08-26T19:17:51+00:00\",\"description\":\"La primera boquilla de arco variable del mundo de alta eficacia. F\u00e1cil ajuste del sector de 0\u00b0 a 360\u00b0\",\"breadcrumb\":{\"@id\":\"https:\\\/\\\/www.todoriego.com.ar\\\/site\\\/producto\\\/boquillas-serie-he-van\\\/#breadcrumb\"},\"inLanguage\":\"es-AR\",\"potentialAction\":[{\"@type\":\"ReadAction\",\"target\":[\"https:\\\/\\\/www.todoriego.com.ar\\\/site\\\/producto\\\/boquillas-serie-he-van\\\/\"]}]},{\"@type\":\"ImageObject\",\"inLanguage\":\"es-AR\",\"@id\":\"https:\\\/\\\/www.todoriego.com.ar\\\/site\\\/producto\\\/boquillas-serie-he-van\\\/#primaryimage\",\"url\":\"https:\\\/\\\/www.todoriego.com.ar\\\/site\\\/wp-content\\\/uploads\\\/2022\\\/08\\\/RainBird_boquillas_serie-HE-VAN.jpg\",\"contentUrl\":\"https:\\\/\\\/www.todoriego.com.ar\\\/site\\\/wp-content\\\/uploads\\\/2022\\\/08\\\/RainBird_boquillas_serie-HE-VAN.jpg\",\"width\":600,\"height\":600},{\"@type\":\"BreadcrumbList\",\"@id\":\"https:\\\/\\\/www.todoriego.com.ar\\\/site\\\/producto\\\/boquillas-serie-he-van\\\/#breadcrumb\",\"itemListElement\":[{\"@type\":\"ListItem\",\"position\":1,\"name\":\"Inicio\",\"item\":\"https:\\\/\\\/www.todoriego.com.ar\\\/site\\\/\"},{\"@type\":\"ListItem\",\"position\":2,\"name\":\"Tienda\",\"item\":\"https:\\\/\\\/www.todoriego.com.ar\\\/site\\\/tienda\\\/\"},{\"@type\":\"ListItem\",\"position\":3,\"name\":\"Boquillas Serie HE VAN\"}]},{\"@type\":\"WebSite\",\"@id\":\"https:\\\/\\\/www.todoriego.com.ar\\\/site\\\/#website\",\"url\":\"https:\\\/\\\/www.todoriego.com.ar\\\/site\\\/\",\"name\":\"Todoriego Insumos SRL\",\"description\":\"Sabemos hacer riego\",\"publisher\":{\"@id\":\"https:\\\/\\\/www.todoriego.com.ar\\\/site\\\/#organization\"},\"potentialAction\":[{\"@type\":\"SearchAction\",\"target\":{\"@type\":\"EntryPoint\",\"urlTemplate\":\"https:\\\/\\\/www.todoriego.com.ar\\\/site\\\/?s={search_term_string}\"},\"query-input\":{\"@type\":\"PropertyValueSpecification\",\"valueRequired\":true,\"valueName\":\"search_term_string\"}}],\"inLanguage\":\"es-AR\"},{\"@type\":\"Organization\",\"@id\":\"https:\\\/\\\/www.todoriego.com.ar\\\/site\\\/#organization\",\"name\":\"Todoriego Insumos s.r.l.\",\"url\":\"https:\\\/\\\/www.todoriego.com.ar\\\/site\\\/\",\"logo\":{\"@type\":\"ImageObject\",\"inLanguage\":\"es-AR\",\"@id\":\"https:\\\/\\\/www.todoriego.com.ar\\\/site\\\/#\\\/schema\\\/logo\\\/image\\\/\",\"url\":\"http:\\\/\\\/www.todoriego.com.ar\\\/site\\\/wp-content\\\/uploads\\\/2022\\\/07\\\/todoriego_marca.jpg\",\"contentUrl\":\"http:\\\/\\\/www.todoriego.com.ar\\\/site\\\/wp-content\\\/uploads\\\/2022\\\/07\\\/todoriego_marca.jpg\",\"width\":731,\"height\":731,\"caption\":\"Todoriego Insumos s.r.l.\"},\"image\":{\"@id\":\"https:\\\/\\\/www.todoriego.com.ar\\\/site\\\/#\\\/schema\\\/logo\\\/image\\\/\"},\"sameAs\":[\"https:\\\/\\\/www.facebook.com\\\/todoriegoinsumos\\\/\",\"https:\\\/\\\/www.instagram.com\\\/todoriegoinsumos\\\/\"]}]}<\/script>\n<!-- \/ Yoast SEO plugin. -->","yoast_head_json":{"title":"Boquillas Serie HE VAN - Todoriego Insumos SRL","description":"La primera boquilla de arco variable del mundo de alta eficacia. F\u00e1cil ajuste del sector de 0\u00b0 a 360\u00b0","robots":{"index":"index","follow":"follow","max-snippet":"max-snippet:-1","max-image-preview":"max-image-preview:large","max-video-preview":"max-video-preview:-1"},"canonical":"https:\/\/www.todoriego.com.ar\/site\/producto\/boquillas-serie-he-van\/","og_locale":"es_ES","og_type":"article","og_title":"Boquillas Serie HE VAN - Todoriego Insumos SRL","og_description":"La primera boquilla de arco variable del mundo de alta eficacia. F\u00e1cil ajuste del sector de 0\u00b0 a 360\u00b0","og_url":"https:\/\/www.todoriego.com.ar\/site\/producto\/boquillas-serie-he-van\/","og_site_name":"Todoriego Insumos SRL","article_publisher":"https:\/\/www.facebook.com\/todoriegoinsumos\/","article_modified_time":"2022-08-26T19:17:51+00:00","og_image":[{"width":600,"height":600,"url":"https:\/\/www.todoriego.com.ar\/site\/wp-content\/uploads\/2022\/08\/RainBird_boquillas_serie-HE-VAN.jpg","type":"image\/jpeg"}],"twitter_card":"summary_large_image","twitter_misc":{"Tiempo de lectura":"2 minutos"},"schema":{"@context":"https:\/\/schema.org","@graph":[{"@type":"WebPage","@id":"https:\/\/www.todoriego.com.ar\/site\/producto\/boquillas-serie-he-van\/","url":"https:\/\/www.todoriego.com.ar\/site\/producto\/boquillas-serie-he-van\/","name":"Boquillas Serie HE VAN - Todoriego Insumos SRL","isPartOf":{"@id":"https:\/\/www.todoriego.com.ar\/site\/#website"},"primaryImageOfPage":{"@id":"https:\/\/www.todoriego.com.ar\/site\/producto\/boquillas-serie-he-van\/#primaryimage"},"image":{"@id":"https:\/\/www.todoriego.com.ar\/site\/producto\/boquillas-serie-he-van\/#primaryimage"},"thumbnailUrl":"https:\/\/www.todoriego.com.ar\/site\/wp-content\/uploads\/2022\/08\/RainBird_boquillas_serie-HE-VAN.jpg","datePublished":"2022-08-26T19:14:58+00:00","dateModified":"2022-08-26T19:17:51+00:00","description":"La primera boquilla de arco variable del mundo de alta eficacia. F\u00e1cil ajuste del sector de 0\u00b0 a 360\u00b0","breadcrumb":{"@id":"https:\/\/www.todoriego.com.ar\/site\/producto\/boquillas-serie-he-van\/#breadcrumb"},"inLanguage":"es-AR","potentialAction":[{"@type":"ReadAction","target":["https:\/\/www.todoriego.com.ar\/site\/producto\/boquillas-serie-he-van\/"]}]},{"@type":"ImageObject","inLanguage":"es-AR","@id":"https:\/\/www.todoriego.com.ar\/site\/producto\/boquillas-serie-he-van\/#primaryimage","url":"https:\/\/www.todoriego.com.ar\/site\/wp-content\/uploads\/2022\/08\/RainBird_boquillas_serie-HE-VAN.jpg","contentUrl":"https:\/\/www.todoriego.com.ar\/site\/wp-content\/uploads\/2022\/08\/RainBird_boquillas_serie-HE-VAN.jpg","width":600,"height":600},{"@type":"BreadcrumbList","@id":"https:\/\/www.todoriego.com.ar\/site\/producto\/boquillas-serie-he-van\/#breadcrumb","itemListElement":[{"@type":"ListItem","position":1,"name":"Inicio","item":"https:\/\/www.todoriego.com.ar\/site\/"},{"@type":"ListItem","position":2,"name":"Tienda","item":"https:\/\/www.todoriego.com.ar\/site\/tienda\/"},{"@type":"ListItem","position":3,"name":"Boquillas Serie HE VAN"}]},{"@type":"WebSite","@id":"https:\/\/www.todoriego.com.ar\/site\/#website","url":"https:\/\/www.todoriego.com.ar\/site\/","name":"Todoriego Insumos SRL","description":"Sabemos hacer riego","publisher":{"@id":"https:\/\/www.todoriego.com.ar\/site\/#organization"},"potentialAction":[{"@type":"SearchAction","target":{"@type":"EntryPoint","urlTemplate":"https:\/\/www.todoriego.com.ar\/site\/?s={search_term_string}"},"query-input":{"@type":"PropertyValueSpecification","valueRequired":true,"valueName":"search_term_string"}}],"inLanguage":"es-AR"},{"@type":"Organization","@id":"https:\/\/www.todoriego.com.ar\/site\/#organization","name":"Todoriego Insumos s.r.l.","url":"https:\/\/www.todoriego.com.ar\/site\/","logo":{"@type":"ImageObject","inLanguage":"es-AR","@id":"https:\/\/www.todoriego.com.ar\/site\/#\/schema\/logo\/image\/","url":"http:\/\/www.todoriego.com.ar\/site\/wp-content\/uploads\/2022\/07\/todoriego_marca.jpg","contentUrl":"http:\/\/www.todoriego.com.ar\/site\/wp-content\/uploads\/2022\/07\/todoriego_marca.jpg","width":731,"height":731,"caption":"Todoriego Insumos s.r.l."},"image":{"@id":"https:\/\/www.todoriego.com.ar\/site\/#\/schema\/logo\/image\/"},"sameAs":["https:\/\/www.facebook.com\/todoriegoinsumos\/","https:\/\/www.instagram.com\/todoriegoinsumos\/"]}]}},"_links":{"self":[{"href":"https:\/\/www.todoriego.com.ar\/site\/wp-json\/wp\/v2\/product\/9033","targetHints":{"allow":["GET"]}}],"collection":[{"href":"https:\/\/www.todoriego.com.ar\/site\/wp-json\/wp\/v2\/product"}],"about":[{"href":"https:\/\/www.todoriego.com.ar\/site\/wp-json\/wp\/v2\/types\/product"}],"wp:featuredmedia":[{"embeddable":true,"href":"https:\/\/www.todoriego.com.ar\/site\/wp-json\/wp\/v2\/media\/9027"}],"wp:attachment":[{"href":"https:\/\/www.todoriego.com.ar\/site\/wp-json\/wp\/v2\/media?parent=9033"}],"wp:term":[{"taxonomy":"product_brand","embeddable":true,"href":"https:\/\/www.todoriego.com.ar\/site\/wp-json\/wp\/v2\/product_brand?post=9033"},{"taxonomy":"product_cat","embeddable":true,"href":"https:\/\/www.todoriego.com.ar\/site\/wp-json\/wp\/v2\/product_cat?post=9033"},{"taxonomy":"product_tag","embeddable":true,"href":"https:\/\/www.todoriego.com.ar\/site\/wp-json\/wp\/v2\/product_tag?post=9033"}],"curies":[{"name":"wp","href":"https:\/\/api.w.org\/{rel}","templated":true}]}}