{"id":9060,"date":"2022-08-29T15:06:04","date_gmt":"2022-08-29T18:06:04","guid":{"rendered":"http:\/\/www.todoriego.com.ar\/site\/?post_type=product&#038;p=9060"},"modified":"2022-08-29T15:09:58","modified_gmt":"2022-08-29T18:09:58","slug":"rotor-serie-8005","status":"publish","type":"product","link":"https:\/\/www.todoriego.com.ar\/site\/producto\/rotor-serie-8005\/","title":{"rendered":"Rotor Serie 8005"},"content":{"rendered":"<p>Proteja su c\u00e9sped con rotores de alto rendimiento, resistentes al vandalismo y al maltrato de 39&#8242; a 81&#8242;<br \/>\nEl rotor Rain Bird\u00ae 8005 est\u00e1 construido de forma robusta para resistir las duras condiciones y el vandalismo presentes en las aplicaciones de rotores comerciales. Se ha dise\u00f1ado y probado para asegurar la alta fiabilidad que exige el mercado hoy en d\u00eda. Con sus amplias caracter\u00edsticas identificadas por el cliente, es lo suficientemente vers\u00e1til como para adaptarse a todas las aplicaciones. El rotor Rain Bird\u00ae 8005, con sus amplias caracter\u00edsticas identificadas por el cliente y un radio de 80 pies, es perfecto para regar campos deportivos, parques y otras aplicaciones de c\u00e9sped de gran tama\u00f1o.<\/p>\n<p><strong>Caracter\u00edsticas<\/strong><br \/>\n\u2022 V\u00e1stago reforzado con tornillo met\u00e1lico resistente al vandalismo para mayor durabilidad ante golpes laterales.<br \/>\n\u2022 Memory Arc\u00ae permite que el aspersor vuelva a su ajuste de arco inicial.<br \/>\n\u2022 El mecanismo motriz antidesgaste evita los da\u00f1os por vandalismo.<br \/>\n\u2022 F\u00e1cil ajuste del arco en h\u00famedo o en seco usando un destornillador plano por la parte superior del aspersor desde c\u00edrculo parcial de 50\u00b0 a 330\u00b0 o en c\u00edrculo completo sin retorno de 360\u00b0. Funcionamiento de c\u00edrculo completo o parcial en una unidad.<br \/>\n\u2022 Topes izquierdo y derecho ajustables de forma independiente para facilitar la instalaci\u00f3n sin necesidad de girar la carcasa ni de desenroscar la conexi\u00f3n de la tuber\u00eda.<br \/>\n\u2022 V\u00e1lvula de retenci\u00f3n Seal-A-Matic\u2122 (SAM).<br \/>\n\u2022 Toberas Rain Curtain codificadas por colores con 3 orificios para un riego \u00f3ptimo de largo, medio y corto alcance.<\/p>\n<p><strong>Especificaciones<\/strong><br \/>\n\u2022 Radio: 39 a 81 pies (11,9 a 24,7 m)<br \/>\n\u2022 Pluviometr\u00eda: de 0.48 a 1.23 pulgadas por hora (de 12 a 31 mm\/h)<br \/>\n\u2022 Presi\u00f3n: de 50 a 100 psi (de 3.5 a 6.9 bar)<br \/>\n\u2022 Caudal: 3,8 a 36,3 gpm (0,86 a 8,24 m3\/h; de 14,4 a 137,4 l\/m)<br \/>\n\u2022 Entrada hembra roscada NPT o BSP de 1\u201d<br \/>\n\u2022 La v\u00e1lvula de retenci\u00f3n Seal-A-Matic\u2122 (SAM) opcional admite hasta 10 pies (3.1 m) de cambio de elevaci\u00f3n.<br \/>\n\u2022 Trayectoria de salida de la boquilla de 25\u00ba.<br \/>\n\u2022 Boquillas Rain Curtain\u2122: incluidas con el rotor, otros tama\u00f1os disponibles a pedido:<br \/>\n10 (gris), 12 (beige), 14 (verde claro), 16 (marr\u00f3n oscuro), 18 (azul oscuro).<\/p>\n","protected":false},"excerpt":{"rendered":"<p><img loading=\"lazy\" decoding=\"async\" class=\"alignnone size-full wp-image-8741\" src=\"https:\/\/www.todoriego.com.ar\/site\/wp-content\/uploads\/2022\/07\/rainbird.png\" alt=\"\" width=\"103\" height=\"50\" \/><br \/>\nEl rotor Rain Bird\u00ae 8005 est\u00e1 construido de forma robusta para resistir las duras condiciones y el vandalismo presentes en las aplicaciones de rotores comerciales.<\/p>\n","protected":false},"featured_media":9052,"template":"","meta":{"_acf_changed":false},"product_brand":[],"product_cat":[39,107],"product_tag":[],"class_list":{"0":"post-9060","1":"product","2":"type-product","3":"status-publish","4":"has-post-thumbnail","6":"product_cat-espacios-verdes","7":"product_cat-rotores","9":"first","10":"instock","11":"shipping-taxable","12":"product-type-simple"},"acf":[],"yoast_head":"<!-- This site is optimized with the Yoast SEO plugin v27.4 - https:\/\/yoast.com\/product\/yoast-seo-wordpress\/ -->\n<title>Rotor Serie 8005 - Todoriego Insumos SRL<\/title>\n<meta name=\"description\" content=\"El rotor Rain Bird\u00ae 8005 est\u00e1 construido de forma robusta para resistir las duras condiciones presentes en las aplicaciones de rotores comerciales.\" \/>\n<meta name=\"robots\" content=\"index, follow, max-snippet:-1, max-image-preview:large, max-video-preview:-1\" \/>\n<link rel=\"canonical\" href=\"https:\/\/www.todoriego.com.ar\/site\/producto\/rotor-serie-8005\/\" \/>\n<meta property=\"og:locale\" content=\"es_ES\" \/>\n<meta property=\"og:type\" content=\"article\" \/>\n<meta property=\"og:title\" content=\"Rotor Serie 8005 - Todoriego Insumos SRL\" \/>\n<meta property=\"og:description\" content=\"El rotor Rain Bird\u00ae 8005 est\u00e1 construido de forma robusta para resistir las duras condiciones presentes en las aplicaciones de rotores comerciales.\" \/>\n<meta property=\"og:url\" content=\"https:\/\/www.todoriego.com.ar\/site\/producto\/rotor-serie-8005\/\" \/>\n<meta property=\"og:site_name\" content=\"Todoriego Insumos SRL\" \/>\n<meta property=\"article:publisher\" content=\"https:\/\/www.facebook.com\/todoriegoinsumos\/\" \/>\n<meta property=\"article:modified_time\" content=\"2022-08-29T18:09:58+00:00\" \/>\n<meta property=\"og:image\" content=\"https:\/\/www.todoriego.com.ar\/site\/wp-content\/uploads\/2022\/08\/RainBird_rotores_serie-8005_00.jpg\" \/>\n\t<meta property=\"og:image:width\" content=\"600\" \/>\n\t<meta property=\"og:image:height\" content=\"600\" \/>\n\t<meta property=\"og:image:type\" content=\"image\/jpeg\" \/>\n<meta name=\"twitter:card\" content=\"summary_large_image\" \/>\n<meta name=\"twitter:label1\" content=\"Tiempo de lectura\" \/>\n\t<meta name=\"twitter:data1\" content=\"2 minutos\" \/>\n<script type=\"application\/ld+json\" class=\"yoast-schema-graph\">{\"@context\":\"https:\\\/\\\/schema.org\",\"@graph\":[{\"@type\":\"WebPage\",\"@id\":\"https:\\\/\\\/www.todoriego.com.ar\\\/site\\\/producto\\\/rotor-serie-8005\\\/\",\"url\":\"https:\\\/\\\/www.todoriego.com.ar\\\/site\\\/producto\\\/rotor-serie-8005\\\/\",\"name\":\"Rotor Serie 8005 - Todoriego Insumos SRL\",\"isPartOf\":{\"@id\":\"https:\\\/\\\/www.todoriego.com.ar\\\/site\\\/#website\"},\"primaryImageOfPage\":{\"@id\":\"https:\\\/\\\/www.todoriego.com.ar\\\/site\\\/producto\\\/rotor-serie-8005\\\/#primaryimage\"},\"image\":{\"@id\":\"https:\\\/\\\/www.todoriego.com.ar\\\/site\\\/producto\\\/rotor-serie-8005\\\/#primaryimage\"},\"thumbnailUrl\":\"https:\\\/\\\/www.todoriego.com.ar\\\/site\\\/wp-content\\\/uploads\\\/2022\\\/08\\\/RainBird_rotores_serie-8005_00.jpg\",\"datePublished\":\"2022-08-29T18:06:04+00:00\",\"dateModified\":\"2022-08-29T18:09:58+00:00\",\"description\":\"El rotor Rain Bird\u00ae 8005 est\u00e1 construido de forma robusta para resistir las duras condiciones presentes en las aplicaciones de rotores comerciales.\",\"breadcrumb\":{\"@id\":\"https:\\\/\\\/www.todoriego.com.ar\\\/site\\\/producto\\\/rotor-serie-8005\\\/#breadcrumb\"},\"inLanguage\":\"es-AR\",\"potentialAction\":[{\"@type\":\"ReadAction\",\"target\":[\"https:\\\/\\\/www.todoriego.com.ar\\\/site\\\/producto\\\/rotor-serie-8005\\\/\"]}]},{\"@type\":\"ImageObject\",\"inLanguage\":\"es-AR\",\"@id\":\"https:\\\/\\\/www.todoriego.com.ar\\\/site\\\/producto\\\/rotor-serie-8005\\\/#primaryimage\",\"url\":\"https:\\\/\\\/www.todoriego.com.ar\\\/site\\\/wp-content\\\/uploads\\\/2022\\\/08\\\/RainBird_rotores_serie-8005_00.jpg\",\"contentUrl\":\"https:\\\/\\\/www.todoriego.com.ar\\\/site\\\/wp-content\\\/uploads\\\/2022\\\/08\\\/RainBird_rotores_serie-8005_00.jpg\",\"width\":600,\"height\":600},{\"@type\":\"BreadcrumbList\",\"@id\":\"https:\\\/\\\/www.todoriego.com.ar\\\/site\\\/producto\\\/rotor-serie-8005\\\/#breadcrumb\",\"itemListElement\":[{\"@type\":\"ListItem\",\"position\":1,\"name\":\"Inicio\",\"item\":\"https:\\\/\\\/www.todoriego.com.ar\\\/site\\\/\"},{\"@type\":\"ListItem\",\"position\":2,\"name\":\"Tienda\",\"item\":\"https:\\\/\\\/www.todoriego.com.ar\\\/site\\\/tienda\\\/\"},{\"@type\":\"ListItem\",\"position\":3,\"name\":\"Rotor Serie 8005\"}]},{\"@type\":\"WebSite\",\"@id\":\"https:\\\/\\\/www.todoriego.com.ar\\\/site\\\/#website\",\"url\":\"https:\\\/\\\/www.todoriego.com.ar\\\/site\\\/\",\"name\":\"Todoriego Insumos SRL\",\"description\":\"Sabemos hacer riego\",\"publisher\":{\"@id\":\"https:\\\/\\\/www.todoriego.com.ar\\\/site\\\/#organization\"},\"potentialAction\":[{\"@type\":\"SearchAction\",\"target\":{\"@type\":\"EntryPoint\",\"urlTemplate\":\"https:\\\/\\\/www.todoriego.com.ar\\\/site\\\/?s={search_term_string}\"},\"query-input\":{\"@type\":\"PropertyValueSpecification\",\"valueRequired\":true,\"valueName\":\"search_term_string\"}}],\"inLanguage\":\"es-AR\"},{\"@type\":\"Organization\",\"@id\":\"https:\\\/\\\/www.todoriego.com.ar\\\/site\\\/#organization\",\"name\":\"Todoriego Insumos s.r.l.\",\"url\":\"https:\\\/\\\/www.todoriego.com.ar\\\/site\\\/\",\"logo\":{\"@type\":\"ImageObject\",\"inLanguage\":\"es-AR\",\"@id\":\"https:\\\/\\\/www.todoriego.com.ar\\\/site\\\/#\\\/schema\\\/logo\\\/image\\\/\",\"url\":\"http:\\\/\\\/www.todoriego.com.ar\\\/site\\\/wp-content\\\/uploads\\\/2022\\\/07\\\/todoriego_marca.jpg\",\"contentUrl\":\"http:\\\/\\\/www.todoriego.com.ar\\\/site\\\/wp-content\\\/uploads\\\/2022\\\/07\\\/todoriego_marca.jpg\",\"width\":731,\"height\":731,\"caption\":\"Todoriego Insumos s.r.l.\"},\"image\":{\"@id\":\"https:\\\/\\\/www.todoriego.com.ar\\\/site\\\/#\\\/schema\\\/logo\\\/image\\\/\"},\"sameAs\":[\"https:\\\/\\\/www.facebook.com\\\/todoriegoinsumos\\\/\",\"https:\\\/\\\/www.instagram.com\\\/todoriegoinsumos\\\/\"]}]}<\/script>\n<!-- \/ Yoast SEO plugin. -->","yoast_head_json":{"title":"Rotor Serie 8005 - Todoriego Insumos SRL","description":"El rotor Rain Bird\u00ae 8005 est\u00e1 construido de forma robusta para resistir las duras condiciones presentes en las aplicaciones de rotores comerciales.","robots":{"index":"index","follow":"follow","max-snippet":"max-snippet:-1","max-image-preview":"max-image-preview:large","max-video-preview":"max-video-preview:-1"},"canonical":"https:\/\/www.todoriego.com.ar\/site\/producto\/rotor-serie-8005\/","og_locale":"es_ES","og_type":"article","og_title":"Rotor Serie 8005 - Todoriego Insumos SRL","og_description":"El rotor Rain Bird\u00ae 8005 est\u00e1 construido de forma robusta para resistir las duras condiciones presentes en las aplicaciones de rotores comerciales.","og_url":"https:\/\/www.todoriego.com.ar\/site\/producto\/rotor-serie-8005\/","og_site_name":"Todoriego Insumos SRL","article_publisher":"https:\/\/www.facebook.com\/todoriegoinsumos\/","article_modified_time":"2022-08-29T18:09:58+00:00","og_image":[{"width":600,"height":600,"url":"https:\/\/www.todoriego.com.ar\/site\/wp-content\/uploads\/2022\/08\/RainBird_rotores_serie-8005_00.jpg","type":"image\/jpeg"}],"twitter_card":"summary_large_image","twitter_misc":{"Tiempo de lectura":"2 minutos"},"schema":{"@context":"https:\/\/schema.org","@graph":[{"@type":"WebPage","@id":"https:\/\/www.todoriego.com.ar\/site\/producto\/rotor-serie-8005\/","url":"https:\/\/www.todoriego.com.ar\/site\/producto\/rotor-serie-8005\/","name":"Rotor Serie 8005 - Todoriego Insumos SRL","isPartOf":{"@id":"https:\/\/www.todoriego.com.ar\/site\/#website"},"primaryImageOfPage":{"@id":"https:\/\/www.todoriego.com.ar\/site\/producto\/rotor-serie-8005\/#primaryimage"},"image":{"@id":"https:\/\/www.todoriego.com.ar\/site\/producto\/rotor-serie-8005\/#primaryimage"},"thumbnailUrl":"https:\/\/www.todoriego.com.ar\/site\/wp-content\/uploads\/2022\/08\/RainBird_rotores_serie-8005_00.jpg","datePublished":"2022-08-29T18:06:04+00:00","dateModified":"2022-08-29T18:09:58+00:00","description":"El rotor Rain Bird\u00ae 8005 est\u00e1 construido de forma robusta para resistir las duras condiciones presentes en las aplicaciones de rotores comerciales.","breadcrumb":{"@id":"https:\/\/www.todoriego.com.ar\/site\/producto\/rotor-serie-8005\/#breadcrumb"},"inLanguage":"es-AR","potentialAction":[{"@type":"ReadAction","target":["https:\/\/www.todoriego.com.ar\/site\/producto\/rotor-serie-8005\/"]}]},{"@type":"ImageObject","inLanguage":"es-AR","@id":"https:\/\/www.todoriego.com.ar\/site\/producto\/rotor-serie-8005\/#primaryimage","url":"https:\/\/www.todoriego.com.ar\/site\/wp-content\/uploads\/2022\/08\/RainBird_rotores_serie-8005_00.jpg","contentUrl":"https:\/\/www.todoriego.com.ar\/site\/wp-content\/uploads\/2022\/08\/RainBird_rotores_serie-8005_00.jpg","width":600,"height":600},{"@type":"BreadcrumbList","@id":"https:\/\/www.todoriego.com.ar\/site\/producto\/rotor-serie-8005\/#breadcrumb","itemListElement":[{"@type":"ListItem","position":1,"name":"Inicio","item":"https:\/\/www.todoriego.com.ar\/site\/"},{"@type":"ListItem","position":2,"name":"Tienda","item":"https:\/\/www.todoriego.com.ar\/site\/tienda\/"},{"@type":"ListItem","position":3,"name":"Rotor Serie 8005"}]},{"@type":"WebSite","@id":"https:\/\/www.todoriego.com.ar\/site\/#website","url":"https:\/\/www.todoriego.com.ar\/site\/","name":"Todoriego Insumos SRL","description":"Sabemos hacer riego","publisher":{"@id":"https:\/\/www.todoriego.com.ar\/site\/#organization"},"potentialAction":[{"@type":"SearchAction","target":{"@type":"EntryPoint","urlTemplate":"https:\/\/www.todoriego.com.ar\/site\/?s={search_term_string}"},"query-input":{"@type":"PropertyValueSpecification","valueRequired":true,"valueName":"search_term_string"}}],"inLanguage":"es-AR"},{"@type":"Organization","@id":"https:\/\/www.todoriego.com.ar\/site\/#organization","name":"Todoriego Insumos s.r.l.","url":"https:\/\/www.todoriego.com.ar\/site\/","logo":{"@type":"ImageObject","inLanguage":"es-AR","@id":"https:\/\/www.todoriego.com.ar\/site\/#\/schema\/logo\/image\/","url":"http:\/\/www.todoriego.com.ar\/site\/wp-content\/uploads\/2022\/07\/todoriego_marca.jpg","contentUrl":"http:\/\/www.todoriego.com.ar\/site\/wp-content\/uploads\/2022\/07\/todoriego_marca.jpg","width":731,"height":731,"caption":"Todoriego Insumos s.r.l."},"image":{"@id":"https:\/\/www.todoriego.com.ar\/site\/#\/schema\/logo\/image\/"},"sameAs":["https:\/\/www.facebook.com\/todoriegoinsumos\/","https:\/\/www.instagram.com\/todoriegoinsumos\/"]}]}},"_links":{"self":[{"href":"https:\/\/www.todoriego.com.ar\/site\/wp-json\/wp\/v2\/product\/9060","targetHints":{"allow":["GET"]}}],"collection":[{"href":"https:\/\/www.todoriego.com.ar\/site\/wp-json\/wp\/v2\/product"}],"about":[{"href":"https:\/\/www.todoriego.com.ar\/site\/wp-json\/wp\/v2\/types\/product"}],"wp:featuredmedia":[{"embeddable":true,"href":"https:\/\/www.todoriego.com.ar\/site\/wp-json\/wp\/v2\/media\/9052"}],"wp:attachment":[{"href":"https:\/\/www.todoriego.com.ar\/site\/wp-json\/wp\/v2\/media?parent=9060"}],"wp:term":[{"taxonomy":"product_brand","embeddable":true,"href":"https:\/\/www.todoriego.com.ar\/site\/wp-json\/wp\/v2\/product_brand?post=9060"},{"taxonomy":"product_cat","embeddable":true,"href":"https:\/\/www.todoriego.com.ar\/site\/wp-json\/wp\/v2\/product_cat?post=9060"},{"taxonomy":"product_tag","embeddable":true,"href":"https:\/\/www.todoriego.com.ar\/site\/wp-json\/wp\/v2\/product_tag?post=9060"}],"curies":[{"name":"wp","href":"https:\/\/api.w.org\/{rel}","templated":true}]}}