{"id":9061,"date":"2022-08-29T15:12:06","date_gmt":"2022-08-29T18:12:06","guid":{"rendered":"http:\/\/www.todoriego.com.ar\/site\/?post_type=product&#038;p=9061"},"modified":"2022-08-29T15:16:11","modified_gmt":"2022-08-29T18:16:11","slug":"rotor-2045-a-maxi-paw","status":"publish","type":"product","link":"https:\/\/www.todoriego.com.ar\/site\/producto\/rotor-2045-a-maxi-paw\/","title":{"rendered":"Rotor 2045A Maxi Paw"},"content":{"rendered":"<p>Aspersores de impacto retr\u00e1ctil para aplicaciones con agua sucia: separaci\u00f3n hasta 45 pies (13,7 m).<br \/>\nEl potente chorro del <strong>Maxi-Paw<\/strong> permite una m\u00e1xima separaci\u00f3n y ofrece un riego de corto alcance superior y una distribuci\u00f3n uniforme del agua. Una p\u00e9rdida de presi\u00f3n baja y el eficiente dise\u00f1o de caudal directo conservan la energ\u00eda y son perfectos para aplicaciones de agua sucia.<\/p>\n<p>El Seal-A-Matic\u2122 opcional previene la escorrent\u00eda, el encharcamiento y la erosi\u00f3n causados por el drenaje en los puntos m\u00e1s bajos. Y lo m\u00e1s importante, es robusto y fiable, apareciendo en el tiempo previsto una y otra vez debido a la junta de estanqueidad multifuncional.<\/p>\n<p><strong>Caracter\u00edsticas<\/strong><br \/>\n\u2022 Mecanismo de impacto demostrado con caudal directo para un rendimiento superior con agua sucia.<br \/>\n\u2022 Cinco toberas de trayectoria est\u00e1ndar y dos de \u00e1ngulo bajo (LA) codificadas por colores para una pluviometr\u00eda proporcional y una amplia variedad de aplicaciones.<br \/>\n\u2022 C\u00edrculo completo de 360\u00b0 o arco ajustable de 20\u00b0 a 340\u00b0.<br \/>\n\u2022 Entrada inferior lateral y combinada de \u00bd\u201d o \u00be\u201d para mayor flexibilidad de dise\u00f1o (Maxi-Paw).<\/p>\n<p><strong>Especificaciones<\/strong><br \/>\n\u2022 Pluviometr\u00eda: 0,28 a 1,21 pulgadas por hora (7 a 31 mm\/h).<br \/>\n\u2022 Radio: 22 a 45 pies (6,7 a 13,7 m)<br \/>\n\u2022 Radio con tornillo de reducci\u00f3n de radio: 18 pies (5,4 m)<br \/>\n\u2022 Presi\u00f3n: 25 a 60 psi (1,7 a 4,1 bar).<br \/>\n\u2022 Caudal: 1,5 a 8,4 GPM (0,34 a 1,91 m3\/h; 0,9 a 0,53 l\/s)<br \/>\n\u2022 Entrada inferior de combinaci\u00f3n 1\/2&#8243; (15\/21) o 3\/4&#8243; (20\/27) FPT Entrada lateral 1\/2&#8243; (15\/21) FPT<br \/>\n\u2022 Toberas: 06-rojo; 07-negro; 08-azul; 10-amarillo; 12-beige<br \/>\n\u2022 Toberas de \u00e1ngulo bajo (LA): 07 LA-negro; 10 LA-amarillo<br \/>\n\u2022 La trayectoria de salida de la tobera es de 23\u00b0 para las toberas 06, 07, 08, 10 y 12.<br \/>\n\u2022 La trayectoria de salida de la tobera LA es de 11\u00b0.<\/p>\n","protected":false},"excerpt":{"rendered":"<p><img loading=\"lazy\" decoding=\"async\" class=\"alignnone size-full wp-image-8741\" src=\"https:\/\/www.todoriego.com.ar\/site\/wp-content\/uploads\/2022\/07\/rainbird.png\" alt=\"\" width=\"103\" height=\"50\" \/><br \/>\nEl potente chorro del Maxi-Paw permite una m\u00e1xima separaci\u00f3n y ofrece un riego de corto alcance superior y una distribuci\u00f3n uniforme del agua.<\/p>\n","protected":false},"featured_media":9055,"template":"","meta":{"_acf_changed":false},"product_brand":[],"product_cat":[39,107],"product_tag":[],"class_list":{"0":"post-9061","1":"product","2":"type-product","3":"status-publish","4":"has-post-thumbnail","6":"product_cat-espacios-verdes","7":"product_cat-rotores","9":"first","10":"instock","11":"shipping-taxable","12":"product-type-simple"},"acf":[],"yoast_head":"<!-- This site is optimized with the Yoast SEO plugin v27.4 - https:\/\/yoast.com\/product\/yoast-seo-wordpress\/ -->\n<title>Rotor 2045A Maxi Paw - Todoriego Insumos SRL<\/title>\n<meta name=\"description\" content=\"El potente chorro del Maxi-Paw Rain Bird\u00ae permite una m\u00e1xima separaci\u00f3n y ofrece un riego de corto alcance superior y una distribuci\u00f3n uniforme del agua.\" \/>\n<meta name=\"robots\" content=\"index, follow, max-snippet:-1, max-image-preview:large, max-video-preview:-1\" \/>\n<link rel=\"canonical\" href=\"https:\/\/www.todoriego.com.ar\/site\/producto\/rotor-2045-a-maxi-paw\/\" \/>\n<meta property=\"og:locale\" content=\"es_ES\" \/>\n<meta property=\"og:type\" content=\"article\" \/>\n<meta property=\"og:title\" content=\"Rotor 2045A Maxi Paw - Todoriego Insumos SRL\" \/>\n<meta property=\"og:description\" content=\"El potente chorro del Maxi-Paw Rain Bird\u00ae permite una m\u00e1xima separaci\u00f3n y ofrece un riego de corto alcance superior y una distribuci\u00f3n uniforme del agua.\" \/>\n<meta property=\"og:url\" content=\"https:\/\/www.todoriego.com.ar\/site\/producto\/rotor-2045-a-maxi-paw\/\" \/>\n<meta property=\"og:site_name\" content=\"Todoriego Insumos SRL\" \/>\n<meta property=\"article:publisher\" content=\"https:\/\/www.facebook.com\/todoriegoinsumos\/\" \/>\n<meta property=\"article:modified_time\" content=\"2022-08-29T18:16:11+00:00\" \/>\n<meta property=\"og:image\" content=\"https:\/\/www.todoriego.com.ar\/site\/wp-content\/uploads\/2022\/08\/RainBird_rotores_2045-maxi-pax_01.jpg\" \/>\n\t<meta property=\"og:image:width\" content=\"600\" \/>\n\t<meta property=\"og:image:height\" content=\"600\" \/>\n\t<meta property=\"og:image:type\" content=\"image\/jpeg\" \/>\n<meta name=\"twitter:card\" content=\"summary_large_image\" \/>\n<meta name=\"twitter:label1\" content=\"Tiempo de lectura\" \/>\n\t<meta name=\"twitter:data1\" content=\"2 minutos\" \/>\n<script type=\"application\/ld+json\" class=\"yoast-schema-graph\">{\"@context\":\"https:\\\/\\\/schema.org\",\"@graph\":[{\"@type\":\"WebPage\",\"@id\":\"https:\\\/\\\/www.todoriego.com.ar\\\/site\\\/producto\\\/rotor-2045-a-maxi-paw\\\/\",\"url\":\"https:\\\/\\\/www.todoriego.com.ar\\\/site\\\/producto\\\/rotor-2045-a-maxi-paw\\\/\",\"name\":\"Rotor 2045A Maxi Paw - Todoriego Insumos SRL\",\"isPartOf\":{\"@id\":\"https:\\\/\\\/www.todoriego.com.ar\\\/site\\\/#website\"},\"primaryImageOfPage\":{\"@id\":\"https:\\\/\\\/www.todoriego.com.ar\\\/site\\\/producto\\\/rotor-2045-a-maxi-paw\\\/#primaryimage\"},\"image\":{\"@id\":\"https:\\\/\\\/www.todoriego.com.ar\\\/site\\\/producto\\\/rotor-2045-a-maxi-paw\\\/#primaryimage\"},\"thumbnailUrl\":\"https:\\\/\\\/www.todoriego.com.ar\\\/site\\\/wp-content\\\/uploads\\\/2022\\\/08\\\/RainBird_rotores_2045-maxi-pax_01.jpg\",\"datePublished\":\"2022-08-29T18:12:06+00:00\",\"dateModified\":\"2022-08-29T18:16:11+00:00\",\"description\":\"El potente chorro del Maxi-Paw Rain Bird\u00ae permite una m\u00e1xima separaci\u00f3n y ofrece un riego de corto alcance superior y una distribuci\u00f3n uniforme del agua.\",\"breadcrumb\":{\"@id\":\"https:\\\/\\\/www.todoriego.com.ar\\\/site\\\/producto\\\/rotor-2045-a-maxi-paw\\\/#breadcrumb\"},\"inLanguage\":\"es-AR\",\"potentialAction\":[{\"@type\":\"ReadAction\",\"target\":[\"https:\\\/\\\/www.todoriego.com.ar\\\/site\\\/producto\\\/rotor-2045-a-maxi-paw\\\/\"]}]},{\"@type\":\"ImageObject\",\"inLanguage\":\"es-AR\",\"@id\":\"https:\\\/\\\/www.todoriego.com.ar\\\/site\\\/producto\\\/rotor-2045-a-maxi-paw\\\/#primaryimage\",\"url\":\"https:\\\/\\\/www.todoriego.com.ar\\\/site\\\/wp-content\\\/uploads\\\/2022\\\/08\\\/RainBird_rotores_2045-maxi-pax_01.jpg\",\"contentUrl\":\"https:\\\/\\\/www.todoriego.com.ar\\\/site\\\/wp-content\\\/uploads\\\/2022\\\/08\\\/RainBird_rotores_2045-maxi-pax_01.jpg\",\"width\":600,\"height\":600},{\"@type\":\"BreadcrumbList\",\"@id\":\"https:\\\/\\\/www.todoriego.com.ar\\\/site\\\/producto\\\/rotor-2045-a-maxi-paw\\\/#breadcrumb\",\"itemListElement\":[{\"@type\":\"ListItem\",\"position\":1,\"name\":\"Inicio\",\"item\":\"https:\\\/\\\/www.todoriego.com.ar\\\/site\\\/\"},{\"@type\":\"ListItem\",\"position\":2,\"name\":\"Tienda\",\"item\":\"https:\\\/\\\/www.todoriego.com.ar\\\/site\\\/tienda\\\/\"},{\"@type\":\"ListItem\",\"position\":3,\"name\":\"Rotor 2045A Maxi Paw\"}]},{\"@type\":\"WebSite\",\"@id\":\"https:\\\/\\\/www.todoriego.com.ar\\\/site\\\/#website\",\"url\":\"https:\\\/\\\/www.todoriego.com.ar\\\/site\\\/\",\"name\":\"Todoriego Insumos SRL\",\"description\":\"Sabemos hacer riego\",\"publisher\":{\"@id\":\"https:\\\/\\\/www.todoriego.com.ar\\\/site\\\/#organization\"},\"potentialAction\":[{\"@type\":\"SearchAction\",\"target\":{\"@type\":\"EntryPoint\",\"urlTemplate\":\"https:\\\/\\\/www.todoriego.com.ar\\\/site\\\/?s={search_term_string}\"},\"query-input\":{\"@type\":\"PropertyValueSpecification\",\"valueRequired\":true,\"valueName\":\"search_term_string\"}}],\"inLanguage\":\"es-AR\"},{\"@type\":\"Organization\",\"@id\":\"https:\\\/\\\/www.todoriego.com.ar\\\/site\\\/#organization\",\"name\":\"Todoriego Insumos s.r.l.\",\"url\":\"https:\\\/\\\/www.todoriego.com.ar\\\/site\\\/\",\"logo\":{\"@type\":\"ImageObject\",\"inLanguage\":\"es-AR\",\"@id\":\"https:\\\/\\\/www.todoriego.com.ar\\\/site\\\/#\\\/schema\\\/logo\\\/image\\\/\",\"url\":\"http:\\\/\\\/www.todoriego.com.ar\\\/site\\\/wp-content\\\/uploads\\\/2022\\\/07\\\/todoriego_marca.jpg\",\"contentUrl\":\"http:\\\/\\\/www.todoriego.com.ar\\\/site\\\/wp-content\\\/uploads\\\/2022\\\/07\\\/todoriego_marca.jpg\",\"width\":731,\"height\":731,\"caption\":\"Todoriego Insumos s.r.l.\"},\"image\":{\"@id\":\"https:\\\/\\\/www.todoriego.com.ar\\\/site\\\/#\\\/schema\\\/logo\\\/image\\\/\"},\"sameAs\":[\"https:\\\/\\\/www.facebook.com\\\/todoriegoinsumos\\\/\",\"https:\\\/\\\/www.instagram.com\\\/todoriegoinsumos\\\/\"]}]}<\/script>\n<!-- \/ Yoast SEO plugin. -->","yoast_head_json":{"title":"Rotor 2045A Maxi Paw - Todoriego Insumos SRL","description":"El potente chorro del Maxi-Paw Rain Bird\u00ae permite una m\u00e1xima separaci\u00f3n y ofrece un riego de corto alcance superior y una distribuci\u00f3n uniforme del agua.","robots":{"index":"index","follow":"follow","max-snippet":"max-snippet:-1","max-image-preview":"max-image-preview:large","max-video-preview":"max-video-preview:-1"},"canonical":"https:\/\/www.todoriego.com.ar\/site\/producto\/rotor-2045-a-maxi-paw\/","og_locale":"es_ES","og_type":"article","og_title":"Rotor 2045A Maxi Paw - Todoriego Insumos SRL","og_description":"El potente chorro del Maxi-Paw Rain Bird\u00ae permite una m\u00e1xima separaci\u00f3n y ofrece un riego de corto alcance superior y una distribuci\u00f3n uniforme del agua.","og_url":"https:\/\/www.todoriego.com.ar\/site\/producto\/rotor-2045-a-maxi-paw\/","og_site_name":"Todoriego Insumos SRL","article_publisher":"https:\/\/www.facebook.com\/todoriegoinsumos\/","article_modified_time":"2022-08-29T18:16:11+00:00","og_image":[{"width":600,"height":600,"url":"https:\/\/www.todoriego.com.ar\/site\/wp-content\/uploads\/2022\/08\/RainBird_rotores_2045-maxi-pax_01.jpg","type":"image\/jpeg"}],"twitter_card":"summary_large_image","twitter_misc":{"Tiempo de lectura":"2 minutos"},"schema":{"@context":"https:\/\/schema.org","@graph":[{"@type":"WebPage","@id":"https:\/\/www.todoriego.com.ar\/site\/producto\/rotor-2045-a-maxi-paw\/","url":"https:\/\/www.todoriego.com.ar\/site\/producto\/rotor-2045-a-maxi-paw\/","name":"Rotor 2045A Maxi Paw - Todoriego Insumos SRL","isPartOf":{"@id":"https:\/\/www.todoriego.com.ar\/site\/#website"},"primaryImageOfPage":{"@id":"https:\/\/www.todoriego.com.ar\/site\/producto\/rotor-2045-a-maxi-paw\/#primaryimage"},"image":{"@id":"https:\/\/www.todoriego.com.ar\/site\/producto\/rotor-2045-a-maxi-paw\/#primaryimage"},"thumbnailUrl":"https:\/\/www.todoriego.com.ar\/site\/wp-content\/uploads\/2022\/08\/RainBird_rotores_2045-maxi-pax_01.jpg","datePublished":"2022-08-29T18:12:06+00:00","dateModified":"2022-08-29T18:16:11+00:00","description":"El potente chorro del Maxi-Paw Rain Bird\u00ae permite una m\u00e1xima separaci\u00f3n y ofrece un riego de corto alcance superior y una distribuci\u00f3n uniforme del agua.","breadcrumb":{"@id":"https:\/\/www.todoriego.com.ar\/site\/producto\/rotor-2045-a-maxi-paw\/#breadcrumb"},"inLanguage":"es-AR","potentialAction":[{"@type":"ReadAction","target":["https:\/\/www.todoriego.com.ar\/site\/producto\/rotor-2045-a-maxi-paw\/"]}]},{"@type":"ImageObject","inLanguage":"es-AR","@id":"https:\/\/www.todoriego.com.ar\/site\/producto\/rotor-2045-a-maxi-paw\/#primaryimage","url":"https:\/\/www.todoriego.com.ar\/site\/wp-content\/uploads\/2022\/08\/RainBird_rotores_2045-maxi-pax_01.jpg","contentUrl":"https:\/\/www.todoriego.com.ar\/site\/wp-content\/uploads\/2022\/08\/RainBird_rotores_2045-maxi-pax_01.jpg","width":600,"height":600},{"@type":"BreadcrumbList","@id":"https:\/\/www.todoriego.com.ar\/site\/producto\/rotor-2045-a-maxi-paw\/#breadcrumb","itemListElement":[{"@type":"ListItem","position":1,"name":"Inicio","item":"https:\/\/www.todoriego.com.ar\/site\/"},{"@type":"ListItem","position":2,"name":"Tienda","item":"https:\/\/www.todoriego.com.ar\/site\/tienda\/"},{"@type":"ListItem","position":3,"name":"Rotor 2045A Maxi Paw"}]},{"@type":"WebSite","@id":"https:\/\/www.todoriego.com.ar\/site\/#website","url":"https:\/\/www.todoriego.com.ar\/site\/","name":"Todoriego Insumos SRL","description":"Sabemos hacer riego","publisher":{"@id":"https:\/\/www.todoriego.com.ar\/site\/#organization"},"potentialAction":[{"@type":"SearchAction","target":{"@type":"EntryPoint","urlTemplate":"https:\/\/www.todoriego.com.ar\/site\/?s={search_term_string}"},"query-input":{"@type":"PropertyValueSpecification","valueRequired":true,"valueName":"search_term_string"}}],"inLanguage":"es-AR"},{"@type":"Organization","@id":"https:\/\/www.todoriego.com.ar\/site\/#organization","name":"Todoriego Insumos s.r.l.","url":"https:\/\/www.todoriego.com.ar\/site\/","logo":{"@type":"ImageObject","inLanguage":"es-AR","@id":"https:\/\/www.todoriego.com.ar\/site\/#\/schema\/logo\/image\/","url":"http:\/\/www.todoriego.com.ar\/site\/wp-content\/uploads\/2022\/07\/todoriego_marca.jpg","contentUrl":"http:\/\/www.todoriego.com.ar\/site\/wp-content\/uploads\/2022\/07\/todoriego_marca.jpg","width":731,"height":731,"caption":"Todoriego Insumos s.r.l."},"image":{"@id":"https:\/\/www.todoriego.com.ar\/site\/#\/schema\/logo\/image\/"},"sameAs":["https:\/\/www.facebook.com\/todoriegoinsumos\/","https:\/\/www.instagram.com\/todoriegoinsumos\/"]}]}},"_links":{"self":[{"href":"https:\/\/www.todoriego.com.ar\/site\/wp-json\/wp\/v2\/product\/9061","targetHints":{"allow":["GET"]}}],"collection":[{"href":"https:\/\/www.todoriego.com.ar\/site\/wp-json\/wp\/v2\/product"}],"about":[{"href":"https:\/\/www.todoriego.com.ar\/site\/wp-json\/wp\/v2\/types\/product"}],"wp:featuredmedia":[{"embeddable":true,"href":"https:\/\/www.todoriego.com.ar\/site\/wp-json\/wp\/v2\/media\/9055"}],"wp:attachment":[{"href":"https:\/\/www.todoriego.com.ar\/site\/wp-json\/wp\/v2\/media?parent=9061"}],"wp:term":[{"taxonomy":"product_brand","embeddable":true,"href":"https:\/\/www.todoriego.com.ar\/site\/wp-json\/wp\/v2\/product_brand?post=9061"},{"taxonomy":"product_cat","embeddable":true,"href":"https:\/\/www.todoriego.com.ar\/site\/wp-json\/wp\/v2\/product_cat?post=9061"},{"taxonomy":"product_tag","embeddable":true,"href":"https:\/\/www.todoriego.com.ar\/site\/wp-json\/wp\/v2\/product_tag?post=9061"}],"curies":[{"name":"wp","href":"https:\/\/api.w.org\/{rel}","templated":true}]}}