{"id":9062,"date":"2022-08-29T15:53:00","date_gmt":"2022-08-29T18:53:00","guid":{"rendered":"http:\/\/www.todoriego.com.ar\/site\/?post_type=product&#038;p=9062"},"modified":"2022-08-29T15:58:54","modified_gmt":"2022-08-29T18:58:54","slug":"valvula-serie-dv-dvf","status":"publish","type":"product","link":"https:\/\/www.todoriego.com.ar\/site\/producto\/valvula-serie-dv-dvf\/","title":{"rendered":"V\u00e1lvula Serie DV\/DVF"},"content":{"rendered":"<p>V\u00e1lvula de diafragma <em><strong>serie DV\/DVF<\/strong><\/em> de <strong>Rain Bird<\/strong> es la v\u00e1lvula de primera calidad elegida por m\u00e1s profesionales que cualquier otra v\u00e1lvula del mercado. Su larga historia de rendimiento fiable lo convierte en la elecci\u00f3n natural para su terreno. Su rendimiento constante y sin problemas significa que puede pasar menos tiempo pensando en su sistema de riego y m\u00e1s tiempo disfrutando de su terreno.<\/p>\n<p>Utilice las v\u00e1lvulas de la <em><strong>serie DV\/DVF<\/strong><\/em> en lugares donde la normativa de la ciudad exija el uso de un disyuntor de vac\u00edo de presi\u00f3n (PVB) separado o una v\u00e1lvula de doble retenci\u00f3n para protegerse contra el flujo inverso. Revise la normativa local de la ciudad para determinar qu\u00e9 tipo de v\u00e1lvulas se requiere.<\/p>\n<p>Todas nuestras v\u00e1lvulas de uso residencial funcionan con cualquier temporizador de aspersores est\u00e1ndar.<\/p>\n<p><strong>Caracter\u00edsticas<\/strong><br \/>\n\u2022 Dise\u00f1o de caudal piloto con doble filtro (diafragma y solenoide) para m\u00e1xima fiabilidad y resistencia a residuos abrasivos<br \/>\n\u2022 Diafragma de presi\u00f3n equilibrada Buna-N con filtro de agua piloto autolimpiante malla 90 (200 micras) y muelle cautivo<br \/>\n\u2022 Solenoide encapsulado de baja potencia y consumo eficiente, con \u00e9mbolo cautivo y filtro de solenoide malla 90 (200 micras)<br \/>\n\u2022 Exclusivo mecanismo de control de caudal patentado asistido por presi\u00f3n f\u00e1cil de girar (solo en modelos DVF).<br \/>\n\u2022 Purga externa para limpiar el sistema manualmente y quitar las part\u00edculas de suciedad durante la instalaci\u00f3n y la puesta en marcha del sistema.<br \/>\n\u2022 Purga interna para operaci\u00f3n manual en seco.<br \/>\n\u2022 Admite solenoide de impulsos TBOS de Rain Bird para utilizar con la mayor\u00eda de los controladores a pilas.<br \/>\n\u2022 Funciona en aplicaciones de bajo caudal y de riego por goteo cuando el filtro de malla 200 se instala en contracorriente.<br \/>\n\u2022 No se recomienda su uso con sistemas de control de dos cables<\/p>\n<p><strong>Especificaciones<\/strong><br \/>\n\u2022 Presi\u00f3n: 15 a 150 psi (1,0 a 10,4 bar)<br \/>\n\u2022 Modelo 075-DV sin control de caudal: 0,2 a 22 gpm (0,05 a 5,0 m\u00b3\/h; 0,01 a 1,39 l\/s). Para caudales inferiores a 3 gpm (0,68 m\u00b3\/h; 0,19 l\/s) o cualquier aplicaci\u00f3n de riego localizado, use un filtro de malla 200 instalado en la parte anterior.<br \/>\n\u2022 Modelo 100-DV sin control de caudal: 0,2 a 40 gpm (0,05 a 9,085 m\u00b3\/h; 0,01 a 2,52 l\/s). Para caudales inferiores a 3 gpm (0,68 m\u00b3\/h; 0,19 l\/s) o cualquier aplicaci\u00f3n de riego localizado, use un filtro de malla 200 instalado en la parte anterior.<br \/>\n\u2022 Modelo 100-DVF con control de caudal: 0,2 a 40 gpm (0,05 a 9,085 m\u00b3\/h; 0,01 a 2,52 l\/s); para caudales inferiores a 3 gpm (0,68 m\u00b3\/h; 0,19 l\/s) o cualquier aplicaci\u00f3n de riego \u2022 localizado, use un filtro de malla 200 instalado en la parte anterior.<br \/>\n\u2022 Temperatura del agua: Hasta 110\u00b0F (43\u00b0C)<br \/>\n\u2022 Temperatura ambiente: Hasta 125 \u00b0F (52 \u00b0C)<br \/>\n\u2022 Resistencia de la bobina del solenoide 38 ohmnios<br \/>\n\u2022 24 VAC 50\/60Hz (ciclos por segundo) requisito de alimentaci\u00f3n el\u00e9ctrica del solenoide: Corriente de entrada 0,450 A; corriente de retenci\u00f3n 0,25 A<\/p>\n<p><strong>Recomendaciones<\/strong><br \/>\n\u2022 Rain Bird recomienda que los \u00edndices de caudal que producen velocidad de descarga en la l\u00ednea de suministro no superen los 7.5 pies\/s (2.3 m\/s) para reducir los efectos del golpe de ariete.<br \/>\n\u2022 Las v\u00e1lvulas de uso residencial de Rain Bird no se pueden utilizar con m\u00f3dulos reguladores de presi\u00f3n PRS.<br \/>\n\u2022 No se recomienda su uso con sistemas de dos hilos.<\/p>\n","protected":false},"excerpt":{"rendered":"<p><img loading=\"lazy\" decoding=\"async\" class=\"alignnone size-full wp-image-8741\" src=\"https:\/\/www.todoriego.com.ar\/site\/wp-content\/uploads\/2022\/07\/rainbird.png\" alt=\"\" width=\"103\" height=\"50\" \/><br \/>\nV\u00e1lvula de diafragma serie DV\/DVF de Rain Bird es la v\u00e1lvula de primera calidad elegida por m\u00e1s profesionales que cualquier otra v\u00e1lvula del mercado.<\/p>\n","protected":false},"featured_media":9063,"template":"","meta":{"_acf_changed":false},"product_brand":[],"product_cat":[39,108],"product_tag":[],"class_list":{"0":"post-9062","1":"product","2":"type-product","3":"status-publish","4":"has-post-thumbnail","6":"product_cat-espacios-verdes","7":"product_cat-valvulas-solenoides","9":"first","10":"instock","11":"shipping-taxable","12":"product-type-simple"},"acf":[],"yoast_head":"<!-- This site is optimized with the Yoast SEO plugin v27.4 - https:\/\/yoast.com\/product\/yoast-seo-wordpress\/ -->\n<title>V\u00e1lvula Serie DV\/DVF - Todoriego Insumos SRL<\/title>\n<meta name=\"description\" content=\"V\u00e1lvula de diafragma serie DV\/DVF de Rain Bird es la v\u00e1lvula de primera calidad elegida por m\u00e1s profesionales que cualquier otra v\u00e1lvula del mercado.\" \/>\n<meta name=\"robots\" content=\"index, follow, max-snippet:-1, max-image-preview:large, max-video-preview:-1\" \/>\n<link rel=\"canonical\" href=\"https:\/\/www.todoriego.com.ar\/site\/producto\/valvula-serie-dv-dvf\/\" \/>\n<meta property=\"og:locale\" content=\"es_ES\" \/>\n<meta property=\"og:type\" content=\"article\" \/>\n<meta property=\"og:title\" content=\"V\u00e1lvula Serie DV\/DVF - Todoriego Insumos SRL\" \/>\n<meta property=\"og:description\" content=\"V\u00e1lvula de diafragma serie DV\/DVF de Rain Bird es la v\u00e1lvula de primera calidad elegida por m\u00e1s profesionales que cualquier otra v\u00e1lvula del mercado.\" \/>\n<meta property=\"og:url\" content=\"https:\/\/www.todoriego.com.ar\/site\/producto\/valvula-serie-dv-dvf\/\" \/>\n<meta property=\"og:site_name\" content=\"Todoriego Insumos SRL\" \/>\n<meta property=\"article:publisher\" content=\"https:\/\/www.facebook.com\/todoriegoinsumos\/\" \/>\n<meta property=\"article:modified_time\" content=\"2022-08-29T18:58:54+00:00\" \/>\n<meta property=\"og:image\" content=\"https:\/\/www.todoriego.com.ar\/site\/wp-content\/uploads\/2022\/08\/RainBird_valvulas_DV-DVF.jpg\" \/>\n\t<meta property=\"og:image:width\" content=\"600\" \/>\n\t<meta property=\"og:image:height\" content=\"600\" \/>\n\t<meta property=\"og:image:type\" content=\"image\/jpeg\" \/>\n<meta name=\"twitter:card\" content=\"summary_large_image\" \/>\n<meta name=\"twitter:label1\" content=\"Tiempo de lectura\" \/>\n\t<meta name=\"twitter:data1\" content=\"3 minutos\" \/>\n<script type=\"application\/ld+json\" class=\"yoast-schema-graph\">{\"@context\":\"https:\\\/\\\/schema.org\",\"@graph\":[{\"@type\":\"WebPage\",\"@id\":\"https:\\\/\\\/www.todoriego.com.ar\\\/site\\\/producto\\\/valvula-serie-dv-dvf\\\/\",\"url\":\"https:\\\/\\\/www.todoriego.com.ar\\\/site\\\/producto\\\/valvula-serie-dv-dvf\\\/\",\"name\":\"V\u00e1lvula Serie DV\\\/DVF - Todoriego Insumos SRL\",\"isPartOf\":{\"@id\":\"https:\\\/\\\/www.todoriego.com.ar\\\/site\\\/#website\"},\"primaryImageOfPage\":{\"@id\":\"https:\\\/\\\/www.todoriego.com.ar\\\/site\\\/producto\\\/valvula-serie-dv-dvf\\\/#primaryimage\"},\"image\":{\"@id\":\"https:\\\/\\\/www.todoriego.com.ar\\\/site\\\/producto\\\/valvula-serie-dv-dvf\\\/#primaryimage\"},\"thumbnailUrl\":\"https:\\\/\\\/www.todoriego.com.ar\\\/site\\\/wp-content\\\/uploads\\\/2022\\\/08\\\/RainBird_valvulas_DV-DVF.jpg\",\"datePublished\":\"2022-08-29T18:53:00+00:00\",\"dateModified\":\"2022-08-29T18:58:54+00:00\",\"description\":\"V\u00e1lvula de diafragma serie DV\\\/DVF de Rain Bird es la v\u00e1lvula de primera calidad elegida por m\u00e1s profesionales que cualquier otra v\u00e1lvula del mercado.\",\"breadcrumb\":{\"@id\":\"https:\\\/\\\/www.todoriego.com.ar\\\/site\\\/producto\\\/valvula-serie-dv-dvf\\\/#breadcrumb\"},\"inLanguage\":\"es-AR\",\"potentialAction\":[{\"@type\":\"ReadAction\",\"target\":[\"https:\\\/\\\/www.todoriego.com.ar\\\/site\\\/producto\\\/valvula-serie-dv-dvf\\\/\"]}]},{\"@type\":\"ImageObject\",\"inLanguage\":\"es-AR\",\"@id\":\"https:\\\/\\\/www.todoriego.com.ar\\\/site\\\/producto\\\/valvula-serie-dv-dvf\\\/#primaryimage\",\"url\":\"https:\\\/\\\/www.todoriego.com.ar\\\/site\\\/wp-content\\\/uploads\\\/2022\\\/08\\\/RainBird_valvulas_DV-DVF.jpg\",\"contentUrl\":\"https:\\\/\\\/www.todoriego.com.ar\\\/site\\\/wp-content\\\/uploads\\\/2022\\\/08\\\/RainBird_valvulas_DV-DVF.jpg\",\"width\":600,\"height\":600},{\"@type\":\"BreadcrumbList\",\"@id\":\"https:\\\/\\\/www.todoriego.com.ar\\\/site\\\/producto\\\/valvula-serie-dv-dvf\\\/#breadcrumb\",\"itemListElement\":[{\"@type\":\"ListItem\",\"position\":1,\"name\":\"Inicio\",\"item\":\"https:\\\/\\\/www.todoriego.com.ar\\\/site\\\/\"},{\"@type\":\"ListItem\",\"position\":2,\"name\":\"Tienda\",\"item\":\"https:\\\/\\\/www.todoriego.com.ar\\\/site\\\/tienda\\\/\"},{\"@type\":\"ListItem\",\"position\":3,\"name\":\"V\u00e1lvula Serie DV\\\/DVF\"}]},{\"@type\":\"WebSite\",\"@id\":\"https:\\\/\\\/www.todoriego.com.ar\\\/site\\\/#website\",\"url\":\"https:\\\/\\\/www.todoriego.com.ar\\\/site\\\/\",\"name\":\"Todoriego Insumos SRL\",\"description\":\"Sabemos hacer riego\",\"publisher\":{\"@id\":\"https:\\\/\\\/www.todoriego.com.ar\\\/site\\\/#organization\"},\"potentialAction\":[{\"@type\":\"SearchAction\",\"target\":{\"@type\":\"EntryPoint\",\"urlTemplate\":\"https:\\\/\\\/www.todoriego.com.ar\\\/site\\\/?s={search_term_string}\"},\"query-input\":{\"@type\":\"PropertyValueSpecification\",\"valueRequired\":true,\"valueName\":\"search_term_string\"}}],\"inLanguage\":\"es-AR\"},{\"@type\":\"Organization\",\"@id\":\"https:\\\/\\\/www.todoriego.com.ar\\\/site\\\/#organization\",\"name\":\"Todoriego Insumos s.r.l.\",\"url\":\"https:\\\/\\\/www.todoriego.com.ar\\\/site\\\/\",\"logo\":{\"@type\":\"ImageObject\",\"inLanguage\":\"es-AR\",\"@id\":\"https:\\\/\\\/www.todoriego.com.ar\\\/site\\\/#\\\/schema\\\/logo\\\/image\\\/\",\"url\":\"http:\\\/\\\/www.todoriego.com.ar\\\/site\\\/wp-content\\\/uploads\\\/2022\\\/07\\\/todoriego_marca.jpg\",\"contentUrl\":\"http:\\\/\\\/www.todoriego.com.ar\\\/site\\\/wp-content\\\/uploads\\\/2022\\\/07\\\/todoriego_marca.jpg\",\"width\":731,\"height\":731,\"caption\":\"Todoriego Insumos s.r.l.\"},\"image\":{\"@id\":\"https:\\\/\\\/www.todoriego.com.ar\\\/site\\\/#\\\/schema\\\/logo\\\/image\\\/\"},\"sameAs\":[\"https:\\\/\\\/www.facebook.com\\\/todoriegoinsumos\\\/\",\"https:\\\/\\\/www.instagram.com\\\/todoriegoinsumos\\\/\"]}]}<\/script>\n<!-- \/ Yoast SEO plugin. -->","yoast_head_json":{"title":"V\u00e1lvula Serie DV\/DVF - Todoriego Insumos SRL","description":"V\u00e1lvula de diafragma serie DV\/DVF de Rain Bird es la v\u00e1lvula de primera calidad elegida por m\u00e1s profesionales que cualquier otra v\u00e1lvula del mercado.","robots":{"index":"index","follow":"follow","max-snippet":"max-snippet:-1","max-image-preview":"max-image-preview:large","max-video-preview":"max-video-preview:-1"},"canonical":"https:\/\/www.todoriego.com.ar\/site\/producto\/valvula-serie-dv-dvf\/","og_locale":"es_ES","og_type":"article","og_title":"V\u00e1lvula Serie DV\/DVF - Todoriego Insumos SRL","og_description":"V\u00e1lvula de diafragma serie DV\/DVF de Rain Bird es la v\u00e1lvula de primera calidad elegida por m\u00e1s profesionales que cualquier otra v\u00e1lvula del mercado.","og_url":"https:\/\/www.todoriego.com.ar\/site\/producto\/valvula-serie-dv-dvf\/","og_site_name":"Todoriego Insumos SRL","article_publisher":"https:\/\/www.facebook.com\/todoriegoinsumos\/","article_modified_time":"2022-08-29T18:58:54+00:00","og_image":[{"width":600,"height":600,"url":"https:\/\/www.todoriego.com.ar\/site\/wp-content\/uploads\/2022\/08\/RainBird_valvulas_DV-DVF.jpg","type":"image\/jpeg"}],"twitter_card":"summary_large_image","twitter_misc":{"Tiempo de lectura":"3 minutos"},"schema":{"@context":"https:\/\/schema.org","@graph":[{"@type":"WebPage","@id":"https:\/\/www.todoriego.com.ar\/site\/producto\/valvula-serie-dv-dvf\/","url":"https:\/\/www.todoriego.com.ar\/site\/producto\/valvula-serie-dv-dvf\/","name":"V\u00e1lvula Serie DV\/DVF - Todoriego Insumos SRL","isPartOf":{"@id":"https:\/\/www.todoriego.com.ar\/site\/#website"},"primaryImageOfPage":{"@id":"https:\/\/www.todoriego.com.ar\/site\/producto\/valvula-serie-dv-dvf\/#primaryimage"},"image":{"@id":"https:\/\/www.todoriego.com.ar\/site\/producto\/valvula-serie-dv-dvf\/#primaryimage"},"thumbnailUrl":"https:\/\/www.todoriego.com.ar\/site\/wp-content\/uploads\/2022\/08\/RainBird_valvulas_DV-DVF.jpg","datePublished":"2022-08-29T18:53:00+00:00","dateModified":"2022-08-29T18:58:54+00:00","description":"V\u00e1lvula de diafragma serie DV\/DVF de Rain Bird es la v\u00e1lvula de primera calidad elegida por m\u00e1s profesionales que cualquier otra v\u00e1lvula del mercado.","breadcrumb":{"@id":"https:\/\/www.todoriego.com.ar\/site\/producto\/valvula-serie-dv-dvf\/#breadcrumb"},"inLanguage":"es-AR","potentialAction":[{"@type":"ReadAction","target":["https:\/\/www.todoriego.com.ar\/site\/producto\/valvula-serie-dv-dvf\/"]}]},{"@type":"ImageObject","inLanguage":"es-AR","@id":"https:\/\/www.todoriego.com.ar\/site\/producto\/valvula-serie-dv-dvf\/#primaryimage","url":"https:\/\/www.todoriego.com.ar\/site\/wp-content\/uploads\/2022\/08\/RainBird_valvulas_DV-DVF.jpg","contentUrl":"https:\/\/www.todoriego.com.ar\/site\/wp-content\/uploads\/2022\/08\/RainBird_valvulas_DV-DVF.jpg","width":600,"height":600},{"@type":"BreadcrumbList","@id":"https:\/\/www.todoriego.com.ar\/site\/producto\/valvula-serie-dv-dvf\/#breadcrumb","itemListElement":[{"@type":"ListItem","position":1,"name":"Inicio","item":"https:\/\/www.todoriego.com.ar\/site\/"},{"@type":"ListItem","position":2,"name":"Tienda","item":"https:\/\/www.todoriego.com.ar\/site\/tienda\/"},{"@type":"ListItem","position":3,"name":"V\u00e1lvula Serie DV\/DVF"}]},{"@type":"WebSite","@id":"https:\/\/www.todoriego.com.ar\/site\/#website","url":"https:\/\/www.todoriego.com.ar\/site\/","name":"Todoriego Insumos SRL","description":"Sabemos hacer riego","publisher":{"@id":"https:\/\/www.todoriego.com.ar\/site\/#organization"},"potentialAction":[{"@type":"SearchAction","target":{"@type":"EntryPoint","urlTemplate":"https:\/\/www.todoriego.com.ar\/site\/?s={search_term_string}"},"query-input":{"@type":"PropertyValueSpecification","valueRequired":true,"valueName":"search_term_string"}}],"inLanguage":"es-AR"},{"@type":"Organization","@id":"https:\/\/www.todoriego.com.ar\/site\/#organization","name":"Todoriego Insumos s.r.l.","url":"https:\/\/www.todoriego.com.ar\/site\/","logo":{"@type":"ImageObject","inLanguage":"es-AR","@id":"https:\/\/www.todoriego.com.ar\/site\/#\/schema\/logo\/image\/","url":"http:\/\/www.todoriego.com.ar\/site\/wp-content\/uploads\/2022\/07\/todoriego_marca.jpg","contentUrl":"http:\/\/www.todoriego.com.ar\/site\/wp-content\/uploads\/2022\/07\/todoriego_marca.jpg","width":731,"height":731,"caption":"Todoriego Insumos s.r.l."},"image":{"@id":"https:\/\/www.todoriego.com.ar\/site\/#\/schema\/logo\/image\/"},"sameAs":["https:\/\/www.facebook.com\/todoriegoinsumos\/","https:\/\/www.instagram.com\/todoriegoinsumos\/"]}]}},"_links":{"self":[{"href":"https:\/\/www.todoriego.com.ar\/site\/wp-json\/wp\/v2\/product\/9062","targetHints":{"allow":["GET"]}}],"collection":[{"href":"https:\/\/www.todoriego.com.ar\/site\/wp-json\/wp\/v2\/product"}],"about":[{"href":"https:\/\/www.todoriego.com.ar\/site\/wp-json\/wp\/v2\/types\/product"}],"wp:featuredmedia":[{"embeddable":true,"href":"https:\/\/www.todoriego.com.ar\/site\/wp-json\/wp\/v2\/media\/9063"}],"wp:attachment":[{"href":"https:\/\/www.todoriego.com.ar\/site\/wp-json\/wp\/v2\/media?parent=9062"}],"wp:term":[{"taxonomy":"product_brand","embeddable":true,"href":"https:\/\/www.todoriego.com.ar\/site\/wp-json\/wp\/v2\/product_brand?post=9062"},{"taxonomy":"product_cat","embeddable":true,"href":"https:\/\/www.todoriego.com.ar\/site\/wp-json\/wp\/v2\/product_cat?post=9062"},{"taxonomy":"product_tag","embeddable":true,"href":"https:\/\/www.todoriego.com.ar\/site\/wp-json\/wp\/v2\/product_tag?post=9062"}],"curies":[{"name":"wp","href":"https:\/\/api.w.org\/{rel}","templated":true}]}}