{"id":9068,"date":"2022-08-29T15:59:06","date_gmt":"2022-08-29T18:59:06","guid":{"rendered":"http:\/\/www.todoriego.com.ar\/site\/?post_type=product&#038;p=9068"},"modified":"2022-08-29T16:10:21","modified_gmt":"2022-08-29T19:10:21","slug":"valvula-serie-pga","status":"publish","type":"product","link":"https:\/\/www.todoriego.com.ar\/site\/producto\/valvula-serie-pga\/","title":{"rendered":"V\u00e1lvula Serie PGA"},"content":{"rendered":"<p>V\u00e1lvulas de pl\u00e1stico de globo y de \u00e1ngulo. Las v\u00e1lvulas m\u00e1s resistentes y fiables de su clase.<br \/>\nConstruidas para aplicaciones residenciales de alta gama y comerciales ligeras, las v\u00e1lvulas de la<em><strong> serie PGA<\/strong><\/em> de <strong>Rain Bird\u00ae<\/strong> son las m\u00e1s resistentes y fiables de su clase. Estas v\u00e1lvulas duraderas y de f\u00e1cil mantenimiento han demostrado tener un rendimiento al m\u00e1s alto nivel, incluso bajo temperaturas extremas y presiones intensas.<br \/>\nLa <em>v\u00e1lvula<\/em><em><strong> serie PGA<\/strong><\/em> mantiene un sellado fuerte y sin preocupaciones entre el cuerpo y el cap\u00f3, sin importar las condiciones. En las pruebas del ciclo t\u00e9rmico, cientos de v\u00e1lvulas <em><strong>serie PGA<\/strong><\/em> fueron expuestas a cambios extremos de temperatura y presiones intensas. El resultado: cero fugas.<br \/>\n<em><strong>Sellado resistente a la presi\u00f3n<\/strong><\/em><br \/>\nEl cierre de la v\u00e1lvula PGA est\u00e1 construido para superar la intensa presi\u00f3n del agua, com\u00fan en muchos sitios comerciales. Sometidas a repetidas subidas de presi\u00f3n de hasta tres d\u00edgitos, nuestras v\u00e1lvulas superaron al competidor m\u00e1s cercano m\u00e1s de 2\u00bd veces a una en la prueba de subidas de ciclo.<br \/>\n<em><strong>Funcionamiento silencioso<\/strong><\/em><br \/>\nDe robusto dise\u00f1o el\u00e9ctrico, la v\u00e1lvula PGA reduce enormemente el ruido y ofrece a\u00f1os de rendimiento fiable. As\u00ed que no solo tendr\u00e1 paz mental, sino tambi\u00e9n paz y tranquilidad.<\/p>\n<p><strong>Caracter\u00edsticas<\/strong><br \/>\n\u2022 Junta herm\u00e9tica entre el cuerpo y la tapa para m\u00e1xima fiabilidad, incluso en las condiciones m\u00e1s extremas.<br \/>\n\u2022 Dise\u00f1o el\u00e9ctrico robusto para un funcionamiento silencioso y fiable<br \/>\n\u2022 Piloto de caudal filtrado para resistir la suciedad y evitar obstrucciones.<br \/>\n\u2022 Cierre lento para evitar el golpe de ariete y posteriores da\u00f1os al sistema.<br \/>\n\u2022 Dise\u00f1o de caudal hacia adelante, normalmente cerrado. Admite solenoide de impulsos para utilizar con los controladores Rain Bird a pilas.<br \/>\n\u2022 Multitornillos (Phillips, planos, hexagonales) para un f\u00e1cil mantenimiento*.<br \/>\n\u2022 Purga manual interna que acciona la v\u00e1lvula sin que el agua entre en la caja. Esto permite ajustar del regulador de presi\u00f3n sin activar la v\u00e1lvula en el programador.<br \/>\n\u2022 Solenoide con dise\u00f1o de una pieza con \u00e9mbolo cautivo y resorte para una reparaci\u00f3n f\u00e1cil. Evita la p\u00e9rdida de piezas durante el servicio de campo Tres a\u00f1os de garant\u00eda comercial<br \/>\n\u2022 Puede utilizarse con el regulador de presi\u00f3n con PRS-D opcional instalado en campo para garantizar un rendimiento \u00f3ptimo del aspersor.<br \/>\n\u2022 Admite solenoide de impulsos para utilizar con los controladores de Rain Bird que funcionan a pilas.<\/p>\n<p><strong>Especificaciones<\/strong><br \/>\n\u2022 Presi\u00f3n: de 15 a 150 psi (de 1.04 a 10.4 bar).<br \/>\n\u2022 Caudal sin PRS-D opcional: 2 a 150 gpm (0,45 to 34,05 m3\/h; 7,8 to 568 l\/m)<br \/>\n\u2022 Caudal con opci\u00f3n PRS-D: 5 a 150 gpm (1,14 to 34,05 m3\/h; 19,2 a 568 l\/m)<br \/>\n\u2022 Temperatura del agua: Hasta 110\u00b0 F (43\u00b0 C)<br \/>\n\u2022 Temperatura ambiente: hasta 125 \u00b0F (52 \u00b0C).<br \/>\n\u2022 Alimentaci\u00f3n requerida por el solenoide de 24 V CA 50\/60 Hz (ciclos\/segundo).<br \/>\n\u2022 Corriente de irrupci\u00f3n: 0,41 A (9,9 VA) a 50\/60 Hz.<br \/>\n\u2022 Corriente de mantenimiento: 0,14 A (3,43 VA) a 50\/60 Hz.<br \/>\n\u2022 Resistencia de bobina de solenoide: 30-39 ohmios, nominal.<\/p>\n","protected":false},"excerpt":{"rendered":"<p><img loading=\"lazy\" decoding=\"async\" class=\"alignnone size-full wp-image-8741\" src=\"https:\/\/www.todoriego.com.ar\/site\/wp-content\/uploads\/2022\/07\/rainbird.png\" alt=\"\" width=\"103\" height=\"50\" \/><br \/>\nlas v\u00e1lvulas de la<em><strong> serie PGA<\/strong><\/em> de <strong>Rain Bird\u00ae<\/strong> son las m\u00e1s resistentes y fiables de su clase.<br \/>\nEstas v\u00e1lvulas duraderas y de f\u00e1cil mantenimiento han demostrado tener un rendimiento al m\u00e1s alto nivel, incluso bajo temperaturas extremas y presiones intensas.<\/p>\n","protected":false},"featured_media":9065,"template":"","meta":{"_acf_changed":false},"product_brand":[],"product_cat":[39,108],"product_tag":[],"class_list":{"0":"post-9068","1":"product","2":"type-product","3":"status-publish","4":"has-post-thumbnail","6":"product_cat-espacios-verdes","7":"product_cat-valvulas-solenoides","9":"first","10":"instock","11":"shipping-taxable","12":"product-type-simple"},"acf":[],"yoast_head":"<!-- This site is optimized with the Yoast SEO plugin v27.5 - https:\/\/yoast.com\/product\/yoast-seo-wordpress\/ -->\n<title>V\u00e1lvula Serie PGA - Todoriego Insumos SRL<\/title>\n<meta name=\"description\" content=\"La serie PGA de Rain Bird\u00ae son las m\u00e1s resistentes, duraderas y fiables, con un alto rendimiento bajo temperaturas extremas y presiones intensas.\" \/>\n<meta name=\"robots\" content=\"index, follow, max-snippet:-1, max-image-preview:large, max-video-preview:-1\" \/>\n<link rel=\"canonical\" href=\"https:\/\/www.todoriego.com.ar\/site\/producto\/valvula-serie-pga\/\" \/>\n<meta property=\"og:locale\" content=\"es_ES\" \/>\n<meta property=\"og:type\" content=\"article\" \/>\n<meta property=\"og:title\" content=\"V\u00e1lvula Serie PGA - Todoriego Insumos SRL\" \/>\n<meta property=\"og:description\" content=\"La serie PGA de Rain Bird\u00ae son las m\u00e1s resistentes, duraderas y fiables, con un alto rendimiento bajo temperaturas extremas y presiones intensas.\" \/>\n<meta property=\"og:url\" content=\"https:\/\/www.todoriego.com.ar\/site\/producto\/valvula-serie-pga\/\" \/>\n<meta property=\"og:site_name\" content=\"Todoriego Insumos SRL\" \/>\n<meta property=\"article:publisher\" content=\"https:\/\/www.facebook.com\/todoriegoinsumos\/\" \/>\n<meta property=\"article:modified_time\" content=\"2022-08-29T19:10:21+00:00\" \/>\n<meta property=\"og:image\" content=\"https:\/\/www.todoriego.com.ar\/site\/wp-content\/uploads\/2022\/08\/RainBird_valvulas_PGA.jpg\" \/>\n\t<meta property=\"og:image:width\" content=\"600\" \/>\n\t<meta property=\"og:image:height\" content=\"600\" \/>\n\t<meta property=\"og:image:type\" content=\"image\/jpeg\" \/>\n<meta name=\"twitter:card\" content=\"summary_large_image\" \/>\n<meta name=\"twitter:label1\" content=\"Tiempo de lectura\" \/>\n\t<meta name=\"twitter:data1\" content=\"3 minutos\" \/>\n<script type=\"application\/ld+json\" class=\"yoast-schema-graph\">{\"@context\":\"https:\\\/\\\/schema.org\",\"@graph\":[{\"@type\":\"WebPage\",\"@id\":\"https:\\\/\\\/www.todoriego.com.ar\\\/site\\\/producto\\\/valvula-serie-pga\\\/\",\"url\":\"https:\\\/\\\/www.todoriego.com.ar\\\/site\\\/producto\\\/valvula-serie-pga\\\/\",\"name\":\"V\u00e1lvula Serie PGA - Todoriego Insumos SRL\",\"isPartOf\":{\"@id\":\"https:\\\/\\\/www.todoriego.com.ar\\\/site\\\/#website\"},\"primaryImageOfPage\":{\"@id\":\"https:\\\/\\\/www.todoriego.com.ar\\\/site\\\/producto\\\/valvula-serie-pga\\\/#primaryimage\"},\"image\":{\"@id\":\"https:\\\/\\\/www.todoriego.com.ar\\\/site\\\/producto\\\/valvula-serie-pga\\\/#primaryimage\"},\"thumbnailUrl\":\"https:\\\/\\\/www.todoriego.com.ar\\\/site\\\/wp-content\\\/uploads\\\/2022\\\/08\\\/RainBird_valvulas_PGA.jpg\",\"datePublished\":\"2022-08-29T18:59:06+00:00\",\"dateModified\":\"2022-08-29T19:10:21+00:00\",\"description\":\"La serie PGA de Rain Bird\u00ae son las m\u00e1s resistentes, duraderas y fiables, con un alto rendimiento bajo temperaturas extremas y presiones intensas.\",\"breadcrumb\":{\"@id\":\"https:\\\/\\\/www.todoriego.com.ar\\\/site\\\/producto\\\/valvula-serie-pga\\\/#breadcrumb\"},\"inLanguage\":\"es-AR\",\"potentialAction\":[{\"@type\":\"ReadAction\",\"target\":[\"https:\\\/\\\/www.todoriego.com.ar\\\/site\\\/producto\\\/valvula-serie-pga\\\/\"]}]},{\"@type\":\"ImageObject\",\"inLanguage\":\"es-AR\",\"@id\":\"https:\\\/\\\/www.todoriego.com.ar\\\/site\\\/producto\\\/valvula-serie-pga\\\/#primaryimage\",\"url\":\"https:\\\/\\\/www.todoriego.com.ar\\\/site\\\/wp-content\\\/uploads\\\/2022\\\/08\\\/RainBird_valvulas_PGA.jpg\",\"contentUrl\":\"https:\\\/\\\/www.todoriego.com.ar\\\/site\\\/wp-content\\\/uploads\\\/2022\\\/08\\\/RainBird_valvulas_PGA.jpg\",\"width\":600,\"height\":600},{\"@type\":\"BreadcrumbList\",\"@id\":\"https:\\\/\\\/www.todoriego.com.ar\\\/site\\\/producto\\\/valvula-serie-pga\\\/#breadcrumb\",\"itemListElement\":[{\"@type\":\"ListItem\",\"position\":1,\"name\":\"Inicio\",\"item\":\"https:\\\/\\\/www.todoriego.com.ar\\\/site\\\/\"},{\"@type\":\"ListItem\",\"position\":2,\"name\":\"Tienda\",\"item\":\"https:\\\/\\\/www.todoriego.com.ar\\\/site\\\/tienda\\\/\"},{\"@type\":\"ListItem\",\"position\":3,\"name\":\"V\u00e1lvula Serie PGA\"}]},{\"@type\":\"WebSite\",\"@id\":\"https:\\\/\\\/www.todoriego.com.ar\\\/site\\\/#website\",\"url\":\"https:\\\/\\\/www.todoriego.com.ar\\\/site\\\/\",\"name\":\"Todoriego Insumos SRL\",\"description\":\"Sabemos hacer riego\",\"publisher\":{\"@id\":\"https:\\\/\\\/www.todoriego.com.ar\\\/site\\\/#organization\"},\"potentialAction\":[{\"@type\":\"SearchAction\",\"target\":{\"@type\":\"EntryPoint\",\"urlTemplate\":\"https:\\\/\\\/www.todoriego.com.ar\\\/site\\\/?s={search_term_string}\"},\"query-input\":{\"@type\":\"PropertyValueSpecification\",\"valueRequired\":true,\"valueName\":\"search_term_string\"}}],\"inLanguage\":\"es-AR\"},{\"@type\":\"Organization\",\"@id\":\"https:\\\/\\\/www.todoriego.com.ar\\\/site\\\/#organization\",\"name\":\"Todoriego Insumos s.r.l.\",\"url\":\"https:\\\/\\\/www.todoriego.com.ar\\\/site\\\/\",\"logo\":{\"@type\":\"ImageObject\",\"inLanguage\":\"es-AR\",\"@id\":\"https:\\\/\\\/www.todoriego.com.ar\\\/site\\\/#\\\/schema\\\/logo\\\/image\\\/\",\"url\":\"http:\\\/\\\/www.todoriego.com.ar\\\/site\\\/wp-content\\\/uploads\\\/2022\\\/07\\\/todoriego_marca.jpg\",\"contentUrl\":\"http:\\\/\\\/www.todoriego.com.ar\\\/site\\\/wp-content\\\/uploads\\\/2022\\\/07\\\/todoriego_marca.jpg\",\"width\":731,\"height\":731,\"caption\":\"Todoriego Insumos s.r.l.\"},\"image\":{\"@id\":\"https:\\\/\\\/www.todoriego.com.ar\\\/site\\\/#\\\/schema\\\/logo\\\/image\\\/\"},\"sameAs\":[\"https:\\\/\\\/www.facebook.com\\\/todoriegoinsumos\\\/\",\"https:\\\/\\\/www.instagram.com\\\/todoriegoinsumos\\\/\"]}]}<\/script>\n<!-- \/ Yoast SEO plugin. -->","yoast_head_json":{"title":"V\u00e1lvula Serie PGA - Todoriego Insumos SRL","description":"La serie PGA de Rain Bird\u00ae son las m\u00e1s resistentes, duraderas y fiables, con un alto rendimiento bajo temperaturas extremas y presiones intensas.","robots":{"index":"index","follow":"follow","max-snippet":"max-snippet:-1","max-image-preview":"max-image-preview:large","max-video-preview":"max-video-preview:-1"},"canonical":"https:\/\/www.todoriego.com.ar\/site\/producto\/valvula-serie-pga\/","og_locale":"es_ES","og_type":"article","og_title":"V\u00e1lvula Serie PGA - Todoriego Insumos SRL","og_description":"La serie PGA de Rain Bird\u00ae son las m\u00e1s resistentes, duraderas y fiables, con un alto rendimiento bajo temperaturas extremas y presiones intensas.","og_url":"https:\/\/www.todoriego.com.ar\/site\/producto\/valvula-serie-pga\/","og_site_name":"Todoriego Insumos SRL","article_publisher":"https:\/\/www.facebook.com\/todoriegoinsumos\/","article_modified_time":"2022-08-29T19:10:21+00:00","og_image":[{"width":600,"height":600,"url":"https:\/\/www.todoriego.com.ar\/site\/wp-content\/uploads\/2022\/08\/RainBird_valvulas_PGA.jpg","type":"image\/jpeg"}],"twitter_card":"summary_large_image","twitter_misc":{"Tiempo de lectura":"3 minutos"},"schema":{"@context":"https:\/\/schema.org","@graph":[{"@type":"WebPage","@id":"https:\/\/www.todoriego.com.ar\/site\/producto\/valvula-serie-pga\/","url":"https:\/\/www.todoriego.com.ar\/site\/producto\/valvula-serie-pga\/","name":"V\u00e1lvula Serie PGA - Todoriego Insumos SRL","isPartOf":{"@id":"https:\/\/www.todoriego.com.ar\/site\/#website"},"primaryImageOfPage":{"@id":"https:\/\/www.todoriego.com.ar\/site\/producto\/valvula-serie-pga\/#primaryimage"},"image":{"@id":"https:\/\/www.todoriego.com.ar\/site\/producto\/valvula-serie-pga\/#primaryimage"},"thumbnailUrl":"https:\/\/www.todoriego.com.ar\/site\/wp-content\/uploads\/2022\/08\/RainBird_valvulas_PGA.jpg","datePublished":"2022-08-29T18:59:06+00:00","dateModified":"2022-08-29T19:10:21+00:00","description":"La serie PGA de Rain Bird\u00ae son las m\u00e1s resistentes, duraderas y fiables, con un alto rendimiento bajo temperaturas extremas y presiones intensas.","breadcrumb":{"@id":"https:\/\/www.todoriego.com.ar\/site\/producto\/valvula-serie-pga\/#breadcrumb"},"inLanguage":"es-AR","potentialAction":[{"@type":"ReadAction","target":["https:\/\/www.todoriego.com.ar\/site\/producto\/valvula-serie-pga\/"]}]},{"@type":"ImageObject","inLanguage":"es-AR","@id":"https:\/\/www.todoriego.com.ar\/site\/producto\/valvula-serie-pga\/#primaryimage","url":"https:\/\/www.todoriego.com.ar\/site\/wp-content\/uploads\/2022\/08\/RainBird_valvulas_PGA.jpg","contentUrl":"https:\/\/www.todoriego.com.ar\/site\/wp-content\/uploads\/2022\/08\/RainBird_valvulas_PGA.jpg","width":600,"height":600},{"@type":"BreadcrumbList","@id":"https:\/\/www.todoriego.com.ar\/site\/producto\/valvula-serie-pga\/#breadcrumb","itemListElement":[{"@type":"ListItem","position":1,"name":"Inicio","item":"https:\/\/www.todoriego.com.ar\/site\/"},{"@type":"ListItem","position":2,"name":"Tienda","item":"https:\/\/www.todoriego.com.ar\/site\/tienda\/"},{"@type":"ListItem","position":3,"name":"V\u00e1lvula Serie PGA"}]},{"@type":"WebSite","@id":"https:\/\/www.todoriego.com.ar\/site\/#website","url":"https:\/\/www.todoriego.com.ar\/site\/","name":"Todoriego Insumos SRL","description":"Sabemos hacer riego","publisher":{"@id":"https:\/\/www.todoriego.com.ar\/site\/#organization"},"potentialAction":[{"@type":"SearchAction","target":{"@type":"EntryPoint","urlTemplate":"https:\/\/www.todoriego.com.ar\/site\/?s={search_term_string}"},"query-input":{"@type":"PropertyValueSpecification","valueRequired":true,"valueName":"search_term_string"}}],"inLanguage":"es-AR"},{"@type":"Organization","@id":"https:\/\/www.todoriego.com.ar\/site\/#organization","name":"Todoriego Insumos s.r.l.","url":"https:\/\/www.todoriego.com.ar\/site\/","logo":{"@type":"ImageObject","inLanguage":"es-AR","@id":"https:\/\/www.todoriego.com.ar\/site\/#\/schema\/logo\/image\/","url":"http:\/\/www.todoriego.com.ar\/site\/wp-content\/uploads\/2022\/07\/todoriego_marca.jpg","contentUrl":"http:\/\/www.todoriego.com.ar\/site\/wp-content\/uploads\/2022\/07\/todoriego_marca.jpg","width":731,"height":731,"caption":"Todoriego Insumos s.r.l."},"image":{"@id":"https:\/\/www.todoriego.com.ar\/site\/#\/schema\/logo\/image\/"},"sameAs":["https:\/\/www.facebook.com\/todoriegoinsumos\/","https:\/\/www.instagram.com\/todoriegoinsumos\/"]}]}},"_links":{"self":[{"href":"https:\/\/www.todoriego.com.ar\/site\/wp-json\/wp\/v2\/product\/9068","targetHints":{"allow":["GET"]}}],"collection":[{"href":"https:\/\/www.todoriego.com.ar\/site\/wp-json\/wp\/v2\/product"}],"about":[{"href":"https:\/\/www.todoriego.com.ar\/site\/wp-json\/wp\/v2\/types\/product"}],"wp:featuredmedia":[{"embeddable":true,"href":"https:\/\/www.todoriego.com.ar\/site\/wp-json\/wp\/v2\/media\/9065"}],"wp:attachment":[{"href":"https:\/\/www.todoriego.com.ar\/site\/wp-json\/wp\/v2\/media?parent=9068"}],"wp:term":[{"taxonomy":"product_brand","embeddable":true,"href":"https:\/\/www.todoriego.com.ar\/site\/wp-json\/wp\/v2\/product_brand?post=9068"},{"taxonomy":"product_cat","embeddable":true,"href":"https:\/\/www.todoriego.com.ar\/site\/wp-json\/wp\/v2\/product_cat?post=9068"},{"taxonomy":"product_tag","embeddable":true,"href":"https:\/\/www.todoriego.com.ar\/site\/wp-json\/wp\/v2\/product_tag?post=9068"}],"curies":[{"name":"wp","href":"https:\/\/api.w.org\/{rel}","templated":true}]}}