{"id":9070,"date":"2022-08-29T16:10:35","date_gmt":"2022-08-29T19:10:35","guid":{"rendered":"http:\/\/www.todoriego.com.ar\/site\/?post_type=product&#038;p=9070"},"modified":"2022-08-29T16:20:33","modified_gmt":"2022-08-29T19:20:33","slug":"valvula-serie-hv","status":"publish","type":"product","link":"https:\/\/www.todoriego.com.ar\/site\/producto\/valvula-serie-hv\/","title":{"rendered":"V\u00e1lvula Serie HV"},"content":{"rendered":"<p>Las V\u00e1lvulas de la <em><strong>serie HV<\/strong> <\/em>tienen extraordinario rendimiento e incomparable durabilidad.<br \/>\nEl diafragma exc\u00e9ntrico permite un cierre suave y reduce el golpe de ariete.<br \/>\nDise\u00f1o compacto, radio de giro de 2,54 pulgadas para instalaciones estrechas (instale m\u00e1s v\u00e1lvulas en una sola caja de v\u00e1lvulas)<br \/>\nTornillos cautivos de m\u00faltiples conexiones para facilitar el acceso y retirar la tapa m\u00e1s r\u00e1pido.<br \/>\nCuerpo de polipropileno con fibra de vidrio para mayor resistencia.<br \/>\nVarias opciones de herramientas para abrir la v\u00e1lvula (llave de tuercas, destornillador Phillips, destornillador plano).<br \/>\nCuatro tornillos para r\u00e1pido acceso al diafragma.<\/p>\n<p><strong>Caracter\u00edsticas<\/strong><br \/>\n\u2022 Diafragma exc\u00e9ntrico Buna-N patentado de presi\u00f3n equilibrada con filtro de agua piloto autolimpiante malla 90 (200 micras) y resorte cautivo de acero inoxidable. El dise\u00f1o exc\u00e9ntrico ofrece un cierre m\u00e1s suave, con menos golpe de ariete.<br \/>\n\u2022 Solo cuatro tornillos cautivos de m\u00faltiples conexiones que salen con la mitad del n\u00famero de vueltas para un servicio r\u00e1pido y sencillo; por lo menos dos veces m\u00e1s r\u00e1pido que la competencia.<br \/>\n\u2022 Cuerpo de polipropileno con fibra de vidrio para mayor resistencia (modelo con cuerpo de PVC).<br \/>\n\u2022 Todas las configuraciones populares de modelos disponibles.<br \/>\n\u2022 Dise\u00f1o compacto, radio de giro de 2.54\u201d para instalaciones estrechas.<br \/>\n\u2022 Dise\u00f1o de caudal inverso, normalmente cerrado.<br \/>\n\u2022 Purga externa para limpiar el sistema manualmente y quitar las part\u00edculas de suciedad durante la instalaci\u00f3n y la puesta en marcha del sistema.<br \/>\n\u2022 Purga interna para operaci\u00f3n manual en seco.<br \/>\n\u2022 Funciona en aplicaciones de bajo caudal y de riego por goteo cuando el filtro de malla 200 se instala en contracorriente.<\/p>\n<p><strong>Especificaciones<\/strong><br \/>\n\u2022 Presi\u00f3n: 15 a 150 psi (1,0 a 10,3 bar).<br \/>\n\u2022 Caudal: de 0,2 a 30 gpm (de 0,05 a 6.82 m3\/h; de 0,01 a 1.89 l\/s); para caudales inferiores 3 gpm (0,68 m3\/h; 0,19 l\/s) o cualquier aplicaci\u00f3n de riego por goteo, use un filtro de malla 200 instalado en contracorriente.<br \/>\n\u2022 Temperaturas de funcionamiento: Temperatura del agua hasta 110 \u00b0F (43 \u00b0C); temperatura ambiente hasta 125 \u00b0F (52 \u00b0C).<br \/>\n\u2022 Corriente de entrada: 0.290 A a 50\/60 Hz<br \/>\n\u2022 Corriente de mantenimiento: 0.091A a 50\/60 Hz<br \/>\n\u2022 Resistencia de la bobina del solenoide: 70-85 ohmios (40 \u00b0F &#8211; 110 \u00b0F)<br \/>\n\u2022 Solenoide de 24 V CA 50\/60 Hz (ciclos por segundo)<\/p>\n","protected":false},"excerpt":{"rendered":"<p><img loading=\"lazy\" decoding=\"async\" class=\"alignnone size-full wp-image-8741\" src=\"https:\/\/www.todoriego.com.ar\/site\/wp-content\/uploads\/2022\/07\/rainbird.png\" alt=\"\" width=\"103\" height=\"50\" \/><br \/>\nV\u00e1lvulas <em><strong>serie HV<\/strong> <\/em>de <strong>Rain Bird\u00ae<\/strong> tienen extraordinario rendimiento y durabilidad. El diafragma exc\u00e9ntrico permite un cierre suave y reduce el golpe de ariete.<\/p>\n","protected":false},"featured_media":9064,"template":"","meta":{"_acf_changed":false},"product_brand":[],"product_cat":[39,108],"product_tag":[],"class_list":{"0":"post-9070","1":"product","2":"type-product","3":"status-publish","4":"has-post-thumbnail","6":"product_cat-espacios-verdes","7":"product_cat-valvulas-solenoides","9":"first","10":"instock","11":"shipping-taxable","12":"product-type-simple"},"acf":[],"yoast_head":"<!-- This site is optimized with the Yoast SEO plugin v27.4 - https:\/\/yoast.com\/product\/yoast-seo-wordpress\/ -->\n<title>V\u00e1lvula Serie HV - Todoriego Insumos SRL<\/title>\n<meta name=\"description\" content=\"V\u00e1lvulas serie HV de Rain Bird\u00ae tienen extraordinario rendimiento y durabilidad. El diafragma permite un cierre suave y reduce el golpe de ariete.\" \/>\n<meta name=\"robots\" content=\"index, follow, max-snippet:-1, max-image-preview:large, max-video-preview:-1\" \/>\n<link rel=\"canonical\" href=\"https:\/\/www.todoriego.com.ar\/site\/producto\/valvula-serie-hv\/\" \/>\n<meta property=\"og:locale\" content=\"es_ES\" \/>\n<meta property=\"og:type\" content=\"article\" \/>\n<meta property=\"og:title\" content=\"V\u00e1lvula Serie HV - Todoriego Insumos SRL\" \/>\n<meta property=\"og:description\" content=\"V\u00e1lvulas serie HV de Rain Bird\u00ae tienen extraordinario rendimiento y durabilidad. El diafragma permite un cierre suave y reduce el golpe de ariete.\" \/>\n<meta property=\"og:url\" content=\"https:\/\/www.todoriego.com.ar\/site\/producto\/valvula-serie-hv\/\" \/>\n<meta property=\"og:site_name\" content=\"Todoriego Insumos SRL\" \/>\n<meta property=\"article:publisher\" content=\"https:\/\/www.facebook.com\/todoriegoinsumos\/\" \/>\n<meta property=\"article:modified_time\" content=\"2022-08-29T19:20:33+00:00\" \/>\n<meta property=\"og:image\" content=\"https:\/\/www.todoriego.com.ar\/site\/wp-content\/uploads\/2022\/08\/RainBird_valvulas_HV.jpg\" \/>\n\t<meta property=\"og:image:width\" content=\"600\" \/>\n\t<meta property=\"og:image:height\" content=\"600\" \/>\n\t<meta property=\"og:image:type\" content=\"image\/jpeg\" \/>\n<meta name=\"twitter:card\" content=\"summary_large_image\" \/>\n<meta name=\"twitter:label1\" content=\"Tiempo de lectura\" \/>\n\t<meta name=\"twitter:data1\" content=\"2 minutos\" \/>\n<script type=\"application\/ld+json\" class=\"yoast-schema-graph\">{\"@context\":\"https:\\\/\\\/schema.org\",\"@graph\":[{\"@type\":\"WebPage\",\"@id\":\"https:\\\/\\\/www.todoriego.com.ar\\\/site\\\/producto\\\/valvula-serie-hv\\\/\",\"url\":\"https:\\\/\\\/www.todoriego.com.ar\\\/site\\\/producto\\\/valvula-serie-hv\\\/\",\"name\":\"V\u00e1lvula Serie HV - Todoriego Insumos SRL\",\"isPartOf\":{\"@id\":\"https:\\\/\\\/www.todoriego.com.ar\\\/site\\\/#website\"},\"primaryImageOfPage\":{\"@id\":\"https:\\\/\\\/www.todoriego.com.ar\\\/site\\\/producto\\\/valvula-serie-hv\\\/#primaryimage\"},\"image\":{\"@id\":\"https:\\\/\\\/www.todoriego.com.ar\\\/site\\\/producto\\\/valvula-serie-hv\\\/#primaryimage\"},\"thumbnailUrl\":\"https:\\\/\\\/www.todoriego.com.ar\\\/site\\\/wp-content\\\/uploads\\\/2022\\\/08\\\/RainBird_valvulas_HV.jpg\",\"datePublished\":\"2022-08-29T19:10:35+00:00\",\"dateModified\":\"2022-08-29T19:20:33+00:00\",\"description\":\"V\u00e1lvulas serie HV de Rain Bird\u00ae tienen extraordinario rendimiento y durabilidad. El diafragma permite un cierre suave y reduce el golpe de ariete.\",\"breadcrumb\":{\"@id\":\"https:\\\/\\\/www.todoriego.com.ar\\\/site\\\/producto\\\/valvula-serie-hv\\\/#breadcrumb\"},\"inLanguage\":\"es-AR\",\"potentialAction\":[{\"@type\":\"ReadAction\",\"target\":[\"https:\\\/\\\/www.todoriego.com.ar\\\/site\\\/producto\\\/valvula-serie-hv\\\/\"]}]},{\"@type\":\"ImageObject\",\"inLanguage\":\"es-AR\",\"@id\":\"https:\\\/\\\/www.todoriego.com.ar\\\/site\\\/producto\\\/valvula-serie-hv\\\/#primaryimage\",\"url\":\"https:\\\/\\\/www.todoriego.com.ar\\\/site\\\/wp-content\\\/uploads\\\/2022\\\/08\\\/RainBird_valvulas_HV.jpg\",\"contentUrl\":\"https:\\\/\\\/www.todoriego.com.ar\\\/site\\\/wp-content\\\/uploads\\\/2022\\\/08\\\/RainBird_valvulas_HV.jpg\",\"width\":600,\"height\":600},{\"@type\":\"BreadcrumbList\",\"@id\":\"https:\\\/\\\/www.todoriego.com.ar\\\/site\\\/producto\\\/valvula-serie-hv\\\/#breadcrumb\",\"itemListElement\":[{\"@type\":\"ListItem\",\"position\":1,\"name\":\"Inicio\",\"item\":\"https:\\\/\\\/www.todoriego.com.ar\\\/site\\\/\"},{\"@type\":\"ListItem\",\"position\":2,\"name\":\"Tienda\",\"item\":\"https:\\\/\\\/www.todoriego.com.ar\\\/site\\\/tienda\\\/\"},{\"@type\":\"ListItem\",\"position\":3,\"name\":\"V\u00e1lvula Serie HV\"}]},{\"@type\":\"WebSite\",\"@id\":\"https:\\\/\\\/www.todoriego.com.ar\\\/site\\\/#website\",\"url\":\"https:\\\/\\\/www.todoriego.com.ar\\\/site\\\/\",\"name\":\"Todoriego Insumos SRL\",\"description\":\"Sabemos hacer riego\",\"publisher\":{\"@id\":\"https:\\\/\\\/www.todoriego.com.ar\\\/site\\\/#organization\"},\"potentialAction\":[{\"@type\":\"SearchAction\",\"target\":{\"@type\":\"EntryPoint\",\"urlTemplate\":\"https:\\\/\\\/www.todoriego.com.ar\\\/site\\\/?s={search_term_string}\"},\"query-input\":{\"@type\":\"PropertyValueSpecification\",\"valueRequired\":true,\"valueName\":\"search_term_string\"}}],\"inLanguage\":\"es-AR\"},{\"@type\":\"Organization\",\"@id\":\"https:\\\/\\\/www.todoriego.com.ar\\\/site\\\/#organization\",\"name\":\"Todoriego Insumos s.r.l.\",\"url\":\"https:\\\/\\\/www.todoriego.com.ar\\\/site\\\/\",\"logo\":{\"@type\":\"ImageObject\",\"inLanguage\":\"es-AR\",\"@id\":\"https:\\\/\\\/www.todoriego.com.ar\\\/site\\\/#\\\/schema\\\/logo\\\/image\\\/\",\"url\":\"http:\\\/\\\/www.todoriego.com.ar\\\/site\\\/wp-content\\\/uploads\\\/2022\\\/07\\\/todoriego_marca.jpg\",\"contentUrl\":\"http:\\\/\\\/www.todoriego.com.ar\\\/site\\\/wp-content\\\/uploads\\\/2022\\\/07\\\/todoriego_marca.jpg\",\"width\":731,\"height\":731,\"caption\":\"Todoriego Insumos s.r.l.\"},\"image\":{\"@id\":\"https:\\\/\\\/www.todoriego.com.ar\\\/site\\\/#\\\/schema\\\/logo\\\/image\\\/\"},\"sameAs\":[\"https:\\\/\\\/www.facebook.com\\\/todoriegoinsumos\\\/\",\"https:\\\/\\\/www.instagram.com\\\/todoriegoinsumos\\\/\"]}]}<\/script>\n<!-- \/ Yoast SEO plugin. -->","yoast_head_json":{"title":"V\u00e1lvula Serie HV - Todoriego Insumos SRL","description":"V\u00e1lvulas serie HV de Rain Bird\u00ae tienen extraordinario rendimiento y durabilidad. El diafragma permite un cierre suave y reduce el golpe de ariete.","robots":{"index":"index","follow":"follow","max-snippet":"max-snippet:-1","max-image-preview":"max-image-preview:large","max-video-preview":"max-video-preview:-1"},"canonical":"https:\/\/www.todoriego.com.ar\/site\/producto\/valvula-serie-hv\/","og_locale":"es_ES","og_type":"article","og_title":"V\u00e1lvula Serie HV - Todoriego Insumos SRL","og_description":"V\u00e1lvulas serie HV de Rain Bird\u00ae tienen extraordinario rendimiento y durabilidad. El diafragma permite un cierre suave y reduce el golpe de ariete.","og_url":"https:\/\/www.todoriego.com.ar\/site\/producto\/valvula-serie-hv\/","og_site_name":"Todoriego Insumos SRL","article_publisher":"https:\/\/www.facebook.com\/todoriegoinsumos\/","article_modified_time":"2022-08-29T19:20:33+00:00","og_image":[{"width":600,"height":600,"url":"https:\/\/www.todoriego.com.ar\/site\/wp-content\/uploads\/2022\/08\/RainBird_valvulas_HV.jpg","type":"image\/jpeg"}],"twitter_card":"summary_large_image","twitter_misc":{"Tiempo de lectura":"2 minutos"},"schema":{"@context":"https:\/\/schema.org","@graph":[{"@type":"WebPage","@id":"https:\/\/www.todoriego.com.ar\/site\/producto\/valvula-serie-hv\/","url":"https:\/\/www.todoriego.com.ar\/site\/producto\/valvula-serie-hv\/","name":"V\u00e1lvula Serie HV - Todoriego Insumos SRL","isPartOf":{"@id":"https:\/\/www.todoriego.com.ar\/site\/#website"},"primaryImageOfPage":{"@id":"https:\/\/www.todoriego.com.ar\/site\/producto\/valvula-serie-hv\/#primaryimage"},"image":{"@id":"https:\/\/www.todoriego.com.ar\/site\/producto\/valvula-serie-hv\/#primaryimage"},"thumbnailUrl":"https:\/\/www.todoriego.com.ar\/site\/wp-content\/uploads\/2022\/08\/RainBird_valvulas_HV.jpg","datePublished":"2022-08-29T19:10:35+00:00","dateModified":"2022-08-29T19:20:33+00:00","description":"V\u00e1lvulas serie HV de Rain Bird\u00ae tienen extraordinario rendimiento y durabilidad. El diafragma permite un cierre suave y reduce el golpe de ariete.","breadcrumb":{"@id":"https:\/\/www.todoriego.com.ar\/site\/producto\/valvula-serie-hv\/#breadcrumb"},"inLanguage":"es-AR","potentialAction":[{"@type":"ReadAction","target":["https:\/\/www.todoriego.com.ar\/site\/producto\/valvula-serie-hv\/"]}]},{"@type":"ImageObject","inLanguage":"es-AR","@id":"https:\/\/www.todoriego.com.ar\/site\/producto\/valvula-serie-hv\/#primaryimage","url":"https:\/\/www.todoriego.com.ar\/site\/wp-content\/uploads\/2022\/08\/RainBird_valvulas_HV.jpg","contentUrl":"https:\/\/www.todoriego.com.ar\/site\/wp-content\/uploads\/2022\/08\/RainBird_valvulas_HV.jpg","width":600,"height":600},{"@type":"BreadcrumbList","@id":"https:\/\/www.todoriego.com.ar\/site\/producto\/valvula-serie-hv\/#breadcrumb","itemListElement":[{"@type":"ListItem","position":1,"name":"Inicio","item":"https:\/\/www.todoriego.com.ar\/site\/"},{"@type":"ListItem","position":2,"name":"Tienda","item":"https:\/\/www.todoriego.com.ar\/site\/tienda\/"},{"@type":"ListItem","position":3,"name":"V\u00e1lvula Serie HV"}]},{"@type":"WebSite","@id":"https:\/\/www.todoriego.com.ar\/site\/#website","url":"https:\/\/www.todoriego.com.ar\/site\/","name":"Todoriego Insumos SRL","description":"Sabemos hacer riego","publisher":{"@id":"https:\/\/www.todoriego.com.ar\/site\/#organization"},"potentialAction":[{"@type":"SearchAction","target":{"@type":"EntryPoint","urlTemplate":"https:\/\/www.todoriego.com.ar\/site\/?s={search_term_string}"},"query-input":{"@type":"PropertyValueSpecification","valueRequired":true,"valueName":"search_term_string"}}],"inLanguage":"es-AR"},{"@type":"Organization","@id":"https:\/\/www.todoriego.com.ar\/site\/#organization","name":"Todoriego Insumos s.r.l.","url":"https:\/\/www.todoriego.com.ar\/site\/","logo":{"@type":"ImageObject","inLanguage":"es-AR","@id":"https:\/\/www.todoriego.com.ar\/site\/#\/schema\/logo\/image\/","url":"http:\/\/www.todoriego.com.ar\/site\/wp-content\/uploads\/2022\/07\/todoriego_marca.jpg","contentUrl":"http:\/\/www.todoriego.com.ar\/site\/wp-content\/uploads\/2022\/07\/todoriego_marca.jpg","width":731,"height":731,"caption":"Todoriego Insumos s.r.l."},"image":{"@id":"https:\/\/www.todoriego.com.ar\/site\/#\/schema\/logo\/image\/"},"sameAs":["https:\/\/www.facebook.com\/todoriegoinsumos\/","https:\/\/www.instagram.com\/todoriegoinsumos\/"]}]}},"_links":{"self":[{"href":"https:\/\/www.todoriego.com.ar\/site\/wp-json\/wp\/v2\/product\/9070","targetHints":{"allow":["GET"]}}],"collection":[{"href":"https:\/\/www.todoriego.com.ar\/site\/wp-json\/wp\/v2\/product"}],"about":[{"href":"https:\/\/www.todoriego.com.ar\/site\/wp-json\/wp\/v2\/types\/product"}],"wp:featuredmedia":[{"embeddable":true,"href":"https:\/\/www.todoriego.com.ar\/site\/wp-json\/wp\/v2\/media\/9064"}],"wp:attachment":[{"href":"https:\/\/www.todoriego.com.ar\/site\/wp-json\/wp\/v2\/media?parent=9070"}],"wp:term":[{"taxonomy":"product_brand","embeddable":true,"href":"https:\/\/www.todoriego.com.ar\/site\/wp-json\/wp\/v2\/product_brand?post=9070"},{"taxonomy":"product_cat","embeddable":true,"href":"https:\/\/www.todoriego.com.ar\/site\/wp-json\/wp\/v2\/product_cat?post=9070"},{"taxonomy":"product_tag","embeddable":true,"href":"https:\/\/www.todoriego.com.ar\/site\/wp-json\/wp\/v2\/product_tag?post=9070"}],"curies":[{"name":"wp","href":"https:\/\/api.w.org\/{rel}","templated":true}]}}