{"id":9071,"date":"2022-08-29T16:21:11","date_gmt":"2022-08-29T19:21:11","guid":{"rendered":"http:\/\/www.todoriego.com.ar\/site\/?post_type=product&#038;p=9071"},"modified":"2022-08-29T16:26:33","modified_gmt":"2022-08-29T19:26:33","slug":"valvula-prs-dial","status":"publish","type":"product","link":"https:\/\/www.todoriego.com.ar\/site\/producto\/valvula-prs-dial\/","title":{"rendered":"V\u00e1lvula PRS Dial"},"content":{"rendered":"<p>Regulador de presi\u00f3n de v\u00e1lvula de <em><strong>dial PRS<\/strong><\/em>.<br \/>\nEl <em><strong>dial PRS<\/strong><\/em> es un medio excelente para regular la presi\u00f3n de salida de la v\u00e1lvula, independientemente de las fluctuaciones de la presi\u00f3n de entrada. La escala visible permite un ajuste r\u00e1pido y sencillo. El regulador es compatible con todas las v\u00e1lvulas de la serie PGA, PEB, PESB, PESB-R, EFB-CP y BPES de Rain Bird y mantiene una presi\u00f3n de salida constante entre 15 y 100 psi.<\/p>\n<p><strong>Caracter\u00edsticas<\/strong><br \/>\n\u2022 PRS-Dial es un medio excelente para regular la presi\u00f3n de salida de la v\u00e1lvula, independiente de las fluctuaciones de la presi\u00f3n de entrada. La escala visible permite un ajuste r\u00e1pido y sencillo. El regulador es compatible con todas las v\u00e1lvulas Rain Bird Series PGA, PEB, PESB, PESB-R, EFB-CP y BPES<br \/>\n\u2022 Regula y mantiene una presi\u00f3n de salida constante de 15 a 100 psi (de 1.04 a 6.9 bar) dentro de \u00b13 psi (\u00b10.21 bar).<br \/>\n\u2022 Dise\u00f1o ergon\u00f3mico con tapa herm\u00e9tica que ayuda a evitar el vandalismo.<br \/>\n\u2022 Cartucho del dial a prueba de agua que elimina la nebulizaci\u00f3n y el atascamiento.<br \/>\n\u2022 Cartucho del dial que se adapta a todas las unidades PRS-D existentes.<br \/>\n\u2022 V\u00e1lvula Schrader que conecta la manguera del man\u00f3metro.<br \/>\n\u2022 F\u00e1cil instalaci\u00f3n en campo. El PRS Dial se rosca entre el solenoide y el adaptador.<br \/>\n\u2022 Nailon con fibra de vidrio resistente a la corrosi\u00f3n para darle la mayor resistencia.<\/p>\n<p><strong>Informaci\u00f3n sobre el uso<\/strong><br \/>\n\u2022 Para lograr el funcionamiento correcto, se requiere que la presi\u00f3n de entrada sea por lo menos 15 psi (1,04 bar) m\u00e1s alta que la presi\u00f3n de salida deseada.<br \/>\n\u2022 Para las \u00e1reas con presi\u00f3n muy alta o terrenos desnivelados, instale aspersores con v\u00e1stagos reguladores de presi\u00f3n PRS y\/o v\u00e1lvulas de retenci\u00f3n SAM.<br \/>\n\u2022 Cuando la presi\u00f3n de entrada supera los 100 psi (6.9 bar), se debe utilizar una v\u00e1lvula maestra reguladora de presi\u00f3n o un regulador de presi\u00f3n dentro de la l\u00ednea.<br \/>\n\u2022 Rain Bird no recomienda utilizar el m\u00f3dulo regulador de presi\u00f3n para aplicaciones cuyos rangos de caudal est\u00e9n fuera de los l\u00edmites recomendados.<br \/>\n\u2022 Rain Bird recomienda que los \u00edndices de caudal en la l\u00ednea de suministro no superen los 7.5 pies\/s (2.29 m\/s) para reducir los efectos del golpe de ariete.<br \/>\n\u2022 Para caudales inferiores a 10 gpm (2.27 m3\u2044h; 37.8 l\/m), Rain Bird recomienda girar el v\u00e1stago del control de caudal dos vueltas completas desde la posici\u00f3n totalmente abierta.<\/p>\n<p><strong>Especificaciones<\/strong><br \/>\n\u2022 Presi\u00f3n: Hasta 100 psi (6,9 bar).<br \/>\n\u2022 Regulaci\u00f3n: de 15 a 100 psi (de 1.04 a 6.9 bar).<br \/>\n\u2022 Caudal: Consulte los gr\u00e1ficos del rango de flujo de la v\u00e1lvula<\/p>\n","protected":false},"excerpt":{"rendered":"<p><img loading=\"lazy\" decoding=\"async\" class=\"alignnone size-full wp-image-8741\" src=\"https:\/\/www.todoriego.com.ar\/site\/wp-content\/uploads\/2022\/07\/rainbird.png\" alt=\"\" width=\"103\" height=\"50\" \/><br \/>\nLa V\u00e1lvula <em><strong>dial PRS<\/strong><\/em> es un medio excelente para regular la presi\u00f3n de salida de la v\u00e1lvula, independientemente de las fluctuaciones de la presi\u00f3n de entrada.<\/p>\n","protected":false},"featured_media":9066,"template":"","meta":{"_acf_changed":false},"product_brand":[],"product_cat":[39,108],"product_tag":[],"class_list":{"0":"post-9071","1":"product","2":"type-product","3":"status-publish","4":"has-post-thumbnail","6":"product_cat-espacios-verdes","7":"product_cat-valvulas-solenoides","9":"first","10":"instock","11":"shipping-taxable","12":"product-type-simple"},"acf":[],"yoast_head":"<!-- This site is optimized with the Yoast SEO plugin v27.5 - https:\/\/yoast.com\/product\/yoast-seo-wordpress\/ -->\n<title>V\u00e1lvula PRS Dial - Todoriego Insumos SRL<\/title>\n<meta name=\"description\" content=\"El dial PRS Rain Bird\u00ae es un medio excelente para regular la presi\u00f3n de salida independientemente de las fluctuaciones de la presi\u00f3n de entrada.\" \/>\n<meta name=\"robots\" content=\"index, follow, max-snippet:-1, max-image-preview:large, max-video-preview:-1\" \/>\n<link rel=\"canonical\" href=\"https:\/\/www.todoriego.com.ar\/site\/producto\/valvula-prs-dial\/\" \/>\n<meta property=\"og:locale\" content=\"es_ES\" \/>\n<meta property=\"og:type\" content=\"article\" \/>\n<meta property=\"og:title\" content=\"V\u00e1lvula PRS Dial - Todoriego Insumos SRL\" \/>\n<meta property=\"og:description\" content=\"El dial PRS Rain Bird\u00ae es un medio excelente para regular la presi\u00f3n de salida independientemente de las fluctuaciones de la presi\u00f3n de entrada.\" \/>\n<meta property=\"og:url\" content=\"https:\/\/www.todoriego.com.ar\/site\/producto\/valvula-prs-dial\/\" \/>\n<meta property=\"og:site_name\" content=\"Todoriego Insumos SRL\" \/>\n<meta property=\"article:publisher\" content=\"https:\/\/www.facebook.com\/todoriegoinsumos\/\" \/>\n<meta property=\"article:modified_time\" content=\"2022-08-29T19:26:33+00:00\" \/>\n<meta property=\"og:image\" content=\"https:\/\/www.todoriego.com.ar\/site\/wp-content\/uploads\/2022\/08\/RainBird_valvulas_PRS-Dial_01.jpg\" \/>\n\t<meta property=\"og:image:width\" content=\"600\" \/>\n\t<meta property=\"og:image:height\" content=\"600\" \/>\n\t<meta property=\"og:image:type\" content=\"image\/jpeg\" \/>\n<meta name=\"twitter:card\" content=\"summary_large_image\" \/>\n<meta name=\"twitter:label1\" content=\"Tiempo de lectura\" \/>\n\t<meta name=\"twitter:data1\" content=\"2 minutos\" \/>\n<script type=\"application\/ld+json\" class=\"yoast-schema-graph\">{\"@context\":\"https:\\\/\\\/schema.org\",\"@graph\":[{\"@type\":\"WebPage\",\"@id\":\"https:\\\/\\\/www.todoriego.com.ar\\\/site\\\/producto\\\/valvula-prs-dial\\\/\",\"url\":\"https:\\\/\\\/www.todoriego.com.ar\\\/site\\\/producto\\\/valvula-prs-dial\\\/\",\"name\":\"V\u00e1lvula PRS Dial - Todoriego Insumos SRL\",\"isPartOf\":{\"@id\":\"https:\\\/\\\/www.todoriego.com.ar\\\/site\\\/#website\"},\"primaryImageOfPage\":{\"@id\":\"https:\\\/\\\/www.todoriego.com.ar\\\/site\\\/producto\\\/valvula-prs-dial\\\/#primaryimage\"},\"image\":{\"@id\":\"https:\\\/\\\/www.todoriego.com.ar\\\/site\\\/producto\\\/valvula-prs-dial\\\/#primaryimage\"},\"thumbnailUrl\":\"https:\\\/\\\/www.todoriego.com.ar\\\/site\\\/wp-content\\\/uploads\\\/2022\\\/08\\\/RainBird_valvulas_PRS-Dial_01.jpg\",\"datePublished\":\"2022-08-29T19:21:11+00:00\",\"dateModified\":\"2022-08-29T19:26:33+00:00\",\"description\":\"El dial PRS Rain Bird\u00ae es un medio excelente para regular la presi\u00f3n de salida independientemente de las fluctuaciones de la presi\u00f3n de entrada.\",\"breadcrumb\":{\"@id\":\"https:\\\/\\\/www.todoriego.com.ar\\\/site\\\/producto\\\/valvula-prs-dial\\\/#breadcrumb\"},\"inLanguage\":\"es-AR\",\"potentialAction\":[{\"@type\":\"ReadAction\",\"target\":[\"https:\\\/\\\/www.todoriego.com.ar\\\/site\\\/producto\\\/valvula-prs-dial\\\/\"]}]},{\"@type\":\"ImageObject\",\"inLanguage\":\"es-AR\",\"@id\":\"https:\\\/\\\/www.todoriego.com.ar\\\/site\\\/producto\\\/valvula-prs-dial\\\/#primaryimage\",\"url\":\"https:\\\/\\\/www.todoriego.com.ar\\\/site\\\/wp-content\\\/uploads\\\/2022\\\/08\\\/RainBird_valvulas_PRS-Dial_01.jpg\",\"contentUrl\":\"https:\\\/\\\/www.todoriego.com.ar\\\/site\\\/wp-content\\\/uploads\\\/2022\\\/08\\\/RainBird_valvulas_PRS-Dial_01.jpg\",\"width\":600,\"height\":600},{\"@type\":\"BreadcrumbList\",\"@id\":\"https:\\\/\\\/www.todoriego.com.ar\\\/site\\\/producto\\\/valvula-prs-dial\\\/#breadcrumb\",\"itemListElement\":[{\"@type\":\"ListItem\",\"position\":1,\"name\":\"Inicio\",\"item\":\"https:\\\/\\\/www.todoriego.com.ar\\\/site\\\/\"},{\"@type\":\"ListItem\",\"position\":2,\"name\":\"Tienda\",\"item\":\"https:\\\/\\\/www.todoriego.com.ar\\\/site\\\/tienda\\\/\"},{\"@type\":\"ListItem\",\"position\":3,\"name\":\"V\u00e1lvula PRS Dial\"}]},{\"@type\":\"WebSite\",\"@id\":\"https:\\\/\\\/www.todoriego.com.ar\\\/site\\\/#website\",\"url\":\"https:\\\/\\\/www.todoriego.com.ar\\\/site\\\/\",\"name\":\"Todoriego Insumos SRL\",\"description\":\"Sabemos hacer riego\",\"publisher\":{\"@id\":\"https:\\\/\\\/www.todoriego.com.ar\\\/site\\\/#organization\"},\"potentialAction\":[{\"@type\":\"SearchAction\",\"target\":{\"@type\":\"EntryPoint\",\"urlTemplate\":\"https:\\\/\\\/www.todoriego.com.ar\\\/site\\\/?s={search_term_string}\"},\"query-input\":{\"@type\":\"PropertyValueSpecification\",\"valueRequired\":true,\"valueName\":\"search_term_string\"}}],\"inLanguage\":\"es-AR\"},{\"@type\":\"Organization\",\"@id\":\"https:\\\/\\\/www.todoriego.com.ar\\\/site\\\/#organization\",\"name\":\"Todoriego Insumos s.r.l.\",\"url\":\"https:\\\/\\\/www.todoriego.com.ar\\\/site\\\/\",\"logo\":{\"@type\":\"ImageObject\",\"inLanguage\":\"es-AR\",\"@id\":\"https:\\\/\\\/www.todoriego.com.ar\\\/site\\\/#\\\/schema\\\/logo\\\/image\\\/\",\"url\":\"http:\\\/\\\/www.todoriego.com.ar\\\/site\\\/wp-content\\\/uploads\\\/2022\\\/07\\\/todoriego_marca.jpg\",\"contentUrl\":\"http:\\\/\\\/www.todoriego.com.ar\\\/site\\\/wp-content\\\/uploads\\\/2022\\\/07\\\/todoriego_marca.jpg\",\"width\":731,\"height\":731,\"caption\":\"Todoriego Insumos s.r.l.\"},\"image\":{\"@id\":\"https:\\\/\\\/www.todoriego.com.ar\\\/site\\\/#\\\/schema\\\/logo\\\/image\\\/\"},\"sameAs\":[\"https:\\\/\\\/www.facebook.com\\\/todoriegoinsumos\\\/\",\"https:\\\/\\\/www.instagram.com\\\/todoriegoinsumos\\\/\"]}]}<\/script>\n<!-- \/ Yoast SEO plugin. -->","yoast_head_json":{"title":"V\u00e1lvula PRS Dial - Todoriego Insumos SRL","description":"El dial PRS Rain Bird\u00ae es un medio excelente para regular la presi\u00f3n de salida independientemente de las fluctuaciones de la presi\u00f3n de entrada.","robots":{"index":"index","follow":"follow","max-snippet":"max-snippet:-1","max-image-preview":"max-image-preview:large","max-video-preview":"max-video-preview:-1"},"canonical":"https:\/\/www.todoriego.com.ar\/site\/producto\/valvula-prs-dial\/","og_locale":"es_ES","og_type":"article","og_title":"V\u00e1lvula PRS Dial - Todoriego Insumos SRL","og_description":"El dial PRS Rain Bird\u00ae es un medio excelente para regular la presi\u00f3n de salida independientemente de las fluctuaciones de la presi\u00f3n de entrada.","og_url":"https:\/\/www.todoriego.com.ar\/site\/producto\/valvula-prs-dial\/","og_site_name":"Todoriego Insumos SRL","article_publisher":"https:\/\/www.facebook.com\/todoriegoinsumos\/","article_modified_time":"2022-08-29T19:26:33+00:00","og_image":[{"width":600,"height":600,"url":"https:\/\/www.todoriego.com.ar\/site\/wp-content\/uploads\/2022\/08\/RainBird_valvulas_PRS-Dial_01.jpg","type":"image\/jpeg"}],"twitter_card":"summary_large_image","twitter_misc":{"Tiempo de lectura":"2 minutos"},"schema":{"@context":"https:\/\/schema.org","@graph":[{"@type":"WebPage","@id":"https:\/\/www.todoriego.com.ar\/site\/producto\/valvula-prs-dial\/","url":"https:\/\/www.todoriego.com.ar\/site\/producto\/valvula-prs-dial\/","name":"V\u00e1lvula PRS Dial - Todoriego Insumos SRL","isPartOf":{"@id":"https:\/\/www.todoriego.com.ar\/site\/#website"},"primaryImageOfPage":{"@id":"https:\/\/www.todoriego.com.ar\/site\/producto\/valvula-prs-dial\/#primaryimage"},"image":{"@id":"https:\/\/www.todoriego.com.ar\/site\/producto\/valvula-prs-dial\/#primaryimage"},"thumbnailUrl":"https:\/\/www.todoriego.com.ar\/site\/wp-content\/uploads\/2022\/08\/RainBird_valvulas_PRS-Dial_01.jpg","datePublished":"2022-08-29T19:21:11+00:00","dateModified":"2022-08-29T19:26:33+00:00","description":"El dial PRS Rain Bird\u00ae es un medio excelente para regular la presi\u00f3n de salida independientemente de las fluctuaciones de la presi\u00f3n de entrada.","breadcrumb":{"@id":"https:\/\/www.todoriego.com.ar\/site\/producto\/valvula-prs-dial\/#breadcrumb"},"inLanguage":"es-AR","potentialAction":[{"@type":"ReadAction","target":["https:\/\/www.todoriego.com.ar\/site\/producto\/valvula-prs-dial\/"]}]},{"@type":"ImageObject","inLanguage":"es-AR","@id":"https:\/\/www.todoriego.com.ar\/site\/producto\/valvula-prs-dial\/#primaryimage","url":"https:\/\/www.todoriego.com.ar\/site\/wp-content\/uploads\/2022\/08\/RainBird_valvulas_PRS-Dial_01.jpg","contentUrl":"https:\/\/www.todoriego.com.ar\/site\/wp-content\/uploads\/2022\/08\/RainBird_valvulas_PRS-Dial_01.jpg","width":600,"height":600},{"@type":"BreadcrumbList","@id":"https:\/\/www.todoriego.com.ar\/site\/producto\/valvula-prs-dial\/#breadcrumb","itemListElement":[{"@type":"ListItem","position":1,"name":"Inicio","item":"https:\/\/www.todoriego.com.ar\/site\/"},{"@type":"ListItem","position":2,"name":"Tienda","item":"https:\/\/www.todoriego.com.ar\/site\/tienda\/"},{"@type":"ListItem","position":3,"name":"V\u00e1lvula PRS Dial"}]},{"@type":"WebSite","@id":"https:\/\/www.todoriego.com.ar\/site\/#website","url":"https:\/\/www.todoriego.com.ar\/site\/","name":"Todoriego Insumos SRL","description":"Sabemos hacer riego","publisher":{"@id":"https:\/\/www.todoriego.com.ar\/site\/#organization"},"potentialAction":[{"@type":"SearchAction","target":{"@type":"EntryPoint","urlTemplate":"https:\/\/www.todoriego.com.ar\/site\/?s={search_term_string}"},"query-input":{"@type":"PropertyValueSpecification","valueRequired":true,"valueName":"search_term_string"}}],"inLanguage":"es-AR"},{"@type":"Organization","@id":"https:\/\/www.todoriego.com.ar\/site\/#organization","name":"Todoriego Insumos s.r.l.","url":"https:\/\/www.todoriego.com.ar\/site\/","logo":{"@type":"ImageObject","inLanguage":"es-AR","@id":"https:\/\/www.todoriego.com.ar\/site\/#\/schema\/logo\/image\/","url":"http:\/\/www.todoriego.com.ar\/site\/wp-content\/uploads\/2022\/07\/todoriego_marca.jpg","contentUrl":"http:\/\/www.todoriego.com.ar\/site\/wp-content\/uploads\/2022\/07\/todoriego_marca.jpg","width":731,"height":731,"caption":"Todoriego Insumos s.r.l."},"image":{"@id":"https:\/\/www.todoriego.com.ar\/site\/#\/schema\/logo\/image\/"},"sameAs":["https:\/\/www.facebook.com\/todoriegoinsumos\/","https:\/\/www.instagram.com\/todoriegoinsumos\/"]}]}},"_links":{"self":[{"href":"https:\/\/www.todoriego.com.ar\/site\/wp-json\/wp\/v2\/product\/9071","targetHints":{"allow":["GET"]}}],"collection":[{"href":"https:\/\/www.todoriego.com.ar\/site\/wp-json\/wp\/v2\/product"}],"about":[{"href":"https:\/\/www.todoriego.com.ar\/site\/wp-json\/wp\/v2\/types\/product"}],"wp:featuredmedia":[{"embeddable":true,"href":"https:\/\/www.todoriego.com.ar\/site\/wp-json\/wp\/v2\/media\/9066"}],"wp:attachment":[{"href":"https:\/\/www.todoriego.com.ar\/site\/wp-json\/wp\/v2\/media?parent=9071"}],"wp:term":[{"taxonomy":"product_brand","embeddable":true,"href":"https:\/\/www.todoriego.com.ar\/site\/wp-json\/wp\/v2\/product_brand?post=9071"},{"taxonomy":"product_cat","embeddable":true,"href":"https:\/\/www.todoriego.com.ar\/site\/wp-json\/wp\/v2\/product_cat?post=9071"},{"taxonomy":"product_tag","embeddable":true,"href":"https:\/\/www.todoriego.com.ar\/site\/wp-json\/wp\/v2\/product_tag?post=9071"}],"curies":[{"name":"wp","href":"https:\/\/api.w.org\/{rel}","templated":true}]}}