{"id":9074,"date":"2022-08-30T12:09:33","date_gmt":"2022-08-30T15:09:33","guid":{"rendered":"http:\/\/www.todoriego.com.ar\/site\/?post_type=product&#038;p=9074"},"modified":"2022-08-30T12:17:03","modified_gmt":"2022-08-30T15:17:03","slug":"controlador-serie-esp-rzxe","status":"publish","type":"product","link":"https:\/\/www.todoriego.com.ar\/site\/producto\/controlador-serie-esp-rzxe\/","title":{"rendered":"Controlador Serie ESP-RZXe"},"content":{"rendered":"<p>Controlador de zona interior o exterior con compatibilidad <em>WiFi LNK2<\/em><br \/>\nEl controlador <strong>ESP-RZXe<\/strong> brinda una configuraci\u00f3n basada en zonas que es f\u00e1cil de comprender para los usuarios sin capacitaci\u00f3n. Disponemos de modelos de 4, 6 y 8 zonas.<br \/>\nEl <strong>ESP-RZXe<\/strong> ofrece caracter\u00edsticas de programaci\u00f3n flexibles que lo convierten en el programador ideal para una amplia variedad de aplicaciones, incluidos los sistemas de riego para zonas residenciales y peque\u00f1as zonas comerciales.<br \/>\n<strong>F\u00e1cil de usar<\/strong><br \/>\nEl programador <strong>ESP-RZXe<\/strong> se ha dise\u00f1ado pensando en la facilidad de programaci\u00f3n y uso. La programaci\u00f3n por zonas permite que cada v\u00e1lvula se programe en forma independiente. Ya no es necesario explicar <em>\u201cprogramas\u201d<\/em> a los usuarios finales, lo que pr\u00e1cticamente elimina las llamadas reiteradas. La gran pantalla LCD muestra la programaci\u00f3n de cada zona a la vez. Su sencilla interfaz de usuario gr\u00e1fica se explica f\u00e1cilmente y pone todas las caracter\u00edsticas del programador al alcance de la mano.<br \/>\n<strong>LNK2 WiFi Ready<\/strong><br \/>\nEn combinaci\u00f3n con el M\u00f3dulo wifi LNK2 de Rain Bird (vendido por separado), usted puede recibir datos de previsiones meteorol\u00f3gicas por Internet para ajustar los programas de riego d\u00eda a d\u00eda ahorrando hasta un 30 % de agua.<\/p>\n<p><strong>Caracter\u00edsticas<\/strong><br \/>\n\u2022 Caracter\u00edsticas del controlador<br \/>\n\u2022 Su sencilla interfaz de usuario es f\u00e1cil de explicar y presenta todas las caracter\u00edsticas del programador en una sola pantalla<br \/>\n\u2022 Se monta con solo dos tornillos<br \/>\n\u2022 Gran pantalla LCD con interfaz de usuario de f\u00e1cil navegaci\u00f3n<br \/>\n\u2022 Entrada de sensor meteorol\u00f3gico con anulaci\u00f3n por software<br \/>\n\u2022 Circuito de v\u00e1lvula maestra\/arranque de bomba<br \/>\n\u2022 Memoria de programa no vol\u00e1til (100 a\u00f1os)<br \/>\n\u2022 Se puede programar con alimentaci\u00f3n a pilas<\/p>\n<p><strong>Funciones de programaci\u00f3n de horarios<\/strong><br \/>\n\u2022 La programaci\u00f3n por zonas permite asociar a cada una programaciones independientes (los tiempos de funcionamiento, de arranque y los d\u00edas de riego son configurables por zonas)<br \/>\n\u2022 Contractor Rapid Programming\u2122 copia autom\u00e1ticamente los horarios de inicio y los d\u00edas de riego de la zona 1 al resto de las zonas durante la configuraci\u00f3n inicial.<br \/>\n\u2022 6 horas de inicio independientes por zona<br \/>\n\u2022 4 opciones de d\u00edas de riego por zona: d\u00edas espec\u00edficos de la semana, d\u00edas IMPARES del calendario, d\u00edas PARES del calendario, programa c\u00edclico (cada 1 \u2013 14 d\u00edas)<br \/>\n\u2022 Riego manual de TODAS las zonas o de una zona INDIVIDUAL a voluntad<\/p>\n<p><strong>Caracter\u00edsticas avanzadas<\/strong><br \/>\n\u2022 Disyuntor de diagn\u00f3stico electr\u00f3nico<br \/>\n\u2022 Contractor Rapid Programming\u2122 y &#8220;Copiar la zona anterior&#8221; para que la programaci\u00f3n inicial sea m\u00e1s r\u00e1pida<br \/>\n\u2022 Guardado \/ restauraci\u00f3n de Contractor Default\u2122.<br \/>\n\u2022 Anulaci\u00f3n de sensor meteorol\u00f3gico<br \/>\n\u2022 Anulaci\u00f3n de sensor meteorol\u00f3gico por zonas<br \/>\n\u2022 Compatible con WiFi LNK2<\/p>\n<p><strong>Hardware del controlador<\/strong><br \/>\n\u2022 Carcasa pl\u00e1stica para montar en pared<br \/>\n\u2022 Unidades de 4, 6 u 8 estaciones<br \/>\n\u2022 2 pilas AAA (incluidas) para conservar hora y fecha<\/p>\n<p><strong>Especificaciones de operaci\u00f3n<\/strong><br \/>\n\u2022 Arranques por estaci\u00f3n: de 0 a 199 min<br \/>\n\u2022 Control estacional: -90% a +100%<br \/>\n\u2022 Programaci\u00f3n independiente por zona<br \/>\n\u2022 6 horas de inicio por zona<br \/>\n\u2022 Los ciclos de d\u00eda del programa incluyen d\u00edas de la semana personalizados, impares, pares y fechas c\u00edclicas<br \/>\n\u2022 Riego manual de zona \u00daNICA<br \/>\n\u2022 Riego manual de TODAS las zonas<\/p>\n","protected":false},"excerpt":{"rendered":"<p><img loading=\"lazy\" decoding=\"async\" class=\"alignnone size-full wp-image-8741\" src=\"https:\/\/www.todoriego.com.ar\/site\/wp-content\/uploads\/2022\/07\/rainbird.png\" alt=\"\" width=\"103\" height=\"50\" \/><br \/>\nEl controlador <strong>ESP-RZXe<\/strong> brinda una configuraci\u00f3n basada en zonas que es f\u00e1cil de comprender para los usuarios sin capacitaci\u00f3n. Disponemos de modelos de 4, 6 y 8 zonas.<\/p>\n","protected":false},"featured_media":9075,"template":"","meta":{"_acf_changed":false},"product_brand":[],"product_cat":[39,110],"product_tag":[],"class_list":{"0":"post-9074","1":"product","2":"type-product","3":"status-publish","4":"has-post-thumbnail","6":"product_cat-espacios-verdes","7":"product_cat-controladores","9":"first","10":"instock","11":"shipping-taxable","12":"product-type-simple"},"acf":[],"yoast_head":"<!-- This site is optimized with the Yoast SEO plugin v27.4 - https:\/\/yoast.com\/product\/yoast-seo-wordpress\/ -->\n<title>Controlador Serie ESP-RZXe - Todoriego Insumos SRL<\/title>\n<meta name=\"description\" content=\"El controlador ESP-RZXe brinda una configuraci\u00f3n basada en zonas que es f\u00e1cil de comprender para los usuarios sin capacitaci\u00f3n. Modelos de 4, 6 y 8 zonas.\" \/>\n<meta name=\"robots\" content=\"index, follow, max-snippet:-1, max-image-preview:large, max-video-preview:-1\" \/>\n<link rel=\"canonical\" href=\"https:\/\/www.todoriego.com.ar\/site\/producto\/controlador-serie-esp-rzxe\/\" \/>\n<meta property=\"og:locale\" content=\"es_ES\" \/>\n<meta property=\"og:type\" content=\"article\" \/>\n<meta property=\"og:title\" content=\"Controlador Serie ESP-RZXe - Todoriego Insumos SRL\" \/>\n<meta property=\"og:description\" content=\"El controlador ESP-RZXe brinda una configuraci\u00f3n basada en zonas que es f\u00e1cil de comprender para los usuarios sin capacitaci\u00f3n. Modelos de 4, 6 y 8 zonas.\" \/>\n<meta property=\"og:url\" content=\"https:\/\/www.todoriego.com.ar\/site\/producto\/controlador-serie-esp-rzxe\/\" \/>\n<meta property=\"og:site_name\" content=\"Todoriego Insumos SRL\" \/>\n<meta property=\"article:publisher\" content=\"https:\/\/www.facebook.com\/todoriegoinsumos\/\" \/>\n<meta property=\"article:modified_time\" content=\"2022-08-30T15:17:03+00:00\" \/>\n<meta property=\"og:image\" content=\"https:\/\/www.todoriego.com.ar\/site\/wp-content\/uploads\/2022\/08\/RainBird_controlador_ESP-RZXe.jpg\" \/>\n\t<meta property=\"og:image:width\" content=\"600\" \/>\n\t<meta property=\"og:image:height\" content=\"600\" \/>\n\t<meta property=\"og:image:type\" content=\"image\/jpeg\" \/>\n<meta name=\"twitter:card\" content=\"summary_large_image\" \/>\n<meta name=\"twitter:label1\" content=\"Tiempo de lectura\" \/>\n\t<meta name=\"twitter:data1\" content=\"3 minutos\" \/>\n<script type=\"application\/ld+json\" class=\"yoast-schema-graph\">{\"@context\":\"https:\\\/\\\/schema.org\",\"@graph\":[{\"@type\":\"WebPage\",\"@id\":\"https:\\\/\\\/www.todoriego.com.ar\\\/site\\\/producto\\\/controlador-serie-esp-rzxe\\\/\",\"url\":\"https:\\\/\\\/www.todoriego.com.ar\\\/site\\\/producto\\\/controlador-serie-esp-rzxe\\\/\",\"name\":\"Controlador Serie ESP-RZXe - Todoriego Insumos SRL\",\"isPartOf\":{\"@id\":\"https:\\\/\\\/www.todoriego.com.ar\\\/site\\\/#website\"},\"primaryImageOfPage\":{\"@id\":\"https:\\\/\\\/www.todoriego.com.ar\\\/site\\\/producto\\\/controlador-serie-esp-rzxe\\\/#primaryimage\"},\"image\":{\"@id\":\"https:\\\/\\\/www.todoriego.com.ar\\\/site\\\/producto\\\/controlador-serie-esp-rzxe\\\/#primaryimage\"},\"thumbnailUrl\":\"https:\\\/\\\/www.todoriego.com.ar\\\/site\\\/wp-content\\\/uploads\\\/2022\\\/08\\\/RainBird_controlador_ESP-RZXe.jpg\",\"datePublished\":\"2022-08-30T15:09:33+00:00\",\"dateModified\":\"2022-08-30T15:17:03+00:00\",\"description\":\"El controlador ESP-RZXe brinda una configuraci\u00f3n basada en zonas que es f\u00e1cil de comprender para los usuarios sin capacitaci\u00f3n. Modelos de 4, 6 y 8 zonas.\",\"breadcrumb\":{\"@id\":\"https:\\\/\\\/www.todoriego.com.ar\\\/site\\\/producto\\\/controlador-serie-esp-rzxe\\\/#breadcrumb\"},\"inLanguage\":\"es-AR\",\"potentialAction\":[{\"@type\":\"ReadAction\",\"target\":[\"https:\\\/\\\/www.todoriego.com.ar\\\/site\\\/producto\\\/controlador-serie-esp-rzxe\\\/\"]}]},{\"@type\":\"ImageObject\",\"inLanguage\":\"es-AR\",\"@id\":\"https:\\\/\\\/www.todoriego.com.ar\\\/site\\\/producto\\\/controlador-serie-esp-rzxe\\\/#primaryimage\",\"url\":\"https:\\\/\\\/www.todoriego.com.ar\\\/site\\\/wp-content\\\/uploads\\\/2022\\\/08\\\/RainBird_controlador_ESP-RZXe.jpg\",\"contentUrl\":\"https:\\\/\\\/www.todoriego.com.ar\\\/site\\\/wp-content\\\/uploads\\\/2022\\\/08\\\/RainBird_controlador_ESP-RZXe.jpg\",\"width\":600,\"height\":600},{\"@type\":\"BreadcrumbList\",\"@id\":\"https:\\\/\\\/www.todoriego.com.ar\\\/site\\\/producto\\\/controlador-serie-esp-rzxe\\\/#breadcrumb\",\"itemListElement\":[{\"@type\":\"ListItem\",\"position\":1,\"name\":\"Inicio\",\"item\":\"https:\\\/\\\/www.todoriego.com.ar\\\/site\\\/\"},{\"@type\":\"ListItem\",\"position\":2,\"name\":\"Tienda\",\"item\":\"https:\\\/\\\/www.todoriego.com.ar\\\/site\\\/tienda\\\/\"},{\"@type\":\"ListItem\",\"position\":3,\"name\":\"Controlador Serie ESP-RZXe\"}]},{\"@type\":\"WebSite\",\"@id\":\"https:\\\/\\\/www.todoriego.com.ar\\\/site\\\/#website\",\"url\":\"https:\\\/\\\/www.todoriego.com.ar\\\/site\\\/\",\"name\":\"Todoriego Insumos SRL\",\"description\":\"Sabemos hacer riego\",\"publisher\":{\"@id\":\"https:\\\/\\\/www.todoriego.com.ar\\\/site\\\/#organization\"},\"potentialAction\":[{\"@type\":\"SearchAction\",\"target\":{\"@type\":\"EntryPoint\",\"urlTemplate\":\"https:\\\/\\\/www.todoriego.com.ar\\\/site\\\/?s={search_term_string}\"},\"query-input\":{\"@type\":\"PropertyValueSpecification\",\"valueRequired\":true,\"valueName\":\"search_term_string\"}}],\"inLanguage\":\"es-AR\"},{\"@type\":\"Organization\",\"@id\":\"https:\\\/\\\/www.todoriego.com.ar\\\/site\\\/#organization\",\"name\":\"Todoriego Insumos s.r.l.\",\"url\":\"https:\\\/\\\/www.todoriego.com.ar\\\/site\\\/\",\"logo\":{\"@type\":\"ImageObject\",\"inLanguage\":\"es-AR\",\"@id\":\"https:\\\/\\\/www.todoriego.com.ar\\\/site\\\/#\\\/schema\\\/logo\\\/image\\\/\",\"url\":\"http:\\\/\\\/www.todoriego.com.ar\\\/site\\\/wp-content\\\/uploads\\\/2022\\\/07\\\/todoriego_marca.jpg\",\"contentUrl\":\"http:\\\/\\\/www.todoriego.com.ar\\\/site\\\/wp-content\\\/uploads\\\/2022\\\/07\\\/todoriego_marca.jpg\",\"width\":731,\"height\":731,\"caption\":\"Todoriego Insumos s.r.l.\"},\"image\":{\"@id\":\"https:\\\/\\\/www.todoriego.com.ar\\\/site\\\/#\\\/schema\\\/logo\\\/image\\\/\"},\"sameAs\":[\"https:\\\/\\\/www.facebook.com\\\/todoriegoinsumos\\\/\",\"https:\\\/\\\/www.instagram.com\\\/todoriegoinsumos\\\/\"]}]}<\/script>\n<!-- \/ Yoast SEO plugin. -->","yoast_head_json":{"title":"Controlador Serie ESP-RZXe - Todoriego Insumos SRL","description":"El controlador ESP-RZXe brinda una configuraci\u00f3n basada en zonas que es f\u00e1cil de comprender para los usuarios sin capacitaci\u00f3n. Modelos de 4, 6 y 8 zonas.","robots":{"index":"index","follow":"follow","max-snippet":"max-snippet:-1","max-image-preview":"max-image-preview:large","max-video-preview":"max-video-preview:-1"},"canonical":"https:\/\/www.todoriego.com.ar\/site\/producto\/controlador-serie-esp-rzxe\/","og_locale":"es_ES","og_type":"article","og_title":"Controlador Serie ESP-RZXe - Todoriego Insumos SRL","og_description":"El controlador ESP-RZXe brinda una configuraci\u00f3n basada en zonas que es f\u00e1cil de comprender para los usuarios sin capacitaci\u00f3n. Modelos de 4, 6 y 8 zonas.","og_url":"https:\/\/www.todoriego.com.ar\/site\/producto\/controlador-serie-esp-rzxe\/","og_site_name":"Todoriego Insumos SRL","article_publisher":"https:\/\/www.facebook.com\/todoriegoinsumos\/","article_modified_time":"2022-08-30T15:17:03+00:00","og_image":[{"width":600,"height":600,"url":"https:\/\/www.todoriego.com.ar\/site\/wp-content\/uploads\/2022\/08\/RainBird_controlador_ESP-RZXe.jpg","type":"image\/jpeg"}],"twitter_card":"summary_large_image","twitter_misc":{"Tiempo de lectura":"3 minutos"},"schema":{"@context":"https:\/\/schema.org","@graph":[{"@type":"WebPage","@id":"https:\/\/www.todoriego.com.ar\/site\/producto\/controlador-serie-esp-rzxe\/","url":"https:\/\/www.todoriego.com.ar\/site\/producto\/controlador-serie-esp-rzxe\/","name":"Controlador Serie ESP-RZXe - Todoriego Insumos SRL","isPartOf":{"@id":"https:\/\/www.todoriego.com.ar\/site\/#website"},"primaryImageOfPage":{"@id":"https:\/\/www.todoriego.com.ar\/site\/producto\/controlador-serie-esp-rzxe\/#primaryimage"},"image":{"@id":"https:\/\/www.todoriego.com.ar\/site\/producto\/controlador-serie-esp-rzxe\/#primaryimage"},"thumbnailUrl":"https:\/\/www.todoriego.com.ar\/site\/wp-content\/uploads\/2022\/08\/RainBird_controlador_ESP-RZXe.jpg","datePublished":"2022-08-30T15:09:33+00:00","dateModified":"2022-08-30T15:17:03+00:00","description":"El controlador ESP-RZXe brinda una configuraci\u00f3n basada en zonas que es f\u00e1cil de comprender para los usuarios sin capacitaci\u00f3n. Modelos de 4, 6 y 8 zonas.","breadcrumb":{"@id":"https:\/\/www.todoriego.com.ar\/site\/producto\/controlador-serie-esp-rzxe\/#breadcrumb"},"inLanguage":"es-AR","potentialAction":[{"@type":"ReadAction","target":["https:\/\/www.todoriego.com.ar\/site\/producto\/controlador-serie-esp-rzxe\/"]}]},{"@type":"ImageObject","inLanguage":"es-AR","@id":"https:\/\/www.todoriego.com.ar\/site\/producto\/controlador-serie-esp-rzxe\/#primaryimage","url":"https:\/\/www.todoriego.com.ar\/site\/wp-content\/uploads\/2022\/08\/RainBird_controlador_ESP-RZXe.jpg","contentUrl":"https:\/\/www.todoriego.com.ar\/site\/wp-content\/uploads\/2022\/08\/RainBird_controlador_ESP-RZXe.jpg","width":600,"height":600},{"@type":"BreadcrumbList","@id":"https:\/\/www.todoriego.com.ar\/site\/producto\/controlador-serie-esp-rzxe\/#breadcrumb","itemListElement":[{"@type":"ListItem","position":1,"name":"Inicio","item":"https:\/\/www.todoriego.com.ar\/site\/"},{"@type":"ListItem","position":2,"name":"Tienda","item":"https:\/\/www.todoriego.com.ar\/site\/tienda\/"},{"@type":"ListItem","position":3,"name":"Controlador Serie ESP-RZXe"}]},{"@type":"WebSite","@id":"https:\/\/www.todoriego.com.ar\/site\/#website","url":"https:\/\/www.todoriego.com.ar\/site\/","name":"Todoriego Insumos SRL","description":"Sabemos hacer riego","publisher":{"@id":"https:\/\/www.todoriego.com.ar\/site\/#organization"},"potentialAction":[{"@type":"SearchAction","target":{"@type":"EntryPoint","urlTemplate":"https:\/\/www.todoriego.com.ar\/site\/?s={search_term_string}"},"query-input":{"@type":"PropertyValueSpecification","valueRequired":true,"valueName":"search_term_string"}}],"inLanguage":"es-AR"},{"@type":"Organization","@id":"https:\/\/www.todoriego.com.ar\/site\/#organization","name":"Todoriego Insumos s.r.l.","url":"https:\/\/www.todoriego.com.ar\/site\/","logo":{"@type":"ImageObject","inLanguage":"es-AR","@id":"https:\/\/www.todoriego.com.ar\/site\/#\/schema\/logo\/image\/","url":"http:\/\/www.todoriego.com.ar\/site\/wp-content\/uploads\/2022\/07\/todoriego_marca.jpg","contentUrl":"http:\/\/www.todoriego.com.ar\/site\/wp-content\/uploads\/2022\/07\/todoriego_marca.jpg","width":731,"height":731,"caption":"Todoriego Insumos s.r.l."},"image":{"@id":"https:\/\/www.todoriego.com.ar\/site\/#\/schema\/logo\/image\/"},"sameAs":["https:\/\/www.facebook.com\/todoriegoinsumos\/","https:\/\/www.instagram.com\/todoriegoinsumos\/"]}]}},"_links":{"self":[{"href":"https:\/\/www.todoriego.com.ar\/site\/wp-json\/wp\/v2\/product\/9074","targetHints":{"allow":["GET"]}}],"collection":[{"href":"https:\/\/www.todoriego.com.ar\/site\/wp-json\/wp\/v2\/product"}],"about":[{"href":"https:\/\/www.todoriego.com.ar\/site\/wp-json\/wp\/v2\/types\/product"}],"wp:featuredmedia":[{"embeddable":true,"href":"https:\/\/www.todoriego.com.ar\/site\/wp-json\/wp\/v2\/media\/9075"}],"wp:attachment":[{"href":"https:\/\/www.todoriego.com.ar\/site\/wp-json\/wp\/v2\/media?parent=9074"}],"wp:term":[{"taxonomy":"product_brand","embeddable":true,"href":"https:\/\/www.todoriego.com.ar\/site\/wp-json\/wp\/v2\/product_brand?post=9074"},{"taxonomy":"product_cat","embeddable":true,"href":"https:\/\/www.todoriego.com.ar\/site\/wp-json\/wp\/v2\/product_cat?post=9074"},{"taxonomy":"product_tag","embeddable":true,"href":"https:\/\/www.todoriego.com.ar\/site\/wp-json\/wp\/v2\/product_tag?post=9074"}],"curies":[{"name":"wp","href":"https:\/\/api.w.org\/{rel}","templated":true}]}}