{"id":9078,"date":"2022-08-30T12:21:52","date_gmt":"2022-08-30T15:21:52","guid":{"rendered":"http:\/\/www.todoriego.com.ar\/site\/?post_type=product&#038;p=9078"},"modified":"2025-11-14T16:16:17","modified_gmt":"2025-11-14T19:16:17","slug":"controlador-serie-esp-tm2","status":"publish","type":"product","link":"https:\/\/www.todoriego.com.ar\/site\/producto\/controlador-serie-esp-tm2\/","title":{"rendered":"Controlador Serie ESP-TM2"},"content":{"rendered":"<p>Controlador Serie <strong>ESP-TM2 <\/strong>sencillo, flexible y fiable para aplicaciones residenciales.<br \/>\nEl controlador de irrigaci\u00f3n <strong>ESP-TM2<\/strong> es la opci\u00f3n perfecta para soluciones residenciales b\u00e1sicas. Basado en el legado de <em>Rain Bird de The Intelligent Use of Water\u00ae<\/em>, este programador ofrece funciones sencillas de ahorro de agua que usted realmente utilizar\u00e1.<\/p>\n<p>Con la flexibilidad de 3 programas y 4 horas de inicio disponibles por programa, puede adaptar su programa de riego a las necesidades de su paisaje.<br \/>\nEl <strong>ESP-TM2<\/strong> proporciona la interfaz de programaci\u00f3n extra simple con la que est\u00e1 familiarizado en un controlador construido para durar!<br \/>\nLo mejor es que puede actualizar el ESP-TM2 convirti\u00e9ndolo en un controlador habilitado para <em>WiFi<\/em> con solo instalar un nuevo m\u00f3dulo <em>WiFi de LNK2<\/em>, sin reemplazar toda la unidad.<\/p>\n<p><strong>Caracter\u00edsticas<\/strong><br \/>\n\u2022 Actualizable para monitoreo remoto y control a trav\u00e9s de Wi-Fi en dispositivos m\u00f3viles iOS y Android (el m\u00f3dulo LNK2 WiFi se vende por separado).<br \/>\n\u2022 La informaci\u00f3n meteorol\u00f3gica de internet se puede utilizar para introducir ajustes diarios a los horarios de riego, lo que significar\u00e1 un ahorro de hasta el 30 % de agua (el m\u00f3dulo LNK2 WiFi se vende por separado).<br \/>\n\u2022 Modelos de 4, 6, 8 y 12 estaciones para cubrir los requisitos de riego de peque\u00f1as y grandes residencias<br \/>\n\u2022 Configure d\u00edas desactivados permanentemente para cada programa y aseg\u00farese de que el riego no se produzca cuando el personal de mantenimiento se encuentra en el sitio (para d\u00edas impares\/pares\/horarios c\u00edclicos)<br \/>\n\u2022 Facilidad de instalaci\u00f3n en interior o exterior con cable de alimentaci\u00f3n preinstalado<br \/>\n\u2022 Programaci\u00f3n r\u00e1pida en solo 3 pasos para mayor facilidad de configuraci\u00f3n<br \/>\n\u2022 Tres programas disponibles con hasta 4 horas de inicio por cada uno para cubrir las necesidades de diversos sitios<br \/>\n\u2022 Capacidad de riego manual con un solo toque para facilitar el uso<br \/>\n\u2022 Gran pantalla LCD retroiluminada para mejor visibilidad en condiciones de poca luz y luz solar directa<br \/>\n\u2022 Programa del contratista le permite grabar y recuperar f\u00e1cilmente su programaci\u00f3n personalizada<br \/>\n\u2022 El retraso del riego de hasta 14 d\u00edas reanuda el riego autom\u00e1ticamente una vez expirado el retardo<br \/>\n\u2022 La Derivaci\u00f3n del sensor de lluvia de cualquier estaci\u00f3n le permite personalizar qu\u00e9 estaciones reaccionan a un sensor de lluvia<br \/>\n\u2022 El ajuste estacional por programa le permite reducir o aumentar f\u00e1cilmente el riego mediante programa<\/p>\n<p><strong>Especificaciones<\/strong><br \/>\n\u2022 Temperatura de funcionamiento: hasta 149 \u00b0F (65 \u00b0C)<br \/>\n\u2022 Temperatura de almacenamiento: de -40 \u00b0F (-40 \u00b0C) a 150 \u00b0F (66 \u00b0C)<br \/>\n\u2022 Humedad de funcionamiento: 95 % m\u00e1x. en un entorno sin condensaci\u00f3n entre 50 \u00b0F y 120 \u00b0F (entre 10 \u00b0C y 49 \u00b0C)<\/p>\n","protected":false},"excerpt":{"rendered":"<p><img loading=\"lazy\" decoding=\"async\" class=\"alignnone size-full wp-image-8741\" src=\"https:\/\/www.todoriego.com.ar\/site\/wp-content\/uploads\/2022\/07\/rainbird.png\" alt=\"\" width=\"103\" height=\"50\" \/><br \/>\nEl controlador de irrigaci\u00f3n <strong>ESP-TM2<\/strong> es la opci\u00f3n perfecta para soluciones residenciales b\u00e1sicas. Basado en el legado de <em>Rain Bird de The Intelligent Use of Water\u00ae<\/em>, este programador ofrece funciones sencillas de ahorro de agua que usted realmente utilizar\u00e1.<\/p>\n","protected":false},"featured_media":9076,"template":"","meta":{"_acf_changed":false},"product_brand":[],"product_cat":[39,110],"product_tag":[],"class_list":{"0":"post-9078","1":"product","2":"type-product","3":"status-publish","4":"has-post-thumbnail","6":"product_cat-espacios-verdes","7":"product_cat-controladores","9":"first","10":"instock","11":"featured","12":"shipping-taxable","13":"product-type-simple"},"acf":[],"yoast_head":"<!-- This site is optimized with the Yoast SEO plugin v27.5 - https:\/\/yoast.com\/product\/yoast-seo-wordpress\/ -->\n<title>Controlador Serie ESP-TM2 - Todoriego Insumos SRL<\/title>\n<meta name=\"description\" content=\"El controlador Rain Bird\u00ae ESP-TM2 es la opci\u00f3n perfecta para soluciones residenciales b\u00e1sicas. ofrece funciones sencillas de ahorro de agua.\" \/>\n<meta name=\"robots\" content=\"index, follow, max-snippet:-1, max-image-preview:large, max-video-preview:-1\" \/>\n<link rel=\"canonical\" href=\"https:\/\/www.todoriego.com.ar\/site\/producto\/controlador-serie-esp-tm2\/\" \/>\n<meta property=\"og:locale\" content=\"es_ES\" \/>\n<meta property=\"og:type\" content=\"article\" \/>\n<meta property=\"og:title\" content=\"Controlador Serie ESP-TM2 - Todoriego Insumos SRL\" \/>\n<meta property=\"og:description\" content=\"El controlador Rain Bird\u00ae ESP-TM2 es la opci\u00f3n perfecta para soluciones residenciales b\u00e1sicas. ofrece funciones sencillas de ahorro de agua.\" \/>\n<meta property=\"og:url\" content=\"https:\/\/www.todoriego.com.ar\/site\/producto\/controlador-serie-esp-tm2\/\" \/>\n<meta property=\"og:site_name\" content=\"Todoriego Insumos SRL\" \/>\n<meta property=\"article:publisher\" content=\"https:\/\/www.facebook.com\/todoriegoinsumos\/\" \/>\n<meta property=\"article:modified_time\" content=\"2025-11-14T19:16:17+00:00\" \/>\n<meta property=\"og:image\" content=\"https:\/\/www.todoriego.com.ar\/site\/wp-content\/uploads\/2022\/08\/RainBird_controlador_ESP-TM2.jpg\" \/>\n\t<meta property=\"og:image:width\" content=\"600\" \/>\n\t<meta property=\"og:image:height\" content=\"600\" \/>\n\t<meta property=\"og:image:type\" content=\"image\/jpeg\" \/>\n<meta name=\"twitter:card\" content=\"summary_large_image\" \/>\n<meta name=\"twitter:label1\" content=\"Tiempo de lectura\" \/>\n\t<meta name=\"twitter:data1\" content=\"2 minutos\" \/>\n<script type=\"application\/ld+json\" class=\"yoast-schema-graph\">{\"@context\":\"https:\\\/\\\/schema.org\",\"@graph\":[{\"@type\":\"WebPage\",\"@id\":\"https:\\\/\\\/www.todoriego.com.ar\\\/site\\\/producto\\\/controlador-serie-esp-tm2\\\/\",\"url\":\"https:\\\/\\\/www.todoriego.com.ar\\\/site\\\/producto\\\/controlador-serie-esp-tm2\\\/\",\"name\":\"Controlador Serie ESP-TM2 - Todoriego Insumos SRL\",\"isPartOf\":{\"@id\":\"https:\\\/\\\/www.todoriego.com.ar\\\/site\\\/#website\"},\"primaryImageOfPage\":{\"@id\":\"https:\\\/\\\/www.todoriego.com.ar\\\/site\\\/producto\\\/controlador-serie-esp-tm2\\\/#primaryimage\"},\"image\":{\"@id\":\"https:\\\/\\\/www.todoriego.com.ar\\\/site\\\/producto\\\/controlador-serie-esp-tm2\\\/#primaryimage\"},\"thumbnailUrl\":\"https:\\\/\\\/www.todoriego.com.ar\\\/site\\\/wp-content\\\/uploads\\\/2022\\\/08\\\/RainBird_controlador_ESP-TM2.jpg\",\"datePublished\":\"2022-08-30T15:21:52+00:00\",\"dateModified\":\"2025-11-14T19:16:17+00:00\",\"description\":\"El controlador Rain Bird\u00ae ESP-TM2 es la opci\u00f3n perfecta para soluciones residenciales b\u00e1sicas. ofrece funciones sencillas de ahorro de agua.\",\"breadcrumb\":{\"@id\":\"https:\\\/\\\/www.todoriego.com.ar\\\/site\\\/producto\\\/controlador-serie-esp-tm2\\\/#breadcrumb\"},\"inLanguage\":\"es-AR\",\"potentialAction\":[{\"@type\":\"ReadAction\",\"target\":[\"https:\\\/\\\/www.todoriego.com.ar\\\/site\\\/producto\\\/controlador-serie-esp-tm2\\\/\"]}]},{\"@type\":\"ImageObject\",\"inLanguage\":\"es-AR\",\"@id\":\"https:\\\/\\\/www.todoriego.com.ar\\\/site\\\/producto\\\/controlador-serie-esp-tm2\\\/#primaryimage\",\"url\":\"https:\\\/\\\/www.todoriego.com.ar\\\/site\\\/wp-content\\\/uploads\\\/2022\\\/08\\\/RainBird_controlador_ESP-TM2.jpg\",\"contentUrl\":\"https:\\\/\\\/www.todoriego.com.ar\\\/site\\\/wp-content\\\/uploads\\\/2022\\\/08\\\/RainBird_controlador_ESP-TM2.jpg\",\"width\":600,\"height\":600},{\"@type\":\"BreadcrumbList\",\"@id\":\"https:\\\/\\\/www.todoriego.com.ar\\\/site\\\/producto\\\/controlador-serie-esp-tm2\\\/#breadcrumb\",\"itemListElement\":[{\"@type\":\"ListItem\",\"position\":1,\"name\":\"Inicio\",\"item\":\"https:\\\/\\\/www.todoriego.com.ar\\\/site\\\/\"},{\"@type\":\"ListItem\",\"position\":2,\"name\":\"Tienda\",\"item\":\"https:\\\/\\\/www.todoriego.com.ar\\\/site\\\/tienda\\\/\"},{\"@type\":\"ListItem\",\"position\":3,\"name\":\"Controlador Serie ESP-TM2\"}]},{\"@type\":\"WebSite\",\"@id\":\"https:\\\/\\\/www.todoriego.com.ar\\\/site\\\/#website\",\"url\":\"https:\\\/\\\/www.todoriego.com.ar\\\/site\\\/\",\"name\":\"Todoriego Insumos SRL\",\"description\":\"Sabemos hacer riego\",\"publisher\":{\"@id\":\"https:\\\/\\\/www.todoriego.com.ar\\\/site\\\/#organization\"},\"potentialAction\":[{\"@type\":\"SearchAction\",\"target\":{\"@type\":\"EntryPoint\",\"urlTemplate\":\"https:\\\/\\\/www.todoriego.com.ar\\\/site\\\/?s={search_term_string}\"},\"query-input\":{\"@type\":\"PropertyValueSpecification\",\"valueRequired\":true,\"valueName\":\"search_term_string\"}}],\"inLanguage\":\"es-AR\"},{\"@type\":\"Organization\",\"@id\":\"https:\\\/\\\/www.todoriego.com.ar\\\/site\\\/#organization\",\"name\":\"Todoriego Insumos s.r.l.\",\"url\":\"https:\\\/\\\/www.todoriego.com.ar\\\/site\\\/\",\"logo\":{\"@type\":\"ImageObject\",\"inLanguage\":\"es-AR\",\"@id\":\"https:\\\/\\\/www.todoriego.com.ar\\\/site\\\/#\\\/schema\\\/logo\\\/image\\\/\",\"url\":\"http:\\\/\\\/www.todoriego.com.ar\\\/site\\\/wp-content\\\/uploads\\\/2022\\\/07\\\/todoriego_marca.jpg\",\"contentUrl\":\"http:\\\/\\\/www.todoriego.com.ar\\\/site\\\/wp-content\\\/uploads\\\/2022\\\/07\\\/todoriego_marca.jpg\",\"width\":731,\"height\":731,\"caption\":\"Todoriego Insumos s.r.l.\"},\"image\":{\"@id\":\"https:\\\/\\\/www.todoriego.com.ar\\\/site\\\/#\\\/schema\\\/logo\\\/image\\\/\"},\"sameAs\":[\"https:\\\/\\\/www.facebook.com\\\/todoriegoinsumos\\\/\",\"https:\\\/\\\/www.instagram.com\\\/todoriegoinsumos\\\/\"]}]}<\/script>\n<!-- \/ Yoast SEO plugin. -->","yoast_head_json":{"title":"Controlador Serie ESP-TM2 - Todoriego Insumos SRL","description":"El controlador Rain Bird\u00ae ESP-TM2 es la opci\u00f3n perfecta para soluciones residenciales b\u00e1sicas. ofrece funciones sencillas de ahorro de agua.","robots":{"index":"index","follow":"follow","max-snippet":"max-snippet:-1","max-image-preview":"max-image-preview:large","max-video-preview":"max-video-preview:-1"},"canonical":"https:\/\/www.todoriego.com.ar\/site\/producto\/controlador-serie-esp-tm2\/","og_locale":"es_ES","og_type":"article","og_title":"Controlador Serie ESP-TM2 - Todoriego Insumos SRL","og_description":"El controlador Rain Bird\u00ae ESP-TM2 es la opci\u00f3n perfecta para soluciones residenciales b\u00e1sicas. ofrece funciones sencillas de ahorro de agua.","og_url":"https:\/\/www.todoriego.com.ar\/site\/producto\/controlador-serie-esp-tm2\/","og_site_name":"Todoriego Insumos SRL","article_publisher":"https:\/\/www.facebook.com\/todoriegoinsumos\/","article_modified_time":"2025-11-14T19:16:17+00:00","og_image":[{"width":600,"height":600,"url":"https:\/\/www.todoriego.com.ar\/site\/wp-content\/uploads\/2022\/08\/RainBird_controlador_ESP-TM2.jpg","type":"image\/jpeg"}],"twitter_card":"summary_large_image","twitter_misc":{"Tiempo de lectura":"2 minutos"},"schema":{"@context":"https:\/\/schema.org","@graph":[{"@type":"WebPage","@id":"https:\/\/www.todoriego.com.ar\/site\/producto\/controlador-serie-esp-tm2\/","url":"https:\/\/www.todoriego.com.ar\/site\/producto\/controlador-serie-esp-tm2\/","name":"Controlador Serie ESP-TM2 - Todoriego Insumos SRL","isPartOf":{"@id":"https:\/\/www.todoriego.com.ar\/site\/#website"},"primaryImageOfPage":{"@id":"https:\/\/www.todoriego.com.ar\/site\/producto\/controlador-serie-esp-tm2\/#primaryimage"},"image":{"@id":"https:\/\/www.todoriego.com.ar\/site\/producto\/controlador-serie-esp-tm2\/#primaryimage"},"thumbnailUrl":"https:\/\/www.todoriego.com.ar\/site\/wp-content\/uploads\/2022\/08\/RainBird_controlador_ESP-TM2.jpg","datePublished":"2022-08-30T15:21:52+00:00","dateModified":"2025-11-14T19:16:17+00:00","description":"El controlador Rain Bird\u00ae ESP-TM2 es la opci\u00f3n perfecta para soluciones residenciales b\u00e1sicas. ofrece funciones sencillas de ahorro de agua.","breadcrumb":{"@id":"https:\/\/www.todoriego.com.ar\/site\/producto\/controlador-serie-esp-tm2\/#breadcrumb"},"inLanguage":"es-AR","potentialAction":[{"@type":"ReadAction","target":["https:\/\/www.todoriego.com.ar\/site\/producto\/controlador-serie-esp-tm2\/"]}]},{"@type":"ImageObject","inLanguage":"es-AR","@id":"https:\/\/www.todoriego.com.ar\/site\/producto\/controlador-serie-esp-tm2\/#primaryimage","url":"https:\/\/www.todoriego.com.ar\/site\/wp-content\/uploads\/2022\/08\/RainBird_controlador_ESP-TM2.jpg","contentUrl":"https:\/\/www.todoriego.com.ar\/site\/wp-content\/uploads\/2022\/08\/RainBird_controlador_ESP-TM2.jpg","width":600,"height":600},{"@type":"BreadcrumbList","@id":"https:\/\/www.todoriego.com.ar\/site\/producto\/controlador-serie-esp-tm2\/#breadcrumb","itemListElement":[{"@type":"ListItem","position":1,"name":"Inicio","item":"https:\/\/www.todoriego.com.ar\/site\/"},{"@type":"ListItem","position":2,"name":"Tienda","item":"https:\/\/www.todoriego.com.ar\/site\/tienda\/"},{"@type":"ListItem","position":3,"name":"Controlador Serie ESP-TM2"}]},{"@type":"WebSite","@id":"https:\/\/www.todoriego.com.ar\/site\/#website","url":"https:\/\/www.todoriego.com.ar\/site\/","name":"Todoriego Insumos SRL","description":"Sabemos hacer riego","publisher":{"@id":"https:\/\/www.todoriego.com.ar\/site\/#organization"},"potentialAction":[{"@type":"SearchAction","target":{"@type":"EntryPoint","urlTemplate":"https:\/\/www.todoriego.com.ar\/site\/?s={search_term_string}"},"query-input":{"@type":"PropertyValueSpecification","valueRequired":true,"valueName":"search_term_string"}}],"inLanguage":"es-AR"},{"@type":"Organization","@id":"https:\/\/www.todoriego.com.ar\/site\/#organization","name":"Todoriego Insumos s.r.l.","url":"https:\/\/www.todoriego.com.ar\/site\/","logo":{"@type":"ImageObject","inLanguage":"es-AR","@id":"https:\/\/www.todoriego.com.ar\/site\/#\/schema\/logo\/image\/","url":"http:\/\/www.todoriego.com.ar\/site\/wp-content\/uploads\/2022\/07\/todoriego_marca.jpg","contentUrl":"http:\/\/www.todoriego.com.ar\/site\/wp-content\/uploads\/2022\/07\/todoriego_marca.jpg","width":731,"height":731,"caption":"Todoriego Insumos s.r.l."},"image":{"@id":"https:\/\/www.todoriego.com.ar\/site\/#\/schema\/logo\/image\/"},"sameAs":["https:\/\/www.facebook.com\/todoriegoinsumos\/","https:\/\/www.instagram.com\/todoriegoinsumos\/"]}]}},"_links":{"self":[{"href":"https:\/\/www.todoriego.com.ar\/site\/wp-json\/wp\/v2\/product\/9078","targetHints":{"allow":["GET"]}}],"collection":[{"href":"https:\/\/www.todoriego.com.ar\/site\/wp-json\/wp\/v2\/product"}],"about":[{"href":"https:\/\/www.todoriego.com.ar\/site\/wp-json\/wp\/v2\/types\/product"}],"wp:featuredmedia":[{"embeddable":true,"href":"https:\/\/www.todoriego.com.ar\/site\/wp-json\/wp\/v2\/media\/9076"}],"wp:attachment":[{"href":"https:\/\/www.todoriego.com.ar\/site\/wp-json\/wp\/v2\/media?parent=9078"}],"wp:term":[{"taxonomy":"product_brand","embeddable":true,"href":"https:\/\/www.todoriego.com.ar\/site\/wp-json\/wp\/v2\/product_brand?post=9078"},{"taxonomy":"product_cat","embeddable":true,"href":"https:\/\/www.todoriego.com.ar\/site\/wp-json\/wp\/v2\/product_cat?post=9078"},{"taxonomy":"product_tag","embeddable":true,"href":"https:\/\/www.todoriego.com.ar\/site\/wp-json\/wp\/v2\/product_tag?post=9078"}],"curies":[{"name":"wp","href":"https:\/\/api.w.org\/{rel}","templated":true}]}}