{"id":9080,"date":"2022-08-30T14:09:00","date_gmt":"2022-08-30T17:09:00","guid":{"rendered":"http:\/\/www.todoriego.com.ar\/site\/?post_type=product&#038;p=9080"},"modified":"2022-08-30T16:42:37","modified_gmt":"2022-08-30T19:42:37","slug":"controlador-serie-esp-lxme","status":"publish","type":"product","link":"https:\/\/www.todoriego.com.ar\/site\/producto\/controlador-serie-esp-lxme\/","title":{"rendered":"Controlador Serie ESP-LXME"},"content":{"rendered":"<p>Controlador <strong>ESP-LXME<\/strong> es un controlador tradicional con cable.<br \/>\nEl resultado de 40 a\u00f1os de experiencia y miles de unidades instaladas, el <strong>ESP-LXME<\/strong> es un controlador moderno, fiable y de conexi\u00f3n directa. Con una pantalla grande, un dial de &#8220;manual&#8221; &#8220;apagado&#8221; &#8220;autom\u00e1tico&#8221; f\u00e1cil de usar, soporte de idioma ingl\u00e9s\/espa\u00f1ol y una programaci\u00f3n adicional sencilla, el dise\u00f1o modular del <strong>ESP-LXME<\/strong> es lo suficientemente flexible como para cubrir operaciones peque\u00f1as y grandes.<\/p>\n<p><strong>Caracter\u00edsticas<\/strong><br \/>\n\u2022 Unidad base de control de ocho estaciones, ampliable a 48 estaciones con m\u00f3dulos<br \/>\n\u2022 Hasta cinco estaciones simult\u00e1neas<br \/>\n\u2022 La numeraci\u00f3n din\u00e1mica de las estaciones elimina los espacios en la numeraci\u00f3n de las estaciones<br \/>\n\u2022 V\u00e1lvula maestra\/circuito de arranque de la bomba<br \/>\n\u2022 Fiabilidad probada sobre los sistemas de control de v\u00e1lvulas inal\u00e1mbricos<br \/>\n\u2022 Caja para montaje en la pared, pl\u00e1stico, con cierre, resistente a los rayos UV<br \/>\n\u2022 Actualizaci\u00f3n para incluir acceso remoto con un dispositivo habilitado para web con ESP-LXME con control ClimateMinder<\/p>\n<p><strong>Especificaciones de funcionamiento<\/strong><br \/>\n\u2022 Tiempo de funcionamiento de la estaci\u00f3n: hasta 96 horas de funcionamiento continuo<br \/>\n\u2022 Ajuste estacional: 0 % a 300 % (16 horas de tiempo m\u00e1ximo de funcionamiento de la estaci\u00f3n)<br \/>\n\u2022 4 programas independientes (ABCD), los programas ABCD pueden superponerse<br \/>\n\u2022 8 horas de inicio por programa<br \/>\n\u2022 Los ciclos de d\u00edas del programa incluyen: d\u00edas personalizados de la semana, impares, impares sin el 31, pares y fechas c\u00edclicas<br \/>\n\u2022 Estaci\u00f3n manual, programa, programa de prueba<\/p>\n<p><strong>Especificaciones el\u00e9ctricas<\/strong><br \/>\n\u2022 Entrada requerida: 120 VCA \u00b1 10 %, 60Hz<br \/>\n\u2022 Salida: 26,5 VCA 1,9 A<br \/>\n\u2022 Energ\u00eda de reserva: la pila de litio tipo bot\u00f3n mantiene la hora y la fecha, mientras que la memoria no vol\u00e1til mantiene el horario.<br \/>\n\u2022 Capacidad multi-v\u00e1lvula: m\u00e1ximo cinco v\u00e1lvulas de solenoide de 24 VCA, 7 VA de funcionamiento simult\u00e1neo incluyendo la v\u00e1lvula maestra, m\u00e1ximo dos v\u00e1lvulas de solenoide por m\u00f3dulo de estaci\u00f3n.<\/p>\n","protected":false},"excerpt":{"rendered":"<p><img loading=\"lazy\" decoding=\"async\" class=\"alignnone size-full wp-image-8741\" src=\"https:\/\/www.todoriego.com.ar\/site\/wp-content\/uploads\/2022\/07\/rainbird.png\" alt=\"\" width=\"103\" height=\"50\" \/><br \/>\nControlador <strong>ESP-LXME<\/strong> es un controlador tradicional con cable.<br \/>\nEl resultado de 40 a\u00f1os de experiencia y miles de unidades instaladas, el <strong>ESP-LXME<\/strong> es un controlador moderno, fiable y de conexi\u00f3n directa.<\/p>\n","protected":false},"featured_media":9083,"template":"","meta":{"_acf_changed":false},"product_brand":[],"product_cat":[39,110],"product_tag":[],"class_list":{"0":"post-9080","1":"product","2":"type-product","3":"status-publish","4":"has-post-thumbnail","6":"product_cat-espacios-verdes","7":"product_cat-controladores","9":"first","10":"instock","11":"shipping-taxable","12":"product-type-simple"},"acf":[],"yoast_head":"<!-- This site is optimized with the Yoast SEO plugin v27.5 - https:\/\/yoast.com\/product\/yoast-seo-wordpress\/ -->\n<title>Controlador Serie ESP-LXME - Todoriego Insumos SRL<\/title>\n<meta name=\"description\" content=\"Controlador ESP-LXME es un controlador tradicional con cable, es un controlador moderno, fiable y de conexi\u00f3n directa.\" \/>\n<meta name=\"robots\" content=\"index, follow, max-snippet:-1, max-image-preview:large, max-video-preview:-1\" \/>\n<link rel=\"canonical\" href=\"https:\/\/www.todoriego.com.ar\/site\/producto\/controlador-serie-esp-lxme\/\" \/>\n<meta property=\"og:locale\" content=\"es_ES\" \/>\n<meta property=\"og:type\" content=\"article\" \/>\n<meta property=\"og:title\" content=\"Controlador Serie ESP-LXME - Todoriego Insumos SRL\" \/>\n<meta property=\"og:description\" content=\"Controlador ESP-LXME es un controlador tradicional con cable, es un controlador moderno, fiable y de conexi\u00f3n directa.\" \/>\n<meta property=\"og:url\" content=\"https:\/\/www.todoriego.com.ar\/site\/producto\/controlador-serie-esp-lxme\/\" \/>\n<meta property=\"og:site_name\" content=\"Todoriego Insumos SRL\" \/>\n<meta property=\"article:publisher\" content=\"https:\/\/www.facebook.com\/todoriegoinsumos\/\" \/>\n<meta property=\"article:modified_time\" content=\"2022-08-30T19:42:37+00:00\" \/>\n<meta property=\"og:image\" content=\"https:\/\/www.todoriego.com.ar\/site\/wp-content\/uploads\/2022\/08\/RainBird_controlador_ESP-LXM3.jpg\" \/>\n\t<meta property=\"og:image:width\" content=\"600\" \/>\n\t<meta property=\"og:image:height\" content=\"600\" \/>\n\t<meta property=\"og:image:type\" content=\"image\/jpeg\" \/>\n<meta name=\"twitter:card\" content=\"summary_large_image\" \/>\n<meta name=\"twitter:label1\" content=\"Tiempo de lectura\" \/>\n\t<meta name=\"twitter:data1\" content=\"2 minutos\" \/>\n<script type=\"application\/ld+json\" class=\"yoast-schema-graph\">{\"@context\":\"https:\\\/\\\/schema.org\",\"@graph\":[{\"@type\":\"WebPage\",\"@id\":\"https:\\\/\\\/www.todoriego.com.ar\\\/site\\\/producto\\\/controlador-serie-esp-lxme\\\/\",\"url\":\"https:\\\/\\\/www.todoriego.com.ar\\\/site\\\/producto\\\/controlador-serie-esp-lxme\\\/\",\"name\":\"Controlador Serie ESP-LXME - Todoriego Insumos SRL\",\"isPartOf\":{\"@id\":\"https:\\\/\\\/www.todoriego.com.ar\\\/site\\\/#website\"},\"primaryImageOfPage\":{\"@id\":\"https:\\\/\\\/www.todoriego.com.ar\\\/site\\\/producto\\\/controlador-serie-esp-lxme\\\/#primaryimage\"},\"image\":{\"@id\":\"https:\\\/\\\/www.todoriego.com.ar\\\/site\\\/producto\\\/controlador-serie-esp-lxme\\\/#primaryimage\"},\"thumbnailUrl\":\"https:\\\/\\\/www.todoriego.com.ar\\\/site\\\/wp-content\\\/uploads\\\/2022\\\/08\\\/RainBird_controlador_ESP-LXM3.jpg\",\"datePublished\":\"2022-08-30T17:09:00+00:00\",\"dateModified\":\"2022-08-30T19:42:37+00:00\",\"description\":\"Controlador ESP-LXME es un controlador tradicional con cable, es un controlador moderno, fiable y de conexi\u00f3n directa.\",\"breadcrumb\":{\"@id\":\"https:\\\/\\\/www.todoriego.com.ar\\\/site\\\/producto\\\/controlador-serie-esp-lxme\\\/#breadcrumb\"},\"inLanguage\":\"es-AR\",\"potentialAction\":[{\"@type\":\"ReadAction\",\"target\":[\"https:\\\/\\\/www.todoriego.com.ar\\\/site\\\/producto\\\/controlador-serie-esp-lxme\\\/\"]}]},{\"@type\":\"ImageObject\",\"inLanguage\":\"es-AR\",\"@id\":\"https:\\\/\\\/www.todoriego.com.ar\\\/site\\\/producto\\\/controlador-serie-esp-lxme\\\/#primaryimage\",\"url\":\"https:\\\/\\\/www.todoriego.com.ar\\\/site\\\/wp-content\\\/uploads\\\/2022\\\/08\\\/RainBird_controlador_ESP-LXM3.jpg\",\"contentUrl\":\"https:\\\/\\\/www.todoriego.com.ar\\\/site\\\/wp-content\\\/uploads\\\/2022\\\/08\\\/RainBird_controlador_ESP-LXM3.jpg\",\"width\":600,\"height\":600},{\"@type\":\"BreadcrumbList\",\"@id\":\"https:\\\/\\\/www.todoriego.com.ar\\\/site\\\/producto\\\/controlador-serie-esp-lxme\\\/#breadcrumb\",\"itemListElement\":[{\"@type\":\"ListItem\",\"position\":1,\"name\":\"Inicio\",\"item\":\"https:\\\/\\\/www.todoriego.com.ar\\\/site\\\/\"},{\"@type\":\"ListItem\",\"position\":2,\"name\":\"Tienda\",\"item\":\"https:\\\/\\\/www.todoriego.com.ar\\\/site\\\/tienda\\\/\"},{\"@type\":\"ListItem\",\"position\":3,\"name\":\"Controlador Serie ESP-LXME\"}]},{\"@type\":\"WebSite\",\"@id\":\"https:\\\/\\\/www.todoriego.com.ar\\\/site\\\/#website\",\"url\":\"https:\\\/\\\/www.todoriego.com.ar\\\/site\\\/\",\"name\":\"Todoriego Insumos SRL\",\"description\":\"Sabemos hacer riego\",\"publisher\":{\"@id\":\"https:\\\/\\\/www.todoriego.com.ar\\\/site\\\/#organization\"},\"potentialAction\":[{\"@type\":\"SearchAction\",\"target\":{\"@type\":\"EntryPoint\",\"urlTemplate\":\"https:\\\/\\\/www.todoriego.com.ar\\\/site\\\/?s={search_term_string}\"},\"query-input\":{\"@type\":\"PropertyValueSpecification\",\"valueRequired\":true,\"valueName\":\"search_term_string\"}}],\"inLanguage\":\"es-AR\"},{\"@type\":\"Organization\",\"@id\":\"https:\\\/\\\/www.todoriego.com.ar\\\/site\\\/#organization\",\"name\":\"Todoriego Insumos s.r.l.\",\"url\":\"https:\\\/\\\/www.todoriego.com.ar\\\/site\\\/\",\"logo\":{\"@type\":\"ImageObject\",\"inLanguage\":\"es-AR\",\"@id\":\"https:\\\/\\\/www.todoriego.com.ar\\\/site\\\/#\\\/schema\\\/logo\\\/image\\\/\",\"url\":\"http:\\\/\\\/www.todoriego.com.ar\\\/site\\\/wp-content\\\/uploads\\\/2022\\\/07\\\/todoriego_marca.jpg\",\"contentUrl\":\"http:\\\/\\\/www.todoriego.com.ar\\\/site\\\/wp-content\\\/uploads\\\/2022\\\/07\\\/todoriego_marca.jpg\",\"width\":731,\"height\":731,\"caption\":\"Todoriego Insumos s.r.l.\"},\"image\":{\"@id\":\"https:\\\/\\\/www.todoriego.com.ar\\\/site\\\/#\\\/schema\\\/logo\\\/image\\\/\"},\"sameAs\":[\"https:\\\/\\\/www.facebook.com\\\/todoriegoinsumos\\\/\",\"https:\\\/\\\/www.instagram.com\\\/todoriegoinsumos\\\/\"]}]}<\/script>\n<!-- \/ Yoast SEO plugin. -->","yoast_head_json":{"title":"Controlador Serie ESP-LXME - Todoriego Insumos SRL","description":"Controlador ESP-LXME es un controlador tradicional con cable, es un controlador moderno, fiable y de conexi\u00f3n directa.","robots":{"index":"index","follow":"follow","max-snippet":"max-snippet:-1","max-image-preview":"max-image-preview:large","max-video-preview":"max-video-preview:-1"},"canonical":"https:\/\/www.todoriego.com.ar\/site\/producto\/controlador-serie-esp-lxme\/","og_locale":"es_ES","og_type":"article","og_title":"Controlador Serie ESP-LXME - Todoriego Insumos SRL","og_description":"Controlador ESP-LXME es un controlador tradicional con cable, es un controlador moderno, fiable y de conexi\u00f3n directa.","og_url":"https:\/\/www.todoriego.com.ar\/site\/producto\/controlador-serie-esp-lxme\/","og_site_name":"Todoriego Insumos SRL","article_publisher":"https:\/\/www.facebook.com\/todoriegoinsumos\/","article_modified_time":"2022-08-30T19:42:37+00:00","og_image":[{"width":600,"height":600,"url":"https:\/\/www.todoriego.com.ar\/site\/wp-content\/uploads\/2022\/08\/RainBird_controlador_ESP-LXM3.jpg","type":"image\/jpeg"}],"twitter_card":"summary_large_image","twitter_misc":{"Tiempo de lectura":"2 minutos"},"schema":{"@context":"https:\/\/schema.org","@graph":[{"@type":"WebPage","@id":"https:\/\/www.todoriego.com.ar\/site\/producto\/controlador-serie-esp-lxme\/","url":"https:\/\/www.todoriego.com.ar\/site\/producto\/controlador-serie-esp-lxme\/","name":"Controlador Serie ESP-LXME - Todoriego Insumos SRL","isPartOf":{"@id":"https:\/\/www.todoriego.com.ar\/site\/#website"},"primaryImageOfPage":{"@id":"https:\/\/www.todoriego.com.ar\/site\/producto\/controlador-serie-esp-lxme\/#primaryimage"},"image":{"@id":"https:\/\/www.todoriego.com.ar\/site\/producto\/controlador-serie-esp-lxme\/#primaryimage"},"thumbnailUrl":"https:\/\/www.todoriego.com.ar\/site\/wp-content\/uploads\/2022\/08\/RainBird_controlador_ESP-LXM3.jpg","datePublished":"2022-08-30T17:09:00+00:00","dateModified":"2022-08-30T19:42:37+00:00","description":"Controlador ESP-LXME es un controlador tradicional con cable, es un controlador moderno, fiable y de conexi\u00f3n directa.","breadcrumb":{"@id":"https:\/\/www.todoriego.com.ar\/site\/producto\/controlador-serie-esp-lxme\/#breadcrumb"},"inLanguage":"es-AR","potentialAction":[{"@type":"ReadAction","target":["https:\/\/www.todoriego.com.ar\/site\/producto\/controlador-serie-esp-lxme\/"]}]},{"@type":"ImageObject","inLanguage":"es-AR","@id":"https:\/\/www.todoriego.com.ar\/site\/producto\/controlador-serie-esp-lxme\/#primaryimage","url":"https:\/\/www.todoriego.com.ar\/site\/wp-content\/uploads\/2022\/08\/RainBird_controlador_ESP-LXM3.jpg","contentUrl":"https:\/\/www.todoriego.com.ar\/site\/wp-content\/uploads\/2022\/08\/RainBird_controlador_ESP-LXM3.jpg","width":600,"height":600},{"@type":"BreadcrumbList","@id":"https:\/\/www.todoriego.com.ar\/site\/producto\/controlador-serie-esp-lxme\/#breadcrumb","itemListElement":[{"@type":"ListItem","position":1,"name":"Inicio","item":"https:\/\/www.todoriego.com.ar\/site\/"},{"@type":"ListItem","position":2,"name":"Tienda","item":"https:\/\/www.todoriego.com.ar\/site\/tienda\/"},{"@type":"ListItem","position":3,"name":"Controlador Serie ESP-LXME"}]},{"@type":"WebSite","@id":"https:\/\/www.todoriego.com.ar\/site\/#website","url":"https:\/\/www.todoriego.com.ar\/site\/","name":"Todoriego Insumos SRL","description":"Sabemos hacer riego","publisher":{"@id":"https:\/\/www.todoriego.com.ar\/site\/#organization"},"potentialAction":[{"@type":"SearchAction","target":{"@type":"EntryPoint","urlTemplate":"https:\/\/www.todoriego.com.ar\/site\/?s={search_term_string}"},"query-input":{"@type":"PropertyValueSpecification","valueRequired":true,"valueName":"search_term_string"}}],"inLanguage":"es-AR"},{"@type":"Organization","@id":"https:\/\/www.todoriego.com.ar\/site\/#organization","name":"Todoriego Insumos s.r.l.","url":"https:\/\/www.todoriego.com.ar\/site\/","logo":{"@type":"ImageObject","inLanguage":"es-AR","@id":"https:\/\/www.todoriego.com.ar\/site\/#\/schema\/logo\/image\/","url":"http:\/\/www.todoriego.com.ar\/site\/wp-content\/uploads\/2022\/07\/todoriego_marca.jpg","contentUrl":"http:\/\/www.todoriego.com.ar\/site\/wp-content\/uploads\/2022\/07\/todoriego_marca.jpg","width":731,"height":731,"caption":"Todoriego Insumos s.r.l."},"image":{"@id":"https:\/\/www.todoriego.com.ar\/site\/#\/schema\/logo\/image\/"},"sameAs":["https:\/\/www.facebook.com\/todoriegoinsumos\/","https:\/\/www.instagram.com\/todoriegoinsumos\/"]}]}},"_links":{"self":[{"href":"https:\/\/www.todoriego.com.ar\/site\/wp-json\/wp\/v2\/product\/9080","targetHints":{"allow":["GET"]}}],"collection":[{"href":"https:\/\/www.todoriego.com.ar\/site\/wp-json\/wp\/v2\/product"}],"about":[{"href":"https:\/\/www.todoriego.com.ar\/site\/wp-json\/wp\/v2\/types\/product"}],"wp:featuredmedia":[{"embeddable":true,"href":"https:\/\/www.todoriego.com.ar\/site\/wp-json\/wp\/v2\/media\/9083"}],"wp:attachment":[{"href":"https:\/\/www.todoriego.com.ar\/site\/wp-json\/wp\/v2\/media?parent=9080"}],"wp:term":[{"taxonomy":"product_brand","embeddable":true,"href":"https:\/\/www.todoriego.com.ar\/site\/wp-json\/wp\/v2\/product_brand?post=9080"},{"taxonomy":"product_cat","embeddable":true,"href":"https:\/\/www.todoriego.com.ar\/site\/wp-json\/wp\/v2\/product_cat?post=9080"},{"taxonomy":"product_tag","embeddable":true,"href":"https:\/\/www.todoriego.com.ar\/site\/wp-json\/wp\/v2\/product_tag?post=9080"}],"curies":[{"name":"wp","href":"https:\/\/api.w.org\/{rel}","templated":true}]}}