{"id":9085,"date":"2022-08-30T14:14:56","date_gmt":"2022-08-30T17:14:56","guid":{"rendered":"http:\/\/www.todoriego.com.ar\/site\/?post_type=product&#038;p=9085"},"modified":"2022-08-30T14:20:16","modified_gmt":"2022-08-30T17:20:16","slug":"modulo-lnk2-wifi","status":"publish","type":"product","link":"https:\/\/www.todoriego.com.ar\/site\/producto\/modulo-lnk2-wifi\/","title":{"rendered":"M\u00f3dulo LNK2 WiFi"},"content":{"rendered":"<p>Control del sistema de riego desde cualquier lugar. Con el nuevo <strong>m\u00f3dulo WiFi LNK2<\/strong> de <em>Rain Bird<\/em> puede gestionar el riego desde su smartphone de manera remota e inmediata sin necesidad de herramientas.<br \/>\nNueva tecnolog\u00eda <em>Quick Pair<\/em> para una configuraci\u00f3n m\u00e1s r\u00e1pida y sencilla<br \/>\nLos ajustes meteorol\u00f3gicos autom\u00e1ticos proporcionan cambios en el tiempo de funcionamiento para ahorrar agua y dinero.<\/p>\n<p><img loading=\"lazy\" decoding=\"async\" class=\"alignnone size-medium wp-image-9082\" src=\"https:\/\/www.todoriego.com.ar\/site\/wp-content\/uploads\/2022\/08\/RainBird_LNK-wifi_app-300x47.jpg\" alt=\"\" width=\"300\" height=\"47\" srcset=\"https:\/\/www.todoriego.com.ar\/site\/wp-content\/uploads\/2022\/08\/RainBird_LNK-wifi_app-300x47.jpg 300w, https:\/\/www.todoriego.com.ar\/site\/wp-content\/uploads\/2022\/08\/RainBird_LNK-wifi_app.jpg 600w\" sizes=\"auto, (max-width: 300px) 100vw, 300px\" \/><\/p>\n<p><strong>Caracter\u00edsticas<\/strong><br \/>\n\u2022 Listo para las opciones m\u00e1s populares.<br \/>\n\u2022 Mejore la conexi\u00f3n WiFi de nuestros programadores m\u00e1s populares (ESP-M, ESP-RZXe, ST8 para que puedan ser plenamente accesibles y programables desde dispositivos iOS o Android.<br \/>\n\u2022 Compatible con Smart Home (Norteam\u00e9rica, UE y Australia)<br \/>\n\u2022 Gestione varias instalaciones a distancia desde un solo dispositivo<br \/>\n\u2022 Con nuestra aplicaci\u00f3n profesional gratuita podr\u00e1 utilizar su tel\u00e9fono como un mando a distancia<br \/>\n\u2022 Riegue una sola zona, todas las zonas, o establezca un horario personalizado.<br \/>\n\u2022 Supervise de manera f\u00e1cil y con confianza<br \/>\n\u2022 Recibir\u00e1 notificaciones autom\u00e1ticas de actividades de riego y circunstancias meteorol\u00f3gicas con alertas personalizadas. As\u00ed, recibe la informaci\u00f3n que m\u00e1s le interesa.<br \/>\n\u2022 Con los diagn\u00f3sticos remotos puede configurar el establecimiento de llamadas de mantenimiento, el acceso a soluci\u00f3n de problemas, la recepci\u00f3n de avisos de condiciones de helada y mucho m\u00e1s<br \/>\n\u2022 Inteligente y responsable<br \/>\n\u2022 Meteorolog\u00eda los datos de las fuentes meteorol\u00f3gicas locales ajustan autom\u00e1ticamente los tiempos de funcionamiento del sistema diariamente. Su jard\u00edn recibe solo el agua que necesita mientras se ahorra hasta un 50 % de agua.<br \/>\n\u2022 Capacidad de programaci\u00f3n superior dise\u00f1ada para ajustarse a las restricciones de agua m\u00e1s estrictas<br \/>\n\u2022 LNK2 utiliza una comunicaci\u00f3n inal\u00e1mbrica encriptada para ayudar a proteger la privacidad de nuestros usuarios<\/p>\n<p><strong>Especificaciones<\/strong><br \/>\n\u2022 R\u00fater Wifi de 2,4 GHz (solo) compatible con los ajustes de seguridad WEP y WPA<br \/>\n\u2022 Compatible con iOS 8.0 y Android 6 (Marshmallow) o dispositivos m\u00f3viles posteriores*<br \/>\n\u2022 Temperatura de funcionamiento: de 14 \u00b0F (-10 \u00b0C) a 149 \u00b0F (65 \u00b0C)<br \/>\n\u2022 Temperatura de almacenamiento: de -40 \u00b0F (-40 \u00b0C) a 150 \u00b0F (66 \u00b0C)<br \/>\n\u2022 Humedad de funcionamiento: 95 % m\u00e1x. en un entorno sin condensaci\u00f3n entre 50 \u00b0F y 120 \u00b0F (entre 10 \u00b0C y 49 \u00b0C)<br \/>\n\u2022 Especificaciones el\u00e9ctricas<br \/>\n\u2022 24 V CA (RMS) a 50\/60 Hz; 55 mA m\u00e1x.<\/p>\n","protected":false},"excerpt":{"rendered":"<p><img loading=\"lazy\" decoding=\"async\" class=\"alignnone size-full wp-image-8741\" src=\"https:\/\/www.todoriego.com.ar\/site\/wp-content\/uploads\/2022\/07\/rainbird.png\" alt=\"\" width=\"103\" height=\"50\" \/><br \/>\nControl del sistema de riego desde cualquier lugar. Con el nuevo <strong>m\u00f3dulo WiFi LNK2<\/strong> de <em>Rain Bird<\/em> puede gestionar el riego desde su smartphone de manera remota e inmediata sin necesidad de herramientas.<\/p>\n","protected":false},"featured_media":9084,"template":"","meta":{"_acf_changed":false},"product_brand":[],"product_cat":[39,110],"product_tag":[],"class_list":{"0":"post-9085","1":"product","2":"type-product","3":"status-publish","4":"has-post-thumbnail","6":"product_cat-espacios-verdes","7":"product_cat-controladores","9":"first","10":"instock","11":"shipping-taxable","12":"product-type-simple"},"acf":[],"yoast_head":"<!-- This site is optimized with the Yoast SEO plugin v27.4 - https:\/\/yoast.com\/product\/yoast-seo-wordpress\/ -->\n<title>M\u00f3dulo LNK2 WiFi - Todoriego Insumos SRL<\/title>\n<meta name=\"description\" content=\"Con el nuevo m\u00f3dulo WiFi LNK2 de Rain Bird puede gestionar el riego desde su smartphone de manera remota e inmediata sin necesidad de herramientas.\" \/>\n<meta name=\"robots\" content=\"index, follow, max-snippet:-1, max-image-preview:large, max-video-preview:-1\" \/>\n<link rel=\"canonical\" href=\"https:\/\/www.todoriego.com.ar\/site\/producto\/modulo-lnk2-wifi\/\" \/>\n<meta property=\"og:locale\" content=\"es_ES\" \/>\n<meta property=\"og:type\" content=\"article\" \/>\n<meta property=\"og:title\" content=\"M\u00f3dulo LNK2 WiFi - Todoriego Insumos SRL\" \/>\n<meta property=\"og:description\" content=\"Con el nuevo m\u00f3dulo WiFi LNK2 de Rain Bird puede gestionar el riego desde su smartphone de manera remota e inmediata sin necesidad de herramientas.\" \/>\n<meta property=\"og:url\" content=\"https:\/\/www.todoriego.com.ar\/site\/producto\/modulo-lnk2-wifi\/\" \/>\n<meta property=\"og:site_name\" content=\"Todoriego Insumos SRL\" \/>\n<meta property=\"article:publisher\" content=\"https:\/\/www.facebook.com\/todoriegoinsumos\/\" \/>\n<meta property=\"article:modified_time\" content=\"2022-08-30T17:20:16+00:00\" \/>\n<meta property=\"og:image\" content=\"https:\/\/www.todoriego.com.ar\/site\/wp-content\/uploads\/2022\/08\/RainBird_controlador_LNK2-wifi_00.jpg\" \/>\n\t<meta property=\"og:image:width\" content=\"600\" \/>\n\t<meta property=\"og:image:height\" content=\"600\" \/>\n\t<meta property=\"og:image:type\" content=\"image\/jpeg\" \/>\n<meta name=\"twitter:card\" content=\"summary_large_image\" \/>\n<meta name=\"twitter:label1\" content=\"Tiempo de lectura\" \/>\n\t<meta name=\"twitter:data1\" content=\"2 minutos\" \/>\n<script type=\"application\/ld+json\" class=\"yoast-schema-graph\">{\"@context\":\"https:\\\/\\\/schema.org\",\"@graph\":[{\"@type\":\"WebPage\",\"@id\":\"https:\\\/\\\/www.todoriego.com.ar\\\/site\\\/producto\\\/modulo-lnk2-wifi\\\/\",\"url\":\"https:\\\/\\\/www.todoriego.com.ar\\\/site\\\/producto\\\/modulo-lnk2-wifi\\\/\",\"name\":\"M\u00f3dulo LNK2 WiFi - Todoriego Insumos SRL\",\"isPartOf\":{\"@id\":\"https:\\\/\\\/www.todoriego.com.ar\\\/site\\\/#website\"},\"primaryImageOfPage\":{\"@id\":\"https:\\\/\\\/www.todoriego.com.ar\\\/site\\\/producto\\\/modulo-lnk2-wifi\\\/#primaryimage\"},\"image\":{\"@id\":\"https:\\\/\\\/www.todoriego.com.ar\\\/site\\\/producto\\\/modulo-lnk2-wifi\\\/#primaryimage\"},\"thumbnailUrl\":\"https:\\\/\\\/www.todoriego.com.ar\\\/site\\\/wp-content\\\/uploads\\\/2022\\\/08\\\/RainBird_controlador_LNK2-wifi_00.jpg\",\"datePublished\":\"2022-08-30T17:14:56+00:00\",\"dateModified\":\"2022-08-30T17:20:16+00:00\",\"description\":\"Con el nuevo m\u00f3dulo WiFi LNK2 de Rain Bird puede gestionar el riego desde su smartphone de manera remota e inmediata sin necesidad de herramientas.\",\"breadcrumb\":{\"@id\":\"https:\\\/\\\/www.todoriego.com.ar\\\/site\\\/producto\\\/modulo-lnk2-wifi\\\/#breadcrumb\"},\"inLanguage\":\"es-AR\",\"potentialAction\":[{\"@type\":\"ReadAction\",\"target\":[\"https:\\\/\\\/www.todoriego.com.ar\\\/site\\\/producto\\\/modulo-lnk2-wifi\\\/\"]}]},{\"@type\":\"ImageObject\",\"inLanguage\":\"es-AR\",\"@id\":\"https:\\\/\\\/www.todoriego.com.ar\\\/site\\\/producto\\\/modulo-lnk2-wifi\\\/#primaryimage\",\"url\":\"https:\\\/\\\/www.todoriego.com.ar\\\/site\\\/wp-content\\\/uploads\\\/2022\\\/08\\\/RainBird_controlador_LNK2-wifi_00.jpg\",\"contentUrl\":\"https:\\\/\\\/www.todoriego.com.ar\\\/site\\\/wp-content\\\/uploads\\\/2022\\\/08\\\/RainBird_controlador_LNK2-wifi_00.jpg\",\"width\":600,\"height\":600},{\"@type\":\"BreadcrumbList\",\"@id\":\"https:\\\/\\\/www.todoriego.com.ar\\\/site\\\/producto\\\/modulo-lnk2-wifi\\\/#breadcrumb\",\"itemListElement\":[{\"@type\":\"ListItem\",\"position\":1,\"name\":\"Inicio\",\"item\":\"https:\\\/\\\/www.todoriego.com.ar\\\/site\\\/\"},{\"@type\":\"ListItem\",\"position\":2,\"name\":\"Tienda\",\"item\":\"https:\\\/\\\/www.todoriego.com.ar\\\/site\\\/tienda\\\/\"},{\"@type\":\"ListItem\",\"position\":3,\"name\":\"M\u00f3dulo LNK2 WiFi\"}]},{\"@type\":\"WebSite\",\"@id\":\"https:\\\/\\\/www.todoriego.com.ar\\\/site\\\/#website\",\"url\":\"https:\\\/\\\/www.todoriego.com.ar\\\/site\\\/\",\"name\":\"Todoriego Insumos SRL\",\"description\":\"Sabemos hacer riego\",\"publisher\":{\"@id\":\"https:\\\/\\\/www.todoriego.com.ar\\\/site\\\/#organization\"},\"potentialAction\":[{\"@type\":\"SearchAction\",\"target\":{\"@type\":\"EntryPoint\",\"urlTemplate\":\"https:\\\/\\\/www.todoriego.com.ar\\\/site\\\/?s={search_term_string}\"},\"query-input\":{\"@type\":\"PropertyValueSpecification\",\"valueRequired\":true,\"valueName\":\"search_term_string\"}}],\"inLanguage\":\"es-AR\"},{\"@type\":\"Organization\",\"@id\":\"https:\\\/\\\/www.todoriego.com.ar\\\/site\\\/#organization\",\"name\":\"Todoriego Insumos s.r.l.\",\"url\":\"https:\\\/\\\/www.todoriego.com.ar\\\/site\\\/\",\"logo\":{\"@type\":\"ImageObject\",\"inLanguage\":\"es-AR\",\"@id\":\"https:\\\/\\\/www.todoriego.com.ar\\\/site\\\/#\\\/schema\\\/logo\\\/image\\\/\",\"url\":\"http:\\\/\\\/www.todoriego.com.ar\\\/site\\\/wp-content\\\/uploads\\\/2022\\\/07\\\/todoriego_marca.jpg\",\"contentUrl\":\"http:\\\/\\\/www.todoriego.com.ar\\\/site\\\/wp-content\\\/uploads\\\/2022\\\/07\\\/todoriego_marca.jpg\",\"width\":731,\"height\":731,\"caption\":\"Todoriego Insumos s.r.l.\"},\"image\":{\"@id\":\"https:\\\/\\\/www.todoriego.com.ar\\\/site\\\/#\\\/schema\\\/logo\\\/image\\\/\"},\"sameAs\":[\"https:\\\/\\\/www.facebook.com\\\/todoriegoinsumos\\\/\",\"https:\\\/\\\/www.instagram.com\\\/todoriegoinsumos\\\/\"]}]}<\/script>\n<!-- \/ Yoast SEO plugin. -->","yoast_head_json":{"title":"M\u00f3dulo LNK2 WiFi - Todoriego Insumos SRL","description":"Con el nuevo m\u00f3dulo WiFi LNK2 de Rain Bird puede gestionar el riego desde su smartphone de manera remota e inmediata sin necesidad de herramientas.","robots":{"index":"index","follow":"follow","max-snippet":"max-snippet:-1","max-image-preview":"max-image-preview:large","max-video-preview":"max-video-preview:-1"},"canonical":"https:\/\/www.todoriego.com.ar\/site\/producto\/modulo-lnk2-wifi\/","og_locale":"es_ES","og_type":"article","og_title":"M\u00f3dulo LNK2 WiFi - Todoriego Insumos SRL","og_description":"Con el nuevo m\u00f3dulo WiFi LNK2 de Rain Bird puede gestionar el riego desde su smartphone de manera remota e inmediata sin necesidad de herramientas.","og_url":"https:\/\/www.todoriego.com.ar\/site\/producto\/modulo-lnk2-wifi\/","og_site_name":"Todoriego Insumos SRL","article_publisher":"https:\/\/www.facebook.com\/todoriegoinsumos\/","article_modified_time":"2022-08-30T17:20:16+00:00","og_image":[{"width":600,"height":600,"url":"https:\/\/www.todoriego.com.ar\/site\/wp-content\/uploads\/2022\/08\/RainBird_controlador_LNK2-wifi_00.jpg","type":"image\/jpeg"}],"twitter_card":"summary_large_image","twitter_misc":{"Tiempo de lectura":"2 minutos"},"schema":{"@context":"https:\/\/schema.org","@graph":[{"@type":"WebPage","@id":"https:\/\/www.todoriego.com.ar\/site\/producto\/modulo-lnk2-wifi\/","url":"https:\/\/www.todoriego.com.ar\/site\/producto\/modulo-lnk2-wifi\/","name":"M\u00f3dulo LNK2 WiFi - Todoriego Insumos SRL","isPartOf":{"@id":"https:\/\/www.todoriego.com.ar\/site\/#website"},"primaryImageOfPage":{"@id":"https:\/\/www.todoriego.com.ar\/site\/producto\/modulo-lnk2-wifi\/#primaryimage"},"image":{"@id":"https:\/\/www.todoriego.com.ar\/site\/producto\/modulo-lnk2-wifi\/#primaryimage"},"thumbnailUrl":"https:\/\/www.todoriego.com.ar\/site\/wp-content\/uploads\/2022\/08\/RainBird_controlador_LNK2-wifi_00.jpg","datePublished":"2022-08-30T17:14:56+00:00","dateModified":"2022-08-30T17:20:16+00:00","description":"Con el nuevo m\u00f3dulo WiFi LNK2 de Rain Bird puede gestionar el riego desde su smartphone de manera remota e inmediata sin necesidad de herramientas.","breadcrumb":{"@id":"https:\/\/www.todoriego.com.ar\/site\/producto\/modulo-lnk2-wifi\/#breadcrumb"},"inLanguage":"es-AR","potentialAction":[{"@type":"ReadAction","target":["https:\/\/www.todoriego.com.ar\/site\/producto\/modulo-lnk2-wifi\/"]}]},{"@type":"ImageObject","inLanguage":"es-AR","@id":"https:\/\/www.todoriego.com.ar\/site\/producto\/modulo-lnk2-wifi\/#primaryimage","url":"https:\/\/www.todoriego.com.ar\/site\/wp-content\/uploads\/2022\/08\/RainBird_controlador_LNK2-wifi_00.jpg","contentUrl":"https:\/\/www.todoriego.com.ar\/site\/wp-content\/uploads\/2022\/08\/RainBird_controlador_LNK2-wifi_00.jpg","width":600,"height":600},{"@type":"BreadcrumbList","@id":"https:\/\/www.todoriego.com.ar\/site\/producto\/modulo-lnk2-wifi\/#breadcrumb","itemListElement":[{"@type":"ListItem","position":1,"name":"Inicio","item":"https:\/\/www.todoriego.com.ar\/site\/"},{"@type":"ListItem","position":2,"name":"Tienda","item":"https:\/\/www.todoriego.com.ar\/site\/tienda\/"},{"@type":"ListItem","position":3,"name":"M\u00f3dulo LNK2 WiFi"}]},{"@type":"WebSite","@id":"https:\/\/www.todoriego.com.ar\/site\/#website","url":"https:\/\/www.todoriego.com.ar\/site\/","name":"Todoriego Insumos SRL","description":"Sabemos hacer riego","publisher":{"@id":"https:\/\/www.todoriego.com.ar\/site\/#organization"},"potentialAction":[{"@type":"SearchAction","target":{"@type":"EntryPoint","urlTemplate":"https:\/\/www.todoriego.com.ar\/site\/?s={search_term_string}"},"query-input":{"@type":"PropertyValueSpecification","valueRequired":true,"valueName":"search_term_string"}}],"inLanguage":"es-AR"},{"@type":"Organization","@id":"https:\/\/www.todoriego.com.ar\/site\/#organization","name":"Todoriego Insumos s.r.l.","url":"https:\/\/www.todoriego.com.ar\/site\/","logo":{"@type":"ImageObject","inLanguage":"es-AR","@id":"https:\/\/www.todoriego.com.ar\/site\/#\/schema\/logo\/image\/","url":"http:\/\/www.todoriego.com.ar\/site\/wp-content\/uploads\/2022\/07\/todoriego_marca.jpg","contentUrl":"http:\/\/www.todoriego.com.ar\/site\/wp-content\/uploads\/2022\/07\/todoriego_marca.jpg","width":731,"height":731,"caption":"Todoriego Insumos s.r.l."},"image":{"@id":"https:\/\/www.todoriego.com.ar\/site\/#\/schema\/logo\/image\/"},"sameAs":["https:\/\/www.facebook.com\/todoriegoinsumos\/","https:\/\/www.instagram.com\/todoriegoinsumos\/"]}]}},"_links":{"self":[{"href":"https:\/\/www.todoriego.com.ar\/site\/wp-json\/wp\/v2\/product\/9085","targetHints":{"allow":["GET"]}}],"collection":[{"href":"https:\/\/www.todoriego.com.ar\/site\/wp-json\/wp\/v2\/product"}],"about":[{"href":"https:\/\/www.todoriego.com.ar\/site\/wp-json\/wp\/v2\/types\/product"}],"wp:featuredmedia":[{"embeddable":true,"href":"https:\/\/www.todoriego.com.ar\/site\/wp-json\/wp\/v2\/media\/9084"}],"wp:attachment":[{"href":"https:\/\/www.todoriego.com.ar\/site\/wp-json\/wp\/v2\/media?parent=9085"}],"wp:term":[{"taxonomy":"product_brand","embeddable":true,"href":"https:\/\/www.todoriego.com.ar\/site\/wp-json\/wp\/v2\/product_brand?post=9085"},{"taxonomy":"product_cat","embeddable":true,"href":"https:\/\/www.todoriego.com.ar\/site\/wp-json\/wp\/v2\/product_cat?post=9085"},{"taxonomy":"product_tag","embeddable":true,"href":"https:\/\/www.todoriego.com.ar\/site\/wp-json\/wp\/v2\/product_tag?post=9085"}],"curies":[{"name":"wp","href":"https:\/\/api.w.org\/{rel}","templated":true}]}}