{"id":9087,"date":"2022-08-30T17:14:49","date_gmt":"2022-08-30T20:14:49","guid":{"rendered":"http:\/\/www.todoriego.com.ar\/site\/?post_type=product&#038;p=9087"},"modified":"2022-08-30T17:22:27","modified_gmt":"2022-08-30T20:22:27","slug":"controlador-esp-lxd","status":"publish","type":"product","link":"https:\/\/www.todoriego.com.ar\/site\/producto\/controlador-esp-lxd\/","title":{"rendered":"Controlador ESP-LXD"},"content":{"rendered":"<p>Controlador decodificador de dos cables de 50 a 200 estaciones <strong>ESP-LXD.<\/strong><br \/>\nEl controlador <strong>ESP-LXD<\/strong> se ha dise\u00f1ado para conservar la apariencia, el funcionamiento y la facilidad de programaci\u00f3n del controlador ESPLXM, pero con una interfaz a una v\u00eda de dos hilos para riego con descodificadores. El controlador <strong>ESP-LXD<\/strong> puede gestionar un m\u00e1ximo de 50 estaciones, pero puede ampliarse f\u00e1cilmente para su uso con hasta 200 estaciones. Cada controlador <strong>ESP-LXD<\/strong> incorpora tambi\u00e9n una funci\u00f3n de gesti\u00f3n de caudal.<\/p>\n<p><em>Software disponible IQ-CLOUD V3.0<\/em><\/p>\n<p><strong>Caracter\u00edsticas<\/strong><br \/>\n\u2022 Capacidad est\u00e1ndar de 50 estaciones ampliable a 200 estaciones con m\u00f3dulos opcionales ESPLXD-SM75SM75<br \/>\n\u2022 Cuatro entradas de sensor (una cableada y hasta tres gestionadas por decodificador) con interruptor de anulaci\u00f3n<br \/>\n\u2022 Se admiten cinco sensores de caudal<br \/>\n\u2022 Admite decodificadores de sensores SD-210TURF (compatible con detecci\u00f3n de caudal y sensor meteorol\u00f3gico) y protectores de sobretensi\u00f3n LSP-1 (se requiere uno por cada 500 pies de ruta del cableado de dos hilos).<br \/>\n\u2022 Apto para sistema de control centralizado con cartuchos de comunicaciones Rain Bird IQ y software (consulte la p\u00e1g. 102)<br \/>\n\u2022 Con caracter\u00edsticas avanzadas de Cycle+Soak\u2122 a Programa del contratista, ESP-LXD ofrece funciones innovadoras demostradas para reducir los gastos de instalaci\u00f3n, el tiempo de soluci\u00f3n de problemas y el consumo de agua<br \/>\n\u2022 Respaldo de programa e ingreso de direcciones de decodificador de c\u00f3digo de barras con PBCLXD opcional<br \/>\n\u2022 Seis idiomas entre los que puede seleccionar el usuario<br \/>\n\u2022 El panel frontal extra\u00edble se puede programar con alimentaci\u00f3n a pilas<br \/>\n\u2022 Caja pl\u00e1stica de montaje seguro a la pared con resistencia a los rayos UV, caja opcional de metal y acero inoxidable y pedestal<br \/>\n\u2022 Compatible con Landscape Irrigation and Maintenance Remote (control remoto para riego y mantenimiento de jardines) de Rain Bird &#8211; M\u00f3dulo Flow Smart instalado en f\u00e1brica o actualizable en el campo<\/p>\n<p><strong>Especificaciones<\/strong><br \/>\n\u2022 Arranques por estaci\u00f3n: de 0 minutos a 12 horas<br \/>\n\u2022 Ajuste estacional por programa y por mes: 0% a 300% (tiempo de funcionamiento m\u00e1ximo de estaci\u00f3n de 16 h)<br \/>\n\u2022 4 programas independientes (ABCD); pila de programas ABC, solapamiento ABCD<br \/>\n\u2022 Decodificadores compatibles: FD-101TURF, FD-102TURF, FD-202TURF, FD-401TURF, FD-601TURF<br \/>\n\u2022 8 horas de inicio por programa<br \/>\n\u2022 Los ciclos de d\u00edas de programa incluyen d\u00edas espec\u00edficos de la semana, d\u00edas impares, d\u00edas impares sin 31, d\u00edas pares y fechas c\u00edclicas<br \/>\n\u2022 Estaci\u00f3n manual, programa, programa de prueba<\/p>\n","protected":false},"excerpt":{"rendered":"<p><img loading=\"lazy\" decoding=\"async\" class=\"alignnone size-full wp-image-8741\" src=\"https:\/\/www.todoriego.com.ar\/site\/wp-content\/uploads\/2022\/07\/rainbird.png\" alt=\"\" width=\"103\" height=\"50\" \/><br \/>\nEl controlador <strong>ESP-LXD<\/strong> se ha dise\u00f1ado para conservar la apariencia, el funcionamiento y la facilidad de programaci\u00f3n del controlador ESPLXM, pero con una interfaz a una v\u00eda de dos hilos para riego con descodificadores.<\/p>\n","protected":false},"featured_media":9089,"template":"","meta":{"_acf_changed":false},"product_brand":[],"product_cat":[39,110],"product_tag":[],"class_list":{"0":"post-9087","1":"product","2":"type-product","3":"status-publish","4":"has-post-thumbnail","6":"product_cat-espacios-verdes","7":"product_cat-controladores","9":"first","10":"instock","11":"shipping-taxable","12":"product-type-simple"},"acf":[],"yoast_head":"<!-- This site is optimized with the Yoast SEO plugin v27.4 - https:\/\/yoast.com\/product\/yoast-seo-wordpress\/ -->\n<title>Controlador ESP-LXD - Todoriego Insumos SRL<\/title>\n<meta name=\"description\" content=\"El controlador ESP-LXD conserva la funci\u00f3n y programaci\u00f3n del controlador ESP-LXM, con una interfaz a una v\u00eda de dos hilos para riego con descodificadores.\" \/>\n<meta name=\"robots\" content=\"index, follow, max-snippet:-1, max-image-preview:large, max-video-preview:-1\" \/>\n<link rel=\"canonical\" href=\"https:\/\/www.todoriego.com.ar\/site\/producto\/controlador-esp-lxd\/\" \/>\n<meta property=\"og:locale\" content=\"es_ES\" \/>\n<meta property=\"og:type\" content=\"article\" \/>\n<meta property=\"og:title\" content=\"Controlador ESP-LXD - Todoriego Insumos SRL\" \/>\n<meta property=\"og:description\" content=\"El controlador ESP-LXD conserva la funci\u00f3n y programaci\u00f3n del controlador ESP-LXM, con una interfaz a una v\u00eda de dos hilos para riego con descodificadores.\" \/>\n<meta property=\"og:url\" content=\"https:\/\/www.todoriego.com.ar\/site\/producto\/controlador-esp-lxd\/\" \/>\n<meta property=\"og:site_name\" content=\"Todoriego Insumos SRL\" \/>\n<meta property=\"article:publisher\" content=\"https:\/\/www.facebook.com\/todoriegoinsumos\/\" \/>\n<meta property=\"article:modified_time\" content=\"2022-08-30T20:22:27+00:00\" \/>\n<meta property=\"og:image\" content=\"https:\/\/www.todoriego.com.ar\/site\/wp-content\/uploads\/2022\/08\/RainBird_controlador_ESP-LXD.jpg\" \/>\n\t<meta property=\"og:image:width\" content=\"600\" \/>\n\t<meta property=\"og:image:height\" content=\"600\" \/>\n\t<meta property=\"og:image:type\" content=\"image\/jpeg\" \/>\n<meta name=\"twitter:card\" content=\"summary_large_image\" \/>\n<meta name=\"twitter:label1\" content=\"Tiempo de lectura\" \/>\n\t<meta name=\"twitter:data1\" content=\"2 minutos\" \/>\n<script type=\"application\/ld+json\" class=\"yoast-schema-graph\">{\"@context\":\"https:\\\/\\\/schema.org\",\"@graph\":[{\"@type\":\"WebPage\",\"@id\":\"https:\\\/\\\/www.todoriego.com.ar\\\/site\\\/producto\\\/controlador-esp-lxd\\\/\",\"url\":\"https:\\\/\\\/www.todoriego.com.ar\\\/site\\\/producto\\\/controlador-esp-lxd\\\/\",\"name\":\"Controlador ESP-LXD - Todoriego Insumos SRL\",\"isPartOf\":{\"@id\":\"https:\\\/\\\/www.todoriego.com.ar\\\/site\\\/#website\"},\"primaryImageOfPage\":{\"@id\":\"https:\\\/\\\/www.todoriego.com.ar\\\/site\\\/producto\\\/controlador-esp-lxd\\\/#primaryimage\"},\"image\":{\"@id\":\"https:\\\/\\\/www.todoriego.com.ar\\\/site\\\/producto\\\/controlador-esp-lxd\\\/#primaryimage\"},\"thumbnailUrl\":\"https:\\\/\\\/www.todoriego.com.ar\\\/site\\\/wp-content\\\/uploads\\\/2022\\\/08\\\/RainBird_controlador_ESP-LXD.jpg\",\"datePublished\":\"2022-08-30T20:14:49+00:00\",\"dateModified\":\"2022-08-30T20:22:27+00:00\",\"description\":\"El controlador ESP-LXD conserva la funci\u00f3n y programaci\u00f3n del controlador ESP-LXM, con una interfaz a una v\u00eda de dos hilos para riego con descodificadores.\",\"breadcrumb\":{\"@id\":\"https:\\\/\\\/www.todoriego.com.ar\\\/site\\\/producto\\\/controlador-esp-lxd\\\/#breadcrumb\"},\"inLanguage\":\"es-AR\",\"potentialAction\":[{\"@type\":\"ReadAction\",\"target\":[\"https:\\\/\\\/www.todoriego.com.ar\\\/site\\\/producto\\\/controlador-esp-lxd\\\/\"]}]},{\"@type\":\"ImageObject\",\"inLanguage\":\"es-AR\",\"@id\":\"https:\\\/\\\/www.todoriego.com.ar\\\/site\\\/producto\\\/controlador-esp-lxd\\\/#primaryimage\",\"url\":\"https:\\\/\\\/www.todoriego.com.ar\\\/site\\\/wp-content\\\/uploads\\\/2022\\\/08\\\/RainBird_controlador_ESP-LXD.jpg\",\"contentUrl\":\"https:\\\/\\\/www.todoriego.com.ar\\\/site\\\/wp-content\\\/uploads\\\/2022\\\/08\\\/RainBird_controlador_ESP-LXD.jpg\",\"width\":600,\"height\":600},{\"@type\":\"BreadcrumbList\",\"@id\":\"https:\\\/\\\/www.todoriego.com.ar\\\/site\\\/producto\\\/controlador-esp-lxd\\\/#breadcrumb\",\"itemListElement\":[{\"@type\":\"ListItem\",\"position\":1,\"name\":\"Inicio\",\"item\":\"https:\\\/\\\/www.todoriego.com.ar\\\/site\\\/\"},{\"@type\":\"ListItem\",\"position\":2,\"name\":\"Tienda\",\"item\":\"https:\\\/\\\/www.todoriego.com.ar\\\/site\\\/tienda\\\/\"},{\"@type\":\"ListItem\",\"position\":3,\"name\":\"Controlador ESP-LXD\"}]},{\"@type\":\"WebSite\",\"@id\":\"https:\\\/\\\/www.todoriego.com.ar\\\/site\\\/#website\",\"url\":\"https:\\\/\\\/www.todoriego.com.ar\\\/site\\\/\",\"name\":\"Todoriego Insumos SRL\",\"description\":\"Sabemos hacer riego\",\"publisher\":{\"@id\":\"https:\\\/\\\/www.todoriego.com.ar\\\/site\\\/#organization\"},\"potentialAction\":[{\"@type\":\"SearchAction\",\"target\":{\"@type\":\"EntryPoint\",\"urlTemplate\":\"https:\\\/\\\/www.todoriego.com.ar\\\/site\\\/?s={search_term_string}\"},\"query-input\":{\"@type\":\"PropertyValueSpecification\",\"valueRequired\":true,\"valueName\":\"search_term_string\"}}],\"inLanguage\":\"es-AR\"},{\"@type\":\"Organization\",\"@id\":\"https:\\\/\\\/www.todoriego.com.ar\\\/site\\\/#organization\",\"name\":\"Todoriego Insumos s.r.l.\",\"url\":\"https:\\\/\\\/www.todoriego.com.ar\\\/site\\\/\",\"logo\":{\"@type\":\"ImageObject\",\"inLanguage\":\"es-AR\",\"@id\":\"https:\\\/\\\/www.todoriego.com.ar\\\/site\\\/#\\\/schema\\\/logo\\\/image\\\/\",\"url\":\"http:\\\/\\\/www.todoriego.com.ar\\\/site\\\/wp-content\\\/uploads\\\/2022\\\/07\\\/todoriego_marca.jpg\",\"contentUrl\":\"http:\\\/\\\/www.todoriego.com.ar\\\/site\\\/wp-content\\\/uploads\\\/2022\\\/07\\\/todoriego_marca.jpg\",\"width\":731,\"height\":731,\"caption\":\"Todoriego Insumos s.r.l.\"},\"image\":{\"@id\":\"https:\\\/\\\/www.todoriego.com.ar\\\/site\\\/#\\\/schema\\\/logo\\\/image\\\/\"},\"sameAs\":[\"https:\\\/\\\/www.facebook.com\\\/todoriegoinsumos\\\/\",\"https:\\\/\\\/www.instagram.com\\\/todoriegoinsumos\\\/\"]}]}<\/script>\n<!-- \/ Yoast SEO plugin. -->","yoast_head_json":{"title":"Controlador ESP-LXD - Todoriego Insumos SRL","description":"El controlador ESP-LXD conserva la funci\u00f3n y programaci\u00f3n del controlador ESP-LXM, con una interfaz a una v\u00eda de dos hilos para riego con descodificadores.","robots":{"index":"index","follow":"follow","max-snippet":"max-snippet:-1","max-image-preview":"max-image-preview:large","max-video-preview":"max-video-preview:-1"},"canonical":"https:\/\/www.todoriego.com.ar\/site\/producto\/controlador-esp-lxd\/","og_locale":"es_ES","og_type":"article","og_title":"Controlador ESP-LXD - Todoriego Insumos SRL","og_description":"El controlador ESP-LXD conserva la funci\u00f3n y programaci\u00f3n del controlador ESP-LXM, con una interfaz a una v\u00eda de dos hilos para riego con descodificadores.","og_url":"https:\/\/www.todoriego.com.ar\/site\/producto\/controlador-esp-lxd\/","og_site_name":"Todoriego Insumos SRL","article_publisher":"https:\/\/www.facebook.com\/todoriegoinsumos\/","article_modified_time":"2022-08-30T20:22:27+00:00","og_image":[{"width":600,"height":600,"url":"https:\/\/www.todoriego.com.ar\/site\/wp-content\/uploads\/2022\/08\/RainBird_controlador_ESP-LXD.jpg","type":"image\/jpeg"}],"twitter_card":"summary_large_image","twitter_misc":{"Tiempo de lectura":"2 minutos"},"schema":{"@context":"https:\/\/schema.org","@graph":[{"@type":"WebPage","@id":"https:\/\/www.todoriego.com.ar\/site\/producto\/controlador-esp-lxd\/","url":"https:\/\/www.todoriego.com.ar\/site\/producto\/controlador-esp-lxd\/","name":"Controlador ESP-LXD - Todoriego Insumos SRL","isPartOf":{"@id":"https:\/\/www.todoriego.com.ar\/site\/#website"},"primaryImageOfPage":{"@id":"https:\/\/www.todoriego.com.ar\/site\/producto\/controlador-esp-lxd\/#primaryimage"},"image":{"@id":"https:\/\/www.todoriego.com.ar\/site\/producto\/controlador-esp-lxd\/#primaryimage"},"thumbnailUrl":"https:\/\/www.todoriego.com.ar\/site\/wp-content\/uploads\/2022\/08\/RainBird_controlador_ESP-LXD.jpg","datePublished":"2022-08-30T20:14:49+00:00","dateModified":"2022-08-30T20:22:27+00:00","description":"El controlador ESP-LXD conserva la funci\u00f3n y programaci\u00f3n del controlador ESP-LXM, con una interfaz a una v\u00eda de dos hilos para riego con descodificadores.","breadcrumb":{"@id":"https:\/\/www.todoriego.com.ar\/site\/producto\/controlador-esp-lxd\/#breadcrumb"},"inLanguage":"es-AR","potentialAction":[{"@type":"ReadAction","target":["https:\/\/www.todoriego.com.ar\/site\/producto\/controlador-esp-lxd\/"]}]},{"@type":"ImageObject","inLanguage":"es-AR","@id":"https:\/\/www.todoriego.com.ar\/site\/producto\/controlador-esp-lxd\/#primaryimage","url":"https:\/\/www.todoriego.com.ar\/site\/wp-content\/uploads\/2022\/08\/RainBird_controlador_ESP-LXD.jpg","contentUrl":"https:\/\/www.todoriego.com.ar\/site\/wp-content\/uploads\/2022\/08\/RainBird_controlador_ESP-LXD.jpg","width":600,"height":600},{"@type":"BreadcrumbList","@id":"https:\/\/www.todoriego.com.ar\/site\/producto\/controlador-esp-lxd\/#breadcrumb","itemListElement":[{"@type":"ListItem","position":1,"name":"Inicio","item":"https:\/\/www.todoriego.com.ar\/site\/"},{"@type":"ListItem","position":2,"name":"Tienda","item":"https:\/\/www.todoriego.com.ar\/site\/tienda\/"},{"@type":"ListItem","position":3,"name":"Controlador ESP-LXD"}]},{"@type":"WebSite","@id":"https:\/\/www.todoriego.com.ar\/site\/#website","url":"https:\/\/www.todoriego.com.ar\/site\/","name":"Todoriego Insumos SRL","description":"Sabemos hacer riego","publisher":{"@id":"https:\/\/www.todoriego.com.ar\/site\/#organization"},"potentialAction":[{"@type":"SearchAction","target":{"@type":"EntryPoint","urlTemplate":"https:\/\/www.todoriego.com.ar\/site\/?s={search_term_string}"},"query-input":{"@type":"PropertyValueSpecification","valueRequired":true,"valueName":"search_term_string"}}],"inLanguage":"es-AR"},{"@type":"Organization","@id":"https:\/\/www.todoriego.com.ar\/site\/#organization","name":"Todoriego Insumos s.r.l.","url":"https:\/\/www.todoriego.com.ar\/site\/","logo":{"@type":"ImageObject","inLanguage":"es-AR","@id":"https:\/\/www.todoriego.com.ar\/site\/#\/schema\/logo\/image\/","url":"http:\/\/www.todoriego.com.ar\/site\/wp-content\/uploads\/2022\/07\/todoriego_marca.jpg","contentUrl":"http:\/\/www.todoriego.com.ar\/site\/wp-content\/uploads\/2022\/07\/todoriego_marca.jpg","width":731,"height":731,"caption":"Todoriego Insumos s.r.l."},"image":{"@id":"https:\/\/www.todoriego.com.ar\/site\/#\/schema\/logo\/image\/"},"sameAs":["https:\/\/www.facebook.com\/todoriegoinsumos\/","https:\/\/www.instagram.com\/todoriegoinsumos\/"]}]}},"_links":{"self":[{"href":"https:\/\/www.todoriego.com.ar\/site\/wp-json\/wp\/v2\/product\/9087","targetHints":{"allow":["GET"]}}],"collection":[{"href":"https:\/\/www.todoriego.com.ar\/site\/wp-json\/wp\/v2\/product"}],"about":[{"href":"https:\/\/www.todoriego.com.ar\/site\/wp-json\/wp\/v2\/types\/product"}],"wp:featuredmedia":[{"embeddable":true,"href":"https:\/\/www.todoriego.com.ar\/site\/wp-json\/wp\/v2\/media\/9089"}],"wp:attachment":[{"href":"https:\/\/www.todoriego.com.ar\/site\/wp-json\/wp\/v2\/media?parent=9087"}],"wp:term":[{"taxonomy":"product_brand","embeddable":true,"href":"https:\/\/www.todoriego.com.ar\/site\/wp-json\/wp\/v2\/product_brand?post=9087"},{"taxonomy":"product_cat","embeddable":true,"href":"https:\/\/www.todoriego.com.ar\/site\/wp-json\/wp\/v2\/product_cat?post=9087"},{"taxonomy":"product_tag","embeddable":true,"href":"https:\/\/www.todoriego.com.ar\/site\/wp-json\/wp\/v2\/product_tag?post=9087"}],"curies":[{"name":"wp","href":"https:\/\/api.w.org\/{rel}","templated":true}]}}