{"id":9095,"date":"2022-08-31T14:22:01","date_gmt":"2022-08-31T17:22:01","guid":{"rendered":"http:\/\/www.todoriego.com.ar\/site\/?post_type=product&#038;p=9095"},"modified":"2022-08-31T16:07:50","modified_gmt":"2022-08-31T19:07:50","slug":"cartucho-iq-ncc","status":"publish","type":"product","link":"https:\/\/www.todoriego.com.ar\/site\/producto\/cartucho-iq-ncc\/","title":{"rendered":"Cartucho IQ NCC"},"content":{"rendered":"<p>Cartuchos de comunicaciones de red <strong>IQ NCC<\/strong><br \/>\nActualiza cualquier controlador de la serie ESP-LX a un controlador sat\u00e9lite de control central IQ<br \/>\nLos cartuchos de comunicaci\u00f3n de red actualizan los controladores independientes de las series ESP-LXME, ESP-LXMEF, ESP-LXD y ESP-LXIVM a controladores sat\u00e9lites IQ capaces de ser controlados por la plataforma IQ. El cartucho de comunicaciones se conecta a la parte posterior del panel frontal del controlador y proporciona el enlace de comunicaci\u00f3n entre el equipo inform\u00e1tico central de IQ y los controladores de emplazamientos remotos<\/p>\n<p><strong>Caracter\u00edsticas<\/strong><br \/>\n\u2022 IQ es la soluci\u00f3n perfecta de control de riego para parques, departamentos, distritos escolares, administradores de propiedades, contratistas de mantenimiento de jardines y directores de riego. IQ puede administrar sitios peque\u00f1os con un solo controlador y sitios grandes con varios controladores. Los cartuchos IQ NCC son compatibles con el programador ESP-LXME con capacidad de 1 a 48 estaciones, el programador decodificador ESP-LXD con capacidad de 1 a 200 estaciones, el programador ESP-LXIVM con capacidad de 1 a 60 estaciones y el ESP-LXIVM Pro con capacidad de 1 a 240 estaciones<br \/>\n\u2022 Los cartuchos IQ NCC se configuran inicialmente a trav\u00e9s de un asistente de configuraci\u00f3n incorporado en la posici\u00f3n del selector de Ajustes IQ del programador Serie ESP-LX. Los par\u00e1metros de ajuste de comunicaci\u00f3n se configuran a trav\u00e9s del software de IQ o el configurador de software de NCC, dise\u00f1ados para utilizarse en netbooks o port\u00e1tiles en el lugar de trabajo.<\/p>\n<p><strong>Sat\u00e9lites directos<\/strong><br \/>\n\u2022 En los emplazamientos con un solo controlador se debe usar un cartucho IQ NCC configurado como sat\u00e9lite directo. Un sat\u00e9lite directo tiene una conexi\u00f3n de comunicaciones con el equipo inform\u00e1tico central de IQ, pero no conexiones de red con otros sat\u00e9lites del sistema<\/p>\n<p><strong>Sat\u00e9lites servidores y clientes<\/strong><br \/>\n\u2022 En los sitios con varios controladores se debe usar un cartucho IQ NCC configurado como sat\u00e9lite servidor y los otros cartuchos NCC configurados como sat\u00e9lites cliente. El sat\u00e9lite servidor tiene una conexi\u00f3n de comunicaci\u00f3n con el equipo inform\u00e1tico central de IQ y comparte esta conexi\u00f3n de comunicaci\u00f3n con los sat\u00e9lites cliente a trav\u00e9s de un cable de datos de alta velocidad o por radio. La conexi\u00f3n de comunicaciones entre los sat\u00e9lites servidores y clientes recibe el nombre de IQNet\u2122.<br \/>\n\u2022 Los sat\u00e9lites de una IQNet com\u00fan comparten los sensores meteorol\u00f3gicos y las v\u00e1lvulas maestras.<br \/>\n\u2022 Los sat\u00e9lites servidores y clientes que usan el cable de datos de alta velocidad para la comunicaci\u00f3n en IQNet requieren la instalaci\u00f3n de un m\u00f3dulo de comunicaciones IQ CM. Los sat\u00e9lites servidores y clientes que usan comunicaci\u00f3n por radio para la comunicaci\u00f3n IQNet requieren la instalaci\u00f3n de una radio IQSSRADIO. Cada kit de cartucho incluye los cables para conectar el cartucho NCC al m\u00f3dulo de conexi\u00f3n y\/o a la radio.<\/p>\n","protected":false},"excerpt":{"rendered":"<p><img loading=\"lazy\" decoding=\"async\" class=\"alignnone size-full wp-image-8741\" src=\"https:\/\/www.todoriego.com.ar\/site\/wp-content\/uploads\/2022\/07\/rainbird.png\" alt=\"\" width=\"103\" height=\"50\" \/><br \/>\nEl cartucho de comunicaciones se conecta a la parte posterior del panel frontal del controlador y proporciona el enlace de comunicaci\u00f3n entre el equipo inform\u00e1tico central de IQ y los controladores de emplazamientos remotos<\/p>\n","protected":false},"featured_media":9096,"template":"","meta":{"_acf_changed":false},"product_brand":[],"product_cat":[39,110],"product_tag":[],"class_list":{"0":"post-9095","1":"product","2":"type-product","3":"status-publish","4":"has-post-thumbnail","6":"product_cat-espacios-verdes","7":"product_cat-controladores","9":"first","10":"instock","11":"shipping-taxable","12":"product-type-simple"},"acf":[],"yoast_head":"<!-- This site is optimized with the Yoast SEO plugin v27.4 - https:\/\/yoast.com\/product\/yoast-seo-wordpress\/ -->\n<title>Cartucho IQ NCC - Todoriego Insumos SRL<\/title>\n<meta name=\"description\" content=\"El cartucho IQ controla y proporciona el enlace de comunicaci\u00f3n entre el equipo inform\u00e1tico central de IQ y los controladores de emplazamientos remoto.\" \/>\n<meta name=\"robots\" content=\"index, follow, max-snippet:-1, max-image-preview:large, max-video-preview:-1\" \/>\n<link rel=\"canonical\" href=\"https:\/\/www.todoriego.com.ar\/site\/producto\/cartucho-iq-ncc\/\" \/>\n<meta property=\"og:locale\" content=\"es_ES\" \/>\n<meta property=\"og:type\" content=\"article\" \/>\n<meta property=\"og:title\" content=\"Cartucho IQ NCC - Todoriego Insumos SRL\" \/>\n<meta property=\"og:description\" content=\"El cartucho IQ controla y proporciona el enlace de comunicaci\u00f3n entre el equipo inform\u00e1tico central de IQ y los controladores de emplazamientos remoto.\" \/>\n<meta property=\"og:url\" content=\"https:\/\/www.todoriego.com.ar\/site\/producto\/cartucho-iq-ncc\/\" \/>\n<meta property=\"og:site_name\" content=\"Todoriego Insumos SRL\" \/>\n<meta property=\"article:publisher\" content=\"https:\/\/www.facebook.com\/todoriegoinsumos\/\" \/>\n<meta property=\"article:modified_time\" content=\"2022-08-31T19:07:50+00:00\" \/>\n<meta property=\"og:image\" content=\"https:\/\/www.todoriego.com.ar\/site\/wp-content\/uploads\/2022\/08\/RainBiard_IQ-NCC.jpg\" \/>\n\t<meta property=\"og:image:width\" content=\"600\" \/>\n\t<meta property=\"og:image:height\" content=\"600\" \/>\n\t<meta property=\"og:image:type\" content=\"image\/jpeg\" \/>\n<meta name=\"twitter:card\" content=\"summary_large_image\" \/>\n<meta name=\"twitter:label1\" content=\"Tiempo de lectura\" \/>\n\t<meta name=\"twitter:data1\" content=\"3 minutos\" \/>\n<script type=\"application\/ld+json\" class=\"yoast-schema-graph\">{\"@context\":\"https:\\\/\\\/schema.org\",\"@graph\":[{\"@type\":\"WebPage\",\"@id\":\"https:\\\/\\\/www.todoriego.com.ar\\\/site\\\/producto\\\/cartucho-iq-ncc\\\/\",\"url\":\"https:\\\/\\\/www.todoriego.com.ar\\\/site\\\/producto\\\/cartucho-iq-ncc\\\/\",\"name\":\"Cartucho IQ NCC - Todoriego Insumos SRL\",\"isPartOf\":{\"@id\":\"https:\\\/\\\/www.todoriego.com.ar\\\/site\\\/#website\"},\"primaryImageOfPage\":{\"@id\":\"https:\\\/\\\/www.todoriego.com.ar\\\/site\\\/producto\\\/cartucho-iq-ncc\\\/#primaryimage\"},\"image\":{\"@id\":\"https:\\\/\\\/www.todoriego.com.ar\\\/site\\\/producto\\\/cartucho-iq-ncc\\\/#primaryimage\"},\"thumbnailUrl\":\"https:\\\/\\\/www.todoriego.com.ar\\\/site\\\/wp-content\\\/uploads\\\/2022\\\/08\\\/RainBiard_IQ-NCC.jpg\",\"datePublished\":\"2022-08-31T17:22:01+00:00\",\"dateModified\":\"2022-08-31T19:07:50+00:00\",\"description\":\"El cartucho IQ controla y proporciona el enlace de comunicaci\u00f3n entre el equipo inform\u00e1tico central de IQ y los controladores de emplazamientos remoto.\",\"breadcrumb\":{\"@id\":\"https:\\\/\\\/www.todoriego.com.ar\\\/site\\\/producto\\\/cartucho-iq-ncc\\\/#breadcrumb\"},\"inLanguage\":\"es-AR\",\"potentialAction\":[{\"@type\":\"ReadAction\",\"target\":[\"https:\\\/\\\/www.todoriego.com.ar\\\/site\\\/producto\\\/cartucho-iq-ncc\\\/\"]}]},{\"@type\":\"ImageObject\",\"inLanguage\":\"es-AR\",\"@id\":\"https:\\\/\\\/www.todoriego.com.ar\\\/site\\\/producto\\\/cartucho-iq-ncc\\\/#primaryimage\",\"url\":\"https:\\\/\\\/www.todoriego.com.ar\\\/site\\\/wp-content\\\/uploads\\\/2022\\\/08\\\/RainBiard_IQ-NCC.jpg\",\"contentUrl\":\"https:\\\/\\\/www.todoriego.com.ar\\\/site\\\/wp-content\\\/uploads\\\/2022\\\/08\\\/RainBiard_IQ-NCC.jpg\",\"width\":600,\"height\":600},{\"@type\":\"BreadcrumbList\",\"@id\":\"https:\\\/\\\/www.todoriego.com.ar\\\/site\\\/producto\\\/cartucho-iq-ncc\\\/#breadcrumb\",\"itemListElement\":[{\"@type\":\"ListItem\",\"position\":1,\"name\":\"Inicio\",\"item\":\"https:\\\/\\\/www.todoriego.com.ar\\\/site\\\/\"},{\"@type\":\"ListItem\",\"position\":2,\"name\":\"Tienda\",\"item\":\"https:\\\/\\\/www.todoriego.com.ar\\\/site\\\/tienda\\\/\"},{\"@type\":\"ListItem\",\"position\":3,\"name\":\"Cartucho IQ NCC\"}]},{\"@type\":\"WebSite\",\"@id\":\"https:\\\/\\\/www.todoriego.com.ar\\\/site\\\/#website\",\"url\":\"https:\\\/\\\/www.todoriego.com.ar\\\/site\\\/\",\"name\":\"Todoriego Insumos SRL\",\"description\":\"Sabemos hacer riego\",\"publisher\":{\"@id\":\"https:\\\/\\\/www.todoriego.com.ar\\\/site\\\/#organization\"},\"potentialAction\":[{\"@type\":\"SearchAction\",\"target\":{\"@type\":\"EntryPoint\",\"urlTemplate\":\"https:\\\/\\\/www.todoriego.com.ar\\\/site\\\/?s={search_term_string}\"},\"query-input\":{\"@type\":\"PropertyValueSpecification\",\"valueRequired\":true,\"valueName\":\"search_term_string\"}}],\"inLanguage\":\"es-AR\"},{\"@type\":\"Organization\",\"@id\":\"https:\\\/\\\/www.todoriego.com.ar\\\/site\\\/#organization\",\"name\":\"Todoriego Insumos s.r.l.\",\"url\":\"https:\\\/\\\/www.todoriego.com.ar\\\/site\\\/\",\"logo\":{\"@type\":\"ImageObject\",\"inLanguage\":\"es-AR\",\"@id\":\"https:\\\/\\\/www.todoriego.com.ar\\\/site\\\/#\\\/schema\\\/logo\\\/image\\\/\",\"url\":\"http:\\\/\\\/www.todoriego.com.ar\\\/site\\\/wp-content\\\/uploads\\\/2022\\\/07\\\/todoriego_marca.jpg\",\"contentUrl\":\"http:\\\/\\\/www.todoriego.com.ar\\\/site\\\/wp-content\\\/uploads\\\/2022\\\/07\\\/todoriego_marca.jpg\",\"width\":731,\"height\":731,\"caption\":\"Todoriego Insumos s.r.l.\"},\"image\":{\"@id\":\"https:\\\/\\\/www.todoriego.com.ar\\\/site\\\/#\\\/schema\\\/logo\\\/image\\\/\"},\"sameAs\":[\"https:\\\/\\\/www.facebook.com\\\/todoriegoinsumos\\\/\",\"https:\\\/\\\/www.instagram.com\\\/todoriegoinsumos\\\/\"]}]}<\/script>\n<!-- \/ Yoast SEO plugin. -->","yoast_head_json":{"title":"Cartucho IQ NCC - Todoriego Insumos SRL","description":"El cartucho IQ controla y proporciona el enlace de comunicaci\u00f3n entre el equipo inform\u00e1tico central de IQ y los controladores de emplazamientos remoto.","robots":{"index":"index","follow":"follow","max-snippet":"max-snippet:-1","max-image-preview":"max-image-preview:large","max-video-preview":"max-video-preview:-1"},"canonical":"https:\/\/www.todoriego.com.ar\/site\/producto\/cartucho-iq-ncc\/","og_locale":"es_ES","og_type":"article","og_title":"Cartucho IQ NCC - Todoriego Insumos SRL","og_description":"El cartucho IQ controla y proporciona el enlace de comunicaci\u00f3n entre el equipo inform\u00e1tico central de IQ y los controladores de emplazamientos remoto.","og_url":"https:\/\/www.todoriego.com.ar\/site\/producto\/cartucho-iq-ncc\/","og_site_name":"Todoriego Insumos SRL","article_publisher":"https:\/\/www.facebook.com\/todoriegoinsumos\/","article_modified_time":"2022-08-31T19:07:50+00:00","og_image":[{"width":600,"height":600,"url":"https:\/\/www.todoriego.com.ar\/site\/wp-content\/uploads\/2022\/08\/RainBiard_IQ-NCC.jpg","type":"image\/jpeg"}],"twitter_card":"summary_large_image","twitter_misc":{"Tiempo de lectura":"3 minutos"},"schema":{"@context":"https:\/\/schema.org","@graph":[{"@type":"WebPage","@id":"https:\/\/www.todoriego.com.ar\/site\/producto\/cartucho-iq-ncc\/","url":"https:\/\/www.todoriego.com.ar\/site\/producto\/cartucho-iq-ncc\/","name":"Cartucho IQ NCC - Todoriego Insumos SRL","isPartOf":{"@id":"https:\/\/www.todoriego.com.ar\/site\/#website"},"primaryImageOfPage":{"@id":"https:\/\/www.todoriego.com.ar\/site\/producto\/cartucho-iq-ncc\/#primaryimage"},"image":{"@id":"https:\/\/www.todoriego.com.ar\/site\/producto\/cartucho-iq-ncc\/#primaryimage"},"thumbnailUrl":"https:\/\/www.todoriego.com.ar\/site\/wp-content\/uploads\/2022\/08\/RainBiard_IQ-NCC.jpg","datePublished":"2022-08-31T17:22:01+00:00","dateModified":"2022-08-31T19:07:50+00:00","description":"El cartucho IQ controla y proporciona el enlace de comunicaci\u00f3n entre el equipo inform\u00e1tico central de IQ y los controladores de emplazamientos remoto.","breadcrumb":{"@id":"https:\/\/www.todoriego.com.ar\/site\/producto\/cartucho-iq-ncc\/#breadcrumb"},"inLanguage":"es-AR","potentialAction":[{"@type":"ReadAction","target":["https:\/\/www.todoriego.com.ar\/site\/producto\/cartucho-iq-ncc\/"]}]},{"@type":"ImageObject","inLanguage":"es-AR","@id":"https:\/\/www.todoriego.com.ar\/site\/producto\/cartucho-iq-ncc\/#primaryimage","url":"https:\/\/www.todoriego.com.ar\/site\/wp-content\/uploads\/2022\/08\/RainBiard_IQ-NCC.jpg","contentUrl":"https:\/\/www.todoriego.com.ar\/site\/wp-content\/uploads\/2022\/08\/RainBiard_IQ-NCC.jpg","width":600,"height":600},{"@type":"BreadcrumbList","@id":"https:\/\/www.todoriego.com.ar\/site\/producto\/cartucho-iq-ncc\/#breadcrumb","itemListElement":[{"@type":"ListItem","position":1,"name":"Inicio","item":"https:\/\/www.todoriego.com.ar\/site\/"},{"@type":"ListItem","position":2,"name":"Tienda","item":"https:\/\/www.todoriego.com.ar\/site\/tienda\/"},{"@type":"ListItem","position":3,"name":"Cartucho IQ NCC"}]},{"@type":"WebSite","@id":"https:\/\/www.todoriego.com.ar\/site\/#website","url":"https:\/\/www.todoriego.com.ar\/site\/","name":"Todoriego Insumos SRL","description":"Sabemos hacer riego","publisher":{"@id":"https:\/\/www.todoriego.com.ar\/site\/#organization"},"potentialAction":[{"@type":"SearchAction","target":{"@type":"EntryPoint","urlTemplate":"https:\/\/www.todoriego.com.ar\/site\/?s={search_term_string}"},"query-input":{"@type":"PropertyValueSpecification","valueRequired":true,"valueName":"search_term_string"}}],"inLanguage":"es-AR"},{"@type":"Organization","@id":"https:\/\/www.todoriego.com.ar\/site\/#organization","name":"Todoriego Insumos s.r.l.","url":"https:\/\/www.todoriego.com.ar\/site\/","logo":{"@type":"ImageObject","inLanguage":"es-AR","@id":"https:\/\/www.todoriego.com.ar\/site\/#\/schema\/logo\/image\/","url":"http:\/\/www.todoriego.com.ar\/site\/wp-content\/uploads\/2022\/07\/todoriego_marca.jpg","contentUrl":"http:\/\/www.todoriego.com.ar\/site\/wp-content\/uploads\/2022\/07\/todoriego_marca.jpg","width":731,"height":731,"caption":"Todoriego Insumos s.r.l."},"image":{"@id":"https:\/\/www.todoriego.com.ar\/site\/#\/schema\/logo\/image\/"},"sameAs":["https:\/\/www.facebook.com\/todoriegoinsumos\/","https:\/\/www.instagram.com\/todoriegoinsumos\/"]}]}},"_links":{"self":[{"href":"https:\/\/www.todoriego.com.ar\/site\/wp-json\/wp\/v2\/product\/9095","targetHints":{"allow":["GET"]}}],"collection":[{"href":"https:\/\/www.todoriego.com.ar\/site\/wp-json\/wp\/v2\/product"}],"about":[{"href":"https:\/\/www.todoriego.com.ar\/site\/wp-json\/wp\/v2\/types\/product"}],"wp:featuredmedia":[{"embeddable":true,"href":"https:\/\/www.todoriego.com.ar\/site\/wp-json\/wp\/v2\/media\/9096"}],"wp:attachment":[{"href":"https:\/\/www.todoriego.com.ar\/site\/wp-json\/wp\/v2\/media?parent=9095"}],"wp:term":[{"taxonomy":"product_brand","embeddable":true,"href":"https:\/\/www.todoriego.com.ar\/site\/wp-json\/wp\/v2\/product_brand?post=9095"},{"taxonomy":"product_cat","embeddable":true,"href":"https:\/\/www.todoriego.com.ar\/site\/wp-json\/wp\/v2\/product_cat?post=9095"},{"taxonomy":"product_tag","embeddable":true,"href":"https:\/\/www.todoriego.com.ar\/site\/wp-json\/wp\/v2\/product_tag?post=9095"}],"curies":[{"name":"wp","href":"https:\/\/api.w.org\/{rel}","templated":true}]}}