{"id":9097,"date":"2022-08-31T15:58:33","date_gmt":"2022-08-31T18:58:33","guid":{"rendered":"http:\/\/www.todoriego.com.ar\/site\/?post_type=product&#038;p=9097"},"modified":"2024-05-28T15:57:58","modified_gmt":"2024-05-28T18:57:58","slug":"programador-de-canilla-1zehtmr","status":"publish","type":"product","link":"https:\/\/www.todoriego.com.ar\/site\/producto\/programador-de-canilla-1zehtmr\/","title":{"rendered":"Programador 1ZEHTMR"},"content":{"rendered":"<p>Programador de riego tipo canilla para exteriores <strong>1ZEHTMR<\/strong> Rain Bird<br \/>\nProgramador para canilla 3\/4\u2033 digital f\u00e1cil de usar permite automatizar el riego de aspersi\u00f3n, riego por goteo o tuber\u00edas exudantes. Adem\u00e1s de una fiable resistencia para uso exterior durante toda la temporada, este programador de calidad profesional ofrece funciones sofisticadas que facilitan la gesti\u00f3n del riego. Usa 2 pilas alcalinas AA de 1,5 V (no incluidas)<\/p>\n<p><strong>Caracter\u00edsticas<\/strong><br \/>\n\u2022 Una pantalla m\u00e1s grande y un mando de programaci\u00f3n permiten establecer y revisar f\u00e1cilmente los programas de riego.<br \/>\n\u2022 Cuando est\u00e1 en funcionamiento, la pantalla muestra el estado del programa, as\u00ed como el siguiente riego programado y el tiempo restante del riego actual.<br \/>\n\u2022 Ofrece caracter\u00edsticas avanzadas, como la programaci\u00f3n de hasta dos riegos al d\u00eda, cualquier d\u00eda, de la semana, adem\u00e1s de botones para \u201cregar ahora\u201d y \u201ccancelar\u201d que permiten anular los programas si es necesario.<br \/>\n\u2022 Ideal para su uso con goteros Rain Bird o cualquier aspersor o difusor. Permite automatizar el riego en cualquier parte del jard\u00edn: huertos, parterres, superficies reci\u00e9n sembradas o c\u00e9sped.<\/p>\n<p><strong>Especificaciones<\/strong><br \/>\n\u2022 La configuraci\u00f3n digital permite adaptar los programas para obtener mejores resultados con menor consumo de agua<br \/>\n\u2022 El riego programado hasta dos veces al d\u00eda permite ejecutar el riego incluso terrenos en pendiente o suelo arcilloso<br \/>\n\u2022 La programaci\u00f3n por d\u00eda de la semana permite respetar las restricciones de agua<br \/>\n\u2022 Botones de anulaci\u00f3n instant\u00e1nea para Retraso por lluvia (cancelar riego) y Regar ahora (riego manual)<br \/>\n\u2022 Tambi\u00e9n se puede establecer un retraso espec\u00edfico por lluvia de hasta 96 horas sin que afecte al programa almacenado<br \/>\n\u2022 Pantalla grande que permite ver toda la configuraci\u00f3n de un vistazo.<br \/>\n\u2022 Duraci\u00f3n del tiempo de riego: de 1 minuto a 6 horas<br \/>\n\u2022 N\u00famero de estaci\u00f3n: 1<br \/>\n\u2022 Entrada roscada hembra de \u00be\u201d (BSP)<br \/>\n\u2022 Salida roscada macho de \u00be\u201d (BSP)<br \/>\n\u2022 Dise\u00f1ado para uso exterior con agua fr\u00eda \u00fanicamente.<br \/>\n\u2022 Presi\u00f3n de agua en funcionamiento: 1 bar (m\u00ednima) \u2013 6 bares (m\u00e1xima)<br \/>\n\u2022 Temperatura de funcionamiento: proteger de heladas; temperatura m\u00e1xima: 43\u00b0<br \/>\n\u2022 Usa 2 pilas alcalinas AA de 1,5 V (no incluidas)<\/p>\n","protected":false},"excerpt":{"rendered":"<p><img loading=\"lazy\" decoding=\"async\" class=\"alignnone size-full wp-image-8741\" src=\"https:\/\/www.todoriego.com.ar\/site\/wp-content\/uploads\/2022\/07\/rainbird.png\" alt=\"\" width=\"103\" height=\"50\" \/><br \/>\nProgramador para canilla 3\/4\u2033 digital f\u00e1cil de usar permite automatizar el riego de aspersi\u00f3n, riego por goteo o tuber\u00edas exudantes.<\/p>\n","protected":false},"featured_media":9098,"template":"","meta":{"_acf_changed":false},"product_brand":[],"product_cat":[39,111],"product_tag":[],"class_list":{"0":"post-9097","1":"product","2":"type-product","3":"status-publish","4":"has-post-thumbnail","6":"product_cat-espacios-verdes","7":"product_cat-programadores-de-canilla","9":"first","10":"instock","11":"featured","12":"shipping-taxable","13":"product-type-simple"},"acf":[],"yoast_head":"<!-- This site is optimized with the Yoast SEO plugin v27.1.1 - https:\/\/yoast.com\/product\/yoast-seo-wordpress\/ -->\n<title>Programador 1ZEHTMR - Todoriego Insumos SRL<\/title>\n<meta name=\"description\" content=\"Programador para canilla 3\/4\u2033 digital f\u00e1cil de usar permite automatizar el riego de aspersi\u00f3n, riego por goteo o tuber\u00edas exudantes.\" \/>\n<meta name=\"robots\" content=\"index, follow, max-snippet:-1, max-image-preview:large, max-video-preview:-1\" \/>\n<link rel=\"canonical\" href=\"https:\/\/www.todoriego.com.ar\/site\/producto\/programador-de-canilla-1zehtmr\/\" \/>\n<meta property=\"og:locale\" content=\"es_ES\" \/>\n<meta property=\"og:type\" content=\"article\" \/>\n<meta property=\"og:title\" content=\"Programador 1ZEHTMR - Todoriego Insumos SRL\" \/>\n<meta property=\"og:description\" content=\"Programador para canilla 3\/4\u2033 digital f\u00e1cil de usar permite automatizar el riego de aspersi\u00f3n, riego por goteo o tuber\u00edas exudantes.\" \/>\n<meta property=\"og:url\" content=\"https:\/\/www.todoriego.com.ar\/site\/producto\/programador-de-canilla-1zehtmr\/\" \/>\n<meta property=\"og:site_name\" content=\"Todoriego Insumos SRL\" \/>\n<meta property=\"article:publisher\" content=\"https:\/\/www.facebook.com\/todoriegoinsumos\/\" \/>\n<meta property=\"article:modified_time\" content=\"2024-05-28T18:57:58+00:00\" \/>\n<meta property=\"og:image\" content=\"https:\/\/www.todoriego.com.ar\/site\/wp-content\/uploads\/2022\/08\/RainBiard_ProgramadorCanilla_1ZEHTMR.jpg\" \/>\n\t<meta property=\"og:image:width\" content=\"600\" \/>\n\t<meta property=\"og:image:height\" content=\"600\" \/>\n\t<meta property=\"og:image:type\" content=\"image\/jpeg\" \/>\n<meta name=\"twitter:card\" content=\"summary_large_image\" \/>\n<meta name=\"twitter:label1\" content=\"Tiempo de lectura\" \/>\n\t<meta name=\"twitter:data1\" content=\"2 minutos\" \/>\n<script type=\"application\/ld+json\" class=\"yoast-schema-graph\">{\"@context\":\"https:\/\/schema.org\",\"@graph\":[{\"@type\":\"WebPage\",\"@id\":\"https:\/\/www.todoriego.com.ar\/site\/producto\/programador-de-canilla-1zehtmr\/\",\"url\":\"https:\/\/www.todoriego.com.ar\/site\/producto\/programador-de-canilla-1zehtmr\/\",\"name\":\"Programador 1ZEHTMR - Todoriego Insumos SRL\",\"isPartOf\":{\"@id\":\"https:\/\/www.todoriego.com.ar\/site\/#website\"},\"primaryImageOfPage\":{\"@id\":\"https:\/\/www.todoriego.com.ar\/site\/producto\/programador-de-canilla-1zehtmr\/#primaryimage\"},\"image\":{\"@id\":\"https:\/\/www.todoriego.com.ar\/site\/producto\/programador-de-canilla-1zehtmr\/#primaryimage\"},\"thumbnailUrl\":\"https:\/\/www.todoriego.com.ar\/site\/wp-content\/uploads\/2022\/08\/RainBiard_ProgramadorCanilla_1ZEHTMR.jpg\",\"datePublished\":\"2022-08-31T18:58:33+00:00\",\"dateModified\":\"2024-05-28T18:57:58+00:00\",\"description\":\"Programador para canilla 3\/4\u2033 digital f\u00e1cil de usar permite automatizar el riego de aspersi\u00f3n, riego por goteo o tuber\u00edas exudantes.\",\"breadcrumb\":{\"@id\":\"https:\/\/www.todoriego.com.ar\/site\/producto\/programador-de-canilla-1zehtmr\/#breadcrumb\"},\"inLanguage\":\"es-AR\",\"potentialAction\":[{\"@type\":\"ReadAction\",\"target\":[\"https:\/\/www.todoriego.com.ar\/site\/producto\/programador-de-canilla-1zehtmr\/\"]}]},{\"@type\":\"ImageObject\",\"inLanguage\":\"es-AR\",\"@id\":\"https:\/\/www.todoriego.com.ar\/site\/producto\/programador-de-canilla-1zehtmr\/#primaryimage\",\"url\":\"https:\/\/www.todoriego.com.ar\/site\/wp-content\/uploads\/2022\/08\/RainBiard_ProgramadorCanilla_1ZEHTMR.jpg\",\"contentUrl\":\"https:\/\/www.todoriego.com.ar\/site\/wp-content\/uploads\/2022\/08\/RainBiard_ProgramadorCanilla_1ZEHTMR.jpg\",\"width\":600,\"height\":600},{\"@type\":\"BreadcrumbList\",\"@id\":\"https:\/\/www.todoriego.com.ar\/site\/producto\/programador-de-canilla-1zehtmr\/#breadcrumb\",\"itemListElement\":[{\"@type\":\"ListItem\",\"position\":1,\"name\":\"Inicio\",\"item\":\"https:\/\/www.todoriego.com.ar\/site\/\"},{\"@type\":\"ListItem\",\"position\":2,\"name\":\"Tienda\",\"item\":\"https:\/\/www.todoriego.com.ar\/site\/tienda\/\"},{\"@type\":\"ListItem\",\"position\":3,\"name\":\"Programador 1ZEHTMR\"}]},{\"@type\":\"WebSite\",\"@id\":\"https:\/\/www.todoriego.com.ar\/site\/#website\",\"url\":\"https:\/\/www.todoriego.com.ar\/site\/\",\"name\":\"Todoriego Insumos SRL\",\"description\":\"Sabemos hacer riego\",\"publisher\":{\"@id\":\"https:\/\/www.todoriego.com.ar\/site\/#organization\"},\"potentialAction\":[{\"@type\":\"SearchAction\",\"target\":{\"@type\":\"EntryPoint\",\"urlTemplate\":\"https:\/\/www.todoriego.com.ar\/site\/?s={search_term_string}\"},\"query-input\":{\"@type\":\"PropertyValueSpecification\",\"valueRequired\":true,\"valueName\":\"search_term_string\"}}],\"inLanguage\":\"es-AR\"},{\"@type\":\"Organization\",\"@id\":\"https:\/\/www.todoriego.com.ar\/site\/#organization\",\"name\":\"Todoriego Insumos s.r.l.\",\"url\":\"https:\/\/www.todoriego.com.ar\/site\/\",\"logo\":{\"@type\":\"ImageObject\",\"inLanguage\":\"es-AR\",\"@id\":\"https:\/\/www.todoriego.com.ar\/site\/#\/schema\/logo\/image\/\",\"url\":\"http:\/\/www.todoriego.com.ar\/site\/wp-content\/uploads\/2022\/07\/todoriego_marca.jpg\",\"contentUrl\":\"http:\/\/www.todoriego.com.ar\/site\/wp-content\/uploads\/2022\/07\/todoriego_marca.jpg\",\"width\":731,\"height\":731,\"caption\":\"Todoriego Insumos s.r.l.\"},\"image\":{\"@id\":\"https:\/\/www.todoriego.com.ar\/site\/#\/schema\/logo\/image\/\"},\"sameAs\":[\"https:\/\/www.facebook.com\/todoriegoinsumos\/\",\"https:\/\/www.instagram.com\/todoriegoinsumos\/\"]}]}<\/script>\n<!-- \/ Yoast SEO plugin. -->","yoast_head_json":{"title":"Programador 1ZEHTMR - Todoriego Insumos SRL","description":"Programador para canilla 3\/4\u2033 digital f\u00e1cil de usar permite automatizar el riego de aspersi\u00f3n, riego por goteo o tuber\u00edas exudantes.","robots":{"index":"index","follow":"follow","max-snippet":"max-snippet:-1","max-image-preview":"max-image-preview:large","max-video-preview":"max-video-preview:-1"},"canonical":"https:\/\/www.todoriego.com.ar\/site\/producto\/programador-de-canilla-1zehtmr\/","og_locale":"es_ES","og_type":"article","og_title":"Programador 1ZEHTMR - Todoriego Insumos SRL","og_description":"Programador para canilla 3\/4\u2033 digital f\u00e1cil de usar permite automatizar el riego de aspersi\u00f3n, riego por goteo o tuber\u00edas exudantes.","og_url":"https:\/\/www.todoriego.com.ar\/site\/producto\/programador-de-canilla-1zehtmr\/","og_site_name":"Todoriego Insumos SRL","article_publisher":"https:\/\/www.facebook.com\/todoriegoinsumos\/","article_modified_time":"2024-05-28T18:57:58+00:00","og_image":[{"width":600,"height":600,"url":"https:\/\/www.todoriego.com.ar\/site\/wp-content\/uploads\/2022\/08\/RainBiard_ProgramadorCanilla_1ZEHTMR.jpg","type":"image\/jpeg"}],"twitter_card":"summary_large_image","twitter_misc":{"Tiempo de lectura":"2 minutos"},"schema":{"@context":"https:\/\/schema.org","@graph":[{"@type":"WebPage","@id":"https:\/\/www.todoriego.com.ar\/site\/producto\/programador-de-canilla-1zehtmr\/","url":"https:\/\/www.todoriego.com.ar\/site\/producto\/programador-de-canilla-1zehtmr\/","name":"Programador 1ZEHTMR - Todoriego Insumos SRL","isPartOf":{"@id":"https:\/\/www.todoriego.com.ar\/site\/#website"},"primaryImageOfPage":{"@id":"https:\/\/www.todoriego.com.ar\/site\/producto\/programador-de-canilla-1zehtmr\/#primaryimage"},"image":{"@id":"https:\/\/www.todoriego.com.ar\/site\/producto\/programador-de-canilla-1zehtmr\/#primaryimage"},"thumbnailUrl":"https:\/\/www.todoriego.com.ar\/site\/wp-content\/uploads\/2022\/08\/RainBiard_ProgramadorCanilla_1ZEHTMR.jpg","datePublished":"2022-08-31T18:58:33+00:00","dateModified":"2024-05-28T18:57:58+00:00","description":"Programador para canilla 3\/4\u2033 digital f\u00e1cil de usar permite automatizar el riego de aspersi\u00f3n, riego por goteo o tuber\u00edas exudantes.","breadcrumb":{"@id":"https:\/\/www.todoriego.com.ar\/site\/producto\/programador-de-canilla-1zehtmr\/#breadcrumb"},"inLanguage":"es-AR","potentialAction":[{"@type":"ReadAction","target":["https:\/\/www.todoriego.com.ar\/site\/producto\/programador-de-canilla-1zehtmr\/"]}]},{"@type":"ImageObject","inLanguage":"es-AR","@id":"https:\/\/www.todoriego.com.ar\/site\/producto\/programador-de-canilla-1zehtmr\/#primaryimage","url":"https:\/\/www.todoriego.com.ar\/site\/wp-content\/uploads\/2022\/08\/RainBiard_ProgramadorCanilla_1ZEHTMR.jpg","contentUrl":"https:\/\/www.todoriego.com.ar\/site\/wp-content\/uploads\/2022\/08\/RainBiard_ProgramadorCanilla_1ZEHTMR.jpg","width":600,"height":600},{"@type":"BreadcrumbList","@id":"https:\/\/www.todoriego.com.ar\/site\/producto\/programador-de-canilla-1zehtmr\/#breadcrumb","itemListElement":[{"@type":"ListItem","position":1,"name":"Inicio","item":"https:\/\/www.todoriego.com.ar\/site\/"},{"@type":"ListItem","position":2,"name":"Tienda","item":"https:\/\/www.todoriego.com.ar\/site\/tienda\/"},{"@type":"ListItem","position":3,"name":"Programador 1ZEHTMR"}]},{"@type":"WebSite","@id":"https:\/\/www.todoriego.com.ar\/site\/#website","url":"https:\/\/www.todoriego.com.ar\/site\/","name":"Todoriego Insumos SRL","description":"Sabemos hacer riego","publisher":{"@id":"https:\/\/www.todoriego.com.ar\/site\/#organization"},"potentialAction":[{"@type":"SearchAction","target":{"@type":"EntryPoint","urlTemplate":"https:\/\/www.todoriego.com.ar\/site\/?s={search_term_string}"},"query-input":{"@type":"PropertyValueSpecification","valueRequired":true,"valueName":"search_term_string"}}],"inLanguage":"es-AR"},{"@type":"Organization","@id":"https:\/\/www.todoriego.com.ar\/site\/#organization","name":"Todoriego Insumos s.r.l.","url":"https:\/\/www.todoriego.com.ar\/site\/","logo":{"@type":"ImageObject","inLanguage":"es-AR","@id":"https:\/\/www.todoriego.com.ar\/site\/#\/schema\/logo\/image\/","url":"http:\/\/www.todoriego.com.ar\/site\/wp-content\/uploads\/2022\/07\/todoriego_marca.jpg","contentUrl":"http:\/\/www.todoriego.com.ar\/site\/wp-content\/uploads\/2022\/07\/todoriego_marca.jpg","width":731,"height":731,"caption":"Todoriego Insumos s.r.l."},"image":{"@id":"https:\/\/www.todoriego.com.ar\/site\/#\/schema\/logo\/image\/"},"sameAs":["https:\/\/www.facebook.com\/todoriegoinsumos\/","https:\/\/www.instagram.com\/todoriegoinsumos\/"]}]}},"_links":{"self":[{"href":"https:\/\/www.todoriego.com.ar\/site\/wp-json\/wp\/v2\/product\/9097","targetHints":{"allow":["GET"]}}],"collection":[{"href":"https:\/\/www.todoriego.com.ar\/site\/wp-json\/wp\/v2\/product"}],"about":[{"href":"https:\/\/www.todoriego.com.ar\/site\/wp-json\/wp\/v2\/types\/product"}],"wp:featuredmedia":[{"embeddable":true,"href":"https:\/\/www.todoriego.com.ar\/site\/wp-json\/wp\/v2\/media\/9098"}],"wp:attachment":[{"href":"https:\/\/www.todoriego.com.ar\/site\/wp-json\/wp\/v2\/media?parent=9097"}],"wp:term":[{"taxonomy":"product_brand","embeddable":true,"href":"https:\/\/www.todoriego.com.ar\/site\/wp-json\/wp\/v2\/product_brand?post=9097"},{"taxonomy":"product_cat","embeddable":true,"href":"https:\/\/www.todoriego.com.ar\/site\/wp-json\/wp\/v2\/product_cat?post=9097"},{"taxonomy":"product_tag","embeddable":true,"href":"https:\/\/www.todoriego.com.ar\/site\/wp-json\/wp\/v2\/product_tag?post=9097"}],"curies":[{"name":"wp","href":"https:\/\/api.w.org\/{rel}","templated":true}]}}