{"id":9099,"date":"2022-08-31T16:26:06","date_gmt":"2022-08-31T19:26:06","guid":{"rendered":"http:\/\/www.todoriego.com.ar\/site\/?post_type=product&#038;p=9099"},"modified":"2024-05-28T15:57:54","modified_gmt":"2024-05-28T18:57:54","slug":"controlador-green-app","status":"publish","type":"product","link":"https:\/\/www.todoriego.com.ar\/site\/producto\/controlador-green-app\/","title":{"rendered":"Controlar GreenApp"},"content":{"rendered":"<p>V\u00e1lvula de riego inteligente <strong>GreenApp\u2122<\/strong><br \/>\n\u00bfListos para sentarnos c\u00f3modamente y manejar el riego desde el m\u00f3vil? <strong>GreenApp\u2122<\/strong> de BERMAD es un controlador de riego de una sola estaci\u00f3n equipado con Bluetooth, inteligente, flexible y f\u00e1cil de usar, que se integra con un actuador de solenoide para su instalaci\u00f3n sencilla y compacta sobre cualquier v\u00e1lvula de control. El riego y la jardiner\u00eda son ahora mucho m\u00e1s f\u00e1ciles. Con <strong>GreenApp\u2122<\/strong> de <em>BERMAD<\/em>, es posible conectarse con una aplicaci\u00f3n c\u00f3moda para el usuario (Android o IOS) y manejar el riego desde un tel\u00e9fono inteligente o una tableta. \u00a1Qu\u00e9 confortable es!<\/p>\n<p><img loading=\"lazy\" decoding=\"async\" class=\"alignnone size-medium wp-image-9082\" src=\"https:\/\/www.todoriego.com.ar\/site\/wp-content\/uploads\/2022\/08\/RainBird_LNK-wifi_app-300x47.jpg\" alt=\"\" width=\"300\" height=\"47\" srcset=\"https:\/\/www.todoriego.com.ar\/site\/wp-content\/uploads\/2022\/08\/RainBird_LNK-wifi_app-300x47.jpg 300w, https:\/\/www.todoriego.com.ar\/site\/wp-content\/uploads\/2022\/08\/RainBird_LNK-wifi_app.jpg 600w\" sizes=\"auto, (max-width: 300px) 100vw, 300px\" \/><\/p>\n<p><strong>F\u05ba\u00e1cil de instalar, de operaci\u00f3n sencilla<\/strong><br \/>\nInstale s\u00f3lo la v\u00e1lvula \u2013 el controlador ya est\u00e1 incluido<br \/>\nIntuitivo \u2013 la aplicaci\u00f3n intuitiva facilita la programaci\u00f3n<br \/>\n<strong>L\u05baa soluci\u00f3n perfecta para instalar en cajas disimuladas o subterr\u00e1neas<\/strong><br \/>\nCambio de par\u00e1metros para 10-30m; 30-90 pies<br \/>\nSin cables ni pantallas \u2013 el teclado se lleva en el bolsillo<br \/>\nTotalmente impermeable IP68<br \/>\nDuradero en todas las condiciones ambientales<br \/>\n\u05ba<strong>B\u05baajo consumo de energ\u00eda<\/strong><br \/>\nDos bater\u00edas AA est\u00e1ndar de 1.5 voltios<br \/>\nLa comunicaci\u00f3n Bluetooth 4.0 requiere energ\u00eda ultra-baja<br \/>\nHasta 3 a\u00f1os de operaci\u00f3n continua<br \/>\n<strong>C\u05baontrol de los ciclos de riego por d\u00edas y horas<\/strong><br \/>\nDuraci\u00f3n del riego de 1 minuto a 24 horas<br \/>\nProgramaci\u00f3n semanal y por ciclos<br \/>\nOpci\u00f3n de nombrar y manejar varios controladores<br \/>\n<strong>O\u05baperaciones manuales<\/strong><br \/>\nMando de operaci\u00f3n manual TRIO de 3 posiciones: Abrir, Autom\u00e1tica, Cerrar<br \/>\nDefinici\u00f3n manual de caudal m\u00e1ximo<\/p>\n<p><strong>Aplicaciones t\u00edpicas del producto<\/strong><br \/>\n\u2022 V\u05ba\u00e1lvulas de riego por goteo, aspersi\u00f3n y microaspersi\u00f3n para la agricultura<br \/>\n\u2022 S\u05baistemas de riego por goteo, aspersi\u00f3n y microaspersi\u00f3n para jardiner\u00eda y paisajismo<br \/>\n\u2022 R\u05baiego de tiestos y macetas<br \/>\n\u2022 S\u05baistemas para terrazas y balcones<br \/>\n\u2022 R\u05baiego de islas de tr\u00e1fico en carreteras y v\u00edas p\u00fablicas<\/p>\n","protected":false},"excerpt":{"rendered":"<p><img loading=\"lazy\" decoding=\"async\" class=\"alignnone size-full wp-image-8730\" src=\"https:\/\/www.todoriego.com.ar\/site\/wp-content\/uploads\/2022\/07\/bermad.png\" alt=\"bermad\" width=\"103\" height=\"50\" \/><br \/>\n<strong>GreenApp\u2122<\/strong> de BERMAD es un controlador de riego de una sola estaci\u00f3n equipado con Bluetooth, inteligente, flexible y f\u00e1cil de usar, que se integra con un actuador de solenoide para su instalaci\u00f3n sencilla y compacta sobre cualquier v\u00e1lvula de control.<\/p>\n","protected":false},"featured_media":9100,"template":"","meta":{"_acf_changed":false},"product_brand":[],"product_cat":[39,111],"product_tag":[],"class_list":{"0":"post-9099","1":"product","2":"type-product","3":"status-publish","4":"has-post-thumbnail","6":"product_cat-espacios-verdes","7":"product_cat-programadores-de-canilla","9":"first","10":"instock","11":"featured","12":"shipping-taxable","13":"product-type-simple"},"acf":[],"yoast_head":"<!-- This site is optimized with the Yoast SEO plugin v27.4 - https:\/\/yoast.com\/product\/yoast-seo-wordpress\/ -->\n<title>Controlar GreenApp - Todoriego Insumos SRL<\/title>\n<meta name=\"description\" content=\"GreenApp\u2122 de Bermad es un controlador de riego de 1 estaci\u00f3n con Bluetooth, que se integra con un actuador de solenoide para su instalaci\u00f3n sencilla.\" \/>\n<meta name=\"robots\" content=\"index, follow, max-snippet:-1, max-image-preview:large, max-video-preview:-1\" \/>\n<link rel=\"canonical\" href=\"https:\/\/www.todoriego.com.ar\/site\/producto\/controlador-green-app\/\" \/>\n<meta property=\"og:locale\" content=\"es_ES\" \/>\n<meta property=\"og:type\" content=\"article\" \/>\n<meta property=\"og:title\" content=\"Controlar GreenApp - Todoriego Insumos SRL\" \/>\n<meta property=\"og:description\" content=\"GreenApp\u2122 de Bermad es un controlador de riego de 1 estaci\u00f3n con Bluetooth, que se integra con un actuador de solenoide para su instalaci\u00f3n sencilla.\" \/>\n<meta property=\"og:url\" content=\"https:\/\/www.todoriego.com.ar\/site\/producto\/controlador-green-app\/\" \/>\n<meta property=\"og:site_name\" content=\"Todoriego Insumos SRL\" \/>\n<meta property=\"article:publisher\" content=\"https:\/\/www.facebook.com\/todoriegoinsumos\/\" \/>\n<meta property=\"article:modified_time\" content=\"2024-05-28T18:57:54+00:00\" \/>\n<meta property=\"og:image\" content=\"https:\/\/www.todoriego.com.ar\/site\/wp-content\/uploads\/2022\/08\/Bermad_GreenApp.jpg\" \/>\n\t<meta property=\"og:image:width\" content=\"600\" \/>\n\t<meta property=\"og:image:height\" content=\"600\" \/>\n\t<meta property=\"og:image:type\" content=\"image\/jpeg\" \/>\n<meta name=\"twitter:card\" content=\"summary_large_image\" \/>\n<meta name=\"twitter:label1\" content=\"Tiempo de lectura\" \/>\n\t<meta name=\"twitter:data1\" content=\"2 minutos\" \/>\n<script type=\"application\/ld+json\" class=\"yoast-schema-graph\">{\"@context\":\"https:\\\/\\\/schema.org\",\"@graph\":[{\"@type\":\"WebPage\",\"@id\":\"https:\\\/\\\/www.todoriego.com.ar\\\/site\\\/producto\\\/controlador-green-app\\\/\",\"url\":\"https:\\\/\\\/www.todoriego.com.ar\\\/site\\\/producto\\\/controlador-green-app\\\/\",\"name\":\"Controlar GreenApp - Todoriego Insumos SRL\",\"isPartOf\":{\"@id\":\"https:\\\/\\\/www.todoriego.com.ar\\\/site\\\/#website\"},\"primaryImageOfPage\":{\"@id\":\"https:\\\/\\\/www.todoriego.com.ar\\\/site\\\/producto\\\/controlador-green-app\\\/#primaryimage\"},\"image\":{\"@id\":\"https:\\\/\\\/www.todoriego.com.ar\\\/site\\\/producto\\\/controlador-green-app\\\/#primaryimage\"},\"thumbnailUrl\":\"https:\\\/\\\/www.todoriego.com.ar\\\/site\\\/wp-content\\\/uploads\\\/2022\\\/08\\\/Bermad_GreenApp.jpg\",\"datePublished\":\"2022-08-31T19:26:06+00:00\",\"dateModified\":\"2024-05-28T18:57:54+00:00\",\"description\":\"GreenApp\u2122 de Bermad es un controlador de riego de 1 estaci\u00f3n con Bluetooth, que se integra con un actuador de solenoide para su instalaci\u00f3n sencilla.\",\"breadcrumb\":{\"@id\":\"https:\\\/\\\/www.todoriego.com.ar\\\/site\\\/producto\\\/controlador-green-app\\\/#breadcrumb\"},\"inLanguage\":\"es-AR\",\"potentialAction\":[{\"@type\":\"ReadAction\",\"target\":[\"https:\\\/\\\/www.todoriego.com.ar\\\/site\\\/producto\\\/controlador-green-app\\\/\"]}]},{\"@type\":\"ImageObject\",\"inLanguage\":\"es-AR\",\"@id\":\"https:\\\/\\\/www.todoriego.com.ar\\\/site\\\/producto\\\/controlador-green-app\\\/#primaryimage\",\"url\":\"https:\\\/\\\/www.todoriego.com.ar\\\/site\\\/wp-content\\\/uploads\\\/2022\\\/08\\\/Bermad_GreenApp.jpg\",\"contentUrl\":\"https:\\\/\\\/www.todoriego.com.ar\\\/site\\\/wp-content\\\/uploads\\\/2022\\\/08\\\/Bermad_GreenApp.jpg\",\"width\":600,\"height\":600},{\"@type\":\"BreadcrumbList\",\"@id\":\"https:\\\/\\\/www.todoriego.com.ar\\\/site\\\/producto\\\/controlador-green-app\\\/#breadcrumb\",\"itemListElement\":[{\"@type\":\"ListItem\",\"position\":1,\"name\":\"Inicio\",\"item\":\"https:\\\/\\\/www.todoriego.com.ar\\\/site\\\/\"},{\"@type\":\"ListItem\",\"position\":2,\"name\":\"Tienda\",\"item\":\"https:\\\/\\\/www.todoriego.com.ar\\\/site\\\/tienda\\\/\"},{\"@type\":\"ListItem\",\"position\":3,\"name\":\"Controlar GreenApp\"}]},{\"@type\":\"WebSite\",\"@id\":\"https:\\\/\\\/www.todoriego.com.ar\\\/site\\\/#website\",\"url\":\"https:\\\/\\\/www.todoriego.com.ar\\\/site\\\/\",\"name\":\"Todoriego Insumos SRL\",\"description\":\"Sabemos hacer riego\",\"publisher\":{\"@id\":\"https:\\\/\\\/www.todoriego.com.ar\\\/site\\\/#organization\"},\"potentialAction\":[{\"@type\":\"SearchAction\",\"target\":{\"@type\":\"EntryPoint\",\"urlTemplate\":\"https:\\\/\\\/www.todoriego.com.ar\\\/site\\\/?s={search_term_string}\"},\"query-input\":{\"@type\":\"PropertyValueSpecification\",\"valueRequired\":true,\"valueName\":\"search_term_string\"}}],\"inLanguage\":\"es-AR\"},{\"@type\":\"Organization\",\"@id\":\"https:\\\/\\\/www.todoriego.com.ar\\\/site\\\/#organization\",\"name\":\"Todoriego Insumos s.r.l.\",\"url\":\"https:\\\/\\\/www.todoriego.com.ar\\\/site\\\/\",\"logo\":{\"@type\":\"ImageObject\",\"inLanguage\":\"es-AR\",\"@id\":\"https:\\\/\\\/www.todoriego.com.ar\\\/site\\\/#\\\/schema\\\/logo\\\/image\\\/\",\"url\":\"http:\\\/\\\/www.todoriego.com.ar\\\/site\\\/wp-content\\\/uploads\\\/2022\\\/07\\\/todoriego_marca.jpg\",\"contentUrl\":\"http:\\\/\\\/www.todoriego.com.ar\\\/site\\\/wp-content\\\/uploads\\\/2022\\\/07\\\/todoriego_marca.jpg\",\"width\":731,\"height\":731,\"caption\":\"Todoriego Insumos s.r.l.\"},\"image\":{\"@id\":\"https:\\\/\\\/www.todoriego.com.ar\\\/site\\\/#\\\/schema\\\/logo\\\/image\\\/\"},\"sameAs\":[\"https:\\\/\\\/www.facebook.com\\\/todoriegoinsumos\\\/\",\"https:\\\/\\\/www.instagram.com\\\/todoriegoinsumos\\\/\"]}]}<\/script>\n<!-- \/ Yoast SEO plugin. -->","yoast_head_json":{"title":"Controlar GreenApp - Todoriego Insumos SRL","description":"GreenApp\u2122 de Bermad es un controlador de riego de 1 estaci\u00f3n con Bluetooth, que se integra con un actuador de solenoide para su instalaci\u00f3n sencilla.","robots":{"index":"index","follow":"follow","max-snippet":"max-snippet:-1","max-image-preview":"max-image-preview:large","max-video-preview":"max-video-preview:-1"},"canonical":"https:\/\/www.todoriego.com.ar\/site\/producto\/controlador-green-app\/","og_locale":"es_ES","og_type":"article","og_title":"Controlar GreenApp - Todoriego Insumos SRL","og_description":"GreenApp\u2122 de Bermad es un controlador de riego de 1 estaci\u00f3n con Bluetooth, que se integra con un actuador de solenoide para su instalaci\u00f3n sencilla.","og_url":"https:\/\/www.todoriego.com.ar\/site\/producto\/controlador-green-app\/","og_site_name":"Todoriego Insumos SRL","article_publisher":"https:\/\/www.facebook.com\/todoriegoinsumos\/","article_modified_time":"2024-05-28T18:57:54+00:00","og_image":[{"width":600,"height":600,"url":"https:\/\/www.todoriego.com.ar\/site\/wp-content\/uploads\/2022\/08\/Bermad_GreenApp.jpg","type":"image\/jpeg"}],"twitter_card":"summary_large_image","twitter_misc":{"Tiempo de lectura":"2 minutos"},"schema":{"@context":"https:\/\/schema.org","@graph":[{"@type":"WebPage","@id":"https:\/\/www.todoriego.com.ar\/site\/producto\/controlador-green-app\/","url":"https:\/\/www.todoriego.com.ar\/site\/producto\/controlador-green-app\/","name":"Controlar GreenApp - Todoriego Insumos SRL","isPartOf":{"@id":"https:\/\/www.todoriego.com.ar\/site\/#website"},"primaryImageOfPage":{"@id":"https:\/\/www.todoriego.com.ar\/site\/producto\/controlador-green-app\/#primaryimage"},"image":{"@id":"https:\/\/www.todoriego.com.ar\/site\/producto\/controlador-green-app\/#primaryimage"},"thumbnailUrl":"https:\/\/www.todoriego.com.ar\/site\/wp-content\/uploads\/2022\/08\/Bermad_GreenApp.jpg","datePublished":"2022-08-31T19:26:06+00:00","dateModified":"2024-05-28T18:57:54+00:00","description":"GreenApp\u2122 de Bermad es un controlador de riego de 1 estaci\u00f3n con Bluetooth, que se integra con un actuador de solenoide para su instalaci\u00f3n sencilla.","breadcrumb":{"@id":"https:\/\/www.todoriego.com.ar\/site\/producto\/controlador-green-app\/#breadcrumb"},"inLanguage":"es-AR","potentialAction":[{"@type":"ReadAction","target":["https:\/\/www.todoriego.com.ar\/site\/producto\/controlador-green-app\/"]}]},{"@type":"ImageObject","inLanguage":"es-AR","@id":"https:\/\/www.todoriego.com.ar\/site\/producto\/controlador-green-app\/#primaryimage","url":"https:\/\/www.todoriego.com.ar\/site\/wp-content\/uploads\/2022\/08\/Bermad_GreenApp.jpg","contentUrl":"https:\/\/www.todoriego.com.ar\/site\/wp-content\/uploads\/2022\/08\/Bermad_GreenApp.jpg","width":600,"height":600},{"@type":"BreadcrumbList","@id":"https:\/\/www.todoriego.com.ar\/site\/producto\/controlador-green-app\/#breadcrumb","itemListElement":[{"@type":"ListItem","position":1,"name":"Inicio","item":"https:\/\/www.todoriego.com.ar\/site\/"},{"@type":"ListItem","position":2,"name":"Tienda","item":"https:\/\/www.todoriego.com.ar\/site\/tienda\/"},{"@type":"ListItem","position":3,"name":"Controlar GreenApp"}]},{"@type":"WebSite","@id":"https:\/\/www.todoriego.com.ar\/site\/#website","url":"https:\/\/www.todoriego.com.ar\/site\/","name":"Todoriego Insumos SRL","description":"Sabemos hacer riego","publisher":{"@id":"https:\/\/www.todoriego.com.ar\/site\/#organization"},"potentialAction":[{"@type":"SearchAction","target":{"@type":"EntryPoint","urlTemplate":"https:\/\/www.todoriego.com.ar\/site\/?s={search_term_string}"},"query-input":{"@type":"PropertyValueSpecification","valueRequired":true,"valueName":"search_term_string"}}],"inLanguage":"es-AR"},{"@type":"Organization","@id":"https:\/\/www.todoriego.com.ar\/site\/#organization","name":"Todoriego Insumos s.r.l.","url":"https:\/\/www.todoriego.com.ar\/site\/","logo":{"@type":"ImageObject","inLanguage":"es-AR","@id":"https:\/\/www.todoriego.com.ar\/site\/#\/schema\/logo\/image\/","url":"http:\/\/www.todoriego.com.ar\/site\/wp-content\/uploads\/2022\/07\/todoriego_marca.jpg","contentUrl":"http:\/\/www.todoriego.com.ar\/site\/wp-content\/uploads\/2022\/07\/todoriego_marca.jpg","width":731,"height":731,"caption":"Todoriego Insumos s.r.l."},"image":{"@id":"https:\/\/www.todoriego.com.ar\/site\/#\/schema\/logo\/image\/"},"sameAs":["https:\/\/www.facebook.com\/todoriegoinsumos\/","https:\/\/www.instagram.com\/todoriegoinsumos\/"]}]}},"_links":{"self":[{"href":"https:\/\/www.todoriego.com.ar\/site\/wp-json\/wp\/v2\/product\/9099","targetHints":{"allow":["GET"]}}],"collection":[{"href":"https:\/\/www.todoriego.com.ar\/site\/wp-json\/wp\/v2\/product"}],"about":[{"href":"https:\/\/www.todoriego.com.ar\/site\/wp-json\/wp\/v2\/types\/product"}],"wp:featuredmedia":[{"embeddable":true,"href":"https:\/\/www.todoriego.com.ar\/site\/wp-json\/wp\/v2\/media\/9100"}],"wp:attachment":[{"href":"https:\/\/www.todoriego.com.ar\/site\/wp-json\/wp\/v2\/media?parent=9099"}],"wp:term":[{"taxonomy":"product_brand","embeddable":true,"href":"https:\/\/www.todoriego.com.ar\/site\/wp-json\/wp\/v2\/product_brand?post=9099"},{"taxonomy":"product_cat","embeddable":true,"href":"https:\/\/www.todoriego.com.ar\/site\/wp-json\/wp\/v2\/product_cat?post=9099"},{"taxonomy":"product_tag","embeddable":true,"href":"https:\/\/www.todoriego.com.ar\/site\/wp-json\/wp\/v2\/product_tag?post=9099"}],"curies":[{"name":"wp","href":"https:\/\/api.w.org\/{rel}","templated":true}]}}