{"id":9144,"date":"2022-09-02T15:54:15","date_gmt":"2022-09-02T18:54:15","guid":{"rendered":"http:\/\/www.todoriego.com.ar\/site\/?post_type=product&#038;p=9144"},"modified":"2022-09-02T16:01:17","modified_gmt":"2022-09-02T19:01:17","slug":"caja-de-valvulas-rainbird","status":"publish","type":"product","link":"https:\/\/www.todoriego.com.ar\/site\/producto\/caja-de-valvulas-rainbird\/","title":{"rendered":"Caja para V\u00e1lvulas"},"content":{"rendered":"<p>Trabaje con m\u00e1s rapidez y facilidad con una caja de v\u00e1lvulas Rain Bird. Hemos creado unos orificios pasacables \u00fanicas para facilitar la colocaci\u00f3n de la tuber\u00eda y reducir el tiempo de instalaci\u00f3n, as\u00ed que no m\u00e1s cortes tediosos. Y los orificios pasacables se deslizan de nuevo a su lugar sobre la tuber\u00eda para mantener fuera la suciedad en el relleno.<br \/>\nTodas las cajas de v\u00e1lvulas Rain Bird est\u00e1n dise\u00f1adas para mantener su integridad horizontal y vertical bajo carga, incluso con los orificios pasacables retirados.<br \/>\nOtras caracter\u00edsticas \u00fanicas incluyen un orificio pasacables con agujeros para pernos que ayuda a impedir la entrada de plagas e insectos cuando no se usa el perno de cierre y una ranura de acceso a la pala en el lado de la caja que facilita la extracci\u00f3n de la tapa.<\/p>\n<p><strong>Caracter\u00edsticas<\/strong><br \/>\n\u2022Resistencia y estabilidad: m\u00faltiples tama\u00f1os y formas dise\u00f1adas con costados corrugados y bridas con bases amplias para una m\u00e1xima durabilidad, fuerza de compresi\u00f3n y estabilidad.<br \/>\n\u2022Dise\u00f1o de tapa inteligente: dise\u00f1adas sin orificios para impedir el ingreso de plagas, bordes biselados para minimizar posibles da\u00f1os al equipo de c\u00e9sped y para facilitar el acceso manual y de la pala.<br \/>\n\u2022Instalaciones flexibles: capacidad de apilado; los modelos de extensi\u00f3n y las leng\u00fcetas para crear los accesos de las tuber\u00edas aceleran y facilitan la instalaci\u00f3n.<br \/>\nEcol\u00f3gicas: materiales 100% reciclados compatibles con certificaci\u00f3n LEED (Leadership in Energy y Environmental Design).<\/p>\n","protected":false},"excerpt":{"rendered":"<p><img loading=\"lazy\" decoding=\"async\" class=\"alignnone size-full wp-image-8741\" src=\"https:\/\/www.todoriego.com.ar\/site\/wp-content\/uploads\/2022\/07\/rainbird.png\" alt=\"\" width=\"103\" height=\"50\" \/><br \/>\nTrabaje con m\u00e1s rapidez y facilidad con una caja de v\u00e1lvulas Rain Bird. Hemos creado unos orificios pasacables \u00fanicas para facilitar la colocaci\u00f3n de la tuber\u00eda y reducir el tiempo de instalaci\u00f3n, as\u00ed que no m\u00e1s cortes tediosos.<\/p>\n","protected":false},"featured_media":9142,"template":"","meta":{"_acf_changed":false},"product_brand":[],"product_cat":[39,118],"product_tag":[],"class_list":{"0":"post-9144","1":"product","2":"type-product","3":"status-publish","4":"has-post-thumbnail","6":"product_cat-espacios-verdes","7":"product_cat-accesorios-complementarios","9":"first","10":"instock","11":"shipping-taxable","12":"product-type-simple"},"acf":[],"yoast_head":"<!-- This site is optimized with the Yoast SEO plugin v27.4 - https:\/\/yoast.com\/product\/yoast-seo-wordpress\/ -->\n<title>Caja para V\u00e1lvulas - Todoriego Insumos SRL<\/title>\n<meta name=\"description\" content=\"Protege las v\u00e1lvulas de riego enterradas. Trabaje con m\u00e1s rapidez y facilidad con una caja de v\u00e1lvulas Rain Bird.\" \/>\n<meta name=\"robots\" content=\"index, follow, max-snippet:-1, max-image-preview:large, max-video-preview:-1\" \/>\n<link rel=\"canonical\" href=\"https:\/\/www.todoriego.com.ar\/site\/producto\/caja-de-valvulas-rainbird\/\" \/>\n<meta property=\"og:locale\" content=\"es_ES\" \/>\n<meta property=\"og:type\" content=\"article\" \/>\n<meta property=\"og:title\" content=\"Caja para V\u00e1lvulas - Todoriego Insumos SRL\" \/>\n<meta property=\"og:description\" content=\"Protege las v\u00e1lvulas de riego enterradas. Trabaje con m\u00e1s rapidez y facilidad con una caja de v\u00e1lvulas Rain Bird.\" \/>\n<meta property=\"og:url\" content=\"https:\/\/www.todoriego.com.ar\/site\/producto\/caja-de-valvulas-rainbird\/\" \/>\n<meta property=\"og:site_name\" content=\"Todoriego Insumos SRL\" \/>\n<meta property=\"article:publisher\" content=\"https:\/\/www.facebook.com\/todoriegoinsumos\/\" \/>\n<meta property=\"article:modified_time\" content=\"2022-09-02T19:01:17+00:00\" \/>\n<meta property=\"og:image\" content=\"https:\/\/www.todoriego.com.ar\/site\/wp-content\/uploads\/2022\/09\/RainBird_CajaValvulas_circular-rectangular.jpg\" \/>\n\t<meta property=\"og:image:width\" content=\"600\" \/>\n\t<meta property=\"og:image:height\" content=\"600\" \/>\n\t<meta property=\"og:image:type\" content=\"image\/jpeg\" \/>\n<meta name=\"twitter:card\" content=\"summary_large_image\" \/>\n<meta name=\"twitter:label1\" content=\"Tiempo de lectura\" \/>\n\t<meta name=\"twitter:data1\" content=\"2 minutos\" \/>\n<script type=\"application\/ld+json\" class=\"yoast-schema-graph\">{\"@context\":\"https:\\\/\\\/schema.org\",\"@graph\":[{\"@type\":\"WebPage\",\"@id\":\"https:\\\/\\\/www.todoriego.com.ar\\\/site\\\/producto\\\/caja-de-valvulas-rainbird\\\/\",\"url\":\"https:\\\/\\\/www.todoriego.com.ar\\\/site\\\/producto\\\/caja-de-valvulas-rainbird\\\/\",\"name\":\"Caja para V\u00e1lvulas - Todoriego Insumos SRL\",\"isPartOf\":{\"@id\":\"https:\\\/\\\/www.todoriego.com.ar\\\/site\\\/#website\"},\"primaryImageOfPage\":{\"@id\":\"https:\\\/\\\/www.todoriego.com.ar\\\/site\\\/producto\\\/caja-de-valvulas-rainbird\\\/#primaryimage\"},\"image\":{\"@id\":\"https:\\\/\\\/www.todoriego.com.ar\\\/site\\\/producto\\\/caja-de-valvulas-rainbird\\\/#primaryimage\"},\"thumbnailUrl\":\"https:\\\/\\\/www.todoriego.com.ar\\\/site\\\/wp-content\\\/uploads\\\/2022\\\/09\\\/RainBird_CajaValvulas_circular-rectangular.jpg\",\"datePublished\":\"2022-09-02T18:54:15+00:00\",\"dateModified\":\"2022-09-02T19:01:17+00:00\",\"description\":\"Protege las v\u00e1lvulas de riego enterradas. Trabaje con m\u00e1s rapidez y facilidad con una caja de v\u00e1lvulas Rain Bird.\",\"breadcrumb\":{\"@id\":\"https:\\\/\\\/www.todoriego.com.ar\\\/site\\\/producto\\\/caja-de-valvulas-rainbird\\\/#breadcrumb\"},\"inLanguage\":\"es-AR\",\"potentialAction\":[{\"@type\":\"ReadAction\",\"target\":[\"https:\\\/\\\/www.todoriego.com.ar\\\/site\\\/producto\\\/caja-de-valvulas-rainbird\\\/\"]}]},{\"@type\":\"ImageObject\",\"inLanguage\":\"es-AR\",\"@id\":\"https:\\\/\\\/www.todoriego.com.ar\\\/site\\\/producto\\\/caja-de-valvulas-rainbird\\\/#primaryimage\",\"url\":\"https:\\\/\\\/www.todoriego.com.ar\\\/site\\\/wp-content\\\/uploads\\\/2022\\\/09\\\/RainBird_CajaValvulas_circular-rectangular.jpg\",\"contentUrl\":\"https:\\\/\\\/www.todoriego.com.ar\\\/site\\\/wp-content\\\/uploads\\\/2022\\\/09\\\/RainBird_CajaValvulas_circular-rectangular.jpg\",\"width\":600,\"height\":600},{\"@type\":\"BreadcrumbList\",\"@id\":\"https:\\\/\\\/www.todoriego.com.ar\\\/site\\\/producto\\\/caja-de-valvulas-rainbird\\\/#breadcrumb\",\"itemListElement\":[{\"@type\":\"ListItem\",\"position\":1,\"name\":\"Inicio\",\"item\":\"https:\\\/\\\/www.todoriego.com.ar\\\/site\\\/\"},{\"@type\":\"ListItem\",\"position\":2,\"name\":\"Tienda\",\"item\":\"https:\\\/\\\/www.todoriego.com.ar\\\/site\\\/tienda\\\/\"},{\"@type\":\"ListItem\",\"position\":3,\"name\":\"Caja para V\u00e1lvulas\"}]},{\"@type\":\"WebSite\",\"@id\":\"https:\\\/\\\/www.todoriego.com.ar\\\/site\\\/#website\",\"url\":\"https:\\\/\\\/www.todoriego.com.ar\\\/site\\\/\",\"name\":\"Todoriego Insumos SRL\",\"description\":\"Sabemos hacer riego\",\"publisher\":{\"@id\":\"https:\\\/\\\/www.todoriego.com.ar\\\/site\\\/#organization\"},\"potentialAction\":[{\"@type\":\"SearchAction\",\"target\":{\"@type\":\"EntryPoint\",\"urlTemplate\":\"https:\\\/\\\/www.todoriego.com.ar\\\/site\\\/?s={search_term_string}\"},\"query-input\":{\"@type\":\"PropertyValueSpecification\",\"valueRequired\":true,\"valueName\":\"search_term_string\"}}],\"inLanguage\":\"es-AR\"},{\"@type\":\"Organization\",\"@id\":\"https:\\\/\\\/www.todoriego.com.ar\\\/site\\\/#organization\",\"name\":\"Todoriego Insumos s.r.l.\",\"url\":\"https:\\\/\\\/www.todoriego.com.ar\\\/site\\\/\",\"logo\":{\"@type\":\"ImageObject\",\"inLanguage\":\"es-AR\",\"@id\":\"https:\\\/\\\/www.todoriego.com.ar\\\/site\\\/#\\\/schema\\\/logo\\\/image\\\/\",\"url\":\"http:\\\/\\\/www.todoriego.com.ar\\\/site\\\/wp-content\\\/uploads\\\/2022\\\/07\\\/todoriego_marca.jpg\",\"contentUrl\":\"http:\\\/\\\/www.todoriego.com.ar\\\/site\\\/wp-content\\\/uploads\\\/2022\\\/07\\\/todoriego_marca.jpg\",\"width\":731,\"height\":731,\"caption\":\"Todoriego Insumos s.r.l.\"},\"image\":{\"@id\":\"https:\\\/\\\/www.todoriego.com.ar\\\/site\\\/#\\\/schema\\\/logo\\\/image\\\/\"},\"sameAs\":[\"https:\\\/\\\/www.facebook.com\\\/todoriegoinsumos\\\/\",\"https:\\\/\\\/www.instagram.com\\\/todoriegoinsumos\\\/\"]}]}<\/script>\n<!-- \/ Yoast SEO plugin. -->","yoast_head_json":{"title":"Caja para V\u00e1lvulas - Todoriego Insumos SRL","description":"Protege las v\u00e1lvulas de riego enterradas. Trabaje con m\u00e1s rapidez y facilidad con una caja de v\u00e1lvulas Rain Bird.","robots":{"index":"index","follow":"follow","max-snippet":"max-snippet:-1","max-image-preview":"max-image-preview:large","max-video-preview":"max-video-preview:-1"},"canonical":"https:\/\/www.todoriego.com.ar\/site\/producto\/caja-de-valvulas-rainbird\/","og_locale":"es_ES","og_type":"article","og_title":"Caja para V\u00e1lvulas - Todoriego Insumos SRL","og_description":"Protege las v\u00e1lvulas de riego enterradas. Trabaje con m\u00e1s rapidez y facilidad con una caja de v\u00e1lvulas Rain Bird.","og_url":"https:\/\/www.todoriego.com.ar\/site\/producto\/caja-de-valvulas-rainbird\/","og_site_name":"Todoriego Insumos SRL","article_publisher":"https:\/\/www.facebook.com\/todoriegoinsumos\/","article_modified_time":"2022-09-02T19:01:17+00:00","og_image":[{"width":600,"height":600,"url":"https:\/\/www.todoriego.com.ar\/site\/wp-content\/uploads\/2022\/09\/RainBird_CajaValvulas_circular-rectangular.jpg","type":"image\/jpeg"}],"twitter_card":"summary_large_image","twitter_misc":{"Tiempo de lectura":"2 minutos"},"schema":{"@context":"https:\/\/schema.org","@graph":[{"@type":"WebPage","@id":"https:\/\/www.todoriego.com.ar\/site\/producto\/caja-de-valvulas-rainbird\/","url":"https:\/\/www.todoriego.com.ar\/site\/producto\/caja-de-valvulas-rainbird\/","name":"Caja para V\u00e1lvulas - Todoriego Insumos SRL","isPartOf":{"@id":"https:\/\/www.todoriego.com.ar\/site\/#website"},"primaryImageOfPage":{"@id":"https:\/\/www.todoriego.com.ar\/site\/producto\/caja-de-valvulas-rainbird\/#primaryimage"},"image":{"@id":"https:\/\/www.todoriego.com.ar\/site\/producto\/caja-de-valvulas-rainbird\/#primaryimage"},"thumbnailUrl":"https:\/\/www.todoriego.com.ar\/site\/wp-content\/uploads\/2022\/09\/RainBird_CajaValvulas_circular-rectangular.jpg","datePublished":"2022-09-02T18:54:15+00:00","dateModified":"2022-09-02T19:01:17+00:00","description":"Protege las v\u00e1lvulas de riego enterradas. Trabaje con m\u00e1s rapidez y facilidad con una caja de v\u00e1lvulas Rain Bird.","breadcrumb":{"@id":"https:\/\/www.todoriego.com.ar\/site\/producto\/caja-de-valvulas-rainbird\/#breadcrumb"},"inLanguage":"es-AR","potentialAction":[{"@type":"ReadAction","target":["https:\/\/www.todoriego.com.ar\/site\/producto\/caja-de-valvulas-rainbird\/"]}]},{"@type":"ImageObject","inLanguage":"es-AR","@id":"https:\/\/www.todoriego.com.ar\/site\/producto\/caja-de-valvulas-rainbird\/#primaryimage","url":"https:\/\/www.todoriego.com.ar\/site\/wp-content\/uploads\/2022\/09\/RainBird_CajaValvulas_circular-rectangular.jpg","contentUrl":"https:\/\/www.todoriego.com.ar\/site\/wp-content\/uploads\/2022\/09\/RainBird_CajaValvulas_circular-rectangular.jpg","width":600,"height":600},{"@type":"BreadcrumbList","@id":"https:\/\/www.todoriego.com.ar\/site\/producto\/caja-de-valvulas-rainbird\/#breadcrumb","itemListElement":[{"@type":"ListItem","position":1,"name":"Inicio","item":"https:\/\/www.todoriego.com.ar\/site\/"},{"@type":"ListItem","position":2,"name":"Tienda","item":"https:\/\/www.todoriego.com.ar\/site\/tienda\/"},{"@type":"ListItem","position":3,"name":"Caja para V\u00e1lvulas"}]},{"@type":"WebSite","@id":"https:\/\/www.todoriego.com.ar\/site\/#website","url":"https:\/\/www.todoriego.com.ar\/site\/","name":"Todoriego Insumos SRL","description":"Sabemos hacer riego","publisher":{"@id":"https:\/\/www.todoriego.com.ar\/site\/#organization"},"potentialAction":[{"@type":"SearchAction","target":{"@type":"EntryPoint","urlTemplate":"https:\/\/www.todoriego.com.ar\/site\/?s={search_term_string}"},"query-input":{"@type":"PropertyValueSpecification","valueRequired":true,"valueName":"search_term_string"}}],"inLanguage":"es-AR"},{"@type":"Organization","@id":"https:\/\/www.todoriego.com.ar\/site\/#organization","name":"Todoriego Insumos s.r.l.","url":"https:\/\/www.todoriego.com.ar\/site\/","logo":{"@type":"ImageObject","inLanguage":"es-AR","@id":"https:\/\/www.todoriego.com.ar\/site\/#\/schema\/logo\/image\/","url":"http:\/\/www.todoriego.com.ar\/site\/wp-content\/uploads\/2022\/07\/todoriego_marca.jpg","contentUrl":"http:\/\/www.todoriego.com.ar\/site\/wp-content\/uploads\/2022\/07\/todoriego_marca.jpg","width":731,"height":731,"caption":"Todoriego Insumos s.r.l."},"image":{"@id":"https:\/\/www.todoriego.com.ar\/site\/#\/schema\/logo\/image\/"},"sameAs":["https:\/\/www.facebook.com\/todoriegoinsumos\/","https:\/\/www.instagram.com\/todoriegoinsumos\/"]}]}},"_links":{"self":[{"href":"https:\/\/www.todoriego.com.ar\/site\/wp-json\/wp\/v2\/product\/9144","targetHints":{"allow":["GET"]}}],"collection":[{"href":"https:\/\/www.todoriego.com.ar\/site\/wp-json\/wp\/v2\/product"}],"about":[{"href":"https:\/\/www.todoriego.com.ar\/site\/wp-json\/wp\/v2\/types\/product"}],"wp:featuredmedia":[{"embeddable":true,"href":"https:\/\/www.todoriego.com.ar\/site\/wp-json\/wp\/v2\/media\/9142"}],"wp:attachment":[{"href":"https:\/\/www.todoriego.com.ar\/site\/wp-json\/wp\/v2\/media?parent=9144"}],"wp:term":[{"taxonomy":"product_brand","embeddable":true,"href":"https:\/\/www.todoriego.com.ar\/site\/wp-json\/wp\/v2\/product_brand?post=9144"},{"taxonomy":"product_cat","embeddable":true,"href":"https:\/\/www.todoriego.com.ar\/site\/wp-json\/wp\/v2\/product_cat?post=9144"},{"taxonomy":"product_tag","embeddable":true,"href":"https:\/\/www.todoriego.com.ar\/site\/wp-json\/wp\/v2\/product_tag?post=9144"}],"curies":[{"name":"wp","href":"https:\/\/api.w.org\/{rel}","templated":true}]}}