{"id":9153,"date":"2022-09-02T16:56:56","date_gmt":"2022-09-02T19:56:56","guid":{"rendered":"http:\/\/www.todoriego.com.ar\/site\/?post_type=product&#038;p=9153"},"modified":"2022-09-02T17:02:06","modified_gmt":"2022-09-02T20:02:06","slug":"sensor-de-lluvia-rsd","status":"publish","type":"product","link":"https:\/\/www.todoriego.com.ar\/site\/producto\/sensor-de-lluvia-rsd\/","title":{"rendered":"Sensor de lluvia RSD"},"content":{"rendered":"<p>Sensor de lluvia de la serie RSD<br \/>\nEl sensor de lluvia de la serie <strong>RSD<\/strong> de <em>Rain Bird<\/em> apaga autom\u00e1ticamente su sistema de aspersores cuando llueve, de modo que no tiene que preocuparse cuando est\u00e1 en casa o fuera. El sensor de lluvia de la serie <strong>RSD<\/strong> se conecta f\u00e1cilmente a la mayor\u00eda de los controladores de sistemas de riego. Los sensores de lluvia de la serie <strong>RSD<\/strong> ofrecen una configuraci\u00f3n flexible y m\u00faltiple de las precipitaciones, que se ajusta de forma r\u00e1pida y f\u00e1cil con un giro del dial.<\/p>\n<p><strong>Caracter\u00edsticas<\/strong><br \/>\n\u2022 El apagado autom\u00e1tico por lluvia evita el riego excesivo causado por las precipitaciones naturales.<br \/>\n\u2022 El dise\u00f1o resistente y fiable reduce las llamadas por disconformidad con el servicio.<br \/>\n\u2022 Los discos sensores de humedad funcionan en gran variedad de climas.<br \/>\n\u2022 Los diferentes montajes del sensor logran rapidez y flexibilidad en el lugar de trabajo.<br \/>\n\u2022 La bisagra de sujeci\u00f3n mantiene la alineaci\u00f3n.<\/p>\n<p><strong>Especificaciones<\/strong><br \/>\n\u2022 Propiedades mec\u00e1nicas<br \/>\n\u2022 M\u00faltiples par\u00e1metros de precipitaci\u00f3n desde 1\/8\u201d hasta \u00be\u201d (de 5 a 20 mm), r\u00e1pidos y f\u00e1ciles de ajustar con solo girar el disco selector<br \/>\n\u2022 La anilla de ventilaci\u00f3n ajustable ayuda a controlar los tiempos de secado.<br \/>\n\u2022 La carcasa fabricada con un pol\u00edmero de alta calidad resistente a los rayos UV, resiste las inclemencias del tiempo.<br \/>\n\u2022 Viene con m\u00e9nsula de sujeci\u00f3n de aluminio de 5\u201d<br \/>\n\u2022 No es compatible con programadores de la Serie ESP-SMT o ESP-SMTe.<\/p>\n<p><strong>Especificaciones el\u00e9ctricas<\/strong><br \/>\n\u2022 Aplicaci\u00f3n: Aplicaci\u00f3n: adecuado para circuitos de control de bajo voltaje de 24 V CA y circuitos de rel\u00e9 de arranque de bomba de 24 V CA (no se recomienda su uso con circuitos o dispositivos de rel\u00e9 de arranque de bomba de alto voltaje)<br \/>\n\u2022 Capacidad el\u00e9ctrica de conmutaci\u00f3n: 3 A a 125\/250 V CA<br \/>\n\u2022 Capacidad: Especificaciones el\u00e9ctricas aptas para uso con hasta diez v\u00e1lvulas solenoides de 24 V CA, 7 VA por estaci\u00f3n, m\u00e1s una v\u00e1lvula maestra<br \/>\n\u2022 Cable: cable de extensi\u00f3n n.\u00b0 20 de 2 conductores, resistente a los rayos UV, de 25\u2019 (7.6 m) de longitud<\/p>\n","protected":false},"excerpt":{"rendered":"<p><img loading=\"lazy\" decoding=\"async\" class=\"alignnone size-full wp-image-8741\" src=\"https:\/\/www.todoriego.com.ar\/site\/wp-content\/uploads\/2022\/07\/rainbird.png\" alt=\"\" width=\"103\" height=\"50\" \/><br \/>\nEl sensor de lluvia de la serie <strong>RSD<\/strong> de <em>Rain Bird<\/em> apaga autom\u00e1ticamente su sistema de aspersores cuando llueve, de modo que no tiene que preocuparse cuando est\u00e1 en casa o fuera.<\/p>\n","protected":false},"featured_media":9154,"template":"","meta":{"_acf_changed":false},"product_brand":[],"product_cat":[39,118],"product_tag":[],"class_list":{"0":"post-9153","1":"product","2":"type-product","3":"status-publish","4":"has-post-thumbnail","6":"product_cat-espacios-verdes","7":"product_cat-accesorios-complementarios","9":"first","10":"instock","11":"shipping-taxable","12":"product-type-simple"},"acf":[],"yoast_head":"<!-- This site is optimized with the Yoast SEO plugin v27.4 - https:\/\/yoast.com\/product\/yoast-seo-wordpress\/ -->\n<title>Sensor de lluvia RSD - Todoriego Insumos SRL<\/title>\n<meta name=\"description\" content=\"El sensor RSD de Rain Bird apaga autom\u00e1ticamente su sistema de aspersores cuando llueve, de modo que no tiene que preocuparse cuando est\u00e1 en casa o fuera.\" \/>\n<meta name=\"robots\" content=\"index, follow, max-snippet:-1, max-image-preview:large, max-video-preview:-1\" \/>\n<link rel=\"canonical\" href=\"https:\/\/www.todoriego.com.ar\/site\/producto\/sensor-de-lluvia-rsd\/\" \/>\n<meta property=\"og:locale\" content=\"es_ES\" \/>\n<meta property=\"og:type\" content=\"article\" \/>\n<meta property=\"og:title\" content=\"Sensor de lluvia RSD - Todoriego Insumos SRL\" \/>\n<meta property=\"og:description\" content=\"El sensor RSD de Rain Bird apaga autom\u00e1ticamente su sistema de aspersores cuando llueve, de modo que no tiene que preocuparse cuando est\u00e1 en casa o fuera.\" \/>\n<meta property=\"og:url\" content=\"https:\/\/www.todoriego.com.ar\/site\/producto\/sensor-de-lluvia-rsd\/\" \/>\n<meta property=\"og:site_name\" content=\"Todoriego Insumos SRL\" \/>\n<meta property=\"article:publisher\" content=\"https:\/\/www.facebook.com\/todoriegoinsumos\/\" \/>\n<meta property=\"article:modified_time\" content=\"2022-09-02T20:02:06+00:00\" \/>\n<meta property=\"og:image\" content=\"https:\/\/www.todoriego.com.ar\/site\/wp-content\/uploads\/2022\/09\/RainBird_Sensor-de-lluvia.jpg\" \/>\n\t<meta property=\"og:image:width\" content=\"600\" \/>\n\t<meta property=\"og:image:height\" content=\"600\" \/>\n\t<meta property=\"og:image:type\" content=\"image\/jpeg\" \/>\n<meta name=\"twitter:card\" content=\"summary_large_image\" \/>\n<meta name=\"twitter:label1\" content=\"Tiempo de lectura\" \/>\n\t<meta name=\"twitter:data1\" content=\"2 minutos\" \/>\n<script type=\"application\/ld+json\" class=\"yoast-schema-graph\">{\"@context\":\"https:\\\/\\\/schema.org\",\"@graph\":[{\"@type\":\"WebPage\",\"@id\":\"https:\\\/\\\/www.todoriego.com.ar\\\/site\\\/producto\\\/sensor-de-lluvia-rsd\\\/\",\"url\":\"https:\\\/\\\/www.todoriego.com.ar\\\/site\\\/producto\\\/sensor-de-lluvia-rsd\\\/\",\"name\":\"Sensor de lluvia RSD - Todoriego Insumos SRL\",\"isPartOf\":{\"@id\":\"https:\\\/\\\/www.todoriego.com.ar\\\/site\\\/#website\"},\"primaryImageOfPage\":{\"@id\":\"https:\\\/\\\/www.todoriego.com.ar\\\/site\\\/producto\\\/sensor-de-lluvia-rsd\\\/#primaryimage\"},\"image\":{\"@id\":\"https:\\\/\\\/www.todoriego.com.ar\\\/site\\\/producto\\\/sensor-de-lluvia-rsd\\\/#primaryimage\"},\"thumbnailUrl\":\"https:\\\/\\\/www.todoriego.com.ar\\\/site\\\/wp-content\\\/uploads\\\/2022\\\/09\\\/RainBird_Sensor-de-lluvia.jpg\",\"datePublished\":\"2022-09-02T19:56:56+00:00\",\"dateModified\":\"2022-09-02T20:02:06+00:00\",\"description\":\"El sensor RSD de Rain Bird apaga autom\u00e1ticamente su sistema de aspersores cuando llueve, de modo que no tiene que preocuparse cuando est\u00e1 en casa o fuera.\",\"breadcrumb\":{\"@id\":\"https:\\\/\\\/www.todoriego.com.ar\\\/site\\\/producto\\\/sensor-de-lluvia-rsd\\\/#breadcrumb\"},\"inLanguage\":\"es-AR\",\"potentialAction\":[{\"@type\":\"ReadAction\",\"target\":[\"https:\\\/\\\/www.todoriego.com.ar\\\/site\\\/producto\\\/sensor-de-lluvia-rsd\\\/\"]}]},{\"@type\":\"ImageObject\",\"inLanguage\":\"es-AR\",\"@id\":\"https:\\\/\\\/www.todoriego.com.ar\\\/site\\\/producto\\\/sensor-de-lluvia-rsd\\\/#primaryimage\",\"url\":\"https:\\\/\\\/www.todoriego.com.ar\\\/site\\\/wp-content\\\/uploads\\\/2022\\\/09\\\/RainBird_Sensor-de-lluvia.jpg\",\"contentUrl\":\"https:\\\/\\\/www.todoriego.com.ar\\\/site\\\/wp-content\\\/uploads\\\/2022\\\/09\\\/RainBird_Sensor-de-lluvia.jpg\",\"width\":600,\"height\":600},{\"@type\":\"BreadcrumbList\",\"@id\":\"https:\\\/\\\/www.todoriego.com.ar\\\/site\\\/producto\\\/sensor-de-lluvia-rsd\\\/#breadcrumb\",\"itemListElement\":[{\"@type\":\"ListItem\",\"position\":1,\"name\":\"Inicio\",\"item\":\"https:\\\/\\\/www.todoriego.com.ar\\\/site\\\/\"},{\"@type\":\"ListItem\",\"position\":2,\"name\":\"Tienda\",\"item\":\"https:\\\/\\\/www.todoriego.com.ar\\\/site\\\/tienda\\\/\"},{\"@type\":\"ListItem\",\"position\":3,\"name\":\"Sensor de lluvia RSD\"}]},{\"@type\":\"WebSite\",\"@id\":\"https:\\\/\\\/www.todoriego.com.ar\\\/site\\\/#website\",\"url\":\"https:\\\/\\\/www.todoriego.com.ar\\\/site\\\/\",\"name\":\"Todoriego Insumos SRL\",\"description\":\"Sabemos hacer riego\",\"publisher\":{\"@id\":\"https:\\\/\\\/www.todoriego.com.ar\\\/site\\\/#organization\"},\"potentialAction\":[{\"@type\":\"SearchAction\",\"target\":{\"@type\":\"EntryPoint\",\"urlTemplate\":\"https:\\\/\\\/www.todoriego.com.ar\\\/site\\\/?s={search_term_string}\"},\"query-input\":{\"@type\":\"PropertyValueSpecification\",\"valueRequired\":true,\"valueName\":\"search_term_string\"}}],\"inLanguage\":\"es-AR\"},{\"@type\":\"Organization\",\"@id\":\"https:\\\/\\\/www.todoriego.com.ar\\\/site\\\/#organization\",\"name\":\"Todoriego Insumos s.r.l.\",\"url\":\"https:\\\/\\\/www.todoriego.com.ar\\\/site\\\/\",\"logo\":{\"@type\":\"ImageObject\",\"inLanguage\":\"es-AR\",\"@id\":\"https:\\\/\\\/www.todoriego.com.ar\\\/site\\\/#\\\/schema\\\/logo\\\/image\\\/\",\"url\":\"http:\\\/\\\/www.todoriego.com.ar\\\/site\\\/wp-content\\\/uploads\\\/2022\\\/07\\\/todoriego_marca.jpg\",\"contentUrl\":\"http:\\\/\\\/www.todoriego.com.ar\\\/site\\\/wp-content\\\/uploads\\\/2022\\\/07\\\/todoriego_marca.jpg\",\"width\":731,\"height\":731,\"caption\":\"Todoriego Insumos s.r.l.\"},\"image\":{\"@id\":\"https:\\\/\\\/www.todoriego.com.ar\\\/site\\\/#\\\/schema\\\/logo\\\/image\\\/\"},\"sameAs\":[\"https:\\\/\\\/www.facebook.com\\\/todoriegoinsumos\\\/\",\"https:\\\/\\\/www.instagram.com\\\/todoriegoinsumos\\\/\"]}]}<\/script>\n<!-- \/ Yoast SEO plugin. -->","yoast_head_json":{"title":"Sensor de lluvia RSD - Todoriego Insumos SRL","description":"El sensor RSD de Rain Bird apaga autom\u00e1ticamente su sistema de aspersores cuando llueve, de modo que no tiene que preocuparse cuando est\u00e1 en casa o fuera.","robots":{"index":"index","follow":"follow","max-snippet":"max-snippet:-1","max-image-preview":"max-image-preview:large","max-video-preview":"max-video-preview:-1"},"canonical":"https:\/\/www.todoriego.com.ar\/site\/producto\/sensor-de-lluvia-rsd\/","og_locale":"es_ES","og_type":"article","og_title":"Sensor de lluvia RSD - Todoriego Insumos SRL","og_description":"El sensor RSD de Rain Bird apaga autom\u00e1ticamente su sistema de aspersores cuando llueve, de modo que no tiene que preocuparse cuando est\u00e1 en casa o fuera.","og_url":"https:\/\/www.todoriego.com.ar\/site\/producto\/sensor-de-lluvia-rsd\/","og_site_name":"Todoriego Insumos SRL","article_publisher":"https:\/\/www.facebook.com\/todoriegoinsumos\/","article_modified_time":"2022-09-02T20:02:06+00:00","og_image":[{"width":600,"height":600,"url":"https:\/\/www.todoriego.com.ar\/site\/wp-content\/uploads\/2022\/09\/RainBird_Sensor-de-lluvia.jpg","type":"image\/jpeg"}],"twitter_card":"summary_large_image","twitter_misc":{"Tiempo de lectura":"2 minutos"},"schema":{"@context":"https:\/\/schema.org","@graph":[{"@type":"WebPage","@id":"https:\/\/www.todoriego.com.ar\/site\/producto\/sensor-de-lluvia-rsd\/","url":"https:\/\/www.todoriego.com.ar\/site\/producto\/sensor-de-lluvia-rsd\/","name":"Sensor de lluvia RSD - Todoriego Insumos SRL","isPartOf":{"@id":"https:\/\/www.todoriego.com.ar\/site\/#website"},"primaryImageOfPage":{"@id":"https:\/\/www.todoriego.com.ar\/site\/producto\/sensor-de-lluvia-rsd\/#primaryimage"},"image":{"@id":"https:\/\/www.todoriego.com.ar\/site\/producto\/sensor-de-lluvia-rsd\/#primaryimage"},"thumbnailUrl":"https:\/\/www.todoriego.com.ar\/site\/wp-content\/uploads\/2022\/09\/RainBird_Sensor-de-lluvia.jpg","datePublished":"2022-09-02T19:56:56+00:00","dateModified":"2022-09-02T20:02:06+00:00","description":"El sensor RSD de Rain Bird apaga autom\u00e1ticamente su sistema de aspersores cuando llueve, de modo que no tiene que preocuparse cuando est\u00e1 en casa o fuera.","breadcrumb":{"@id":"https:\/\/www.todoriego.com.ar\/site\/producto\/sensor-de-lluvia-rsd\/#breadcrumb"},"inLanguage":"es-AR","potentialAction":[{"@type":"ReadAction","target":["https:\/\/www.todoriego.com.ar\/site\/producto\/sensor-de-lluvia-rsd\/"]}]},{"@type":"ImageObject","inLanguage":"es-AR","@id":"https:\/\/www.todoriego.com.ar\/site\/producto\/sensor-de-lluvia-rsd\/#primaryimage","url":"https:\/\/www.todoriego.com.ar\/site\/wp-content\/uploads\/2022\/09\/RainBird_Sensor-de-lluvia.jpg","contentUrl":"https:\/\/www.todoriego.com.ar\/site\/wp-content\/uploads\/2022\/09\/RainBird_Sensor-de-lluvia.jpg","width":600,"height":600},{"@type":"BreadcrumbList","@id":"https:\/\/www.todoriego.com.ar\/site\/producto\/sensor-de-lluvia-rsd\/#breadcrumb","itemListElement":[{"@type":"ListItem","position":1,"name":"Inicio","item":"https:\/\/www.todoriego.com.ar\/site\/"},{"@type":"ListItem","position":2,"name":"Tienda","item":"https:\/\/www.todoriego.com.ar\/site\/tienda\/"},{"@type":"ListItem","position":3,"name":"Sensor de lluvia RSD"}]},{"@type":"WebSite","@id":"https:\/\/www.todoriego.com.ar\/site\/#website","url":"https:\/\/www.todoriego.com.ar\/site\/","name":"Todoriego Insumos SRL","description":"Sabemos hacer riego","publisher":{"@id":"https:\/\/www.todoriego.com.ar\/site\/#organization"},"potentialAction":[{"@type":"SearchAction","target":{"@type":"EntryPoint","urlTemplate":"https:\/\/www.todoriego.com.ar\/site\/?s={search_term_string}"},"query-input":{"@type":"PropertyValueSpecification","valueRequired":true,"valueName":"search_term_string"}}],"inLanguage":"es-AR"},{"@type":"Organization","@id":"https:\/\/www.todoriego.com.ar\/site\/#organization","name":"Todoriego Insumos s.r.l.","url":"https:\/\/www.todoriego.com.ar\/site\/","logo":{"@type":"ImageObject","inLanguage":"es-AR","@id":"https:\/\/www.todoriego.com.ar\/site\/#\/schema\/logo\/image\/","url":"http:\/\/www.todoriego.com.ar\/site\/wp-content\/uploads\/2022\/07\/todoriego_marca.jpg","contentUrl":"http:\/\/www.todoriego.com.ar\/site\/wp-content\/uploads\/2022\/07\/todoriego_marca.jpg","width":731,"height":731,"caption":"Todoriego Insumos s.r.l."},"image":{"@id":"https:\/\/www.todoriego.com.ar\/site\/#\/schema\/logo\/image\/"},"sameAs":["https:\/\/www.facebook.com\/todoriegoinsumos\/","https:\/\/www.instagram.com\/todoriegoinsumos\/"]}]}},"_links":{"self":[{"href":"https:\/\/www.todoriego.com.ar\/site\/wp-json\/wp\/v2\/product\/9153","targetHints":{"allow":["GET"]}}],"collection":[{"href":"https:\/\/www.todoriego.com.ar\/site\/wp-json\/wp\/v2\/product"}],"about":[{"href":"https:\/\/www.todoriego.com.ar\/site\/wp-json\/wp\/v2\/types\/product"}],"wp:featuredmedia":[{"embeddable":true,"href":"https:\/\/www.todoriego.com.ar\/site\/wp-json\/wp\/v2\/media\/9154"}],"wp:attachment":[{"href":"https:\/\/www.todoriego.com.ar\/site\/wp-json\/wp\/v2\/media?parent=9153"}],"wp:term":[{"taxonomy":"product_brand","embeddable":true,"href":"https:\/\/www.todoriego.com.ar\/site\/wp-json\/wp\/v2\/product_brand?post=9153"},{"taxonomy":"product_cat","embeddable":true,"href":"https:\/\/www.todoriego.com.ar\/site\/wp-json\/wp\/v2\/product_cat?post=9153"},{"taxonomy":"product_tag","embeddable":true,"href":"https:\/\/www.todoriego.com.ar\/site\/wp-json\/wp\/v2\/product_tag?post=9153"}],"curies":[{"name":"wp","href":"https:\/\/api.w.org\/{rel}","templated":true}]}}