{"id":9156,"date":"2022-09-02T17:02:27","date_gmt":"2022-09-02T20:02:27","guid":{"rendered":"http:\/\/www.todoriego.com.ar\/site\/?post_type=product&#038;p=9156"},"modified":"2022-09-02T17:10:38","modified_gmt":"2022-09-02T20:10:38","slug":"sensor-de-humedad-del-suelo-smrt-y","status":"publish","type":"product","link":"https:\/\/www.todoriego.com.ar\/site\/producto\/sensor-de-humedad-del-suelo-smrt-y\/","title":{"rendered":"Sensor de humedad SMRT-Y"},"content":{"rendered":"<p>Sensor de humedad del suelo SMRT-Y<br \/>\n\u2022 Preciso<br \/>\n\u2022 Fiable<br \/>\n\u2022 Inteligente<br \/>\nEs hora de una peque\u00f1a realimentaci\u00f3n desde las ra\u00edces. Con el nuevo kit de sensor de humedad del suelo SMRT-Y de Rain Bird, un controlador de riego est\u00e1 directamente vinculado a los requisitos de humedad absoluta de la vegetaci\u00f3n de un sitio.<\/p>\n<p>Cuando el sensor detecta condiciones secas, se permite el siguiente ciclo de riego programado. Si el nivel de humedad del suelo de un sitio est\u00e1 por encima del umbral, el ciclo de riego se suspende. Solo hay dos componentes b\u00e1sicos: un sensor en tierra y una interfaz de usuario en el controlador.<\/p>\n<p><strong>Caracter\u00edsticas<\/strong><br \/>\n\u2022 Convierte cualquier programador en un programador inteligente que ahorra agua<br \/>\n\u2022 Jardines m\u00e1s saludables menos propensos al agotamiento de nutrientes, aparici\u00f3n de hongos y crecimiento superficial de ra\u00edces<br \/>\n\u2022 Ahorro normal de agua superior al 40%<br \/>\n\u2022 El sensor digital TDT permite lecturas de alta precisi\u00f3n independientes de la temperatura del suelo y la conductividad el\u00e9ctrica (CE)<br \/>\n\u2022 Muestra el contenido de humedad del suelo, la temperatura del suelo y la CE<br \/>\n\u2022 Sensor subterr\u00e1neo resistente a la corrosi\u00f3n fabricado con acero inoxidable 304 de alto grado<\/p>\n<p><strong>Especificaciones<\/strong><br \/>\n<em>Especificaciones de operaci\u00f3n<\/em><br \/>\n\u2022 25 voltios de CA a 12 W<br \/>\n\u2022 Temperatura de funcionamiento: de -4 \u00b0F a 158 \u00b0F (de -20 \u00b0C a 70 \u00b0C)<br \/>\n\u2022 Temperatura de m\u00e1xima: de -40\u00b0F a 185\u00b0F (de -40\u00b0C a 85\u00b0C)<\/p>\n","protected":false},"excerpt":{"rendered":"<p><img loading=\"lazy\" decoding=\"async\" class=\"alignnone size-full wp-image-8741\" src=\"https:\/\/www.todoriego.com.ar\/site\/wp-content\/uploads\/2022\/07\/rainbird.png\" alt=\"\" width=\"103\" height=\"50\" \/><br \/>\nCon el nuevo kit de sensor de humedad del suelo <strong>SMRT-Y<\/strong> , es un controlador de riego que est\u00e1 directamente vinculado a los requisitos de humedad absoluta de la vegetaci\u00f3n de un sitio.<\/p>\n","protected":false},"featured_media":9155,"template":"","meta":{"_acf_changed":false},"product_brand":[],"product_cat":[39,118],"product_tag":[],"class_list":{"0":"post-9156","1":"product","2":"type-product","3":"status-publish","4":"has-post-thumbnail","6":"product_cat-espacios-verdes","7":"product_cat-accesorios-complementarios","9":"first","10":"instock","11":"shipping-taxable","12":"product-type-simple"},"acf":[],"yoast_head":"<!-- This site is optimized with the Yoast SEO plugin v27.4 - https:\/\/yoast.com\/product\/yoast-seo-wordpress\/ -->\n<title>Sensor de humedad SMRT-Y - Todoriego Insumos SRL<\/title>\n<meta name=\"description\" content=\"El sensor de humedad del suelo SMRT-Y Rain Bird, es un controlador de riego vinculado a los requisitos de humedad absoluta de la vegetaci\u00f3n de un sitio.\" \/>\n<meta name=\"robots\" content=\"index, follow, max-snippet:-1, max-image-preview:large, max-video-preview:-1\" \/>\n<link rel=\"canonical\" href=\"https:\/\/www.todoriego.com.ar\/site\/producto\/sensor-de-humedad-del-suelo-smrt-y\/\" \/>\n<meta property=\"og:locale\" content=\"es_ES\" \/>\n<meta property=\"og:type\" content=\"article\" \/>\n<meta property=\"og:title\" content=\"Sensor de humedad SMRT-Y - Todoriego Insumos SRL\" \/>\n<meta property=\"og:description\" content=\"El sensor de humedad del suelo SMRT-Y Rain Bird, es un controlador de riego vinculado a los requisitos de humedad absoluta de la vegetaci\u00f3n de un sitio.\" \/>\n<meta property=\"og:url\" content=\"https:\/\/www.todoriego.com.ar\/site\/producto\/sensor-de-humedad-del-suelo-smrt-y\/\" \/>\n<meta property=\"og:site_name\" content=\"Todoriego Insumos SRL\" \/>\n<meta property=\"article:publisher\" content=\"https:\/\/www.facebook.com\/todoriegoinsumos\/\" \/>\n<meta property=\"article:modified_time\" content=\"2022-09-02T20:10:38+00:00\" \/>\n<meta property=\"og:image\" content=\"https:\/\/www.todoriego.com.ar\/site\/wp-content\/uploads\/2022\/09\/RainBird_Sensor-de-humedad.jpg\" \/>\n\t<meta property=\"og:image:width\" content=\"600\" \/>\n\t<meta property=\"og:image:height\" content=\"600\" \/>\n\t<meta property=\"og:image:type\" content=\"image\/jpeg\" \/>\n<meta name=\"twitter:card\" content=\"summary_large_image\" \/>\n<meta name=\"twitter:label1\" content=\"Tiempo de lectura\" \/>\n\t<meta name=\"twitter:data1\" content=\"2 minutos\" \/>\n<script type=\"application\/ld+json\" class=\"yoast-schema-graph\">{\"@context\":\"https:\\\/\\\/schema.org\",\"@graph\":[{\"@type\":\"WebPage\",\"@id\":\"https:\\\/\\\/www.todoriego.com.ar\\\/site\\\/producto\\\/sensor-de-humedad-del-suelo-smrt-y\\\/\",\"url\":\"https:\\\/\\\/www.todoriego.com.ar\\\/site\\\/producto\\\/sensor-de-humedad-del-suelo-smrt-y\\\/\",\"name\":\"Sensor de humedad SMRT-Y - Todoriego Insumos SRL\",\"isPartOf\":{\"@id\":\"https:\\\/\\\/www.todoriego.com.ar\\\/site\\\/#website\"},\"primaryImageOfPage\":{\"@id\":\"https:\\\/\\\/www.todoriego.com.ar\\\/site\\\/producto\\\/sensor-de-humedad-del-suelo-smrt-y\\\/#primaryimage\"},\"image\":{\"@id\":\"https:\\\/\\\/www.todoriego.com.ar\\\/site\\\/producto\\\/sensor-de-humedad-del-suelo-smrt-y\\\/#primaryimage\"},\"thumbnailUrl\":\"https:\\\/\\\/www.todoriego.com.ar\\\/site\\\/wp-content\\\/uploads\\\/2022\\\/09\\\/RainBird_Sensor-de-humedad.jpg\",\"datePublished\":\"2022-09-02T20:02:27+00:00\",\"dateModified\":\"2022-09-02T20:10:38+00:00\",\"description\":\"El sensor de humedad del suelo SMRT-Y Rain Bird, es un controlador de riego vinculado a los requisitos de humedad absoluta de la vegetaci\u00f3n de un sitio.\",\"breadcrumb\":{\"@id\":\"https:\\\/\\\/www.todoriego.com.ar\\\/site\\\/producto\\\/sensor-de-humedad-del-suelo-smrt-y\\\/#breadcrumb\"},\"inLanguage\":\"es-AR\",\"potentialAction\":[{\"@type\":\"ReadAction\",\"target\":[\"https:\\\/\\\/www.todoriego.com.ar\\\/site\\\/producto\\\/sensor-de-humedad-del-suelo-smrt-y\\\/\"]}]},{\"@type\":\"ImageObject\",\"inLanguage\":\"es-AR\",\"@id\":\"https:\\\/\\\/www.todoriego.com.ar\\\/site\\\/producto\\\/sensor-de-humedad-del-suelo-smrt-y\\\/#primaryimage\",\"url\":\"https:\\\/\\\/www.todoriego.com.ar\\\/site\\\/wp-content\\\/uploads\\\/2022\\\/09\\\/RainBird_Sensor-de-humedad.jpg\",\"contentUrl\":\"https:\\\/\\\/www.todoriego.com.ar\\\/site\\\/wp-content\\\/uploads\\\/2022\\\/09\\\/RainBird_Sensor-de-humedad.jpg\",\"width\":600,\"height\":600},{\"@type\":\"BreadcrumbList\",\"@id\":\"https:\\\/\\\/www.todoriego.com.ar\\\/site\\\/producto\\\/sensor-de-humedad-del-suelo-smrt-y\\\/#breadcrumb\",\"itemListElement\":[{\"@type\":\"ListItem\",\"position\":1,\"name\":\"Inicio\",\"item\":\"https:\\\/\\\/www.todoriego.com.ar\\\/site\\\/\"},{\"@type\":\"ListItem\",\"position\":2,\"name\":\"Tienda\",\"item\":\"https:\\\/\\\/www.todoriego.com.ar\\\/site\\\/tienda\\\/\"},{\"@type\":\"ListItem\",\"position\":3,\"name\":\"Sensor de humedad SMRT-Y\"}]},{\"@type\":\"WebSite\",\"@id\":\"https:\\\/\\\/www.todoriego.com.ar\\\/site\\\/#website\",\"url\":\"https:\\\/\\\/www.todoriego.com.ar\\\/site\\\/\",\"name\":\"Todoriego Insumos SRL\",\"description\":\"Sabemos hacer riego\",\"publisher\":{\"@id\":\"https:\\\/\\\/www.todoriego.com.ar\\\/site\\\/#organization\"},\"potentialAction\":[{\"@type\":\"SearchAction\",\"target\":{\"@type\":\"EntryPoint\",\"urlTemplate\":\"https:\\\/\\\/www.todoriego.com.ar\\\/site\\\/?s={search_term_string}\"},\"query-input\":{\"@type\":\"PropertyValueSpecification\",\"valueRequired\":true,\"valueName\":\"search_term_string\"}}],\"inLanguage\":\"es-AR\"},{\"@type\":\"Organization\",\"@id\":\"https:\\\/\\\/www.todoriego.com.ar\\\/site\\\/#organization\",\"name\":\"Todoriego Insumos s.r.l.\",\"url\":\"https:\\\/\\\/www.todoriego.com.ar\\\/site\\\/\",\"logo\":{\"@type\":\"ImageObject\",\"inLanguage\":\"es-AR\",\"@id\":\"https:\\\/\\\/www.todoriego.com.ar\\\/site\\\/#\\\/schema\\\/logo\\\/image\\\/\",\"url\":\"http:\\\/\\\/www.todoriego.com.ar\\\/site\\\/wp-content\\\/uploads\\\/2022\\\/07\\\/todoriego_marca.jpg\",\"contentUrl\":\"http:\\\/\\\/www.todoriego.com.ar\\\/site\\\/wp-content\\\/uploads\\\/2022\\\/07\\\/todoriego_marca.jpg\",\"width\":731,\"height\":731,\"caption\":\"Todoriego Insumos s.r.l.\"},\"image\":{\"@id\":\"https:\\\/\\\/www.todoriego.com.ar\\\/site\\\/#\\\/schema\\\/logo\\\/image\\\/\"},\"sameAs\":[\"https:\\\/\\\/www.facebook.com\\\/todoriegoinsumos\\\/\",\"https:\\\/\\\/www.instagram.com\\\/todoriegoinsumos\\\/\"]}]}<\/script>\n<!-- \/ Yoast SEO plugin. -->","yoast_head_json":{"title":"Sensor de humedad SMRT-Y - Todoriego Insumos SRL","description":"El sensor de humedad del suelo SMRT-Y Rain Bird, es un controlador de riego vinculado a los requisitos de humedad absoluta de la vegetaci\u00f3n de un sitio.","robots":{"index":"index","follow":"follow","max-snippet":"max-snippet:-1","max-image-preview":"max-image-preview:large","max-video-preview":"max-video-preview:-1"},"canonical":"https:\/\/www.todoriego.com.ar\/site\/producto\/sensor-de-humedad-del-suelo-smrt-y\/","og_locale":"es_ES","og_type":"article","og_title":"Sensor de humedad SMRT-Y - Todoriego Insumos SRL","og_description":"El sensor de humedad del suelo SMRT-Y Rain Bird, es un controlador de riego vinculado a los requisitos de humedad absoluta de la vegetaci\u00f3n de un sitio.","og_url":"https:\/\/www.todoriego.com.ar\/site\/producto\/sensor-de-humedad-del-suelo-smrt-y\/","og_site_name":"Todoriego Insumos SRL","article_publisher":"https:\/\/www.facebook.com\/todoriegoinsumos\/","article_modified_time":"2022-09-02T20:10:38+00:00","og_image":[{"width":600,"height":600,"url":"https:\/\/www.todoriego.com.ar\/site\/wp-content\/uploads\/2022\/09\/RainBird_Sensor-de-humedad.jpg","type":"image\/jpeg"}],"twitter_card":"summary_large_image","twitter_misc":{"Tiempo de lectura":"2 minutos"},"schema":{"@context":"https:\/\/schema.org","@graph":[{"@type":"WebPage","@id":"https:\/\/www.todoriego.com.ar\/site\/producto\/sensor-de-humedad-del-suelo-smrt-y\/","url":"https:\/\/www.todoriego.com.ar\/site\/producto\/sensor-de-humedad-del-suelo-smrt-y\/","name":"Sensor de humedad SMRT-Y - Todoriego Insumos SRL","isPartOf":{"@id":"https:\/\/www.todoriego.com.ar\/site\/#website"},"primaryImageOfPage":{"@id":"https:\/\/www.todoriego.com.ar\/site\/producto\/sensor-de-humedad-del-suelo-smrt-y\/#primaryimage"},"image":{"@id":"https:\/\/www.todoriego.com.ar\/site\/producto\/sensor-de-humedad-del-suelo-smrt-y\/#primaryimage"},"thumbnailUrl":"https:\/\/www.todoriego.com.ar\/site\/wp-content\/uploads\/2022\/09\/RainBird_Sensor-de-humedad.jpg","datePublished":"2022-09-02T20:02:27+00:00","dateModified":"2022-09-02T20:10:38+00:00","description":"El sensor de humedad del suelo SMRT-Y Rain Bird, es un controlador de riego vinculado a los requisitos de humedad absoluta de la vegetaci\u00f3n de un sitio.","breadcrumb":{"@id":"https:\/\/www.todoriego.com.ar\/site\/producto\/sensor-de-humedad-del-suelo-smrt-y\/#breadcrumb"},"inLanguage":"es-AR","potentialAction":[{"@type":"ReadAction","target":["https:\/\/www.todoriego.com.ar\/site\/producto\/sensor-de-humedad-del-suelo-smrt-y\/"]}]},{"@type":"ImageObject","inLanguage":"es-AR","@id":"https:\/\/www.todoriego.com.ar\/site\/producto\/sensor-de-humedad-del-suelo-smrt-y\/#primaryimage","url":"https:\/\/www.todoriego.com.ar\/site\/wp-content\/uploads\/2022\/09\/RainBird_Sensor-de-humedad.jpg","contentUrl":"https:\/\/www.todoriego.com.ar\/site\/wp-content\/uploads\/2022\/09\/RainBird_Sensor-de-humedad.jpg","width":600,"height":600},{"@type":"BreadcrumbList","@id":"https:\/\/www.todoriego.com.ar\/site\/producto\/sensor-de-humedad-del-suelo-smrt-y\/#breadcrumb","itemListElement":[{"@type":"ListItem","position":1,"name":"Inicio","item":"https:\/\/www.todoriego.com.ar\/site\/"},{"@type":"ListItem","position":2,"name":"Tienda","item":"https:\/\/www.todoriego.com.ar\/site\/tienda\/"},{"@type":"ListItem","position":3,"name":"Sensor de humedad SMRT-Y"}]},{"@type":"WebSite","@id":"https:\/\/www.todoriego.com.ar\/site\/#website","url":"https:\/\/www.todoriego.com.ar\/site\/","name":"Todoriego Insumos SRL","description":"Sabemos hacer riego","publisher":{"@id":"https:\/\/www.todoriego.com.ar\/site\/#organization"},"potentialAction":[{"@type":"SearchAction","target":{"@type":"EntryPoint","urlTemplate":"https:\/\/www.todoriego.com.ar\/site\/?s={search_term_string}"},"query-input":{"@type":"PropertyValueSpecification","valueRequired":true,"valueName":"search_term_string"}}],"inLanguage":"es-AR"},{"@type":"Organization","@id":"https:\/\/www.todoriego.com.ar\/site\/#organization","name":"Todoriego Insumos s.r.l.","url":"https:\/\/www.todoriego.com.ar\/site\/","logo":{"@type":"ImageObject","inLanguage":"es-AR","@id":"https:\/\/www.todoriego.com.ar\/site\/#\/schema\/logo\/image\/","url":"http:\/\/www.todoriego.com.ar\/site\/wp-content\/uploads\/2022\/07\/todoriego_marca.jpg","contentUrl":"http:\/\/www.todoriego.com.ar\/site\/wp-content\/uploads\/2022\/07\/todoriego_marca.jpg","width":731,"height":731,"caption":"Todoriego Insumos s.r.l."},"image":{"@id":"https:\/\/www.todoriego.com.ar\/site\/#\/schema\/logo\/image\/"},"sameAs":["https:\/\/www.facebook.com\/todoriegoinsumos\/","https:\/\/www.instagram.com\/todoriegoinsumos\/"]}]}},"_links":{"self":[{"href":"https:\/\/www.todoriego.com.ar\/site\/wp-json\/wp\/v2\/product\/9156","targetHints":{"allow":["GET"]}}],"collection":[{"href":"https:\/\/www.todoriego.com.ar\/site\/wp-json\/wp\/v2\/product"}],"about":[{"href":"https:\/\/www.todoriego.com.ar\/site\/wp-json\/wp\/v2\/types\/product"}],"wp:featuredmedia":[{"embeddable":true,"href":"https:\/\/www.todoriego.com.ar\/site\/wp-json\/wp\/v2\/media\/9155"}],"wp:attachment":[{"href":"https:\/\/www.todoriego.com.ar\/site\/wp-json\/wp\/v2\/media?parent=9156"}],"wp:term":[{"taxonomy":"product_brand","embeddable":true,"href":"https:\/\/www.todoriego.com.ar\/site\/wp-json\/wp\/v2\/product_brand?post=9156"},{"taxonomy":"product_cat","embeddable":true,"href":"https:\/\/www.todoriego.com.ar\/site\/wp-json\/wp\/v2\/product_cat?post=9156"},{"taxonomy":"product_tag","embeddable":true,"href":"https:\/\/www.todoriego.com.ar\/site\/wp-json\/wp\/v2\/product_tag?post=9156"}],"curies":[{"name":"wp","href":"https:\/\/api.w.org\/{rel}","templated":true}]}}