{"id":9161,"date":"2022-09-02T17:22:34","date_gmt":"2022-09-02T20:22:34","guid":{"rendered":"http:\/\/www.todoriego.com.ar\/site\/?post_type=product&#038;p=9161"},"modified":"2022-09-02T17:28:36","modified_gmt":"2022-09-02T20:28:36","slug":"conector-para-cables-wc20","status":"publish","type":"product","link":"https:\/\/www.todoriego.com.ar\/site\/producto\/conector-para-cables-wc20\/","title":{"rendered":"Conector para cables"},"content":{"rendered":"<p>Conexiones simplificadas<br \/>\nCuando su equipo de instaladores hace incontables conexiones de cables en un lugar de trabajo, \u00bfpor qu\u00e9 retrasarlos con pasos de trabajo innecesarios? Con el uso de los conectores de cables de la serie WC20 de Rain Bird, el trabajo se hace m\u00e1s r\u00e1pido. A diferencia de otros conectores de cables en el mercado, los conectores de cables WC20 de <em>Rain Bird<\/em> son r\u00e1pidos de instalar y proporcionan un sellado fiable contra la humedad para conexiones el\u00e9ctricas de controlador y v\u00e1lvula con las que puede contar.<\/p>\n<p><strong>Caracter\u00edsticas<\/strong><br \/>\n\u2022 Instalaci\u00f3n m\u00e1s r\u00e1pida: los conectores de cables Serie WC son r\u00e1pidos de instalar y proporcionan un sello confiable contra la humedad para las conexiones el\u00e9ctricas del programador y las v\u00e1lvulas.<br \/>\n\u2022 Simplifican el inventario, \u00a1es el \u00fanico conector de cables que necesitar\u00e1! Es ideal para uso con sistemas de control de decodificador de dos cables.<br \/>\n\u2022 Evite quejas; ubicar y reparar un empalme de cables corro\u00eddo le cuesta tiempo y dinero a su empresa. Evite las llamadas innecesarias al servicio t\u00e9cnico.<br \/>\n\u2022 Uso para programadores est\u00e1ndares, arquetas y sensores de humedad del suelo.<br \/>\n\u2022 Combinaciones de cables de calibre 22 GA a 8 GA.<br \/>\n\u2022 Se utiliza en conexiones de 24 VCA a 600 VCA<br \/>\n\u2022 Certificaci\u00f3n UL 486D para entierro directamente.<br \/>\n\u2022 El sellador herm\u00e9tico de silicona protege contra la corrosi\u00f3n<br \/>\n\u2022 Material resistente a los rayos UV que asegura que el rendimiento del producto no se deteriore por la exposici\u00f3n prolongada a los rayos solares.<\/p>\n<p><strong>Especificaciones<\/strong><br \/>\n\u2022 Voltaje nominal m\u00e1ximo: 600V<br \/>\n\u2022 Temperatura nominal: 221 \u00b0F (105 \u00b0C)<br \/>\n\u2022 Temperatura del sellador de silicona: -45\u00b0F a 400\u00b0F (-43\u00b0C a 204\u00b0C)<\/p>\n","protected":false},"excerpt":{"rendered":"<p><img loading=\"lazy\" decoding=\"async\" class=\"alignnone size-full wp-image-8741\" src=\"https:\/\/www.todoriego.com.ar\/site\/wp-content\/uploads\/2022\/07\/rainbird.png\" alt=\"\" width=\"103\" height=\"50\" \/><br \/>\nA diferencia de otros conectores de cables en el mercado, los conectores de cables WC20 de <em>Rain Bird<\/em> son r\u00e1pidos de instalar y proporcionan un sellado fiable contra la humedad para conexiones el\u00e9ctricas de controlador y v\u00e1lvula con las que puede contar.<\/p>\n","protected":false},"featured_media":9155,"template":"","meta":{"_acf_changed":false},"product_brand":[],"product_cat":[39,118],"product_tag":[],"class_list":{"0":"post-9161","1":"product","2":"type-product","3":"status-publish","4":"has-post-thumbnail","6":"product_cat-espacios-verdes","7":"product_cat-accesorios-complementarios","9":"first","10":"instock","11":"shipping-taxable","12":"product-type-simple"},"acf":[],"yoast_head":"<!-- This site is optimized with the Yoast SEO plugin v27.4 - https:\/\/yoast.com\/product\/yoast-seo-wordpress\/ -->\n<title>Conector para cables - Todoriego Insumos SRL<\/title>\n<meta name=\"description\" content=\"Los conectores de cables Serie WC son r\u00e1pidos de instalar y proporcionan un sello confiable contra la humedad para las conexiones el\u00e9ctricas.\" \/>\n<meta name=\"robots\" content=\"index, follow, max-snippet:-1, max-image-preview:large, max-video-preview:-1\" \/>\n<link rel=\"canonical\" href=\"https:\/\/www.todoriego.com.ar\/site\/producto\/conector-para-cables-wc20\/\" \/>\n<meta property=\"og:locale\" content=\"es_ES\" \/>\n<meta property=\"og:type\" content=\"article\" \/>\n<meta property=\"og:title\" content=\"Conector para cables - Todoriego Insumos SRL\" \/>\n<meta property=\"og:description\" content=\"Los conectores de cables Serie WC son r\u00e1pidos de instalar y proporcionan un sello confiable contra la humedad para las conexiones el\u00e9ctricas.\" \/>\n<meta property=\"og:url\" content=\"https:\/\/www.todoriego.com.ar\/site\/producto\/conector-para-cables-wc20\/\" \/>\n<meta property=\"og:site_name\" content=\"Todoriego Insumos SRL\" \/>\n<meta property=\"article:publisher\" content=\"https:\/\/www.facebook.com\/todoriegoinsumos\/\" \/>\n<meta property=\"article:modified_time\" content=\"2022-09-02T20:28:36+00:00\" \/>\n<meta property=\"og:image\" content=\"https:\/\/www.todoriego.com.ar\/site\/wp-content\/uploads\/2022\/09\/RainBird_Sensor-de-humedad.jpg\" \/>\n\t<meta property=\"og:image:width\" content=\"600\" \/>\n\t<meta property=\"og:image:height\" content=\"600\" \/>\n\t<meta property=\"og:image:type\" content=\"image\/jpeg\" \/>\n<meta name=\"twitter:card\" content=\"summary_large_image\" \/>\n<meta name=\"twitter:label1\" content=\"Tiempo de lectura\" \/>\n\t<meta name=\"twitter:data1\" content=\"2 minutos\" \/>\n<script type=\"application\/ld+json\" class=\"yoast-schema-graph\">{\"@context\":\"https:\\\/\\\/schema.org\",\"@graph\":[{\"@type\":\"WebPage\",\"@id\":\"https:\\\/\\\/www.todoriego.com.ar\\\/site\\\/producto\\\/conector-para-cables-wc20\\\/\",\"url\":\"https:\\\/\\\/www.todoriego.com.ar\\\/site\\\/producto\\\/conector-para-cables-wc20\\\/\",\"name\":\"Conector para cables - Todoriego Insumos SRL\",\"isPartOf\":{\"@id\":\"https:\\\/\\\/www.todoriego.com.ar\\\/site\\\/#website\"},\"primaryImageOfPage\":{\"@id\":\"https:\\\/\\\/www.todoriego.com.ar\\\/site\\\/producto\\\/conector-para-cables-wc20\\\/#primaryimage\"},\"image\":{\"@id\":\"https:\\\/\\\/www.todoriego.com.ar\\\/site\\\/producto\\\/conector-para-cables-wc20\\\/#primaryimage\"},\"thumbnailUrl\":\"https:\\\/\\\/www.todoriego.com.ar\\\/site\\\/wp-content\\\/uploads\\\/2022\\\/09\\\/RainBird_Sensor-de-humedad.jpg\",\"datePublished\":\"2022-09-02T20:22:34+00:00\",\"dateModified\":\"2022-09-02T20:28:36+00:00\",\"description\":\"Los conectores de cables Serie WC son r\u00e1pidos de instalar y proporcionan un sello confiable contra la humedad para las conexiones el\u00e9ctricas.\",\"breadcrumb\":{\"@id\":\"https:\\\/\\\/www.todoriego.com.ar\\\/site\\\/producto\\\/conector-para-cables-wc20\\\/#breadcrumb\"},\"inLanguage\":\"es-AR\",\"potentialAction\":[{\"@type\":\"ReadAction\",\"target\":[\"https:\\\/\\\/www.todoriego.com.ar\\\/site\\\/producto\\\/conector-para-cables-wc20\\\/\"]}]},{\"@type\":\"ImageObject\",\"inLanguage\":\"es-AR\",\"@id\":\"https:\\\/\\\/www.todoriego.com.ar\\\/site\\\/producto\\\/conector-para-cables-wc20\\\/#primaryimage\",\"url\":\"https:\\\/\\\/www.todoriego.com.ar\\\/site\\\/wp-content\\\/uploads\\\/2022\\\/09\\\/RainBird_Sensor-de-humedad.jpg\",\"contentUrl\":\"https:\\\/\\\/www.todoriego.com.ar\\\/site\\\/wp-content\\\/uploads\\\/2022\\\/09\\\/RainBird_Sensor-de-humedad.jpg\",\"width\":600,\"height\":600},{\"@type\":\"BreadcrumbList\",\"@id\":\"https:\\\/\\\/www.todoriego.com.ar\\\/site\\\/producto\\\/conector-para-cables-wc20\\\/#breadcrumb\",\"itemListElement\":[{\"@type\":\"ListItem\",\"position\":1,\"name\":\"Inicio\",\"item\":\"https:\\\/\\\/www.todoriego.com.ar\\\/site\\\/\"},{\"@type\":\"ListItem\",\"position\":2,\"name\":\"Tienda\",\"item\":\"https:\\\/\\\/www.todoriego.com.ar\\\/site\\\/tienda\\\/\"},{\"@type\":\"ListItem\",\"position\":3,\"name\":\"Conector para cables\"}]},{\"@type\":\"WebSite\",\"@id\":\"https:\\\/\\\/www.todoriego.com.ar\\\/site\\\/#website\",\"url\":\"https:\\\/\\\/www.todoriego.com.ar\\\/site\\\/\",\"name\":\"Todoriego Insumos SRL\",\"description\":\"Sabemos hacer riego\",\"publisher\":{\"@id\":\"https:\\\/\\\/www.todoriego.com.ar\\\/site\\\/#organization\"},\"potentialAction\":[{\"@type\":\"SearchAction\",\"target\":{\"@type\":\"EntryPoint\",\"urlTemplate\":\"https:\\\/\\\/www.todoriego.com.ar\\\/site\\\/?s={search_term_string}\"},\"query-input\":{\"@type\":\"PropertyValueSpecification\",\"valueRequired\":true,\"valueName\":\"search_term_string\"}}],\"inLanguage\":\"es-AR\"},{\"@type\":\"Organization\",\"@id\":\"https:\\\/\\\/www.todoriego.com.ar\\\/site\\\/#organization\",\"name\":\"Todoriego Insumos s.r.l.\",\"url\":\"https:\\\/\\\/www.todoriego.com.ar\\\/site\\\/\",\"logo\":{\"@type\":\"ImageObject\",\"inLanguage\":\"es-AR\",\"@id\":\"https:\\\/\\\/www.todoriego.com.ar\\\/site\\\/#\\\/schema\\\/logo\\\/image\\\/\",\"url\":\"http:\\\/\\\/www.todoriego.com.ar\\\/site\\\/wp-content\\\/uploads\\\/2022\\\/07\\\/todoriego_marca.jpg\",\"contentUrl\":\"http:\\\/\\\/www.todoriego.com.ar\\\/site\\\/wp-content\\\/uploads\\\/2022\\\/07\\\/todoriego_marca.jpg\",\"width\":731,\"height\":731,\"caption\":\"Todoriego Insumos s.r.l.\"},\"image\":{\"@id\":\"https:\\\/\\\/www.todoriego.com.ar\\\/site\\\/#\\\/schema\\\/logo\\\/image\\\/\"},\"sameAs\":[\"https:\\\/\\\/www.facebook.com\\\/todoriegoinsumos\\\/\",\"https:\\\/\\\/www.instagram.com\\\/todoriegoinsumos\\\/\"]}]}<\/script>\n<!-- \/ Yoast SEO plugin. -->","yoast_head_json":{"title":"Conector para cables - Todoriego Insumos SRL","description":"Los conectores de cables Serie WC son r\u00e1pidos de instalar y proporcionan un sello confiable contra la humedad para las conexiones el\u00e9ctricas.","robots":{"index":"index","follow":"follow","max-snippet":"max-snippet:-1","max-image-preview":"max-image-preview:large","max-video-preview":"max-video-preview:-1"},"canonical":"https:\/\/www.todoriego.com.ar\/site\/producto\/conector-para-cables-wc20\/","og_locale":"es_ES","og_type":"article","og_title":"Conector para cables - Todoriego Insumos SRL","og_description":"Los conectores de cables Serie WC son r\u00e1pidos de instalar y proporcionan un sello confiable contra la humedad para las conexiones el\u00e9ctricas.","og_url":"https:\/\/www.todoriego.com.ar\/site\/producto\/conector-para-cables-wc20\/","og_site_name":"Todoriego Insumos SRL","article_publisher":"https:\/\/www.facebook.com\/todoriegoinsumos\/","article_modified_time":"2022-09-02T20:28:36+00:00","og_image":[{"width":600,"height":600,"url":"https:\/\/www.todoriego.com.ar\/site\/wp-content\/uploads\/2022\/09\/RainBird_Sensor-de-humedad.jpg","type":"image\/jpeg"}],"twitter_card":"summary_large_image","twitter_misc":{"Tiempo de lectura":"2 minutos"},"schema":{"@context":"https:\/\/schema.org","@graph":[{"@type":"WebPage","@id":"https:\/\/www.todoriego.com.ar\/site\/producto\/conector-para-cables-wc20\/","url":"https:\/\/www.todoriego.com.ar\/site\/producto\/conector-para-cables-wc20\/","name":"Conector para cables - Todoriego Insumos SRL","isPartOf":{"@id":"https:\/\/www.todoriego.com.ar\/site\/#website"},"primaryImageOfPage":{"@id":"https:\/\/www.todoriego.com.ar\/site\/producto\/conector-para-cables-wc20\/#primaryimage"},"image":{"@id":"https:\/\/www.todoriego.com.ar\/site\/producto\/conector-para-cables-wc20\/#primaryimage"},"thumbnailUrl":"https:\/\/www.todoriego.com.ar\/site\/wp-content\/uploads\/2022\/09\/RainBird_Sensor-de-humedad.jpg","datePublished":"2022-09-02T20:22:34+00:00","dateModified":"2022-09-02T20:28:36+00:00","description":"Los conectores de cables Serie WC son r\u00e1pidos de instalar y proporcionan un sello confiable contra la humedad para las conexiones el\u00e9ctricas.","breadcrumb":{"@id":"https:\/\/www.todoriego.com.ar\/site\/producto\/conector-para-cables-wc20\/#breadcrumb"},"inLanguage":"es-AR","potentialAction":[{"@type":"ReadAction","target":["https:\/\/www.todoriego.com.ar\/site\/producto\/conector-para-cables-wc20\/"]}]},{"@type":"ImageObject","inLanguage":"es-AR","@id":"https:\/\/www.todoriego.com.ar\/site\/producto\/conector-para-cables-wc20\/#primaryimage","url":"https:\/\/www.todoriego.com.ar\/site\/wp-content\/uploads\/2022\/09\/RainBird_Sensor-de-humedad.jpg","contentUrl":"https:\/\/www.todoriego.com.ar\/site\/wp-content\/uploads\/2022\/09\/RainBird_Sensor-de-humedad.jpg","width":600,"height":600},{"@type":"BreadcrumbList","@id":"https:\/\/www.todoriego.com.ar\/site\/producto\/conector-para-cables-wc20\/#breadcrumb","itemListElement":[{"@type":"ListItem","position":1,"name":"Inicio","item":"https:\/\/www.todoriego.com.ar\/site\/"},{"@type":"ListItem","position":2,"name":"Tienda","item":"https:\/\/www.todoriego.com.ar\/site\/tienda\/"},{"@type":"ListItem","position":3,"name":"Conector para cables"}]},{"@type":"WebSite","@id":"https:\/\/www.todoriego.com.ar\/site\/#website","url":"https:\/\/www.todoriego.com.ar\/site\/","name":"Todoriego Insumos SRL","description":"Sabemos hacer riego","publisher":{"@id":"https:\/\/www.todoriego.com.ar\/site\/#organization"},"potentialAction":[{"@type":"SearchAction","target":{"@type":"EntryPoint","urlTemplate":"https:\/\/www.todoriego.com.ar\/site\/?s={search_term_string}"},"query-input":{"@type":"PropertyValueSpecification","valueRequired":true,"valueName":"search_term_string"}}],"inLanguage":"es-AR"},{"@type":"Organization","@id":"https:\/\/www.todoriego.com.ar\/site\/#organization","name":"Todoriego Insumos s.r.l.","url":"https:\/\/www.todoriego.com.ar\/site\/","logo":{"@type":"ImageObject","inLanguage":"es-AR","@id":"https:\/\/www.todoriego.com.ar\/site\/#\/schema\/logo\/image\/","url":"http:\/\/www.todoriego.com.ar\/site\/wp-content\/uploads\/2022\/07\/todoriego_marca.jpg","contentUrl":"http:\/\/www.todoriego.com.ar\/site\/wp-content\/uploads\/2022\/07\/todoriego_marca.jpg","width":731,"height":731,"caption":"Todoriego Insumos s.r.l."},"image":{"@id":"https:\/\/www.todoriego.com.ar\/site\/#\/schema\/logo\/image\/"},"sameAs":["https:\/\/www.facebook.com\/todoriegoinsumos\/","https:\/\/www.instagram.com\/todoriegoinsumos\/"]}]}},"_links":{"self":[{"href":"https:\/\/www.todoriego.com.ar\/site\/wp-json\/wp\/v2\/product\/9161","targetHints":{"allow":["GET"]}}],"collection":[{"href":"https:\/\/www.todoriego.com.ar\/site\/wp-json\/wp\/v2\/product"}],"about":[{"href":"https:\/\/www.todoriego.com.ar\/site\/wp-json\/wp\/v2\/types\/product"}],"wp:featuredmedia":[{"embeddable":true,"href":"https:\/\/www.todoriego.com.ar\/site\/wp-json\/wp\/v2\/media\/9155"}],"wp:attachment":[{"href":"https:\/\/www.todoriego.com.ar\/site\/wp-json\/wp\/v2\/media?parent=9161"}],"wp:term":[{"taxonomy":"product_brand","embeddable":true,"href":"https:\/\/www.todoriego.com.ar\/site\/wp-json\/wp\/v2\/product_brand?post=9161"},{"taxonomy":"product_cat","embeddable":true,"href":"https:\/\/www.todoriego.com.ar\/site\/wp-json\/wp\/v2\/product_cat?post=9161"},{"taxonomy":"product_tag","embeddable":true,"href":"https:\/\/www.todoriego.com.ar\/site\/wp-json\/wp\/v2\/product_tag?post=9161"}],"curies":[{"name":"wp","href":"https:\/\/api.w.org\/{rel}","templated":true}]}}