{"id":9224,"date":"2022-09-21T17:44:42","date_gmt":"2022-09-21T20:44:42","guid":{"rendered":"http:\/\/www.todoriego.com.ar\/site\/?post_type=product&#038;p=9224"},"modified":"2022-09-21T17:47:51","modified_gmt":"2022-09-21T20:47:51","slug":"ir-c15","status":"publish","type":"product","link":"https:\/\/www.todoriego.com.ar\/site\/producto\/ir-c15\/","title":{"rendered":"IR C15"},"content":{"rendered":"<p>El C15 de BERMAD es una combinaci\u00f3n de alta calidad de v\u00e1lvula de aire para una variedad de redes y de condiciones de funcionamiento. Alivia el aire durante el llenado de las tuber\u00edas, permite la liberaci\u00f3n eficiente de las bolsas de aire de las tuber\u00edas presurizadas, y permite el ingreso de grandes vol\u00famenes de aire en el caso de drenaje de la red. Con su dise\u00f1o aerodin\u00e1mico avanzado, esta v\u00e1lvula ofrece una excelente protecci\u00f3n contra la acumulaci\u00f3n de aire y la formaci\u00f3n de vac\u00edo con una estanqueidad mejorada en condiciones de baja presi\u00f3n.<\/p>\n<p><strong>Caracter\u00edsticas<\/strong><br \/>\n\u2022 Cuerpo de caudal recto con orificio autom\u00e1tico de di\u00e1metro grande: Velocidades de caudal m\u00e1s altas de lo habitual.<br \/>\n\u2022 Protecci\u00f3n cin\u00e9tica aerodin\u00e1mica de cuerpo completo: Evita el cierre prematuro sin alterar la entrada o descarga de aire.<br \/>\n\u2022 Sellado din\u00e1mico: Evita fugas bajo condiciones de baja presi\u00f3n (1,5 psi; 0,1 bar).<br \/>\n\u2022 Estructura compacta, sencilla y fiable cuyas piezas son completamente resistentes a la corrosi\u00f3n, a los productos qu\u00edmicos y a los fertilizantes: Bajo mantenimiento y mayor vida \u00fatil.<br \/>\n\u2022 Dise\u00f1o en cumplimiento con el est\u00e1ndar EN-1074\/4<br \/>\n\u2022 Aprobaci\u00f3n de f\u00e1brica y control de calidad: Rendimiento y especificaciones probadas y medidas con banco de pruebas especializado, incluyendo condiciones de presi\u00f3n de vac\u00edo..<br \/>\n\u2022 Probada en campo para su uso en aplicaciones de riego con calidad de agua como agua pluvial, agua de canales, agua de presas o efluente tratada con alta fiabilidad.<\/p>\n<p><strong>Aplicaciones t\u00edpicas<\/strong><br \/>\n\u2022 Redes de riego principales: Protecci\u00f3n contra la acumulaci\u00f3n de aire y la formaci\u00f3n de vac\u00edo corriente abajo en bombas, a lo largo de l\u00edneas de suministro y en elevaciones en redes de riego principales.<br \/>\n\u2022 Cabeceras de control de riego: Protecci\u00f3n contra la acumulaci\u00f3n de aire y formaci\u00f3n de vac\u00edo en estaciones de filtrado y fertilizaci\u00f3n y corriente abajo en v\u00e1lvulas de control principales.<br \/>\n\u2022 Sistemas en campo: Protecci\u00f3n contra la acumulaci\u00f3n de aire y la formaci\u00f3n de vac\u00edo en proximidad a contadores de agua y reguladores autom\u00e1ticos.<br \/>\n\u2022 Riego de terrenos: Protecci\u00f3n contra la acumulaci\u00f3n de aire y la formaci\u00f3n de vac\u00edo.<\/p>\n","protected":false},"excerpt":{"rendered":"<p><img loading=\"lazy\" decoding=\"async\" class=\"alignnone size-full wp-image-8730\" src=\"https:\/\/www.todoriego.com.ar\/site\/wp-content\/uploads\/2022\/07\/bermad.png\" alt=\"bermad\" width=\"103\" height=\"50\" \/><br \/>\nAlivia el aire durante el llenado de las tuber\u00edas, permite la liberaci\u00f3n eficiente de las bolsas de aire de las tuber\u00edas presurizadas, y permite el ingreso de grandes vol\u00famenes de aire en el caso de drenaje de la red.<\/p>\n","protected":false},"featured_media":9217,"template":"","meta":{"_acf_changed":false},"product_brand":[],"product_cat":[36,77],"product_tag":[],"class_list":{"0":"post-9224","1":"product","2":"type-product","3":"status-publish","4":"has-post-thumbnail","6":"product_cat-valvulas-y-accesorios-de-medicion","7":"product_cat-valvulas-de-aire","9":"first","10":"instock","11":"shipping-taxable","12":"product-type-simple"},"acf":[],"yoast_head":"<!-- This site is optimized with the Yoast SEO plugin v27.4 - https:\/\/yoast.com\/product\/yoast-seo-wordpress\/ -->\n<title>IR C15 - Todoriego Insumos SRL<\/title>\n<meta name=\"description\" content=\"C15 de BERMAD, alivia el aire durante el llenado de las tuber\u00edas, permite la liberaci\u00f3n eficiente de las bolsas de aire de las tuber\u00edas presurizadas.\" \/>\n<meta name=\"robots\" content=\"index, follow, max-snippet:-1, max-image-preview:large, max-video-preview:-1\" \/>\n<link rel=\"canonical\" href=\"https:\/\/www.todoriego.com.ar\/site\/producto\/ir-c15\/\" \/>\n<meta property=\"og:locale\" content=\"es_ES\" \/>\n<meta property=\"og:type\" content=\"article\" \/>\n<meta property=\"og:title\" content=\"IR C15 - Todoriego Insumos SRL\" \/>\n<meta property=\"og:description\" content=\"C15 de BERMAD, alivia el aire durante el llenado de las tuber\u00edas, permite la liberaci\u00f3n eficiente de las bolsas de aire de las tuber\u00edas presurizadas.\" \/>\n<meta property=\"og:url\" content=\"https:\/\/www.todoriego.com.ar\/site\/producto\/ir-c15\/\" \/>\n<meta property=\"og:site_name\" content=\"Todoriego Insumos SRL\" \/>\n<meta property=\"article:publisher\" content=\"https:\/\/www.facebook.com\/todoriegoinsumos\/\" \/>\n<meta property=\"article:modified_time\" content=\"2022-09-21T20:47:51+00:00\" \/>\n<meta property=\"og:image\" content=\"https:\/\/www.todoriego.com.ar\/site\/wp-content\/uploads\/2022\/09\/Bermad_valvula_IR-C15.jpg\" \/>\n\t<meta property=\"og:image:width\" content=\"600\" \/>\n\t<meta property=\"og:image:height\" content=\"600\" \/>\n\t<meta property=\"og:image:type\" content=\"image\/jpeg\" \/>\n<meta name=\"twitter:card\" content=\"summary_large_image\" \/>\n<meta name=\"twitter:label1\" content=\"Tiempo de lectura\" \/>\n\t<meta name=\"twitter:data1\" content=\"2 minutos\" \/>\n<script type=\"application\/ld+json\" class=\"yoast-schema-graph\">{\"@context\":\"https:\\\/\\\/schema.org\",\"@graph\":[{\"@type\":\"WebPage\",\"@id\":\"https:\\\/\\\/www.todoriego.com.ar\\\/site\\\/producto\\\/ir-c15\\\/\",\"url\":\"https:\\\/\\\/www.todoriego.com.ar\\\/site\\\/producto\\\/ir-c15\\\/\",\"name\":\"IR C15 - Todoriego Insumos SRL\",\"isPartOf\":{\"@id\":\"https:\\\/\\\/www.todoriego.com.ar\\\/site\\\/#website\"},\"primaryImageOfPage\":{\"@id\":\"https:\\\/\\\/www.todoriego.com.ar\\\/site\\\/producto\\\/ir-c15\\\/#primaryimage\"},\"image\":{\"@id\":\"https:\\\/\\\/www.todoriego.com.ar\\\/site\\\/producto\\\/ir-c15\\\/#primaryimage\"},\"thumbnailUrl\":\"https:\\\/\\\/www.todoriego.com.ar\\\/site\\\/wp-content\\\/uploads\\\/2022\\\/09\\\/Bermad_valvula_IR-C15.jpg\",\"datePublished\":\"2022-09-21T20:44:42+00:00\",\"dateModified\":\"2022-09-21T20:47:51+00:00\",\"description\":\"C15 de BERMAD, alivia el aire durante el llenado de las tuber\u00edas, permite la liberaci\u00f3n eficiente de las bolsas de aire de las tuber\u00edas presurizadas.\",\"breadcrumb\":{\"@id\":\"https:\\\/\\\/www.todoriego.com.ar\\\/site\\\/producto\\\/ir-c15\\\/#breadcrumb\"},\"inLanguage\":\"es-AR\",\"potentialAction\":[{\"@type\":\"ReadAction\",\"target\":[\"https:\\\/\\\/www.todoriego.com.ar\\\/site\\\/producto\\\/ir-c15\\\/\"]}]},{\"@type\":\"ImageObject\",\"inLanguage\":\"es-AR\",\"@id\":\"https:\\\/\\\/www.todoriego.com.ar\\\/site\\\/producto\\\/ir-c15\\\/#primaryimage\",\"url\":\"https:\\\/\\\/www.todoriego.com.ar\\\/site\\\/wp-content\\\/uploads\\\/2022\\\/09\\\/Bermad_valvula_IR-C15.jpg\",\"contentUrl\":\"https:\\\/\\\/www.todoriego.com.ar\\\/site\\\/wp-content\\\/uploads\\\/2022\\\/09\\\/Bermad_valvula_IR-C15.jpg\",\"width\":600,\"height\":600},{\"@type\":\"BreadcrumbList\",\"@id\":\"https:\\\/\\\/www.todoriego.com.ar\\\/site\\\/producto\\\/ir-c15\\\/#breadcrumb\",\"itemListElement\":[{\"@type\":\"ListItem\",\"position\":1,\"name\":\"Inicio\",\"item\":\"https:\\\/\\\/www.todoriego.com.ar\\\/site\\\/\"},{\"@type\":\"ListItem\",\"position\":2,\"name\":\"Tienda\",\"item\":\"https:\\\/\\\/www.todoriego.com.ar\\\/site\\\/tienda\\\/\"},{\"@type\":\"ListItem\",\"position\":3,\"name\":\"IR C15\"}]},{\"@type\":\"WebSite\",\"@id\":\"https:\\\/\\\/www.todoriego.com.ar\\\/site\\\/#website\",\"url\":\"https:\\\/\\\/www.todoriego.com.ar\\\/site\\\/\",\"name\":\"Todoriego Insumos SRL\",\"description\":\"Sabemos hacer riego\",\"publisher\":{\"@id\":\"https:\\\/\\\/www.todoriego.com.ar\\\/site\\\/#organization\"},\"potentialAction\":[{\"@type\":\"SearchAction\",\"target\":{\"@type\":\"EntryPoint\",\"urlTemplate\":\"https:\\\/\\\/www.todoriego.com.ar\\\/site\\\/?s={search_term_string}\"},\"query-input\":{\"@type\":\"PropertyValueSpecification\",\"valueRequired\":true,\"valueName\":\"search_term_string\"}}],\"inLanguage\":\"es-AR\"},{\"@type\":\"Organization\",\"@id\":\"https:\\\/\\\/www.todoriego.com.ar\\\/site\\\/#organization\",\"name\":\"Todoriego Insumos s.r.l.\",\"url\":\"https:\\\/\\\/www.todoriego.com.ar\\\/site\\\/\",\"logo\":{\"@type\":\"ImageObject\",\"inLanguage\":\"es-AR\",\"@id\":\"https:\\\/\\\/www.todoriego.com.ar\\\/site\\\/#\\\/schema\\\/logo\\\/image\\\/\",\"url\":\"http:\\\/\\\/www.todoriego.com.ar\\\/site\\\/wp-content\\\/uploads\\\/2022\\\/07\\\/todoriego_marca.jpg\",\"contentUrl\":\"http:\\\/\\\/www.todoriego.com.ar\\\/site\\\/wp-content\\\/uploads\\\/2022\\\/07\\\/todoriego_marca.jpg\",\"width\":731,\"height\":731,\"caption\":\"Todoriego Insumos s.r.l.\"},\"image\":{\"@id\":\"https:\\\/\\\/www.todoriego.com.ar\\\/site\\\/#\\\/schema\\\/logo\\\/image\\\/\"},\"sameAs\":[\"https:\\\/\\\/www.facebook.com\\\/todoriegoinsumos\\\/\",\"https:\\\/\\\/www.instagram.com\\\/todoriegoinsumos\\\/\"]}]}<\/script>\n<!-- \/ Yoast SEO plugin. -->","yoast_head_json":{"title":"IR C15 - Todoriego Insumos SRL","description":"C15 de BERMAD, alivia el aire durante el llenado de las tuber\u00edas, permite la liberaci\u00f3n eficiente de las bolsas de aire de las tuber\u00edas presurizadas.","robots":{"index":"index","follow":"follow","max-snippet":"max-snippet:-1","max-image-preview":"max-image-preview:large","max-video-preview":"max-video-preview:-1"},"canonical":"https:\/\/www.todoriego.com.ar\/site\/producto\/ir-c15\/","og_locale":"es_ES","og_type":"article","og_title":"IR C15 - Todoriego Insumos SRL","og_description":"C15 de BERMAD, alivia el aire durante el llenado de las tuber\u00edas, permite la liberaci\u00f3n eficiente de las bolsas de aire de las tuber\u00edas presurizadas.","og_url":"https:\/\/www.todoriego.com.ar\/site\/producto\/ir-c15\/","og_site_name":"Todoriego Insumos SRL","article_publisher":"https:\/\/www.facebook.com\/todoriegoinsumos\/","article_modified_time":"2022-09-21T20:47:51+00:00","og_image":[{"width":600,"height":600,"url":"https:\/\/www.todoriego.com.ar\/site\/wp-content\/uploads\/2022\/09\/Bermad_valvula_IR-C15.jpg","type":"image\/jpeg"}],"twitter_card":"summary_large_image","twitter_misc":{"Tiempo de lectura":"2 minutos"},"schema":{"@context":"https:\/\/schema.org","@graph":[{"@type":"WebPage","@id":"https:\/\/www.todoriego.com.ar\/site\/producto\/ir-c15\/","url":"https:\/\/www.todoriego.com.ar\/site\/producto\/ir-c15\/","name":"IR C15 - Todoriego Insumos SRL","isPartOf":{"@id":"https:\/\/www.todoriego.com.ar\/site\/#website"},"primaryImageOfPage":{"@id":"https:\/\/www.todoriego.com.ar\/site\/producto\/ir-c15\/#primaryimage"},"image":{"@id":"https:\/\/www.todoriego.com.ar\/site\/producto\/ir-c15\/#primaryimage"},"thumbnailUrl":"https:\/\/www.todoriego.com.ar\/site\/wp-content\/uploads\/2022\/09\/Bermad_valvula_IR-C15.jpg","datePublished":"2022-09-21T20:44:42+00:00","dateModified":"2022-09-21T20:47:51+00:00","description":"C15 de BERMAD, alivia el aire durante el llenado de las tuber\u00edas, permite la liberaci\u00f3n eficiente de las bolsas de aire de las tuber\u00edas presurizadas.","breadcrumb":{"@id":"https:\/\/www.todoriego.com.ar\/site\/producto\/ir-c15\/#breadcrumb"},"inLanguage":"es-AR","potentialAction":[{"@type":"ReadAction","target":["https:\/\/www.todoriego.com.ar\/site\/producto\/ir-c15\/"]}]},{"@type":"ImageObject","inLanguage":"es-AR","@id":"https:\/\/www.todoriego.com.ar\/site\/producto\/ir-c15\/#primaryimage","url":"https:\/\/www.todoriego.com.ar\/site\/wp-content\/uploads\/2022\/09\/Bermad_valvula_IR-C15.jpg","contentUrl":"https:\/\/www.todoriego.com.ar\/site\/wp-content\/uploads\/2022\/09\/Bermad_valvula_IR-C15.jpg","width":600,"height":600},{"@type":"BreadcrumbList","@id":"https:\/\/www.todoriego.com.ar\/site\/producto\/ir-c15\/#breadcrumb","itemListElement":[{"@type":"ListItem","position":1,"name":"Inicio","item":"https:\/\/www.todoriego.com.ar\/site\/"},{"@type":"ListItem","position":2,"name":"Tienda","item":"https:\/\/www.todoriego.com.ar\/site\/tienda\/"},{"@type":"ListItem","position":3,"name":"IR C15"}]},{"@type":"WebSite","@id":"https:\/\/www.todoriego.com.ar\/site\/#website","url":"https:\/\/www.todoriego.com.ar\/site\/","name":"Todoriego Insumos SRL","description":"Sabemos hacer riego","publisher":{"@id":"https:\/\/www.todoriego.com.ar\/site\/#organization"},"potentialAction":[{"@type":"SearchAction","target":{"@type":"EntryPoint","urlTemplate":"https:\/\/www.todoriego.com.ar\/site\/?s={search_term_string}"},"query-input":{"@type":"PropertyValueSpecification","valueRequired":true,"valueName":"search_term_string"}}],"inLanguage":"es-AR"},{"@type":"Organization","@id":"https:\/\/www.todoriego.com.ar\/site\/#organization","name":"Todoriego Insumos s.r.l.","url":"https:\/\/www.todoriego.com.ar\/site\/","logo":{"@type":"ImageObject","inLanguage":"es-AR","@id":"https:\/\/www.todoriego.com.ar\/site\/#\/schema\/logo\/image\/","url":"http:\/\/www.todoriego.com.ar\/site\/wp-content\/uploads\/2022\/07\/todoriego_marca.jpg","contentUrl":"http:\/\/www.todoriego.com.ar\/site\/wp-content\/uploads\/2022\/07\/todoriego_marca.jpg","width":731,"height":731,"caption":"Todoriego Insumos s.r.l."},"image":{"@id":"https:\/\/www.todoriego.com.ar\/site\/#\/schema\/logo\/image\/"},"sameAs":["https:\/\/www.facebook.com\/todoriegoinsumos\/","https:\/\/www.instagram.com\/todoriegoinsumos\/"]}]}},"_links":{"self":[{"href":"https:\/\/www.todoriego.com.ar\/site\/wp-json\/wp\/v2\/product\/9224","targetHints":{"allow":["GET"]}}],"collection":[{"href":"https:\/\/www.todoriego.com.ar\/site\/wp-json\/wp\/v2\/product"}],"about":[{"href":"https:\/\/www.todoriego.com.ar\/site\/wp-json\/wp\/v2\/types\/product"}],"wp:featuredmedia":[{"embeddable":true,"href":"https:\/\/www.todoriego.com.ar\/site\/wp-json\/wp\/v2\/media\/9217"}],"wp:attachment":[{"href":"https:\/\/www.todoriego.com.ar\/site\/wp-json\/wp\/v2\/media?parent=9224"}],"wp:term":[{"taxonomy":"product_brand","embeddable":true,"href":"https:\/\/www.todoriego.com.ar\/site\/wp-json\/wp\/v2\/product_brand?post=9224"},{"taxonomy":"product_cat","embeddable":true,"href":"https:\/\/www.todoriego.com.ar\/site\/wp-json\/wp\/v2\/product_cat?post=9224"},{"taxonomy":"product_tag","embeddable":true,"href":"https:\/\/www.todoriego.com.ar\/site\/wp-json\/wp\/v2\/product_tag?post=9224"}],"curies":[{"name":"wp","href":"https:\/\/api.w.org\/{rel}","templated":true}]}}