{"id":9225,"date":"2022-09-21T17:48:04","date_gmt":"2022-09-21T20:48:04","guid":{"rendered":"http:\/\/www.todoriego.com.ar\/site\/?post_type=product&#038;p=9225"},"modified":"2022-09-21T17:56:15","modified_gmt":"2022-09-21T20:56:15","slug":"avr-de-vacio","status":"publish","type":"product","link":"https:\/\/www.todoriego.com.ar\/site\/producto\/avr-de-vacio\/","title":{"rendered":"AVR de vac\u00edo"},"content":{"rendered":"<p><strong>BERMAD ARV<\/strong> es una v\u00e1lvula de aire interruptora de vac\u00edo para riego, dise\u00f1ada para permitir la admisi\u00f3n de aire y prevenir as\u00ed la formaci\u00f3n de presi\u00f3n negativa provocada por el vaciado o el drenaje de la tuber\u00eda. La v\u00e1lvula permanece cerrada mientras la presi\u00f3n sea positiva.<\/p>\n<p><strong>Caracter\u00edsticas<\/strong><br \/>\n\u2022 Estructura compacta, sencilla y fiable con piezas totalmente resistentes a la corrosi\u00f3n y a los agroqu\u00edmicos: Escaso mantenimiento y prolongada vida \u00fatil.<br \/>\n\u2022 Aprobaci\u00f3n y control de calidad en f\u00e1brica: Pruebas de funcionamiento y especificaciones en un banco de pruebas especializado, inclusive en condiciones de subpresi\u00f3n (vac\u00edo).<\/p>\n<p><strong>Aplicaciones<\/strong><br \/>\n\u2022 Protege las tuber\u00edas contra la posibilidad de colapso en condiciones de vac\u00edo.<br \/>\n\u2022 Evita exponer la tuber\u00eda a la infiltraci\u00f3n de sustancias t\u00f3xicas en los sistemas de goteo y la obstrucci\u00f3n de los goteros por la succi\u00f3n de part\u00edculas e impurezas, causada por las condiciones de vac\u00edo a continuaci\u00f3n del drenaje de la l\u00ednea.<br \/>\n\u2022 Admisi\u00f3n de aire en los tanques de fertilizante que se cierran con presiones positivas para prevenir el derrame de agroqu\u00edmicos<br \/>\n\u2022 Complemento de admisi\u00f3n de aire aguas abajo de la v\u00e1lvula en sistemas de riego por gravedad y cuesta abajo.<\/p>\n","protected":false},"excerpt":{"rendered":"<p><img loading=\"lazy\" decoding=\"async\" class=\"alignnone size-full wp-image-8730\" src=\"https:\/\/www.todoriego.com.ar\/site\/wp-content\/uploads\/2022\/07\/bermad.png\" alt=\"bermad\" width=\"103\" height=\"50\" \/><br \/>\n<strong>BERMAD ARV<\/strong> es una v\u00e1lvula de aire interruptora de vac\u00edo para riego, dise\u00f1ada para permitir la admisi\u00f3n de aire y prevenir as\u00ed la formaci\u00f3n de presi\u00f3n negativa provocada por el vaciado o el drenaje de la tuber\u00eda.<\/p>\n","protected":false},"featured_media":9219,"template":"","meta":{"_acf_changed":false},"product_brand":[],"product_cat":[78,36],"product_tag":[],"class_list":{"0":"post-9225","1":"product","2":"type-product","3":"status-publish","4":"has-post-thumbnail","6":"product_cat-valvulas-de-vacio","7":"product_cat-valvulas-y-accesorios-de-medicion","9":"first","10":"instock","11":"shipping-taxable","12":"product-type-simple"},"acf":[],"yoast_head":"<!-- This site is optimized with the Yoast SEO plugin v27.6 - https:\/\/yoast.com\/product\/yoast-seo-wordpress\/ -->\n<title>AVR de vac\u00edo - Todoriego Insumos SRL<\/title>\n<meta name=\"description\" content=\"Es una v\u00e1lvula de aire interruptora de vac\u00edo para riego, permite la admisi\u00f3n de aire y prevenir la presi\u00f3n negativa provocada por el drenaje de la tuber\u00eda.\" \/>\n<meta name=\"robots\" content=\"index, follow, max-snippet:-1, max-image-preview:large, max-video-preview:-1\" \/>\n<link rel=\"canonical\" href=\"https:\/\/www.todoriego.com.ar\/site\/producto\/avr-de-vacio\/\" \/>\n<meta property=\"og:locale\" content=\"es_ES\" \/>\n<meta property=\"og:type\" content=\"article\" \/>\n<meta property=\"og:title\" content=\"AVR de vac\u00edo - Todoriego Insumos SRL\" \/>\n<meta property=\"og:description\" content=\"Es una v\u00e1lvula de aire interruptora de vac\u00edo para riego, permite la admisi\u00f3n de aire y prevenir la presi\u00f3n negativa provocada por el drenaje de la tuber\u00eda.\" \/>\n<meta property=\"og:url\" content=\"https:\/\/www.todoriego.com.ar\/site\/producto\/avr-de-vacio\/\" \/>\n<meta property=\"og:site_name\" content=\"Todoriego Insumos SRL\" \/>\n<meta property=\"article:publisher\" content=\"https:\/\/www.facebook.com\/todoriegoinsumos\/\" \/>\n<meta property=\"article:modified_time\" content=\"2022-09-21T20:56:15+00:00\" \/>\n<meta property=\"og:image\" content=\"https:\/\/www.todoriego.com.ar\/site\/wp-content\/uploads\/2022\/09\/Bermad_valvula_BER.jpg\" \/>\n\t<meta property=\"og:image:width\" content=\"600\" \/>\n\t<meta property=\"og:image:height\" content=\"600\" \/>\n\t<meta property=\"og:image:type\" content=\"image\/jpeg\" \/>\n<meta name=\"twitter:card\" content=\"summary_large_image\" \/>\n<meta name=\"twitter:label1\" content=\"Tiempo de lectura\" \/>\n\t<meta name=\"twitter:data1\" content=\"1 minuto\" \/>\n<script type=\"application\/ld+json\" class=\"yoast-schema-graph\">{\"@context\":\"https:\\\/\\\/schema.org\",\"@graph\":[{\"@type\":\"WebPage\",\"@id\":\"https:\\\/\\\/www.todoriego.com.ar\\\/site\\\/producto\\\/avr-de-vacio\\\/\",\"url\":\"https:\\\/\\\/www.todoriego.com.ar\\\/site\\\/producto\\\/avr-de-vacio\\\/\",\"name\":\"AVR de vac\u00edo - Todoriego Insumos SRL\",\"isPartOf\":{\"@id\":\"https:\\\/\\\/www.todoriego.com.ar\\\/site\\\/#website\"},\"primaryImageOfPage\":{\"@id\":\"https:\\\/\\\/www.todoriego.com.ar\\\/site\\\/producto\\\/avr-de-vacio\\\/#primaryimage\"},\"image\":{\"@id\":\"https:\\\/\\\/www.todoriego.com.ar\\\/site\\\/producto\\\/avr-de-vacio\\\/#primaryimage\"},\"thumbnailUrl\":\"https:\\\/\\\/www.todoriego.com.ar\\\/site\\\/wp-content\\\/uploads\\\/2022\\\/09\\\/Bermad_valvula_BER.jpg\",\"datePublished\":\"2022-09-21T20:48:04+00:00\",\"dateModified\":\"2022-09-21T20:56:15+00:00\",\"description\":\"Es una v\u00e1lvula de aire interruptora de vac\u00edo para riego, permite la admisi\u00f3n de aire y prevenir la presi\u00f3n negativa provocada por el drenaje de la tuber\u00eda.\",\"breadcrumb\":{\"@id\":\"https:\\\/\\\/www.todoriego.com.ar\\\/site\\\/producto\\\/avr-de-vacio\\\/#breadcrumb\"},\"inLanguage\":\"es-AR\",\"potentialAction\":[{\"@type\":\"ReadAction\",\"target\":[\"https:\\\/\\\/www.todoriego.com.ar\\\/site\\\/producto\\\/avr-de-vacio\\\/\"]}]},{\"@type\":\"ImageObject\",\"inLanguage\":\"es-AR\",\"@id\":\"https:\\\/\\\/www.todoriego.com.ar\\\/site\\\/producto\\\/avr-de-vacio\\\/#primaryimage\",\"url\":\"https:\\\/\\\/www.todoriego.com.ar\\\/site\\\/wp-content\\\/uploads\\\/2022\\\/09\\\/Bermad_valvula_BER.jpg\",\"contentUrl\":\"https:\\\/\\\/www.todoriego.com.ar\\\/site\\\/wp-content\\\/uploads\\\/2022\\\/09\\\/Bermad_valvula_BER.jpg\",\"width\":600,\"height\":600},{\"@type\":\"BreadcrumbList\",\"@id\":\"https:\\\/\\\/www.todoriego.com.ar\\\/site\\\/producto\\\/avr-de-vacio\\\/#breadcrumb\",\"itemListElement\":[{\"@type\":\"ListItem\",\"position\":1,\"name\":\"Inicio\",\"item\":\"https:\\\/\\\/www.todoriego.com.ar\\\/site\\\/\"},{\"@type\":\"ListItem\",\"position\":2,\"name\":\"Tienda\",\"item\":\"https:\\\/\\\/www.todoriego.com.ar\\\/site\\\/tienda\\\/\"},{\"@type\":\"ListItem\",\"position\":3,\"name\":\"AVR de vac\u00edo\"}]},{\"@type\":\"WebSite\",\"@id\":\"https:\\\/\\\/www.todoriego.com.ar\\\/site\\\/#website\",\"url\":\"https:\\\/\\\/www.todoriego.com.ar\\\/site\\\/\",\"name\":\"Todoriego Insumos SRL\",\"description\":\"Sabemos hacer riego\",\"publisher\":{\"@id\":\"https:\\\/\\\/www.todoriego.com.ar\\\/site\\\/#organization\"},\"potentialAction\":[{\"@type\":\"SearchAction\",\"target\":{\"@type\":\"EntryPoint\",\"urlTemplate\":\"https:\\\/\\\/www.todoriego.com.ar\\\/site\\\/?s={search_term_string}\"},\"query-input\":{\"@type\":\"PropertyValueSpecification\",\"valueRequired\":true,\"valueName\":\"search_term_string\"}}],\"inLanguage\":\"es-AR\"},{\"@type\":\"Organization\",\"@id\":\"https:\\\/\\\/www.todoriego.com.ar\\\/site\\\/#organization\",\"name\":\"Todoriego Insumos s.r.l.\",\"url\":\"https:\\\/\\\/www.todoriego.com.ar\\\/site\\\/\",\"logo\":{\"@type\":\"ImageObject\",\"inLanguage\":\"es-AR\",\"@id\":\"https:\\\/\\\/www.todoriego.com.ar\\\/site\\\/#\\\/schema\\\/logo\\\/image\\\/\",\"url\":\"http:\\\/\\\/www.todoriego.com.ar\\\/site\\\/wp-content\\\/uploads\\\/2022\\\/07\\\/todoriego_marca.jpg\",\"contentUrl\":\"http:\\\/\\\/www.todoriego.com.ar\\\/site\\\/wp-content\\\/uploads\\\/2022\\\/07\\\/todoriego_marca.jpg\",\"width\":731,\"height\":731,\"caption\":\"Todoriego Insumos s.r.l.\"},\"image\":{\"@id\":\"https:\\\/\\\/www.todoriego.com.ar\\\/site\\\/#\\\/schema\\\/logo\\\/image\\\/\"},\"sameAs\":[\"https:\\\/\\\/www.facebook.com\\\/todoriegoinsumos\\\/\",\"https:\\\/\\\/www.instagram.com\\\/todoriegoinsumos\\\/\"]}]}<\/script>\n<!-- \/ Yoast SEO plugin. -->","yoast_head_json":{"title":"AVR de vac\u00edo - Todoriego Insumos SRL","description":"Es una v\u00e1lvula de aire interruptora de vac\u00edo para riego, permite la admisi\u00f3n de aire y prevenir la presi\u00f3n negativa provocada por el drenaje de la tuber\u00eda.","robots":{"index":"index","follow":"follow","max-snippet":"max-snippet:-1","max-image-preview":"max-image-preview:large","max-video-preview":"max-video-preview:-1"},"canonical":"https:\/\/www.todoriego.com.ar\/site\/producto\/avr-de-vacio\/","og_locale":"es_ES","og_type":"article","og_title":"AVR de vac\u00edo - Todoriego Insumos SRL","og_description":"Es una v\u00e1lvula de aire interruptora de vac\u00edo para riego, permite la admisi\u00f3n de aire y prevenir la presi\u00f3n negativa provocada por el drenaje de la tuber\u00eda.","og_url":"https:\/\/www.todoriego.com.ar\/site\/producto\/avr-de-vacio\/","og_site_name":"Todoriego Insumos SRL","article_publisher":"https:\/\/www.facebook.com\/todoriegoinsumos\/","article_modified_time":"2022-09-21T20:56:15+00:00","og_image":[{"width":600,"height":600,"url":"https:\/\/www.todoriego.com.ar\/site\/wp-content\/uploads\/2022\/09\/Bermad_valvula_BER.jpg","type":"image\/jpeg"}],"twitter_card":"summary_large_image","twitter_misc":{"Tiempo de lectura":"1 minuto"},"schema":{"@context":"https:\/\/schema.org","@graph":[{"@type":"WebPage","@id":"https:\/\/www.todoriego.com.ar\/site\/producto\/avr-de-vacio\/","url":"https:\/\/www.todoriego.com.ar\/site\/producto\/avr-de-vacio\/","name":"AVR de vac\u00edo - Todoriego Insumos SRL","isPartOf":{"@id":"https:\/\/www.todoriego.com.ar\/site\/#website"},"primaryImageOfPage":{"@id":"https:\/\/www.todoriego.com.ar\/site\/producto\/avr-de-vacio\/#primaryimage"},"image":{"@id":"https:\/\/www.todoriego.com.ar\/site\/producto\/avr-de-vacio\/#primaryimage"},"thumbnailUrl":"https:\/\/www.todoriego.com.ar\/site\/wp-content\/uploads\/2022\/09\/Bermad_valvula_BER.jpg","datePublished":"2022-09-21T20:48:04+00:00","dateModified":"2022-09-21T20:56:15+00:00","description":"Es una v\u00e1lvula de aire interruptora de vac\u00edo para riego, permite la admisi\u00f3n de aire y prevenir la presi\u00f3n negativa provocada por el drenaje de la tuber\u00eda.","breadcrumb":{"@id":"https:\/\/www.todoriego.com.ar\/site\/producto\/avr-de-vacio\/#breadcrumb"},"inLanguage":"es-AR","potentialAction":[{"@type":"ReadAction","target":["https:\/\/www.todoriego.com.ar\/site\/producto\/avr-de-vacio\/"]}]},{"@type":"ImageObject","inLanguage":"es-AR","@id":"https:\/\/www.todoriego.com.ar\/site\/producto\/avr-de-vacio\/#primaryimage","url":"https:\/\/www.todoriego.com.ar\/site\/wp-content\/uploads\/2022\/09\/Bermad_valvula_BER.jpg","contentUrl":"https:\/\/www.todoriego.com.ar\/site\/wp-content\/uploads\/2022\/09\/Bermad_valvula_BER.jpg","width":600,"height":600},{"@type":"BreadcrumbList","@id":"https:\/\/www.todoriego.com.ar\/site\/producto\/avr-de-vacio\/#breadcrumb","itemListElement":[{"@type":"ListItem","position":1,"name":"Inicio","item":"https:\/\/www.todoriego.com.ar\/site\/"},{"@type":"ListItem","position":2,"name":"Tienda","item":"https:\/\/www.todoriego.com.ar\/site\/tienda\/"},{"@type":"ListItem","position":3,"name":"AVR de vac\u00edo"}]},{"@type":"WebSite","@id":"https:\/\/www.todoriego.com.ar\/site\/#website","url":"https:\/\/www.todoriego.com.ar\/site\/","name":"Todoriego Insumos SRL","description":"Sabemos hacer riego","publisher":{"@id":"https:\/\/www.todoriego.com.ar\/site\/#organization"},"potentialAction":[{"@type":"SearchAction","target":{"@type":"EntryPoint","urlTemplate":"https:\/\/www.todoriego.com.ar\/site\/?s={search_term_string}"},"query-input":{"@type":"PropertyValueSpecification","valueRequired":true,"valueName":"search_term_string"}}],"inLanguage":"es-AR"},{"@type":"Organization","@id":"https:\/\/www.todoriego.com.ar\/site\/#organization","name":"Todoriego Insumos s.r.l.","url":"https:\/\/www.todoriego.com.ar\/site\/","logo":{"@type":"ImageObject","inLanguage":"es-AR","@id":"https:\/\/www.todoriego.com.ar\/site\/#\/schema\/logo\/image\/","url":"http:\/\/www.todoriego.com.ar\/site\/wp-content\/uploads\/2022\/07\/todoriego_marca.jpg","contentUrl":"http:\/\/www.todoriego.com.ar\/site\/wp-content\/uploads\/2022\/07\/todoriego_marca.jpg","width":731,"height":731,"caption":"Todoriego Insumos s.r.l."},"image":{"@id":"https:\/\/www.todoriego.com.ar\/site\/#\/schema\/logo\/image\/"},"sameAs":["https:\/\/www.facebook.com\/todoriegoinsumos\/","https:\/\/www.instagram.com\/todoriegoinsumos\/"]}]}},"_links":{"self":[{"href":"https:\/\/www.todoriego.com.ar\/site\/wp-json\/wp\/v2\/product\/9225","targetHints":{"allow":["GET"]}}],"collection":[{"href":"https:\/\/www.todoriego.com.ar\/site\/wp-json\/wp\/v2\/product"}],"about":[{"href":"https:\/\/www.todoriego.com.ar\/site\/wp-json\/wp\/v2\/types\/product"}],"wp:featuredmedia":[{"embeddable":true,"href":"https:\/\/www.todoriego.com.ar\/site\/wp-json\/wp\/v2\/media\/9219"}],"wp:attachment":[{"href":"https:\/\/www.todoriego.com.ar\/site\/wp-json\/wp\/v2\/media?parent=9225"}],"wp:term":[{"taxonomy":"product_brand","embeddable":true,"href":"https:\/\/www.todoriego.com.ar\/site\/wp-json\/wp\/v2\/product_brand?post=9225"},{"taxonomy":"product_cat","embeddable":true,"href":"https:\/\/www.todoriego.com.ar\/site\/wp-json\/wp\/v2\/product_cat?post=9225"},{"taxonomy":"product_tag","embeddable":true,"href":"https:\/\/www.todoriego.com.ar\/site\/wp-json\/wp\/v2\/product_tag?post=9225"}],"curies":[{"name":"wp","href":"https:\/\/api.w.org\/{rel}","templated":true}]}}