{"id":9415,"date":"2022-12-14T12:29:42","date_gmt":"2022-12-14T15:29:42","guid":{"rendered":"http:\/\/www.todoriego.com.ar\/site\/?post_type=product&#038;p=9415"},"modified":"2024-05-28T15:55:06","modified_gmt":"2024-05-28T18:55:06","slug":"turbo-bar-m","status":"publish","type":"product","link":"https:\/\/www.todoriego.com.ar\/site\/producto\/turbo-bar-m\/","title":{"rendered":"Turbo-BAR-M"},"content":{"rendered":"<p><strong>Caracter\u00edstica<\/strong><br \/>\n\u2022 TIPO WOLTMAN<\/p>\n<p><strong>Especificaciones<\/strong><\/p>\n<p>Los medidores de agua IR y TURBO-BAR tanto en sus versiones con registro el\u00e9ctrico como magn\u00e9tico, est\u00e1n dise\u00f1ados especialmente para trabajo en sistemas de operaci\u00f3n en condiciones duras, caudales altos y flujos de alta velocidad. Estos medidores pueden ser especificados en aplicaciones industriales, distribuci\u00f3n de agua, obras hidr\u00e1ulicas, medici\u00f3n de agua y en sistemas agr\u00edcolas.<br \/>\nLos medidores est\u00e1n basados en el principio WOLTMAN, con rueda superior en su versi\u00f3n IR (para aguas con potenciales s\u00f3lidos en suspensi\u00f3n) y aletas helicoidales en su versi\u00f3n TURBO-BAR, las cuales giran sobre un eje central paralelo a la direcci\u00f3n del agua en la tuber\u00eda conductora. IR y TURBO-BAR son productos de larga duraci\u00f3n, de mantenimiento f\u00e1cil y de bajos costos de operaci\u00f3n. El Nuevo registro electr\u00f3nico permite actualizar viejas versiones a lectura digital con doble salida de pulso.<\/p>\n","protected":false},"excerpt":{"rendered":"<p><img loading=\"lazy\" decoding=\"async\" class=\"alignnone size-full wp-image-8730\" src=\"https:\/\/www.todoriego.com.ar\/site\/wp-content\/uploads\/2022\/07\/bermad.png\" alt=\"bermad\" width=\"103\" height=\"50\" \/><\/p>\n<p>Estos Medidores de agua, tanto en sus versiones con registro el\u00e9ctrico como magn\u00e9tico est\u00e1n dise\u00f1ados especialmente para trabajo en sistemas de operaci\u00f3n en condiciones duras, caudales altos y flujos de alta velocidad.<\/p>\n<p>&nbsp;<\/p>\n","protected":false},"featured_media":9306,"template":"","meta":{"_acf_changed":false},"product_brand":[],"product_cat":[41,137],"product_tag":[],"class_list":{"0":"post-9415","1":"product","2":"type-product","3":"status-publish","4":"has-post-thumbnail","6":"product_cat-industrial","7":"product_cat-caudalimetros-industrial","9":"first","10":"instock","11":"featured","12":"shipping-taxable","13":"product-type-simple"},"acf":[],"yoast_head":"<!-- This site is optimized with the Yoast SEO plugin v27.4 - https:\/\/yoast.com\/product\/yoast-seo-wordpress\/ -->\n<title>Turbo-BAR-M - Todoriego Insumos SRL<\/title>\n<meta name=\"description\" content=\"Estos Medidores de agua, tanto en sus versiones con registro el\u00e9ctrico como magn\u00e9tico est\u00e1n dise\u00f1ados especialmente para trabajo en sistemas de operaci\u00f3n en condiciones duras, caudales altos y flujos de alta velocidad.\" \/>\n<meta name=\"robots\" content=\"index, follow, max-snippet:-1, max-image-preview:large, max-video-preview:-1\" \/>\n<link rel=\"canonical\" href=\"https:\/\/www.todoriego.com.ar\/site\/producto\/turbo-bar-m\/\" \/>\n<meta property=\"og:locale\" content=\"es_ES\" \/>\n<meta property=\"og:type\" content=\"article\" \/>\n<meta property=\"og:title\" content=\"Turbo-BAR-M - Todoriego Insumos SRL\" \/>\n<meta property=\"og:description\" content=\"Estos Medidores de agua, tanto en sus versiones con registro el\u00e9ctrico como magn\u00e9tico est\u00e1n dise\u00f1ados especialmente para trabajo en sistemas de operaci\u00f3n en condiciones duras, caudales altos y flujos de alta velocidad.\" \/>\n<meta property=\"og:url\" content=\"https:\/\/www.todoriego.com.ar\/site\/producto\/turbo-bar-m\/\" \/>\n<meta property=\"og:site_name\" content=\"Todoriego Insumos SRL\" \/>\n<meta property=\"article:publisher\" content=\"https:\/\/www.facebook.com\/todoriegoinsumos\/\" \/>\n<meta property=\"article:modified_time\" content=\"2024-05-28T18:55:06+00:00\" \/>\n<meta property=\"og:image\" content=\"https:\/\/www.todoriego.com.ar\/site\/wp-content\/uploads\/2022\/12\/productos_industrial_TURBO-BAR-M.jpg\" \/>\n\t<meta property=\"og:image:width\" content=\"600\" \/>\n\t<meta property=\"og:image:height\" content=\"600\" \/>\n\t<meta property=\"og:image:type\" content=\"image\/jpeg\" \/>\n<meta name=\"twitter:card\" content=\"summary_large_image\" \/>\n<meta name=\"twitter:label1\" content=\"Tiempo de lectura\" \/>\n\t<meta name=\"twitter:data1\" content=\"1 minuto\" \/>\n<script type=\"application\/ld+json\" class=\"yoast-schema-graph\">{\"@context\":\"https:\\\/\\\/schema.org\",\"@graph\":[{\"@type\":\"WebPage\",\"@id\":\"https:\\\/\\\/www.todoriego.com.ar\\\/site\\\/producto\\\/turbo-bar-m\\\/\",\"url\":\"https:\\\/\\\/www.todoriego.com.ar\\\/site\\\/producto\\\/turbo-bar-m\\\/\",\"name\":\"Turbo-BAR-M - Todoriego Insumos SRL\",\"isPartOf\":{\"@id\":\"https:\\\/\\\/www.todoriego.com.ar\\\/site\\\/#website\"},\"primaryImageOfPage\":{\"@id\":\"https:\\\/\\\/www.todoriego.com.ar\\\/site\\\/producto\\\/turbo-bar-m\\\/#primaryimage\"},\"image\":{\"@id\":\"https:\\\/\\\/www.todoriego.com.ar\\\/site\\\/producto\\\/turbo-bar-m\\\/#primaryimage\"},\"thumbnailUrl\":\"https:\\\/\\\/www.todoriego.com.ar\\\/site\\\/wp-content\\\/uploads\\\/2022\\\/12\\\/productos_industrial_TURBO-BAR-M.jpg\",\"datePublished\":\"2022-12-14T15:29:42+00:00\",\"dateModified\":\"2024-05-28T18:55:06+00:00\",\"description\":\"Estos Medidores de agua, tanto en sus versiones con registro el\u00e9ctrico como magn\u00e9tico est\u00e1n dise\u00f1ados especialmente para trabajo en sistemas de operaci\u00f3n en condiciones duras, caudales altos y flujos de alta velocidad.\",\"breadcrumb\":{\"@id\":\"https:\\\/\\\/www.todoriego.com.ar\\\/site\\\/producto\\\/turbo-bar-m\\\/#breadcrumb\"},\"inLanguage\":\"es-AR\",\"potentialAction\":[{\"@type\":\"ReadAction\",\"target\":[\"https:\\\/\\\/www.todoriego.com.ar\\\/site\\\/producto\\\/turbo-bar-m\\\/\"]}]},{\"@type\":\"ImageObject\",\"inLanguage\":\"es-AR\",\"@id\":\"https:\\\/\\\/www.todoriego.com.ar\\\/site\\\/producto\\\/turbo-bar-m\\\/#primaryimage\",\"url\":\"https:\\\/\\\/www.todoriego.com.ar\\\/site\\\/wp-content\\\/uploads\\\/2022\\\/12\\\/productos_industrial_TURBO-BAR-M.jpg\",\"contentUrl\":\"https:\\\/\\\/www.todoriego.com.ar\\\/site\\\/wp-content\\\/uploads\\\/2022\\\/12\\\/productos_industrial_TURBO-BAR-M.jpg\",\"width\":600,\"height\":600},{\"@type\":\"BreadcrumbList\",\"@id\":\"https:\\\/\\\/www.todoriego.com.ar\\\/site\\\/producto\\\/turbo-bar-m\\\/#breadcrumb\",\"itemListElement\":[{\"@type\":\"ListItem\",\"position\":1,\"name\":\"Inicio\",\"item\":\"https:\\\/\\\/www.todoriego.com.ar\\\/site\\\/\"},{\"@type\":\"ListItem\",\"position\":2,\"name\":\"Tienda\",\"item\":\"https:\\\/\\\/www.todoriego.com.ar\\\/site\\\/tienda\\\/\"},{\"@type\":\"ListItem\",\"position\":3,\"name\":\"Turbo-BAR-M\"}]},{\"@type\":\"WebSite\",\"@id\":\"https:\\\/\\\/www.todoriego.com.ar\\\/site\\\/#website\",\"url\":\"https:\\\/\\\/www.todoriego.com.ar\\\/site\\\/\",\"name\":\"Todoriego Insumos SRL\",\"description\":\"Sabemos hacer riego\",\"publisher\":{\"@id\":\"https:\\\/\\\/www.todoriego.com.ar\\\/site\\\/#organization\"},\"potentialAction\":[{\"@type\":\"SearchAction\",\"target\":{\"@type\":\"EntryPoint\",\"urlTemplate\":\"https:\\\/\\\/www.todoriego.com.ar\\\/site\\\/?s={search_term_string}\"},\"query-input\":{\"@type\":\"PropertyValueSpecification\",\"valueRequired\":true,\"valueName\":\"search_term_string\"}}],\"inLanguage\":\"es-AR\"},{\"@type\":\"Organization\",\"@id\":\"https:\\\/\\\/www.todoriego.com.ar\\\/site\\\/#organization\",\"name\":\"Todoriego Insumos s.r.l.\",\"url\":\"https:\\\/\\\/www.todoriego.com.ar\\\/site\\\/\",\"logo\":{\"@type\":\"ImageObject\",\"inLanguage\":\"es-AR\",\"@id\":\"https:\\\/\\\/www.todoriego.com.ar\\\/site\\\/#\\\/schema\\\/logo\\\/image\\\/\",\"url\":\"http:\\\/\\\/www.todoriego.com.ar\\\/site\\\/wp-content\\\/uploads\\\/2022\\\/07\\\/todoriego_marca.jpg\",\"contentUrl\":\"http:\\\/\\\/www.todoriego.com.ar\\\/site\\\/wp-content\\\/uploads\\\/2022\\\/07\\\/todoriego_marca.jpg\",\"width\":731,\"height\":731,\"caption\":\"Todoriego Insumos s.r.l.\"},\"image\":{\"@id\":\"https:\\\/\\\/www.todoriego.com.ar\\\/site\\\/#\\\/schema\\\/logo\\\/image\\\/\"},\"sameAs\":[\"https:\\\/\\\/www.facebook.com\\\/todoriegoinsumos\\\/\",\"https:\\\/\\\/www.instagram.com\\\/todoriegoinsumos\\\/\"]}]}<\/script>\n<!-- \/ Yoast SEO plugin. -->","yoast_head_json":{"title":"Turbo-BAR-M - Todoriego Insumos SRL","description":"Estos Medidores de agua, tanto en sus versiones con registro el\u00e9ctrico como magn\u00e9tico est\u00e1n dise\u00f1ados especialmente para trabajo en sistemas de operaci\u00f3n en condiciones duras, caudales altos y flujos de alta velocidad.","robots":{"index":"index","follow":"follow","max-snippet":"max-snippet:-1","max-image-preview":"max-image-preview:large","max-video-preview":"max-video-preview:-1"},"canonical":"https:\/\/www.todoriego.com.ar\/site\/producto\/turbo-bar-m\/","og_locale":"es_ES","og_type":"article","og_title":"Turbo-BAR-M - Todoriego Insumos SRL","og_description":"Estos Medidores de agua, tanto en sus versiones con registro el\u00e9ctrico como magn\u00e9tico est\u00e1n dise\u00f1ados especialmente para trabajo en sistemas de operaci\u00f3n en condiciones duras, caudales altos y flujos de alta velocidad.","og_url":"https:\/\/www.todoriego.com.ar\/site\/producto\/turbo-bar-m\/","og_site_name":"Todoriego Insumos SRL","article_publisher":"https:\/\/www.facebook.com\/todoriegoinsumos\/","article_modified_time":"2024-05-28T18:55:06+00:00","og_image":[{"width":600,"height":600,"url":"https:\/\/www.todoriego.com.ar\/site\/wp-content\/uploads\/2022\/12\/productos_industrial_TURBO-BAR-M.jpg","type":"image\/jpeg"}],"twitter_card":"summary_large_image","twitter_misc":{"Tiempo de lectura":"1 minuto"},"schema":{"@context":"https:\/\/schema.org","@graph":[{"@type":"WebPage","@id":"https:\/\/www.todoriego.com.ar\/site\/producto\/turbo-bar-m\/","url":"https:\/\/www.todoriego.com.ar\/site\/producto\/turbo-bar-m\/","name":"Turbo-BAR-M - Todoriego Insumos SRL","isPartOf":{"@id":"https:\/\/www.todoriego.com.ar\/site\/#website"},"primaryImageOfPage":{"@id":"https:\/\/www.todoriego.com.ar\/site\/producto\/turbo-bar-m\/#primaryimage"},"image":{"@id":"https:\/\/www.todoriego.com.ar\/site\/producto\/turbo-bar-m\/#primaryimage"},"thumbnailUrl":"https:\/\/www.todoriego.com.ar\/site\/wp-content\/uploads\/2022\/12\/productos_industrial_TURBO-BAR-M.jpg","datePublished":"2022-12-14T15:29:42+00:00","dateModified":"2024-05-28T18:55:06+00:00","description":"Estos Medidores de agua, tanto en sus versiones con registro el\u00e9ctrico como magn\u00e9tico est\u00e1n dise\u00f1ados especialmente para trabajo en sistemas de operaci\u00f3n en condiciones duras, caudales altos y flujos de alta velocidad.","breadcrumb":{"@id":"https:\/\/www.todoriego.com.ar\/site\/producto\/turbo-bar-m\/#breadcrumb"},"inLanguage":"es-AR","potentialAction":[{"@type":"ReadAction","target":["https:\/\/www.todoriego.com.ar\/site\/producto\/turbo-bar-m\/"]}]},{"@type":"ImageObject","inLanguage":"es-AR","@id":"https:\/\/www.todoriego.com.ar\/site\/producto\/turbo-bar-m\/#primaryimage","url":"https:\/\/www.todoriego.com.ar\/site\/wp-content\/uploads\/2022\/12\/productos_industrial_TURBO-BAR-M.jpg","contentUrl":"https:\/\/www.todoriego.com.ar\/site\/wp-content\/uploads\/2022\/12\/productos_industrial_TURBO-BAR-M.jpg","width":600,"height":600},{"@type":"BreadcrumbList","@id":"https:\/\/www.todoriego.com.ar\/site\/producto\/turbo-bar-m\/#breadcrumb","itemListElement":[{"@type":"ListItem","position":1,"name":"Inicio","item":"https:\/\/www.todoriego.com.ar\/site\/"},{"@type":"ListItem","position":2,"name":"Tienda","item":"https:\/\/www.todoriego.com.ar\/site\/tienda\/"},{"@type":"ListItem","position":3,"name":"Turbo-BAR-M"}]},{"@type":"WebSite","@id":"https:\/\/www.todoriego.com.ar\/site\/#website","url":"https:\/\/www.todoriego.com.ar\/site\/","name":"Todoriego Insumos SRL","description":"Sabemos hacer riego","publisher":{"@id":"https:\/\/www.todoriego.com.ar\/site\/#organization"},"potentialAction":[{"@type":"SearchAction","target":{"@type":"EntryPoint","urlTemplate":"https:\/\/www.todoriego.com.ar\/site\/?s={search_term_string}"},"query-input":{"@type":"PropertyValueSpecification","valueRequired":true,"valueName":"search_term_string"}}],"inLanguage":"es-AR"},{"@type":"Organization","@id":"https:\/\/www.todoriego.com.ar\/site\/#organization","name":"Todoriego Insumos s.r.l.","url":"https:\/\/www.todoriego.com.ar\/site\/","logo":{"@type":"ImageObject","inLanguage":"es-AR","@id":"https:\/\/www.todoriego.com.ar\/site\/#\/schema\/logo\/image\/","url":"http:\/\/www.todoriego.com.ar\/site\/wp-content\/uploads\/2022\/07\/todoriego_marca.jpg","contentUrl":"http:\/\/www.todoriego.com.ar\/site\/wp-content\/uploads\/2022\/07\/todoriego_marca.jpg","width":731,"height":731,"caption":"Todoriego Insumos s.r.l."},"image":{"@id":"https:\/\/www.todoriego.com.ar\/site\/#\/schema\/logo\/image\/"},"sameAs":["https:\/\/www.facebook.com\/todoriegoinsumos\/","https:\/\/www.instagram.com\/todoriegoinsumos\/"]}]}},"_links":{"self":[{"href":"https:\/\/www.todoriego.com.ar\/site\/wp-json\/wp\/v2\/product\/9415","targetHints":{"allow":["GET"]}}],"collection":[{"href":"https:\/\/www.todoriego.com.ar\/site\/wp-json\/wp\/v2\/product"}],"about":[{"href":"https:\/\/www.todoriego.com.ar\/site\/wp-json\/wp\/v2\/types\/product"}],"wp:featuredmedia":[{"embeddable":true,"href":"https:\/\/www.todoriego.com.ar\/site\/wp-json\/wp\/v2\/media\/9306"}],"wp:attachment":[{"href":"https:\/\/www.todoriego.com.ar\/site\/wp-json\/wp\/v2\/media?parent=9415"}],"wp:term":[{"taxonomy":"product_brand","embeddable":true,"href":"https:\/\/www.todoriego.com.ar\/site\/wp-json\/wp\/v2\/product_brand?post=9415"},{"taxonomy":"product_cat","embeddable":true,"href":"https:\/\/www.todoriego.com.ar\/site\/wp-json\/wp\/v2\/product_cat?post=9415"},{"taxonomy":"product_tag","embeddable":true,"href":"https:\/\/www.todoriego.com.ar\/site\/wp-json\/wp\/v2\/product_tag?post=9415"}],"curies":[{"name":"wp","href":"https:\/\/api.w.org\/{rel}","templated":true}]}}